{"id":130,"date":"2017-02-04T00:23:28","date_gmt":"2017-02-03T19:23:28","guid":{"rendered":"https:\/\/ozapato.com\/do\/?post_type=product&#038;p=130"},"modified":"2024-02-17T01:52:46","modified_gmt":"2024-02-16T20:52:46","slug":"grip","status":"publish","type":"product","link":"https:\/\/ozapato.com\/do\/producto\/grip\/","title":{"rendered":"Grip"},"content":{"rendered":"<p>[vc_row][vc_column width=\u00bb1\/6&#8243;][vc_column_text]<\/p>\n<p>[\/vc_column_text][\/vc_column][vc_column width=\u00bb2\/3&#8243;][vc_column_text]<\/p>\n<ul>\n<li><span style=\"color: #000000;\"><strong>\u00a0Grip<\/strong> Botas para<strong> mec\u00e1nico.<\/strong><\/span><\/li>\n<li><span style=\"color: #000000;\">Suela 100% Slip, excelente antideslizante. Suela que proporciona una mejor tracci\u00f3n en todas las superficies<\/span><\/li>\n<li><span style=\"color: #000000;\">Suela resistente a la humedad y a los aceites \u2013 Oil resistant<\/span><\/li>\n<li><span style=\"color: #000000;\">Plantilla antiperforaci\u00f3n Multi-Protective certificada ISO y ASTM<\/span><\/li>\n<li><span style=\"color: #000000;\">Ultra-flex technology. Calzado super-flexible<\/span><\/li>\n<li><span style=\"color: #000000;\">Suela antifatiga con absorci\u00f3n de impactos<\/span><\/li>\n<li><span style=\"color: #000000;\">100% Cuero con tecnolog\u00eda waterproof, 100% resistente al agua<\/span><\/li>\n<li><span style=\"color: #000000;\">Puntera de acero certificada, resistente a m\u00e1s de 2 toneladas (Norma ASTM 2412-2413)<\/span><\/li>\n<li><span style=\"color: #000000;\">Construcci\u00f3n: calzado cosido en lockstitch<\/span><\/li>\n<li><span style=\"color: #000000;\">Altura de 5 pulgadas<\/span><\/li>\n<li><span style=\"color: #000000;\">Garant\u00eda de 4 meses<\/span><\/li>\n<li><span style=\"color: #000000;\"><a style=\"color: #000000;\" href=\"https:\/\/drive.google.com\/file\/d\/0BxLMCBItNK5UaW9ORzdCSEFTSkk\/view?usp=sharing\" target=\"_blank\" rel=\"noopener noreferrer\">\u00a0Ficha t\u00e9cnica<\/a><\/span><\/li>\n<\/ul>\n<p>[\/vc_column_text][\/vc_column][vc_column width=\u00bb1\/6&#8243;][\/vc_column][\/vc_row][vc_row][vc_column][vc_separator][\/vc_column][\/vc_row][vc_row][vc_column][vc_masonry_media_grid grid_id=\u00bbvc_gid:1615713468326-ec63d9d0-6845-0&#8243; include=\u00bb5962,7765,5963&#8243;][\/vc_column][\/vc_row][vc_row][vc_column][vc_separator][\/vc_column][\/vc_row][vc_row][vc_column][vc_row_inner type=\u00bbboxed\u00bb css=\u00bb.vc_custom_1587739793293{margin-top: 35px !important;background-color: #000000 !important;}\u00bb][vc_column_inner width=\u00bb1\/3&#8243;][vc_column_text css=\u00bb.vc_custom_1587739759442{margin-right: 30px !important;margin-left: 30px !important;padding-right: 30px !important;padding-left: 30px !important;}\u00bb]<\/p>\n<h4><span style=\"color: #ffffff;\"><strong>Suela mar\u00edtima<\/strong><\/span><\/h4>\n<p><span style=\"color: #ffffff;\">Suela OZAPATO desarrollada para la industria mar\u00edtima que ofrece un mejor agarre en sueos mojados y met\u00e1licos. Ideal para barcos, puentes, plataformas met\u00e1licas, superficies lisas. Resistente a hidrocarburos y diesel.<\/span>[\/vc_column_text][\/vc_column_inner][vc_column_inner width=\u00bb1\/3&#8243;][vc_column_text css=\u00bb.vc_custom_1587739768801{margin-right: 30px !important;margin-left: 30px !important;padding-right: 30px !important;padding-left: 30px !important;}\u00bb]<\/p>\n<h4><span style=\"color: #ffffff;\"><strong>Construcci\u00f3n lockstitch<\/strong><\/span><\/h4>\n<p><span style=\"color: #ffffff;\">Bota cosida en lockstitch, ofreciendo una mayor durabilidad en un clima h\u00famedo.<\/span>[\/vc_column_text][\/vc_column_inner][vc_column_inner width=\u00bb1\/3&#8243;][vc_column_text css=\u00bb.vc_custom_1587739776809{margin-right: 30px !important;margin-left: 30px !important;padding-right: 30px !important;padding-left: 30px !important;}\u00bb]<\/p>\n<h4><span style=\"color: #ffffff;\"><strong>Antiperforaci\u00f3n<\/strong><\/span><\/h4>\n<p><span style=\"color: #ffffff;\">Plantilla antiperforaci\u00f3n textil certificada ASTM e ISO. Plantilla libre de metal. Ofrece una mayor flexibilidad, ergonom\u00eda y frescura.<\/span>[\/vc_column_text][\/vc_column_inner][\/vc_row_inner][\/vc_column][\/vc_row][vc_row][vc_column][vc_separator][\/vc_column][\/vc_row][vc_row type=\u00bbboxed\u00bb][vc_column][vc_cta h2=\u00bb\u00bb css=\u00bb.vc_custom_1587739953140{background-color: #dd3333 !important;}\u00bb]<\/p>\n<h4 style=\"text-align: center;\"><span style=\"color: #ffffff;\">\u00bfInteresado en Botas para Mec\u00e1nicos? Recibe una cotizaci\u00f3n en 24 horas.<\/span><\/h4>\n<p>[\/vc_cta][\/vc_column][\/vc_row][vc_row type=\u00bbboxed\u00bb][vc_column][vc_column_text]<iframe loading=\"lazy\" height=\"800px\" width=\"100%\" frameborder=\"0\" allow=\"geolocation;microphone;camera\" src=\"https:\/\/forms.zohopublic.com\/virtualoffice9264\/form\/DOWebForm\/formperma\/2PUNSz-FHS52-Qjw5AHyrOpRv6nst-23hAaLr94PVEk\"> <\/iframe>[\/vc_column_text][\/vc_column][\/vc_row][vc_row][vc_column][vc_separator][\/vc_column][\/vc_row][vc_row type=\u00bbboxed\u00bb][vc_column width=\u00bb1\/6&#8243;][\/vc_column][vc_column width=\u00bb2\/3&#8243;][vc_column_text]<\/p>\n<h3 style=\"text-align: center;\"><span style=\"color: #000000;\"><strong>\u00a1BOTAS\u00a0 PARA MEC\u00c1NICO!<\/strong><\/span><\/h3>\n<p><span style=\"color: #000000;\"><span class=\"emoji\">\u00a0<a style=\"color: #000000;\" href=\"https:\/\/emojipedia.org\/hiking-boot\/\" target=\"_blank\" rel=\"noopener\">\ud83e\udd7e\u00a0\u00a0<\/a><\/span>Grip 01,<strong>son botas para mec\u00e1nico con suelas\u00a0 antifatiga resistentes a qu\u00edmicos y aceites. cosidas con Lockstitch. Y\u00a0<\/strong> son refecctivos en la parte posterior.<\/span><\/p>\n<h5 style=\"text-align: center;\"><span style=\"color: #000000;\"><strong>\u00bfQU\u00c9 HACEMOS?<\/strong><\/span><\/h5>\n<p><span style=\"color: #000000;\">OZAPATO es una marca de calzado ubicada en Pachuca, M\u00e9xico. Fabricamos botas de seguridad industrial y contamos con presencia en<strong> Rep\u00fablica Dominicana<\/strong>, M\u00e9xico, Panam\u00e1 y Estados Unidos. Hemos aprendido a lo largo de los a\u00f1os como fabricar botas de seguridad con calidad y de manera responsable. En <strong>Rep\u00fablica Dominicana<\/strong>, nuestra l\u00ednea industrial cuenta con botas de seguridad, botas de seguridad diel\u00e9ctricas y botas t\u00e1cticas. Descubra nuestras botas de seguridad industrial para la<a style=\"color: #000000;\" href=\"https:\/\/ozapato.com\/do\/industria-maritima\/\"> industria mar\u00edtima.<\/a><\/span><\/p>\n<h5 style=\"text-align: center;\"><span style=\"color: #000000;\"><strong>\u00bfC\u00d3MO LO HACEMOS?<\/strong><\/span><\/h5>\n<p><span style=\"color: #000000;\">Todas nuestras botas de seguridad industrial son fabricadas con materiales de alta calidad. Tenga la confianza que sus pies estar\u00e1n protegidos en cada momento. Estamos tan seguros de la calidad de nuestros modelos de botas de seguridad industrial que ofrecemos una <strong>garant\u00eda de 4 meses y hasta 6 meses<\/strong> para las botas de seguridad m\u00e1s premium. Adem\u00e1s ofrecemos un servicio de<strong> entrega en 24 horas.<\/strong><\/span><\/p>\n<h5 style=\"text-align: center;\"><span style=\"color: #000000;\"><strong>\u00bfPOR QU\u00c9 LO HACEMOS?<\/strong><\/span><\/h5>\n<p><span style=\"color: #000000;\"><a style=\"color: #000000;\" href=\"http:\/\/www.ozapato.com\">OZAPATO<\/a> naci\u00f3 con la idea de servir a la comunidad local. La producci\u00f3n de nuestras<a style=\"color: #000000;\" href=\"https:\/\/ozapato.com\/do\/zapatos-de-construccion\/\"> botas de seguridad industrial<\/a> es un proceso transparente que sustenta el balance socio econ\u00f3mico de la comunidad a la que pertenece.<\/span><\/p>\n<p><span style=\"color: #000000;\">El valor m\u00e1s importante de <strong>OZAPATO<\/strong> es la entrega directa hasta el cliente. Evitamos todos los intermediarios que no a\u00f1aden valor a nuestros consumidores. Cada etapa de la fabricaci\u00f3n de <a style=\"color: #000000;\" href=\"https:\/\/ozapato.com\/do\/botas-de-trabajo\/\"><strong>calzados de\u00a0 protecci\u00f3n<\/strong> <\/a>industrial debe beneficiar a la gente que fabrica el calzado.<\/span><\/p>\n<p><span style=\"color: #000000;\">A nuestro equipo le apasiona desarrollar botas de seguridad en un <strong>ambiente social y econ\u00f3mico justo<\/strong>. Queremos que nuestros clientes conf\u00eden en que no s\u00f3lo compran botas bien hechas y de buena calidad, sino que tambi\u00e9n cada persona incluida en la cadena de suministro reciba un trato justo en el momento de realizar su trabajo.<\/span>[\/vc_column_text][\/vc_column][vc_column width=\u00bb1\/6&#8243;][\/vc_column][\/vc_row][vc_row][vc_column][vc_separator][\/vc_column][\/vc_row][vc_row][vc_column][vc_column_text]\n<div id=\"sb_instagram\"  class=\"sbi sbi_mob_col_1 sbi_tab_col_2 sbi_col_4\" style=\"padding-bottom: 10px; width: 100%;\"\t data-feedid=\"sbi_17841401193873551#8\"  data-res=\"auto\" data-cols=\"4\" data-colsmobile=\"1\" data-colstablet=\"2\" data-num=\"8\" data-nummobile=\"\" data-item-padding=\"5\"\t data-shortcode-atts=\"{}\"  data-postid=\"130\" data-locatornonce=\"5f41f42bcb\" data-imageaspectratio=\"1:1\" data-sbi-flags=\"favorLocal,gdpr\">\n\t\n\t<div id=\"sbi_images\"  style=\"gap: 10px;\">\n\t\t\t<\/div>\n\n\t<div id=\"sbi_load\" >\n\n\t\n\t\t\t<span class=\"sbi_follow_btn\" >\n\t\t\t<a target=\"_blank\" rel=\"nofollow noopener\" href=\"https:\/\/www.instagram.com\/17841401193873551\/\">\n\t\t\t\t<svg class=\"svg-inline--fa fa-instagram fa-w-14\" aria-hidden=\"true\" data-fa-processed=\"\" aria-label=\"Instagram\" data-prefix=\"fab\" data-icon=\"instagram\" role=\"img\" viewBox=\"0 0 448 512\">\n                    <path fill=\"currentColor\" d=\"M224.1 141c-63.6 0-114.9 51.3-114.9 114.9s51.3 114.9 114.9 114.9S339 319.5 339 255.9 287.7 141 224.1 141zm0 189.6c-41.1 0-74.7-33.5-74.7-74.7s33.5-74.7 74.7-74.7 74.7 33.5 74.7 74.7-33.6 74.7-74.7 74.7zm146.4-194.3c0 14.9-12 26.8-26.8 26.8-14.9 0-26.8-12-26.8-26.8s12-26.8 26.8-26.8 26.8 12 26.8 26.8zm76.1 27.2c-1.7-35.9-9.9-67.7-36.2-93.9-26.2-26.2-58-34.4-93.9-36.2-37-2.1-147.9-2.1-184.9 0-35.8 1.7-67.6 9.9-93.9 36.1s-34.4 58-36.2 93.9c-2.1 37-2.1 147.9 0 184.9 1.7 35.9 9.9 67.7 36.2 93.9s58 34.4 93.9 36.2c37 2.1 147.9 2.1 184.9 0 35.9-1.7 67.7-9.9 93.9-36.2 26.2-26.2 34.4-58 36.2-93.9 2.1-37 2.1-147.8 0-184.8zM398.8 388c-7.8 19.6-22.9 34.7-42.6 42.6-29.5 11.7-99.5 9-132.1 9s-102.7 2.6-132.1-9c-19.6-7.8-34.7-22.9-42.6-42.6-11.7-29.5-9-99.5-9-132.1s-2.6-102.7 9-132.1c7.8-19.6 22.9-34.7 42.6-42.6 29.5-11.7 99.5-9 132.1-9s102.7-2.6 132.1 9c19.6 7.8 34.7 22.9 42.6 42.6 11.7 29.5 9 99.5 9 132.1s2.7 102.7-9 132.1z\"><\/path>\n                <\/svg>\t\t\t\t<span>Seguir en Instagram<\/span>\n\t\t\t<\/a>\n\t\t<\/span>\n\t\n<\/div>\n\t\t<span class=\"sbi_resized_image_data\" data-feed-id=\"sbi_17841401193873551#8\"\n\t\t  data-resized=\"[]\">\n\t<\/span>\n\t<\/div>\n\n[\/vc_column_text][\/vc_column][\/vc_row]<\/p>\n","protected":false},"excerpt":{"rendered":"<p><a href=\"https:\/\/emojipedia.org\/hiking-boot\/\"><span class=\"emoji\">\ud83e\udd7e\u00a0<\/span><\/a><span style=\"color: #000000;\">Grip 01 son <strong>botas para mec\u00e1nico<\/strong>\u00a0con suelas\u00a0 antifatiga resistentes a qu\u00edmicos y aceites. cosidas con Lockstitch. Y\u00a0 son refecctivos.<\/span><\/p>\n","protected":false},"featured_media":7766,"comment_status":"open","ping_status":"closed","template":"","meta":[],"product_brand":[],"product_cat":[27,6,8,10],"product_tag":[],"class_list":{"0":"post-130","1":"product","2":"type-product","3":"status-publish","4":"has-post-thumbnail","6":"product_cat-botas-de-taller-mecanico","7":"product_cat-industrial","8":"product_cat-portuaria","9":"product_cat-todoterreno","11":"first","12":"onbackorder","13":"taxable","14":"shipping-taxable","15":"product-type-simple"},"_links":{"self":[{"href":"https:\/\/ozapato.com\/do\/wp-json\/wp\/v2\/product\/130","targetHints":{"allow":["GET"]}}],"collection":[{"href":"https:\/\/ozapato.com\/do\/wp-json\/wp\/v2\/product"}],"about":[{"href":"https:\/\/ozapato.com\/do\/wp-json\/wp\/v2\/types\/product"}],"replies":[{"embeddable":true,"href":"https:\/\/ozapato.com\/do\/wp-json\/wp\/v2\/comments?post=130"}],"wp:featuredmedia":[{"embeddable":true,"href":"https:\/\/ozapato.com\/do\/wp-json\/wp\/v2\/media\/7766"}],"wp:attachment":[{"href":"https:\/\/ozapato.com\/do\/wp-json\/wp\/v2\/media?parent=130"}],"wp:term":[{"taxonomy":"product_brand","embeddable":true,"href":"https:\/\/ozapato.com\/do\/wp-json\/wp\/v2\/product_brand?post=130"},{"taxonomy":"product_cat","embeddable":true,"href":"https:\/\/ozapato.com\/do\/wp-json\/wp\/v2\/product_cat?post=130"},{"taxonomy":"product_tag","embeddable":true,"href":"https:\/\/ozapato.com\/do\/wp-json\/wp\/v2\/product_tag?post=130"}],"curies":[{"name":"wp","href":"https:\/\/api.w.org\/{rel}","templated":true}]}}