{"id":4921,"date":"2017-02-20T21:33:58","date_gmt":"2017-02-20T16:33:58","guid":{"rendered":"https:\/\/ozapato.com\/do\/?post_type=product&#038;p=4921"},"modified":"2020-11-16T21:13:15","modified_gmt":"2020-11-16T16:13:15","slug":"spark-9","status":"publish","type":"product","link":"https:\/\/ozapato.com\/do\/producto\/spark-9\/","title":{"rendered":"Spark 01"},"content":{"rendered":"<p>[vc_row][vc_column width=\u00bb1\/6&#8243;][vc_column_text]<\/p>\n<p>[\/vc_column_text][\/vc_column][vc_column width=\u00bb2\/3&#8243;][vc_column_text]<\/p>\n<ul>\n<li><span style=\"color: #000000\">Botas para soldadores dise\u00f1adas para Rep\u00fablica Dominicana.<\/span><\/li>\n<li><span style=\"color: #000000\">Suela Slip and Oil Resistant, excelente antideslizante. Suela que proporciona una mejor tracci\u00f3n en todas las superficies.<\/span><\/li>\n<li><span style=\"color: #000000\">Aporta flexibilidad y confort en la pisada.<\/span><\/li>\n<li><span style=\"color: #000000\">Plantilla antiperforaci\u00f3n Multi-Protective certificada ASTM e ISO.<\/span><\/li>\n<li><span style=\"color: #000000\">Ultra-flex technology. Calzado s\u00faper flexible.<\/span><\/li>\n<li><span style=\"color: #000000\">Suela resistente a la humedad.<\/span><\/li>\n<li><span style=\"color: #000000\">100% cuero con tecnolog\u00eda waterproof, 100% resistente al agua.<\/span><\/li>\n<li><span style=\"color: #000000\">Puntera de c\u00f3mposit certificada, resitente a m\u00e1s de 2 toneladas (Norma ASTM 2412-2413).<\/span><\/li>\n<li><span style=\"color: #000000\">Construcci\u00f3n: calzado cosido en lockStitch.<\/span><\/li>\n<li><span style=\"color: #000000\">Altura de 9 pulgadas<\/span><\/li>\n<li><span style=\"color: #000000\"><a style=\"color: #000000\" href=\"https:\/\/workdrive.zohopublic.com\/external\/6Ol2VXoNe86-JqO1d\/download\" target=\"_blank\" rel=\"noopener\">Ficha T\u00e9cnica\u00a0<\/a><\/span><\/li>\n<\/ul>\n<p>[\/vc_column_text][\/vc_column][vc_column width=\u00bb1\/6&#8243;][\/vc_column][\/vc_row][vc_row][vc_column][vc_separator][\/vc_column][\/vc_row][vc_row type=\u00bbboxed\u00bb][vc_column width=\u00bb1\/6&#8243;][\/vc_column][vc_column width=\u00bb2\/3&#8243;][vc_media_grid grid_id=\u00bbvc_gid:1587727298344-e2dbe351-40f8-7&#8243; include=\u00bb5986,5968,5954&#8243;][\/vc_column][vc_column width=\u00bb1\/6&#8243;][\/vc_column][\/vc_row][vc_row type=\u00bbboxed\u00bb css=\u00bb.vc_custom_1587727322149{background-color: #000000 !important;}\u00bb][vc_column width=\u00bb1\/4&#8243;][vc_column_text]<\/p>\n<h4 style=\"text-align: center\"><span style=\"color: #ffffff\"><strong>Lockstitch<\/strong><\/span><\/h4>\n<p><span style=\"color: #ffffff\">Suela OZAPATO slip and oil resistant. Apta para exposiciones el\u00e9ctricas.<\/span>[\/vc_column_text][\/vc_column][vc_column width=\u00bb1\/2&#8243;][vc_column_text]<\/p>\n<h4 style=\"text-align: center\"><span style=\"color: #ffffff\"><strong>Seguridad<\/strong><\/span><\/h4>\n<p><span style=\"color: #ffffff\">Calzado de seguridad con garant\u00eda de 6 meses.<\/span>[\/vc_column_text][\/vc_column][vc_column width=\u00bb1\/4&#8243;][vc_column_text]<\/p>\n<h4 style=\"text-align: center\"><span style=\"color: #ffffff\"><strong>Antiperforaci\u00f3n<\/strong><\/span><\/h4>\n<p><span style=\"color: #ffffff\">Plantilla antiperforaci\u00f3n textil certificada ASTM e ISO. Ofrece una mayor flexibilidad, ergonom\u00eda y frescura.<\/span>[\/vc_column_text][\/vc_column][\/vc_row][vc_row][vc_column][vc_separator][\/vc_column][\/vc_row][vc_row type=\u00bbboxed\u00bb][vc_column width=\u00bb1\/6&#8243;][\/vc_column][vc_column width=\u00bb2\/3&#8243;][vc_column_text]<\/p>\n<h3 style=\"text-align: center\"><\/h3>\n<h3 style=\"text-align: center\"><span style=\"color: #000000\"><strong>BOTAS PARA SOLDADOR<\/strong><\/span><\/h3>\n<p><span style=\"color: #000000\"><strong>\ud83d\udca5Spark 01<\/strong>, son botas\u00a0 para <a style=\"color: #000000\" href=\"https:\/\/ozapato.com\/do\/producto\/grip\/\">soldadores<\/a>, fabricada con cuero graso, Waterproof y Goodyeard Welt, con suelas resistentes a los qu\u00edmicos y alta abrasi\u00f3n.<\/span><\/p>\n<h5 style=\"text-align: center\"><span style=\"color: #000000\"><strong>\u00bfQU\u00c9 HACEMOS?<\/strong><\/span><\/h5>\n<p style=\"text-align: left\"><span style=\"color: #000000\">OZAPATO es una marca de botas de seguridad para soldador ubicada en <strong>Rep\u00fablica Dominicana<\/strong>. Hemos aprendido a lo largo de los a\u00f1os, c\u00f3mo fabricar productos de alta calidad de manera responsable. Producimos y distribuimos nuestros productos en <a style=\"color: #000000\" href=\"https:\/\/es.wikipedia.org\/wiki\/M%C3%A9xico\" target=\"_blank\" rel=\"noopener\">M\u00e9xico<\/a>, Panam\u00e1 y Estados Unidos. En Rep\u00fablica Dominicana, contamos con una l\u00ednea de botas y zapatillas de cuero y una l\u00ednea de botas de seguridad para soldador.<\/span><\/p>\n<h5 style=\"text-align: center\"><span style=\"color: #000000\"><strong>\u00bfC\u00d3MO LO HACEMOS?<\/strong><\/span><\/h5>\n<p style=\"text-align: justify\"><span style=\"color: #000000\">Todas nuestras botas de seguridad industrial son fabricadas con materiales de <strong>alta calidad<\/strong>. Tenga la confianza que sus pies estar\u00e1n protegidos en cada momento. Estamos tan <strong>seguros de la calidad de nuestros modelos<\/strong> de botas de seguridad industrial que ofrecemos una <strong>garant\u00eda de 4 meses y hasta 6 meses<\/strong> para las botas de seguridad m\u00e1s premium. Adem\u00e1s ofrecemos un servicio de <strong>entrega en 24 horas.<\/strong><\/span><\/p>\n<h5 style=\"text-align: center\"><span style=\"color: #000000\"><strong>\u00bfPOR QU\u00c9 LO HACEMOS?<\/strong><\/span><\/h5>\n<p style=\"text-align: justify\"><span style=\"color: #000000\"><strong>OZAPATO<\/strong> naci\u00f3 con la idea de servir a la comunidad local. La producci\u00f3n de nuestras botas de seguridad industrial es un proceso transparente que sustenta el balance socio econ\u00f3mico de la comunidad a la que pertenece.<\/span><\/p>\n<p style=\"text-align: justify\"><span style=\"color: #000000\">El valor m\u00e1s importante de<a style=\"color: #000000\" href=\"http:\/\/www.ozapato.com\"> OZAPATO<\/a> es la entrega directa hasta el cliente. Evitamos todos los intermediarios que no a\u00f1aden valor a nuestros consumidores. Cada etapa de la fabricaci\u00f3n de botas de seguridad industrial debe beneficiar a la gente que fabrica el calzado.<\/span><\/p>\n<p style=\"text-align: justify\"><span style=\"color: #000000\">A nuestro equipo le apasiona desarrollar <strong>botas de seguridad<\/strong> en un ambiente social y econ\u00f3mico justo. Queremos que nuestros clientes conf\u00eden en que no s\u00f3lo compran botas bien hechas y de buena calidad, sino que tambi\u00e9n cada persona incluida en la cadena de suministro reciba un trato justo en el momento de realizar su<strong> trabajo<\/strong>.<\/span><\/p>\n<p>[\/vc_column_text][\/vc_column][vc_column width=\u00bb1\/6&#8243;][\/vc_column][\/vc_row][vc_row][vc_column][vc_separator][\/vc_column][\/vc_row][vc_row type=\u00bbboxed\u00bb][vc_column][vc_cta h2=\u00bb\u00bb css=\u00bb.vc_custom_1587726276353{background-color: #dd3333 !important;}\u00bb]<\/p>\n<h4 style=\"text-align: center\"><span style=\"color: #ffffff\">\u00bfInteresado? Recibe una cotizaci\u00f3n en 24 horas.<\/span><\/h4>\n<p>[\/vc_cta][vc_column_text]<iframe loading=\"lazy\" height=\"800px\" width=\"100%\" frameborder=\"0\" allow=\"geolocation;microphone;camera\" src=\"https:\/\/forms.zohopublic.com\/virtualoffice9264\/form\/DOWebForm\/formperma\/2PUNSz-FHS52-Qjw5AHyrOpRv6nst-23hAaLr94PVEk\"> <\/iframe>[\/vc_column_text][\/vc_column][\/vc_row][vc_row][vc_column][vc_column_text]\n<div id=\"sb_instagram\"  class=\"sbi sbi_mob_col_1 sbi_tab_col_2 sbi_col_4\" style=\"padding-bottom: 10px; width: 100%;\"\t data-feedid=\"sbi_17841401193873551#8\"  data-res=\"auto\" data-cols=\"4\" data-colsmobile=\"1\" data-colstablet=\"2\" data-num=\"8\" data-nummobile=\"\" data-item-padding=\"5\"\t data-shortcode-atts=\"{}\"  data-postid=\"4921\" data-locatornonce=\"3d90645904\" data-imageaspectratio=\"1:1\" data-sbi-flags=\"favorLocal,gdpr\">\n\t\n\t<div id=\"sbi_images\"  style=\"gap: 10px;\">\n\t\t\t<\/div>\n\n\t<div id=\"sbi_load\" >\n\n\t\n\t\t\t<span class=\"sbi_follow_btn\" >\n\t\t\t<a target=\"_blank\" rel=\"nofollow noopener\" href=\"https:\/\/www.instagram.com\/17841401193873551\/\">\n\t\t\t\t<svg class=\"svg-inline--fa fa-instagram fa-w-14\" aria-hidden=\"true\" data-fa-processed=\"\" aria-label=\"Instagram\" data-prefix=\"fab\" data-icon=\"instagram\" role=\"img\" viewBox=\"0 0 448 512\">\n                    <path fill=\"currentColor\" d=\"M224.1 141c-63.6 0-114.9 51.3-114.9 114.9s51.3 114.9 114.9 114.9S339 319.5 339 255.9 287.7 141 224.1 141zm0 189.6c-41.1 0-74.7-33.5-74.7-74.7s33.5-74.7 74.7-74.7 74.7 33.5 74.7 74.7-33.6 74.7-74.7 74.7zm146.4-194.3c0 14.9-12 26.8-26.8 26.8-14.9 0-26.8-12-26.8-26.8s12-26.8 26.8-26.8 26.8 12 26.8 26.8zm76.1 27.2c-1.7-35.9-9.9-67.7-36.2-93.9-26.2-26.2-58-34.4-93.9-36.2-37-2.1-147.9-2.1-184.9 0-35.8 1.7-67.6 9.9-93.9 36.1s-34.4 58-36.2 93.9c-2.1 37-2.1 147.9 0 184.9 1.7 35.9 9.9 67.7 36.2 93.9s58 34.4 93.9 36.2c37 2.1 147.9 2.1 184.9 0 35.9-1.7 67.7-9.9 93.9-36.2 26.2-26.2 34.4-58 36.2-93.9 2.1-37 2.1-147.8 0-184.8zM398.8 388c-7.8 19.6-22.9 34.7-42.6 42.6-29.5 11.7-99.5 9-132.1 9s-102.7 2.6-132.1-9c-19.6-7.8-34.7-22.9-42.6-42.6-11.7-29.5-9-99.5-9-132.1s-2.6-102.7 9-132.1c7.8-19.6 22.9-34.7 42.6-42.6 29.5-11.7 99.5-9 132.1-9s102.7-2.6 132.1 9c19.6 7.8 34.7 22.9 42.6 42.6 11.7 29.5 9 99.5 9 132.1s2.7 102.7-9 132.1z\"><\/path>\n                <\/svg>\t\t\t\t<span>Seguir en Instagram<\/span>\n\t\t\t<\/a>\n\t\t<\/span>\n\t\n<\/div>\n\t\t<span class=\"sbi_resized_image_data\" data-feed-id=\"sbi_17841401193873551#8\"\n\t\t  data-resized=\"[]\">\n\t<\/span>\n\t<\/div>\n\n[\/vc_column_text][\/vc_column][\/vc_row][vc_row][vc_column][vc_separator][\/vc_column][\/vc_row]<\/p>\n","protected":false},"excerpt":{"rendered":"<h4>PRECIOS ESPECIALES PARA EMPRESAS Y PROFESIONALES.\u00a0<a href=\"https:\/\/ozapato.com\/pa\/pages\/contacto\/\">COTIZA AQUI<\/a><\/h4>\n<p><span style=\"color: #000000\">\ud83d\udca5\u00a0Spark son botas para soldadores. Su piel en flor entera le permite mantener el pie fresco y seco. Adem\u00e1s sus 9 pulgadas de altura y cosida con GoodYear Wet mantendr\u00e1 su pie lejos de las chispas de soldadura.<\/span><\/p>\n<p><img loading=\"lazy\" decoding=\"async\" class=\"size-full wp-image-7203 alignnone\" src=\"https:\/\/ozapato.com\/mx\/wp-content\/uploads\/sites\/4\/2017\/02\/envio-gratis-e1506649798996.png\" alt=\"\" width=\"24\" height=\"14\" \/>\u00a0 ENV\u00cdOS\u00a0EN TODA LA REP\u00daBLICA.<\/p>\n<p>&nbsp;<\/p>\n","protected":false},"featured_media":5954,"comment_status":"open","ping_status":"closed","template":"","meta":[],"product_brand":[],"product_cat":[26,6,43],"product_tag":[],"class_list":{"0":"post-4921","1":"product","2":"type-product","3":"status-publish","4":"has-post-thumbnail","6":"product_cat-botas-de-construccion","7":"product_cat-industrial","8":"product_cat-soldadura","10":"first","11":"onbackorder","12":"taxable","13":"shipping-taxable","14":"product-type-simple"},"_links":{"self":[{"href":"https:\/\/ozapato.com\/do\/wp-json\/wp\/v2\/product\/4921","targetHints":{"allow":["GET"]}}],"collection":[{"href":"https:\/\/ozapato.com\/do\/wp-json\/wp\/v2\/product"}],"about":[{"href":"https:\/\/ozapato.com\/do\/wp-json\/wp\/v2\/types\/product"}],"replies":[{"embeddable":true,"href":"https:\/\/ozapato.com\/do\/wp-json\/wp\/v2\/comments?post=4921"}],"wp:featuredmedia":[{"embeddable":true,"href":"https:\/\/ozapato.com\/do\/wp-json\/wp\/v2\/media\/5954"}],"wp:attachment":[{"href":"https:\/\/ozapato.com\/do\/wp-json\/wp\/v2\/media?parent=4921"}],"wp:term":[{"taxonomy":"product_brand","embeddable":true,"href":"https:\/\/ozapato.com\/do\/wp-json\/wp\/v2\/product_brand?post=4921"},{"taxonomy":"product_cat","embeddable":true,"href":"https:\/\/ozapato.com\/do\/wp-json\/wp\/v2\/product_cat?post=4921"},{"taxonomy":"product_tag","embeddable":true,"href":"https:\/\/ozapato.com\/do\/wp-json\/wp\/v2\/product_tag?post=4921"}],"curies":[{"name":"wp","href":"https:\/\/api.w.org\/{rel}","templated":true}]}}