{"id":5060,"date":"2017-02-21T01:05:48","date_gmt":"2017-02-20T20:05:48","guid":{"rendered":"https:\/\/ozapato.com\/do\/?post_type=product&#038;p=5060"},"modified":"2022-01-20T15:09:08","modified_gmt":"2022-01-20T10:09:08","slug":"welt-santos-6","status":"publish","type":"product","link":"https:\/\/ozapato.com\/do\/producto\/welt-santos-6\/","title":{"rendered":"Welt Santos 6&#8242;"},"content":{"rendered":"<p>[vc_row type=\u00bbboxed\u00bb][vc_column width=\u00bb1\/6&#8243;][vc_column_text]<\/p>\n<p>[\/vc_column_text][\/vc_column][vc_column width=\u00bb2\/3&#8243;][vc_column_text]<\/p>\n<ul>\n<li><span style=\"color: #000000\"><strong>Welt<\/strong> son <strong>botas diel\u00e9ctricas de 18.000 voltios.<\/strong><\/span><\/li>\n<li><span style=\"color: #000000\">Botas con garant\u00eda contra despegue de suela de 1 a\u00f1o.<\/span><\/li>\n<li><span style=\"color: #000000\">Suela 100% Slip resistant de hule, excelente antideslizante. Suela que proporciona una mejor tracci\u00f3n en todas las superficie<\/span><\/li>\n<li><span style=\"color: #000000\">Entresuela de hule, Libre de plomo<\/span><\/li>\n<li><span style=\"color: #000000\">Suela resistente a la humedad y a los aceites &#8211; Oil resistant<\/span><\/li>\n<li><span style=\"color: #000000\">Plantilla antiperforacion Multi-Protective ultra flex certificada ISO y ASTM<\/span><\/li>\n<li><span style=\"color: #000000\">Cuero full grain premium graso<\/span><\/li>\n<li><span style=\"color: #000000\">Puntera de poliamida \/ c\u00f3mposit toe certificada con resistencia a m\u00e1s de 2 toneladas (Norma ASTM 2412-2413)<\/span><\/li>\n<li><span style=\"color: #000000\">Construcci\u00f3n: calzado cosido en Goodyear Welt<\/span><\/li>\n<li><span style=\"color: #000000\">Bull\u00f3n exterior acolchado proporcionando una protecci\u00f3n y comodidad en todo el tobillo<\/span><\/li>\n<li><span style=\"color: #000000\">Bull\u00f3n interior antimicrobiano manteniendo el pie seco y reduciendo al m\u00ednimo los olores<\/span><\/li>\n<li><span style=\"color: #000000\">Plantilla de poliuretano acolchada, lavable<\/span><\/li>\n<li><span style=\"color: #000000\">Altura de 8&#8242; pulgadas<\/span><\/li>\n<li><span style=\"color: #000000\">Norma diel\u00e9ctrica ASTM-F-2413-05<\/span><\/li>\n<li><span style=\"color: #000000\">\u00bfQuien ocupa el Welt Santos en Panama? Empresas Bern, FQML, Cobra, Hormig\u00f3n Express y muchos m\u00e1s.<\/span><\/li>\n<li><span style=\"color: #000000\"><a style=\"color: #000000\" href=\"https:\/\/workdrive.zohopublic.com\/external\/6Ol2VXoNe84-JqO1d\/download\" target=\"_blank\" rel=\"noopener\">Ficha T\u00e9cnica<\/a><\/span><\/li>\n<\/ul>\n<p>[\/vc_column_text][\/vc_column][vc_column width=\u00bb1\/6&#8243;][\/vc_column][\/vc_row][vc_row][vc_column][vc_empty_space][\/vc_column][\/vc_row][vc_row type=\u00bbboxed\u00bb][vc_column][vc_media_grid grid_id=\u00bbvc_gid:1587739435486-83eb8a29-8891-8&#8243; include=\u00bb6892,6927,6915&#8243;][\/vc_column][\/vc_row][vc_row][vc_column][vc_empty_space][\/vc_column][\/vc_row][vc_row type=\u00bbboxed\u00bb background_style=\u00bbnormal\u00bb css=\u00bb.vc_custom_1587738267833{padding-bottom: 5% !important;}\u00bb][vc_column css=\u00bb.vc_custom_1414573502092{background-position: center !important;background-repeat: no-repeat !important;background-size: cover !important;}\u00bb][vc_row_inner type=\u00bbboxed\u00bb css=\u00bb.vc_custom_1587738308601{margin-top: 35px !important;background-color: #000000 !important;}\u00bb][vc_column_inner width=\u00bb1\/3&#8243;][vc_column_text css=\u00bb.vc_custom_1587738277057{margin-right: 30px !important;margin-left: 30px !important;padding-right: 30px !important;padding-left: 30px !important;}\u00bb]<\/p>\n<h4><span style=\"color: #ffffff\">Suela de hule antideslizante<\/span><\/h4>\n<p><span style=\"color: #ffffff\">Suela OZAPATO de hule natural, slip resistant. Entresuela de Hule, libre de plomo. Suela apta para exposiciones el\u00e9ctricas.<\/span>[\/vc_column_text][\/vc_column_inner][vc_column_inner width=\u00bb1\/3&#8243;][vc_column_text css=\u00bb.vc_custom_1587738285935{margin-right: 30px !important;margin-left: 30px !important;padding-right: 30px !important;padding-left: 30px !important;}\u00bb]<\/p>\n<h4><span style=\"color: #ffffff\">Goodyear Welt<\/span><\/h4>\n<p><span style=\"color: #ffffff\">Bota cosida en 360\u00b0, ofrece una impermeabilidad total, una durabilidad y comodidad insuperable.<\/span>[\/vc_column_text][\/vc_column_inner][vc_column_inner width=\u00bb1\/3&#8243;][vc_column_text css=\u00bb.vc_custom_1587738293087{margin-right: 30px !important;margin-left: 30px !important;padding-right: 30px !important;padding-left: 30px !important;}\u00bb]<\/p>\n<h4><span style=\"color: #ffffff\">Plantilla antiperforaci\u00f3n<\/span><\/h4>\n<p><span style=\"color: #ffffff\">Plantilla antiperforaci\u00f3n textil certificada ASTM e ISO. Ofrece una mayor flexibilidad, ergonom\u00eda y frescura.<\/span>[\/vc_column_text][\/vc_column_inner][\/vc_row_inner][\/vc_column][\/vc_row][vc_row][vc_column][vc_empty_space][\/vc_column][\/vc_row][vc_row][vc_column width=\u00bb1\/6&#8243;][\/vc_column][vc_column width=\u00bb2\/3&#8243;][vc_column_text]<\/p>\n<h3 style=\"text-align: center\">WELT SANTOS<\/h3>\n<p><a href=\"https:\/\/emojipedia.org\/high-voltage\/\" target=\"_blank\" rel=\"noopener\"><span class=\"emoji\"><span style=\"color: #000000\">\u26a1<\/span><\/span><\/a><span style=\"color: #000000\"><strong>Welt Santos<\/strong>\u00a0son botas diel\u00e9ctricas de\u00a0<strong>18000 voltios<\/strong>,fabricada con protecci\u00f3n Waterproof y protege de aceites y qu\u00edmico<\/span><\/p>\n<h5 style=\"text-align: center\"><span style=\"color: #000000\"><strong>\u00bfQU\u00c9 HACEMOS?<\/strong><\/span><\/h5>\n<p><span style=\"color: #000000\">Todos los productos de <a style=\"color: #000000\" href=\"http:\/\/www.ozapato.com\\do\">OZAPATO<\/a> est\u00e1n hechos a mano, en nuestra f\u00e1brica de Pachuca (Hidalgo, M\u00e9xico). Nuestro modelo de negocio, conecta directamente la f\u00e1brica con el cliente final, evitando intermediarios; no trabajamos con distribuidores o revendedores. Esto permite ofrecer botas de seguridad a un precio m\u00e1s accesible. En <strong>Rep\u00fablica Dominicana<\/strong> contamos con botas de seguridad muy resistentes.<\/span><\/p>\n<h5 style=\"text-align: center\"><span style=\"color: #000000\"><strong>\u00bfC\u00d3MO LO HACEMOS?<\/strong><\/span><\/h5>\n<p style=\"text-align: justify\"><span style=\"color: #000000\">Todas nuestras <strong>botas de seguridad industrial<\/strong> son fabricadas con materiales de alta <strong>calidad.<\/strong> Tenga la confianza que sus pies estar\u00e1n protegidos en cada momento. Estamos tan seguros de la calidad de nuestros modelos de botas de\u00a0<strong> calzado industrial<\/strong> que ofrecemos una <strong>garant\u00eda de 4 meses y hasta 6 meses<\/strong> para las botas de seguridad m\u00e1s premium. Adem\u00e1s ofrecemos un servicio de <strong>entrega en 24 horas.<\/strong><\/span><\/p>\n<h5 style=\"text-align: center\"><span style=\"color: #000000\"><strong>\u00bfPOR QU\u00c9 LO HACEMOS?<\/strong><\/span><\/h5>\n<p><span style=\"color: #000000\">OZAPATO naci\u00f3 con la idea de servir la comunidad local. La <a style=\"color: #000000\" href=\"https:\/\/es.wikipedia.org\/wiki\/Producci%C3%B3n_en_cadena\" target=\"_blank\" rel=\"noopener\">producci\u00f3n<\/a> de nuestras botas de seguridad industrial es un proceso transparente que sustenta el balance socio econ\u00f3mico de la comunidad a la que pertenece.<\/span><\/p>\n<p><span style=\"color: #000000\">El valor m\u00e1s importante de OZAPATO es la entrega directa hasta el <strong>cliente<\/strong>. Cortamos todos los intermediarios que no a\u00f1aden valor a nuestros consumidores. Cada etapa de la fabricaci\u00f3n de <a style=\"color: #000000\" href=\"https:\/\/ozapato.com\/do\/industrial\/\">botas de seguridad<\/a> industrial debe beneficiar a la gente que fabrica el calzado.<\/span><\/p>\n<p><span style=\"color: #000000\">Nuestro equipo ama desarrollar <strong>calzados de seguridad laboral<\/strong> en un ambiente social y econ\u00f3mico justo. Queremos que nuestros clientes conf\u00eden en que no s\u00f3lo compran botas bien hechas y de buena calidad, sino que tambi\u00e9n cada persona incluida en la cadena de suministro reciba un trato justo al momento de realizar su trabajo.<\/span><\/p>\n<p>[\/vc_column_text][\/vc_column][vc_column width=\u00bb1\/6&#8243;][\/vc_column][\/vc_row][vc_row][vc_column][vc_empty_space][\/vc_column][\/vc_row][vc_row type=\u00bbboxed\u00bb][vc_column][vc_cta h2=\u00bb\u00bb css=\u00bb.vc_custom_1587738557252{background-color: #dd3333 !important;}\u00bb]<\/p>\n<h4 style=\"text-align: center\"><span style=\"color: #ffffff\">\u00bfInteresado en las Welt Santos? Recibe una cotizaci\u00f3n en 24 hs.<\/span><\/h4>\n<p>[\/vc_cta][\/vc_column][\/vc_row][vc_row type=\u00bbboxed\u00bb][vc_column][vc_column_text]<iframe loading=\"lazy\" height=\"800px\" width=\"100%\" frameborder=\"0\" allow=\"geolocation;microphone;camera\" src=\"https:\/\/forms.zohopublic.com\/virtualoffice9264\/form\/DOWebForm\/formperma\/2PUNSz-FHS52-Qjw5AHyrOpRv6nst-23hAaLr94PVEk\"> <\/iframe>[\/vc_column_text][\/vc_column][\/vc_row][vc_row][vc_column][vc_empty_space][\/vc_column][\/vc_row][vc_row][vc_column][vc_column_text]\n<div id=\"sb_instagram\"  class=\"sbi sbi_mob_col_1 sbi_tab_col_2 sbi_col_4\" style=\"padding-bottom: 10px; width: 100%;\"\t data-feedid=\"sbi_17841401193873551#8\"  data-res=\"auto\" data-cols=\"4\" data-colsmobile=\"1\" data-colstablet=\"2\" data-num=\"8\" data-nummobile=\"\" data-item-padding=\"5\"\t data-shortcode-atts=\"{}\"  data-postid=\"5060\" data-locatornonce=\"839bb7526d\" data-imageaspectratio=\"1:1\" data-sbi-flags=\"favorLocal,gdpr\">\n\t\n\t<div id=\"sbi_images\"  style=\"gap: 10px;\">\n\t\t\t<\/div>\n\n\t<div id=\"sbi_load\" >\n\n\t\n\t\t\t<span class=\"sbi_follow_btn\" >\n\t\t\t<a target=\"_blank\" rel=\"nofollow noopener\" href=\"https:\/\/www.instagram.com\/17841401193873551\/\">\n\t\t\t\t<svg class=\"svg-inline--fa fa-instagram fa-w-14\" aria-hidden=\"true\" data-fa-processed=\"\" aria-label=\"Instagram\" data-prefix=\"fab\" data-icon=\"instagram\" role=\"img\" viewBox=\"0 0 448 512\">\n                    <path fill=\"currentColor\" d=\"M224.1 141c-63.6 0-114.9 51.3-114.9 114.9s51.3 114.9 114.9 114.9S339 319.5 339 255.9 287.7 141 224.1 141zm0 189.6c-41.1 0-74.7-33.5-74.7-74.7s33.5-74.7 74.7-74.7 74.7 33.5 74.7 74.7-33.6 74.7-74.7 74.7zm146.4-194.3c0 14.9-12 26.8-26.8 26.8-14.9 0-26.8-12-26.8-26.8s12-26.8 26.8-26.8 26.8 12 26.8 26.8zm76.1 27.2c-1.7-35.9-9.9-67.7-36.2-93.9-26.2-26.2-58-34.4-93.9-36.2-37-2.1-147.9-2.1-184.9 0-35.8 1.7-67.6 9.9-93.9 36.1s-34.4 58-36.2 93.9c-2.1 37-2.1 147.9 0 184.9 1.7 35.9 9.9 67.7 36.2 93.9s58 34.4 93.9 36.2c37 2.1 147.9 2.1 184.9 0 35.9-1.7 67.7-9.9 93.9-36.2 26.2-26.2 34.4-58 36.2-93.9 2.1-37 2.1-147.8 0-184.8zM398.8 388c-7.8 19.6-22.9 34.7-42.6 42.6-29.5 11.7-99.5 9-132.1 9s-102.7 2.6-132.1-9c-19.6-7.8-34.7-22.9-42.6-42.6-11.7-29.5-9-99.5-9-132.1s-2.6-102.7 9-132.1c7.8-19.6 22.9-34.7 42.6-42.6 29.5-11.7 99.5-9 132.1-9s102.7-2.6 132.1 9c19.6 7.8 34.7 22.9 42.6 42.6 11.7 29.5 9 99.5 9 132.1s2.7 102.7-9 132.1z\"><\/path>\n                <\/svg>\t\t\t\t<span>Seguir en Instagram<\/span>\n\t\t\t<\/a>\n\t\t<\/span>\n\t\n<\/div>\n\t\t<span class=\"sbi_resized_image_data\" data-feed-id=\"sbi_17841401193873551#8\"\n\t\t  data-resized=\"[]\">\n\t<\/span>\n\t<\/div>\n\n[\/vc_column_text][\/vc_column][\/vc_row]<\/p>\n","protected":false},"excerpt":{"rendered":"<p>\u26a1Welt Santos son\u00a0 botas diel\u00e9ctricas de 18000 voltios.Libre de metal.Fabricada con Waterproof y suela antideslizante. !La mejor del mercado!.<\/p>\n<p><a href=\"https:\/\/emojipedia.org\/oncoming-automobile\/\"><span class=\"emoji\">\ud83d\ude98<\/span><\/a>ENV\u00cdOS A DOMICILIO.<\/p>\n","protected":false},"featured_media":6892,"comment_status":"open","ping_status":"closed","template":"","meta":[],"product_brand":[],"product_cat":[28,6,20,8,37],"product_tag":[],"class_list":{"0":"post-5060","1":"product","2":"type-product","3":"status-publish","4":"has-post-thumbnail","6":"product_cat-dielectrica","7":"product_cat-industrial","8":"product_cat-para-mujeres","9":"product_cat-portuaria","10":"product_cat-premium","12":"first","13":"onbackorder","14":"taxable","15":"shipping-taxable","16":"product-type-simple"},"_links":{"self":[{"href":"https:\/\/ozapato.com\/do\/wp-json\/wp\/v2\/product\/5060","targetHints":{"allow":["GET"]}}],"collection":[{"href":"https:\/\/ozapato.com\/do\/wp-json\/wp\/v2\/product"}],"about":[{"href":"https:\/\/ozapato.com\/do\/wp-json\/wp\/v2\/types\/product"}],"replies":[{"embeddable":true,"href":"https:\/\/ozapato.com\/do\/wp-json\/wp\/v2\/comments?post=5060"}],"wp:featuredmedia":[{"embeddable":true,"href":"https:\/\/ozapato.com\/do\/wp-json\/wp\/v2\/media\/6892"}],"wp:attachment":[{"href":"https:\/\/ozapato.com\/do\/wp-json\/wp\/v2\/media?parent=5060"}],"wp:term":[{"taxonomy":"product_brand","embeddable":true,"href":"https:\/\/ozapato.com\/do\/wp-json\/wp\/v2\/product_brand?post=5060"},{"taxonomy":"product_cat","embeddable":true,"href":"https:\/\/ozapato.com\/do\/wp-json\/wp\/v2\/product_cat?post=5060"},{"taxonomy":"product_tag","embeddable":true,"href":"https:\/\/ozapato.com\/do\/wp-json\/wp\/v2\/product_tag?post=5060"}],"curies":[{"name":"wp","href":"https:\/\/api.w.org\/{rel}","templated":true}]}}