{"id":5144,"date":"2017-02-25T00:27:44","date_gmt":"2017-02-24T19:27:44","guid":{"rendered":"https:\/\/ozapato.com\/do\/?post_type=product&#038;p=5144"},"modified":"2024-03-11T08:19:42","modified_gmt":"2024-03-11T03:19:42","slug":"lady-desierto","status":"publish","type":"product","link":"https:\/\/ozapato.com\/do\/producto\/lady-desierto\/","title":{"rendered":"Lady desierto"},"content":{"rendered":"<p>[vc_row type=\u00bbboxed\u00bb][vc_column width=\u00bb1\/6&#8243;][vc_column_text]<\/p>\n<p>[\/vc_column_text][\/vc_column][vc_column width=\u00bb2\/3&#8243;][vc_column_text]<\/p>\n<ul>\n<li><span style=\"color: #000000\"><strong>Lady Desierto<\/strong> botas de <strong>seguridad para mujer<\/strong><\/span><\/li>\n<li><span style=\"color: #000000\">Suela OZAPATO Slip and Oil Resistant anti-fatiga, excelente antideslizante. Suela que proporciona una mejor tracci\u00f3n en todas las superficies.<\/span><\/li>\n<li><span style=\"color: #000000\">Absorci\u00f3n de golpes.<\/span><\/li>\n<li><span style=\"color: #000000\">Plantilla anti-perforaci\u00f3n Multi-Protective certificada ASTM e ISO.<\/span><\/li>\n<li><span style=\"color: #000000\">Ultra-flex technology. Calzado s\u00faper flexible.<\/span><\/li>\n<li><span style=\"color: #000000\">Suela resistente a la humedad.<\/span><\/li>\n<li><span style=\"color: #000000\">100% cuero con tecnolog\u00eda waterproof, 100% resistente al agua.<\/span><\/li>\n<li><span style=\"color: #000000\">Puntera de acero certificada, resistente a m\u00e1s de 2 toneladas (Norma ASTM 2412-2413).<\/span><\/li>\n<li><span style=\"color: #000000\">Construcci\u00f3n: calzado cosido en lockstitch.<\/span><\/li>\n<li><span style=\"color: #000000\">Bull\u00f3n exterior acolchado proporcionando una protecci\u00f3n y comodidad en todo el tobillo.<\/span><\/li>\n<li><span style=\"color: #000000\">Bull\u00f3n interior anti-microbiano manteniendo el pie seco y reduciendo al m\u00ednimo los olores.<\/span><\/li>\n<li><span style=\"color: #000000\">Altura de 6 pulgadas.<\/span><\/li>\n<li><span style=\"color: #000000\"><a style=\"color: #000000\" href=\"\/\/workdrive.zohopublic.com\/external\/6Ol2VXoNe8s-JqO1d\/download\" target=\"_blank\" rel=\"noopener noreferrer\">Ficha t\u00e9cnica<\/a><\/span><\/li>\n<\/ul>\n<p>[\/vc_column_text][\/vc_column][vc_column width=\u00bb1\/6&#8243;][\/vc_column][\/vc_row][vc_row type=\u00bbboxed\u00bb][vc_column][vc_media_grid grid_id=\u00bbvc_gid:1587740839312-a9999582-7989-10&#8243; include=\u00bb7440,7442,7441&#8243;][\/vc_column][\/vc_row][vc_row][vc_column][vc_empty_space][\/vc_column][\/vc_row][vc_row type=\u00bbboxed\u00bb css=\u00bb.vc_custom_1587738059230{background-color: #000000 !important;}\u00bb][vc_column width=\u00bb1\/4&#8243;][vc_column_text]<\/p>\n<h4><span style=\"color: #ffffff\"><strong>Seguridad<\/strong><\/span><\/h4>\n<p><span style=\"color: #ffffff\">Calzado de seguridad con garant\u00eda de 6 meses.<\/span>[\/vc_column_text][\/vc_column][vc_column width=\u00bb1\/2&#8243;][vc_column_text]<\/p>\n<h4><span style=\"color: #ffffff\"><strong>Antiperforaci\u00f3n<\/strong><\/span><\/h4>\n<p><span style=\"color: #ffffff\">Plantilla antiperforaci\u00f3n textil certificada ASTM e ISO. Ofrece una mayor flexibilidad, ergonom\u00eda y frescura.<\/span>[\/vc_column_text][\/vc_column][vc_column width=\u00bb1\/4&#8243;][vc_column_text]<\/p>\n<h4><span style=\"color: #ffffff\"><strong>Cosida en Rapidstitch<\/strong><\/span><\/h4>\n<p><span style=\"color: #ffffff\"><strong>Bota cosida con tecnolog\u00eda de secado r\u00e1pido para mantener el pie seco.<\/strong><\/span>[\/vc_column_text][\/vc_column][\/vc_row][vc_row][vc_column][vc_empty_space][\/vc_column][\/vc_row][vc_row type=\u00bbboxed\u00bb][vc_column][vc_cta h2=\u00bb\u00bb css=\u00bb.vc_custom_1587737831978{background-color: #dd3333 !important;}\u00bb]<\/p>\n<h4 style=\"text-align: center\"><span style=\"color: #ffffff\">\u00bfInteresado en botas de seguridad para mujer?\u00a0 Recibe cotizaci\u00f3n en 24 hs.<\/span><\/h4>\n<p>[\/vc_cta][\/vc_column][\/vc_row][vc_row type=\u00bbboxed\u00bb][vc_column][vc_column_text]<iframe loading=\"lazy\" height=\"800px\" width=\"100%\" frameborder=\"0\" allow=\"geolocation;microphone;camera\" src=\"https:\/\/forms.zohopublic.com\/virtualoffice9264\/form\/DOWebForm\/formperma\/2PUNSz-FHS52-Qjw5AHyrOpRv6nst-23hAaLr94PVEk\"> <\/iframe>[\/vc_column_text][\/vc_column][\/vc_row][vc_row][vc_column][vc_separator][\/vc_column][\/vc_row][vc_row type=\u00bbboxed\u00bb][vc_column width=\u00bb1\/6&#8243;][\/vc_column][vc_column width=\u00bb2\/3&#8243;][vc_column_text]<\/p>\n<h3><\/h3>\n<h3 style=\"text-align: center\"><span style=\"color: #000000\">\u00a1BOTAS DE SEGURIDAD PARA MUJER!<\/span><\/h3>\n<p>&nbsp;<\/p>\n<p><span style=\"color: #000000\">\ud83d\udeb6\u200d\u2640\ufe0fLady Desierto, son las mejores\u00a0<a style=\"color: #000000\" href=\"https:\/\/ozapato.com\/do\/producto\/lady\/\">botas de seguridad para mujer<\/a> ,con suela resistente a qu\u00edmicos y aceites. Es <a style=\"color: #000000\" href=\"https:\/\/ozapato.com\/do\/botas-dielectricas\/\">100% Diel\u00e9ctrica.<\/a><\/span><\/p>\n<h5 style=\"text-align: center\"><span style=\"color: #000000\"><strong>\u00bfQU\u00c9 HACEMOS?<\/strong><\/span><\/h5>\n<p style=\"text-align: justify\"><span style=\"color: #000000\">OZAPATO es una marca de <strong>botas de seguridad<\/strong> para mujeres ubicada en Centro America. Hemos aprendido a lo largo de los a\u00f1os, c\u00f3mo fabricar productos de alta calidad de manera responsable. Producimos y distribuimos nuestros productos en Rep\u00fablica Dominicana, Costa Rica, M\u00e9xico, Panam\u00e1 y en los Estados Unidos. En<strong> Rep\u00fablica Dominicana<\/strong>, contamos con una l\u00ednea de botas y zapatillas de cuero y una l\u00ednea de botas de seguridad para mujer.<\/span><\/p>\n<h5 style=\"text-align: center\"><span style=\"color: #000000\"><strong>\u00bfC\u00d3MO LO HACEMOS?<\/strong><\/span><\/h5>\n<p style=\"text-align: justify\"><span style=\"color: #000000\">Todas nuestros zapatos de seguridad industrial son fabricadas con materiales de <a style=\"color: #000000\" href=\"https:\/\/es.wikipedia.org\/wiki\/Calidad\" target=\"_blank\" rel=\"noopener\">alta calidad<\/a>. Tenga la confianza que sus pies estar\u00e1n protegidos en cada momento. Estamos tan seguros de la calidad de nuestros modelos de botas de seguridad industrial que ofrecemos una <strong>garant\u00eda de 4 meses y hasta 6 meses<\/strong> para las botas de seguridad m\u00e1s <strong>premium<\/strong>. Adem\u00e1s ofrecemos un servicio de <strong>entrega en 24<\/strong> horas.<\/span><\/p>\n<h5 style=\"text-align: center\"><span style=\"color: #000000\"><strong>\u00bfPOR QU\u00c9 LO HACEMOS?<\/strong><\/span><\/h5>\n<p style=\"text-align: justify\"><span style=\"color: #000000\">OZAPATO naci\u00f3 con la idea de servir a la comunidad local. La producci\u00f3n de nuestras botas de seguridad industrial es un proceso transparente que sustenta el balance socio econ\u00f3mico de la comunidad a la que pertenece.<\/span><\/p>\n<p style=\"text-align: justify\"><span style=\"color: #000000\">El valor m\u00e1s importante de OZAPATO es la entrega directa hasta el cliente. Evitamos todos los intermediarios que no a\u00f1aden valor a nuestros consumidores. Cada etapa de la fabricaci\u00f3n de botas de seguridad industrial debe beneficiar a la gente que fabrica el calzado.<\/span><\/p>\n<p style=\"text-align: justify\"><span style=\"color: #000000\">A nuestro equipo le apasiona desarrollar botas de seguridad en un ambiente social y econ\u00f3mico justo. Queremos que nuestros clientes conf\u00eden en que no s\u00f3lo compran botas bien hechas y de buena calidad, sino que tambi\u00e9n cada persona incluida en la cadena de suministro reciba un trato justo en el momento de realizar su trabajo.<\/span><\/p>\n<p>[\/vc_column_text][\/vc_column][vc_column width=\u00bb1\/6&#8243;][\/vc_column][\/vc_row][vc_row][vc_column][vc_separator][\/vc_column][\/vc_row][vc_row][vc_column][vc_column_text]\n<div id=\"sb_instagram\"  class=\"sbi sbi_mob_col_1 sbi_tab_col_2 sbi_col_4\" style=\"padding-bottom: 10px; width: 100%;\"\t data-feedid=\"sbi_17841401193873551#8\"  data-res=\"auto\" data-cols=\"4\" data-colsmobile=\"1\" data-colstablet=\"2\" data-num=\"8\" data-nummobile=\"\" data-item-padding=\"5\"\t data-shortcode-atts=\"{}\"  data-postid=\"5144\" data-locatornonce=\"9e46a4e865\" data-imageaspectratio=\"1:1\" data-sbi-flags=\"favorLocal,gdpr\">\n\t\n\t<div id=\"sbi_images\"  style=\"gap: 10px;\">\n\t\t\t<\/div>\n\n\t<div id=\"sbi_load\" >\n\n\t\n\t\t\t<span class=\"sbi_follow_btn\" >\n\t\t\t<a target=\"_blank\" rel=\"nofollow noopener\" href=\"https:\/\/www.instagram.com\/17841401193873551\/\">\n\t\t\t\t<svg class=\"svg-inline--fa fa-instagram fa-w-14\" aria-hidden=\"true\" data-fa-processed=\"\" aria-label=\"Instagram\" data-prefix=\"fab\" data-icon=\"instagram\" role=\"img\" viewBox=\"0 0 448 512\">\n                    <path fill=\"currentColor\" d=\"M224.1 141c-63.6 0-114.9 51.3-114.9 114.9s51.3 114.9 114.9 114.9S339 319.5 339 255.9 287.7 141 224.1 141zm0 189.6c-41.1 0-74.7-33.5-74.7-74.7s33.5-74.7 74.7-74.7 74.7 33.5 74.7 74.7-33.6 74.7-74.7 74.7zm146.4-194.3c0 14.9-12 26.8-26.8 26.8-14.9 0-26.8-12-26.8-26.8s12-26.8 26.8-26.8 26.8 12 26.8 26.8zm76.1 27.2c-1.7-35.9-9.9-67.7-36.2-93.9-26.2-26.2-58-34.4-93.9-36.2-37-2.1-147.9-2.1-184.9 0-35.8 1.7-67.6 9.9-93.9 36.1s-34.4 58-36.2 93.9c-2.1 37-2.1 147.9 0 184.9 1.7 35.9 9.9 67.7 36.2 93.9s58 34.4 93.9 36.2c37 2.1 147.9 2.1 184.9 0 35.9-1.7 67.7-9.9 93.9-36.2 26.2-26.2 34.4-58 36.2-93.9 2.1-37 2.1-147.8 0-184.8zM398.8 388c-7.8 19.6-22.9 34.7-42.6 42.6-29.5 11.7-99.5 9-132.1 9s-102.7 2.6-132.1-9c-19.6-7.8-34.7-22.9-42.6-42.6-11.7-29.5-9-99.5-9-132.1s-2.6-102.7 9-132.1c7.8-19.6 22.9-34.7 42.6-42.6 29.5-11.7 99.5-9 132.1-9s102.7-2.6 132.1 9c19.6 7.8 34.7 22.9 42.6 42.6 11.7 29.5 9 99.5 9 132.1s2.7 102.7-9 132.1z\"><\/path>\n                <\/svg>\t\t\t\t<span>Seguir en Instagram<\/span>\n\t\t\t<\/a>\n\t\t<\/span>\n\t\n<\/div>\n\t\t<span class=\"sbi_resized_image_data\" data-feed-id=\"sbi_17841401193873551#8\"\n\t\t  data-resized=\"[]\">\n\t<\/span>\n\t<\/div>\n\n[\/vc_column_text][\/vc_column][\/vc_row]<\/p>\n","protected":false},"excerpt":{"rendered":"<p class=\"p1\"><b>PRECIOS PARA EMPRESAS.\u00a0<\/b><a href=\"http:\/\/ozapato.com\/mx\/cotizacion\/\" target=\"_blank\" rel=\"noopener noreferrer\"><span class=\"s1\">COTIZE AQUI<\/span><\/a><\/p>\n<p>\ud83d\udeb6\u200d\u2640\ufe0f\u00a0El Lady desierto las mejores botas de seguridad para mujer . Su cuero y forro internos acolchados permiten aprovechar su uso constante sin comprometer la comodidad del usuario. Suela anti-fatiga.<\/p>\n<p class=\"p1\"><span class=\"s1\">\u21d2<\/span><a href=\"https:\/\/docs.zoho.com\/file\/5r1nhafc482aa325c452982e493ec4ffd8ac2\" target=\"_blank\" rel=\"noopener noreferrer\">Descargar ficha t\u00e9cnica<\/a><span class=\"s1\">\u21d0<\/span><\/p>\n<p><strong>\u00a0<\/strong><b><img loading=\"lazy\" decoding=\"async\" class=\"size-full wp-image-7203 alignnone\" src=\"https:\/\/ozapato.com\/mx\/wp-content\/uploads\/sites\/4\/2017\/02\/envio-gratis-e1506649798996.png\" alt=\"\" width=\"24\" height=\"14\" \/>\u00a0 ENV\u00cdOS\u00a0A TODA LA REP\u00daBLICA<\/b><\/p>\n","protected":false},"featured_media":6841,"comment_status":"open","ping_status":"closed","template":"","meta":[],"product_brand":[],"product_cat":[6,46,8],"product_tag":[],"class_list":{"0":"post-5144","1":"product","2":"type-product","3":"status-publish","4":"has-post-thumbnail","6":"product_cat-industrial","7":"product_cat-lady-desierto","8":"product_cat-portuaria","10":"first","11":"onbackorder","12":"taxable","13":"shipping-taxable","14":"product-type-simple"},"_links":{"self":[{"href":"https:\/\/ozapato.com\/do\/wp-json\/wp\/v2\/product\/5144","targetHints":{"allow":["GET"]}}],"collection":[{"href":"https:\/\/ozapato.com\/do\/wp-json\/wp\/v2\/product"}],"about":[{"href":"https:\/\/ozapato.com\/do\/wp-json\/wp\/v2\/types\/product"}],"replies":[{"embeddable":true,"href":"https:\/\/ozapato.com\/do\/wp-json\/wp\/v2\/comments?post=5144"}],"wp:featuredmedia":[{"embeddable":true,"href":"https:\/\/ozapato.com\/do\/wp-json\/wp\/v2\/media\/6841"}],"wp:attachment":[{"href":"https:\/\/ozapato.com\/do\/wp-json\/wp\/v2\/media?parent=5144"}],"wp:term":[{"taxonomy":"product_brand","embeddable":true,"href":"https:\/\/ozapato.com\/do\/wp-json\/wp\/v2\/product_brand?post=5144"},{"taxonomy":"product_cat","embeddable":true,"href":"https:\/\/ozapato.com\/do\/wp-json\/wp\/v2\/product_cat?post=5144"},{"taxonomy":"product_tag","embeddable":true,"href":"https:\/\/ozapato.com\/do\/wp-json\/wp\/v2\/product_tag?post=5144"}],"curies":[{"name":"wp","href":"https:\/\/api.w.org\/{rel}","templated":true}]}}