{"id":5529,"date":"2017-04-10T19:40:32","date_gmt":"2017-04-10T14:40:32","guid":{"rendered":"https:\/\/ozapato.com\/do\/?post_type=product&#038;p=5529"},"modified":"2022-01-13T17:47:44","modified_gmt":"2022-01-13T12:47:44","slug":"welt-grip-fuerza","status":"publish","type":"product","link":"https:\/\/ozapato.com\/do\/producto\/welt-grip-fuerza\/","title":{"rendered":"Welt Grip Fuerza"},"content":{"rendered":"<p>[vc_row][vc_column width=\u00bb1\/6&#8243;][\/vc_column][vc_column width=\u00bb2\/3&#8243;][vc_masonry_media_grid grid_id=\u00bbvc_gid:1587736605534-17491d39-6623-0&#8243; include=\u00bb6763,5970,5953&#8243;][\/vc_column][vc_column width=\u00bb1\/6&#8243;][\/vc_column][\/vc_row][vc_row][vc_column width=\u00bb1\/6&#8243;][vc_column_text]<\/p>\n<p>[\/vc_column_text][\/vc_column][vc_column width=\u00bb2\/3&#8243;][vc_column_text]<\/p>\n<ul>\n<li><span style=\"color: #000000\"><strong>Welt 06 Fuerza\u00a0<\/strong> son botas con <strong>protecci\u00f3n frontal.<\/strong><\/span><\/li>\n<li><span style=\"color: #000000\">Suela 100% Slip resistant de hule, excelente antideslizante. Suela que proporciona una mejor tracci\u00f3n en todas las superficie<\/span><\/li>\n<li><span style=\"color: #000000\">Entresuela de hule, Libre de plomo<\/span><\/li>\n<li><span style=\"color: #000000\">Suela resistente a la humedad y a los aceites &#8211; Oil resistant<\/span><\/li>\n<li><span style=\"color: #000000\">Plantilla antiperforacion Multi-Protective ultra flex certificada ISO y ASTM<\/span><\/li>\n<li><span style=\"color: #000000\">Cuero full grain premium graso<\/span><\/li>\n<li><span style=\"color: #000000\">Puntera de poliamida \/ c\u00f3mposit toe certificada con resistencia a m\u00e1s de 2 toneladas (Norma ASTM 2412-2413)<\/span><\/li>\n<li><span style=\"color: #000000\">Construcci\u00f3n: calzado cosido en Goodyear Welt<\/span><\/li>\n<li><span style=\"color: #000000\">Bull\u00f3n exterior acolchado proporcionando una protecci\u00f3n y comodidad en todo el tobillo<\/span><\/li>\n<li><span style=\"color: #000000\">Bull\u00f3n interior antimicrobiano manteniendo el pie seco y reduciendo al m\u00ednimo los olores<\/span><\/li>\n<li><span style=\"color: #000000\">Plantilla de poliuretano acolchada, lavable<\/span><\/li>\n<li><span style=\"color: #000000\">Altura de 6&#8242; pulgadas<\/span><\/li>\n<li><span style=\"color: #000000\">Norma diel\u00e9ctrica ASTM-F-2413-05<\/span><\/li>\n<li><span style=\"color: #000000\">\u00bfQuien ocupa el Welt Santos en Panama? Empresas Bern, FQML, Cobra, Hormig\u00f3n Express y muchos m\u00e1s.<\/span><\/li>\n<li><span style=\"color: #000000\"><a style=\"color: #000000\" href=\"https:\/\/workdrive.zohopublic.com\/external\/6Ol2VXoNe83-JqO1d\/download\" target=\"_blank\" rel=\"noopener\">Ficha t\u00e9cnica<\/a><\/span><\/li>\n<\/ul>\n<p>[\/vc_column_text][\/vc_column][vc_column width=\u00bb1\/6&#8243;][\/vc_column][\/vc_row][vc_row background_style=\u00bbnormal\u00bb css=\u00bb.vc_custom_1587736491727{padding-bottom: 5% !important;}\u00bb][vc_column css=\u00bb.vc_custom_1414573502092{background-position: center !important;background-repeat: no-repeat !important;background-size: cover !important;}\u00bb][vc_row_inner type=\u00bbboxed\u00bb css=\u00bb.vc_custom_1587736299611{margin-top: 35px !important;background-color: #000000 !important;}\u00bb][vc_column_inner width=\u00bb1\/3&#8243;][vc_column_text css=\u00bb.vc_custom_1587736242702{margin-right: 30px !important;margin-left: 30px !important;padding-right: 30px !important;padding-left: 30px !important;}\u00bb]<\/p>\n<h4 style=\"text-align: left\"><span style=\"color: #ffffff\">Suela de hule antideslizante<\/span><\/h4>\n<p style=\"text-align: justify\"><span style=\"color: #ffffff\">Suela exclusiva OZAPATO, slip resistant. Bota diel\u00e9ctrica.<\/span><\/p>\n<p>[\/vc_column_text][\/vc_column_inner][vc_column_inner width=\u00bb1\/3&#8243;][vc_column_text css=\u00bb.vc_custom_1587736250487{margin-right: 30px !important;margin-left: 30px !important;padding-right: 30px !important;padding-left: 30px !important;}\u00bb]<\/p>\n<h4><span style=\"color: #ffffff\">Goodyear Welt<\/span><\/h4>\n<p><span style=\"color: #ffffff\">Bota cosida en 360\u00b0, ofrece una impermeabilidad total, una durabilidad y comodidad insuperable.<\/span>[\/vc_column_text][\/vc_column_inner][vc_column_inner width=\u00bb1\/3&#8243;][vc_column_text css=\u00bb.vc_custom_1587736266796{margin-right: 30px !important;margin-left: 30px !important;padding-right: 30px !important;padding-left: 30px !important;}\u00bb]<\/p>\n<h4><span style=\"color: #ffffff\"><strong>Cuero<\/strong><\/span><\/h4>\n<p><span style=\"color: #ffffff\">Cuero shedr\u00f3n graso de 1.8 a 2.2 mm con protector frontal de kevlar.<\/span>[\/vc_column_text][\/vc_column_inner][\/vc_row_inner][\/vc_column][\/vc_row][vc_row][vc_column][vc_empty_space][\/vc_column][\/vc_row][vc_row type=\u00bbboxed\u00bb][vc_column][vc_cta h2=\u00bb\u00bb css=\u00bb.vc_custom_1587735960851{background-color: #dd3333 !important;}\u00bb]<\/p>\n<h4 style=\"text-align: center\"><span style=\"color: #ffffff\">\u00bfInteresado en Botas con protecci\u00f3n frontal? Recibe cotizaci\u00f3n en 24 hs.<\/span><\/h4>\n<p>[\/vc_cta][\/vc_column][\/vc_row][vc_row type=\u00bbboxed\u00bb][vc_column][vc_column_text]<iframe loading=\"lazy\" height=\"800px\" width=\"100%\" frameborder=\"0\" allow=\"geolocation;microphone;camera\" src=\"https:\/\/forms.zohopublic.com\/virtualoffice9264\/form\/DOWebForm\/formperma\/2PUNSz-FHS52-Qjw5AHyrOpRv6nst-23hAaLr94PVEk\"> <\/iframe>[\/vc_column_text][\/vc_column][\/vc_row][vc_row][vc_column][vc_separator][\/vc_column][\/vc_row][vc_row][vc_column width=\u00bb1\/6&#8243;][\/vc_column][vc_column width=\u00bb2\/3&#8243;][vc_column_text]<\/p>\n<h3 style=\"text-align: center\"><span style=\"color: #000000\">\u00a1BOTAS CON PROTECCI\u00d3N FRONTAL!<\/span><\/h3>\n<p><span style=\"color: #000000\">\u26a1\u00a0<a style=\"color: #000000\" href=\"http:\/\/www.ozapato.com\\do\">W<strong>elt<\/strong><\/a><strong>\u00a0Grip Fuerza\u00a0son botas con protecci\u00f3n frontal.<\/strong> Desarrollado para las industria que tienen un desgaste frontal excesivo. Su protector frontal de cuero anti rayas y anti perforaci\u00f3n aumenta de manera significativa su vida \u00fatil. Su construcci\u00f3n en Goodyear welt (cosido en 360\u00b0) le ofrece una mejor duraci\u00f3n y una impermeabilidad total.<\/span><\/p>\n<h5 style=\"text-align: center\"><span style=\"color: #000000\"><strong>\u00bfQU\u00c9 HACEMOS?<\/strong><\/span><\/h5>\n<p><span style=\"color: #000000\">Todos los productos de OZAPATO est\u00e1n hechos a mano, en nuestra f\u00e1brica de Pachuca (Hidalgo, M\u00e9xico). Nuestro modelo de negocio, conecta directamente la f\u00e1brica con el cliente final, evitando intermediarios; no trabajamos con distribuidores o revendedores. Esto permite ofrecer botas de seguridad a un precio m\u00e1s accesible. En <strong>Rep\u00fablica Dominicana<\/strong> contamos con botas de seguridad muy resistentes.<\/span><\/p>\n<h5 style=\"text-align: center\"><span style=\"color: #000000\"><strong>\u00a0 \u00a0\u00bfC\u00d3MO LO HACEMOS?<\/strong><\/span><\/h5>\n<p><span style=\"color: #000000\">Todas nuestras botas de <strong>seguridad industrial<\/strong> son fabricadas con materiales de alta calidad. Tenga la confianza que sus pies estar\u00e1n protegidos en cada momento. Estamos tan seguros de la calidad de nuestros modelos de botas de seguridad industrial que ofrecemos una <strong>garant\u00eda de 4 meses y hasta 6 meses<\/strong> para las botas de seguridad m\u00e1s premium. Adem\u00e1s ofrecemos un servicio de <strong>entrega en 24<\/strong> horas.<\/span><\/p>\n<h5 style=\"text-align: center\"><span style=\"color: #000000\"><strong>\u00bfPOR QU\u00c9 LO HACEMOS?<\/strong><\/span><\/h5>\n<p><span style=\"color: #000000\">OZAPATO naci\u00f3 con la idea de servir la <strong>comunidad local<\/strong>. La producci\u00f3n de nuestros calzados de <a style=\"color: #000000\" href=\"https:\/\/es.wikipedia.org\/wiki\/Seguridad\" target=\"_blank\" rel=\"noopener\">seguridad<\/a>\u00a0es un proceso transparente que sustenta el balance socio econ\u00f3mico de la comunidad a la que pertenece.<\/span><\/p>\n<p><span style=\"color: #000000\">El valor m\u00e1s importante de OZAPATO es la entrega <strong>directa hasta el cliente.<\/strong> Cortamos todos los intermediarios que no a\u00f1aden valor a nuestros consumidores. Cada etapa de la fabricaci\u00f3n de <strong>zapatos de protecci\u00f3n<\/strong> industrial debe beneficiar a la gente que fabrica el calzado.<\/span><\/p>\n<p><span style=\"color: #000000\">Nuestro equipo ama desarrollar botas de seguridad en un ambiente social y econ\u00f3mico justo. Queremos que nuestros clientes conf\u00eden en que no s\u00f3lo compran botas bien hechas y de buena calidad, sino que tambi\u00e9n cada persona incluida en la cadena de suministro reciba un trato justo al momento de realizar su <a style=\"color: #000000\" href=\"https:\/\/es.wikipedia.org\/wiki\/Trabajo\" target=\"_blank\" rel=\"noopener\">trabajo.<\/a><\/span><\/p>\n<p>[\/vc_column_text][\/vc_column][vc_column width=\u00bb1\/6&#8243;][\/vc_column][\/vc_row][vc_row][vc_column][vc_separator][\/vc_column][\/vc_row][vc_row][vc_column][vc_column_text]\n<div id=\"sb_instagram\"  class=\"sbi sbi_mob_col_1 sbi_tab_col_2 sbi_col_4\" style=\"padding-bottom: 10px; width: 100%;\"\t data-feedid=\"sbi_17841401193873551#8\"  data-res=\"auto\" data-cols=\"4\" data-colsmobile=\"1\" data-colstablet=\"2\" data-num=\"8\" data-nummobile=\"\" data-item-padding=\"5\"\t data-shortcode-atts=\"{}\"  data-postid=\"5529\" data-locatornonce=\"60317b1695\" data-imageaspectratio=\"1:1\" data-sbi-flags=\"favorLocal,gdpr\">\n\t\n\t<div id=\"sbi_images\"  style=\"gap: 10px;\">\n\t\t\t<\/div>\n\n\t<div id=\"sbi_load\" >\n\n\t\n\t\t\t<span class=\"sbi_follow_btn\" >\n\t\t\t<a target=\"_blank\" rel=\"nofollow noopener\" href=\"https:\/\/www.instagram.com\/17841401193873551\/\">\n\t\t\t\t<svg class=\"svg-inline--fa fa-instagram fa-w-14\" aria-hidden=\"true\" data-fa-processed=\"\" aria-label=\"Instagram\" data-prefix=\"fab\" data-icon=\"instagram\" role=\"img\" viewBox=\"0 0 448 512\">\n                    <path fill=\"currentColor\" d=\"M224.1 141c-63.6 0-114.9 51.3-114.9 114.9s51.3 114.9 114.9 114.9S339 319.5 339 255.9 287.7 141 224.1 141zm0 189.6c-41.1 0-74.7-33.5-74.7-74.7s33.5-74.7 74.7-74.7 74.7 33.5 74.7 74.7-33.6 74.7-74.7 74.7zm146.4-194.3c0 14.9-12 26.8-26.8 26.8-14.9 0-26.8-12-26.8-26.8s12-26.8 26.8-26.8 26.8 12 26.8 26.8zm76.1 27.2c-1.7-35.9-9.9-67.7-36.2-93.9-26.2-26.2-58-34.4-93.9-36.2-37-2.1-147.9-2.1-184.9 0-35.8 1.7-67.6 9.9-93.9 36.1s-34.4 58-36.2 93.9c-2.1 37-2.1 147.9 0 184.9 1.7 35.9 9.9 67.7 36.2 93.9s58 34.4 93.9 36.2c37 2.1 147.9 2.1 184.9 0 35.9-1.7 67.7-9.9 93.9-36.2 26.2-26.2 34.4-58 36.2-93.9 2.1-37 2.1-147.8 0-184.8zM398.8 388c-7.8 19.6-22.9 34.7-42.6 42.6-29.5 11.7-99.5 9-132.1 9s-102.7 2.6-132.1-9c-19.6-7.8-34.7-22.9-42.6-42.6-11.7-29.5-9-99.5-9-132.1s-2.6-102.7 9-132.1c7.8-19.6 22.9-34.7 42.6-42.6 29.5-11.7 99.5-9 132.1-9s102.7-2.6 132.1 9c19.6 7.8 34.7 22.9 42.6 42.6 11.7 29.5 9 99.5 9 132.1s2.7 102.7-9 132.1z\"><\/path>\n                <\/svg>\t\t\t\t<span>Seguir en Instagram<\/span>\n\t\t\t<\/a>\n\t\t<\/span>\n\t\n<\/div>\n\t\t<span class=\"sbi_resized_image_data\" data-feed-id=\"sbi_17841401193873551#8\"\n\t\t  data-resized=\"[]\">\n\t<\/span>\n\t<\/div>\n\n[\/vc_column_text][\/vc_column][\/vc_row]<\/p>\n","protected":false},"excerpt":{"rendered":"<p>\u26a1\u00a0Welt Grip Fuerza son botas con protecci\u00f3n frontal\u00a0 diel\u00e9ctrica premium en Rep\u00fablica Dominicana. Fabricada con cuero graso\u00a0 1.8. Bota 100% libre de metal.<\/p>\n<p><span class=\"emoji\">\ud83d\ude98\u00a0<\/span><strong>ENV\u00cdOS A DOMICILIO.<\/strong><\/p>\n","protected":false},"featured_media":5953,"comment_status":"open","ping_status":"closed","template":"","meta":[],"product_brand":[],"product_cat":[28,6,20,8,37],"product_tag":[24,15,45,18,25],"class_list":{"0":"post-5529","1":"product","2":"type-product","3":"status-publish","4":"has-post-thumbnail","6":"product_cat-dielectrica","7":"product_cat-industrial","8":"product_cat-para-mujeres","9":"product_cat-portuaria","10":"product_cat-premium","11":"product_tag-botas-para-capataz","12":"product_tag-cuero","13":"product_tag-dielectrico","14":"product_tag-industrial","15":"product_tag-leather","17":"first","18":"onbackorder","19":"taxable","20":"shipping-taxable","21":"product-type-simple"},"_links":{"self":[{"href":"https:\/\/ozapato.com\/do\/wp-json\/wp\/v2\/product\/5529","targetHints":{"allow":["GET"]}}],"collection":[{"href":"https:\/\/ozapato.com\/do\/wp-json\/wp\/v2\/product"}],"about":[{"href":"https:\/\/ozapato.com\/do\/wp-json\/wp\/v2\/types\/product"}],"replies":[{"embeddable":true,"href":"https:\/\/ozapato.com\/do\/wp-json\/wp\/v2\/comments?post=5529"}],"wp:featuredmedia":[{"embeddable":true,"href":"https:\/\/ozapato.com\/do\/wp-json\/wp\/v2\/media\/5953"}],"wp:attachment":[{"href":"https:\/\/ozapato.com\/do\/wp-json\/wp\/v2\/media?parent=5529"}],"wp:term":[{"taxonomy":"product_brand","embeddable":true,"href":"https:\/\/ozapato.com\/do\/wp-json\/wp\/v2\/product_brand?post=5529"},{"taxonomy":"product_cat","embeddable":true,"href":"https:\/\/ozapato.com\/do\/wp-json\/wp\/v2\/product_cat?post=5529"},{"taxonomy":"product_tag","embeddable":true,"href":"https:\/\/ozapato.com\/do\/wp-json\/wp\/v2\/product_tag?post=5529"}],"curies":[{"name":"wp","href":"https:\/\/api.w.org\/{rel}","templated":true}]}}