{"id":58,"date":"2017-02-02T16:06:45","date_gmt":"2017-02-02T16:06:45","guid":{"rendered":"https:\/\/ozapato.com\/do\/?post_type=product&#038;p=58"},"modified":"2020-11-16T21:13:16","modified_gmt":"2020-11-16T16:13:16","slug":"hybrid","status":"publish","type":"product","link":"https:\/\/ozapato.com\/do\/producto\/hybrid\/","title":{"rendered":"Hybrid Black"},"content":{"rendered":"<p>[vc_row type=\u00bbboxed\u00bb][vc_column width=\u00bb1\/6&#8243;][vc_column_text]<\/p>\n<p>[\/vc_column_text][\/vc_column][vc_column width=\u00bb2\/3&#8243;][vc_column_text]<\/p>\n<ul>\n<li><span style=\"color: #000000\"><strong>Hybrid 02<\/strong> Black botas para la<\/span><strong>construcci\u00f3n.<\/strong><\/li>\n<li><span style=\"color: #000000\">Suela Slip and Oil Resistant: excelente antideslizante. Dise\u00f1ada especialmente para resistir el deslizamiento y la abrasi\u00f3n.<\/span><\/li>\n<li><span style=\"color: #000000\">Especificamente dise\u00f1ada para aportar el mayor confort y flexibilidad con resistencia a los impactos.<\/span><\/li>\n<li><span style=\"color: #000000\">Plantilla antiperforaci\u00f3n de kevlar Multi-Protective ultra flex certificada ISO y ASTM.<\/span><\/li>\n<li><span style=\"color: #000000\">Puntera de poliamida \/ composit toe certificada con resistencia a m\u00e1s de 2 toneladas (Norma ASTM 2412-2413).<\/span><\/li>\n<li><span style=\"color: #000000\">100% cuero de vacuno resistente al agua.<\/span><\/li>\n<li><span style=\"color: #000000\">Agujetas de poli\u00e9ster con alma de algod\u00f3n resistente para uso prolongado.<\/span><\/li>\n<li><span style=\"color: #000000\">Costuras selladas 100% de Nylon.<\/span><\/li>\n<li><span style=\"color: #000000\">Altura de 5 pulgadas.<\/span><\/li>\n<li><span style=\"color: #000000\"><a style=\"color: #000000\" href=\"https:\/\/workdrive.zohopublic.com\/external\/6Ol2VXoNe8p-JqO1d\/download\" target=\"_blank\" rel=\"noopener\">Ficha\u00a0 t\u00e9cnica<\/a><\/span><\/li>\n<\/ul>\n<p>[\/vc_column_text][\/vc_column][vc_column width=\u00bb1\/6&#8243;][\/vc_column][\/vc_row][vc_row][vc_column][vc_separator][\/vc_column][\/vc_row][vc_row type=\u00bbboxed\u00bb][vc_column][vc_media_grid grid_id=\u00bbvc_gid:1587742673610-785cef76-07e1-10&#8243; include=\u00bb6758,5948,5965&#8243;][\/vc_column][\/vc_row][vc_row][vc_column][vc_separator][\/vc_column][\/vc_row][vc_row type=\u00bbboxed\u00bb background_style=\u00bbnormal\u00bb css=\u00bb.vc_custom_1587742443845{padding-bottom: 5% !important;}\u00bb][vc_column css=\u00bb.vc_custom_1414573502092{background-position: center !important;background-repeat: no-repeat !important;background-size: cover !important;}\u00bb][vc_row_inner type=\u00bbboxed\u00bb css=\u00bb.vc_custom_1587742434883{margin-top: 35px !important;background-color: #000000 !important;}\u00bb][vc_column_inner width=\u00bb1\/3&#8243;][vc_column_text css=\u00bb.vc_custom_1587742393532{margin-right: 30px !important;margin-left: 30px !important;padding-right: 30px !important;padding-left: 30px !important;}\u00bb]<\/p>\n<h4><span style=\"color: #ffffff\">Suela Antideslizante.<\/span><\/h4>\n<p><span style=\"color: #ffffff\">Suela OZAPATO slip and oil resistant. Apta para exposiciones el\u00e9ctricas.<\/span>[\/vc_column_text][\/vc_column_inner][vc_column_inner width=\u00bb1\/3&#8243;][vc_column_text css=\u00bb.vc_custom_1587742410472{margin-right: 30px !important;margin-left: 30px !important;padding-right: 30px !important;padding-left: 30px !important;}\u00bb]<\/p>\n<h4><span style=\"color: #ffffff\">Disponible con o sin puntera.<\/span><\/h4>\n<p><span style=\"color: #ffffff\">Nos adaptamos a su necesidad. Este modelo se puede fabricar con o si puntera.<\/span>[\/vc_column_text][\/vc_column_inner][vc_column_inner width=\u00bb1\/3&#8243;][vc_column_text css=\u00bb.vc_custom_1587742424235{margin-right: 30px !important;margin-left: 30px !important;padding-right: 30px !important;padding-left: 30px !important;}\u00bb]<\/p>\n<h4><span style=\"color: #ffffff\">Plantilla\u00a0 Antiperforaci\u00f3n<\/span><\/h4>\n<p><span style=\"color: #ffffff\">Plantilla antiperforaci\u00f3n textil certificada ASTM e ISO. Ofrece una mayor flexibilidad, ergonom\u00eda y frescura.<\/span>[\/vc_column_text][\/vc_column_inner][\/vc_row_inner][\/vc_column][\/vc_row][vc_row][vc_column][vc_separator][\/vc_column][\/vc_row][vc_row type=\u00bbboxed\u00bb][vc_column][vc_cta h2=\u00bb\u00bb css=\u00bb.vc_custom_1587742621764{background-color: #dd3333 !important;}\u00bb]<\/p>\n<h4 style=\"text-align: center\"><span style=\"color: #ffffff\">\u00bfInteresado en Botas para la construcci\u00f3n? Recibe cotizaci\u00f3n en 24 hs<\/span><\/h4>\n<p>[\/vc_cta][\/vc_column][\/vc_row][vc_row type=\u00bbboxed\u00bb][vc_column][vc_column_text]<iframe loading=\"lazy\" height=\"800px\" width=\"100%\" frameborder=\"0\" allow=\"geolocation;microphone;camera\" src=\"https:\/\/forms.zohopublic.com\/virtualoffice9264\/form\/DOWebForm\/formperma\/2PUNSz-FHS52-Qjw5AHyrOpRv6nst-23hAaLr94PVEk\"> <\/iframe>[\/vc_column_text][\/vc_column][\/vc_row][vc_row][vc_column][vc_separator][\/vc_column][\/vc_row][vc_row type=\u00bbboxed\u00bb][vc_column width=\u00bb1\/6&#8243;][\/vc_column][vc_column width=\u00bb2\/3&#8243;][vc_column_text]<\/p>\n<h3><\/h3>\n<h3 style=\"text-align: center\"><span style=\"color: #000000\">\u00a1BOTAS PARA LA CONSTRUCCI\u00d3N !<\/span><\/h3>\n<p>&nbsp;<\/p>\n<p style=\"text-align: left\"><span style=\"color: #000000\">\ud83d\udc77<a style=\"color: #000000\" href=\"https:\/\/ozapato.com\/do\/producto\/oxford\/\">\u00a0Hybrid 02\u00a0<\/a>\u00a0son\u00a0<strong>botas para la\u00a0<\/strong><b>construcci\u00f3n<\/b>\u00a0con Lockstitch de construcci\u00f3n de suela pegada al corte y cosida al cuero. Con un corte de cuero full grain negro graso y con forrado anti-microbiano acolchado.<\/span><\/p>\n<p>&nbsp;<\/p>\n<h5 style=\"text-align: center\"><span style=\"color: #000000\"><strong>\u00bfQU\u00c9 HACEMOS?<\/strong><\/span><\/h5>\n<p><span style=\"color: #000000\">OZAPATO es una marca de calzado ubicada en Pachuca, M\u00e9xico. Fabricamos botas de <a style=\"color: #000000\" href=\"https:\/\/es.wikipedia.org\/wiki\/Diel%C3%A9ctrico\" target=\"_blank\" rel=\"noopener\">seguridad diel\u00e9ctricas<\/a> y contamos con presencia en Costa Rica, M\u00e9xico, Panam\u00e1 y Estados Unidos. Hemos aprendido a lo largo de los a\u00f1os como fabricar botas de seguridad con calidad y de manera responsable. En <strong>Rep\u00fablica Dominicana<\/strong>, nuestra l\u00ednea industrial cuenta con <a style=\"color: #000000\" href=\"https:\/\/ozapato.com\/do\/botas-de-construccion\/\">botas de seguridad<\/a>, botas de seguridad diel\u00e9ctricas y botas t\u00e1cticas. \u00a1Elija de nuestro cat\u00e1logo las botas que necesita para trabajar con seguridad!<\/span><\/p>\n<h5 style=\"text-align: center\"><span style=\"color: #000000\"><strong>\u00bfC\u00d3MO LO HACEMOS?<\/strong><\/span><\/h5>\n<p><span style=\"color: #000000\">Todas nuestras botas de seguridad industrial son fabricadas con materiales de alta calidad. Tenga la confianza que sus pies estar\u00e1n protegidos en cada momento. Estamos tan seguros de la calidad de nuestros modelos de botas de seguridad industrial que ofrecemos una <strong>garant\u00eda de 4 meses y hasta 6 meses<\/strong> para las botas de seguridad m\u00e1s premium. Adem\u00e1s ofrecemos un servicio de <strong>entrega en 24 horas.<\/strong><\/span><\/p>\n<h5 style=\"text-align: center\"><span style=\"color: #000000\"><strong>\u00bfPOR QU\u00c9 LO HACEMOS?<\/strong><\/span><\/h5>\n<p><span style=\"color: #000000\">OZAPATO naci\u00f3 con la idea de servir a la comunidad local. La producci\u00f3n de nuestras botas de seguridad industrial es un proceso transparente que sustenta el balance socio econ\u00f3mico de la comunidad a la que pertenece.<\/span><\/p>\n<p><span style=\"color: #000000\">El valor m\u00e1s importante de OZAPATO es la entrega directa hasta el <strong>cliente final<\/strong>. Evitamos todos los intermediarios que no a\u00f1aden valor a nuestros consumidores. Cada etapa de la fabricaci\u00f3n de botas de seguridad industrial debe beneficiar a la gente que fabrica el calzado.<\/span><\/p>\n<p><span style=\"color: #000000\">A nuestro equipo le apasiona desarrollar <strong>calzado de seguridad<\/strong> en un ambiente social y econ\u00f3mico justo. Queremos que nuestros clientes conf\u00eden en que no s\u00f3lo compran botas bien hechas y de buena calidad, sino que tambi\u00e9n cada persona incluida en la cadena de suministro reciba un trato justo al momento de realizar su trabajo.<\/span><\/p>\n<p>[\/vc_column_text][\/vc_column][vc_column width=\u00bb1\/6&#8243;][\/vc_column][\/vc_row][vc_row][vc_column][vc_separator][\/vc_column][\/vc_row][vc_row][vc_column][vc_column_text]\n<div id=\"sb_instagram\"  class=\"sbi sbi_mob_col_1 sbi_tab_col_2 sbi_col_4\" style=\"padding-bottom: 10px; width: 100%;\"\t data-feedid=\"sbi_17841401193873551#8\"  data-res=\"auto\" data-cols=\"4\" data-colsmobile=\"1\" data-colstablet=\"2\" data-num=\"8\" data-nummobile=\"\" data-item-padding=\"5\"\t data-shortcode-atts=\"{}\"  data-postid=\"58\" data-locatornonce=\"6387fde7de\" data-imageaspectratio=\"1:1\" data-sbi-flags=\"favorLocal,gdpr\">\n\t\n\t<div id=\"sbi_images\"  style=\"gap: 10px;\">\n\t\t\t<\/div>\n\n\t<div id=\"sbi_load\" >\n\n\t\n\t\t\t<span class=\"sbi_follow_btn\" >\n\t\t\t<a target=\"_blank\" rel=\"nofollow noopener\" href=\"https:\/\/www.instagram.com\/17841401193873551\/\">\n\t\t\t\t<svg class=\"svg-inline--fa fa-instagram fa-w-14\" aria-hidden=\"true\" data-fa-processed=\"\" aria-label=\"Instagram\" data-prefix=\"fab\" data-icon=\"instagram\" role=\"img\" viewBox=\"0 0 448 512\">\n                    <path fill=\"currentColor\" d=\"M224.1 141c-63.6 0-114.9 51.3-114.9 114.9s51.3 114.9 114.9 114.9S339 319.5 339 255.9 287.7 141 224.1 141zm0 189.6c-41.1 0-74.7-33.5-74.7-74.7s33.5-74.7 74.7-74.7 74.7 33.5 74.7 74.7-33.6 74.7-74.7 74.7zm146.4-194.3c0 14.9-12 26.8-26.8 26.8-14.9 0-26.8-12-26.8-26.8s12-26.8 26.8-26.8 26.8 12 26.8 26.8zm76.1 27.2c-1.7-35.9-9.9-67.7-36.2-93.9-26.2-26.2-58-34.4-93.9-36.2-37-2.1-147.9-2.1-184.9 0-35.8 1.7-67.6 9.9-93.9 36.1s-34.4 58-36.2 93.9c-2.1 37-2.1 147.9 0 184.9 1.7 35.9 9.9 67.7 36.2 93.9s58 34.4 93.9 36.2c37 2.1 147.9 2.1 184.9 0 35.9-1.7 67.7-9.9 93.9-36.2 26.2-26.2 34.4-58 36.2-93.9 2.1-37 2.1-147.8 0-184.8zM398.8 388c-7.8 19.6-22.9 34.7-42.6 42.6-29.5 11.7-99.5 9-132.1 9s-102.7 2.6-132.1-9c-19.6-7.8-34.7-22.9-42.6-42.6-11.7-29.5-9-99.5-9-132.1s-2.6-102.7 9-132.1c7.8-19.6 22.9-34.7 42.6-42.6 29.5-11.7 99.5-9 132.1-9s102.7-2.6 132.1 9c19.6 7.8 34.7 22.9 42.6 42.6 11.7 29.5 9 99.5 9 132.1s2.7 102.7-9 132.1z\"><\/path>\n                <\/svg>\t\t\t\t<span>Seguir en Instagram<\/span>\n\t\t\t<\/a>\n\t\t<\/span>\n\t\n<\/div>\n\t\t<span class=\"sbi_resized_image_data\" data-feed-id=\"sbi_17841401193873551#8\"\n\t\t  data-resized=\"[]\">\n\t<\/span>\n\t<\/div>\n\n[\/vc_column_text][\/vc_column][\/vc_row]<\/p>\n","protected":false},"excerpt":{"rendered":"<p>\ud83d\udc77\u00a0El Hybrid 02 black son botas para la construcci\u00f3n\u00a0 hecho con un cuero graso + forro interno acolchado que reconcilian comodidad, resistencia y estilo.Con su suela anti-fatiga.<\/p>\n","protected":false},"featured_media":5948,"comment_status":"open","ping_status":"closed","template":"","meta":[],"product_brand":[],"product_cat":[7,6,8,9,10],"product_tag":[11,12,13,14,15,16],"class_list":{"0":"post-58","1":"product","2":"type-product","3":"status-publish","4":"has-post-thumbnail","6":"product_cat-botas-con-suela","7":"product_cat-industrial","8":"product_cat-portuaria","9":"product_cat-tactica","10":"product_cat-todoterreno","11":"product_tag-botas-de-seguridad","12":"product_tag-botas-dielectricas","13":"product_tag-botas-en-panama","14":"product_tag-botas-industriales","15":"product_tag-cuero","16":"product_tag-leather-boots","18":"first","19":"onbackorder","20":"taxable","21":"shipping-taxable","22":"product-type-simple"},"_links":{"self":[{"href":"https:\/\/ozapato.com\/do\/wp-json\/wp\/v2\/product\/58","targetHints":{"allow":["GET"]}}],"collection":[{"href":"https:\/\/ozapato.com\/do\/wp-json\/wp\/v2\/product"}],"about":[{"href":"https:\/\/ozapato.com\/do\/wp-json\/wp\/v2\/types\/product"}],"replies":[{"embeddable":true,"href":"https:\/\/ozapato.com\/do\/wp-json\/wp\/v2\/comments?post=58"}],"wp:featuredmedia":[{"embeddable":true,"href":"https:\/\/ozapato.com\/do\/wp-json\/wp\/v2\/media\/5948"}],"wp:attachment":[{"href":"https:\/\/ozapato.com\/do\/wp-json\/wp\/v2\/media?parent=58"}],"wp:term":[{"taxonomy":"product_brand","embeddable":true,"href":"https:\/\/ozapato.com\/do\/wp-json\/wp\/v2\/product_brand?post=58"},{"taxonomy":"product_cat","embeddable":true,"href":"https:\/\/ozapato.com\/do\/wp-json\/wp\/v2\/product_cat?post=58"},{"taxonomy":"product_tag","embeddable":true,"href":"https:\/\/ozapato.com\/do\/wp-json\/wp\/v2\/product_tag?post=58"}],"curies":[{"name":"wp","href":"https:\/\/api.w.org\/{rel}","templated":true}]}}