{"id":6594,"date":"2018-02-02T02:03:06","date_gmt":"2018-02-01T21:03:06","guid":{"rendered":"http:\/\/ozapato.com\/do\/?post_type=product&#038;p=6594"},"modified":"2020-11-16T21:13:14","modified_gmt":"2020-11-16T16:13:14","slug":"watt-5%e2%80%b2-dielectrica","status":"publish","type":"product","link":"https:\/\/ozapato.com\/do\/producto\/watt-5%e2%80%b2-dielectrica\/","title":{"rendered":"Watt  Diel\u00e9ctrica"},"content":{"rendered":"<p>[vc_row type=\u00bbboxed\u00bb][vc_column width=\u00bb1\/6&#8243;][vc_column_text]<\/p>\n<p>[\/vc_column_text][\/vc_column][vc_column width=\u00bb2\/3&#8243;][vc_column_text]<\/p>\n<ul>\n<li><span style=\"color: #000000\">Watt son Botas diel\u00e9ctricas resistentes a los 18.000 voltios.<\/span><\/li>\n<li><span style=\"color: #000000\">Esta formada por una nueva suela exclusiva OZAPATO. Elastom\u00e9rica slip resistant, excelente antideslizante. Suela que proporciona una mejor tracci\u00f3n en todas las superficies.<\/span><\/li>\n<li><span style=\"color: #000000\">Nueva puntera XL 25% mas ancha que las punteras classicas. Compuesta de poliamida \/ composit. Resistencia a m\u00e1s de 2 toneladas (Norma ASTM 2412-2413)<\/span><\/li>\n<li><span style=\"color: #000000\">Suela resistente a la humedad y a los aceites \u2013 Oil resistant.<\/span><\/li>\n<li><span style=\"color: #000000\">Plantilla antiperforacion Multi-Protective ultra flex certificada ISO y ASTM.<\/span><\/li>\n<li><span style=\"color: #000000\"><a style=\"color: #000000\" href=\"https:\/\/ozapato.com\/pa\/como-se-hace-el-cuero\/\">Cuero<\/a> full grain premium graso.<\/span><\/li>\n<li><span style=\"color: #000000\">Construcci\u00f3n: vulcanizado.<\/span><\/li>\n<li><span style=\"color: #000000\">Bull\u00f3n exterior acolchado proporcionando una protecci\u00f3n y comodidad en todo el tobillo.<\/span><\/li>\n<li><span style=\"color: #000000\">Bull\u00f3n interior anti-microbiano manteniendo el pie seco y reduciendo al m\u00ednimo los olores.<\/span><\/li>\n<li><span style=\"color: #000000\">Plantilla de poliuretano acolchada opcional, lavable.<\/span><\/li>\n<li><span style=\"color: #000000\">Altura de 6&#8242; pulgadas.<\/span><\/li>\n<li><span style=\"color: #000000\"><a style=\"color: #000000\" href=\"https:\/\/workdrive.zohopublic.com\/external\/6Ol2VXoNe82-JqO1d\/download\" target=\"_blank\" rel=\"noopener\">Ficha T\u00e9cnica<\/a><\/span><\/li>\n<\/ul>\n<p>[\/vc_column_text][\/vc_column][vc_column width=\u00bb1\/6&#8243;][\/vc_column][\/vc_row][vc_row][vc_column][vc_separator][\/vc_column][\/vc_row][vc_row type=\u00bbboxed\u00bb][vc_column][vc_masonry_media_grid grid_id=\u00bbvc_gid:1587729660518-e6d596e3-ed80-9&#8243; include=\u00bb5969,5958,5978&#8243;][\/vc_column][\/vc_row][vc_row][vc_column][vc_separator][\/vc_column][\/vc_row][vc_row type=\u00bbboxed\u00bb background_style=\u00bbnormal\u00bb css=\u00bb.vc_custom_1587729417619{padding-bottom: 5% !important;background-color: #000000 !important;}\u00bb][vc_column css=\u00bb.vc_custom_1414573502092{background-position: center !important;background-repeat: no-repeat !important;background-size: cover !important;}\u00bb][vc_row_inner type=\u00bbboxed\u00bb css=\u00bb.vc_custom_1414582542600{margin-top: 35px !important;}\u00bb][vc_column_inner width=\u00bb1\/3&#8243;][vc_column_text css=\u00bb.vc_custom_1587729426664{margin-right: 30px !important;margin-left: 30px !important;padding-right: 30px !important;padding-left: 30px !important;}\u00bb]<\/p>\n<h4><span style=\"color: #ffffff\">Cemented<\/span><\/h4>\n<p><span style=\"color: #ffffff\">Construcci\u00f3n de suela pegada al corte.<\/span>[\/vc_column_text][\/vc_column_inner][vc_column_inner width=\u00bb1\/3&#8243;][vc_column_text css=\u00bb.vc_custom_1587729434892{margin-right: 30px !important;margin-left: 30px !important;padding-right: 30px !important;padding-left: 30px !important;}\u00bb]<\/p>\n<h4><span style=\"color: #ffffff\">Cueros<\/span><\/h4>\n<p><span style=\"color: #ffffff\">Cuero negro graso de 1.8 a 2.2 mm, leng\u00fceta cerrada para evitar filtraci\u00f3n.<\/span>[\/vc_column_text][\/vc_column_inner][vc_column_inner width=\u00bb1\/3&#8243;][vc_column_text css=\u00bb.vc_custom_1587729552621{margin-right: 30px !important;margin-left: 30px !important;padding-right: 30px !important;padding-left: 30px !important;}\u00bb]<\/p>\n<h4><span style=\"color: #ffffff\">Suela Antideslizante<\/span><\/h4>\n<p><span style=\"color: #ffffff\">Certificado ASTM antideslizante. Resistente a aceites y combustible con recubrimiento frontal.<\/span>[\/vc_column_text][\/vc_column_inner][\/vc_row_inner][\/vc_column][\/vc_row][vc_row][vc_column][vc_separator][\/vc_column][\/vc_row][vc_row][vc_column][vc_cta h2=\u00bb\u00bb css=\u00bb.vc_custom_1587729616640{background-color: #dd3333 !important;}\u00bb]<\/p>\n<h4 class=\"western\" style=\"text-align: center\"><span style=\"color: #ff0000\"><span style=\"color: #ffffff\">Interesado en Botas Diel\u00e9ctricas? Recibe una cotizaci\u00f3n en 24 horas.<\/span>\u00a0<\/span><\/h4>\n<h4><\/h4>\n<p>[\/vc_cta][\/vc_column][\/vc_row][vc_row type=\u00bbboxed\u00bb][vc_column][vc_column_text]<iframe loading=\"lazy\" height=\"800px\" width=\"100%\" frameborder=\"0\" allow=\"geolocation;microphone;camera\" src=\"https:\/\/forms.zohopublic.com\/virtualoffice9264\/form\/DOWebForm\/formperma\/2PUNSz-FHS52-Qjw5AHyrOpRv6nst-23hAaLr94PVEk\"> <\/iframe>[\/vc_column_text][\/vc_column][\/vc_row][vc_row][vc_column][vc_separator][\/vc_column][\/vc_row][vc_row type=\u00bbboxed\u00bb][vc_column width=\u00bb1\/6&#8243;][\/vc_column][vc_column width=\u00bb2\/3&#8243;][vc_column_text]<\/p>\n<h3><\/h3>\n<h3 style=\"text-align: center\">BOTAS DIELECTRICAS RESISTENTES A 18.000 VOLTIOS<\/h3>\n<p>&nbsp;<\/p>\n<p><span style=\"color: #000000\"><a style=\"color: #000000\" href=\"https:\/\/ozapato.com\/do\/producto\/welt-santos-6\/\">\u26a1\u00a0Watt<\/a> son <strong>botas diel\u00e9ctricas<\/strong> resistentes hasta los\u00a0 18.000 voltios.<\/span><\/p>\n<h5 style=\"text-align: center\"><span style=\"color: #000000\"><strong>\u00bfQU\u00c9 HACEMOS?<\/strong><\/span><\/h5>\n<p><span style=\"color: #000000\">OZAPATO es una marca de calzado ubicada en Pachuca, M\u00e9xico. Fabricamos <strong>botas de seguridad industrial<\/strong> y contamos con presencia en Panam\u00e1 y Estados Unidos. Hemos aprendido a lo largo de los a\u00f1os como fabricar botas de seguridad con calidad y de maneja responsable. En <strong>Rep\u00fablica Dominica<\/strong>, nuestra l\u00ednea industrial cuenta con botas de seguridad, botas de seguridad diel\u00e9ctricas y botas t\u00e1cticas. \u00a1Elija de nuestro cat\u00e1logo las botas que necesita para trabajar con seguridad!<\/span><\/p>\n<h5 style=\"text-align: center\"><span style=\"color: #000000\"><strong>\u00bfC\u00d3MO LO HACEMOS?<\/strong><\/span><\/h5>\n<p><span style=\"color: #000000\">Todas nuestras botas de seguridad industrial son fabricadas con materiales de alta calidad. Tenga la confianza que sus pies estar\u00e1n protegidos en cada momento. Estamos tan seguros de la calidad de nuestros modelos de botas de seguridad industrial que ofrecemos una <strong>garant\u00eda de 4 meses y hasta 6 meses<\/strong> para las botas de seguridad m\u00e1s premium. Adem\u00e1s ofrecemos un servicio de <strong>entrega en 24 horas.<\/strong><\/span><\/p>\n<h5 style=\"text-align: center\"><span style=\"color: #000000\"><strong>\u00bfPOR QU\u00c9 LO HACEMOS?<\/strong><\/span><\/h5>\n<p><span style=\"color: #000000\"><a style=\"color: #000000\" href=\"http:\/\/www.ozapato.com\\do\">OZAPATO<\/a> naci\u00f3 con la idea de servir la comunidad local. La producci\u00f3n de nuestras botas de seguridad industrial es un proceso transparente que sustenta el balance socio econ\u00f3mico de la comunidad a la que pertenece.<\/span><\/p>\n<p><span style=\"color: #000000\">El valor m\u00e1s importante de <strong>OZAPATO<\/strong> es la entrega directa hasta el<strong> cliente<\/strong>. Cortamos todos los intermediarios que no a\u00f1aden valor a nuestros <a style=\"color: #000000\" href=\"https:\/\/es.wikipedia.org\/wiki\/Consumidor\" target=\"_blank\" rel=\"noopener\">consumidores<\/a>. Cada etapa de la fabricaci\u00f3n de botas de seguridad industrial debe beneficiar a la gente que fabrica el <strong>calzado.<\/strong><\/span><\/p>\n<p><span style=\"color: #000000\">Nuestro equipo ama desarrollar botas de seguridad en un ambiente social y econ\u00f3mico justo. Queremos que nuestros clientes conf\u00eden en que no s\u00f3lo compran <a style=\"color: #000000\" href=\"http:\/\/bota\">botas<\/a> bien hechas y de buena calidad,sino que tambi\u00e9n cada persona incluida en la cadena de suministro reciba un trato justo al momento de realizar su trabajo.<\/span>[\/vc_column_text][\/vc_column][vc_column width=\u00bb1\/6&#8243;][\/vc_column][\/vc_row][vc_row][vc_column][vc_separator][\/vc_column][\/vc_row][vc_row][vc_column][vc_column_text]\n<div id=\"sb_instagram\"  class=\"sbi sbi_mob_col_1 sbi_tab_col_2 sbi_col_4\" style=\"padding-bottom: 10px; width: 100%;\"\t data-feedid=\"sbi_17841401193873551#8\"  data-res=\"auto\" data-cols=\"4\" data-colsmobile=\"1\" data-colstablet=\"2\" data-num=\"8\" data-nummobile=\"\" data-item-padding=\"5\"\t data-shortcode-atts=\"{}\"  data-postid=\"6594\" data-locatornonce=\"553104b46e\" data-imageaspectratio=\"1:1\" data-sbi-flags=\"favorLocal,gdpr\">\n\t\n\t<div id=\"sbi_images\"  style=\"gap: 10px;\">\n\t\t\t<\/div>\n\n\t<div id=\"sbi_load\" >\n\n\t\n\t\t\t<span class=\"sbi_follow_btn\" >\n\t\t\t<a target=\"_blank\" rel=\"nofollow noopener\" href=\"https:\/\/www.instagram.com\/17841401193873551\/\">\n\t\t\t\t<svg class=\"svg-inline--fa fa-instagram fa-w-14\" aria-hidden=\"true\" data-fa-processed=\"\" aria-label=\"Instagram\" data-prefix=\"fab\" data-icon=\"instagram\" role=\"img\" viewBox=\"0 0 448 512\">\n                    <path fill=\"currentColor\" d=\"M224.1 141c-63.6 0-114.9 51.3-114.9 114.9s51.3 114.9 114.9 114.9S339 319.5 339 255.9 287.7 141 224.1 141zm0 189.6c-41.1 0-74.7-33.5-74.7-74.7s33.5-74.7 74.7-74.7 74.7 33.5 74.7 74.7-33.6 74.7-74.7 74.7zm146.4-194.3c0 14.9-12 26.8-26.8 26.8-14.9 0-26.8-12-26.8-26.8s12-26.8 26.8-26.8 26.8 12 26.8 26.8zm76.1 27.2c-1.7-35.9-9.9-67.7-36.2-93.9-26.2-26.2-58-34.4-93.9-36.2-37-2.1-147.9-2.1-184.9 0-35.8 1.7-67.6 9.9-93.9 36.1s-34.4 58-36.2 93.9c-2.1 37-2.1 147.9 0 184.9 1.7 35.9 9.9 67.7 36.2 93.9s58 34.4 93.9 36.2c37 2.1 147.9 2.1 184.9 0 35.9-1.7 67.7-9.9 93.9-36.2 26.2-26.2 34.4-58 36.2-93.9 2.1-37 2.1-147.8 0-184.8zM398.8 388c-7.8 19.6-22.9 34.7-42.6 42.6-29.5 11.7-99.5 9-132.1 9s-102.7 2.6-132.1-9c-19.6-7.8-34.7-22.9-42.6-42.6-11.7-29.5-9-99.5-9-132.1s-2.6-102.7 9-132.1c7.8-19.6 22.9-34.7 42.6-42.6 29.5-11.7 99.5-9 132.1-9s102.7-2.6 132.1 9c19.6 7.8 34.7 22.9 42.6 42.6 11.7 29.5 9 99.5 9 132.1s2.7 102.7-9 132.1z\"><\/path>\n                <\/svg>\t\t\t\t<span>Seguir en Instagram<\/span>\n\t\t\t<\/a>\n\t\t<\/span>\n\t\n<\/div>\n\t\t<span class=\"sbi_resized_image_data\" data-feed-id=\"sbi_17841401193873551#8\"\n\t\t  data-resized=\"[]\">\n\t<\/span>\n\t<\/div>\n\n[\/vc_column_text][\/vc_column][\/vc_row]<\/p>\n","protected":false},"excerpt":{"rendered":"<p>\u26a1\u00a0Watt\u00a0 son la botas diel\u00e9ctricas resistentes a los 18.000 voltios.\u00a0Certificada ASTM 2313-18. Para trabajos con gran\u00a0exposici\u00f3n a corrientes el\u00e9ctricas.<\/p>\n","protected":false},"featured_media":5946,"comment_status":"open","ping_status":"closed","template":"","meta":[],"product_brand":[],"product_cat":[26,28,6,8,37,10],"product_tag":[],"class_list":{"0":"post-6594","1":"product","2":"type-product","3":"status-publish","4":"has-post-thumbnail","6":"product_cat-botas-de-construccion","7":"product_cat-dielectrica","8":"product_cat-industrial","9":"product_cat-portuaria","10":"product_cat-premium","11":"product_cat-todoterreno","13":"first","14":"onbackorder","15":"taxable","16":"shipping-taxable","17":"product-type-simple"},"_links":{"self":[{"href":"https:\/\/ozapato.com\/do\/wp-json\/wp\/v2\/product\/6594","targetHints":{"allow":["GET"]}}],"collection":[{"href":"https:\/\/ozapato.com\/do\/wp-json\/wp\/v2\/product"}],"about":[{"href":"https:\/\/ozapato.com\/do\/wp-json\/wp\/v2\/types\/product"}],"replies":[{"embeddable":true,"href":"https:\/\/ozapato.com\/do\/wp-json\/wp\/v2\/comments?post=6594"}],"wp:featuredmedia":[{"embeddable":true,"href":"https:\/\/ozapato.com\/do\/wp-json\/wp\/v2\/media\/5946"}],"wp:attachment":[{"href":"https:\/\/ozapato.com\/do\/wp-json\/wp\/v2\/media?parent=6594"}],"wp:term":[{"taxonomy":"product_brand","embeddable":true,"href":"https:\/\/ozapato.com\/do\/wp-json\/wp\/v2\/product_brand?post=6594"},{"taxonomy":"product_cat","embeddable":true,"href":"https:\/\/ozapato.com\/do\/wp-json\/wp\/v2\/product_cat?post=6594"},{"taxonomy":"product_tag","embeddable":true,"href":"https:\/\/ozapato.com\/do\/wp-json\/wp\/v2\/product_tag?post=6594"}],"curies":[{"name":"wp","href":"https:\/\/api.w.org\/{rel}","templated":true}]}}