{"id":191,"date":"2021-02-02T21:57:25","date_gmt":"2021-02-03T03:57:25","guid":{"rendered":"https:\/\/ozapato.com\/gt\/?page_id=191"},"modified":"2021-02-03T20:35:03","modified_gmt":"2021-02-04T02:35:03","slug":"botas-dielectricas-de-seguridad","status":"publish","type":"page","link":"https:\/\/ozapato.com\/gt\/botas-dielectricas-de-seguridad\/","title":{"rendered":"Botas Diel\u00e9ctricas de Seguridad"},"content":{"rendered":"<p>[vc_row video_bg=\u00bbyes\u00bb video_bg_url=\u00bbhttps:\/\/www.youtube.com\/watch?v=__oq67bsM8A\u00bb][vc_column][vc_empty_space height=\u00bb60px\u00bb][\/vc_column][\/vc_row][vc_row][vc_column width=\u00bb1\/6&#8243;][\/vc_column][vc_column width=\u00bb2\/3&#8243;][vc_column_text]<\/p>\n<h3 style=\"text-align: center;\"><span style=\"color: #000000;\"><span style=\"vertical-align: inherit;\">BOTAS DIEL\u00c9CTRICAS\u00a0<\/span><\/span><\/h3>\n<p style=\"text-align: justify;\"><span style=\"color: #000000;\"><span style=\"vertical-align: inherit;\">\ud83e\udd7e\u00a0\u00a1<strong>Botas diel\u00e9ctricas<\/strong> en Guatemala! Sabemos que las <strong>descargas el\u00e9ctricas\u00a0<\/strong> son los riesgos m\u00e1s peligrosos que pueden encontrar en el lugar de trabajo. Es por eso que OZAPATO, fabrica dos modelos de <strong>zapatos <\/strong><strong>diel\u00e9ctricos<\/strong>, que son capaces de soportar hasta <strong>18,000 voltios<\/strong> . Con su <strong>casco de poliamida<\/strong> , su plantilla <a style=\"color: #000000;\" href=\"https:\/\/ozapato.com\/cr\/tecnologia\/\" target=\"_blank\" rel=\"noopener noreferrer\">anti perforaci\u00f3n<\/a> de kevlar y sus orificios pl\u00e1sticos, estos modelos son ideales para cualquier tipo de trabajo con <strong>alta tensi\u00f3n.<\/strong><\/span>\u00a0\u00a1<\/span><\/p>\n<p style=\"text-align: justify;\"><span style=\"color: #000000;\"><span style=\"vertical-align: inherit;\">Todas nuestras medidas <\/span><strong><span style=\"vertical-align: inherit;\">de seguridad<\/span><\/strong><span style=\"vertical-align: inherit;\"> diel\u00e9ctricas est\u00e1n certificadas bajo la norma americana: <\/span><strong><span style=\"vertical-align: inherit;\">ASTM 2412-2413 \/ <\/span><a style=\"color: #000000;\" href=\"https:\/\/www.astm.org\/\" target=\"_blank\" rel=\"noopener noreferrer\"><span style=\"vertical-align: inherit;\">ASTM-F-2413-18<\/span><\/a><\/strong><\/span><\/p>\n<p>[\/vc_column_text][vc_single_image image=\u00bb192&#8243; img_size=\u00bblarge\u00bb alignment=\u00bbcenter\u00bb][vc_column_text]<\/p>\n<p style=\"text-align: justify;\"><span style=\"color: #000000;\"><span style=\"vertical-align: inherit;\">El <\/span><a style=\"color: #000000;\" href=\"https:\/\/ozapato.com\/cr\/product\/welt-santos-6\/\" target=\"_blank\" rel=\"noopener noreferrer\"><span style=\"vertical-align: inherit;\">Welt Santos<\/span><\/a><span style=\"vertical-align: inherit;\"> , en su proceso \u00bb <\/span><a style=\"color: #000000;\" href=\"http:\/\/goodyearwelt.es\/fr\/fabricacion-good-year-welt\" target=\"_blank\" rel=\"noopener noreferrer\"><span style=\"vertical-align: inherit;\">Goodyear Welt<\/span><\/a><span style=\"vertical-align: inherit;\"> \u00bb y su cuero graso de flor entera es nuestro modelo m\u00e1s premium. Tiene una garant\u00eda de 6 meses contra cualquier defecto de fabricaci\u00f3n.<\/span><\/span><\/p>\n<p style=\"text-align: justify;\"><span style=\"color: #000000;\"><span style=\"vertical-align: inherit;\">El modelo <\/span><strong><span style=\"vertical-align: inherit;\">Watt<\/span><\/strong><span style=\"vertical-align: inherit;\"> en una bota diel\u00e9ctrica un poco m\u00e1s econ\u00f3mico sin embargo cumple con las certificaciones diel\u00e9ctricas americanas. Viene con un corte m\u00e1s bajo que el modelo Santos y esta montado y pegado en una suela diel\u00e9ctrica de hule.<\/span><\/span><\/p>\n<p><span style=\"vertical-align: inherit;\">Tambi\u00e9n la l\u00ednea <\/span><strong><span style=\"vertical-align: inherit;\">Tanok 01<\/span><\/strong><span style=\"vertical-align: inherit;\"> es nuestro modelo de zapato diel\u00e9ctrico certificado hasta 18 000 voltios.<\/span><\/p>\n<p style=\"text-align: justify;\"><span style=\"vertical-align: inherit;\">\u00a1Elija las botas o zapatos diel\u00e9ctricos adecuados para su empresa o ll\u00e1menos para recibir una asesor\u00eda t\u00e9cnica!<\/span><\/p>\n<p>[\/vc_column_text][\/vc_column][vc_column width=\u00bb1\/6&#8243;][\/vc_column][\/vc_row][vc_row][vc_column][vc_cta h2=\u00bb\u00bb css=\u00bb.vc_custom_1612322551604{background-color: #dd3333 !important;}\u00bb]<\/p>\n<h4 style=\"text-align: center;\"><span style=\"color: #ffffff;\"><strong><span style=\"vertical-align: inherit;\"><span style=\"vertical-align: inherit;\"><span style=\"color: #ffffff;\"><span style=\"vertical-align: inherit;\"><span style=\"vertical-align: inherit;\"><span style=\"vertical-align: inherit;\"><span style=\"vertical-align: inherit;\"><span style=\"vertical-align: inherit;\">\u00bfIn<span style=\"color: #ffffff;\">teresado en Botas diel\u00e9ctricas? <\/span><\/span><\/span><\/span><\/span><\/span><\/span><span style=\"vertical-align: inherit; color: #ffffff;\"><span style=\"vertical-align: inherit;\"><span style=\"vertical-align: inherit;\"><span style=\"vertical-align: inherit;\"><span style=\"vertical-align: inherit;\">Recibir con cotizaci\u00f3n en 24 hs<\/span><\/span><\/span><\/span><\/span><\/span><\/span><\/strong><\/span><\/h4>\n<p>[\/vc_cta][vc_column_text]<iframe loading=\"lazy\" height=\"800px\" width=\"100%\" frameborder=\"0\" allow=\"geolocation;microphone;camera\" src=\"https:\/\/forms.zohopublic.com\/virtualoffice9264\/form\/GTWebForm\/formperma\/MDrsbAZPyy93qKfNfyttrZUhON6CheYZ_85hXM1rtQs\"> <\/iframe>[\/vc_column_text][\/vc_column][\/vc_row][vc_row][vc_column width=\u00bb1\/6&#8243;][\/vc_column][vc_column width=\u00bb2\/3&#8243;][vc_column_text]<\/p>\n<h4 style=\"text-align: center;\">5 REGLAS B\u00c1SICAS PARA TRABAJAR CON ELECTRICIDAD<\/h4>\n<p><span style=\"font-weight: 400; color: #000000;\">Desde el punto de vista profesional, hay que tener en cuenta las <strong>cinco reglas b\u00e1sicas<\/strong> para trabajar con <a href=\"https:\/\/es.wikipedia.org\/wiki\/Electricidad\" target=\"_blank\" rel=\"noopener\">electricidad:<\/a><\/span><\/p>\n<ul>\n<li><span style=\"font-weight: 400; color: #000000;\"><strong>A\u00edslar de cualquier posible fuente de alimentaci\u00f3n<\/strong> la parte de la instalaci\u00f3n con la que van a trabajar los electricistas.<\/span><\/li>\n<li><span style=\"font-weight: 400; color: #000000;\"><strong>Bloquear<\/strong> cada uno de los\u00a0 aparatos de seccionamiento, con la se\u00f1al de prohibido manipular.<\/span><\/li>\n<li><span style=\"font-weight: 400; color: #000000;\">Chequear la ausencia de tensi\u00f3n el\u00e9ctrica en cada una de las partes de la instalaci\u00f3n.<\/span><\/li>\n<li><span style=\"font-weight: 400; color: #000000;\">Instalar o <strong>conectar a tierra<\/strong> todas las partes del <a href=\"https:\/\/es.wikipedia.org\/wiki\/Cortocircuito\" target=\"_blank\" rel=\"noopener\">cortocircuito<\/a> donde se va a trabajar.<\/span><\/li>\n<li><span style=\"font-weight: 400; color: #000000;\">Limitar y <strong>se\u00f1alar la zona de trabajo<\/strong> con los carteles y medidas de seguridad necesarias para llevar a cabo el trabajo por los operarios electricos.<\/span><\/li>\n<\/ul>\n<p>[\/vc_column_text][\/vc_column][vc_column width=\u00bb1\/6&#8243;][\/vc_column][\/vc_row][vc_row][vc_column][vc_media_grid element_width=\u00bb3&#8243; grid_id=\u00bbvc_gid:1612406005318-30af84dd-bfcc-3&#8243; include=\u00bb192,19,148,116&#8243;][\/vc_column][\/vc_row][vc_row][vc_column width=\u00bb1\/6&#8243;][\/vc_column][vc_column width=\u00bb2\/3&#8243;][vc_column_text]<\/p>\n<h4 style=\"text-align: center;\"><span style=\"color: #000000;\"><strong>LAS MEJORES BOTAS DI\u00c9LECTRICAS EN GUATEMALA<\/strong><\/span><\/h4>\n<p><span style=\"color: #000000;\">Los <strong>\u00a0zapatos de seguridad diel\u00e9ctricos<\/strong> de OZAPATO, estan certificados bajo la norma americana: <strong>ASTM 2412-2413<\/strong> \/ <a style=\"color: #000000;\" href=\"https:\/\/www.astm.org\/Standards\/F2413.htm\" target=\"_blank\" rel=\"noopener noreferrer\"><strong>ASTM-F-2413-18.<\/strong>\u00a0<\/a> Porque sabemos que las descargas el\u00e9ctricas son los riesgos m\u00e1s peligrosos que se pueden encontrar en el lugar de trabajo. Es por eso que nuestros dos modelos de zapatos\u00a0de seguridad diel\u00e9ctricos son capaces de soportar m\u00e1s de <strong>18,000 voltios<\/strong>. Con su casco de poliamida, su plantilla anti perforaci\u00f3n de kevlar y sus orificios pl\u00e1sticos, estos modelos son ideales para cualquier tipo trabajo con alta tensi\u00f3n.<\/span><\/p>\n<p><span style=\"color: #000000;\">\u00a1Elija el mejor calzado en Guatemala, diel\u00e9ctrico y certificado para su empresa o ll\u00e1menos para recibir una <strong>asesor\u00eda t\u00e9cnica gratis<\/strong>!<\/span>[\/vc_column_text][\/vc_column][vc_column width=\u00bb1\/6&#8243;][\/vc_column][\/vc_row][vc_row][vc_column width=\u00bb1\/6&#8243;][\/vc_column][vc_column width=\u00bb2\/3&#8243;][vc_column_text]<\/p>\n<h4 style=\"text-align: center;\"><span style=\"color: #000000;\"><strong><span style=\"vertical-align: inherit;\">\u00a1LA TECNOLOG\u00cdA DE LOS ZAPATOS MAS SEGUROS DE AM\u00c9RICA!<\/span><\/strong><\/span><\/h4>\n<p><span style=\"color: #000000;\"><span style=\"vertical-align: inherit;\">La <\/span><a style=\"color: #000000;\" href=\"https:\/\/es.wikipedia.org\/wiki\/Tecnolog%C3%ADa\" target=\"_blank\" rel=\"noopener\"><span style=\"vertical-align: inherit;\">tecnolog\u00eda<\/span><\/a><span style=\"vertical-align: inherit;\"> de <\/span><strong><span style=\"vertical-align: inherit;\">OZAPATO<\/span><\/strong><span style=\"vertical-align: inherit;\"> tiene la misi\u00f3n de fabricar los modelos de <\/span><strong><span style=\"vertical-align: inherit;\">zapatos y botas de seguridad<\/span><\/strong><span style=\"vertical-align: inherit;\"> del mercado. Con un departamento de <\/span><a style=\"color: #000000;\" href=\"https:\/\/es.wikipedia.org\/wiki\/Investigaci%C3%B3n,_desarrollo_e_innovaci%C3%B3n\" target=\"_blank\" rel=\"noopener\"><span style=\"vertical-align: inherit;\">Innovaci\u00f3n y Desarrollo<\/span><\/a><span style=\"vertical-align: inherit;\"> situado en M\u00e9xico, OZAPATO busca brindarle el calzado de protecci\u00f3n m\u00e1s novedoso y c\u00f3modo para el consumidor final.<\/span><\/span><\/p>\n<p><span style=\"color: #000000;\"><span style=\"vertical-align: inherit;\">Gracias a su I + D, nuestra empresa disena calzado de protecci\u00f3n para todo <\/span><a style=\"color: #000000;\" href=\"https:\/\/es.wikipedia.org\/wiki\/Am%C3%A9rica?wprov=srpw1_0\" target=\"_blank\" rel=\"noopener\"><span style=\"vertical-align: inherit;\">Am\u00e9rica<\/span><\/a><span style=\"vertical-align: inherit;\"> y Guatemala. Entre los productos que innova <\/span><a style=\"color: #000000;\" href=\"http:\/\/www.ozapato.com\"><span style=\"vertical-align: inherit;\">OZAPATO<\/span><\/a><span style=\"vertical-align: inherit;\"> son:<\/span><\/span><\/p>\n<ul>\n<li><span style=\"color: #000000;\"><strong><span style=\"vertical-align: inherit;\">Suelas<\/span><\/strong><\/span><\/li>\n<li><span style=\"color: #000000;\"><strong><span style=\"vertical-align: inherit;\">Suela 100% hule.<\/span><\/strong><\/span><\/li>\n<li><span style=\"color: #000000;\"><strong><span style=\"vertical-align: inherit;\">Suela exclusiva de OZAPATO Antideslizante y resistente al aceite.<\/span><\/strong><\/span><\/li>\n<li><span style=\"color: #000000;\"><strong><span style=\"vertical-align: inherit;\">Plantillas<\/span><\/strong><\/span><\/li>\n<li><span style=\"color: #000000;\"><strong><span style=\"vertical-align: inherit;\">Plantillas antiperforaci\u00f3n.<\/span><\/strong><\/span><\/li>\n<li><span style=\"color: #000000;\"><strong><span style=\"vertical-align: inherit;\">Plantillas de Celfil.<\/span><\/strong><\/span><\/li>\n<li><span style=\"color: #000000;\"><strong><span style=\"vertical-align: inherit;\">Plantilla T\u00e9rmica<\/span><\/strong><\/span><\/li>\n<li><span style=\"color: #000000;\"><strong><span style=\"vertical-align: inherit;\">Plantilla Textil.<\/span><\/strong><\/span><\/li>\n<li><span style=\"color: #000000;\"><strong><span style=\"vertical-align: inherit;\">Plantilla de Poliuretano.<\/span><\/strong><\/span><\/li>\n<li><span style=\"color: #000000;\"><strong><span style=\"vertical-align: inherit;\">Cascos<\/span><\/strong><\/span><\/li>\n<li><span style=\"color: #000000;\"><strong><span style=\"vertical-align: inherit;\">Casco de C\u00f3mposit.<\/span><\/strong><\/span><\/li>\n<li><span style=\"color: #000000;\"><strong><span style=\"vertical-align: inherit;\">Casco de acero.<\/span><\/strong><\/span><\/li>\n<li><span style=\"color: #000000;\"><strong><span style=\"vertical-align: inherit;\">Membrana de Cuero.<\/span><\/strong><\/span><\/li>\n<li><span style=\"color: #000000;\"><strong><span style=\"vertical-align: inherit;\">Forro acolchado.<\/span><\/strong><\/span><\/li>\n<li><span style=\"color: #000000;\"><strong><span style=\"vertical-align: inherit;\">Calzado a\u00edslante.<\/span><\/strong><\/span><\/li>\n<\/ul>\n<p>[\/vc_column_text][vc_column_text]<\/p>\n<h4 class=\"western\" align=\"center\"><span style=\"color: #000000;\"><span style=\"vertical-align: inherit;\">\u00bf <\/span><strong><span style=\"vertical-align: inherit;\">QU\u00c9\u00a0<\/span><\/strong><span style=\"vertical-align: inherit;\"> HACEMOS?<\/span><\/span><\/h4>\n<p><span style=\"color: #000000;\"><strong><span style=\"vertical-align: inherit;\">OZAPATO<\/span><\/strong><span style=\"vertical-align: inherit;\"> es una marca de calzado ubicado en Pachuca, M\u00e9xico. Fabricamos botas de seguridad industrial y contamos con presencia en <\/span><a style=\"color: #000000;\" href=\"http:\/\/www.ozapato.com\\cr\"><span style=\"vertical-align: inherit;\">Guatemala<\/span><\/a><span style=\"vertical-align: inherit;\"> , Rep\u00fablica Dominicana, M\u00e9xico, Panam\u00e1 y Estados Unidos. Hemos aprendido a lo largo de los a\u00f1os como fabricante de <\/span><strong><span style=\"vertical-align: inherit;\">zapatos de seguridad<\/span><\/strong><span style=\"vertical-align: inherit;\"> con calidad y de manera responsable. En<\/span><strong><span style=\"vertical-align: inherit;\">\u00a0Guatemala<\/span><\/strong><span style=\"vertical-align: inherit;\">, nuestra l\u00ednea industrial cuenta con botas de seguridad, botas de seguridad diel\u00e9ctricas y botas t\u00e1cticas. \u00a1Elija de nuestro cat\u00e1logo las botas que necesita para trabajar con seguridad!<\/span><\/span><\/p>\n<h4 class=\"western\" align=\"center\"><span style=\"color: #000000;\"><span style=\"vertical-align: inherit;\">\u00bfC\u00d3MO <\/span><strong><span style=\"vertical-align: inherit;\">\u00a0LO HACEMOS?<\/span><\/strong><\/span><\/h4>\n<p><span style=\"color: #000000;\"><span style=\"vertical-align: inherit;\">Todas nuestras zapatillas <\/span><strong><span style=\"vertical-align: inherit;\">de seguridad industrial<\/span><\/strong><span style=\"vertical-align: inherit;\"> son fabricadas con materiales de alta calidad.Tenga la confianza que sus pies afectados protegidos en cada momento. Estamos tan seguros de la calidad de nuestros modelos de botas de seguridad industrial que ofrecemos una garant\u00eda de 4 meses y hasta 6 meses para las botas de seguridad m\u00e1s premium. Adem\u00e1s ofrecemos un servicio de entrega en 24 horas.<\/span><\/span><\/p>\n<h4 class=\"western\" align=\"center\"><span style=\"color: #000000;\"><strong><span style=\"vertical-align: inherit;\">\u00bfPOR QU\u00c9 LO HACEMOS?<\/span><\/strong><\/span><\/h4>\n<p><span style=\"color: #000000;\"><span style=\"vertical-align: inherit;\">OZAPATO naci\u00f3 con la idea de servir a la comunidad local. La producci\u00f3n de nuestros <\/span><strong><span style=\"vertical-align: inherit;\">zapatos de seguridad<\/span><\/strong><span style=\"vertical-align: inherit;\"> industrial es un proceso transparente que sustenta el equilibrio socio econ\u00f3mico de la comunidad a la que pertenece.<\/span><\/span><\/p>\n<p><span style=\"color: #000000;\"><span style=\"vertical-align: inherit;\">El valor m\u00e1s importante de OZAPATO es la entrega directa hasta el cliente. Evitamos todos los intermediarios que no a\u00f1aden valor a nuestros consumidores. Cada etapa de la fabricaci\u00f3n de <\/span><a style=\"color: #000000;\" href=\"https:\/\/es.wikipedia.org\/wiki\/Calzado_de_protecci%C3%B3n\" target=\"_blank\" rel=\"noopener\"><span style=\"vertical-align: inherit;\">zapatos de seguridad<\/span><\/a><span style=\"vertical-align: inherit;\"> deberes <a style=\"color: #000000;\" href=\"https:\/\/es.wikipedia.org\/wiki\/Calzado_de_protecci%C3%B3n\" target=\"_blank\" rel=\"noopener\">industriales<\/a> beneficiarios de la gente que fabrica el calzado<\/span><\/span>[\/vc_column_text][\/vc_column][vc_column width=\u00bb1\/6&#8243;][\/vc_column][\/vc_row]<\/p>\n","protected":false},"excerpt":{"rendered":"<p>[vc_row video_bg=\u00bbyes\u00bb video_bg_url=\u00bbhttps:\/\/www.youtube.com\/watch?v=__oq67bsM8A\u00bb][vc_column][vc_empty_space height=\u00bb60px\u00bb][\/vc_column][\/vc_row][vc_row][vc_column width=\u00bb1\/6&#8243;][\/vc_column][vc_column width=\u00bb2\/3&#8243;][vc_column_text] BOTAS DIEL\u00c9CTRICAS\u00a0 \ud83e\udd7e\u00a0\u00a1Botas diel\u00e9ctricas en Guatemala! Sabemos que las descargas el\u00e9ctricas\u00a0 son los riesgos m\u00e1s peligrosos que pueden encontrar en el lugar de trabajo. Es por eso que OZAPATO, fabrica dos modelos de zapatos diel\u00e9ctricos, que son capaces de soportar hasta 18,000 voltios . Con su casco de poliamida [&hellip;]<\/p>\n","protected":false},"author":395,"featured_media":0,"parent":0,"menu_order":0,"comment_status":"closed","ping_status":"closed","template":"page-full-width.php","meta":{"footnotes":""},"class_list":["post-191","page","type-page","status-publish","hentry"],"_links":{"self":[{"href":"https:\/\/ozapato.com\/gt\/wp-json\/wp\/v2\/pages\/191","targetHints":{"allow":["GET"]}}],"collection":[{"href":"https:\/\/ozapato.com\/gt\/wp-json\/wp\/v2\/pages"}],"about":[{"href":"https:\/\/ozapato.com\/gt\/wp-json\/wp\/v2\/types\/page"}],"author":[{"embeddable":true,"href":"https:\/\/ozapato.com\/gt\/wp-json\/wp\/v2\/users\/395"}],"replies":[{"embeddable":true,"href":"https:\/\/ozapato.com\/gt\/wp-json\/wp\/v2\/comments?post=191"}],"version-history":[{"count":3,"href":"https:\/\/ozapato.com\/gt\/wp-json\/wp\/v2\/pages\/191\/revisions"}],"predecessor-version":[{"id":394,"href":"https:\/\/ozapato.com\/gt\/wp-json\/wp\/v2\/pages\/191\/revisions\/394"}],"wp:attachment":[{"href":"https:\/\/ozapato.com\/gt\/wp-json\/wp\/v2\/media?parent=191"}],"curies":[{"name":"wp","href":"https:\/\/api.w.org\/{rel}","templated":true}]}}