{"id":195,"date":"2021-02-02T23:08:45","date_gmt":"2021-02-03T05:08:45","guid":{"rendered":"https:\/\/ozapato.com\/gt\/?page_id=195"},"modified":"2021-06-29T16:35:49","modified_gmt":"2021-06-29T22:35:49","slug":"botas-militares-y-tacticas-guatemala","status":"publish","type":"page","link":"https:\/\/ozapato.com\/gt\/botas-militares-y-tacticas-guatemala\/","title":{"rendered":"\ud83d\udcaa Botas Militares"},"content":{"rendered":"<p>[vc_row video_bg=\u00bbyes\u00bb video_bg_url=\u00bbhttps:\/\/www.youtube.com\/watch?v=__oq67bsM8A\u00bb][vc_column][vc_empty_space height=\u00bb60px\u00bb][\/vc_column][\/vc_row][vc_row][vc_column width=\u00bb1\/6&#8243;][\/vc_column][vc_column width=\u00bb2\/3&#8243;][vc_column_text]<\/p>\n<h3 style=\"text-align: center;\"><span style=\"color: #000000;\"><strong><span style=\"vertical-align: inherit;\">BOTAS MILITARES Y\u00a0 T\u00c1CTICAS\u00a0<\/span><\/strong><\/span><\/h3>\n<p style=\"text-align: justify;\"><span style=\"color: #000000;\"><span style=\"vertical-align: inherit;\">Las <strong>botas<\/strong> <a href=\"https:\/\/ozapato.com\/cr\/botas-dielectricas\/\">militares y t\u00e1cticas fueron\u00a0<\/a> espec\u00edficamente dise\u00f1adas para el clima de Guatemala.<\/span><\/span><\/p>\n<p style=\"text-align: justify;\"><span style=\"color: #000000;\"><span style=\"vertical-align: inherit;\">Los criterios m\u00e1s importantes para realizar estas botas t\u00e1cticas son tanto la resistencia de los materiales utilizados para su fabricaci\u00f3n que la comodida<\/span><\/span><\/p>\n<p style=\"text-align: justify;\"><span style=\"color: #000000;\"><span style=\"vertical-align: inherit;\">Es por eso que nuestra bota t\u00e1ctica <a href=\"https:\/\/ozapato.com\/cr\/pages\/precio\/\"><strong>\u201cCop 9 &#8216;\u201d<\/strong><\/a> , est\u00e1 hecha a mano con un cuero de calidad y una lona impermeable. El Corte este cosido directamente a la <strong>suela de hule<\/strong> con un proceso \u00bb <\/span><a style=\"color: #000000;\" href=\"https:\/\/en.wikipedia.org\/wiki\/Lockstitch\" target=\"_blank\" rel=\"noopener noreferrer\"><span style=\"vertical-align: inherit;\">del punto de cadeneta<\/span><\/a><span style=\"vertical-align: inherit;\"> \u00ab. El uso del <strong>cuero<\/strong> y de la <strong>lona<\/strong> nos permite ofrecer una bota militar resistente y liviana.<\/span><\/span><\/p>\n<p style=\"text-align: justify;\"><span style=\"color: #000000;\"><span style=\"vertical-align: inherit;\">Tambi\u00e9n por su\u00a0 <\/span><a style=\"color: #000000;\" href=\"https:\/\/ozapato.com\/pa\/10-normas-de-seguridad-industrial-que-debe-de-conocer\/\" target=\"_blank\" rel=\"noopener noreferrer\"><span style=\"vertical-align: inherit;\">Seguridad<\/span><\/a><span style=\"vertical-align: inherit;\"> , HEMOS agregado Una\u00a0 <\/span><a style=\"color: #000000;\" href=\"https:\/\/ozapato.com\/pa\/las-4-ventajas-de-las-plantillas-antiperforacion-textiles\/\" target=\"_blank\" rel=\"noopener noreferrer\"><span style=\"vertical-align: inherit;\">plantilla antiperforaci\u00f3n textil<\/span><\/a><span style=\"vertical-align: inherit;\"> \u00a0 \u00a0Que les protege de los Peligros Que pueden ENCONTRAR En Su Trabajo. \u00a1Adem\u00e1s, nuestras <strong>botas militares<\/strong> vienen con una <strong>garant\u00eda de 6 meses<\/strong> !<\/span><\/span><\/p>\n<p style=\"text-align: justify;\"><span style=\"color: #000000;\"><span style=\"vertical-align: inherit;\">OZAPATO tiene todo tipo de calzado de seguridad: botas t\u00e1cticas, diel\u00e9ctricas, antideslizantes, hidrofugadas o reforzadas para todos sus necesidades. \u00a1 <\/span><span style=\"vertical-align: inherit;\">Elija <\/span><span style=\"vertical-align: inherit;\"> \u00a0ahora las botas que necesita para <strong>rabajar con seguridad<\/strong> !<\/span><\/span><\/p>\n<p>[\/vc_column_text][vc_single_image image=\u00bb196&#8243; img_size=\u00bblarge\u00bb alignment=\u00bbcenter\u00bb][vc_column_text]<\/p>\n<p style=\"text-align: justify;\"><span style=\"color: #000000;\"><span style=\"vertical-align: inherit;\">Para coser nuestros <strong>zapatos t\u00e1cticos<\/strong> utilizamos un proceso \u00bb <\/span><a style=\"color: #000000;\" href=\"http:\/\/goodyearwelt.es\/fr\/fabricacion-good-year-welt\" target=\"_blank\" rel=\"noopener noreferrer\"><span style=\"vertical-align: inherit;\">Goodyear Welt<\/span><\/a><span style=\"vertical-align: inherit;\"> \u00bb y un cuero de calidad, lo que permite que sus pies est\u00e9n completamente secos en todo momento. Sabemos que en la <a style=\"color: #000000;\" href=\"https:\/\/ozapato.com\/cr\/calzado-para-la-construccion\/\">industria de seguridad<\/a> y <a style=\"color: #000000;\" href=\"https:\/\/ozapato.com\/cr\/botas-para-puertos\/\">portuaria<\/a> existen riesgos constantes, por su <\/span><span style=\"vertical-align: inherit;\">seguridad <\/span><span style=\"vertical-align: inherit;\">hemos a\u00f1adido <\/span><a style=\"color: #000000;\" href=\"https:\/\/ozapato.com\/cr\/casco-de-poliamida\/\" target=\"_blank\" rel=\"noopener noreferrer\"><span style=\"vertical-align: inherit;\">un casco<\/span><\/a><span style=\"vertical-align: inherit;\"> y <\/span><a style=\"color: #000000;\" href=\"https:\/\/ozapato.com\/cr\/las-4-ventajas-de-las-plantillas-antiperforacion-textiles\/\" target=\"_blank\" rel=\"noopener noreferrer\"><span style=\"vertical-align: inherit;\">plantillas de innovaci\u00f3n textil<\/span><\/a><span style=\"vertical-align: inherit;\"> que lo protegen de los peligros que pueden encontrar en su trabajo diario. Nuestra suela de <strong>elast\u00f3mero<\/strong> es ideal para caminar en superficies con una gran presencia de agua o de hidrocarburos. Su tecnolog\u00eda de <strong>resistencia<\/strong> Al deslizamiento y resistencia al aceite est\u00e1 pensada para \u00e1reas muy deslizantes, especialmente las superficies met\u00e1licas y lisas.<\/span><\/span><\/p>\n<p style=\"text-align: justify;\"><span style=\"vertical-align: inherit; color: #000000;\"><span style=\"vertical-align: inherit;\">Con los zapatos de seguridad diel\u00e9ctricos, antideslizantes, hidrofugados y reforzados tenemos soluciones para cualquier tipo de industria. <\/span><span style=\"vertical-align: inherit;\">\u00a1Elija los zapatos que necesite para trabajar con seguridad!<\/span><\/span><\/p>\n<p>[\/vc_column_text][vc_single_image image=\u00bb197&#8243; img_size=\u00bblarge\u00bb][\/vc_column][vc_column width=\u00bb1\/6&#8243;][\/vc_column][\/vc_row][vc_row][vc_column][vc_media_grid element_width=\u00bb3&#8243; grid_id=\u00bbvc_gid:1625005997049-f3d4bc8b-1fce-1&#8243; include=\u00bb199,150,19,171&#8243;][vc_cta h2=\u00bb\u00bb css=\u00bb.vc_custom_1612328516630{background-color: #dd3333 !important;}\u00bb]<\/p>\n<h4 style=\"text-align: center;\"><strong><span style=\"color: #ffffff;\"><span style=\"vertical-align: inherit;\"><span style=\"vertical-align: inherit;\"><span style=\"vertical-align: inherit;\"><span style=\"vertical-align: inherit;\">\u00bfInteresado en botas de seguridad? <\/span><\/span><\/span><span style=\"vertical-align: inherit;\"><span style=\"vertical-align: inherit;\"><span style=\"vertical-align: inherit;\">Recibe cotizaci\u00f3n en 24 hs<\/span><\/span><\/span><\/span><\/span><\/strong><\/h4>\n<p>[\/vc_cta][vc_row_inner][vc_column_inner width=\u00bb1\/6&#8243;][\/vc_column_inner][vc_column_inner width=\u00bb2\/3&#8243;][vc_column_text]<iframe loading=\"lazy\" height=\"800px\" width=\"100%\" frameborder=\"0\" allow=\"geolocation;microphone;camera\" src=\"https:\/\/forms.zohopublic.com\/virtualoffice9264\/form\/GTWebForm\/formperma\/MDrsbAZPyy93qKfNfyttrZUhON6CheYZ_85hXM1rtQs\"> <\/iframe>[\/vc_column_text][\/vc_column_inner][vc_column_inner width=\u00bb1\/6&#8243;][\/vc_column_inner][\/vc_row_inner][vc_empty_space][vc_cta h2=\u00bb\u00bb color=\u00bbjuicy-pink\u00bb css=\u00bb.vc_custom_1625006137942{background-color: #ff3a3a !important;}\u00bb]<\/p>\n<h4 style=\"text-align: center; color: white;\"><strong><a style=\"color: white;\" href=\"https:\/\/ozapato.com\/gt\/botas-industriales-de-seguridad\/\">Conoce nuestro calzado industrial. Haz click aqu\u00ed.<\/a><\/strong><\/h4>\n<p>[\/vc_cta][vc_media_grid style=\u00bblazy\u00bb element_width=\u00bb3&#8243; grid_id=\u00bbvc_gid:1625005997067-d31ebe11-f5d4-8&#8243; include=\u00bb19,171,182,180&#8243;][\/vc_column][\/vc_row][vc_row][vc_column][\/vc_column][\/vc_row][vc_row][vc_column width=\u00bb1\/6&#8243;][\/vc_column][vc_column width=\u00bb2\/3&#8243;][vc_column_text]<\/p>\n<h4 style=\"text-align: center;\"><span style=\"color: #000000;\"><strong><span style=\"vertical-align: inherit;\">\u00a1LA TECNOLOG\u00cdA DE LOS ZAPATOS MAS SEGUROS DE AM\u00c9RICA!<\/span><\/strong><\/span><\/h4>\n<p><span style=\"color: #000000;\"><span style=\"vertical-align: inherit;\">La <\/span><a style=\"color: #000000;\" href=\"https:\/\/es.wikipedia.org\/wiki\/Tecnolog%C3%ADa\" target=\"_blank\" rel=\"noopener\"><span style=\"vertical-align: inherit;\">tecnolog\u00eda<\/span><\/a><span style=\"vertical-align: inherit;\"> de <\/span><strong><span style=\"vertical-align: inherit;\">OZAPATO<\/span><\/strong><span style=\"vertical-align: inherit;\"> tiene la misi\u00f3n de fabricar los modelos de <\/span><strong><span style=\"vertical-align: inherit;\">zapatos y botas de seguridad<\/span><\/strong><span style=\"vertical-align: inherit;\"> del mercado. Con un departamento de <\/span><a style=\"color: #000000;\" href=\"https:\/\/es.wikipedia.org\/wiki\/Investigaci%C3%B3n,_desarrollo_e_innovaci%C3%B3n\" target=\"_blank\" rel=\"noopener\"><span style=\"vertical-align: inherit;\">Innovaci\u00f3n y Desarrollo<\/span><\/a><span style=\"vertical-align: inherit;\"> situado en M\u00e9xico, OZAPATO busca brindarle el calzado de protecci\u00f3n m\u00e1s novedoso y c\u00f3modo para el consumidor final.<\/span><\/span><\/p>\n<p><span style=\"color: #000000;\"><span style=\"vertical-align: inherit;\">Gracias a su I + D, nuestra empresa disena calzado de protecci\u00f3n para todo <\/span><a style=\"color: #000000;\" href=\"https:\/\/es.wikipedia.org\/wiki\/Am%C3%A9rica?wprov=srpw1_0\" target=\"_blank\" rel=\"noopener\"><span style=\"vertical-align: inherit;\">Am\u00e9rica<\/span><\/a><span style=\"vertical-align: inherit;\"> y Costa Rica. Entre los productos que innova <\/span><a style=\"color: #000000;\" href=\"http:\/\/www.ozapato.com\"><span style=\"vertical-align: inherit;\">OZAPATO<\/span><\/a><span style=\"vertical-align: inherit;\"> son:<\/span><\/span><\/p>\n<ul>\n<li><span style=\"color: #000000;\"><strong><span style=\"vertical-align: inherit;\">Suelas<\/span><\/strong><\/span><\/li>\n<li><span style=\"color: #000000;\"><strong><span style=\"vertical-align: inherit;\">Suela 100% hule.<\/span><\/strong><\/span><\/li>\n<li><span style=\"color: #000000;\"><strong><span style=\"vertical-align: inherit;\">Suela exclusiva de OZAPATO Antideslizante y resistente al aceite.<\/span><\/strong><\/span><\/li>\n<li><span style=\"color: #000000;\"><strong><span style=\"vertical-align: inherit;\">Plantillas<\/span><\/strong><\/span><\/li>\n<li><span style=\"color: #000000;\"><strong><span style=\"vertical-align: inherit;\">Plantillas antiperforaci\u00f3n.<\/span><\/strong><\/span><\/li>\n<li><span style=\"color: #000000;\"><strong><span style=\"vertical-align: inherit;\">Plantillas de Celfil.<\/span><\/strong><\/span><\/li>\n<li><span style=\"color: #000000;\"><strong><span style=\"vertical-align: inherit;\">Plantilla T\u00e9rmica<\/span><\/strong><\/span><\/li>\n<li><span style=\"color: #000000;\"><strong><span style=\"vertical-align: inherit;\">Plantilla Textil.<\/span><\/strong><\/span><\/li>\n<li><span style=\"color: #000000;\"><strong><span style=\"vertical-align: inherit;\">Plantilla de Poliuretano.<\/span><\/strong><\/span><\/li>\n<li><span style=\"color: #000000;\"><strong><span style=\"vertical-align: inherit;\">Cascos<\/span><\/strong><\/span><\/li>\n<li><span style=\"color: #000000;\"><strong><span style=\"vertical-align: inherit;\">Casco de C\u00f3mposit.<\/span><\/strong><\/span><\/li>\n<li><span style=\"color: #000000;\"><strong><span style=\"vertical-align: inherit;\">Casco de acero.<\/span><\/strong><\/span><\/li>\n<li><span style=\"color: #000000;\"><strong><span style=\"vertical-align: inherit;\">Membrana de Cuero.<\/span><\/strong><\/span><\/li>\n<li><span style=\"color: #000000;\"><strong><span style=\"vertical-align: inherit;\">Forro acolchado.<\/span><\/strong><\/span><\/li>\n<li><span style=\"color: #000000;\"><strong><span style=\"vertical-align: inherit;\">Calzado a\u00edslante.<\/span><\/strong><\/span><\/li>\n<\/ul>\n<p>[\/vc_column_text][vc_column_text]<\/p>\n<h4 class=\"western\" align=\"center\"><span style=\"color: #000000;\"><span style=\"vertical-align: inherit;\">\u00bf <\/span><strong><span style=\"vertical-align: inherit;\">QU\u00c9\u00a0<\/span><\/strong><span style=\"vertical-align: inherit;\"> HACEMOS?<\/span><\/span><\/h4>\n<p><span style=\"color: #000000;\"><strong><span style=\"vertical-align: inherit;\">OZAPATO<\/span><\/strong><span style=\"vertical-align: inherit;\"> es una marca de calzado ubicado en Pachuca, M\u00e9xico. Fabricamos botas de seguridad industrial y contamos con presencia en <\/span><a style=\"color: #000000;\" href=\"http:\/\/www.ozapato.com\\cr\"><span style=\"vertical-align: inherit;\">Guatemala<\/span><\/a><span style=\"vertical-align: inherit;\"> , Rep\u00fablica Dominicana, M\u00e9xico, Panam\u00e1 y Estados Unidos. Hemos aprendido a lo largo de los a\u00f1os como fabricante de <\/span><strong><span style=\"vertical-align: inherit;\">zapatos de seguridad<\/span><\/strong><span style=\"vertical-align: inherit;\"> con calidad y de manera responsable. En<\/span><strong><span style=\"vertical-align: inherit;\">\u00a0Guatemala<\/span><\/strong><span style=\"vertical-align: inherit;\">, nuestra l\u00ednea industrial cuenta con botas de seguridad, botas de seguridad diel\u00e9ctricas y botas t\u00e1cticas. \u00a1Elija de nuestro cat\u00e1logo las botas que necesita para trabajar con seguridad!<\/span><\/span><\/p>\n<h4 class=\"western\" align=\"center\"><span style=\"color: #000000;\"><span style=\"vertical-align: inherit;\">\u00bfC\u00d3MO <\/span><strong><span style=\"vertical-align: inherit;\">\u00a0LO HACEMOS?<\/span><\/strong><\/span><\/h4>\n<p><span style=\"color: #000000;\"><span style=\"vertical-align: inherit;\">Todas nuestras zapatillas <\/span><strong><span style=\"vertical-align: inherit;\">de seguridad industrial<\/span><\/strong><span style=\"vertical-align: inherit;\"> son fabricadas con materiales de alta calidad.Tenga la confianza que sus pies afectados protegidos en cada momento. Estamos tan seguros de la calidad de nuestros modelos de botas de seguridad industrial que ofrecemos una garant\u00eda de 4 meses y hasta 6 meses para las botas de seguridad m\u00e1s premium. Adem\u00e1s ofrecemos un servicio de entrega en 24 horas.<\/span><\/span><\/p>\n<h4 class=\"western\" align=\"center\"><span style=\"color: #000000;\"><strong><span style=\"vertical-align: inherit;\">\u00bfPOR QU\u00c9 LO HACEMOS?<\/span><\/strong><\/span><\/h4>\n<p><span style=\"color: #000000;\"><span style=\"vertical-align: inherit;\">OZAPATO naci\u00f3 con la idea de servir a la comunidad local. La producci\u00f3n de nuestros <\/span><strong><span style=\"vertical-align: inherit;\">zapatos de seguridad<\/span><\/strong><span style=\"vertical-align: inherit;\"> industrial es un proceso transparente que sustenta el equilibrio socio econ\u00f3mico de la comunidad a la que pertenece.<\/span><\/span><\/p>\n<p><span style=\"color: #000000;\"><span style=\"vertical-align: inherit;\">El valor m\u00e1s importante de OZAPATO es la entrega directa hasta el cliente. Evitamos todos los intermediarios que no a\u00f1aden valor a nuestros consumidores. Cada etapa de la fabricaci\u00f3n de <\/span><a style=\"color: #000000;\" href=\"https:\/\/es.wikipedia.org\/wiki\/Calzado_de_protecci%C3%B3n\" target=\"_blank\" rel=\"noopener\"><span style=\"vertical-align: inherit;\">zapatos de seguridad<\/span><\/a><span style=\"vertical-align: inherit;\"> deberes <a style=\"color: #000000;\" href=\"https:\/\/es.wikipedia.org\/wiki\/Calzado_de_protecci%C3%B3n\" target=\"_blank\" rel=\"noopener\">industriales<\/a> beneficiarios de la gente que fabrica el calzado.<\/span><\/span>[\/vc_column_text][vc_single_image image=\u00bb196&#8243; alignment=\u00bbcenter\u00bb][\/vc_column][vc_column width=\u00bb1\/6&#8243;][\/vc_column][\/vc_row]<\/p>\n","protected":false},"excerpt":{"rendered":"<p>[vc_row video_bg=\u00bbyes\u00bb video_bg_url=\u00bbhttps:\/\/www.youtube.com\/watch?v=__oq67bsM8A\u00bb][vc_column][vc_empty_space height=\u00bb60px\u00bb][\/vc_column][\/vc_row][vc_row][vc_column width=\u00bb1\/6&#8243;][\/vc_column][vc_column width=\u00bb2\/3&#8243;][vc_column_text] BOTAS MILITARES Y\u00a0 T\u00c1CTICAS\u00a0 Las botas militares y t\u00e1cticas fueron\u00a0 espec\u00edficamente dise\u00f1adas para el clima de Guatemala. Los criterios m\u00e1s importantes para realizar estas botas t\u00e1cticas son tanto la resistencia de los materiales utilizados para su fabricaci\u00f3n que la comodida Es por eso que nuestra bota t\u00e1ctica \u201cCop 9 [&hellip;]<\/p>\n","protected":false},"author":395,"featured_media":0,"parent":0,"menu_order":0,"comment_status":"closed","ping_status":"closed","template":"page-full-width.php","meta":{"footnotes":""},"class_list":["post-195","page","type-page","status-publish","hentry"],"_links":{"self":[{"href":"https:\/\/ozapato.com\/gt\/wp-json\/wp\/v2\/pages\/195","targetHints":{"allow":["GET"]}}],"collection":[{"href":"https:\/\/ozapato.com\/gt\/wp-json\/wp\/v2\/pages"}],"about":[{"href":"https:\/\/ozapato.com\/gt\/wp-json\/wp\/v2\/types\/page"}],"author":[{"embeddable":true,"href":"https:\/\/ozapato.com\/gt\/wp-json\/wp\/v2\/users\/395"}],"replies":[{"embeddable":true,"href":"https:\/\/ozapato.com\/gt\/wp-json\/wp\/v2\/comments?post=195"}],"version-history":[{"count":13,"href":"https:\/\/ozapato.com\/gt\/wp-json\/wp\/v2\/pages\/195\/revisions"}],"predecessor-version":[{"id":494,"href":"https:\/\/ozapato.com\/gt\/wp-json\/wp\/v2\/pages\/195\/revisions\/494"}],"wp:attachment":[{"href":"https:\/\/ozapato.com\/gt\/wp-json\/wp\/v2\/media?parent=195"}],"curies":[{"name":"wp","href":"https:\/\/api.w.org\/{rel}","templated":true}]}}