{"id":205,"date":"2021-02-03T00:12:59","date_gmt":"2021-02-03T06:12:59","guid":{"rendered":"https:\/\/ozapato.com\/gt\/?page_id=205"},"modified":"2021-02-03T20:54:19","modified_gmt":"2021-02-04T02:54:19","slug":"botas-de-seguridad-para-mujeres","status":"publish","type":"page","link":"https:\/\/ozapato.com\/gt\/botas-de-seguridad-para-mujeres\/","title":{"rendered":"\ud83e\udd7eBotas de seguridad para mujeres"},"content":{"rendered":"<p>[vc_row video_bg=\u00bbyes\u00bb video_bg_url=\u00bbhttps:\/\/www.youtube.com\/watch?v=__oq67bsM8A&amp;t=12s\u00bb][vc_column][vc_empty_space height=\u00bb60px\u00bb][\/vc_column][\/vc_row][vc_row][vc_column width=\u00bb1\/6&#8243;][\/vc_column][vc_column width=\u00bb2\/3&#8243;][vc_column_text]<\/p>\n<h3 style=\"text-align: center;\"><span style=\"color: #000000;\"><strong><span style=\"vertical-align: inherit;\">ZAPATOS DE SEGURIDAD PARA MUJER<\/span><\/strong><\/span><\/h3>\n<p style=\"text-align: justify;\"><span style=\"color: #000000;\"><span style=\"vertical-align: inherit;\">\u00a1Nuestras botas<\/span><span style=\"vertical-align: inherit;\"> y <strong>zapatos\u00a0de seguridad para mujeres<\/strong> tienen un dise\u00f1o especialmente adaptado para las tareas en un terreno dif\u00edcil!<\/span><\/span><\/p>\n<p style=\"text-align: justify;\"><span style=\"color: #000000;\"><span style=\"vertical-align: inherit;\">\u00bfQu\u00e9 tiene un modelo de botas de seguridad para mujeres que no tiene un modelo para hombre? Todas las <strong>botas de seguridad para mujeres<\/strong> tienen un casco de poliamida m\u00e1s liviano que un casco de acero. Adem\u00e1s, tienen un corte m\u00e1s bajo que permite embonar mejor el tobillo. El resultado es una bota de seguridad para mujeres, m\u00e1s liviana pero que ofrece el mismo nivel de protecci\u00f3n.<\/span><\/span><\/p>\n<p style=\"text-align: justify;\"><span style=\"color: #000000;\"><span style=\"vertical-align: inherit;\">Todas nuestras <a style=\"color: #000000;\" href=\"https:\/\/ozapato.com\/cr\/botas-agricolas\/\">medidas de seguridad<\/a> para mujeres est\u00e1n disponibles desde la talla 3 o 35. \u00a1Tambi\u00e9n vienen con una<strong> garant\u00eda de 4 a 6 meses<\/strong> !<\/span><\/span><\/p>\n<p>[\/vc_column_text][vc_single_image image=\u00bb206&#8243; img_size=\u00bblarge\u00bb alignment=\u00bbcenter\u00bb][vc_column_text]<span style=\"color: #000000;\"><span style=\"font-weight: 400;\">Fabricantes de <strong>botas de seguridad <\/strong><\/span><b>tipo II<\/b><span style=\"font-weight: 400;\"> (con puntera de protecci\u00f3n) <\/span><b>y III <\/b><span style=\"font-weight: 400;\">(de protecci\u00f3n <a href=\"https:\/\/ozapato.com\/mx\/calzado-de-seguridad-dielectrico\/\">diel\u00e9ctrica<\/a>),\u00a0 utilizan diferentes materiales en esta zona, pero\u2026. <strong>\u00bfcu\u00e1l es el mejor para ti?<\/strong>, aqu\u00ed sus diferencias:<\/span><\/span><\/p>\n<table>\n<tbody>\n<tr>\n<td><strong>Acero<\/strong><\/td>\n<td><strong>Composit<\/strong><\/td>\n<\/tr>\n<tr>\n<td><span style=\"font-weight: 400; color: #000000;\">Un solo material de alta resistencia no diel\u00e9ctrico.<\/span><\/td>\n<td><span style=\"font-weight: 400; color: #000000;\">Mezcla de materiales pl\u00e1sticos de alta resistencia diel\u00e9ctrica, hasta 18000 voltios<\/span><\/td>\n<\/tr>\n<tr>\n<td><span style=\"font-weight: 400; color: #000000;\">Si se le a\u00f1ade un recubrimiento epoxico a\u00edsla cargas el\u00e9ctricas<\/span><\/td>\n<td><span style=\"font-weight: 400; color: #000000;\">Soporta 2 toneladas de compresi\u00f3n y 1500 kgs de impacto.<\/span><\/td>\n<\/tr>\n<tr>\n<td><span style=\"font-weight: 400; color: #000000;\">Peso promedio hasta 170 grs por pie, muy cansado!<\/span><\/td>\n<td><span style=\"font-weight: 400; color: #000000;\">Tan s\u00f3lo 50 grs por pie!<\/span><\/td>\n<\/tr>\n<\/tbody>\n<\/table>\n<p>[\/vc_column_text][vc_empty_space][\/vc_column][vc_column width=\u00bb1\/6&#8243;][\/vc_column][\/vc_row][vc_row][vc_column][vc_cta h2=\u00bb\u00bb css=\u00bb.vc_custom_1612332173955{background-color: #dd3333 !important;}\u00bb]<\/p>\n<h4 style=\"text-align: center;\"><span style=\"color: #ffffff;\"><span style=\"vertical-align: inherit;\"><span style=\"vertical-align: inherit;\"><span style=\"vertical-align: inherit;\">\u00bfInteresado en Botas de seguridad para mujeres? <\/span><span style=\"vertical-align: inherit;\">Cotizaci\u00f3 24 hs.<\/span><\/span><\/span><\/span><\/h4>\n<p>[\/vc_cta][vc_column_text]<iframe loading=\"lazy\" height=\"800px\" width=\"100%\" frameborder=\"0\" allow=\"geolocation;microphone;camera\" src=\"https:\/\/forms.zohopublic.com\/virtualoffice9264\/form\/GTWebForm\/formperma\/MDrsbAZPyy93qKfNfyttrZUhON6CheYZ_85hXM1rtQs\"> <\/iframe>[\/vc_column_text][\/vc_column][\/vc_row][vc_row][vc_column width=\u00bb1\/6&#8243;][\/vc_column][vc_column width=\u00bb2\/3&#8243;][vc_column_text]<\/p>\n<h4 style=\"text-align: center;\"><strong>Y tus piernas\u00a0 \u00bfc\u00f3mo se sienten al final de d\u00eda?<\/strong><\/h4>\n<p><span style=\"color: #000000;\"><span style=\"font-weight: 400;\">Al final de una jornada de trabajo el cansancio y dolor en los pies nos deja ver si un calzado es o no de calidad y nos puede estar lastimando. Los modelos <\/span><b>OZAPATO para mujeres<\/b><span style=\"font-weight: 400;\"> est\u00e1n construidos con<strong> punteras de composit<\/strong> de gran amplitud, permitiendo total libertad de movimiento para tus dedos y les a\u00f1adimos una pesta\u00f1a protectora que evita el roce con las costuras, ni siquiera percibes que el <strong>calzado tiene casquillo<\/strong>!<\/span><\/span><\/p>\n<p><span style=\"font-weight: 400; color: #000000;\">Sabemos que tendr\u00e1s una jornada larga de trabajo y por ello dise\u00f1amos el mejor par de<a href=\"https:\/\/ozapato.com\/mx\/botas-tacticas\/\"><strong> botas<\/strong><\/a>, el par que te d\u00e9 toda la protecci\u00f3n y seguridad, con un peso razonable para tus piernas.\u00a0<\/span><\/p>\n<p>Todos los zapatos de seguridad para mujer tienen un casco de poliamida m\u00e1s liviano que un casco de acero. Adem\u00e1s, tienen un corte m\u00e1s bajo que permite embonar mejor el tobillo. El resultado es una bota de seguridad para mujeres, m\u00e1s liviana pero que ofrece el mismo nivel de protecci\u00f3n que el calzado de seguridad para hombres.<\/p>\n<p>Todas nuestros<strong> zapatos de seguridad para mujer<\/strong>\u00a0est\u00e1n disponibles desde la talla 23 al 27. \u00a1Adem\u00e1s vienen con una\u00a0<strong>garant\u00eda de 4 a 6 meses! \u00a1Las mejores en Guatemala!<\/strong>[\/vc_column_text][vc_empty_space][\/vc_column][vc_column width=\u00bb1\/6&#8243;][\/vc_column][\/vc_row][vc_row][vc_column][vc_media_grid element_width=\u00bb3&#8243; grid_id=\u00bbvc_gid:1612407095133-61f70df5-074b-3&#8243; include=\u00bb207,208,209,210&#8243;][\/vc_column][\/vc_row][vc_row][vc_column width=\u00bb1\/6&#8243;][\/vc_column][vc_column width=\u00bb2\/3&#8243;][vc_column_text]<\/p>\n<h4 style=\"text-align: center;\"><span style=\"color: #000000;\"><strong><span style=\"vertical-align: inherit;\">\u00a1LA TECNOLOG\u00cdA DE LOS ZAPATOS MAS SEGUROS DE AM\u00c9RICA!<\/span><\/strong><\/span><\/h4>\n<p><span style=\"color: #000000;\"><span style=\"vertical-align: inherit;\">Date la oportunidad de conocer nuestra tecnolog\u00eda <\/span><a href=\"https:\/\/ozapato.com\/mx\/zapatos-de-seguridad-para-mujer\/\"><span style=\"vertical-align: inherit;\">tecnolog\u00eda<\/span><span style=\"vertical-align: inherit;\">\u00a0<\/span><strong><span style=\"vertical-align: inherit;\">OZAPATO<\/span><\/strong><\/a>, que<span style=\"vertical-align: inherit;\"> tiene la misi\u00f3n de fabricar los mejores modelos de <\/span><strong><span style=\"vertical-align: inherit;\">zapatos y botas de seguridad<\/span><\/strong><span style=\"vertical-align: inherit;\"> del mercado en Guatemala, y nos tomamos muy en serio este objetivo. Con un departamento de <\/span><a style=\"color: #000000;\" href=\"https:\/\/es.wikipedia.org\/wiki\/Investigaci%C3%B3n,_desarrollo_e_innovaci%C3%B3n\" target=\"_blank\" rel=\"noopener\"><span style=\"vertical-align: inherit;\">Innovaci\u00f3n y Desarrollo<\/span><\/a><span style=\"vertical-align: inherit;\"> situado en M\u00e9xico, OZAPATO busca brindar el calzado de protecci\u00f3n m\u00e1s novedoso y c\u00f3modo para el consumidor final, regido bajo est\u00e1ndares internacionales que agregan seguridad y confianza al usuario.<\/span><\/span><\/p>\n<p><span style=\"color: #000000;\"><span style=\"vertical-align: inherit;\">Gracias a su I + D, nuestra empresa dise\u00f1a calzado de protecci\u00f3n para Guatemala y toda Am\u00e9rica<\/span><span style=\"vertical-align: inherit;\">. Entre los productos que innova <\/span><a style=\"color: #000000;\" href=\"http:\/\/www.ozapato.com\"><span style=\"vertical-align: inherit;\">OZAPATO<\/span><\/a><span style=\"vertical-align: inherit;\"> son:<\/span><\/span><\/p>\n<ul>\n<li><span style=\"color: #000000;\"><strong><span style=\"vertical-align: inherit;\">Suelas<\/span><\/strong><\/span><\/li>\n<li><span style=\"color: #000000;\"><strong><span style=\"vertical-align: inherit;\">Suela 100% hule.<\/span><\/strong><\/span><\/li>\n<li><span style=\"color: #000000;\"><strong><span style=\"vertical-align: inherit;\">Suela exclusiva de OZAPATO Antideslizante y resistente al aceite.<\/span><\/strong><\/span><\/li>\n<li><span style=\"color: #000000;\"><strong><span style=\"vertical-align: inherit;\">Plantillas<\/span><\/strong><\/span><\/li>\n<li><span style=\"color: #000000;\"><strong><span style=\"vertical-align: inherit;\">Plantillas antiperforaci\u00f3n.<\/span><\/strong><\/span><\/li>\n<li><span style=\"color: #000000;\"><strong><span style=\"vertical-align: inherit;\">Plantillas de Celfil.<\/span><\/strong><\/span><\/li>\n<li><span style=\"color: #000000;\"><strong><span style=\"vertical-align: inherit;\">Plantilla T\u00e9rmica<\/span><\/strong><\/span><\/li>\n<li><span style=\"color: #000000;\"><strong><span style=\"vertical-align: inherit;\">Plantilla Textil.<\/span><\/strong><\/span><\/li>\n<li><span style=\"color: #000000;\"><strong><span style=\"vertical-align: inherit;\">Plantilla de Poliuretano.<\/span><\/strong><\/span><\/li>\n<li><span style=\"color: #000000;\"><strong><span style=\"vertical-align: inherit;\">Cascos<\/span><\/strong><\/span><\/li>\n<li><span style=\"color: #000000;\"><strong><span style=\"vertical-align: inherit;\">Casco de C\u00f3mposit.<\/span><\/strong><\/span><\/li>\n<li><span style=\"color: #000000;\"><strong><span style=\"vertical-align: inherit;\">Casco de acero.<\/span><\/strong><\/span><\/li>\n<li><span style=\"color: #000000;\"><strong><span style=\"vertical-align: inherit;\">Membrana de Cuero.<\/span><\/strong><\/span><\/li>\n<li><span style=\"color: #000000;\"><strong><span style=\"vertical-align: inherit;\">Forro acolchado.<\/span><\/strong><\/span><\/li>\n<li><span style=\"color: #000000;\"><strong><span style=\"vertical-align: inherit;\">Calzado a\u00edslante.<\/span><\/strong><\/span><\/li>\n<\/ul>\n<p>[\/vc_column_text][\/vc_column][vc_column width=\u00bb1\/6&#8243;][\/vc_column][\/vc_row]<\/p>\n","protected":false},"excerpt":{"rendered":"<p>[vc_row video_bg=\u00bbyes\u00bb video_bg_url=\u00bbhttps:\/\/www.youtube.com\/watch?v=__oq67bsM8A&amp;t=12s\u00bb][vc_column][vc_empty_space height=\u00bb60px\u00bb][\/vc_column][\/vc_row][vc_row][vc_column width=\u00bb1\/6&#8243;][\/vc_column][vc_column width=\u00bb2\/3&#8243;][vc_column_text] ZAPATOS DE SEGURIDAD PARA MUJER \u00a1Nuestras botas y zapatos\u00a0de seguridad para mujeres tienen un dise\u00f1o especialmente adaptado para las tareas en un terreno dif\u00edcil! \u00bfQu\u00e9 tiene un modelo de botas de seguridad para mujeres que no tiene un modelo para hombre? Todas las botas de seguridad para mujeres tienen [&hellip;]<\/p>\n","protected":false},"author":395,"featured_media":0,"parent":0,"menu_order":0,"comment_status":"closed","ping_status":"closed","template":"page-full-width.php","meta":{"footnotes":""},"class_list":["post-205","page","type-page","status-publish","hentry"],"_links":{"self":[{"href":"https:\/\/ozapato.com\/gt\/wp-json\/wp\/v2\/pages\/205","targetHints":{"allow":["GET"]}}],"collection":[{"href":"https:\/\/ozapato.com\/gt\/wp-json\/wp\/v2\/pages"}],"about":[{"href":"https:\/\/ozapato.com\/gt\/wp-json\/wp\/v2\/types\/page"}],"author":[{"embeddable":true,"href":"https:\/\/ozapato.com\/gt\/wp-json\/wp\/v2\/users\/395"}],"replies":[{"embeddable":true,"href":"https:\/\/ozapato.com\/gt\/wp-json\/wp\/v2\/comments?post=205"}],"version-history":[{"count":6,"href":"https:\/\/ozapato.com\/gt\/wp-json\/wp\/v2\/pages\/205\/revisions"}],"predecessor-version":[{"id":398,"href":"https:\/\/ozapato.com\/gt\/wp-json\/wp\/v2\/pages\/205\/revisions\/398"}],"wp:attachment":[{"href":"https:\/\/ozapato.com\/gt\/wp-json\/wp\/v2\/media?parent=205"}],"curies":[{"name":"wp","href":"https:\/\/api.w.org\/{rel}","templated":true}]}}