{"id":221,"date":"2021-02-03T19:03:02","date_gmt":"2021-02-04T01:03:02","guid":{"rendered":"https:\/\/ozapato.com\/gt\/?post_type=product&#038;p=221"},"modified":"2024-02-16T23:06:23","modified_gmt":"2024-02-17T05:06:23","slug":"grip-01-botas-para-mecanico-guatemala","status":"publish","type":"product","link":"https:\/\/ozapato.com\/gt\/product\/grip-01-botas-para-mecanico-guatemala\/","title":{"rendered":"Grip 01 &#8211; Botas para mec\u00e1nico"},"content":{"rendered":"<p>[vc_row][vc_column][vc_column_text]<\/p>\n<ul>\n<li>Grip 01 &#8211; Botas para mec\u00e1nico<\/li>\n<li>Calzado 100% libre de metal<\/li>\n<li>Nuevas punteras XL libre de metal. 25% m\u00e1s anchas que las punteras de acero. Certificada y resistente a m\u00e1s de 2 toneladas (Norma ASTM 2412-2413)<\/li>\n<li>Suela 100% slip resistant, excelente antideslizante. Suela que proporciona una mejor tracci\u00f3n en todas las superficies<\/li>\n<li>Suela resistente a la humedad y a los aceites \u2013 Oil resistant<\/li>\n<li>Plantilla\u00a0anti-perforaci\u00f3n Multi-Protective certificada ISO y ASTM<\/li>\n<li>Ultra-flex technology. Calzado super-flexible<\/li>\n<li>Suela antifatiga con absorci\u00f3n de impactos<\/li>\n<li>100% Cuero con tecnolog\u00eda waterproof, 100% resistente al agua<\/li>\n<li>Construcci\u00f3n:\u00a0calzado cosido en lockstitch<\/li>\n<li>Altura de 5 pulgadas<\/li>\n<li>Garant\u00eda de 6 meses<\/li>\n<li><a href=\"https:\/\/workdrive.zohopublic.com\/external\/6Ol2VXoNe8j-JqO1d\/download\" target=\"_blank\" rel=\"noopener noreferrer\">\u00a0Ficha t\u00e9cnica<\/a><\/li>\n<\/ul>\n<p>[\/vc_column_text][vc_separator][vc_masonry_media_grid grid_id=\u00bbvc_gid:1615710167923-67265312-ba23-2&#8243; include=\u00bb223,474,473&#8243;][vc_empty_space][vc_row_inner][vc_column_inner width=\u00bb1\/3&#8243;][vc_column_text]<\/p>\n<h4>Seguridad<\/h4>\n<p>Casco XL de poliamida + plantilla anti perforaci\u00f3n[\/vc_column_text][\/vc_column_inner][vc_column_inner width=\u00bb1\/3&#8243;][vc_column_text]<\/p>\n<h4>Lockstitch Technology<\/h4>\n<p>Bota cosida en lockstitch, ofreciendo una mayor durabilidad en un clima h\u00famedo.[\/vc_column_text][\/vc_column_inner][vc_column_inner width=\u00bb1\/3&#8243;][vc_column_text]<\/p>\n<h4>Suela<\/h4>\n<p>Raflex negra antideslizante. Resistente a aceites y combustible, con refuerzo frontal[\/vc_column_text][\/vc_column_inner][\/vc_row_inner][\/vc_column][\/vc_row][vc_row][vc_column][vc_cta h2=\u00bb\u00bb css=\u00bb.vc_custom_1612400580265{background-color: #dd3333 !important;}\u00bb]<\/p>\n<h4 style=\"text-align: center;\"><span style=\"color: #ffffff;\"><strong><span style=\"vertical-align: inherit;\"><span style=\"vertical-align: inherit;\"><span style=\"color: #ffffff;\"><span style=\"vertical-align: inherit;\"><span style=\"vertical-align: inherit;\"><span style=\"vertical-align: inherit;\"><span style=\"vertical-align: inherit;\"><span style=\"vertical-align: inherit;\">\u00bfIn<span style=\"color: #ffffff;\">teresado en Botas para mec\u00e1nico? <\/span><\/span><\/span><\/span><\/span><\/span><\/span><span style=\"vertical-align: inherit; color: #ffffff;\"><span style=\"vertical-align: inherit;\"><span style=\"vertical-align: inherit;\"><span style=\"vertical-align: inherit;\"><span style=\"vertical-align: inherit;\">Recibir con cotizaci\u00f3n en 24 hs<\/span><\/span><\/span><\/span><\/span><\/span><\/span><\/strong><\/span><\/h4>\n<p>[\/vc_cta][vc_column_text]<iframe loading=\"lazy\" height=\"800px\" width=\"100%\" frameborder=\"0\" allow=\"geolocation;microphone;camera\" src=\"https:\/\/forms.zohopublic.com\/virtualoffice9264\/form\/GTWebForm\/formperma\/MDrsbAZPyy93qKfNfyttrZUhON6CheYZ_85hXM1rtQs\"> <\/iframe>[\/vc_column_text][vc_empty_space][vc_column_text]<\/p>\n<h4 style=\"text-align: center;\"><span style=\"color: #000000;\"><strong><span style=\"vertical-align: inherit;\">\u00a1LA TECNOLOG\u00cdA DE LOS ZAPATOS MAS SEGUROS DE AM\u00c9RICA!<\/span><\/strong><\/span><\/h4>\n<p><span style=\"color: #000000;\"><span style=\"vertical-align: inherit;\">La <\/span><a style=\"color: #000000;\" href=\"https:\/\/es.wikipedia.org\/wiki\/Tecnolog%C3%ADa\" target=\"_blank\" rel=\"noopener\"><span style=\"vertical-align: inherit;\">tecnolog\u00eda<\/span><\/a><span style=\"vertical-align: inherit;\"> de <\/span><strong><span style=\"vertical-align: inherit;\">OZAPATO<\/span><\/strong><span style=\"vertical-align: inherit;\"> tiene la misi\u00f3n de fabricar los modelos de <\/span><strong><span style=\"vertical-align: inherit;\">zapatos y botas de seguridad<\/span><\/strong><span style=\"vertical-align: inherit;\"> del mercado. Con un departamento de <\/span><a style=\"color: #000000;\" href=\"https:\/\/es.wikipedia.org\/wiki\/Investigaci%C3%B3n,_desarrollo_e_innovaci%C3%B3n\" target=\"_blank\" rel=\"noopener\"><span style=\"vertical-align: inherit;\">Innovaci\u00f3n y Desarrollo<\/span><\/a><span style=\"vertical-align: inherit;\"> situado en M\u00e9xico, OZAPATO busca brindarle el calzado de protecci\u00f3n m\u00e1s novedoso y c\u00f3modo para el consumidor final.<\/span><\/span><\/p>\n<p><span style=\"color: #000000;\"><span style=\"vertical-align: inherit;\">Gracias a su I + D, nuestra empresa disena calzado de protecci\u00f3n para todo <\/span><a style=\"color: #000000;\" href=\"https:\/\/es.wikipedia.org\/wiki\/Am%C3%A9rica?wprov=srpw1_0\" target=\"_blank\" rel=\"noopener\"><span style=\"vertical-align: inherit;\">Am\u00e9rica<\/span><\/a><span style=\"vertical-align: inherit;\"> y Costa Rica. Entre los productos que innova <\/span><a style=\"color: #000000;\" href=\"http:\/\/www.ozapato.com\"><span style=\"vertical-align: inherit;\">OZAPATO<\/span><\/a><span style=\"vertical-align: inherit;\"> son:<\/span><\/span><\/p>\n<ul>\n<li><span style=\"color: #000000;\"><strong><span style=\"vertical-align: inherit;\">Suelas<\/span><\/strong><\/span><\/li>\n<li><span style=\"color: #000000;\"><strong><span style=\"vertical-align: inherit;\">Suela 100% hule.<\/span><\/strong><\/span><\/li>\n<li><span style=\"color: #000000;\"><strong><span style=\"vertical-align: inherit;\">Suela exclusiva de OZAPATO Antideslizante y resistente al aceite.<\/span><\/strong><\/span><\/li>\n<li><span style=\"color: #000000;\"><strong><span style=\"vertical-align: inherit;\">Plantillas<\/span><\/strong><\/span><\/li>\n<li><span style=\"color: #000000;\"><strong><span style=\"vertical-align: inherit;\">Plantillas antiperforaci\u00f3n.<\/span><\/strong><\/span><\/li>\n<li><span style=\"color: #000000;\"><strong><span style=\"vertical-align: inherit;\">Plantillas de Celfil.<\/span><\/strong><\/span><\/li>\n<li><span style=\"color: #000000;\"><strong><span style=\"vertical-align: inherit;\">Plantilla T\u00e9rmica<\/span><\/strong><\/span><\/li>\n<li><span style=\"color: #000000;\"><strong><span style=\"vertical-align: inherit;\">Plantilla Textil.<\/span><\/strong><\/span><\/li>\n<li><span style=\"color: #000000;\"><strong><span style=\"vertical-align: inherit;\">Plantilla de Poliuretano.<\/span><\/strong><\/span><\/li>\n<li><span style=\"color: #000000;\"><strong><span style=\"vertical-align: inherit;\">Cascos<\/span><\/strong><\/span><\/li>\n<li><span style=\"color: #000000;\"><strong><span style=\"vertical-align: inherit;\">Casco de C\u00f3mposit.<\/span><\/strong><\/span><\/li>\n<li><span style=\"color: #000000;\"><strong><span style=\"vertical-align: inherit;\">Casco de acero.<\/span><\/strong><\/span><\/li>\n<li><span style=\"color: #000000;\"><strong><span style=\"vertical-align: inherit;\">Membrana de Cuero.<\/span><\/strong><\/span><\/li>\n<li><span style=\"color: #000000;\"><strong><span style=\"vertical-align: inherit;\">Forro acolchado.<\/span><\/strong><\/span><\/li>\n<li><span style=\"color: #000000;\"><strong><span style=\"vertical-align: inherit;\">Calzado a\u00edslante.<\/span><\/strong><\/span><\/li>\n<\/ul>\n<p>[\/vc_column_text][vc_column_text]<\/p>\n<h3 style=\"text-align: center;\"><strong>\u00bfQU\u00c9 HACEMOS\u00a0?<\/strong><\/h3>\n<p>OZAPATO es una marca de calzado ubicada en Pachuca, M\u00e9xico. Fabricamos botas de seguridad industrial para Guatemala. Contamos con presencia en Centro Am\u00e9rica, M\u00e9xico y Estados Unidos. Hemos aprendido a lo largo de los a\u00f1os como fabricar botas de seguridad con calidad y de maneja responsable. En <strong>Guatemala<\/strong>, nuestra l\u00ednea industrial cuenta\u00a0con botas de seguridad, botas de seguridad diel\u00e9ctricas y botas t\u00e1cticas. Descubra nuestras botas de seguridad industrial\u00a0para la<a href=\"https:\/\/ozapato.com\/cr\/\"> industria mar\u00edtima.<\/a><\/p>\n<p>Por esta raz\u00f3n, OZAPATO, presenta el modelo <strong>Grip 01<\/strong>,que es una bota log\u00edstica certificada y super confortable.<\/p>\n<h3 class=\"western\" align=\"center\">\u00bfC\u00d3MO\u00a0LO\u00a0HACEMOS\u00a0?<\/h3>\n<p>Todas nuestras botas de seguridad industrial son fabricadas con materiales de alta calidad. Tenga la confianza que sus pies estar\u00e1n protegidos en cada momento. Estamos tan seguros de la calidad de nuestros modelos de botas de seguridad industrial que ofrecemos una <strong>garant\u00eda de 4 meses y hasta 6 meses<\/strong> para las botas de seguridad m\u00e1s premium. Adem\u00e1s ofrecemos un servicio de <strong>entrega en 24 horas.<\/strong><\/p>\n<p>Todos nuestras botas industriales est\u00e1n pensados para Costa Rica. En nuestra f\u00e1brica de Hidalgo, M\u00e9xico. Nuestro modelo de negocio, conecta directamente la f\u00e1brica con el cliente final, evitando intermediarios; no trabajamos con distribuidores que no sean directos. Esto permite ofrecer botas de seguridad a un precio m\u00e1s accesible.<\/p>\n<h3 style=\"text-align: center;\"><strong>\u00bfPOR QU\u00c9\u00a0LO\u00a0HACEMOS\u00a0?<\/strong><\/h3>\n<p>OZAPATO\u00a0naci\u00f3 con la\u00a0idea de servir la comunidad local. La producci\u00f3n de nuestras botas de seguridad industrial es\u00a0un\u00a0proceso transparente que sustenta el balance socio econ\u00f3mico de la comunidad a la que pertenece.<\/p>\n<p>El valor m\u00e1s importante de OZAPATO es la entrega directa hasta el cliente. Cortamos todos los intermediarios que no a\u00f1aden valor a nuestros consumidores. Cada etapa de la fabricaci\u00f3n de botas de seguridad industrial debe beneficiar a la gente que fabrica el calzado.<\/p>\n<p>Nuestro equipo ama desarrollar botas de seguridad en un ambiente social y econ\u00f3mico justo. Queremos que nuestros clientes conf\u00eden en que no s\u00f3lo compran botas bien hechas y de buena calidad, sino que tambi\u00e9n cada persona incluida en la\u00a0cadena de suministro reciba un trato justo al momento de realizar su trabajo.<\/p>\n<h3 style=\"text-align: center;\">\u00a1ZAPATOS PARA MEC\u00c1NICOS!<\/h3>\n<p><a href=\"https:\/\/emojipedia.org\/man-mechanic\/\" target=\"_blank\" rel=\"noopener\"><span class=\"emoji\">\ud83d\udc68\u200d\ud83d\udd27<\/span><\/a>Grip 01 son <a href=\"https:\/\/es.wikipedia.org\/wiki\/Mec%C3%A1nico\" target=\"_blank\" rel=\"noopener\">zapatos para mec\u00e1nicos\u00a0<\/a> construidos con\u00a0 Lockstitch y\u00a0 suela: Raflex negra antideslizante. Resistente a aceites y combustible, con refuerzo frontal. Tambi\u00e9n esta hecha con un corte de cuero negro napa y rondinelo en laterales, sellado hasta la leg\u00fceta. Es de color Negro, con forro antimicrobiano acolchado color rojo y costuras de Doble y triple de nylon color negro con cinta reflejante.[\/vc_column_text][vc_single_image image=\u00bb222&#8243; img_size=\u00bbmedium\u00bb alignment=\u00bbcenter\u00bb][\/vc_column][\/vc_row]<\/p>\n","protected":false},"excerpt":{"rendered":"<p>\ud83d\udc68\u200d\ud83d\udd27 El Grip 01 son zapatos para mec\u00e1nicos , que estan preparadas para las condiciones extremas del clima. Esta bota industrial 100% libre de metal. Las mejores en Guatemala.<\/p>\n","protected":false},"featured_media":682,"comment_status":"open","ping_status":"closed","template":"","meta":[],"product_brand":[],"product_cat":[20,21],"product_tag":[],"class_list":{"0":"post-221","1":"product","2":"type-product","3":"status-publish","4":"has-post-thumbnail","6":"product_cat-botas-de-taller-mecanico","7":"product_cat-logistica","9":"first","10":"onbackorder","11":"shipping-taxable","12":"product-type-variable"},"_links":{"self":[{"href":"https:\/\/ozapato.com\/gt\/wp-json\/wp\/v2\/product\/221","targetHints":{"allow":["GET"]}}],"collection":[{"href":"https:\/\/ozapato.com\/gt\/wp-json\/wp\/v2\/product"}],"about":[{"href":"https:\/\/ozapato.com\/gt\/wp-json\/wp\/v2\/types\/product"}],"replies":[{"embeddable":true,"href":"https:\/\/ozapato.com\/gt\/wp-json\/wp\/v2\/comments?post=221"}],"wp:featuredmedia":[{"embeddable":true,"href":"https:\/\/ozapato.com\/gt\/wp-json\/wp\/v2\/media\/682"}],"wp:attachment":[{"href":"https:\/\/ozapato.com\/gt\/wp-json\/wp\/v2\/media?parent=221"}],"wp:term":[{"taxonomy":"product_brand","embeddable":true,"href":"https:\/\/ozapato.com\/gt\/wp-json\/wp\/v2\/product_brand?post=221"},{"taxonomy":"product_cat","embeddable":true,"href":"https:\/\/ozapato.com\/gt\/wp-json\/wp\/v2\/product_cat?post=221"},{"taxonomy":"product_tag","embeddable":true,"href":"https:\/\/ozapato.com\/gt\/wp-json\/wp\/v2\/product_tag?post=221"}],"curies":[{"name":"wp","href":"https:\/\/api.w.org\/{rel}","templated":true}]}}