{"id":284,"date":"2021-02-03T19:35:16","date_gmt":"2021-02-04T01:35:16","guid":{"rendered":"https:\/\/ozapato.com\/gt\/?post_type=product&#038;p=284"},"modified":"2021-02-03T19:40:24","modified_gmt":"2021-02-04T01:40:24","slug":"rock-01-calzado-para-la-construccion","status":"publish","type":"product","link":"https:\/\/ozapato.com\/gt\/product\/rock-01-calzado-para-la-construccion\/","title":{"rendered":"Rock 01 &#8211; Botas para construcci\u00f3n"},"content":{"rendered":"<p>[vc_row][vc_column][vc_column_text]<\/p>\n<ul>\n<li>Rock 01 &#8211; Calzado para la construcci\u00f3n.<\/li>\n<li>Calzado 100% libre Metal.<\/li>\n<li>Nuevas punteras XL libre de metal. 25% m\u00e1s anchas que las punteras de acero. Certificada y resistente a m\u00e1s de 2 toneladas (Norma ASTM 2412-2413)<\/li>\n<li>Suela muy resistente a la abrasion.<\/li>\n<li>Suela resistente a la humedad y a los aceites \u2013 Oil resistant<\/li>\n<li>Plantilla\u00a0anti-perforaci\u00f3n Multi-Protective certificada ISO y ASTM<\/li>\n<li>Ultra-flex technology. Calzado super-flexible<\/li>\n<li>Suela antifatiga con absorci\u00f3n de impactos<\/li>\n<li>100% Cuero con tecnolog\u00eda waterproof, 100% resistente al agua<\/li>\n<li>Construcci\u00f3n:\u00a0calzado cosido en lockstitch<\/li>\n<li>Altura de 5 pulgadas<\/li>\n<li>Garant\u00eda de 4 meses<\/li>\n<li><a href=\"https:\/\/workdrive.zohopublic.com\/external\/6Ol2VXoNe81-JqO1d\/download\" target=\"_blank\" rel=\"noopener\">Ficha t\u00e9cnica<\/a><\/li>\n<\/ul>\n<p>[\/vc_column_text][vc_media_grid grid_id=\u00bbvc_gid:1612402784007-382dde3d-c17b-0&#8243; include=\u00bb324,325,222&#8243;][\/vc_column][\/vc_row][vc_row][vc_column width=\u00bb1\/3&#8243;][vc_column_text]<\/p>\n<h4>Suela<\/h4>\n<p>Suela de alta calidad. Excelente para terrenos de construcci\u00f3n con mucha abrasi\u00f3n.[\/vc_column_text][\/vc_column][vc_column width=\u00bb1\/3&#8243;][vc_column_text]<\/p>\n<h4>Construcci\u00f3n lockstitch<\/h4>\n<p>Bota cosida en lockstitch, ofreciendo una mayor durabilidad en un clima h\u00famedo.[\/vc_column_text][\/vc_column][vc_column width=\u00bb1\/3&#8243;][vc_column_text]<\/p>\n<h4>Antiperforaci\u00f3n<\/h4>\n<p>Plantilla antiperforaci\u00f3n textil certificada ASTM e ISO. Ofrece una mayor flexibilidad, ergonom\u00eda y frescura.[\/vc_column_text][\/vc_column][\/vc_row][vc_row][vc_column][vc_separator][vc_cta h2=\u00bb\u00bb css=\u00bb.vc_custom_1612402772160{background-color: #dd3333 !important;}\u00bb]<\/p>\n<h4 style=\"text-align: center;\"><span style=\"color: #ffffff;\"><strong><span style=\"vertical-align: inherit;\"><span style=\"vertical-align: inherit;\"><span style=\"color: #ffffff;\"><span style=\"vertical-align: inherit;\"><span style=\"vertical-align: inherit;\"><span style=\"vertical-align: inherit;\"><span style=\"vertical-align: inherit;\"><span style=\"vertical-align: inherit;\">\u00bfIn<span style=\"color: #ffffff;\">teresado en Calzado para la construcci\u00f3n? <\/span><\/span><\/span><\/span><\/span><\/span><\/span><span style=\"vertical-align: inherit; color: #ffffff;\"><span style=\"vertical-align: inherit;\"><span style=\"vertical-align: inherit;\"><span style=\"vertical-align: inherit;\"><span style=\"vertical-align: inherit;\">Recibir con cotizaci\u00f3n en 24 hs<\/span><\/span><\/span><\/span><\/span><\/span><\/span><\/strong><\/span><\/h4>\n<p>[\/vc_cta][vc_column_text]<iframe loading=\"lazy\" height=\"800px\" width=\"100%\" frameborder=\"0\" allow=\"geolocation;microphone;camera\" src=\"https:\/\/forms.zohopublic.com\/virtualoffice9264\/form\/GTWebForm\/formperma\/MDrsbAZPyy93qKfNfyttrZUhON6CheYZ_85hXM1rtQs\"> <\/iframe>[\/vc_column_text][vc_empty_space][vc_column_text]<\/p>\n<h4><strong>\u00a1LA TECNOLOG\u00cdA DE LOS ZAPATOS MAS SEGUROS DE AM\u00c9RICA!<\/strong><\/h4>\n<p>La\u00a0<a href=\"https:\/\/es.wikipedia.org\/wiki\/Tecnolog%C3%ADa\" target=\"_blank\" rel=\"noopener\">tecnolog\u00eda<\/a>\u00a0de\u00a0<strong>OZAPATO<\/strong>\u00a0tiene la misi\u00f3n de fabricar los modelos de\u00a0<strong>zapatos y botas de seguridad<\/strong>\u00a0del mercado.\u00a0Con un departamento de\u00a0<a href=\"https:\/\/es.wikipedia.org\/wiki\/Investigaci%C3%B3n,_desarrollo_e_innovaci%C3%B3n\" target=\"_blank\" rel=\"noopener\">Innovaci\u00f3n y Desarrollo<\/a>\u00a0situado en M\u00e9xico, OZAPATO busca brindarle el calzado de protecci\u00f3n m\u00e1s novedoso y c\u00f3modo para el consumidor final.<\/p>\n<p>Gracias a su I + D, nuestra empresa disena calzado de protecci\u00f3n para todo\u00a0<a href=\"https:\/\/es.wikipedia.org\/wiki\/Am%C3%A9rica?wprov=srpw1_0\" target=\"_blank\" rel=\"noopener\">Am\u00e9rica<\/a>\u00a0y Costa Rica.\u00a0Entre los productos que innova\u00a0<a href=\"http:\/\/www.ozapato.com\/\">OZAPATO<\/a>\u00a0son:<\/p>\n<ul>\n<li><strong>Suelas<\/strong><\/li>\n<li><strong>Suela 100% hule.<\/strong><\/li>\n<li><strong>Suela exclusiva de OZAPATO Antideslizante y resistente al aceite.<\/strong><\/li>\n<li><strong>Plantillas<\/strong><\/li>\n<li><strong>Plantillas antiperforaci\u00f3n.<\/strong><\/li>\n<li><strong>Plantillas de Celfil.<\/strong><\/li>\n<li><strong>Plantilla T\u00e9rmica<\/strong><\/li>\n<li><strong>Plantilla Textil.<\/strong><\/li>\n<li><strong>Plantilla de Poliuretano.<\/strong><\/li>\n<li><strong>Cascos<\/strong><\/li>\n<li><strong>Casco de C\u00f3mposit.<\/strong><\/li>\n<li><strong>Casco de acero.<\/strong><\/li>\n<li><strong>Membrana de Cuero.<\/strong><\/li>\n<li><strong>Forro acolchado.<\/strong><\/li>\n<li><strong>Calzado a\u00edslante.<\/strong><\/li>\n<\/ul>\n<p>[\/vc_column_text][vc_row_inner][vc_column_inner width=\u00bb1\/4&#8243;][vc_single_image image=\u00bb339&#8243;][\/vc_column_inner][vc_column_inner width=\u00bb3\/4&#8243;][vc_column_text]<\/p>\n<h3 style=\"text-align: center;\"><strong>C\u00d3MPOSIT \/ POLIAMIDA<\/strong><\/h3>\n<p><span style=\"color: #000000;\">Casco de c\u00f3mposit, 100% libre de metal. Casco diel\u00e9ctrico, reduciendo la conducci\u00f3n de electricidad.\u00a0\u00a0Gran resistencia al impacto, no se astilla ni fractura en caso de que el casco fuera sometido a un impacto o compresi\u00f3n.<\/span><\/p>\n<p><span style=\"color: #000000;\">Normas de cumplimiento<strong>:\u00a0<\/strong>ASTM F 2413 \u2013 11, EN 12568, ISO 20344:2004,\u00a0NOM\u2013113\u2013STPS\u20132009<\/span>[\/vc_column_text][\/vc_column_inner][\/vc_row_inner][vc_empty_space][vc_column_text]<\/p>\n<h3 class=\"western\" align=\"center\"><strong>\u00bfQU\u00c9 HACEMOS?<\/strong><\/h3>\n<p>OZAPATO es una marca de calzado ubicada en Pachuca, M\u00e9xico. Fabricamos botas de seguridad industrial y contamos con presencia en Guatemala, Costa Rica, Rep\u00fablica Dominicana, M\u00e9xico, Panam\u00e1 y Estados Unidos. Hemos aprendido a lo largo de los a\u00f1os como fabricar botas de seguridad con calidad y de manera responsable. En <strong>Guatemala<\/strong>, nuestra l\u00ednea industrial cuenta con botas de seguridad, botas de seguridad diel\u00e9ctricas y botas t\u00e1cticas. Por esta raz\u00f3n, OZAPATO, presenta este nuevo calzado industrial <b>Rock 01<\/b>, pensado para los trabajadores de la construcci\u00f3n y en los mec\u00e1nicos.<\/p>\n<p>\u00a1Elija de nuestro cat\u00e1logo las botas que necesita para trabajar con seguridad!<strong>\u00a0<\/strong><\/p>\n<h3 class=\"western\" align=\"center\">\u00bfC\u00d3MO\u00a0LO\u00a0HACEMOS\u00a0?<\/h3>\n<p>Todas nuestras botas de seguridad industrial son fabricadas con materiales de alta calidad. Tenga la confianza que sus pies estar\u00e1n protegidos en cada momento. Estamos tan seguros de la calidad de nuestros modelos de botas de seguridad industrial que ofrecemos una <strong>garant\u00eda de 4 meses y hasta 6 meses<\/strong> para las botas de seguridad m\u00e1s premium. Adem\u00e1s ofrecemos un servicio de <strong>entrega en 24<\/strong> horas.<\/p>\n<h3 class=\"western\" align=\"center\"><strong>\u00bfPOR QU\u00c9 LO HACEMOS?<\/strong><\/h3>\n<p>OZAPATO naci\u00f3 con la idea de servir a la comunidad local. La producci\u00f3n de nuestras botas de seguridad industrial es un proceso transparente que sustenta el balance socio econ\u00f3mico de la comunidad a la que pertenece.<\/p>\n<p>El valor m\u00e1s importante de OZAPATO es la <a href=\"https:\/\/ozapato.com\/cr\/pages\/precio\/\"><strong>entrega directa<\/strong> <\/a>hasta el cliente. Evitamos todos los intermediarios que no a\u00f1aden valor a nuestros consumidores. Cada etapa de la fabricaci\u00f3n de botas de seguridad industrial debe beneficiar a la gente que fabrica el calzado.<\/p>\n<h3 style=\"text-align: center;\">\u00a1BOTAS PARA CONSTRUCCI\u00d3N!<\/h3>\n<p>Rock 01 es el calzado para la construcci\u00f3n ideal para\u00a0 \u00a0aquellos usuarios que realizan trabajos en obras y en talleres mec\u00e1nicos. Este producto enfocado al <a href=\"https:\/\/ozapato.com\/cr\/industrial\/\">sector industrial<\/a> esta fabricado con un casco XL de poliamida y plantilla anti perforaci\u00f3n para brindarle mas seguridad a los trabajadores.[\/vc_column_text][\/vc_column][\/vc_row]<\/p>\n","protected":false},"excerpt":{"rendered":"<p>El Rock 01 es un\u00a0 calzado para la construcci\u00f3n\u00a0 dise\u00f1ado para terrenos dif\u00edciles. Con su tecnolog\u00eda de cosido en lockstitch y su plantilla anti perforaci\u00f3n de kevlar. Pensado para trabajadores de la construcci\u00f3n y talleres mec\u00e1nicos.<\/p>\n","protected":false},"featured_media":326,"comment_status":"open","ping_status":"closed","template":"","meta":[],"product_brand":[],"product_cat":[22,23],"product_tag":[],"class_list":{"0":"post-284","1":"product","2":"type-product","3":"status-publish","4":"has-post-thumbnail","6":"product_cat-botas-de-construccion","7":"product_cat-botas-para-taller-mecanico","9":"first","10":"onbackorder","11":"shipping-taxable","12":"product-type-variable"},"_links":{"self":[{"href":"https:\/\/ozapato.com\/gt\/wp-json\/wp\/v2\/product\/284","targetHints":{"allow":["GET"]}}],"collection":[{"href":"https:\/\/ozapato.com\/gt\/wp-json\/wp\/v2\/product"}],"about":[{"href":"https:\/\/ozapato.com\/gt\/wp-json\/wp\/v2\/types\/product"}],"replies":[{"embeddable":true,"href":"https:\/\/ozapato.com\/gt\/wp-json\/wp\/v2\/comments?post=284"}],"wp:featuredmedia":[{"embeddable":true,"href":"https:\/\/ozapato.com\/gt\/wp-json\/wp\/v2\/media\/326"}],"wp:attachment":[{"href":"https:\/\/ozapato.com\/gt\/wp-json\/wp\/v2\/media?parent=284"}],"wp:term":[{"taxonomy":"product_brand","embeddable":true,"href":"https:\/\/ozapato.com\/gt\/wp-json\/wp\/v2\/product_brand?post=284"},{"taxonomy":"product_cat","embeddable":true,"href":"https:\/\/ozapato.com\/gt\/wp-json\/wp\/v2\/product_cat?post=284"},{"taxonomy":"product_tag","embeddable":true,"href":"https:\/\/ozapato.com\/gt\/wp-json\/wp\/v2\/product_tag?post=284"}],"curies":[{"name":"wp","href":"https:\/\/api.w.org\/{rel}","templated":true}]}}