{"id":340,"date":"2021-02-03T20:07:08","date_gmt":"2021-02-04T02:07:08","guid":{"rendered":"https:\/\/ozapato.com\/gt\/?post_type=product&#038;p=340"},"modified":"2022-02-23T14:46:37","modified_gmt":"2022-02-23T20:46:37","slug":"watt-01-calzado-dielectrico-guatemala","status":"publish","type":"product","link":"https:\/\/ozapato.com\/gt\/product\/watt-01-calzado-dielectrico-guatemala\/","title":{"rendered":"Watt 01 &#8211; Botas diel\u00e9ctricas"},"content":{"rendered":"<p>[vc_row][vc_column][vc_column_text]<\/p>\n<ul>\n<li>Watt 01 Calzado diel\u00e9ctrico hasta 18.000 voltios.<\/li>\n<li>Suela 100% Slip resistant, excelente antideslizante. Suela que proporciona una mejor tracci\u00f3n en todas las superficies<\/li>\n<li>Certificacion ASTM 2412-18 resistente hasta 18 000 volts<\/li>\n<li>Suela resistente a la humedad y a los aceites \u2013 Oil resistant<\/li>\n<li>Plantilla antiperforacion Multi-Protective ultra flex certificada ISO y ASTM<\/li>\n<li>Cuero full grain premium graso. Cuero naturalmente impermeable, muy f\u00e1cil de mantener poniendo mas grasa.<\/li>\n<li>Puntera XL composit toe certificada con resistencia a m\u00e1s de 2 toneladas (Norma ASTM 2412-2413) Certificada ASTM I75 C75<\/li>\n<li>Bull\u00f3n exterior acolchado proporcionando una protecci\u00f3n y comodidad en todo el tobillo<\/li>\n<\/ul>\n<p>[\/vc_column_text][vc_separator][vc_masonry_media_grid grid_id=\u00bbvc_gid:1645648976864-4aaf3bdc-2c39-9&#8243; include=\u00bb597,623,624&#8243;][vc_empty_space][vc_row_inner][vc_column_inner width=\u00bb1\/3&#8243;][vc_column_text]<\/p>\n<h4>Suela Antideslizante<\/h4>\n<p>Certificado ASTM antideslizante. Resistente a aceites y combustible con recubrimiento frontal.[\/vc_column_text][\/vc_column_inner][vc_column_inner width=\u00bb1\/3&#8243;][vc_column_text]<\/p>\n<h4>Cemented<\/h4>\n<p>Construcci\u00f3n de suela pegada al corte.[\/vc_column_text][\/vc_column_inner][vc_column_inner width=\u00bb1\/3&#8243;][vc_column_text]<\/p>\n<h4>Cueros<\/h4>\n<p>Cuero negro graso de 1.8 a 2.2 mm, leng\u00fceta cerrada para evitar filtraci\u00f3n.[\/vc_column_text][\/vc_column_inner][\/vc_row_inner][vc_row_inner][vc_column_inner][vc_cta h2=\u00bb\u00bb css=\u00bb.vc_custom_1612404683932{background-color: #dd3333 !important;}\u00bb]<\/p>\n<h4 style=\"text-align: center;\"><span style=\"color: #ffffff;\"><strong><span style=\"vertical-align: inherit;\"><span style=\"vertical-align: inherit;\"><span style=\"color: #ffffff;\"><span style=\"vertical-align: inherit;\"><span style=\"vertical-align: inherit;\"><span style=\"vertical-align: inherit;\"><span style=\"vertical-align: inherit;\"><span style=\"vertical-align: inherit;\">\u00bfIn<span style=\"color: #ffffff;\">teresado en Botas diel\u00e9ctricas? <\/span><\/span><\/span><\/span><\/span><\/span><\/span><span style=\"vertical-align: inherit; color: #ffffff;\"><span style=\"vertical-align: inherit;\"><span style=\"vertical-align: inherit;\"><span style=\"vertical-align: inherit;\"><span style=\"vertical-align: inherit;\">Recibir con cotizaci\u00f3n en 24 hs<\/span><\/span><\/span><\/span><\/span><\/span><\/span><\/strong><\/span><\/h4>\n<p>[\/vc_cta][vc_column_text]<iframe loading=\"lazy\" height=\"800px\" width=\"100%\" frameborder=\"0\" allow=\"geolocation;microphone;camera\" src=\"https:\/\/forms.zohopublic.com\/virtualoffice9264\/form\/GTWebForm\/formperma\/MDrsbAZPyy93qKfNfyttrZUhON6CheYZ_85hXM1rtQs\"> <\/iframe>[\/vc_column_text][vc_empty_space][\/vc_column_inner][\/vc_row_inner][vc_column_text]<\/p>\n<h4 style=\"text-align: center;\"><span style=\"color: #000000;\"><strong><span style=\"vertical-align: inherit;\">\u00a1LA TECNOLOG\u00cdA DE LOS ZAPATOS MAS SEGUROS DE AM\u00c9RICA!<\/span><\/strong><\/span><\/h4>\n<p><span style=\"color: #000000;\"><span style=\"vertical-align: inherit;\">La <\/span><a style=\"color: #000000;\" href=\"https:\/\/es.wikipedia.org\/wiki\/Tecnolog%C3%ADa\" target=\"_blank\" rel=\"noopener\"><span style=\"vertical-align: inherit;\">tecnolog\u00eda<\/span><\/a><span style=\"vertical-align: inherit;\"> de <\/span><strong><span style=\"vertical-align: inherit;\">OZAPATO<\/span><\/strong><span style=\"vertical-align: inherit;\"> tiene la misi\u00f3n de fabricar los modelos de <\/span><strong><span style=\"vertical-align: inherit;\">zapatos y botas de seguridad<\/span><\/strong><span style=\"vertical-align: inherit;\"> del mercado. Con un departamento de <\/span><a style=\"color: #000000;\" href=\"https:\/\/es.wikipedia.org\/wiki\/Investigaci%C3%B3n,_desarrollo_e_innovaci%C3%B3n\" target=\"_blank\" rel=\"noopener\"><span style=\"vertical-align: inherit;\">Innovaci\u00f3n y Desarrollo<\/span><\/a><span style=\"vertical-align: inherit;\"> situado en M\u00e9xico, OZAPATO busca brindarle el calzado de protecci\u00f3n m\u00e1s novedoso y c\u00f3modo para el consumidor final.<\/span><\/span><\/p>\n<p><span style=\"color: #000000;\"><span style=\"vertical-align: inherit;\">Gracias a su I + D, nuestra empresa disena calzado de protecci\u00f3n para todo <\/span><a style=\"color: #000000;\" href=\"https:\/\/es.wikipedia.org\/wiki\/Am%C3%A9rica?wprov=srpw1_0\" target=\"_blank\" rel=\"noopener\"><span style=\"vertical-align: inherit;\">Am\u00e9rica<\/span><\/a><span style=\"vertical-align: inherit;\"> y Guatemala. Entre los productos que innova <\/span><a style=\"color: #000000;\" href=\"http:\/\/www.ozapato.com\"><span style=\"vertical-align: inherit;\">OZAPATO<\/span><\/a><span style=\"vertical-align: inherit;\"> son:<\/span><\/span><\/p>\n<ul>\n<li><span style=\"color: #000000;\"><strong><span style=\"vertical-align: inherit;\">Suelas<\/span><\/strong><\/span><\/li>\n<li><span style=\"color: #000000;\"><strong><span style=\"vertical-align: inherit;\">Suela 100% hule.<\/span><\/strong><\/span><\/li>\n<li><span style=\"color: #000000;\"><strong><span style=\"vertical-align: inherit;\">Suela exclusiva de OZAPATO Antideslizante y resistente al aceite.<\/span><\/strong><\/span><\/li>\n<li><span style=\"color: #000000;\"><strong><span style=\"vertical-align: inherit;\">Plantillas<\/span><\/strong><\/span><\/li>\n<li><span style=\"color: #000000;\"><strong><span style=\"vertical-align: inherit;\">Plantillas antiperforaci\u00f3n.<\/span><\/strong><\/span><\/li>\n<li><span style=\"color: #000000;\"><strong><span style=\"vertical-align: inherit;\">Plantillas de Celfil.<\/span><\/strong><\/span><\/li>\n<li><span style=\"color: #000000;\"><strong><span style=\"vertical-align: inherit;\">Plantilla T\u00e9rmica<\/span><\/strong><\/span><\/li>\n<li><span style=\"color: #000000;\"><strong><span style=\"vertical-align: inherit;\">Plantilla Textil.<\/span><\/strong><\/span><\/li>\n<li><span style=\"color: #000000;\"><strong><span style=\"vertical-align: inherit;\">Plantilla de Poliuretano.<\/span><\/strong><\/span><\/li>\n<li><span style=\"color: #000000;\"><strong><span style=\"vertical-align: inherit;\">Cascos<\/span><\/strong><\/span><\/li>\n<li><span style=\"color: #000000;\"><strong><span style=\"vertical-align: inherit;\">Casco de C\u00f3mposit.<\/span><\/strong><\/span><\/li>\n<li><span style=\"color: #000000;\"><strong><span style=\"vertical-align: inherit;\">Casco de acero.<\/span><\/strong><\/span><\/li>\n<li><span style=\"color: #000000;\"><strong><span style=\"vertical-align: inherit;\">Membrana de Cuero.<\/span><\/strong><\/span><\/li>\n<li><span style=\"color: #000000;\"><strong><span style=\"vertical-align: inherit;\">Forro acolchado.<\/span><\/strong><\/span><\/li>\n<li><span style=\"color: #000000;\"><strong><span style=\"vertical-align: inherit;\">Calzado a\u00edslante.<\/span><\/strong><\/span><\/li>\n<\/ul>\n<p>[\/vc_column_text][vc_row_inner][vc_column_inner width=\u00bb1\/4&#8243;][vc_gallery interval=\u00bb3&#8243; images=\u00bb339&#8243;][\/vc_column_inner][vc_column_inner width=\u00bb3\/4&#8243;][vc_column_text]<\/p>\n<h3 style=\"text-align: center;\"><strong>C\u00d3MPOSIT \/ POLIAMIDA<\/strong><\/h3>\n<p><span style=\"color: #000000;\">Casco de c\u00f3mposit, 100% libre de metal. Casco diel\u00e9ctrico, reduciendo la conducci\u00f3n de electricidad.\u00a0\u00a0Gran resistencia al impacto, no se astilla ni fractura en caso de que el casco fuera sometido a un impacto o compresi\u00f3n.<\/span><\/p>\n<p><span style=\"color: #000000;\">Normas de cumplimiento<strong>:\u00a0<\/strong>ASTM F 2413 \u2013 11, EN 12568, ISO 20344:2004,\u00a0NOM\u2013113\u2013STPS\u20132009<\/span>[\/vc_column_text][\/vc_column_inner][\/vc_row_inner][vc_row_inner][vc_column_inner][vc_column_text]<\/p>\n<h3 style=\"text-align: center;\"><strong>\u00bfQU\u00c9 HACEMOS\u00a0?<\/strong><\/h3>\n<p>OZAPATO es una marca de calzado ubicada en Pachuca, M\u00e9xico. Fabricamos botas de seguridad industrial para Guatemala. Contamos con presencia en Centro Am\u00e9rica, M\u00e9xico y Estados Unidos. Hemos aprendido a lo largo de los a\u00f1os como fabricar botas de seguridad con calidad y de maneja responsable. En Guatemala, nuestra l\u00ednea industrial cuenta con botas de seguridad, botas de seguridad diel\u00e9ctricas y botas t\u00e1cticas. Descubra nuestras botas de seguridad industrial para la industria mar\u00edtima.<\/p>\n<p>Por esta raz\u00f3n, OZAPATO presenta otro modelo Watt la primera edici\u00f3n la <strong>Watt 01.<\/strong><\/p>\n<h3 style=\"text-align: center;\">\u00bfC\u00d3MO\u00a0LO HACEMOS?<\/h3>\n<p>Todas nuestras botas de seguridad industrial son fabricadas con materiales de<strong> alta calidad<\/strong>. Tenga la confianza que sus pies estar\u00e1n protegidos en cada momento. Estamos tan seguros de la calidad de nuestros modelos de botas de seguridad industrial que ofrecemos una garant\u00eda de 4 meses y hasta 6 meses para las botas de seguridad m\u00e1s premium. Adem\u00e1s ofrecemos un servicio de <strong>entrega en 24 horas.<\/strong><\/p>\n<p>Todos nuestras botas industriales est\u00e1n pensados para Guatemala. En nuestra f\u00e1brica de <a href=\"https:\/\/es.wikipedia.org\/wiki\/Estado_de_Hidalgo\" target=\"_blank\" rel=\"noopener\">Hidalgo, M\u00e9xico<\/a>. Nuestro modelo de negocio, conecta directamente la f\u00e1brica con el cliente final, evitando intermediarios; no trabajamos con distribuidores que no sean directos. Esto permite ofrecer botas de seguridad a un precio m\u00e1s accesible.<\/p>\n<h3 style=\"text-align: center;\"><strong>\u00bfPORQU\u00c9\u00a0 LO HACEMOS\u00a0?<\/strong><\/h3>\n<p>OZAPATO naci\u00f3 con la idea de servir la comunidad local. La producci\u00f3n de nuestras botas de seguridad industrial es un proceso transparente que sustenta el balance socio econ\u00f3mico de la comunidad a la que pertenece.<\/p>\n<p>El valor m\u00e1s importante de OZAPATO es la entrega directa hasta el cliente. Cortamos todos los intermediarios que no a\u00f1aden valor a nuestros consumidores. Cada etapa de la fabricaci\u00f3n de botas de seguridad industrial debe beneficiar a la gente que fabrica el calzado.<\/p>\n<p>Nuestro equipo ama desarrollar botas de seguridad en un <strong>ambiente social y econ\u00f3mico justo.<\/strong> Queremos que nuestros clientes conf\u00eden en que no s\u00f3lo compran botas bien hechas y de buena calidad, sino que tambi\u00e9n cada persona incluida en la cadena de suministro reciba un trato justo al momento de realizar su trabajo.<\/p>\n<h3 style=\"text-align: center;\">\u00a1CALZADO DIEL\u00c9CTRICO\u00a0HASTA 18.000 VOLTIOS!<\/h3>\n<p><a href=\"https:\/\/ozapato.com\/cr\/?s=watt&amp;post_type=product\">Watt<\/a> 01,\u00a0 es un <strong>calzado diel\u00e9ctrico<\/strong>\u00a0 hasta los 18.000 voltios. Esta compuesta de Waterproof, y construida con cuero graso y resistente a los 18.000 voltios.[\/vc_column_text][\/vc_column_inner][\/vc_row_inner][\/vc_column][\/vc_row]<\/p>\n","protected":false},"excerpt":{"rendered":"<p>\u26a1\u00a0Watt 01 es un calzado diel\u00e9ctrico certificada bajo ASTM 2313-18. Ideal para realizar trabajos con gran\u00a0exposici\u00f3n hasta 18.000 voltios y de Waterproof.<\/p>\n","protected":false},"featured_media":577,"comment_status":"open","ping_status":"closed","template":"","meta":[],"product_brand":[],"product_cat":[24,25],"product_tag":[],"class_list":{"0":"post-340","1":"product","2":"type-product","3":"status-publish","4":"has-post-thumbnail","6":"product_cat-botas-dielectricas","7":"product_cat-industrial","9":"first","10":"onbackorder","11":"shipping-taxable","12":"product-type-variable"},"_links":{"self":[{"href":"https:\/\/ozapato.com\/gt\/wp-json\/wp\/v2\/product\/340","targetHints":{"allow":["GET"]}}],"collection":[{"href":"https:\/\/ozapato.com\/gt\/wp-json\/wp\/v2\/product"}],"about":[{"href":"https:\/\/ozapato.com\/gt\/wp-json\/wp\/v2\/types\/product"}],"replies":[{"embeddable":true,"href":"https:\/\/ozapato.com\/gt\/wp-json\/wp\/v2\/comments?post=340"}],"wp:featuredmedia":[{"embeddable":true,"href":"https:\/\/ozapato.com\/gt\/wp-json\/wp\/v2\/media\/577"}],"wp:attachment":[{"href":"https:\/\/ozapato.com\/gt\/wp-json\/wp\/v2\/media?parent=340"}],"wp:term":[{"taxonomy":"product_brand","embeddable":true,"href":"https:\/\/ozapato.com\/gt\/wp-json\/wp\/v2\/product_brand?post=340"},{"taxonomy":"product_cat","embeddable":true,"href":"https:\/\/ozapato.com\/gt\/wp-json\/wp\/v2\/product_cat?post=340"},{"taxonomy":"product_tag","embeddable":true,"href":"https:\/\/ozapato.com\/gt\/wp-json\/wp\/v2\/product_tag?post=340"}],"curies":[{"name":"wp","href":"https:\/\/api.w.org\/{rel}","templated":true}]}}