{"id":627,"date":"2022-07-22T10:17:19","date_gmt":"2022-07-22T16:17:19","guid":{"rendered":"https:\/\/ozapato.com\/gt\/?post_type=product&#038;p=627"},"modified":"2022-07-22T10:35:27","modified_gmt":"2022-07-22T16:35:27","slug":"bird-12","status":"publish","type":"product","link":"https:\/\/ozapato.com\/gt\/product\/bird-12\/","title":{"rendered":"Bird 12"},"content":{"rendered":"<p>[vc_row][vc_column width=\u00bb1\/6&#8243;][\/vc_column][vc_column width=\u00bb2\/3&#8243;][vc_column_text]Construcci\u00f3n: Cemented<br \/>\nSuela: Hule con resistente a aceites e hidrocarburos + resistencia a alta temperaturas hasta<br \/>\n300 grados cent\u00edgrados<br \/>\nCorte: Cuero full grain cafe<br \/>\nForro: Forrado antimicrobiano acolchado<br \/>\nCosturas: Doble y triple de nylon<br \/>\nContrafuerte: Cuero de carnaza<br \/>\nPuntera: XL extra larga de composite<br \/>\nPlantilla interior: Tejida de 3mm anti microbiana<br \/>\nPlantilla anti-perforaci\u00f3n: Textil de kevlar<br \/>\nAjuste: Horma EEE<br \/>\nAltura: 16 cm<br \/>\nNumeraci\u00f3n: 3-13<br \/>\nCertificada 18 000 volts ASTM 2413-18<br \/>\nBota libre de metal[\/vc_column_text][\/vc_column][vc_column width=\u00bb1\/6&#8243;][\/vc_column][\/vc_row][vc_row][vc_column][vc_media_grid grid_id=\u00bbvc_gid:1658507625972-ffab8ce5-2548-1&#8243; include=\u00bb629,630,679&#8243;][vc_row_inner][vc_column_inner][vc_cta h2=\u00bb\u00bb txt_align=\u00bbcenter\u00bb color=\u00bbpink\u00bb css=\u00bb.vc_custom_1658507502449{background-color: #e53434 !important;}\u00bb]<\/p>\n<h4 style=\"text-align: center; color: white;\">\u00bfInteresado en calzado industrial? Solicite una cotizaci\u00f3n!<\/h4>\n<p>[\/vc_cta][vc_column_text]<iframe loading=\"lazy\" height=\"800px\" width=\"100%\" frameborder=\"0\" allow=\"geolocation;microphone;camera\" src=\"https:\/\/forms.zohopublic.com\/virtualoffice9264\/form\/GTWebForm\/formperma\/MDrsbAZPyy93qKfNfyttrZUhON6CheYZ_85hXM1rtQs\"> <\/iframe>[\/vc_column_text][\/vc_column_inner][\/vc_row_inner][\/vc_column][\/vc_row][vc_row][vc_column width=\u00bb1\/6&#8243;][\/vc_column][vc_column width=\u00bb2\/3&#8243;][vc_column_text]<\/p>\n<h3 align=\"center\"><strong>\u00bfQU\u00c9 HACEMOS?<\/strong><\/h3>\n<p>OZAPATO es una marca de calzado ubicada en Pachuca, M\u00e9xico. Fabricamos botas de seguridad industrial y contamos con presencia en Guatemala, Costa Rica, Rep\u00fablica Dominicana, M\u00e9xico, Panam\u00e1 y Estados Unidos. Hemos aprendido a lo largo de los a\u00f1os como fabricar botas de seguridad con calidad y de manera responsable. <strong>En Guatemala<\/strong>, nuestra l\u00ednea industrial cuenta con botas de seguridad, botas de seguridad diel\u00e9ctricas y botas t\u00e1cticas. Por esta raz\u00f3n, OZAPATO les presenta su <strong>bota diel\u00e9ctrica<\/strong> <strong>Coyotl 01<\/strong> Desierto\u00a1Elija de nuestro cat\u00e1logo las botas que necesita para trabajar con seguridad!<\/p>\n<h3 class=\"western\" align=\"center\"><strong>\u00bf<\/strong><strong>C\u00d3MO<\/strong><strong> LO HACEMOS?<\/strong><\/h3>\n<p>Todas nuestras botas de seguridad industrial son fabricadas con materiales de alta calidad. Tenga la confianza que sus pies estar\u00e1n protegidos en cada momento. Estamos tan seguros de la calidad de nuestros modelos de botas de seguridad industrial que ofrecemos una <strong>garant\u00eda de 4 meses y hasta 6 meses<\/strong> para las botas de seguridad m\u00e1s premium. Adem\u00e1s ofrecemos un servicio de entrega en 24 horas.<\/p>\n<h3 class=\"western\" align=\"center\"><strong>\u00bfPOR QU\u00c9 LO HACEMOS?<\/strong><\/h3>\n<p>OZAPATO naci\u00f3 con la idea de servir a la comunidad local. La producci\u00f3n de nuestras botas de seguridad industrial es un proceso transparente que sustenta el balance socio econ\u00f3mico de la comunidad a la que pertenece.<\/p>\n<p>El valor m\u00e1s importante de OZAPATO es la <strong>entrega directa hasta el cliente.<\/strong> Evitamos todos los intermediarios que no a\u00f1aden valor a nuestros consumidores. Cada etapa de la fabricaci\u00f3n de botas de seguridad industrial debe beneficiar a la gente que fabrica el <strong>calzado.<\/strong><\/p>\n<p>A nuestro equipo le apasiona desarrollar botas de seguridad en un ambiente social y econ\u00f3mico justo. Queremos que nuestros clientes conf\u00eden en que no s\u00f3lo compran botas bien hechas y de buena calidad, sino que tambi\u00e9n cada persona incluida en la cadena de suministro reciba un trato justo al momento.<\/p>\n<h3 style=\"text-align: center;\">\u00a1BOTAS INDUSTRIALES DE ALTA CALIDAD! &#8211; CALZADO INDUSTRIALPROFESIONAL<\/h3>\n<p><b>\ud83e\udd7e BIRD 12<\/b>, es un calzado industrial libre de metal. Anti-fatigue &#8211; Suela antifatiga ultra flexible con absorci\u00f3n del choque al caminar<br \/>\nDryfast &#8211; Repelente de poliuretano para la humendad<br \/>\nResistente al agua &#8211; 100% cuero graso con acabado de poliuretano[\/vc_column_text][\/vc_column][vc_column width=\u00bb1\/6&#8243;][\/vc_column][\/vc_row]<\/p>\n","protected":false},"excerpt":{"rendered":"<div>Bota diel\u00e9ctrica Bird 12, suela liviana PU \/ hule + protector frontal de Kevlar. Ideal para trabajos pesados con gran exposici\u00f3n a abrasi\u00f3n.<\/div>\n<div><\/div>\n","protected":false},"featured_media":631,"comment_status":"open","ping_status":"closed","template":"","meta":[],"product_brand":[],"product_cat":[25,24],"product_tag":[],"class_list":{"0":"post-627","1":"product","2":"type-product","3":"status-publish","4":"has-post-thumbnail","6":"product_cat-industrial","7":"product_cat-botas-dielectricas","9":"first","10":"instock","11":"shipping-taxable","12":"product-type-simple"},"_links":{"self":[{"href":"https:\/\/ozapato.com\/gt\/wp-json\/wp\/v2\/product\/627","targetHints":{"allow":["GET"]}}],"collection":[{"href":"https:\/\/ozapato.com\/gt\/wp-json\/wp\/v2\/product"}],"about":[{"href":"https:\/\/ozapato.com\/gt\/wp-json\/wp\/v2\/types\/product"}],"replies":[{"embeddable":true,"href":"https:\/\/ozapato.com\/gt\/wp-json\/wp\/v2\/comments?post=627"}],"wp:featuredmedia":[{"embeddable":true,"href":"https:\/\/ozapato.com\/gt\/wp-json\/wp\/v2\/media\/631"}],"wp:attachment":[{"href":"https:\/\/ozapato.com\/gt\/wp-json\/wp\/v2\/media?parent=627"}],"wp:term":[{"taxonomy":"product_brand","embeddable":true,"href":"https:\/\/ozapato.com\/gt\/wp-json\/wp\/v2\/product_brand?post=627"},{"taxonomy":"product_cat","embeddable":true,"href":"https:\/\/ozapato.com\/gt\/wp-json\/wp\/v2\/product_cat?post=627"},{"taxonomy":"product_tag","embeddable":true,"href":"https:\/\/ozapato.com\/gt\/wp-json\/wp\/v2\/product_tag?post=627"}],"curies":[{"name":"wp","href":"https:\/\/api.w.org\/{rel}","templated":true}]}}