{"id":11470,"date":"2020-02-28T09:50:04","date_gmt":"2020-02-28T16:50:04","guid":{"rendered":"https:\/\/ozapato.com\/mx\/?page_id=11470"},"modified":"2020-03-09T15:03:55","modified_gmt":"2020-03-09T22:03:55","slug":"que-es-una-suela-ergonomica","status":"publish","type":"page","link":"https:\/\/ozapato.com\/mx\/que-es-una-suela-ergonomica\/","title":{"rendered":"\u00bfQu\u00e9 es una suela Ergon\u00f3mica?"},"content":{"rendered":"<p>[vc_row][vc_column][vc_column_text]<\/p>\n<h4 style=\"text-align: center\"><span style=\"color: #ff0000\"><em>El tipo de zapato de seguridad\u00a0 que usted elija para llevar en el trabajo, la conducci\u00f3n, e incluso para hacer tareas cotidianas , puede tener un gran impacto en su salud en general.<\/em><\/span><\/h4>\n<p>[\/vc_column_text][\/vc_column][\/vc_row][vc_row][vc_column][vc_separator][\/vc_column][\/vc_row][vc_row type=&#8221;boxed&#8221;][vc_column][vc_column_text]<\/p>\n<h3 style=\"text-align: center\"><strong>\u00a1SUELA ERGON\u00d3MICA Y CONFORTABLE!<\/strong><\/h3>\n<p>Las <a href=\"http:\/\/ozapato.com\"><em>suelas<\/em><\/a> son la parte mas importante de una <b>bota de seguridad<\/b>, que te permite trabajar durante largas jornadas de trabajo de la manera mas c\u00f3moda y confortable posible. Con el fin de <b>amortiguar<\/b> nuestros pasos y nos brinden la mejor <b>tracci\u00f3n <\/b>necesaria para seguir nuestra labor.<\/p>\n<p>Las suelas pueden estar fabricadas de distintos materiales. Dependiendo del uso que se le de al <b>calzado de seguridad.<\/b><\/p>\n<p>En <strong>OZAPATO<\/strong>, las suelas ergon\u00f3micas tiene una diferencia de 1.5 cm entre el tal\u00f3n y la punta.<\/p>\n<p>Los materiales que se usan para fabricarlas pueden ser de madera,goma,pl\u00e1sticos extendidos. Pero la mayor\u00eda de las suelas esta compuesta por la combinaci\u00f3n de diferentes materiales orientadas en ofrecer la mejor calidad del <b>zapato.<\/b><\/p>\n<p>&nbsp;<\/p>\n<h4><b>\ud83e\udd7e\u00a0Material Industrial:<\/b><\/h4>\n<p>&nbsp;<\/p>\n<ul>\n<li>\n<h4>Suelas de Cuero:<\/h4>\n<\/li>\n<\/ul>\n<p>Las <b>suelas de cuero<\/b> son flexibles y transpirables perfectas para trabajar. Evitando que el pie sude. Pero son muy fr\u00e1giles para trabajar los d\u00edas lluvias.<\/p>\n<ul>\n<li>\n<h4>Suelas Ergon\u00f3micas:<\/h4>\n<\/li>\n<\/ul>\n<p>Las suelas ergon\u00f3micas\u00a0 est\u00e1n en los zapatos ergon\u00f3micos \u00bb, independientemente del dise\u00f1o o del fabricante, est\u00e1n dise\u00f1ados para simular la condici\u00f3n natural de caminar descalzo sobre terrenos blandos.En <strong>M\u00e9xico<\/strong>, se puede conseguir esta confort\u00a0 con las botas de seguridad de <a href=\"https:\/\/ozapato.com\/mx\/\">OZAPATO <\/a>\u00a0 con sus plantillas ergon\u00f3mica ideales para los trabajadores.<\/p>\n<ul>\n<li>\n<h4>Suelas de Goma:<\/h4>\n<\/li>\n<\/ul>\n<p>Las suelas de goma est\u00e1n compuestos de materiales flexibles y ligeros. Se suelen desgastar en el tiempo, pero son muy <b>confortables. <\/b>Tienen buena amortiguaci\u00f3n y se fabrican de manera industrial. Ejemplos de productos de suelas de goma: <a href=\"https:\/\/www.adidas.com\/us\" target=\"_blank\" rel=\"noopener\">marcas deportivas <\/a>como <b>adidas, nike,Fila,etc.<\/b><\/p>\n<ul>\n<li>\n<h4>Suela de Goma Eva:<\/h4>\n<\/li>\n<\/ul>\n<p>La goma Eva,es un material ultra liviano para la cocina y hosteler\u00eda ya que son ligeras para trabajos din\u00e1micos un ejemplo de esta productos son las <a href=\"https:\/\/ozapato.com\/pa\/product\/eva01\/\">zapatillas Eva.<\/a><\/p>\n<h4><strong>Material casual:<\/strong><\/h4>\n<ul>\n<li>\n<h4>Suelas de Crepe:<\/h4>\n<p>Son las que tiene un aspecto rugoso. Se suelen desgastar con rapidez.<\/li>\n<\/ul>\n<ul>\n<li>\n<h4>Suelas de Esparto:<\/h4>\n<\/li>\n<\/ul>\n<p>Son las suelas para el verano, que se ve en las alpargatas. Son c\u00f3modas y frescas. Las suelas est\u00e1n realizadas de trenzas de fibras vegetales del esparto o Yuca.<\/p>\n<ul>\n<li>\n<h4>Suelas de Corcho:<\/h4>\n<\/li>\n<\/ul>\n<p>Son suelas muy ligeras que son perfectos para los zapatos de cu\u00f1a con plataforma. Resisten bien a la amortiguaci\u00f3n y suelen usarse para fines deportivos u ortop\u00e9dicos.[\/vc_column_text][\/vc_column][\/vc_row][vc_row][vc_column][vc_separator][\/vc_column][\/vc_row][vc_row type=&#8221;boxed&#8221;][vc_column][vc_media_grid grid_id=&#8221;vc_gid:1583790277365-e2176a52-84cf-9&#8243; include=&#8221;5955,5954,6376&#8243;][\/vc_column][\/vc_row][vc_row][vc_column][vc_separator][\/vc_column][\/vc_row][vc_row type=&#8221;boxed&#8221;][vc_column][vc_column_text]<\/p>\n<h4 class=\"western\" style=\"text-align: center\"><span style=\"color: #ff0000\">\u00bfInteresado? Recibe una cotizaci\u00f3n en 24 horas m\u00e1ximo.<\/span><\/h4>\n<p>[\/vc_column_text][vc_column_text]<iframe loading=\"lazy\" height=\"850px\" width=\"100%\" frameborder=\"0\" allow=\"geolocation;microphone;camera\" src=\"https:\/\/forms.zohopublic.com\/virtualoffice9264\/form\/MXWebForm\/formperma\/t2g4AJSxH5dX5eLImIHPs6T1GSbbcmWdJblk7_0ZVFw\"> <\/iframe>[\/vc_column_text][\/vc_column][\/vc_row][vc_row][vc_column][vc_separator][\/vc_column][\/vc_row][vc_row][vc_column][vc_column_text][Instagram-feed][\/vc_column_text][\/vc_column][\/vc_row]<\/p>\n","protected":false},"excerpt":{"rendered":"<p>[vc_row][vc_column][vc_column_text] El tipo de zapato de seguridad\u00a0 que usted elija para llevar en el trabajo, la conducci\u00f3n, e incluso para hacer tareas cotidianas , puede tener un gran impacto en su salud en general. [\/vc_column_text][\/vc_column][\/vc_row][vc_row][vc_column][vc_separator][\/vc_column][\/vc_row][vc_row type=&#8221;boxed&#8221;][vc_column][vc_column_text] \u00a1SUELA ERGON\u00d3MICA Y CONFORTABLE! Las suelas son la parte mas importante de una bota de seguridad, que te permite [&hellip;]<\/p>\n","protected":false},"author":350,"featured_media":0,"parent":0,"menu_order":0,"comment_status":"closed","ping_status":"closed","template":"","meta":{"footnotes":""},"class_list":["post-11470","page","type-page","status-publish","hentry"],"_links":{"self":[{"href":"https:\/\/ozapato.com\/mx\/wp-json\/wp\/v2\/pages\/11470","targetHints":{"allow":["GET"]}}],"collection":[{"href":"https:\/\/ozapato.com\/mx\/wp-json\/wp\/v2\/pages"}],"about":[{"href":"https:\/\/ozapato.com\/mx\/wp-json\/wp\/v2\/types\/page"}],"author":[{"embeddable":true,"href":"https:\/\/ozapato.com\/mx\/wp-json\/wp\/v2\/users\/350"}],"replies":[{"embeddable":true,"href":"https:\/\/ozapato.com\/mx\/wp-json\/wp\/v2\/comments?post=11470"}],"version-history":[{"count":5,"href":"https:\/\/ozapato.com\/mx\/wp-json\/wp\/v2\/pages\/11470\/revisions"}],"predecessor-version":[{"id":11493,"href":"https:\/\/ozapato.com\/mx\/wp-json\/wp\/v2\/pages\/11470\/revisions\/11493"}],"wp:attachment":[{"href":"https:\/\/ozapato.com\/mx\/wp-json\/wp\/v2\/media?parent=11470"}],"curies":[{"name":"wp","href":"https:\/\/api.w.org\/{rel}","templated":true}]}}