{"id":11589,"date":"2020-04-20T11:43:05","date_gmt":"2020-04-20T17:43:05","guid":{"rendered":"https:\/\/ozapato.com\/mx\/?page_id=11589"},"modified":"2021-01-20T12:44:26","modified_gmt":"2021-01-20T19:44:26","slug":"zapatos-de-seguridad-para-mujer","status":"publish","type":"page","link":"https:\/\/ozapato.com\/mx\/zapatos-de-seguridad-para-mujer\/","title":{"rendered":"CALZADO INDUSTRIAL DISE\u00d1ADO PARA LAS MEXICANAS"},"content":{"rendered":"<p>[vc_row video_bg=&#8221;yes&#8221; video_bg_url=&#8221;https:\/\/www.youtube.com\/watch?v=__oq67bsM8A&#8221;][vc_column][vc_column_text css=&#8221;.vc_custom_1587406753170{padding-top: 32px !important;}&#8221;]<\/p>\n<h3 style=\"text-align: center;\"><span style=\"color: #ffffff;\">ZAPATOS DE SEGURIDAD PARA MUJER<\/span><\/h3>\n<p>[\/vc_column_text][\/vc_column][\/vc_row][vc_row][vc_column][vc_empty_space][\/vc_column][\/vc_row][vc_row type=&#8221;boxed&#8221;][vc_column width=&#8221;1\/6&#8243;][\/vc_column][vc_column width=&#8221;2\/3&#8243;][vc_column_text]<\/p>\n<h3 class=\"serp-title\" style=\"text-align: center;\" data-format=\"%title% %sep% %sitename%\" data-empty-title=\"Haz clic para introducir el t\u00edtulo personalizado\">\u00a1CALZADO INDUSTRIAL DISE\u00d1ADO PARA LAS MEXICANAS!<\/h3>\n<p><span style=\"font-weight: 400; color: #000000;\">El calzado de seguridad para mujer de OZAPATO, est\u00e1 pensado e inspirado en las m\u00e1s de <strong>600,000 mujeres<\/strong> que trabajan en la<strong> industria<\/strong><\/span><span style=\"color: #000000;\">\u00a0como la <\/span><a href=\"https:\/\/ozapato.com\/mx\/calzado-de-construccion\/\">construcci\u00f3n,<\/a><span style=\"color: #000000;\"> metal-mec\u00e1nica, transporte, extracci\u00f3n entre otras. <\/span><a href=\"http:\/\/www.ozapato.com\">OZAPATO<\/a><span style=\"color: #000000;\"> ha desarrollado soluciones que cubren todo lo que necesitamos: botas livianas, fabricadas para actividades que requieren<\/span><strong style=\"color: #000000;\"> seguridad, calidad y confort.<\/strong><\/p>\n<p><span style=\"color: #000000;\"><span style=\"font-weight: 400;\">Hay <strong>diferentes clasificaciones<\/strong>, dependiendo del <a href=\"https:\/\/es.wikipedia.org\/wiki\/Calzado_de_protecci%C3%B3n\" target=\"_blank\" rel=\"noopener\">grado de protecci\u00f3n<\/a> que aporta al usuario. Uno de los componentes principales es la <a href=\"https:\/\/ozapato.com\/mx\/tecnologia\/\"><strong>puntera o casquillo<\/strong><\/a>, que ayudar\u00e1 a proteger la zona de las falanges, ante la ca\u00edda o compresi\u00f3n por alg\u00fan elemento en la zona de trabajo.<\/span><\/span>[\/vc_column_text][vc_single_image image=&#8221;12495&#8243; img_size=&#8221;large&#8221; alignment=&#8221;center&#8221;][vc_column_text]<span style=\"color: #000000;\"><span style=\"font-weight: 400;\">Fabricantes de <strong>calzado de seguridad <\/strong><\/span><b>tipo II<\/b><span style=\"font-weight: 400;\"> (con puntera de protecci\u00f3n) <\/span><b>y III <\/b><span style=\"font-weight: 400;\">(de protecci\u00f3n <a href=\"https:\/\/ozapato.com\/mx\/calzado-de-seguridad-dielectrico\/\">diel\u00e9ctrica<\/a>),\u00a0 utilizan diferentes materiales en esta zona, pero\u2026. <strong>\u00bfcu\u00e1l es el mejor para ti?<\/strong>, aqu\u00ed sus diferencias:<\/span><\/span>[\/vc_column_text][vc_column_text]<\/p>\n<table>\n<tbody>\n<tr>\n<td><strong>Acero<\/strong><\/td>\n<td><strong>Composit<\/strong><\/td>\n<\/tr>\n<tr>\n<td><span style=\"font-weight: 400; color: #000000;\">Un solo material de alta resistencia no diel\u00e9ctrico.<\/span><\/td>\n<td><span style=\"font-weight: 400; color: #000000;\">Mezcla de materiales pl\u00e1sticos de alta resistencia diel\u00e9ctrica, hasta 18000 voltios<\/span><\/td>\n<\/tr>\n<tr>\n<td><span style=\"font-weight: 400; color: #000000;\">Si se le a\u00f1ade un recubrimiento epoxico a\u00edsla cargas el\u00e9ctricas<\/span><\/td>\n<td><span style=\"font-weight: 400; color: #000000;\">Soporta 2 toneladas de compresi\u00f3n y 1500 kgs de impacto.<\/span><\/td>\n<\/tr>\n<tr>\n<td><span style=\"font-weight: 400; color: #000000;\">Peso promedio hasta 170 grs por pie, muy cansado!<\/span><\/td>\n<td><span style=\"font-weight: 400; color: #000000;\">Tan s\u00f3lo 50 grs por pie!<\/span><\/td>\n<\/tr>\n<\/tbody>\n<\/table>\n<p>[\/vc_column_text][vc_column_text]\u00a1Conoce nuestros productos, exclusivamente dise\u00f1ados para la <strong>mujer mexicana<\/strong>![\/vc_column_text][\/vc_column][vc_column width=&#8221;1\/6&#8243;][\/vc_column][\/vc_row][vc_row][vc_column width=&#8221;1\/6&#8243;][\/vc_column][vc_column width=&#8221;2\/3&#8243;]<div class=\"woocommerce columns-4 \"><ul class=\"products columns-4\">\n<li class=\"product type-product post-122 status-publish first instock product_cat-botas-de-construccion product_cat-calzados-de-seguridad product_cat-para-mujeres has-post-thumbnail shipping-taxable purchasable product-type-variable\">\r\n\r\n\t\r\n    <div class=\"product_thumbnail_wrapper \">\r\n\r\n\t\t<a href=\"https:\/\/ozapato.com\/mx\/producto\/lady-01-bota-de-seguridad-mujer\/\" class=\"woocommerce-LoopProduct-link woocommerce-loop-product__link\">\r\n\r\n\t        <div class=\"product_thumbnail \">\r\n\t            <img loading=\"lazy\" decoding=\"async\" width=\"300\" height=\"300\" src=\"https:\/\/ozapato.com\/mx\/wp-content\/uploads\/sites\/4\/2017\/02\/thumbmail-Lady01-800x800-300x300.jpg\" class=\"attachment-woocommerce_thumbnail size-woocommerce_thumbnail\" alt=\"Lady 5 botas de seguridad para mujeres en M\u00e9xico\" srcset=\"https:\/\/ozapato.com\/mx\/wp-content\/uploads\/sites\/4\/2017\/02\/thumbmail-Lady01-800x800-300x300.jpg 300w, https:\/\/ozapato.com\/mx\/wp-content\/uploads\/sites\/4\/2017\/02\/thumbmail-Lady01-800x800-150x150.jpg 150w, https:\/\/ozapato.com\/mx\/wp-content\/uploads\/sites\/4\/2017\/02\/thumbmail-Lady01-800x800-768x768.jpg 768w, https:\/\/ozapato.com\/mx\/wp-content\/uploads\/sites\/4\/2017\/02\/thumbmail-Lady01-800x800-600x600.jpg 600w, https:\/\/ozapato.com\/mx\/wp-content\/uploads\/sites\/4\/2017\/02\/thumbmail-Lady01-800x800-100x100.jpg 100w, https:\/\/ozapato.com\/mx\/wp-content\/uploads\/sites\/4\/2017\/02\/thumbmail-Lady01-800x800.jpg 800w\" sizes=\"auto, (max-width: 300px) 100vw, 300px\" \/>\t            \t        <\/div><!--.product_thumbnail-->\r\n\t\t<\/a>\r\n\r\n\t\t\t\t\t\t\t\r\n\t\t\r\n\t\t\r\n\t\t\r\n    <\/div><!--.product_thumbnail_wrapper-->\r\n\r\n    \r\n\t<h2 class=\"woocommerce-loop-product__title\">\r\n\t\t<a href=\"https:\/\/ozapato.com\/mx\/producto\/lady-01-bota-de-seguridad-mujer\/\">Lady 01 &#8211; Botas de seguridad para mujer<\/a>\r\n\t<\/h2>\r\n\r\n\t\r\n        <div class=\"product_after_shop_loop\">\r\n        <div class=\"product_after_shop_loop_switcher\">\r\n    \r\n            \n\t<span class=\"price\"><span class=\"woocommerce-Price-amount amount\"><bdi><span class=\"woocommerce-Price-currencySymbol\">&#36;<\/span>899<\/bdi><\/span><\/span>\n\t<span id=\"woocommerce_loop_add_to_cart_link_describedby_122\" class=\"screen-reader-text\">\n\t\tThis product has multiple variants. The options may be chosen on the product page\t<\/span>\n\r\n            <\/div>\r\n    <\/div>\r\n    \r\n\t<span class=\"gtm4wp_productdata\" style=\"display:none; visibility:hidden;\" data-gtm4wp_product_data=\"{&quot;internal_id&quot;:122,&quot;item_id&quot;:122,&quot;item_name&quot;:&quot;Lady 01 - Botas de seguridad para mujer&quot;,&quot;sku&quot;:&quot;Lady01&quot;,&quot;price&quot;:899,&quot;stocklevel&quot;:null,&quot;stockstatus&quot;:&quot;instock&quot;,&quot;google_business_vertical&quot;:&quot;retail&quot;,&quot;item_category&quot;:&quot;Mujeres&quot;,&quot;id&quot;:122,&quot;productlink&quot;:&quot;https:\\\/\\\/ozapato.com\\\/mx\\\/producto\\\/lady-01-bota-de-seguridad-mujer\\\/&quot;,&quot;item_list_name&quot;:&quot;General Product List&quot;,&quot;index&quot;:1,&quot;product_type&quot;:&quot;variable&quot;,&quot;item_brand&quot;:&quot;&quot;}\"><\/span>\r\n<\/li>\r\n<li class=\"product type-product post-5144 status-publish instock product_cat-calzados-de-seguridad product_cat-para-mujeres product_cat-zapatos-para-hospitales product_cat-zapatos-para-restaurantes has-post-thumbnail shipping-taxable purchasable product-type-variable\">\r\n\r\n\t\r\n    <div class=\"product_thumbnail_wrapper \">\r\n\r\n\t\t<a href=\"https:\/\/ozapato.com\/mx\/producto\/lady-desierto-bota-de-cuero-mujer\/\" class=\"woocommerce-LoopProduct-link woocommerce-loop-product__link\">\r\n\r\n\t        <div class=\"product_thumbnail \">\r\n\t            <img loading=\"lazy\" decoding=\"async\" width=\"385\" height=\"385\" src=\"https:\/\/ozapato.com\/mx\/wp-content\/uploads\/sites\/4\/2017\/02\/thumbmail-lady-04-385x385.jpg\" class=\"attachment-woocommerce_thumbnail size-woocommerce_thumbnail\" alt=\"calzado de seguridad para mujeres con casquillo en Mexico OZAPATO\" srcset=\"https:\/\/ozapato.com\/mx\/wp-content\/uploads\/sites\/4\/2017\/02\/thumbmail-lady-04-385x385.jpg 385w, https:\/\/ozapato.com\/mx\/wp-content\/uploads\/sites\/4\/2017\/02\/thumbmail-lady-04-300x300.jpg 300w, https:\/\/ozapato.com\/mx\/wp-content\/uploads\/sites\/4\/2017\/02\/thumbmail-lady-04-150x150.jpg 150w, https:\/\/ozapato.com\/mx\/wp-content\/uploads\/sites\/4\/2017\/02\/thumbmail-lady-04-768x768.jpg 768w, https:\/\/ozapato.com\/mx\/wp-content\/uploads\/sites\/4\/2017\/02\/thumbmail-lady-04-570x570.jpg 570w, https:\/\/ozapato.com\/mx\/wp-content\/uploads\/sites\/4\/2017\/02\/thumbmail-lady-04-100x100.jpg 100w, https:\/\/ozapato.com\/mx\/wp-content\/uploads\/sites\/4\/2017\/02\/thumbmail-lady-04.jpg 800w\" sizes=\"auto, (max-width: 385px) 100vw, 385px\" \/>\t            \t        <\/div><!--.product_thumbnail-->\r\n\t\t<\/a>\r\n\r\n\t\t\t\t\t\t\t\r\n\t\t\r\n\t\t\r\n\t\t\r\n    <\/div><!--.product_thumbnail_wrapper-->\r\n\r\n    \r\n\t<h2 class=\"woocommerce-loop-product__title\">\r\n\t\t<a href=\"https:\/\/ozapato.com\/mx\/producto\/lady-desierto-bota-de-cuero-mujer\/\">Lady 04 Desierto &#8211; Botas de cuero para mujer<\/a>\r\n\t<\/h2>\r\n\r\n\t\r\n        <div class=\"product_after_shop_loop\">\r\n        <div class=\"product_after_shop_loop_switcher\">\r\n    \r\n            \n\t<span class=\"price\"><span class=\"woocommerce-Price-amount amount\"><bdi><span class=\"woocommerce-Price-currencySymbol\">&#36;<\/span>1,099<\/bdi><\/span><\/span>\n\t<span id=\"woocommerce_loop_add_to_cart_link_describedby_5144\" class=\"screen-reader-text\">\n\t\tThis product has multiple variants. The options may be chosen on the product page\t<\/span>\n\r\n            <\/div>\r\n    <\/div>\r\n    \r\n\t<span class=\"gtm4wp_productdata\" style=\"display:none; visibility:hidden;\" data-gtm4wp_product_data=\"{&quot;internal_id&quot;:5144,&quot;item_id&quot;:5144,&quot;item_name&quot;:&quot;Lady 04 Desierto - Botas de cuero para mujer&quot;,&quot;sku&quot;:&quot;LADY04&quot;,&quot;price&quot;:1099,&quot;stocklevel&quot;:null,&quot;stockstatus&quot;:&quot;instock&quot;,&quot;google_business_vertical&quot;:&quot;retail&quot;,&quot;item_category&quot;:&quot;Mujeres&quot;,&quot;id&quot;:5144,&quot;productlink&quot;:&quot;https:\\\/\\\/ozapato.com\\\/mx\\\/producto\\\/lady-desierto-bota-de-cuero-mujer\\\/&quot;,&quot;item_list_name&quot;:&quot;General Product List&quot;,&quot;index&quot;:2,&quot;product_type&quot;:&quot;variable&quot;,&quot;item_brand&quot;:&quot;&quot;}\"><\/span>\r\n<\/li>\r\n<\/ul>\n<\/div>[\/vc_column][vc_column width=&#8221;1\/6&#8243;][\/vc_column][\/vc_row][vc_row type=&#8221;boxed&#8221;][vc_column width=&#8221;1\/6&#8243;][\/vc_column][vc_column width=&#8221;2\/3&#8243;][vc_column_text]<\/p>\n<h4 style=\"text-align: center;\"><strong>Y tus piernas\u00a0 \u00bfc\u00f3mo se sienten al final de d\u00eda?<\/strong><\/h4>\n<p><span style=\"color: #000000;\"><span style=\"font-weight: 400;\">Los modelos <\/span><b>OZAPATO para mujeres<\/b><span style=\"font-weight: 400;\"> est\u00e1n construidos con<strong> punteras de composit<\/strong> de gran amplitud, permitiendo total libertad de movimiento para tus dedos y les a\u00f1adimos una pesta\u00f1a protectora que evita el roce con las costuras, ni siquiera percibes que el <strong>calzado tiene casquillo<\/strong>!<\/span><\/span><\/p>\n<p><span style=\"font-weight: 400; color: #000000;\">Sabemos que tendr\u00e1s una jornada larga de trabajo y por ello dise\u00f1amos el mejor par de<a href=\"https:\/\/ozapato.com\/mx\/botas-tacticas\/\"><strong> botas<\/strong><\/a>, el par que te d\u00e9 toda la protecci\u00f3n y seguridad, con un peso razonable para tus piernas.\u00a0<\/span><\/p>\n<p>Todas las botas de seguridad para mujer tienen un casco de poliamida m\u00e1s liviano que un casco de acero. Adem\u00e1s, tienen un corte m\u00e1s bajo que permite embonar mejor el tobillo. El resultado es una bota de seguridad para mujeres, m\u00e1s liviana pero que ofrece el mismo nivel de protecci\u00f3n que el calzado de seguridad para hombres.<\/p>\n<p>Todas nuestras<strong>\u00a0botas de seguridad para mujer<\/strong>\u00a0est\u00e1n disponibles desde la talla 23 al 27. \u00a1Adem\u00e1s vienen con una\u00a0<strong>garant\u00eda de 4 a 6 meses!<\/strong>[\/vc_column_text][vc_cta h2=&#8221;&#8221; css=&#8221;.vc_custom_1609978747268{background-color: #ff3a3a !important;}&#8221;]<\/p>\n<h5 class=\"western\" style=\"text-align: center;\"><span style=\"color: #ffffff;\">\u00bfInteresado en calzado de seguridad? Recibe una cotizaci\u00f3n en 24 horas hs.<\/span><\/h5>\n<p>[\/vc_cta][vc_column_text]<iframe loading=\"lazy\" height=\"800px\" width=\"100%\" frameborder=\"0\" allow=\"geolocation;microphone;camera\" src=\"https:\/\/forms.zohopublic.com\/virtualoffice9264\/form\/MXWebForm\/formperma\/t2g4AJSxH5dX5eLImIHPs6T1GSbbcmWdJblk7_0ZVFw\"> <\/iframe>[\/vc_column_text][\/vc_column][vc_column width=&#8221;1\/6&#8243;][\/vc_column][\/vc_row][vc_row][vc_column][vc_separator][\/vc_column][\/vc_row][vc_row][vc_column][vc_column_text]\t\t<div id=\"sbi_mod_error\" >\n\t\t\t<span>This error message is only visible to WordPress admins<\/span><br\/>\n\t\t\t<p><strong>Error: No feed found.<\/strong>\n\t\t\t<p>Please go to the Instagram Feed settings page to create a feed.<\/p>\n\t\t<\/div>\n\t\t[\/vc_column_text][\/vc_column][\/vc_row]<\/p>\n","protected":false},"excerpt":{"rendered":"<p>[vc_row video_bg=&#8221;yes&#8221; video_bg_url=&#8221;https:\/\/www.youtube.com\/watch?v=__oq67bsM8A&#8221;][vc_column][vc_column_text css=&#8221;.vc_custom_1587406753170{padding-top: 32px !important;}&#8221;] ZAPATOS DE SEGURIDAD PARA MUJER [\/vc_column_text][\/vc_column][\/vc_row][vc_row][vc_column][vc_empty_space][\/vc_column][\/vc_row][vc_row type=&#8221;boxed&#8221;][vc_column width=&#8221;1\/6&#8243;][\/vc_column][vc_column width=&#8221;2\/3&#8243;][vc_column_text] \u00a1CALZADO INDUSTRIAL DISE\u00d1ADO PARA LAS MEXICANAS! El calzado de seguridad para mujer de OZAPATO, est\u00e1 pensado e inspirado en las m\u00e1s de 600,000 mujeres que trabajan en la industria\u00a0como la construcci\u00f3n, metal-mec\u00e1nica, transporte, extracci\u00f3n entre otras. OZAPATO ha desarrollado soluciones [&hellip;]<\/p>\n","protected":false},"author":350,"featured_media":0,"parent":0,"menu_order":0,"comment_status":"closed","ping_status":"closed","template":"page-full-width.php","meta":{"footnotes":""},"class_list":["post-11589","page","type-page","status-publish","hentry"],"_links":{"self":[{"href":"https:\/\/ozapato.com\/mx\/wp-json\/wp\/v2\/pages\/11589","targetHints":{"allow":["GET"]}}],"collection":[{"href":"https:\/\/ozapato.com\/mx\/wp-json\/wp\/v2\/pages"}],"about":[{"href":"https:\/\/ozapato.com\/mx\/wp-json\/wp\/v2\/types\/page"}],"author":[{"embeddable":true,"href":"https:\/\/ozapato.com\/mx\/wp-json\/wp\/v2\/users\/350"}],"replies":[{"embeddable":true,"href":"https:\/\/ozapato.com\/mx\/wp-json\/wp\/v2\/comments?post=11589"}],"version-history":[{"count":26,"href":"https:\/\/ozapato.com\/mx\/wp-json\/wp\/v2\/pages\/11589\/revisions"}],"predecessor-version":[{"id":13105,"href":"https:\/\/ozapato.com\/mx\/wp-json\/wp\/v2\/pages\/11589\/revisions\/13105"}],"wp:attachment":[{"href":"https:\/\/ozapato.com\/mx\/wp-json\/wp\/v2\/media?parent=11589"}],"curies":[{"name":"wp","href":"https:\/\/api.w.org\/{rel}","templated":true}]}}