{"id":11868,"date":"2020-05-08T08:45:44","date_gmt":"2020-05-08T14:45:44","guid":{"rendered":"https:\/\/ozapato.com\/mx\/?page_id=11868"},"modified":"2020-05-09T10:41:39","modified_gmt":"2020-05-09T16:41:39","slug":"botas-y-calzado-para-la-industria-automotriz","status":"publish","type":"page","link":"https:\/\/ozapato.com\/mx\/botas-y-calzado-para-la-industria-automotriz\/","title":{"rendered":"Botas y Calzado para la industria automotriz"},"content":{"rendered":"<p>[vc_row video_bg=&#8221;yes&#8221; video_bg_url=&#8221; https:\/\/www.youtube.com\/watch?v=__oq67bsM8A&#8221; css=&#8221;.vc_custom_1588946008300{padding-top: 32px !important;}&#8221;][vc_column][vc_column_text]<\/p>\n<h4 style=\"text-align: center;\"><span style=\"color: #ffffff;\">AUTOMOTRIZ<\/span><\/h4>\n<p>[\/vc_column_text][\/vc_column][\/vc_row][vc_row][vc_column][vc_empty_space][\/vc_column][\/vc_row][vc_row][vc_column width=&#8221;1\/4&#8243;][\/vc_column][vc_column width=&#8221;1\/2&#8243;]<div class=\"woocommerce columns-4 \"><\/div>[\/vc_column][vc_column width=&#8221;1\/4&#8243;][\/vc_column][\/vc_row][vc_row][vc_column][vc_empty_space][\/vc_column][\/vc_row][vc_row type=&#8221;boxed&#8221;][vc_column width=&#8221;1\/4&#8243;][\/vc_column][vc_column width=&#8221;1\/2&#8243;][vc_column_text]<\/p>\n<h3 style=\"text-align: center;\"><b>BOTAS Y CALZADOS PARA LA INDUSTRIA AUTOMOTRIZ<\/b><\/h3>\n<p>&nbsp;<\/p>\n<p><span style=\"font-weight: 400; color: #000000;\">La <strong>industria automotriz<\/strong> es el conjunto de empresas y organizaciones\u00a0 relacionadas con la producci\u00f3n, dise\u00f1o y ventas de autom\u00f3viles. El sector automotriz es de los sectores econ\u00f3micos m\u00e1s importantes de <a href=\"http:\/\/www.ozapato.com\/mx\/\">M\u00e9xico<\/a>. Un ejemplo de esto, es la presencia de grandes<strong> marcas internacionales<\/strong> localizadas en la localidad de Puebla, donde est\u00e1n afincadas m\u00e1s de 70 empresas de autopartes. <\/span><span style=\"font-weight: 400; color: #000000;\">Empresas internacionales como <a href=\"https:\/\/www.toyota.mx\/\" target=\"_blank\" rel=\"noopener\">Toyota<\/a>, Renault, Nissan y Volkswagen\u00a0 y otras marcas m\u00e1s, producen 4.55 millones de veh\u00edculos al a\u00f1o. Generando<strong> 12,5 millones de puestos de trabajos\u00a0<\/strong> dentro del sector automovil\u00edstico directos e indirectamente.<\/span><\/p>\n<p><span style=\"font-weight: 400; color: #000000;\">Esta industria, demanda diversos perfiles profesionales, t\u00e9cnicos como: Ingenieros, Pintores, Dise\u00f1adores, Vendedores, Mec\u00e1nicos, etc.<\/span><\/p>\n<p><span style=\"font-weight: 400; color: #000000;\">Por esta raz\u00f3n, OZAPATO, fabrica las <strong>botas y calzados para el industria automotriz<\/strong>, y para los trabajadores de este y\u00a0 de otras \u00e1reas: Las <strong>gasolineras<\/strong> y los <a href=\"https:\/\/es.wikipedia.org\/wiki\/Mec%C3%A1nico\" target=\"_blank\" rel=\"noopener\"><strong>talleres mec\u00e1nicos.<\/strong><\/a><\/span><\/p>\n<p><span style=\"font-weight: 400; color: #000000;\">Porque nuestra empresa entiende que detr\u00e1s de un gran motor hay un gran trabajador con <strong>botas antiesticas<\/strong> de <a href=\"http:\/\/www.ozapato.com\">OZAPATO<\/a>.<\/span>[\/vc_column_text][\/vc_column][vc_column width=&#8221;1\/4&#8243;][\/vc_column][\/vc_row][vc_row type=&#8221;boxed&#8221;][vc_column][vc_media_grid element_width=&#8221;6&#8243; grid_id=&#8221;vc_gid:1589042051055-c1c3d315-d4ce-7&#8243; include=&#8221;6821,6819&#8243;][\/vc_column][\/vc_row][vc_row][vc_column][vc_empty_space][\/vc_column][\/vc_row][vc_row type=&#8221;boxed&#8221;][vc_column][vc_cta h2=&#8221;&#8221; css=&#8221;.vc_custom_1588954579958{background-color: #dd3333 !important;}&#8221;]<\/p>\n<h4 style=\"text-align: center;\"><span style=\"color: #ffffff;\">\u00bfInteresado en calzado para la industria Automotriz Recibe cotizaci\u00f3n gratis\u00a0 en 24 hs.<\/span><\/h4>\n<p>[\/vc_cta][\/vc_column][\/vc_row][vc_row type=&#8221;boxed&#8221;][vc_column][vc_column_text]<iframe loading=\"lazy\" height=\"800px\" width=\"100%\" frameborder=\"0\" allow=\"geolocation;microphone;camera\" src=\"https:\/\/forms.zohopublic.com\/virtualoffice9264\/form\/MXWebForm\/formperma\/t2g4AJSxH5dX5eLImIHPs6T1GSbbcmWdJblk7_0ZVFw\"> <\/iframe>[\/vc_column_text][\/vc_column][\/vc_row][vc_row][vc_column][vc_empty_space][\/vc_column][\/vc_row][vc_row type=&#8221;boxed&#8221;][vc_column width=&#8221;1\/4&#8243;][\/vc_column][vc_column width=&#8221;1\/2&#8243;][vc_column_text]<\/p>\n<h4 style=\"text-align: center;\"><span style=\"color: #000000;\"><strong>CARACTER\u00cdSTICAS DEL CALZADO PARA EL SECTOR AUTOMOTRIZ<\/strong><\/span><\/h4>\n<h5><span style=\"color: #000000;\">\u00a0 \u00a0 \u00a0 \u00a0 \u00a0 \u00a0 \u00a0 \u00a0 \u00a0 \u00a0 \u00a0 \u00a0 \u00a0 \u00a0 \u00a0 \u00a0 \u00a0 \u00a0 \u00a0 \u00a0 \u00a0 \u00a0 \u00a0 \u00a0 \u00a0 \u00a0 \u00a0 \u00a0<\/span><\/h5>\n<p><span style=\"font-weight: 400; color: #000000;\">Las caracter\u00edstica del <strong>calzado para la industria automotriz<\/strong> deben ser:<\/span><\/p>\n<ul>\n<li><span style=\"font-weight: 400; color: #000000;\"><strong>Impermeables:<\/strong>\u00a0 Los<a href=\"https:\/\/ozapato.com\/mx\/zapatos-para-chef\/\"> zapatos<\/a> deben ser resistente al agua y todo tipo de aceites, gasolina u otros hidrocarburos.<\/span><\/li>\n<li><span style=\"font-weight: 400; color: #000000;\"><strong>Aislantes:<\/strong> La construcci\u00f3n del <strong>calzado para el sector automotriz<\/strong> debe estar fabricado, con material aislante\u00a0 para temperaturas extremas.<\/span><\/li>\n<li><span style=\"font-weight: 400; color: #000000;\"><strong>Flexible y Libre de Metal:<\/strong> Las <a href=\"https:\/\/ozapato.com\/mx\/zapatos-de-seguridad-industrial\/\">botas de seguridad <\/a>para mec\u00e1nicos del sector automotriz, deben usar zapatos de trabajo\u00a0 <strong>flexibles y libres de metal<\/strong>. Porque deben estar mucho tiempo\u00a0 trabajando flexionados.<\/span><\/li>\n<li style=\"text-align: left;\"><span style=\"font-weight: 400; color: #000000;\"><strong>Antideslizantes<\/strong>: Los mec\u00e1nicos suelen trabajar en talleres o en\u00a0 f\u00e1bricas <a href=\"https:\/\/www.vw.com.mx\/es.html\" target=\"_blank\" rel=\"noopener\">multinacionales<\/a> con <strong>producci\u00f3n en cadena<\/strong>. Donde se utilizan muchos productos qu\u00edmicos, como hidrocarburos y la <strong>botas de protecci\u00f3n<\/strong> debe tener una suela antideslizante para no sufrir accidentes laborales y ligeros para aguantar el ritmo de producci\u00f3n en la <a href=\"https:\/\/www.webyempresas.com\/linea-montaje\/\" target=\"_blank\" rel=\"noopener\">l\u00ednea de montaje.<\/a><\/span><\/li>\n<\/ul>\n<p>[\/vc_column_text][\/vc_column][vc_column width=&#8221;1\/4&#8243;][\/vc_column][\/vc_row][vc_row][vc_column][vc_empty_space][\/vc_column][\/vc_row][vc_row type=&#8221;boxed&#8221;][vc_column width=&#8221;1\/4&#8243;][\/vc_column][vc_column width=&#8221;1\/2&#8243;][vc_column_text]<\/p>\n<h4 style=\"text-align: center;\"><span style=\"color: #000000;\">\u00a0CALZADO\u00a0 ANTIEST\u00c1TICO<\/span><\/h4>\n<p><span style=\"color: #000000;\"><a style=\"color: #000000;\" href=\"https:\/\/emojipedia.org\/hammer-and-wrench\/\" target=\"_blank\" rel=\"noopener noreferrer\"><span class=\"emoji\">\ud83d\udee0\ufe0f\u00a0<\/span><\/a>El\u00a0<strong>calzado antiest\u00e1tico o conductivo\u00a0 y el calzado diel\u00e9ctrico\u00a0<\/strong>se utiliza en \u00e1reas de trabajo donde el trabajador se expone no quiere ser expuesto a la electricidad est\u00e1tica o a la el\u00e9ctricidad\u00a0<\/span><\/p>\n<p><span style=\"color: #000000;\"><strong>Calzado Antiest\u00e1tico<\/strong><\/span><\/p>\n<p><span style=\"color: #000000;\">El<strong> calzado antiest\u00e1tico <\/strong>, se utilizan\u00a0 por ejemplo en cuarto de pintura automotriz, en \u00e1reas de trabajo con <strong>baja electricidad,<\/strong> con la funci\u00f3n de esparcir las corrientes estaticas.<\/span><\/p>\n<p>El calzado <span style=\"color: #000000;\">antiest\u00e1tico debe de tener una\u00a0resistencia de 100 k\u03a9 a 100 000 000 k\u03a9. Por ejemplo la linea de calzado <strong>antiest\u00e1tico<\/strong> para la industria automotriz que maneja OZAPATO tiene un resistencia de 7539\u00a0k\u03a9<\/span>[\/vc_column_text][\/vc_column][vc_column width=&#8221;1\/4&#8243;][\/vc_column][\/vc_row][vc_row][vc_column][vc_column_text]\t\t<div id=\"sbi_mod_error\" >\n\t\t\t<span>This error message is only visible to WordPress admins<\/span><br\/>\n\t\t\t<p><strong>Error: No feed found.<\/strong>\n\t\t\t<p>Please go to the Instagram Feed settings page to create a feed.<\/p>\n\t\t<\/div>\n\t\t[\/vc_column_text][\/vc_column][\/vc_row][vc_row][vc_column][vc_empty_space][\/vc_column][\/vc_row]<\/p>\n","protected":false},"excerpt":{"rendered":"<p>[vc_row video_bg=&#8221;yes&#8221; video_bg_url=&#8221; https:\/\/www.youtube.com\/watch?v=__oq67bsM8A&#8221; css=&#8221;.vc_custom_1588946008300{padding-top: 32px !important;}&#8221;][vc_column][vc_column_text] AUTOMOTRIZ [\/vc_column_text][\/vc_column][\/vc_row][vc_row][vc_column][vc_empty_space][\/vc_column][\/vc_row][vc_row][vc_column width=&#8221;1\/4&#8243;][\/vc_column][vc_column width=&#8221;1\/2&#8243;][\/vc_column][vc_column width=&#8221;1\/4&#8243;][\/vc_column][\/vc_row][vc_row][vc_column][vc_empty_space][\/vc_column][\/vc_row][vc_row type=&#8221;boxed&#8221;][vc_column width=&#8221;1\/4&#8243;][\/vc_column][vc_column width=&#8221;1\/2&#8243;][vc_column_text] BOTAS Y CALZADOS PARA LA INDUSTRIA AUTOMOTRIZ &nbsp; La industria automotriz es el conjunto de empresas y organizaciones\u00a0 relacionadas con la producci\u00f3n, dise\u00f1o y ventas de autom\u00f3viles. El sector automotriz es de los sectores econ\u00f3micos m\u00e1s importantes de M\u00e9xico. Un [&hellip;]<\/p>\n","protected":false},"author":350,"featured_media":0,"parent":0,"menu_order":0,"comment_status":"closed","ping_status":"closed","template":"page-full-width.php","meta":{"footnotes":""},"class_list":["post-11868","page","type-page","status-publish","hentry"],"_links":{"self":[{"href":"https:\/\/ozapato.com\/mx\/wp-json\/wp\/v2\/pages\/11868","targetHints":{"allow":["GET"]}}],"collection":[{"href":"https:\/\/ozapato.com\/mx\/wp-json\/wp\/v2\/pages"}],"about":[{"href":"https:\/\/ozapato.com\/mx\/wp-json\/wp\/v2\/types\/page"}],"author":[{"embeddable":true,"href":"https:\/\/ozapato.com\/mx\/wp-json\/wp\/v2\/users\/350"}],"replies":[{"embeddable":true,"href":"https:\/\/ozapato.com\/mx\/wp-json\/wp\/v2\/comments?post=11868"}],"version-history":[{"count":13,"href":"https:\/\/ozapato.com\/mx\/wp-json\/wp\/v2\/pages\/11868\/revisions"}],"predecessor-version":[{"id":11884,"href":"https:\/\/ozapato.com\/mx\/wp-json\/wp\/v2\/pages\/11868\/revisions\/11884"}],"wp:attachment":[{"href":"https:\/\/ozapato.com\/mx\/wp-json\/wp\/v2\/media?parent=11868"}],"curies":[{"name":"wp","href":"https:\/\/api.w.org\/{rel}","templated":true}]}}