{"id":12,"date":"2017-01-31T21:00:34","date_gmt":"2017-01-31T16:00:34","guid":{"rendered":"https:\/\/ozapato.com\/do\/?page_id=12"},"modified":"2022-07-06T13:53:50","modified_gmt":"2022-07-06T19:53:50","slug":"botas-seguridad-garantizadas-mexico","status":"publish","type":"page","link":"https:\/\/ozapato.com\/mx\/botas-seguridad-garantizadas-mexico\/","title":{"rendered":"Botas de seguridad garantizadas en M\u00e9xico | OZAPATO"},"content":{"rendered":"<p>[vc_row][vc_column]<style>.shortcode_getbowtied_slider .shortcode-slider-pagination .swiper-pagination-bullet.swiper-pagination-bullet-active:after{background-color: #000000;}<\/style>\n\n\t\t<div class=\"shortcode_getbowtied_slider swiper-container swiper-69e2a72f55987 full_height\" style=\" width: 100%\" data-autoplay=\"10\" data-id=\"69e2a72f55987\">\n\t\t\t<div class=\"swiper-wrapper\">\n\t\t\t\n\t\t\t<div class=\"swiper-slide left-align\"\n\t\t\tstyle=\t\"background: #CCCCCC url(https:\/\/ozapato.com\/mx\/wp-content\/uploads\/sites\/4\/2022\/06\/distribuya-ozapato-slide-1.jpg) center center no-repeat ;\n\t\t\t\t\t-webkit-background-size: cover;\n\t\t\t\t\t-moz-background-size: cover;\n\t\t\t\t\t-o-background-size: cover;\n\t\t\t\t\tbackground-size: cover;\n\t\t\t\t\tcolor: #ffffff\">\n\t\t\t\thttp:\/\/a%20href=#distri%20class=fullslidelink\/a\n\t\t\t\t<div class=\"slider-content\" data-swiper-parallax=\"-50%\">\n\t\t\t\t\t<div class=\"slider-content-wrapper\">\n\t\t\t\t\t\t<h2 class=\"primary_font\" style=\"color:#ffffff;font-size:64px;line-height: 64px\">Distribuya OZAPATO en M\u00e9xico<\/h2>\n\t\t\t\t\t\t<p class=\"primary_font\" style=\"color:#ffffff;font-size:21px;line-height: 21px\">Ofrecemos precios de f\u00e1brica + apoyo en marketing<\/p>\n\t\t\t\t\t\t<a class=\"button\" style=\"color:#FFFFFF !important;background: #000000 !important\" href=\"#distri\">Me interesa distribuir<\/a>\n\t\t\t\t\t<\/div>\n\t\t\t\t<\/div>\n\t\t\t<\/div>\n\t\t\t<div class=\"swiper-slide left-align\"\n\t\t\tstyle=\t\"background: #CCCCCC url(https:\/\/ozapato.com\/mx\/wp-content\/uploads\/sites\/4\/2022\/06\/distribuya-ozapato-slide-2.jpg) center center no-repeat ;\n\t\t\t\t\t-webkit-background-size: cover;\n\t\t\t\t\t-moz-background-size: cover;\n\t\t\t\t\t-o-background-size: cover;\n\t\t\t\t\tbackground-size: cover;\n\t\t\t\t\tcolor: #ffffff\">\n\t\t\t\t\n\t\t\t\t<div class=\"slider-content\" data-swiper-parallax=\"-50%\">\n\t\t\t\t\t<div class=\"slider-content-wrapper\">\n\t\t\t\t\t\t<h2 class=\"primary_font\" style=\"color:#ffffff;font-size:64px;line-height: 64px\">Conozca nuestro cat\u00e1logo<\/h2>\n\t\t\t\t\t\t<p class=\"primary_font\" style=\"color:#ffffff;font-size:21px;line-height: 21px\">Contamos con calzado diel\u00e9ctrico, t\u00e1ctico, industrial y m\u00e1s.<\/p>\n\t\t\t\t\t\t<a class=\"button\" style=\"color:#FFFFFF !important;background: #000000 !important\" href=\"https:\/\/workdrive.zohoexternal.com\/external\/524f66ba6180ad125258b85306bf030a203b5bf2669e274cd57acf3ad37a0d8c?layout=list\" target=\"_blank\" rel=\"noopener\">Ver cat\u00e1logo<\/a>\n\t\t\t\t\t<\/div>\n\t\t\t\t<\/div>\n\t\t\t<\/div>\n\t\t\t<\/div>\n\t\t\t\t<div style=\"color: #000000\" class=\"swiper-button-prev\"><i class=\"spk-icon spk-icon-left-arrow-thin-large\"><\/i><\/div>\n    \t\t\t<div style=\"color: #000000\" class=\"swiper-button-next\"><i class=\"spk-icon spk-icon-right-arrow-thin-large\"><\/i><\/div>\n\t\t\t\t<div style=\"color: #000000\" class=\"shortcode-slider-pagination\"><\/div><\/div>[\/vc_column][\/vc_row][vc_row type=&#8221;boxed&#8221;][vc_column][vc_empty_space][vc_column_text]<\/p>\n<h2 style=\"text-align: center;\">NUESTROS MODELOS INDUSTRIALES Y T\u00c1CTICOS<\/h2>\n<p>[\/vc_column_text]<div class=\"woocommerce columns-4 \"><ul class=\"products columns-4\">\n<li class=\"product type-product post-5015 status-publish first onbackorder product_cat-tactica has-post-thumbnail shipping-taxable purchasable product-type-variable\">\r\n\r\n\t\r\n    <div class=\"product_thumbnail_wrapper \">\r\n\r\n\t\t<a href=\"https:\/\/ozapato.com\/mx\/producto\/cop-9-botas-tacticas-para-policias\/\" class=\"woocommerce-LoopProduct-link woocommerce-loop-product__link\">\r\n\r\n\t        <div class=\"product_thumbnail \">\r\n\t            <img loading=\"lazy\" decoding=\"async\" width=\"300\" height=\"300\" src=\"https:\/\/ozapato.com\/mx\/wp-content\/uploads\/sites\/4\/2017\/02\/thumbmail-Cop01-800x800-300x300.jpg\" class=\"attachment-woocommerce_thumbnail size-woocommerce_thumbnail\" alt=\"Cop 01 botas militares y tacticas\" srcset=\"https:\/\/ozapato.com\/mx\/wp-content\/uploads\/sites\/4\/2017\/02\/thumbmail-Cop01-800x800-300x300.jpg 300w, https:\/\/ozapato.com\/mx\/wp-content\/uploads\/sites\/4\/2017\/02\/thumbmail-Cop01-800x800-150x150.jpg 150w, https:\/\/ozapato.com\/mx\/wp-content\/uploads\/sites\/4\/2017\/02\/thumbmail-Cop01-800x800-768x768.jpg 768w, https:\/\/ozapato.com\/mx\/wp-content\/uploads\/sites\/4\/2017\/02\/thumbmail-Cop01-800x800-600x600.jpg 600w, https:\/\/ozapato.com\/mx\/wp-content\/uploads\/sites\/4\/2017\/02\/thumbmail-Cop01-800x800-100x100.jpg 100w, https:\/\/ozapato.com\/mx\/wp-content\/uploads\/sites\/4\/2017\/02\/thumbmail-Cop01-800x800.jpg 800w\" sizes=\"auto, (max-width: 300px) 100vw, 300px\" \/>\t            \t        <\/div><!--.product_thumbnail-->\r\n\t\t<\/a>\r\n\r\n\t\t\t\t\t\t\t\r\n\t\t\r\n\t\t\r\n\t\t\r\n    <\/div><!--.product_thumbnail_wrapper-->\r\n\r\n    \r\n\t<h2 class=\"woocommerce-loop-product__title\">\r\n\t\t<a href=\"https:\/\/ozapato.com\/mx\/producto\/cop-9-botas-tacticas-para-policias\/\">Cop 01 &#8211; Botas t\u00e1cticas para polic\u00eda<\/a>\r\n\t<\/h2>\r\n\r\n\t\r\n        <div class=\"product_after_shop_loop\">\r\n        <div class=\"product_after_shop_loop_switcher\">\r\n    \r\n            \n\t<span class=\"price\"><span class=\"woocommerce-Price-amount amount\"><bdi><span class=\"woocommerce-Price-currencySymbol\">&#36;<\/span>1,199<\/bdi><\/span><\/span>\n\t<span id=\"woocommerce_loop_add_to_cart_link_describedby_5015\" class=\"screen-reader-text\">\n\t\tThis product has multiple variants. The options may be chosen on the product page\t<\/span>\n\r\n            <\/div>\r\n    <\/div>\r\n    \r\n\t<span class=\"gtm4wp_productdata\" style=\"display:none; visibility:hidden;\" data-gtm4wp_product_data=\"{&quot;internal_id&quot;:5015,&quot;item_id&quot;:5015,&quot;item_name&quot;:&quot;Cop 01 - Botas t\\u00e1cticas para polic\\u00eda&quot;,&quot;sku&quot;:&quot;Cop01&quot;,&quot;price&quot;:1199,&quot;stocklevel&quot;:0,&quot;stockstatus&quot;:&quot;onbackorder&quot;,&quot;google_business_vertical&quot;:&quot;retail&quot;,&quot;item_category&quot;:&quot;T\\u00e1ctica&quot;,&quot;id&quot;:5015,&quot;productlink&quot;:&quot;https:\\\/\\\/ozapato.com\\\/mx\\\/producto\\\/cop-9-botas-tacticas-para-policias\\\/&quot;,&quot;item_list_name&quot;:&quot;General Product List&quot;,&quot;index&quot;:1,&quot;product_type&quot;:&quot;variable&quot;,&quot;item_brand&quot;:&quot;&quot;}\"><\/span>\r\n<\/li>\r\n<li class=\"product type-product post-10591 status-publish instock product_cat-botas-de-construccion product_cat-calzado-industria-automotriz product_cat-calzados-de-seguridad has-post-thumbnail shipping-taxable purchasable product-type-variable has-default-attributes\">\r\n\r\n\t\r\n    <div class=\"product_thumbnail_wrapper \">\r\n\r\n\t\t<a href=\"https:\/\/ozapato.com\/mx\/producto\/rock-01\/\" class=\"woocommerce-LoopProduct-link woocommerce-loop-product__link\">\r\n\r\n\t        <div class=\"product_thumbnail with_second_image\">\r\n\t            <img loading=\"lazy\" decoding=\"async\" width=\"385\" height=\"385\" src=\"https:\/\/ozapato.com\/mx\/wp-content\/uploads\/sites\/4\/2019\/10\/thumbmail-Rock-01-385x385.png\" class=\"attachment-woocommerce_thumbnail size-woocommerce_thumbnail\" alt=\"Rock 01 bota de seguridad libre de metal en Mexico\" srcset=\"https:\/\/ozapato.com\/mx\/wp-content\/uploads\/sites\/4\/2019\/10\/thumbmail-Rock-01-385x385.png 385w, https:\/\/ozapato.com\/mx\/wp-content\/uploads\/sites\/4\/2019\/10\/thumbmail-Rock-01-300x300.png 300w, https:\/\/ozapato.com\/mx\/wp-content\/uploads\/sites\/4\/2019\/10\/thumbmail-Rock-01-150x150.png 150w, https:\/\/ozapato.com\/mx\/wp-content\/uploads\/sites\/4\/2019\/10\/thumbmail-Rock-01-768x768.png 768w, https:\/\/ozapato.com\/mx\/wp-content\/uploads\/sites\/4\/2019\/10\/thumbmail-Rock-01-570x570.png 570w, https:\/\/ozapato.com\/mx\/wp-content\/uploads\/sites\/4\/2019\/10\/thumbmail-Rock-01-100x100.png 100w, https:\/\/ozapato.com\/mx\/wp-content\/uploads\/sites\/4\/2019\/10\/thumbmail-Rock-01.png 1024w\" sizes=\"auto, (max-width: 385px) 100vw, 385px\" \/>\t            \t            \t<span class=\"product_thumbnail_background\" style=\"background-image:url(https:\/\/ozapato.com\/mx\/wp-content\/uploads\/sites\/4\/2019\/10\/generation-88afbe75-7b37-4dcf-b20b-9db96f6eea4c-385x450.png)\"><\/span>\r\n\t        \t\t        <\/div><!--.product_thumbnail-->\r\n\t\t<\/a>\r\n\r\n\t\t\t\t\t\t\t\r\n\t\t\r\n\t\t\r\n\t\t\r\n    <\/div><!--.product_thumbnail_wrapper-->\r\n\r\n    \r\n\t<h2 class=\"woocommerce-loop-product__title\">\r\n\t\t<a href=\"https:\/\/ozapato.com\/mx\/producto\/rock-01\/\">Rock 01<\/a>\r\n\t<\/h2>\r\n\r\n\t\r\n        <div class=\"product_after_shop_loop\">\r\n        <div class=\"product_after_shop_loop_switcher\">\r\n    \r\n            \n\t<span class=\"price\"><span class=\"woocommerce-Price-amount amount\"><bdi><span class=\"woocommerce-Price-currencySymbol\">&#36;<\/span>749<\/bdi><\/span><\/span>\n\t<span id=\"woocommerce_loop_add_to_cart_link_describedby_10591\" class=\"screen-reader-text\">\n\t\tThis product has multiple variants. The options may be chosen on the product page\t<\/span>\n\r\n            <\/div>\r\n    <\/div>\r\n    \r\n\t<span class=\"gtm4wp_productdata\" style=\"display:none; visibility:hidden;\" data-gtm4wp_product_data=\"{&quot;internal_id&quot;:10591,&quot;item_id&quot;:10591,&quot;item_name&quot;:&quot;Rock 01&quot;,&quot;sku&quot;:&quot;Rock01&quot;,&quot;price&quot;:749,&quot;stocklevel&quot;:1,&quot;stockstatus&quot;:&quot;instock&quot;,&quot;google_business_vertical&quot;:&quot;retail&quot;,&quot;item_category&quot;:&quot;Botas de construccion&quot;,&quot;id&quot;:10591,&quot;productlink&quot;:&quot;https:\\\/\\\/ozapato.com\\\/mx\\\/producto\\\/rock-01\\\/&quot;,&quot;item_list_name&quot;:&quot;General Product List&quot;,&quot;index&quot;:2,&quot;product_type&quot;:&quot;variable&quot;,&quot;item_brand&quot;:&quot;&quot;}\"><\/span>\r\n<\/li>\r\n<li class=\"product type-product post-7798 status-publish instock product_cat-dielectrica product_cat-calzados-de-seguridad product_cat-mercadolibre has-post-thumbnail shipping-taxable purchasable product-type-variable\">\r\n\r\n\t\r\n    <div class=\"product_thumbnail_wrapper \">\r\n\r\n\t\t<a href=\"https:\/\/ozapato.com\/mx\/producto\/watt-botas-dielectricas\/\" class=\"woocommerce-LoopProduct-link woocommerce-loop-product__link\">\r\n\r\n\t        <div class=\"product_thumbnail with_second_image\">\r\n\t            <img loading=\"lazy\" decoding=\"async\" width=\"385\" height=\"385\" src=\"https:\/\/ozapato.com\/mx\/wp-content\/uploads\/sites\/4\/2017\/12\/thumbmail-watt-01-new-385x385.jpg\" class=\"attachment-woocommerce_thumbnail size-woocommerce_thumbnail\" alt=\"Watt 01 - Botas diel\u00e9ctricas de seguridad\" srcset=\"https:\/\/ozapato.com\/mx\/wp-content\/uploads\/sites\/4\/2017\/12\/thumbmail-watt-01-new-385x385.jpg 385w, https:\/\/ozapato.com\/mx\/wp-content\/uploads\/sites\/4\/2017\/12\/thumbmail-watt-01-new-300x300.jpg 300w, https:\/\/ozapato.com\/mx\/wp-content\/uploads\/sites\/4\/2017\/12\/thumbmail-watt-01-new-150x150.jpg 150w, https:\/\/ozapato.com\/mx\/wp-content\/uploads\/sites\/4\/2017\/12\/thumbmail-watt-01-new-768x768.jpg 768w, https:\/\/ozapato.com\/mx\/wp-content\/uploads\/sites\/4\/2017\/12\/thumbmail-watt-01-new-570x570.jpg 570w, https:\/\/ozapato.com\/mx\/wp-content\/uploads\/sites\/4\/2017\/12\/thumbmail-watt-01-new-100x100.jpg 100w, https:\/\/ozapato.com\/mx\/wp-content\/uploads\/sites\/4\/2017\/12\/thumbmail-watt-01-new.jpg 800w\" sizes=\"auto, (max-width: 385px) 100vw, 385px\" \/>\t            \t            \t<span class=\"product_thumbnail_background\" style=\"background-image:url(https:\/\/ozapato.com\/mx\/wp-content\/uploads\/sites\/4\/2017\/12\/watt-01-new-_0009_37-385x255.jpg)\"><\/span>\r\n\t        \t\t        <\/div><!--.product_thumbnail-->\r\n\t\t<\/a>\r\n\r\n\t\t\t\t\t\t\t\r\n\t\t\r\n\t\t\r\n\t\t\r\n    <\/div><!--.product_thumbnail_wrapper-->\r\n\r\n    \r\n\t<h2 class=\"woocommerce-loop-product__title\">\r\n\t\t<a href=\"https:\/\/ozapato.com\/mx\/producto\/watt-botas-dielectricas\/\">Watt 01 &#8211; Botas diel\u00e9ctricas de seguridad<\/a>\r\n\t<\/h2>\r\n\r\n\t\r\n        <div class=\"product_after_shop_loop\">\r\n        <div class=\"product_after_shop_loop_switcher\">\r\n    \r\n            \n\t<span class=\"price\"><span class=\"woocommerce-Price-amount amount\"><bdi><span class=\"woocommerce-Price-currencySymbol\">&#36;<\/span>1,199<\/bdi><\/span><\/span>\n\t<span id=\"woocommerce_loop_add_to_cart_link_describedby_7798\" class=\"screen-reader-text\">\n\t\tThis product has multiple variants. The options may be chosen on the product page\t<\/span>\n\r\n            <\/div>\r\n    <\/div>\r\n    \r\n\t<span class=\"gtm4wp_productdata\" style=\"display:none; visibility:hidden;\" data-gtm4wp_product_data=\"{&quot;internal_id&quot;:7798,&quot;item_id&quot;:7798,&quot;item_name&quot;:&quot;Watt 01 - Botas diel\\u00e9ctricas de seguridad&quot;,&quot;sku&quot;:&quot;WATT01&quot;,&quot;price&quot;:1199,&quot;stocklevel&quot;:9,&quot;stockstatus&quot;:&quot;instock&quot;,&quot;google_business_vertical&quot;:&quot;retail&quot;,&quot;item_category&quot;:&quot;Dielectrica&quot;,&quot;id&quot;:7798,&quot;productlink&quot;:&quot;https:\\\/\\\/ozapato.com\\\/mx\\\/producto\\\/watt-botas-dielectricas\\\/&quot;,&quot;item_list_name&quot;:&quot;General Product List&quot;,&quot;index&quot;:3,&quot;product_type&quot;:&quot;variable&quot;,&quot;item_brand&quot;:&quot;&quot;}\"><\/span>\r\n<\/li>\r\n<li class=\"product type-product post-13124 status-publish last instock product_cat-calzado-dielectrico has-post-thumbnail shipping-taxable purchasable product-type-variable\">\r\n\r\n\t\r\n    <div class=\"product_thumbnail_wrapper \">\r\n\r\n\t\t<a href=\"https:\/\/ozapato.com\/mx\/producto\/watt-03\/\" class=\"woocommerce-LoopProduct-link woocommerce-loop-product__link\">\r\n\r\n\t        <div class=\"product_thumbnail with_second_image\">\r\n\t            <img loading=\"lazy\" decoding=\"async\" width=\"385\" height=\"385\" src=\"https:\/\/ozapato.com\/mx\/wp-content\/uploads\/sites\/4\/2021\/01\/thumbmail-A-800x800-1-385x385.jpg\" class=\"attachment-woocommerce_thumbnail size-woocommerce_thumbnail\" alt=\"Watt 03\" srcset=\"https:\/\/ozapato.com\/mx\/wp-content\/uploads\/sites\/4\/2021\/01\/thumbmail-A-800x800-1-385x385.jpg 385w, https:\/\/ozapato.com\/mx\/wp-content\/uploads\/sites\/4\/2021\/01\/thumbmail-A-800x800-1-300x300.jpg 300w, https:\/\/ozapato.com\/mx\/wp-content\/uploads\/sites\/4\/2021\/01\/thumbmail-A-800x800-1-150x150.jpg 150w, https:\/\/ozapato.com\/mx\/wp-content\/uploads\/sites\/4\/2021\/01\/thumbmail-A-800x800-1-768x768.jpg 768w, https:\/\/ozapato.com\/mx\/wp-content\/uploads\/sites\/4\/2021\/01\/thumbmail-A-800x800-1-570x570.jpg 570w, https:\/\/ozapato.com\/mx\/wp-content\/uploads\/sites\/4\/2021\/01\/thumbmail-A-800x800-1-100x100.jpg 100w, https:\/\/ozapato.com\/mx\/wp-content\/uploads\/sites\/4\/2021\/01\/thumbmail-A-800x800-1.jpg 800w\" sizes=\"auto, (max-width: 385px) 100vw, 385px\" \/>\t            \t            \t<span class=\"product_thumbnail_background\" style=\"background-image:url(https:\/\/ozapato.com\/mx\/wp-content\/uploads\/sites\/4\/2021\/01\/watt03-Watt-03-back-1-385x217.jpg)\"><\/span>\r\n\t        \t\t        <\/div><!--.product_thumbnail-->\r\n\t\t<\/a>\r\n\r\n\t\t\t\t\t\t\t\r\n\t\t\r\n\t\t\r\n\t\t\r\n    <\/div><!--.product_thumbnail_wrapper-->\r\n\r\n    \r\n\t<h2 class=\"woocommerce-loop-product__title\">\r\n\t\t<a href=\"https:\/\/ozapato.com\/mx\/producto\/watt-03\/\">Watt 03<\/a>\r\n\t<\/h2>\r\n\r\n\t\r\n        <div class=\"product_after_shop_loop\">\r\n        <div class=\"product_after_shop_loop_switcher\">\r\n    \r\n            \n\t<span class=\"price\"><span class=\"woocommerce-Price-amount amount\"><bdi><span class=\"woocommerce-Price-currencySymbol\">&#36;<\/span>997<\/bdi><\/span><\/span>\n\t<span id=\"woocommerce_loop_add_to_cart_link_describedby_13124\" class=\"screen-reader-text\">\n\t\tThis product has multiple variants. The options may be chosen on the product page\t<\/span>\n\r\n            <\/div>\r\n    <\/div>\r\n    \r\n\t<span class=\"gtm4wp_productdata\" style=\"display:none; visibility:hidden;\" data-gtm4wp_product_data=\"{&quot;internal_id&quot;:13124,&quot;item_id&quot;:13124,&quot;item_name&quot;:&quot;Watt 03&quot;,&quot;sku&quot;:&quot;WATT03&quot;,&quot;price&quot;:997,&quot;stocklevel&quot;:null,&quot;stockstatus&quot;:&quot;instock&quot;,&quot;google_business_vertical&quot;:&quot;retail&quot;,&quot;item_category&quot;:&quot;Calzado diel\\u00e9ctrico&quot;,&quot;id&quot;:13124,&quot;productlink&quot;:&quot;https:\\\/\\\/ozapato.com\\\/mx\\\/producto\\\/watt-03\\\/&quot;,&quot;item_list_name&quot;:&quot;General Product List&quot;,&quot;index&quot;:4,&quot;product_type&quot;:&quot;variable&quot;,&quot;item_brand&quot;:&quot;&quot;}\"><\/span>\r\n<\/li>\r\n<\/ul>\n<\/div>[vc_column_text]<\/p>\n<p style=\"text-align: center;\"><a href=\"https:\/\/ozapato.com\/mx\/zapatos-de-seguridad-industrial\/\">Ver todos los modelos INDUSTRIALES<\/a> | <a href=\"https:\/\/ozapato.com\/mx\/botas-tacticas-y-militares\/\">Ver todos los modelos T\u00c1CTICOS<\/a><\/p>\n<p>[\/vc_column_text][vc_row_inner][vc_column_inner][vc_column_text]<\/p>\n<h3 style=\"text-align: center;\"><strong>DISTRIBUYA OZAPATO EN M\u00c9XICO<\/strong><\/h3>\n<p>[\/vc_column_text][\/vc_column_inner][\/vc_row_inner][vc_row_inner][vc_column_inner width=&#8221;1\/2&#8243;][vc_column_text]<strong>Algunas caracter\u00edsticas de nuestro calzado.<\/strong><\/p>\n<ul>\n<li>Trato directo de fabrica<\/li>\n<li>Stock permanente de mas de 10 000 pares<\/li>\n<li>Botas t\u00e1cticas garantizadas 6 meses<\/li>\n<li>Cosidas en Lockstitcher, asegurando el corte y la suela<\/li>\n<li>Hecho en M\u00e9xico<\/li>\n<li>Piel napa certificada que supera todas las normas ASTM\/ NOM:\n<ul>\n<li>Resistencia 310 kg\/cm3<\/li>\n<li>Elongcacion 72%<\/li>\n<li>Desgarre 25kg<\/li>\n<li>Ruptura de flor 9.0 mm<\/li>\n<li>Presi\u00f3n a la ruptura 70kg<\/li>\n<\/ul>\n<\/li>\n<li>Suela certificada superando las pruebas ASTM \/ NOM:\n<ul>\n<li>Abrasion 89mm3 vs 250 maximo<\/li>\n<li>Desgare de 66.8 kg\/cm3<\/li>\n<li>Flexion de 35 000 ciclos sin abertura<\/li>\n<\/ul>\n<\/li>\n<li>Planta antiperforacion certificada ISO superando las normas\n<ul>\n<li>1588.4 Newton de resistencia<\/li>\n<\/ul>\n<\/li>\n<li>Puntera de poliamida certificadas ASTM F2412\/13\n<ul>\n<li>Impacto 75. Resultado de 0.6 pulgadas de deformacion con velocity de 117.2<\/li>\n<li>Compresion. Resultado de 0.75\u00a0 (minimo 0.5)<\/li>\n<\/ul>\n<\/li>\n<\/ul>\n<p>[\/vc_column_text][\/vc_column_inner][vc_column_inner width=&#8221;1\/2&#8243;][vc_column_text]En M\u00e9xico, nuestra l\u00ednea industrial cuenta con calzado de seguridad industrial y t\u00e1ctico:<\/p>\n<p>Botas Diel\u00e9ctricas.<br \/>\nBotas T\u00e1cticas.<br \/>\nBotas Antiest\u00e1ticas.<br \/>\nBotas para la Miner\u00eda.<br \/>\nBotas para soldadores.<br \/>\nZapatos de seguridad para la construcci\u00f3n.<br \/>\nCalzado Maritimo.<br \/>\nCalzado industrial para mujeres.<br \/>\nCalzado para cocinas y restaurantes<br \/>\nO cualquier otro desarrollo[\/vc_column_text][vc_btn title=&#8221;Ver cat\u00e1logo completo&#8221; link=&#8221;url:https%3A%2F%2Fworkdrive.zohoexternal.com%2Fexternal%2F524f66ba6180ad125258b85306bf030a203b5bf2669e274cd57acf3ad37a0d8c%3Flayout%3Dlist|title:Cat%C3%A1logo%20OZAPATO|target:_blank&#8221;][vc_btn title=&#8221;Me interesa distribuir&#8221; color=&#8221;danger&#8221; link=&#8221;url:%23distri&#8221;][\/vc_column_inner][\/vc_row_inner][\/vc_column][\/vc_row][vc_row type=&#8221;boxed&#8221;][vc_column width=&#8221;1\/6&#8243;][\/vc_column][vc_column width=&#8221;2\/3&#8243;][vc_column_text]<\/p>\n<div class=\"wpb_text_column wpb_content_element \">\n<p class=\"wpb_wrapper\" style=\"text-align: center;\"><strong>CONSTRUYA NEGOCIO CON LA CALIDAD DE OZAPATO<\/strong><\/p>\n<\/div>\n<div class=\"wpb_wrapper\">\n<div class=\"wpb_text_column wpb_content_element \">\n<div class=\"wpb_wrapper\">\n<p><span style=\"color: #000000;\">Las botas de seguridad industrial\u00a0 y calzados de protecci\u00f3n de OZAPATO, surgen de la promesa de ofrecer el mejor producto, al mejor precio y de la forma m\u00e1s r\u00e1pida, sin sacrificar el dise\u00f1o y la comodidad de su bota.<\/span><\/p>\n<p><span style=\"color: #000000;\">Para poder ofrecerle el mejor precio con este nivel de calidad, nuestro modelo de negocio le conecta directamente a la fabrica, evitando cualquier intermediario que no le aporta valor. Puede contactar a un miembro de nuestro equipo, se dar\u00e1 cuenta que nuestro servicio es realmente de clase mundial.<\/span><\/p>\n<\/div>\n<\/div>\n<\/div>\n<p><span style=\"color: #000000;\">\u00a0El calzado Industrial y de Seguridad de OZAPATO, est\u00e1 certificado por normas de regulaci\u00f3n internacional.<\/span><\/p>\n<p><span style=\"color: #000000;\">Los zapatos de seguridad cuentan con garant\u00eda de 6 meses. Todos nuestros clientes nos abalan y nos recomiendan por la calidad de nuestros calzados de protecci\u00f3n y de seguridad laboral.\u00a0<\/span>[\/vc_column_text][\/vc_column][vc_column width=&#8221;1\/6&#8243;][\/vc_column][\/vc_row][vc_row][vc_column][vc_column_text]\t\t<div id=\"sbi_mod_error\" >\n\t\t\t<span>This error message is only visible to WordPress admins<\/span><br\/>\n\t\t\t<p><strong>Error: No feed found.<\/strong>\n\t\t\t<p>Please go to the Instagram Feed settings page to create a feed.<\/p>\n\t\t<\/div>\n\t\t[\/vc_column_text][\/vc_column][\/vc_row][vc_row type=&#8221;boxed&#8221;][vc_column][vc_empty_space height=&#8221;50px&#8221; el_id=&#8221;distri&#8221;][vc_cta h2=&#8221;&#8221; txt_align=&#8221;center&#8221; style=&#8221;flat&#8221; color=&#8221;white&#8221; css=&#8221;.vc_custom_1656293522203{background-color: #dd3333 !important;}&#8221;]<\/p>\n<h4 style=\"text-align: center;\"><span style=\"color: #ffffff;\">\u00bfInteresado en distribuir OZAPATO en M\u00e9xico? Ofrecemos precios de fabrica + apoyo en marketing<\/span><\/h4>\n<h2><\/h2>\n<p>[\/vc_cta][vc_column_text]<\/p>\n<div id=\"zf_div_t2g4AJSxH5dX5eLImIHPs6T1GSbbcmWdJblk7_0ZVFw\"><\/div>\n<p><script type=\"text\/javascript\">(function() {\ntry{\nvar f = document.createElement(\"iframe\");\nf.src = 'https:\/\/forms.zohopublic.com\/virtualoffice9264\/form\/MXWebForm\/formperma\/t2g4AJSxH5dX5eLImIHPs6T1GSbbcmWdJblk7_0ZVFw?zf_rszfm=1';\nf.style.border=\"none\";\nf.style.height=\"833px\";\nf.style.width=\"90%\";\nf.style.transition=\"all 0.5s ease\";\nvar d = document.getElementById(\"zf_div_t2g4AJSxH5dX5eLImIHPs6T1GSbbcmWdJblk7_0ZVFw\");\nd.appendChild(f);\nwindow.addEventListener('message', function (){\nvar evntData = event.data;\nif( evntData && evntData.constructor == String ){\nvar zf_ifrm_data = evntData.split(\"|\");\nif ( zf_ifrm_data.length == 2 ) {\nvar zf_perma = zf_ifrm_data[0];\nvar zf_ifrm_ht_nw = ( parseInt(zf_ifrm_data[1], 10) + 15 ) + \"px\";\nvar iframe = document.getElementById(\"zf_div_t2g4AJSxH5dX5eLImIHPs6T1GSbbcmWdJblk7_0ZVFw\").getElementsByTagName(\"iframe\")[0];\nif ( (iframe.src).indexOf('formperma') > 0 && (iframe.src).indexOf(zf_perma) > 0 ) {\nvar prevIframeHeight = iframe.style.height;\nif ( prevIframeHeight != zf_ifrm_ht_nw ) {\niframe.style.height = zf_ifrm_ht_nw;\n}\n}\n}\n}\n}, false);\n}catch(e){}\n})();<\/script><\/p>\n<p>[\/vc_column_text][\/vc_column][\/vc_row]<\/p>\n","protected":false},"excerpt":{"rendered":"<p>[vc_row][vc_column][\/vc_column][\/vc_row][vc_row type=&#8221;boxed&#8221;][vc_column][vc_empty_space][vc_column_text] NUESTROS MODELOS INDUSTRIALES Y T\u00c1CTICOS [\/vc_column_text][vc_column_text] Ver todos los modelos INDUSTRIALES | Ver todos los modelos T\u00c1CTICOS [\/vc_column_text][vc_row_inner][vc_column_inner][vc_column_text] DISTRIBUYA OZAPATO EN M\u00c9XICO [\/vc_column_text][\/vc_column_inner][\/vc_row_inner][vc_row_inner][vc_column_inner width=&#8221;1\/2&#8243;][vc_column_text]Algunas caracter\u00edsticas de nuestro calzado. Trato directo de fabrica Stock permanente de mas de 10 000 pares Botas t\u00e1cticas garantizadas 6 meses Cosidas en Lockstitcher, asegurando el corte y la [&hellip;]<\/p>\n","protected":false},"author":395,"featured_media":0,"parent":0,"menu_order":0,"comment_status":"closed","ping_status":"closed","template":"page-full-width.php","meta":{"footnotes":""},"class_list":["post-12","page","type-page","status-publish","hentry"],"_links":{"self":[{"href":"https:\/\/ozapato.com\/mx\/wp-json\/wp\/v2\/pages\/12","targetHints":{"allow":["GET"]}}],"collection":[{"href":"https:\/\/ozapato.com\/mx\/wp-json\/wp\/v2\/pages"}],"about":[{"href":"https:\/\/ozapato.com\/mx\/wp-json\/wp\/v2\/types\/page"}],"author":[{"embeddable":true,"href":"https:\/\/ozapato.com\/mx\/wp-json\/wp\/v2\/users\/395"}],"replies":[{"embeddable":true,"href":"https:\/\/ozapato.com\/mx\/wp-json\/wp\/v2\/comments?post=12"}],"version-history":[{"count":8,"href":"https:\/\/ozapato.com\/mx\/wp-json\/wp\/v2\/pages\/12\/revisions"}],"predecessor-version":[{"id":14278,"href":"https:\/\/ozapato.com\/mx\/wp-json\/wp\/v2\/pages\/12\/revisions\/14278"}],"wp:attachment":[{"href":"https:\/\/ozapato.com\/mx\/wp-json\/wp\/v2\/media?parent=12"}],"curies":[{"name":"wp","href":"https:\/\/api.w.org\/{rel}","templated":true}]}}