{"id":12588,"date":"2020-09-19T18:12:04","date_gmt":"2020-09-20T00:12:04","guid":{"rendered":"https:\/\/ozapato.com\/mx\/?page_id=12588"},"modified":"2020-09-19T18:12:04","modified_gmt":"2020-09-20T00:12:04","slug":"aviso-de-privacidad","status":"publish","type":"page","link":"https:\/\/ozapato.com\/mx\/aviso-de-privacidad\/","title":{"rendered":"Aviso de Privacidad"},"content":{"rendered":"<p><strong>PRIVACIDAD<\/strong><br \/>\nHacemos de tu conocimiento que OZAPATO Mexico SA de CV con domicilio ubicado en 301-B Calle Ignacio Allende, Col.Santa Julia 42080, Pachuca, Mexico, ha desarrollado una pol\u00edtica de privacidad que deseamos te ayude a comprender la forma en la que reunimos, utilizamos, transferimos y almacenamos tu informaci\u00f3n, en conformidad con el Art\u00edculo 16 Constitucional y los Art\u00edculos 1 y 2 de la Ley Federal de Protecci\u00f3n de Datos Personales en Posesi\u00f3n de los Particulares.<br \/>\nEl departamento de Servicio al Cliente, es el responsable de la protecci\u00f3n y tratamiento de los datos recabados de manera directa por medios electr\u00f3nicos ya sea a trav\u00e9s del &#8220;chat&#8221; o por correo electr\u00f3nico y\/o por tel\u00e9fono, y el titular podr\u00e1 contactarlo en la misma direcci\u00f3n antes mencionada o al correo electr\u00f3nico: mexico@ozapato.com o al tel\u00e9fono 55 8842 7878<\/p>\n<p><strong>RECOLECCI\u00d3N DE DATOS PERSONALES<\/strong><br \/>\nEl tipo de informaci\u00f3n que recabamos consiste principalmente en:<br \/>\n\u2022 Nombre<br \/>\n\u2022 Direcci\u00f3n Postal<br \/>\n\u2022 Correo Electr\u00f3nico<br \/>\n\u2022 N\u00famero telef\u00f3nico<br \/>\n\u2022 N\u00famero telef\u00f3nico m\u00f3vil<br \/>\nNo solicitamos datos relacionados con nacionalidades, origen racial, estado de salud, creencias religiosas o filos\u00f3ficas, preferencias sexuales o afiliaciones pol\u00edticas. Toda la informaci\u00f3n que recibimos es entregada por nuestros usuarios de forma voluntaria y sin presiones relacionadas.<\/p>\n<p><strong>DISTRIBUCI\u00d3N DE DATOS<\/strong><br \/>\nOZAPATO Mexico SA de CV tratar\u00e1 datos personales para otras finalidades como enviar notificaci\u00f3n de ofertas, avisos y\/o mensajes promocionales; comunicaciones con fines de mercadotecnia y publicidad sobre productos y servicios nuevos o existentes; realizar encuestas; estad\u00edsticas; estudios de mercado, registros sobre h\u00e1bitos de consumo a trav\u00e9s de herramientas de captura autom\u00e1tica de datos, intereses y comportamiento; realizar programas de beneficios e incentivos; participar en redes sociales, chats y\/o foros de discusi\u00f3n; participar en eventos, trivias, concursos, rifas, juegos y sorteos; evaluar la calidad de los servicios; y en general para cualquier actividad encaminada a promover, mantener, mejorar y evaluar sus productos y servicios.<br \/>\nPuede oponerse al tratamiento de sus datos a trav\u00e9s de los medios puestos a su disposici\u00f3n para el ejercicio de sus derechos ARCO. En caso de no oponerse en un plazo de cinco d\u00edas h\u00e1biles posteriores a que sus datos fueron recabados, se entender\u00e1 que ha otorgado su consentimiento.<\/p>\n<p><strong>COMPROMISO: PROTECCI\u00d3N DE INFORMACI\u00d3N<\/strong><br \/>\nEl Responsable y\/o sus Agentes conservar\u00e1n los datos personales del Titular durante el tiempo que sea necesario para procesar sus solicitudes de informaci\u00f3n, productos y\/o servicios.<br \/>\nLos datos personales recolectados se encontrar\u00e1n protegidos por medidas de seguridad administrativas, t\u00e9cnicas y f\u00edsicas adecuadas contra el da\u00f1o, p\u00e9rdida, alteraci\u00f3n, destrucci\u00f3n o uso, acceso o tratamiento no autorizados, de conformidad con lo dispuesto en la LFPDP y la dem\u00e1s legislaci\u00f3n aplicable. No obstante lo se\u00f1alado anteriormente,\u00a0 OZAPATO Mexico SA de CV no garantiza que terceros no autorizados no puedan tener acceso a los sistemas f\u00edsicos o l\u00f3gicos de los Titulares o del Responsable o en los documentos electr\u00f3nicos y archivos almacenados en sus sistemas. En consecuencia,\u00a0 OZAPATO Mexico SA de CV no ser\u00e1 en ning\u00fan caso responsable de los da\u00f1os y perjuicios que pudieran derivarse de dicho acceso no autorizado.<br \/>\nAsimismo, le asiste el derecho de inscribirse en el Registro P\u00fablico para Evitar Publicidad (REPEP) de la PROFECO\u00a0http:\/\/repep.profeco.gob.mx<br \/>\nEn caso de que usted considere que\u00a0 OZAPATO Mexico SA de CV ha vulnerado su derecho a la protecci\u00f3n de sus datos personales, puede acudir al Instituto Nacional de Transparencia, Acceso a la Informaci\u00f3n y Protecci\u00f3n de Datos Personales (\u201cINAI\u201d).<\/p>\n<p><strong>TECNOLOG\u00cdA DE RASTREO Y USO DE COOKIES<\/strong><br \/>\nEl correcto funcionamiento de los sitios de\u00a0 OZAPATO Mexico SA de CV requiere de la habilitaci\u00f3n de \u201ccookies\u201d en su navegador de Internet. Las &#8220;cookies&#8221; son peque\u00f1os archivos de datos transferidos por el sitio Web al disco duro de su computadora cuando navega por el sitio. En la mayor\u00eda de los navegadores las cookies se aceptan autom\u00e1ticamente en virtud de su configuraci\u00f3n predeterminada, usted puede ajustar las preferencias de su navegador para aceptar o rechazar las cookies. La desactivaci\u00f3n de las cookies puede inhabilitar diversas funciones de los sitios web de\u00a0 OZAPATO Mexico SA de CV o que no se muestren correctamente. En caso de que usted prefiera eliminar las cookies, usted puede eliminar el archivo al final de cada sesi\u00f3n del explorador.<br \/>\nUSO DE (SSL)<br \/>\nLa seguridad y la confidencialidad de los datos que los usuarios proporcionen al contratar un servicio o comprar un producto en l\u00ednea estar\u00e1n protegidos por un servidor seguro bajo el protocolo Secure Socket Layer (SSL), de tal forma que los datos enviados se transmitir\u00e1n encriptados para asegurar su resguardo.<br \/>\nPara verificar que se encuentra en un entorno protegido aseg\u00farese de que aparezca una S en la barra de navegaci\u00f3n.<br \/>\nSin embargo y a pesar de contar cada d\u00eda con herramientas m\u00e1s seguras la protecci\u00f3n de los datos enviados a trav\u00e9s de internet no se puede garantizar al 100%, por lo que una vez recibidos se har\u00e1 todo lo posible para salvaguardar la informaci\u00f3n.<\/p>\n<p><strong>PROCEDIMIENTO PARA EJERCER LOS DERECHOS ARCO Y REVOCACI\u00d3N DEL CONSENTIMIENTO<\/strong><br \/>\nEl Titular tiene, en todo momento, derecho de acceder, rectificar y cancelar sus datos, as\u00ed como de oponerse al tratamiento de los mismos o revocar el consentimiento que haya proporcionado presentando una solicitud en el formato que para tal fin le entregaremos a petici\u00f3n expresa, misma que debe contener la informaci\u00f3n y documentaci\u00f3n siguiente:<br \/>\n1. Nombre del Titular y domicilio u otro medio para comunicarle la respuesta a su solicitud;<br \/>\n2. Los documentos vigentes que acrediten su identidad (copia simple en formato impreso o electr\u00f3nico de su credencial de elector, pasaporte o Visa) o, en su caso, la representaci\u00f3n legal del Titular (copia simple en formato impreso o electr\u00f3nico de la carta poder simple con firma aut\u00f3grafa del Titular, el mandatario y sus correspondientes identificaciones oficiales vigentes \u2013 credencial de elector, pasaporte o Visa);<br \/>\n3. La descripci\u00f3n clara y precisa de los datos respecto de los que busca ejercer alguno de los Derechos ARCO, y<br \/>\n4. Cualquier otro elemento o documento que facilite la localizaci\u00f3n de los datos personales del Titular.<br \/>\nEn el caso de las solicitudes de rectificaci\u00f3n de datos personales, el Titular deber\u00e1 tambi\u00e9n indicar las modificaciones a realizarse y aportar la documentaci\u00f3n que sustente su petici\u00f3n.<br \/>\nPara dar cumplimiento a la obligaci\u00f3n de acceso a sus datos personales, se har\u00e1 previa acreditaci\u00f3n de la identidad del titular o personalidad del representante; poniendo la informaci\u00f3n a disposici\u00f3n en sitio en el domicilio del Responsable. Se podr\u00e1 acordar otro medio entre el Titular y el Responsable siempre que la informaci\u00f3n solicitada as\u00ed lo permita.<\/p>\n<p>Para la petici\u00f3n del formato, recepci\u00f3n y respuesta de las solicitudes para ejercer sus derechos ARCO, la revocaci\u00f3n de su consentimiento y los dem\u00e1s derechos previstos en la LFPDP ponemos a su disposici\u00f3n los siguientes medios:<br \/>\n1. Correo electr\u00f3nico:\u00a0mexico@ozapato.com<br \/>\n2. N\u00famero telef\u00f3nico:\u00a055 8842 7878<br \/>\n3. Direcci\u00f3n:\u00a0301-B Calle Ignacio Allende, Col.Santa Julia 42080 Pachuca, Mexico<br \/>\nEn caso de que la informaci\u00f3n proporcionada en su solicitud sea err\u00f3nea o insuficiente, o bien, no se acompa\u00f1en los documentos de acreditaci\u00f3n correspondientes, podremos solicitarle, dentro de los cinco d\u00edas h\u00e1biles siguientes a la recepci\u00f3n de la solicitud, que aporte los elementos o documentos necesarios para dar tr\u00e1mite a la misma. El Titular contar\u00e1 con diez d\u00edas h\u00e1biles para atender el requerimiento, contados a partir del d\u00eda siguiente en que lo haya recibido. De no dar respuesta en dicho plazo, se tendr\u00e1 por no presentada la solicitud correspondiente.<br \/>\nOZAPATO Mexico SA de CV responder\u00e1 al Titular en un plazo m\u00e1ximo de veinte d\u00edas h\u00e1biles, contados desde la fecha en que se recibi\u00f3 la solicitud a efecto de que, si resulta procedente, haga efectiva la misma dentro de los quince d\u00edas h\u00e1biles siguientes a que se comunique la respuesta. En todos los casos, la respuesta se dar\u00e1 por la misma v\u00eda por la que haya presentado su solicitud o en su caso por cualquier otro medio acordado con el Titular. Los plazos antes referidos podr\u00e1n ser ampliados en t\u00e9rminos de la LFPDP.<\/p>\n<p><strong>PREGUNTAS Y QUEJAS<\/strong><br \/>\nOZAPATO Mexico SA de CV se reserva el derecho de actualizar peri\u00f3dicamente el presente Aviso para reflejar los cambios en sus pr\u00e1cticas de informaci\u00f3n. Es responsabilidad del Titular revisar el contenido del Aviso en el sitio: mexico@ozapato.comEl Responsable entender\u00e1 que de no expresar lo contrario, significa que el Titular ha le\u00eddo, entendido y acordado los t\u00e9rminos ah\u00ed expuestos, lo que constituye su consentimiento a los cambios y\/o actualizaciones respecto al tratamiento de sus datos personales.<\/p>\n","protected":false},"excerpt":{"rendered":"<p>PRIVACIDAD Hacemos de tu conocimiento que OZAPATO Mexico SA de CV con domicilio ubicado en 301-B Calle Ignacio Allende, Col.Santa Julia 42080, Pachuca, Mexico, ha desarrollado una pol\u00edtica de privacidad que deseamos te ayude a comprender la forma en la que reunimos, utilizamos, transferimos y almacenamos tu informaci\u00f3n, en conformidad con el Art\u00edculo 16 Constitucional [&hellip;]<\/p>\n","protected":false},"author":1,"featured_media":0,"parent":0,"menu_order":0,"comment_status":"closed","ping_status":"closed","template":"","meta":{"footnotes":""},"class_list":["post-12588","page","type-page","status-publish","hentry"],"_links":{"self":[{"href":"https:\/\/ozapato.com\/mx\/wp-json\/wp\/v2\/pages\/12588","targetHints":{"allow":["GET"]}}],"collection":[{"href":"https:\/\/ozapato.com\/mx\/wp-json\/wp\/v2\/pages"}],"about":[{"href":"https:\/\/ozapato.com\/mx\/wp-json\/wp\/v2\/types\/page"}],"author":[{"embeddable":true,"href":"https:\/\/ozapato.com\/mx\/wp-json\/wp\/v2\/users\/1"}],"replies":[{"embeddable":true,"href":"https:\/\/ozapato.com\/mx\/wp-json\/wp\/v2\/comments?post=12588"}],"version-history":[{"count":1,"href":"https:\/\/ozapato.com\/mx\/wp-json\/wp\/v2\/pages\/12588\/revisions"}],"predecessor-version":[{"id":12590,"href":"https:\/\/ozapato.com\/mx\/wp-json\/wp\/v2\/pages\/12588\/revisions\/12590"}],"wp:attachment":[{"href":"https:\/\/ozapato.com\/mx\/wp-json\/wp\/v2\/media?parent=12588"}],"curies":[{"name":"wp","href":"https:\/\/api.w.org\/{rel}","templated":true}]}}