{"id":14421,"date":"2025-10-09T12:08:44","date_gmt":"2025-10-09T19:08:44","guid":{"rendered":"https:\/\/ozapato.com\/mx\/calzado-de-seguridad-dielectrico-libre-de-metal-la-proteccion-avanzada-que-necesitas-con-ozapato-mexico\/"},"modified":"2025-10-09T12:08:44","modified_gmt":"2025-10-09T19:08:44","slug":"calzado-de-seguridad-dielectrico-libre-de-metal-la-proteccion-avanzada-que-necesitas-con-ozapato-mexico","status":"publish","type":"page","link":"https:\/\/ozapato.com\/mx\/calzado-de-seguridad-dielectrico-libre-de-metal-la-proteccion-avanzada-que-necesitas-con-ozapato-mexico\/","title":{"rendered":"Calzado de seguridad diel\u00e9ctrico libre de metal: La protecci\u00f3n avanzada que necesitas con OZAPATO M\u00e9xico"},"content":{"rendered":"<p>[vc_row full_width=&#8221;stretch_row_content_no_spaces&#8221;][vc_column]<style>.shortcode_getbowtied_slider .shortcode-slider-pagination .swiper-pagination-bullet.swiper-pagination-bullet-active:after{background-color: #000000;}<\/style>\n\n\t\t<div class=\"shortcode_getbowtied_slider swiper-container swiper-69e2cdb417faf full_height\" style=\" width: 100%\" data-autoplay=\"10\" data-id=\"69e2cdb417faf\">\n\t\t\t<div class=\"swiper-wrapper\">\n\t\t\t<br \/>\n\n\t\t\t<div class=\"swiper-slide left-align\"\n\t\t\tstyle=\t\"background: #CCCCCC url() center center no-repeat ;\n\t\t\t\t\t-webkit-background-size: cover;\n\t\t\t\t\t-moz-background-size: cover;\n\t\t\t\t\t-o-background-size: cover;\n\t\t\t\t\tbackground-size: cover;\n\t\t\t\t\tcolor: #ffffff\">\n\t\t\t\t\n\t\t\t\t<div class=\"slider-content\" data-swiper-parallax=\"-50%\">\n\t\t\t\t\t<div class=\"slider-content-wrapper\">\n\t\t\t\t\t\t<h2 class=\"primary_font\" style=\"color:#ffffff;font-size:64px;line-height: 64px\">Botas de Seguridad Impermeables para Construcci\u00f3n<\/h2>\n\t\t\t\t\t\t<p class=\"primary_font\" style=\"color:#ffffff;font-size:21px;line-height: 21px\">Protecci\u00f3n 100% impermeable para tus proyectos en Nicaragua. Calzado robusto y certificado, con stock para entrega inmediata en la capital.<\/p>\n\t\t\t\t\t\t<a class=\"button\" style=\"color:#FFFFFF !important;background: #000000 !important\" href=\"https:\/\/ozapato.com\/sv\/product-category\/botas-de-seguridad\/\">Ver Modelos Impermeables<\/a>\n\t\t\t\t\t<\/div>\n\t\t\t\t<\/div>\n\t\t\t<\/div>\n\t\t\t<\/div>\n\t\t\t\t<div style=\"color: #000000\" class=\"swiper-button-prev\"><i class=\"spk-icon spk-icon-left-arrow-thin-large\"><\/i><\/div>\n    \t\t\t<div style=\"color: #000000\" class=\"swiper-button-next\"><i class=\"spk-icon spk-icon-right-arrow-thin-large\"><\/i><\/div><\/div>[\/vc_column][\/vc_row]<\/p>\n<p>[vc_row css=&#8221;.vc_custom_1664910100001{padding-top: 50px !important; padding-bottom: 25px !important;}&#8221;][vc_column][vc_column_text]<\/p>\n<h2 style=\"text-align: center;\">Calzado de seguridad diel\u00e9ctrico libre de metal: La protecci\u00f3n avanzada que necesitas con OZAPATO M\u00e9xico<\/h2>\n<p style=\"text-align: center;\">En OZAPATO M\u00e9xico entendemos la importancia de la seguridad en el trabajo, especialmente cuando se trata de protegernos contra riesgos el\u00e9ctricos. Nuestro calzado de seguridad diel\u00e9ctrico libre de metal est\u00e1 dise\u00f1ado espec\u00edficamente para ofrecer una barrera efectiva contra la corriente el\u00e9ctrica, garantizando tu seguridad sin sacrificar comodidad ni estilo.<\/p>\n<p>\u00bfPor qu\u00e9 elegir nuestro calzado libre de metal? Gracias a su tecnolog\u00eda avanzada, estos zapatos eliminan cualquier pieza met\u00e1lica que pueda conducir electricidad, reduciendo considerablemente el riesgo de accidentes. Adem\u00e1s, su dise\u00f1o ergon\u00f3mico proporciona soporte y comodidad para largas jornadas laborales, mientras que su resistencia y durabilidad cumplen con los m\u00e1s altos est\u00e1ndares de calidad.<\/p>\n<p>Con OZAPATO M\u00e9xico, obtienes seguridad confiable, materiales innovadores y un compromiso con tu bienestar. No arriesgues tu vida ni tu productividad: apuesta por nuestro calzado de seguridad diel\u00e9ctrico libre de metal y trabaja con protecci\u00f3n m\u00e1xima.<\/p>\n<p>[\/vc_column_text][\/vc_column][\/vc_row]<\/p>\n<p>[vc_row css=&#8221;.vc_custom_1664910200002{padding-bottom: 50px !important;}&#8221;][vc_column]<br \/>\n[vc_row_inner gap=&#8221;35&#8243;][vc_column_inner width=&#8221;1\/4&#8243; style=&#8221;text-align:center;&#8221;][vc_icon icon_fontawesome=&#8221;fas fa-shield-alt&#8221; color=&#8221;black&#8221; size=&#8221;md&#8221; align=&#8221;center&#8221;]<\/p>\n<p style=\"text-align: center;\">Calidad Certificada<\/p>\n<p>[\/vc_column_inner][vc_column_inner width=&#8221;1\/4&#8243; style=&#8221;text-align:center;&#8221;][vc_icon icon_fontawesome=&#8221;fas fa-industry&#8221; color=&#8221;black&#8221; size=&#8221;md&#8221; align=&#8221;center&#8221;]<\/p>\n<p style=\"text-align: center;\">Precios de F\u00e1brica<\/p>\n<p>[\/vc_column_inner][vc_column_inner width=&#8221;1\/4&#8243; style=&#8221;text-align:center;&#8221;][vc_icon icon_fontawesome=&#8221;fas fa-truck&#8221; color=&#8221;black&#8221; size=&#8221;md&#8221; align=&#8221;center&#8221;]<\/p>\n<p style=\"text-align: center;\">Stock en Nicaragua<\/p>\n<p>[\/vc_column_inner][vc_column_inner width=&#8221;1\/4&#8243; style=&#8221;text-align:center;&#8221;][vc_icon icon_fontawesome=&#8221;fas fa-medal&#8221; color=&#8221;black&#8221; size=&#8221;md&#8221; align=&#8221;center&#8221;]<\/p>\n<p style=\"text-align: center;\">Garantia de hasta 6 meses<\/p>\n<p>[\/vc_column_inner][\/vc_row_inner]<br \/>\n[\/vc_column][\/vc_row]<\/p>\n<p>[vc_row full_width=&#8221;stretch_row&#8221; css=&#8221;.vc_custom_1664910300003{padding-top: 60px !important; padding-bottom: 60px !important; background-color: #f7f7f7 !important;}&#8221;][vc_column][vc_column_text]<\/p>\n<h2 style=\"text-align: center;\">Cat\u00e1logo de Calzado de Seguridad OZAPATO M\u00e9xico<\/h2>\n<p>[\/vc_column_text][vc_empty_space height=&#8221;30px&#8221;]<br \/>\n[vc_row_inner][vc_column_inner width=&#8221;1\/3&#8243;][vc_column_text]<\/p>\n<div style=\"position: relative; width: 100%; height: 0; padding-top: 129.4118%; padding-bottom: 0; box-shadow: 0 2px 8px 0 rgba(63,69,81,0.16); margin-top: 1.6em; margin-bottom: 0.9em; overflow: hidden; border-radius: 8px; will-change: transform;\"><iframe loading=\"lazy\" style=\"position: absolute; width: 100%; height: 100%; top: 0; left: 0; border: none; padding: 0;margin: 0;\" src=\"https:\/\/www.canva.com\/design\/DAGpOO1kVfY\/Ly8Nr8D8SWL3U_gSEPWD1g\/view?embed\" allowfullscreen=\"allowfullscreen\" allow=\"fullscreen\"><\/iframe><\/div>\n<p>[\/vc_column_text][\/vc_column_inner][vc_column_inner width=&#8221;1\/3&#8243;][vc_column_text]<\/p>\n<div style=\"position: relative; width: 100%; height: 0; padding-top: 129.4118%; padding-bottom: 0; box-shadow: 0 2px 8px 0 rgba(63,69,81,0.16); margin-top: 1.6em; margin-bottom: 0.9em; overflow: hidden; border-radius: 8px; will-change: transform;\"><iframe loading=\"lazy\" style=\"position: absolute; width: 100%; height: 100%; top: 0; left: 0; border: none; padding: 0;margin: 0;\" src=\"https:\/\/www.canva.com\/design\/DAE7K9lpeW0\/b-6gOX3Q-_wfZOz9lHaEuw\/view?embed\" allowfullscreen=\"allowfullscreen\" allow=\"fullscreen\"><\/iframe><\/div>\n<p>[\/vc_column_text][\/vc_column_inner][vc_column_inner width=&#8221;1\/3&#8243;][vc_column_text]<\/p>\n<div style=\"position: relative; width: 100%; height: 0; padding-top: 129.4118%; padding-bottom: 0; box-shadow: 0 2px 8px 0 rgba(63,69,81,0.16); margin-top: 1.6em; margin-bottom: 0.9em; overflow: hidden; border-radius: 8px; will-change: transform;\"><iframe loading=\"lazy\" style=\"position: absolute; width: 100%; height: 100%; top: 0; left: 0; border: none; padding: 0;margin: 0;\" src=\"https:\/\/www.canva.com\/design\/DAGsfhkhjtk\/enE-TGjTp6ZIiK_-Ja-4jw\/view?embed\" allowfullscreen=\"allowfullscreen\" allow=\"fullscreen\"><\/iframe><\/div>\n<p>[\/vc_column_text][\/vc_column_inner][\/vc_row_inner][vc_empty_space height=&#8221;30px&#8221;]<br \/>\n[vc_row_inner][vc_column_inner width=&#8221;1\/3&#8243;][vc_column_text]<\/p>\n<div style=\"position: relative; width: 100%; height: 0; padding-top: 129.4118%; padding-bottom: 0; box-shadow: 0 2px 8px 0 rgba(63,69,81,0.16); margin-top: 1.6em; margin-bottom: 0.9em; overflow: hidden; border-radius: 8px; will-change: transform;\"><iframe loading=\"lazy\" style=\"position: absolute; width: 100%; height: 100%; top: 0; left: 0; border: none; padding: 0;margin: 0;\" src=\"https:\/\/www.canva.com\/design\/DADlNVC6Hh4\/IJ_j_x13ig3ZmIWyB5qvoQ\/view?embed\" allowfullscreen=\"allowfullscreen\" allow=\"fullscreen\"><\/iframe><\/div>\n<p>[\/vc_column_text][\/vc_column_inner][vc_column_inner width=&#8221;1\/3&#8243;][vc_column_text]<\/p>\n<div style=\"position: relative; width: 100%; height: 0; padding-top: 129.4118%; padding-bottom: 0; box-shadow: 0 2px 8px 0 rgba(63,69,81,0.16); margin-top: 1.6em; margin-bottom: 0.9em; overflow: hidden; border-radius: 8px; will-change: transform;\"><iframe loading=\"lazy\" style=\"position: absolute; width: 100%; height: 100%; top: 0; left: 0; border: none; padding: 0;margin: 0;\" src=\"https:\/\/www.canva.com\/design\/DAGi2-GpAQQ\/-NjWQF-7SMz6dmupDik55w\/view?embed\" allowfullscreen=\"allowfullscreen\" allow=\"fullscreen\"><\/iframe><\/div>\n<p>[\/vc_column_text][\/vc_column_inner][vc_column_inner width=&#8221;1\/3&#8243;][vc_column_text]<\/p>\n<div style=\"position: relative; width: 100%; height: 0; padding-top: 129.4118%; padding-bottom: 0; box-shadow: 0 2px 8px 0 rgba(63,69,81,0.16); margin-top: 1.6em; margin-bottom: 0.9em; overflow: hidden; border-radius: 8px; will-change: transform;\"><iframe loading=\"lazy\" style=\"position: absolute; width: 100%; height: 100%; top: 0; left: 0; border: none; padding: 0;margin: 0;\" src=\"https:\/\/www.canva.com\/design\/DAGLDHXVNW8\/kJM7iFklowoS_-ikDROkOQ\/view?embed\" allowfullscreen=\"allowfullscreen\" allow=\"fullscreen\"><\/iframe><\/div>\n<p>[\/vc_column_text][\/vc_column_inner][\/vc_row_inner][vc_empty_space height=&#8221;30px&#8221;]<br \/>\n[vc_row_inner][vc_column_inner width=&#8221;1\/3&#8243;][vc_column_text]<\/p>\n<div style=\"position: relative; width: 100%; height: 0; padding-top: 129.4118%; padding-bottom: 0; box-shadow: 0 2px 8px 0 rgba(63,69,81,0.16); margin-top: 1.6em; margin-bottom: 0.9em; overflow: hidden; border-radius: 8px; will-change: transform;\"><iframe style=\"position: absolute; width: 100%; height: 100%; top: 0; left: 0; border: none; padding: 0; margin: 0;\" src=\"https:\/\/www.canva.com\/design\/DAGGE1vQub4\/UQ6X3EI5RwYaHTIj0UYbTQ\/view?embed\" allowfullscreen=\"allowfullscreen\"><\/iframe><\/div>\n<p>[\/vc_column_text][\/vc_column_inner][vc_column_inner width=&#8221;1\/3&#8243;][vc_column_text]<\/p>\n<div style=\"position: relative; width: 100%; height: 0; padding-top: 129.4118%; padding-bottom: 0; box-shadow: 0 2px 8px 0 rgba(63,69,81,0.16); margin-top: 1.6em; margin-bottom: 0.9em; overflow: hidden; border-radius: 8px; will-change: transform;\"><iframe style=\"position: absolute; width: 100%; height: 100%; top: 0; left: 0; border: none; padding: 0; margin: 0;\" src=\"https:\/\/www.canva.com\/design\/DAGDcprPYlA\/4Ks9ab0PvC6mwagerV4bVA\/view?embed\" allowfullscreen=\"allowfullscreen\"><\/iframe><\/div>\n<p>[\/vc_column_text][\/vc_column_inner][vc_column_inner width=&#8221;1\/3&#8243;][vc_column_text]<\/p>\n<div style=\"position: relative; width: 100%; height: 0; padding-top: 129.4118%; padding-bottom: 0; box-shadow: 0 2px 8px 0 rgba(63,69,81,0.16); margin-top: 1.6em; margin-bottom: 0.9em; overflow: hidden; border-radius: 8px; will-change: transform;\"><iframe style=\"position: absolute; width: 100%; height: 100%; top: 0; left: 0; border: none; padding: 0; margin: 0;\" src=\"https:\/\/www.canva.com\/design\/DAExftkra1w\/aKuzChV_mTPFSmAKpg6TNg\/view?embed\" allowfullscreen=\"allowfullscreen\"><\/iframe><\/div>\n<p>[\/vc_column_text][\/vc_column_inner][\/vc_row_inner][vc_empty_space height=&#8221;30px&#8221;]<br \/>\n[vc_row_inner][vc_column_inner width=&#8221;1\/3&#8243;][vc_column_text]<\/p>\n<div style=\"position: relative; width: 100%; height: 0; padding-top: 129.4118%; padding-bottom: 0; box-shadow: 0 2px 8px 0 rgba(63,69,81,0.16); margin-top: 1.6em; margin-bottom: 0.9em; overflow: hidden; border-radius: 8px; will-change: transform;\"><iframe style=\"position: absolute; width: 100%; height: 100%; top: 0; left: 0; border: none; padding: 0; margin: 0;\" src=\"https:\/\/www.canva.com\/design\/DADoZJDbseI\/8pxUr5rTZMk7SNJvFmhzXA\/view?embed\" allowfullscreen=\"allowfullscreen\"><\/iframe><\/div>\n<p>[\/vc_column_text][\/vc_column_inner][vc_column_inner width=&#8221;1\/3&#8243;][vc_column_text]<\/p>\n<div style=\"position: relative; width: 100%; height: 0; padding-top: 129.4118%; padding-bottom: 0; box-shadow: 0 2px 8px 0 rgba(63,69,81,0.16); margin-top: 1.6em; margin-bottom: 0.9em; overflow: hidden; border-radius: 8px; will-change: transform;\"><iframe style=\"position: absolute; width: 100%; height: 100%; top: 0; left: 0; border: none; padding: 0; margin: 0;\" src=\"https:\/\/www.canva.com\/design\/DADgyvrmz1g\/42UaYnJ1Te8JIFEi8HB21Q\/view?embed\" allowfullscreen=\"allowfullscreen\"><\/iframe><\/div>\n<p>[\/vc_column_text][\/vc_column_inner][vc_column_inner width=&#8221;1\/3&#8243;][vc_column_text]<\/p>\n<div style=\"position: relative; width: 100%; height: 0; padding-top: 129.4118%; padding-bottom: 0; box-shadow: 0 2px 8px 0 rgba(63,69,81,0.16); margin-top: 1.6em; margin-bottom: 0.9em; overflow: hidden; border-radius: 8px; will-change: transform;\"><iframe style=\"position: absolute; width: 100%; height: 100%; top: 0; left: 0; border: none; padding: 0; margin: 0;\" src=\"https:\/\/www.canva.com\/design\/DADktYpMubE\/LQmKOJGnWbv-_ceLNARLYw\/view?embed\" allowfullscreen=\"allowfullscreen\"><\/iframe><\/div>\n<p>[\/vc_column_text][\/vc_column_inner][\/vc_row_inner][vc_empty_space height=&#8221;30px&#8221;]<br \/>\n[vc_row_inner][vc_column_inner width=&#8221;1\/3&#8243;][vc_column_text]<\/p>\n<div style=\"position: relative; width: 100%; height: 0; padding-top: 129.4118%; padding-bottom: 0; box-shadow: 0 2px 8px 0 rgba(63,69,81,0.16); margin-top: 1.6em; margin-bottom: 0.9em; overflow: hidden; border-radius: 8px; will-change: transform;\"><iframe style=\"position: absolute; width: 100%; height: 100%; top: 0; left: 0; border: none; padding: 0; margin: 0;\" src=\"https:\/\/www.canva.com\/design\/DAGRUI9iyuw\/T40im2Zeb0AwVrP9SPQvEQ\/view?embed\" allowfullscreen=\"allowfullscreen\"><\/iframe><\/div>\n<p>[\/vc_column_text][\/vc_column_inner][vc_column_inner width=&#8221;1\/3&#8243;][vc_column_text]<\/p>\n<div style=\"position: relative; width: 100%; height: 0; padding-top: 129.4118%; padding-bottom: 0; box-shadow: 0 2px 8px 0 rgba(63,69,81,0.16); margin-top: 1.6em; margin-bottom: 0.9em; overflow: hidden; border-radius: 8px; will-change: transform;\"><iframe style=\"position: absolute; width: 100%; height: 100%; top: 0; left: 0; border: none; padding: 0; margin: 0;\" src=\"https:\/\/www.canva.com\/design\/DADDig1aGcc\/a5mlTarw3jVHOEkuUMJ8WA\/view?embed\" allowfullscreen=\"allowfullscreen\"><\/iframe><\/div>\n<p>[\/vc_column_text][\/vc_column_inner][vc_column_inner width=&#8221;1\/3&#8243;][vc_column_text]<\/p>\n<div style=\"position: relative; width: 100%; height: 0; padding-top: 129.4118%; padding-bottom: 0; box-shadow: 0 2px 8px 0 rgba(63,69,81,0.16); margin-top: 1.6em; margin-bottom: 0.9em; overflow: hidden; border-radius: 8px; will-change: transform;\"><iframe style=\"position: absolute; width: 100%; height: 100%; top: 0; left: 0; border: none; padding: 0; margin: 0;\" src=\"https:\/\/www.canva.com\/design\/DAGJV4tU9fI\/P4K3OkXuBWSIeWWBm1PLPQ\/view?embed\" allowfullscreen=\"allowfullscreen\"><\/iframe><\/div>\n<p>[\/vc_column_text][\/vc_column_inner][\/vc_row_inner]<br \/>\n[\/vc_column][\/vc_row]<\/p>\n<p>[vc_row full_width=&#8221;stretch_row&#8221; css=&#8221;.vc_custom_1664999800012{padding-top: 60px !important; padding-bottom: 60px !important; background-color: #1c1c1c !important;}&#8221;][vc_column][vc_column_text]<\/p>\n<h2 style=\"text-align: center; color: white;\">S\u00edguenos en Instagram<\/h2>\n<p style=\"text-align: center; color: white;\">\u00daltimos modelos de botas de seguridad libre de metal<\/p>\n<p>[\/vc_column_text][vc_empty_space height=&#8221;25px&#8221;][vc_column_text]<br \/>\n\t\t<div id=\"sbi_mod_error\" >\n\t\t\t<span>This error message is only visible to WordPress admins<\/span><br\/>\n\t\t\t<p><strong>Error: No feed with the ID 1 found.<\/strong>\n\t\t\t<p>Please go to the Instagram Feed settings page to create a feed.<\/p>\n\t\t<\/div>\n\t\t<br \/>\n[\/vc_column_text][vc_empty_space height=&#8221;35px&#8221;][vc_btn title=&#8221;@ozapato_cr&#8221; style=&#8221;outline&#8221; shape=&#8221;round&#8221; color=&#8221;white&#8221; align=&#8221;center&#8221; i_icon_fontawesome=&#8221;fab fa-instagram&#8221; add_icon=&#8221;true&#8221; link=&#8221;url:https%3A%2F%2Fwww.instagram.com%2Fozapato_cr|target:_blank&#8221;][\/vc_column][\/vc_row]<\/p>\n<p>[vc_row content_placement=&#8221;middle&#8221; css=&#8221;.vc_custom_1664910400004{padding-top: 60px !important; padding-bottom: 60px !important; justify-content: center !important;}&#8221;]<br \/>\n[vc_column width=&#8221;1\/2&#8243;][vc_column_text]<\/p>\n<h2 style=\"text-align: center;\">\u00bfPor qu\u00e9 elegir OZAPATO M\u00e9xico?<\/h2>\n<p>Innovaci\u00f3n en calzado de seguridad con tecnolog\u00eda libre de metal para m\u00e1xima protecci\u00f3n diel\u00e9ctrica, comodidad inigualable y resistencia certificada.<\/p>\n<p>\u2714 M\u00e1xima Calidad para la Construcci\u00f3n: Cada par est\u00e1 fabricado para resistir las condiciones m\u00e1s duras, cumpliendo normas (ASTM y NOM) con materiales 100% impermeables y duraderos.<\/p>\n<p>\u2714 El Mejor Costo-Beneficio: Al ser fabricantes, garantizamos el mejor precio para botas de seguridad para construcci\u00f3n de alta gama en Nicaragua.<\/p>\n<p>\u2714 Servicio y Asesor\u00eda de Expertos: Nuestro equipo en Nicaragua le brinda asesor\u00eda para encontrar la bota impermeable perfecta para su obra, con la confianza que nos da un 95% de clientes recurrentes.<\/p>\n<p>[\/vc_column_text][\/vc_column][\/vc_row]<\/p>\n<p>[vc_row full_width=&#8221;stretch_row_content_no_spaces&#8221; content_placement=&#8221;middle&#8221; css=&#8221;.vc_custom_1664910600008{background-color: #f5f5f5; padding-top: 40px !important; padding-bottom: 40px !important; justify-content: center !important;}&#8221;]<br \/>\n[vc_column width=&#8221;1\/2&#8243; css=&#8221;.vc_custom_1664910700009{padding-right: 5% !important; padding-left: 5% !important;}&#8221; text_align=&#8221;center&#8221;][vc_column_text]<\/p>\n<p style=\"text-align: center;\">Qui\u00e9nes Somos<\/p>\n<p>OZAPATO es m\u00e1s que un proveedor; somos especialistas apasionados por la seguridad laboral. Entendemos los desaf\u00edos \u00fanicos que enfrentan los trabajadores del sector construcci\u00f3n en Nicaragua y toda la regi\u00f3n.<\/p>\n<p>Nuestra misi\u00f3n es clara: ser el referente n\u00famero uno en botas de seguridad impermeables en Nicaragua, ofreciendo un producto que no solo protege contra impactos, sino que tambi\u00e9n garantiza pies secos, comodidad y durabilidad en la obra.<\/p>\n<p>[\/vc_column_text][\/vc_column][\/vc_row]<\/p>\n<p>[vc_row full_width=&#8221;stretch_row&#8221; css=&#8221;.vc_custom_1664910800010{padding-top: 60px !important; padding-bottom: 60px !important; background-color: #000000 !important;}&#8221;][vc_column][vc_column_text]<\/p>\n<h2 style=\"text-align: center; color: white;\">Lo que dicen nuestros clientes de la Construcci\u00f3n<\/h2>\n<p>[\/vc_column_text][vc_empty_space height=&#8221;40px&#8221;]<br \/>\n[vc_row_inner gap=&#8221;35&#8243;][vc_column_inner width=&#8221;1\/2&#8243;][vc_column_text]<\/p>\n<p style=\"color: white;\">&#8220;Desde que uso el calzado diel\u00e9ctrico de OZAPATO M\u00e9xico, me siento m\u00e1s seguro en mi trabajo y no he tenido ning\u00fan incidente.&#8221; &#8211; Juan P.<\/p>\n<p style=\"color: white; font-style: italic;\">\u2014 Jefe de Obra, Constructora Capital<\/p>\n<p>[\/vc_column_text][\/vc_column_inner][vc_column_inner width=&#8221;1\/2&#8243;][vc_column_text]<\/p>\n<p style=\"color: white;\">&#8220;El calzado libre de metal es muy ligero y c\u00f3modo, perfecto para mis largas jornadas en construcci\u00f3n.&#8221; &#8211; Mar\u00eda R.<\/p>\n<p style=\"color: white; font-style: italic;\">\u2014 Gerente de Compras<\/p>\n<p>[\/vc_column_text][\/vc_column_inner][\/vc_row_inner]<br \/>\n[\/vc_column][\/vc_row]<\/p>\n<p>[vc_row css=&#8221;.vc_custom_1664910900011{padding-top: 60px !important; padding-bottom: 60px !important;}&#8221;]<br \/>\n[vc_column width=&#8221;100&#8243;][vc_column_text]<\/p>\n<p style=\"text-align: center;\">Preguntas Frecuentes<\/p>\n<h2 style=\"text-align: center;\">Preguntas Frecuentes<\/h2>\n<p>[\/vc_column_text][vc_empty_space height=&#8221;30px&#8221;]<br \/>\n[vc_row_inner][vc_column_inner width=&#8221;100&#8243;]<br \/>\n[vc_tta_accordion style=&#8221;flat&#8221; shape=&#8221;round&#8221; color=&#8221;white&#8221; c_icon=&#8221;chevron&#8221; active_section=&#8221;&#8221;][vc_tta_section title=&#8221;\u00bfEl calzado libre de metal realmente protege contra descargas el\u00e9ctricas?&#8221; tab_id=&#8221;faq-1&#8243;]<br \/>\n[vc_column_text]S\u00ed, est\u00e1 dise\u00f1ado con materiales diel\u00e9ctricos que no conducen electricidad, brindando una barrera segura contra descargas.[\/vc_column_text][\/vc_tta_section][vc_tta_section title=&#8221;\u00bfPuedo usar este calzado en ambientes h\u00famedos?&#8221; tab_id=&#8221;faq-2&#8243;]<br \/>\n[vc_column_text]S\u00ed, el calzado est\u00e1 dise\u00f1ado para ofrecer protecci\u00f3n incluso en condiciones de humedad, manteniendo su eficacia diel\u00e9ctrica.[\/vc_column_text][\/vc_tta_section][\/vc_tta_accordion]<br \/>\n[\/vc_column_inner][\/vc_row_inner]<br \/>\n[\/vc_column]<\/p>\n<p>[\/vc_row]<\/p>\n<p>[vc_row type=&#8221;boxed&#8221;][vc_column][vc_cta h2=&#8221;\u00bfListo para proteger tus pies con OZAPATO M\u00e9xico?&#8221; txt_align=&#8221;center&#8221; style=&#8221;custom&#8221; add_button=&#8221;bottom&#8221; btn_title=&#8221;Solicitar Cotizaci\u00f3n Ahora&#8221; btn_style=&#8221;flat&#8221; btn_shape=&#8221;round&#8221; btn_color=&#8221;success&#8221; btn_size=&#8221;lg&#8221; btn_align=&#8221;center&#8221; btn_i_icon_fontawesome=&#8221;far fa-list-alt&#8221; btn_add_icon=&#8221;true&#8221; custom_background=&#8221;#000000&#8243; custom_text=&#8221;#ffffff&#8221; btn_link=&#8221;url:https%3A%2F%2Fforms.zohopublic.com%2Fvirtualoffice9264%2Fform%2FSVWebForm%2Fformperma%2F6bJu-XAmlcMpNNGc0usGtR0x9IziYk_oLRc4Jv881CQ |title:Solicitar%20Cotizaci%C3%B3n|target:_blank&#8221;]<\/p>\n<p style=\"color: white;\">Reciba hoy mismo una cotizaci\u00f3n para su proyecto. Ofrecemos precios de mayoreo y atenci\u00f3n directa para constructoras en toda la capital.<\/p>\n<p>[\/vc_cta][\/vc_column][\/vc_row]<\/p>\n<p><script>\n  document.addEventListener('DOMContentLoaded', function() {\n    \/\/ Elimina el primer elemento con la clase page-title\n    var pageTitle = document.querySelector('.page-title');\n    if (pageTitle) pageTitle.remove();\n    \/\/ Elimina el primer elemento con la clase vc_row\n    var firstVcRow = document.querySelector('.vc_row');\n    if (firstVcRow) firstVcRow.remove();\n    var instagramButton = document.querySelector('.vc_btn3-container');\n    if (instagramButton) instagramButton.remove();\n  });\n<\/script><\/p>\n","protected":false},"excerpt":{"rendered":"<p>[vc_row full_width=&#8221;stretch_row_content_no_spaces&#8221;][vc_column][\/vc_column][\/vc_row] [vc_row css=&#8221;.vc_custom_1664910100001{padding-top: 50px !important; padding-bottom: 25px !important;}&#8221;][vc_column][vc_column_text] Calzado de seguridad diel\u00e9ctrico libre de metal: La protecci\u00f3n avanzada que necesitas con OZAPATO M\u00e9xico En OZAPATO M\u00e9xico entendemos la importancia de la seguridad en el trabajo, especialmente cuando se trata de protegernos contra riesgos el\u00e9ctricos. Nuestro calzado de seguridad diel\u00e9ctrico libre de metal est\u00e1 dise\u00f1ado [&hellip;]<\/p>\n","protected":false},"author":1,"featured_media":0,"parent":0,"menu_order":0,"comment_status":"closed","ping_status":"closed","template":"","meta":{"footnotes":""},"class_list":["post-14421","page","type-page","status-publish","hentry"],"_links":{"self":[{"href":"https:\/\/ozapato.com\/mx\/wp-json\/wp\/v2\/pages\/14421","targetHints":{"allow":["GET"]}}],"collection":[{"href":"https:\/\/ozapato.com\/mx\/wp-json\/wp\/v2\/pages"}],"about":[{"href":"https:\/\/ozapato.com\/mx\/wp-json\/wp\/v2\/types\/page"}],"author":[{"embeddable":true,"href":"https:\/\/ozapato.com\/mx\/wp-json\/wp\/v2\/users\/1"}],"replies":[{"embeddable":true,"href":"https:\/\/ozapato.com\/mx\/wp-json\/wp\/v2\/comments?post=14421"}],"version-history":[{"count":0,"href":"https:\/\/ozapato.com\/mx\/wp-json\/wp\/v2\/pages\/14421\/revisions"}],"wp:attachment":[{"href":"https:\/\/ozapato.com\/mx\/wp-json\/wp\/v2\/media?parent=14421"}],"curies":[{"name":"wp","href":"https:\/\/api.w.org\/{rel}","templated":true}]}}