{"id":1896,"date":"2016-05-20T19:48:14","date_gmt":"2016-05-20T19:48:14","guid":{"rendered":"https:\/\/ozapato.com\/mx\/?page_id=1896"},"modified":"2016-09-20T18:40:07","modified_gmt":"2016-09-20T18:40:07","slug":"alpine-botas-de-moda","status":"publish","type":"page","link":"https:\/\/ozapato.com\/mx\/alpine-botas-de-moda\/","title":{"rendered":"ALPINE"},"content":{"rendered":"<p>[vc_row full_width=&#8221;stretch_row&#8221; full_height=&#8221;yes&#8221; css=&#8221;.vc_custom_1469196179217{background: #000000 url(https:\/\/ozapato.com\/mx\/wp-content\/uploads\/sites\/4\/2016\/05\/alpine-cover.jpg?id=2105) !important;background-position: center !important;background-repeat: no-repeat !important;background-size: cover !important;}&#8221;][vc_column width=&#8221;1\/6&#8243;][\/vc_column][vc_column width=&#8221;2\/3&#8243;][vc_column_text]<\/p>\n<h1 style=\"text-align: center;\"><span style=\"color: #ffffff;\">ALPINE<\/span><\/h1>\n<p>[\/vc_column_text][\/vc_column][vc_column width=&#8221;1\/6&#8243;][\/vc_column][\/vc_row][vc_row][vc_column width=&#8221;1\/6&#8243;][\/vc_column][vc_column width=&#8221;2\/3&#8243;]<div class=\"woocommerce columns-3 \"><\/div>[\/vc_column][vc_column width=&#8221;1\/6&#8243;][\/vc_column][\/vc_row][vc_row][vc_column][vc_media_grid element_width=&#8221;3&#8243; grid_id=&#8221;vc_gid:1474396751994-c11328cb-3fe1-7&#8243; include=&#8221;2127,2128,2124,2122&#8243;][\/vc_column][\/vc_row][vc_row][vc_column width=&#8221;1\/6&#8243;][\/vc_column][vc_column width=&#8221;2\/3&#8243;][vc_column_text]<\/p>\n<p style=\"text-align: justify;\">El modelo Alpine\u00a0naci\u00f3 con la idea de crear botas que se pueden usar tanto en la ciudad que durante una caminata. Hemos utilizados nuestros 30 a\u00f1os de experiencia en desarrollar calzado industrial para crear este modelo. Las Alpine est\u00e1n hechas al 100% con una piel premium mexicana y\u00a0montadas en una suela muy\u00a0liviana y anti-deslizante. Adem\u00e1s vienen\u00a0cosidas con un proceso Goodyear Welt y garantizadas 6 meses.<\/p>\n<p>[\/vc_column_text][\/vc_column][vc_column width=&#8221;1\/6&#8243;][\/vc_column][\/vc_row][vc_row][vc_column width=&#8221;1\/6&#8243;][\/vc_column][vc_column width=&#8221;2\/3&#8243; css=&#8221;.vc_custom_1463521545778{background-color: #efefef !important;}&#8221;][vc_column_text]<\/p>\n<h1 style=\"text-align: center;\"><strong>\u00bf QU\u00c9 HACEMOS\u00a0?<\/strong><\/h1>\n<p style=\"text-align: justify;\">OZAPATO es una marca de calzado de seguridad y de botas de moda\u00a0hechas a mano ubicada en M\u00e9xico.\u00a0Hemos aprendido a lo largo de los a\u00f1os, c\u00f3mo fabricar un producto de alta calidad de maneja responsable. Producimos nuestras l\u00edneas en M\u00e9xico, Panam\u00e1 y Estados Unidos.\u00a0En M\u00e9xico, contamos con una l\u00ednea de botas de moda\u00a0hechas a mano y una l\u00ednea de calzados de seguridad, para responder a todas sus necesidades.<\/p>\n<h1 style=\"text-align: center;\"><strong>\u00bf COMO LO\u00a0HACEMOS\u00a0?<\/strong><\/h1>\n<p style=\"text-align: justify;\">Siempre utilizamos materiales de alta calidad, para que puedan vivir su vida llena de aventuras todos\u00a0los d\u00edas, con comodidad.<\/p>\n<p style=\"text-align: justify;\">Todos los productos de OZAPATO est\u00e1n hechos a mano en nuestra f\u00e1brica de Pachuca Hidalgo. Nuestro modelo de negocio, conecta directamente la f\u00e1brica con el cliente final, evitando intermediarios; no trabajamos con distribuidores. Ofrecemos\u00a0botas\u00a0de moda\u00a0hechas a mano de alta calidad a un precio m\u00e1s accesible.<\/p>\n<h1 style=\"text-align: center;\"><strong>\u00bf\u00a0POR QU\u00c9\u00a0LO\u00a0HACEMOS\u00a0?<\/strong><\/h1>\n<p style=\"text-align: justify;\">Hemos nacido del compromiso de servir a nuestra comunidad local. La producci\u00f3n de nuestras botas de moda\u00a0hechas a mano\u00a0debe ser un proceso transparente que sustenta el equilibrio socioecon\u00f3mico dentro de la comunidad que habita.<\/p>\n<p style=\"text-align: justify;\">El valor principal de OZAPATO es realizar la venta entre el productor y el cliente sin intermediarios.\u00a0Queremos que nuestros clientes se sientan seguros de que no solamente han comprado un producto bien hecho y de buena calidad, sino que tambi\u00e9n cada persona incluida en la\u00a0cadena de suministro reciba un trato justo al momento de realizar su trabajo.<\/p>\n<p>[\/vc_column_text][\/vc_column][vc_column width=&#8221;1\/6&#8243;][\/vc_column][\/vc_row][vc_row][vc_column][vc_column_text]\t\t<div id=\"sbi_mod_error\" >\n\t\t\t<span>This error message is only visible to WordPress admins<\/span><br\/>\n\t\t\t<p><strong>Error: No feed found.<\/strong>\n\t\t\t<p>Please go to the Instagram Feed settings page to create a feed.<\/p>\n\t\t<\/div>\n\t\t[\/vc_column_text][\/vc_column][\/vc_row][vc_row][vc_column width=&#8221;1\/6&#8243;][\/vc_column][vc_column width=&#8221;2\/3&#8243;][vc_column_text]<\/p>\n<h2 style=\"text-align: center;\">Otros Modelos Que Les Podr\u00eda Interesar<\/h2>\n<p>[\/vc_column_text][\/vc_column][vc_column width=&#8221;1\/6&#8243;][\/vc_column][\/vc_row][vc_row][vc_column width=&#8221;1\/6&#8243;][\/vc_column][vc_column width=&#8221;2\/3&#8243;]<div class=\"woocommerce columns-3 \"><\/div>[\/vc_column][vc_column width=&#8221;1\/6&#8243;][\/vc_column][\/vc_row]<\/p>\n","protected":false},"excerpt":{"rendered":"<p>[vc_row full_width=&#8221;stretch_row&#8221; full_height=&#8221;yes&#8221; css=&#8221;.vc_custom_1469196179217{background: #000000 url(https:\/\/ozapato.com\/mx\/wp-content\/uploads\/sites\/4\/2016\/05\/alpine-cover.jpg?id=2105) !important;background-position: center !important;background-repeat: no-repeat !important;background-size: cover !important;}&#8221;][vc_column width=&#8221;1\/6&#8243;][\/vc_column][vc_column width=&#8221;2\/3&#8243;][vc_column_text] ALPINE [\/vc_column_text][\/vc_column][vc_column width=&#8221;1\/6&#8243;][\/vc_column][\/vc_row][vc_row][vc_column width=&#8221;1\/6&#8243;][\/vc_column][vc_column width=&#8221;2\/3&#8243;][\/vc_column][vc_column width=&#8221;1\/6&#8243;][\/vc_column][\/vc_row][vc_row][vc_column][vc_media_grid element_width=&#8221;3&#8243; grid_id=&#8221;vc_gid:1474396751994-c11328cb-3fe1-7&#8243; include=&#8221;2127,2128,2124,2122&#8243;][\/vc_column][\/vc_row][vc_row][vc_column width=&#8221;1\/6&#8243;][\/vc_column][vc_column width=&#8221;2\/3&#8243;][vc_column_text] El modelo Alpine\u00a0naci\u00f3 con la idea de crear botas que se pueden usar tanto en la ciudad que durante una caminata. Hemos utilizados nuestros 30 a\u00f1os de experiencia en [&hellip;]<\/p>\n","protected":false},"author":3,"featured_media":0,"parent":0,"menu_order":0,"comment_status":"closed","ping_status":"closed","template":"page-full-width.php","meta":{"footnotes":""},"class_list":["post-1896","page","type-page","status-publish","hentry"],"_links":{"self":[{"href":"https:\/\/ozapato.com\/mx\/wp-json\/wp\/v2\/pages\/1896","targetHints":{"allow":["GET"]}}],"collection":[{"href":"https:\/\/ozapato.com\/mx\/wp-json\/wp\/v2\/pages"}],"about":[{"href":"https:\/\/ozapato.com\/mx\/wp-json\/wp\/v2\/types\/page"}],"author":[{"embeddable":true,"href":"https:\/\/ozapato.com\/mx\/wp-json\/wp\/v2\/users\/3"}],"replies":[{"embeddable":true,"href":"https:\/\/ozapato.com\/mx\/wp-json\/wp\/v2\/comments?post=1896"}],"version-history":[{"count":20,"href":"https:\/\/ozapato.com\/mx\/wp-json\/wp\/v2\/pages\/1896\/revisions"}],"predecessor-version":[{"id":2174,"href":"https:\/\/ozapato.com\/mx\/wp-json\/wp\/v2\/pages\/1896\/revisions\/2174"}],"wp:attachment":[{"href":"https:\/\/ozapato.com\/mx\/wp-json\/wp\/v2\/media?parent=1896"}],"curies":[{"name":"wp","href":"https:\/\/api.w.org\/{rel}","templated":true}]}}