{"id":6332,"date":"2017-03-22T14:19:45","date_gmt":"2017-03-22T14:19:45","guid":{"rendered":"https:\/\/ozapato.com\/mx\/?page_id=6332"},"modified":"2017-03-22T14:19:45","modified_gmt":"2017-03-22T14:19:45","slug":"industrial","status":"publish","type":"page","link":"https:\/\/ozapato.com\/mx\/industrial\/","title":{"rendered":"Industrial"},"content":{"rendered":"<p>[vc_row full_width=&#8221;stretch_row&#8221; full_height=&#8221;yes&#8221; css=&#8221;.vc_custom_1467293171584{background: #000000 url(https:\/\/ozapato.com\/pa\/wp-content\/uploads\/sites\/2\/2016\/02\/Botas-de-Trabajo.jpg?id=1345) !important;}&#8221;][vc_column width=&#8221;1\/6&#8243;][\/vc_column][vc_column width=&#8221;2\/3&#8243;][vc_column_text]<\/p>\n<h2 style=\"text-align: center\"><span style=\"color: #ffffff\">BOTAS DE TRABAJO INDUSTRIAL<br \/>\n<\/span><\/h2>\n<p>[\/vc_column_text][\/vc_column][vc_column width=&#8221;1\/6&#8243;][\/vc_column][\/vc_row][vc_row css=&#8221;.vc_custom_1487692631723{background-position: center !important;background-repeat: no-repeat !important;background-size: contain !important;}&#8221;][vc_column width=&#8221;1\/6&#8243;][\/vc_column][vc_column width=&#8221;2\/3&#8243;]<div class=\"woocommerce columns-4 \"><\/div>[\/vc_column][vc_column width=&#8221;1\/6&#8243;][\/vc_column][\/vc_row][vc_row][vc_column width=&#8221;1\/6&#8243;][\/vc_column][vc_column width=&#8221;2\/3&#8243;][vc_column_text]<\/p>\n<h4 style=\"text-align: center\">\u00a1Descubra nuestros calzados y botas de trabajo!<\/h4>\n<p>&nbsp;<\/p>\n<p style=\"text-align: justify\">Para la industria mexicana hemos creado diferentes tipos de calzado en funci\u00f3n de las necesidades que cada industria exiga.<\/p>\n<p style=\"text-align: justify\">Todas nuestras botas de trabajo fueron pensadas para ofrecer un alto nivel de seguridad, sin comprometer la comodidad o la resistencia. Todas las botas de seguridad industrial cuentan con plantilla antiperforaci\u00f3n textil.<\/p>\n<p style=\"text-align: justify\">Con botas de trabajo diel\u00e9ctricas, antideslizantes, hidrofugadas o reforzadas tenemos soluciones para todas sus necesidades. \u00a1Elija ahora las botas que necesita para trabajar con seguridad!<\/p>\n<p>[\/vc_column_text][\/vc_column][vc_column width=&#8221;1\/6&#8243;][\/vc_column][\/vc_row][vc_row][vc_column width=&#8221;1\/6&#8243;][\/vc_column][vc_column width=&#8221;2\/3&#8243;][vc_masonry_media_grid element_width=&#8221;3&#8243; grid_id=&#8221;vc_gid:1490191456584-ff54d4a7-1d05-0&#8243; include=&#8221;6244,6248,6245,6239,6237,6235,6233,6232,6229,6231,6228,6226,6222,6220,6218,6216,6217,6215,6212,6211&#8243;][\/vc_column][vc_column width=&#8221;1\/6&#8243;][\/vc_column][\/vc_row][vc_row][vc_column width=&#8221;1\/6&#8243;][\/vc_column][vc_column width=&#8221;2\/3&#8243; css=&#8221;.vc_custom_1456174598177{background-color: #dd3333 !important;}&#8221;][vc_column_text]<\/p>\n<div class=\"wpb_text_column wpb_content_element \">\n<h1 class=\"wpb_wrapper\" style=\"text-align: center\"><span style=\"color: #ffffff\"><strong>\u00bfQU\u00c9 HACEMOS?<\/strong> <\/span><\/h1>\n<\/div>\n<div class=\"wpb_text_column wpb_content_element \">\n<div class=\"wpb_wrapper\">\n<div class=\"wpb_text_column wpb_content_element \">\n<div class=\"wpb_wrapper\">\n<p style=\"text-align: justify\"><span style=\"color: #ffffff\">OZAPATO es una fabrica y marca de calzado y botas de seguridad industriales ubicada en M\u00e9xico, Rep\u00fablica Dominicana, Panam\u00e1 y Estados Unidos. Hemos aprendido a lo largo de los a\u00f1os, como fabricar botas de seguridad, de calidad, de manera responsable. En Panam\u00e1, nuestra linea industrial cuenta con botas de seguridad, botas de seguridad diel\u00e9ctricas y botas t\u00e1cticas. Tenemos botas de seguridad industriales para todas sus necesidades.<\/span><\/p>\n<\/div>\n<\/div>\n<\/div>\n<\/div>\n<p>[\/vc_column_text][\/vc_column][vc_column width=&#8221;1\/6&#8243;][\/vc_column][\/vc_row][vc_row][vc_column width=&#8221;1\/6&#8243;][\/vc_column][vc_column width=&#8221;2\/3&#8243; css=&#8221;.vc_custom_1456174610082{background-color: #dd3333 !important;}&#8221;][vc_column_text]<\/p>\n<h1 style=\"text-align: center\"><span style=\"color: #ffffff\">\u00bfCOMO LO HACEMOS?<\/span><\/h1>\n<p style=\"text-align: justify\"><span style=\"color: #ffffff\">\u00a1Siempre utilizamos materiales de alta calidad, para que puedan trabajar con comodidad y con la confianza que est\u00e1n protegidos! Estamos tan seguros de la calidad de nuestros modelos de botas de seguridad industriales, que ofrecemos una garant\u00eda de 4 meses m\u00ednimo sobre todas las botas de seguridad y hasta 6 meses para nuestras botas de seguridad premium. Adem\u00e1s ofrecemos un servicio de entrega en 24 horas.<\/span><\/p>\n<p>[\/vc_column_text][\/vc_column][vc_column width=&#8221;1\/6&#8243;][\/vc_column][\/vc_row][vc_row][vc_column width=&#8221;1\/6&#8243;][\/vc_column][vc_column width=&#8221;2\/3&#8243; css=&#8221;.vc_custom_1456174626082{background-color: #dd3333 !important;}&#8221;][vc_column_text]<\/p>\n<h1 style=\"text-align: center\"><span style=\"color: #ffffff\">\u00bfPOR QU\u00c9 LO HACEMOS?<\/span><\/h1>\n<p style=\"text-align: justify\"><span style=\"color: #ffffff\">OZAPATO naci\u00f3 con la idea de servir la comunidad local. La producci\u00f3n de nuestras botas de seguridad industrial es un proceso transparente que sustenta el balance socio econ\u00f3mico de la comunidad a la que pertenece.<\/span><\/p>\n<p style=\"text-align: justify\"><span style=\"color: #ffffff\">El valor m\u00e1s importante de OZAPATO es la entrega directa hasta el cliente. Evitamos todos los intermediarios que no a\u00f1aden valor a nuestros consumidores. Cada etapa de la fabricaci\u00f3n de botas de seguridad diel\u00e9ctricas debe de beneficiar a la gente incluida en este proceso.<\/span><\/p>\n<p style=\"text-align: justify\"><span style=\"color: #ffffff\">A nuestro equipo le apasiona desarrollar botas de seguridad y zapatos en un ambiente social y econ\u00f3mico justo. Queremos que nuestros clientes conf\u00eden en que no s\u00f3lo compran botas bien hechas y de buena calidad, si no que tambi\u00e9n son parte de un trato honesto, donde cada persona incluida en la cadena de suministro reciba un trato justo.<\/span><\/p>\n<p>[\/vc_column_text][\/vc_column][vc_column width=&#8221;1\/6&#8243;][\/vc_column][\/vc_row][vc_row][vc_column][vc_empty_space][\/vc_column][\/vc_row][vc_row][vc_column width=&#8221;1\/6&#8243;][\/vc_column][vc_column width=&#8221;2\/3&#8243;][vc_column_text]<\/p>\n<h2 style=\"text-align: center\">NUESTROS OTROS MODELOS DE BOTAS DE SEGURIDAD<\/h2>\n<p>[\/vc_column_text][\/vc_column][vc_column width=&#8221;1\/6&#8243;][\/vc_column][\/vc_row][vc_row][vc_column width=&#8221;1\/6&#8243;][\/vc_column][vc_column width=&#8221;2\/3&#8243;]<div class=\"woocommerce columns-4 \"><\/div>[\/vc_column][vc_column width=&#8221;1\/6&#8243;][\/vc_column][\/vc_row][vc_row][vc_column][vc_empty_space][\/vc_column][\/vc_row][vc_row][vc_column width=&#8221;1\/6&#8243;][\/vc_column][vc_column width=&#8221;2\/3&#8243;][vc_column_text]Nos puede ll\u00e1mar al\u00a0 5541708487 o simplemente enviar un correo a mexico@ozapato.com para conocer nuestra oferta de botas de seguridad industrial dise\u00f1adas para Mexico y recibir una cotizaci\u00f3n gratuita. Tenemos soluciones para todas las industrias.[\/vc_column_text][\/vc_column][vc_column width=&#8221;1\/6&#8243;][\/vc_column][\/vc_row]<\/p>\n","protected":false},"excerpt":{"rendered":"<p>[vc_row full_width=&#8221;stretch_row&#8221; full_height=&#8221;yes&#8221; css=&#8221;.vc_custom_1467293171584{background: #000000 url(https:\/\/ozapato.com\/pa\/wp-content\/uploads\/sites\/2\/2016\/02\/Botas-de-Trabajo.jpg?id=1345) !important;}&#8221;][vc_column width=&#8221;1\/6&#8243;][\/vc_column][vc_column width=&#8221;2\/3&#8243;][vc_column_text] BOTAS DE TRABAJO INDUSTRIAL [\/vc_column_text][\/vc_column][vc_column width=&#8221;1\/6&#8243;][\/vc_column][\/vc_row][vc_row css=&#8221;.vc_custom_1487692631723{background-position: center !important;background-repeat: no-repeat !important;background-size: contain !important;}&#8221;][vc_column width=&#8221;1\/6&#8243;][\/vc_column][vc_column width=&#8221;2\/3&#8243;][\/vc_column][vc_column width=&#8221;1\/6&#8243;][\/vc_column][\/vc_row][vc_row][vc_column width=&#8221;1\/6&#8243;][\/vc_column][vc_column width=&#8221;2\/3&#8243;][vc_column_text] \u00a1Descubra nuestros calzados y botas de trabajo! &nbsp; Para la industria mexicana hemos creado diferentes tipos de calzado en funci\u00f3n de las necesidades que cada industria exiga. Todas [&hellip;]<\/p>\n","protected":false},"author":9,"featured_media":0,"parent":0,"menu_order":0,"comment_status":"closed","ping_status":"closed","template":"page-full-width.php","meta":{"footnotes":""},"class_list":["post-6332","page","type-page","status-publish","hentry"],"_links":{"self":[{"href":"https:\/\/ozapato.com\/mx\/wp-json\/wp\/v2\/pages\/6332","targetHints":{"allow":["GET"]}}],"collection":[{"href":"https:\/\/ozapato.com\/mx\/wp-json\/wp\/v2\/pages"}],"about":[{"href":"https:\/\/ozapato.com\/mx\/wp-json\/wp\/v2\/types\/page"}],"author":[{"embeddable":true,"href":"https:\/\/ozapato.com\/mx\/wp-json\/wp\/v2\/users\/9"}],"replies":[{"embeddable":true,"href":"https:\/\/ozapato.com\/mx\/wp-json\/wp\/v2\/comments?post=6332"}],"version-history":[{"count":1,"href":"https:\/\/ozapato.com\/mx\/wp-json\/wp\/v2\/pages\/6332\/revisions"}],"predecessor-version":[{"id":6333,"href":"https:\/\/ozapato.com\/mx\/wp-json\/wp\/v2\/pages\/6332\/revisions\/6333"}],"wp:attachment":[{"href":"https:\/\/ozapato.com\/mx\/wp-json\/wp\/v2\/media?parent=6332"}],"curies":[{"name":"wp","href":"https:\/\/api.w.org\/{rel}","templated":true}]}}