{"id":6334,"date":"2017-03-22T14:39:10","date_gmt":"2017-03-22T14:39:10","guid":{"rendered":"https:\/\/ozapato.com\/mx\/?page_id=6334"},"modified":"2017-07-08T01:25:10","modified_gmt":"2017-07-08T01:25:10","slug":"calzado-de-trabajo-ozapato","status":"publish","type":"page","link":"https:\/\/ozapato.com\/mx\/calzado-de-trabajo-ozapato\/","title":{"rendered":"Calzado de trabajo"},"content":{"rendered":"<p>[vc_row full_width=&#8221;stretch_row&#8221; full_height=&#8221;yes&#8221; css=&#8221;.vc_custom_1467293171584{background: #000000 url(https:\/\/ozapato.com\/pa\/wp-content\/uploads\/sites\/2\/2016\/02\/Botas-de-Trabajo.jpg?id=1345) !important;}&#8221;][vc_column width=&#8221;1\/6&#8243;][\/vc_column][vc_column width=&#8221;2\/3&#8243;][vc_column_text]<\/p>\n<h2 style=\"text-align: center;\"><span style=\"color: #ffffff;\">BOTAS DE TRABAJO<\/span><\/h2>\n<p>[\/vc_column_text][\/vc_column][vc_column width=&#8221;1\/6&#8243;][\/vc_column][\/vc_row][vc_row][vc_column width=&#8221;1\/6&#8243;][\/vc_column][vc_column width=&#8221;2\/3&#8243;]<div class=\"woocommerce columns-4 \"><\/div>[\/vc_column][vc_column width=&#8221;1\/6&#8243;][\/vc_column][\/vc_row][vc_row][vc_column width=&#8221;1\/6&#8243;][\/vc_column][vc_column width=&#8221;2\/3&#8243;][vc_column_text]<\/p>\n<h4 style=\"text-align: center;\">\u00a1Descubra nuestros calzados y botas de trabajo industrial!<\/h4>\n<p style=\"text-align: justify;\">Fabricamos calzado para la industria mexicana de forma espec\u00edfica, adapt\u00e1ndonos a las diferentes necesidades que cada industria tiene.Todas nuestras botas de trabajo fueron pensadas para ofrecer un alto nivel de seguridad, sin comprometer la comodidad o la resistencia. Todas las botas de seguridad industrial cuentan con plantilla antiperforaci\u00f3n textil.<\/p>\n<p style=\"text-align: justify;\">Con las botas de trabajo diel\u00e9ctricas, antideslizantes, hidrofugadas o reforzadas tenemos soluciones para todos sus necesidades. \u00a1Elija ahora las botas que necesita para trabajar con seguridad!<\/p>\n<p>[\/vc_column_text][\/vc_column][vc_column width=&#8221;1\/6&#8243;][\/vc_column][\/vc_row][vc_row][vc_column width=&#8221;1\/6&#8243;][\/vc_column][vc_column width=&#8221;2\/3&#8243;][vc_masonry_media_grid style=&#8221;load-more&#8221; items_per_page=&#8221;6&#8243; grid_id=&#8221;vc_gid:1499474376832-42987d8f94cd70f2821bde667bbab11c-10&#8243; include=&#8221;6247,6238,6237,6226,6227,6230,6229,6213,6211,6215,6217,6218,6207,6214,6199,6233,6232,6408&#8243; btn_add_icon=&#8221;true&#8221; btn_custom_onclick=&#8221;true&#8221;][\/vc_column][vc_column width=&#8221;1\/6&#8243;][\/vc_column][\/vc_row][vc_row][vc_column width=&#8221;1\/6&#8243;][\/vc_column][vc_column width=&#8221;2\/3&#8243; css=&#8221;.vc_custom_1456174598177{background-color: #dd3333 !important;}&#8221;][vc_column_text]<\/p>\n<div class=\"wpb_text_column wpb_content_element \">\n<h1 class=\"wpb_wrapper\" style=\"text-align: center;\"><span style=\"color: #ffffff;\"><strong>\u00bfQU\u00c9 HACEMOS?<\/strong> <\/span><\/h1>\n<\/div>\n<div class=\"wpb_text_column wpb_content_element \">\n<div class=\"wpb_wrapper\">\n<div class=\"wpb_text_column wpb_content_element \">\n<div class=\"wpb_wrapper\">\n<p style=\"text-align: justify;\"><span style=\"color: #ffffff;\">OZAPATO es una fabrica y marca de calzado y botas de seguridad industriales ubicada en Norteam\u00e9rica y Centroam\u00e9rica. Hemos aprendido a lo largo de los a\u00f1os, como fabricar botas de seguridad, de calidad, de manera responsable. En M\u00e9xico, nuestra linea industrial cuenta con botas de seguridad, botas de seguridad diel\u00e9ctricas y botas t\u00e1cticas. Tenemos botas de seguridad industriales para todas sus necesidades.<\/span><\/p>\n<\/div>\n<\/div>\n<\/div>\n<\/div>\n<p>[\/vc_column_text][\/vc_column][vc_column width=&#8221;1\/6&#8243;][\/vc_column][\/vc_row][vc_row][vc_column width=&#8221;1\/6&#8243;][\/vc_column][vc_column width=&#8221;2\/3&#8243; css=&#8221;.vc_custom_1456174610082{background-color: #dd3333 !important;}&#8221;][vc_column_text]<\/p>\n<h1 style=\"text-align: center;\"><span style=\"color: #ffffff;\">\u00bfCOMO LO HACEMOS?<\/span><\/h1>\n<p style=\"text-align: justify;\"><span style=\"color: #ffffff;\">Siempre utilizamos materiales de alta calidad, para que puedan trabajar con comodidad y con la confianza de que est\u00e1n protegidos. Estamos tan seguros de la calidad de nuestros modelos de botas de seguridad industriales, que ofrecemos una garant\u00eda de 4 meses m\u00ednimo sobre todas las botas de seguridad y hasta 6 meses para nuestras botas de seguridad premium. Adem\u00e1s ofrecemos un servicio de entrega en 24 horas.<\/span><\/p>\n<p>[\/vc_column_text][\/vc_column][vc_column width=&#8221;1\/6&#8243;][\/vc_column][\/vc_row][vc_row][vc_column width=&#8221;1\/6&#8243;][\/vc_column][vc_column width=&#8221;2\/3&#8243; css=&#8221;.vc_custom_1456174626082{background-color: #dd3333 !important;}&#8221;][vc_column_text]<\/p>\n<h1 style=\"text-align: center;\"><span style=\"color: #ffffff;\">\u00bfPOR QU\u00c9 LO HACEMOS?<\/span><\/h1>\n<p style=\"text-align: justify;\"><span style=\"color: #ffffff;\">OZAPATO naci\u00f3 con la idea de servir a la comunidad local. La producci\u00f3n de nuestras botas de seguridad industriales es un proceso transparente que sustenta el balance socio econ\u00f3mico de la comunidad a la que pertenece.<\/span><\/p>\n<p style=\"text-align: justify;\"><span style=\"color: #ffffff;\">El valor m\u00e1s importante de OZAPATO es la entrega directa hasta el cliente. Evitamos todos los intermediarios que no a\u00f1aden valor a nuestros consumidores. Cada etapa de la fabricaci\u00f3n de botas de seguridad diel\u00e9ctricas debe de beneficiar a la gente incluida en este proceso.<\/span><\/p>\n<p style=\"text-align: justify;\"><span style=\"color: #ffffff;\">A nuestro equipo le apasiona desarrollar botas de seguridad y zapatos en un ambiente social y econ\u00f3mico justo. Queremos que nuestros clientes conf\u00eden en que no s\u00f3lo compran botas bien hechas y de buena calidad, si no que tambi\u00e9n son parte de un trato honesto, donde cada persona incluida en la cadena de suministro reciba un trato justo.<\/span><\/p>\n<p>[\/vc_column_text][\/vc_column][vc_column width=&#8221;1\/6&#8243;][\/vc_column][\/vc_row][vc_row][vc_column][vc_empty_space][\/vc_column][\/vc_row][vc_row][vc_column width=&#8221;1\/6&#8243;][vc_empty_space][\/vc_column][vc_column width=&#8221;2\/3&#8243;][vc_column_text]<\/p>\n<p style=\"text-align: center;\">Nos puede llamar al\u00a0<a href=\"tel:9842346445\">984 234 6445<\/a>\u00a0o simplemente enviar un correo a\u00a0<a href=\"mailto:mexico@ozapato.com\">mexico@ozapato.com<\/a>\u00a0para conocer nuestra oferta de calzado para M\u00e9xico y recibir una cotizaci\u00f3n gratuita. Tenemos soluciones para todas las industrias.<\/p>\n<p>[\/vc_column_text][\/vc_column][vc_column width=&#8221;1\/6&#8243;][\/vc_column][\/vc_row][vc_row][vc_column][vc_gmaps link=&#8221;#E-8_JTNDaWZyYW1lJTIwc3JjJTNEJTIyaHR0cHMlM0ElMkYlMkZ3d3cuZ29vZ2xlLmNvbSUyRm1hcHMlMkZlbWJlZCUzRnBiJTNEJTIxMW0xOCUyMTFtMTIlMjExbTMlMjExZDM3MzMuODIyMjg3MTcwMzU5JTIxMmQtODcuMDY4NTg1Nzg1MjM1ODclMjEzZDIwLjYzNjA5OTI4NjIxMjM3OCUyMTJtMyUyMTFmMCUyMTJmMCUyMTNmMCUyMTNtMiUyMTFpMTAyNCUyMTJpNzY4JTIxNGYxMy4xJTIxM20zJTIxMW0yJTIxMXMweDhmNGU0MzJiYzg5NzgyN2YlMjUzQTB4NThiYmYxMjE1ODkzZTRiZCUyMTJzT1pBUEFUTyUyQk1leGljbyUyMTVlMCUyMTNtMiUyMTFzZW4lMjEyc214JTIxNHYxNDk5NDYyNDg2NDUzJTIyJTIwd2lkdGglM0QlMjI2MDAlMjIlMjBoZWlnaHQlM0QlMjI0NTAlMjIlMjBmcmFtZWJvcmRlciUzRCUyMjAlMjIlMjBzdHlsZSUzRCUyMmJvcmRlciUzQTAlMjIlMjBhbGxvd2Z1bGxzY3JlZW4lM0UlM0MlMkZpZnJhbWUlM0U=&#8221;][\/vc_column][\/vc_row]<\/p>\n","protected":false},"excerpt":{"rendered":"<p>[vc_row full_width=&#8221;stretch_row&#8221; full_height=&#8221;yes&#8221; css=&#8221;.vc_custom_1467293171584{background: #000000 url(https:\/\/ozapato.com\/pa\/wp-content\/uploads\/sites\/2\/2016\/02\/Botas-de-Trabajo.jpg?id=1345) !important;}&#8221;][vc_column width=&#8221;1\/6&#8243;][\/vc_column][vc_column width=&#8221;2\/3&#8243;][vc_column_text] BOTAS DE TRABAJO [\/vc_column_text][\/vc_column][vc_column width=&#8221;1\/6&#8243;][\/vc_column][\/vc_row][vc_row][vc_column width=&#8221;1\/6&#8243;][\/vc_column][vc_column width=&#8221;2\/3&#8243;][\/vc_column][vc_column width=&#8221;1\/6&#8243;][\/vc_column][\/vc_row][vc_row][vc_column width=&#8221;1\/6&#8243;][\/vc_column][vc_column width=&#8221;2\/3&#8243;][vc_column_text] \u00a1Descubra nuestros calzados y botas de trabajo industrial! Fabricamos calzado para la industria mexicana de forma espec\u00edfica, adapt\u00e1ndonos a las diferentes necesidades que cada industria tiene.Todas nuestras botas de trabajo fueron pensadas para ofrecer un alto [&hellip;]<\/p>\n","protected":false},"author":9,"featured_media":0,"parent":0,"menu_order":0,"comment_status":"closed","ping_status":"closed","template":"page-full-width.php","meta":{"footnotes":""},"class_list":["post-6334","page","type-page","status-publish","hentry"],"_links":{"self":[{"href":"https:\/\/ozapato.com\/mx\/wp-json\/wp\/v2\/pages\/6334","targetHints":{"allow":["GET"]}}],"collection":[{"href":"https:\/\/ozapato.com\/mx\/wp-json\/wp\/v2\/pages"}],"about":[{"href":"https:\/\/ozapato.com\/mx\/wp-json\/wp\/v2\/types\/page"}],"author":[{"embeddable":true,"href":"https:\/\/ozapato.com\/mx\/wp-json\/wp\/v2\/users\/9"}],"replies":[{"embeddable":true,"href":"https:\/\/ozapato.com\/mx\/wp-json\/wp\/v2\/comments?post=6334"}],"version-history":[{"count":9,"href":"https:\/\/ozapato.com\/mx\/wp-json\/wp\/v2\/pages\/6334\/revisions"}],"predecessor-version":[{"id":6974,"href":"https:\/\/ozapato.com\/mx\/wp-json\/wp\/v2\/pages\/6334\/revisions\/6974"}],"wp:attachment":[{"href":"https:\/\/ozapato.com\/mx\/wp-json\/wp\/v2\/media?parent=6334"}],"curies":[{"name":"wp","href":"https:\/\/api.w.org\/{rel}","templated":true}]}}