{"id":6336,"date":"2017-03-22T17:00:34","date_gmt":"2017-03-22T17:00:34","guid":{"rendered":"https:\/\/ozapato.com\/mx\/?page_id=6336"},"modified":"2020-05-07T13:05:58","modified_gmt":"2020-05-07T19:05:58","slug":"botas-de-construccion","status":"publish","type":"page","link":"https:\/\/ozapato.com\/mx\/botas-de-construccion\/","title":{"rendered":"Calzado de construcci\u00f3n"},"content":{"rendered":"<p>[vc_row video_bg=&#8221;yes&#8221; video_bg_url=&#8221;https:\/\/www.youtube.com\/watch?v=__oq67bsM8A&#8221;][vc_column][vc_column_text css=&#8221;.vc_custom_1588867107874{padding-top: 32px !important;}&#8221;]<\/p>\n<h3 style=\"text-align: center\"><span style=\"color: #ffffff\">BOTAS DE CONSTRUCCI\u00d3N<\/span><\/h3>\n<p>[\/vc_column_text][\/vc_column][\/vc_row][vc_row][vc_column][vc_empty_space][\/vc_column][\/vc_row][vc_row][vc_column width=&#8221;1\/6&#8243;][\/vc_column][vc_column width=&#8221;2\/3&#8243;]<div class=\"woocommerce columns-4 \"><ul class=\"products columns-4\">\n<li class=\"product type-product post-58 status-publish first onbackorder product_cat-botas-de-construccion product_cat-dielectrica product_cat-calzados-de-seguridad product_cat-mercadolibre has-post-thumbnail shipping-taxable purchasable product-type-variable\">\r\n\r\n\t\r\n    <div class=\"product_thumbnail_wrapper \">\r\n\r\n\t\t<a href=\"https:\/\/ozapato.com\/mx\/producto\/hybrid-01-desierto\/\" class=\"woocommerce-LoopProduct-link woocommerce-loop-product__link\">\r\n\r\n\t        <div class=\"product_thumbnail \">\r\n\t            <img loading=\"lazy\" decoding=\"async\" width=\"385\" height=\"385\" src=\"https:\/\/ozapato.com\/mx\/wp-content\/uploads\/sites\/4\/2017\/12\/thumbmail-Hybrid02-800x800.jpg\" class=\"attachment-woocommerce_thumbnail size-woocommerce_thumbnail\" alt=\"Hybrid 01 desierto botas antiperforaci\u00f3n.\" srcset=\"https:\/\/ozapato.com\/mx\/wp-content\/uploads\/sites\/4\/2017\/12\/thumbmail-Hybrid02-800x800.jpg 800w, https:\/\/ozapato.com\/mx\/wp-content\/uploads\/sites\/4\/2017\/12\/thumbmail-Hybrid02-800x800-150x150.jpg 150w, https:\/\/ozapato.com\/mx\/wp-content\/uploads\/sites\/4\/2017\/12\/thumbmail-Hybrid02-800x800-300x300.jpg 300w, https:\/\/ozapato.com\/mx\/wp-content\/uploads\/sites\/4\/2017\/12\/thumbmail-Hybrid02-800x800-768x768.jpg 768w, https:\/\/ozapato.com\/mx\/wp-content\/uploads\/sites\/4\/2017\/12\/thumbmail-Hybrid02-800x800-70x70.jpg 70w, https:\/\/ozapato.com\/mx\/wp-content\/uploads\/sites\/4\/2017\/12\/thumbmail-Hybrid02-800x800-385x385.jpg 385w, https:\/\/ozapato.com\/mx\/wp-content\/uploads\/sites\/4\/2017\/12\/thumbmail-Hybrid02-800x800-570x570.jpg 570w, https:\/\/ozapato.com\/mx\/wp-content\/uploads\/sites\/4\/2017\/12\/thumbmail-Hybrid02-800x800-32x32.jpg 32w\" sizes=\"auto, (max-width: 385px) 100vw, 385px\" \/>\t            \t        <\/div><!--.product_thumbnail-->\r\n\t\t<\/a>\r\n\r\n\t\t\t\t\t\t\t\r\n\t\t\r\n\t\t\r\n\t\t\r\n    <\/div><!--.product_thumbnail_wrapper-->\r\n\r\n    \r\n\t<h2 class=\"woocommerce-loop-product__title\">\r\n\t\t<a href=\"https:\/\/ozapato.com\/mx\/producto\/hybrid-01-desierto\/\">Hybrid  01 Desierto<\/a>\r\n\t<\/h2>\r\n\r\n\t<div class=\"star-rating\" role=\"img\" aria-label=\"Rated 5.00 out of 5\"><span style=\"width:100%\">Rated <strong class=\"rating\">5.00<\/strong> out of 5<\/span><\/div>\r\n        <div class=\"product_after_shop_loop\">\r\n        <div class=\"product_after_shop_loop_switcher\">\r\n    \r\n            \n\t<span class=\"price\"><span class=\"woocommerce-Price-amount amount\"><bdi><span class=\"woocommerce-Price-currencySymbol\">&#36;<\/span>1,499<\/bdi><\/span><\/span>\n\t<span id=\"woocommerce_loop_add_to_cart_link_describedby_58\" class=\"screen-reader-text\">\n\t\tThis product has multiple variants. The options may be chosen on the product page\t<\/span>\n\r\n            <\/div>\r\n    <\/div>\r\n    \r\n\t<span class=\"gtm4wp_productdata\" style=\"display:none; visibility:hidden;\" data-gtm4wp_product_data=\"{&quot;internal_id&quot;:58,&quot;item_id&quot;:58,&quot;item_name&quot;:&quot;Hybrid  01 Desierto&quot;,&quot;sku&quot;:&quot;HYBRID01DESIERTO&quot;,&quot;price&quot;:1499,&quot;stocklevel&quot;:0,&quot;stockstatus&quot;:&quot;onbackorder&quot;,&quot;google_business_vertical&quot;:&quot;retail&quot;,&quot;item_category&quot;:&quot;&quot;,&quot;id&quot;:58,&quot;productlink&quot;:&quot;https:\\\/\\\/ozapato.com\\\/mx\\\/producto\\\/hybrid-01-desierto\\\/&quot;,&quot;item_list_name&quot;:&quot;General Product List&quot;,&quot;index&quot;:1,&quot;product_type&quot;:&quot;variable&quot;,&quot;item_brand&quot;:&quot;&quot;}\"><\/span>\r\n<\/li>\r\n<li class=\"product type-product post-122 status-publish instock product_cat-botas-de-construccion product_cat-calzados-de-seguridad product_cat-para-mujeres has-post-thumbnail shipping-taxable purchasable product-type-variable\">\r\n\r\n\t\r\n    <div class=\"product_thumbnail_wrapper \">\r\n\r\n\t\t<a href=\"https:\/\/ozapato.com\/mx\/producto\/lady-01-bota-de-seguridad-mujer\/\" class=\"woocommerce-LoopProduct-link woocommerce-loop-product__link\">\r\n\r\n\t        <div class=\"product_thumbnail \">\r\n\t            <img loading=\"lazy\" decoding=\"async\" width=\"300\" height=\"300\" src=\"https:\/\/ozapato.com\/mx\/wp-content\/uploads\/sites\/4\/2017\/02\/thumbmail-Lady01-800x800-300x300.jpg\" class=\"attachment-woocommerce_thumbnail size-woocommerce_thumbnail\" alt=\"Lady 5 botas de seguridad para mujeres en M\u00e9xico\" srcset=\"https:\/\/ozapato.com\/mx\/wp-content\/uploads\/sites\/4\/2017\/02\/thumbmail-Lady01-800x800-300x300.jpg 300w, https:\/\/ozapato.com\/mx\/wp-content\/uploads\/sites\/4\/2017\/02\/thumbmail-Lady01-800x800-150x150.jpg 150w, https:\/\/ozapato.com\/mx\/wp-content\/uploads\/sites\/4\/2017\/02\/thumbmail-Lady01-800x800-768x768.jpg 768w, https:\/\/ozapato.com\/mx\/wp-content\/uploads\/sites\/4\/2017\/02\/thumbmail-Lady01-800x800-600x600.jpg 600w, https:\/\/ozapato.com\/mx\/wp-content\/uploads\/sites\/4\/2017\/02\/thumbmail-Lady01-800x800-100x100.jpg 100w, https:\/\/ozapato.com\/mx\/wp-content\/uploads\/sites\/4\/2017\/02\/thumbmail-Lady01-800x800.jpg 800w\" sizes=\"auto, (max-width: 300px) 100vw, 300px\" \/>\t            \t        <\/div><!--.product_thumbnail-->\r\n\t\t<\/a>\r\n\r\n\t\t\t\t\t\t\t\r\n\t\t\r\n\t\t\r\n\t\t\r\n    <\/div><!--.product_thumbnail_wrapper-->\r\n\r\n    \r\n\t<h2 class=\"woocommerce-loop-product__title\">\r\n\t\t<a href=\"https:\/\/ozapato.com\/mx\/producto\/lady-01-bota-de-seguridad-mujer\/\">Lady 01 &#8211; Botas de seguridad para mujer<\/a>\r\n\t<\/h2>\r\n\r\n\t\r\n        <div class=\"product_after_shop_loop\">\r\n        <div class=\"product_after_shop_loop_switcher\">\r\n    \r\n            \n\t<span class=\"price\"><span class=\"woocommerce-Price-amount amount\"><bdi><span class=\"woocommerce-Price-currencySymbol\">&#36;<\/span>899<\/bdi><\/span><\/span>\n\t<span id=\"woocommerce_loop_add_to_cart_link_describedby_122\" class=\"screen-reader-text\">\n\t\tThis product has multiple variants. The options may be chosen on the product page\t<\/span>\n\r\n            <\/div>\r\n    <\/div>\r\n    \r\n\t<span class=\"gtm4wp_productdata\" style=\"display:none; visibility:hidden;\" data-gtm4wp_product_data=\"{&quot;internal_id&quot;:122,&quot;item_id&quot;:122,&quot;item_name&quot;:&quot;Lady 01 - Botas de seguridad para mujer&quot;,&quot;sku&quot;:&quot;Lady01&quot;,&quot;price&quot;:899,&quot;stocklevel&quot;:null,&quot;stockstatus&quot;:&quot;instock&quot;,&quot;google_business_vertical&quot;:&quot;retail&quot;,&quot;item_category&quot;:&quot;Mujeres&quot;,&quot;id&quot;:122,&quot;productlink&quot;:&quot;https:\\\/\\\/ozapato.com\\\/mx\\\/producto\\\/lady-01-bota-de-seguridad-mujer\\\/&quot;,&quot;item_list_name&quot;:&quot;General Product List&quot;,&quot;index&quot;:2,&quot;product_type&quot;:&quot;variable&quot;,&quot;item_brand&quot;:&quot;&quot;}\"><\/span>\r\n<\/li>\r\n<li class=\"product type-product post-10591 status-publish instock product_cat-botas-de-construccion product_cat-calzado-industria-automotriz product_cat-calzados-de-seguridad has-post-thumbnail shipping-taxable purchasable product-type-variable has-default-attributes\">\r\n\r\n\t\r\n    <div class=\"product_thumbnail_wrapper \">\r\n\r\n\t\t<a href=\"https:\/\/ozapato.com\/mx\/producto\/rock-01\/\" class=\"woocommerce-LoopProduct-link woocommerce-loop-product__link\">\r\n\r\n\t        <div class=\"product_thumbnail with_second_image\">\r\n\t            <img loading=\"lazy\" decoding=\"async\" width=\"385\" height=\"385\" src=\"https:\/\/ozapato.com\/mx\/wp-content\/uploads\/sites\/4\/2019\/10\/thumbmail-Rock-01-385x385.png\" class=\"attachment-woocommerce_thumbnail size-woocommerce_thumbnail\" alt=\"Rock 01 bota de seguridad libre de metal en Mexico\" srcset=\"https:\/\/ozapato.com\/mx\/wp-content\/uploads\/sites\/4\/2019\/10\/thumbmail-Rock-01-385x385.png 385w, https:\/\/ozapato.com\/mx\/wp-content\/uploads\/sites\/4\/2019\/10\/thumbmail-Rock-01-300x300.png 300w, https:\/\/ozapato.com\/mx\/wp-content\/uploads\/sites\/4\/2019\/10\/thumbmail-Rock-01-150x150.png 150w, https:\/\/ozapato.com\/mx\/wp-content\/uploads\/sites\/4\/2019\/10\/thumbmail-Rock-01-768x768.png 768w, https:\/\/ozapato.com\/mx\/wp-content\/uploads\/sites\/4\/2019\/10\/thumbmail-Rock-01-570x570.png 570w, https:\/\/ozapato.com\/mx\/wp-content\/uploads\/sites\/4\/2019\/10\/thumbmail-Rock-01-100x100.png 100w, https:\/\/ozapato.com\/mx\/wp-content\/uploads\/sites\/4\/2019\/10\/thumbmail-Rock-01.png 1024w\" sizes=\"auto, (max-width: 385px) 100vw, 385px\" \/>\t            \t            \t<span class=\"product_thumbnail_background\" style=\"background-image:url(https:\/\/ozapato.com\/mx\/wp-content\/uploads\/sites\/4\/2019\/10\/generation-88afbe75-7b37-4dcf-b20b-9db96f6eea4c-385x450.png)\"><\/span>\r\n\t        \t\t        <\/div><!--.product_thumbnail-->\r\n\t\t<\/a>\r\n\r\n\t\t\t\t\t\t\t\r\n\t\t\r\n\t\t\r\n\t\t\r\n    <\/div><!--.product_thumbnail_wrapper-->\r\n\r\n    \r\n\t<h2 class=\"woocommerce-loop-product__title\">\r\n\t\t<a href=\"https:\/\/ozapato.com\/mx\/producto\/rock-01\/\">Rock 01<\/a>\r\n\t<\/h2>\r\n\r\n\t\r\n        <div class=\"product_after_shop_loop\">\r\n        <div class=\"product_after_shop_loop_switcher\">\r\n    \r\n            \n\t<span class=\"price\"><span class=\"woocommerce-Price-amount amount\"><bdi><span class=\"woocommerce-Price-currencySymbol\">&#36;<\/span>749<\/bdi><\/span><\/span>\n\t<span id=\"woocommerce_loop_add_to_cart_link_describedby_10591\" class=\"screen-reader-text\">\n\t\tThis product has multiple variants. The options may be chosen on the product page\t<\/span>\n\r\n            <\/div>\r\n    <\/div>\r\n    \r\n\t<span class=\"gtm4wp_productdata\" style=\"display:none; visibility:hidden;\" data-gtm4wp_product_data=\"{&quot;internal_id&quot;:10591,&quot;item_id&quot;:10591,&quot;item_name&quot;:&quot;Rock 01&quot;,&quot;sku&quot;:&quot;Rock01&quot;,&quot;price&quot;:749,&quot;stocklevel&quot;:1,&quot;stockstatus&quot;:&quot;instock&quot;,&quot;google_business_vertical&quot;:&quot;retail&quot;,&quot;item_category&quot;:&quot;Botas de construccion&quot;,&quot;id&quot;:10591,&quot;productlink&quot;:&quot;https:\\\/\\\/ozapato.com\\\/mx\\\/producto\\\/rock-01\\\/&quot;,&quot;item_list_name&quot;:&quot;General Product List&quot;,&quot;index&quot;:3,&quot;product_type&quot;:&quot;variable&quot;,&quot;item_brand&quot;:&quot;&quot;}\"><\/span>\r\n<\/li>\r\n<li class=\"product type-product post-9663 status-publish last instock product_cat-botas-de-construccion product_cat-dielectrica product_cat-goodyear-welt product_cat-calzados-de-seguridad product_cat-mercadolibre product_cat-mineria has-post-thumbnail shipping-taxable purchasable product-type-variable has-default-attributes\">\r\n\r\n\t\r\n    <div class=\"product_thumbnail_wrapper \">\r\n\r\n\t\t<a href=\"https:\/\/ozapato.com\/mx\/producto\/welt-santos-pro-6-eh\/\" class=\"woocommerce-LoopProduct-link woocommerce-loop-product__link\">\r\n\r\n\t        <div class=\"product_thumbnail with_second_image\">\r\n\t            <img loading=\"lazy\" decoding=\"async\" width=\"300\" height=\"300\" src=\"https:\/\/ozapato.com\/mx\/wp-content\/uploads\/sites\/4\/2017\/02\/Welt01_thumbmail-800x800-300x300.jpg\" class=\"attachment-woocommerce_thumbnail size-woocommerce_thumbnail\" alt=\"Welt Santos botas libres de metal\" srcset=\"https:\/\/ozapato.com\/mx\/wp-content\/uploads\/sites\/4\/2017\/02\/Welt01_thumbmail-800x800-300x300.jpg 300w, https:\/\/ozapato.com\/mx\/wp-content\/uploads\/sites\/4\/2017\/02\/Welt01_thumbmail-800x800-150x150.jpg 150w, https:\/\/ozapato.com\/mx\/wp-content\/uploads\/sites\/4\/2017\/02\/Welt01_thumbmail-800x800-768x768.jpg 768w, https:\/\/ozapato.com\/mx\/wp-content\/uploads\/sites\/4\/2017\/02\/Welt01_thumbmail-800x800-600x600.jpg 600w, https:\/\/ozapato.com\/mx\/wp-content\/uploads\/sites\/4\/2017\/02\/Welt01_thumbmail-800x800-100x100.jpg 100w, https:\/\/ozapato.com\/mx\/wp-content\/uploads\/sites\/4\/2017\/02\/Welt01_thumbmail-800x800.jpg 800w\" sizes=\"auto, (max-width: 300px) 100vw, 300px\" \/>\t            \t            \t<span class=\"product_thumbnail_background\" style=\"background-image:url(https:\/\/ozapato.com\/mx\/wp-content\/uploads\/sites\/4\/2018\/11\/Welt01_-Sept1_-385x255.jpg)\"><\/span>\r\n\t        \t\t        <\/div><!--.product_thumbnail-->\r\n\t\t<\/a>\r\n\r\n\t\t\t\t\t\t\t\r\n\t\t\r\n\t\t\r\n\t\t\r\n    <\/div><!--.product_thumbnail_wrapper-->\r\n\r\n    \r\n\t<h2 class=\"woocommerce-loop-product__title\">\r\n\t\t<a href=\"https:\/\/ozapato.com\/mx\/producto\/welt-santos-pro-6-eh\/\">Welt 01 Santos Pro 6\u2032<\/a>\r\n\t<\/h2>\r\n\r\n\t\r\n        <div class=\"product_after_shop_loop\">\r\n        <div class=\"product_after_shop_loop_switcher\">\r\n    \r\n            \n\t<span class=\"price\"><span class=\"woocommerce-Price-amount amount\"><bdi><span class=\"woocommerce-Price-currencySymbol\">&#36;<\/span>1,999<\/bdi><\/span><\/span>\n\t<span id=\"woocommerce_loop_add_to_cart_link_describedby_9663\" class=\"screen-reader-text\">\n\t\tThis product has multiple variants. The options may be chosen on the product page\t<\/span>\n\r\n            <\/div>\r\n    <\/div>\r\n    \r\n\t<span class=\"gtm4wp_productdata\" style=\"display:none; visibility:hidden;\" data-gtm4wp_product_data=\"{&quot;internal_id&quot;:9663,&quot;item_id&quot;:9663,&quot;item_name&quot;:&quot;Welt 01 Santos Pro 6\\u2032&quot;,&quot;sku&quot;:&quot;WELTSANTOS&quot;,&quot;price&quot;:1999,&quot;stocklevel&quot;:null,&quot;stockstatus&quot;:&quot;instock&quot;,&quot;google_business_vertical&quot;:&quot;retail&quot;,&quot;item_category&quot;:&quot;Miner\\u00eda&quot;,&quot;id&quot;:9663,&quot;productlink&quot;:&quot;https:\\\/\\\/ozapato.com\\\/mx\\\/producto\\\/welt-santos-pro-6-eh\\\/&quot;,&quot;item_list_name&quot;:&quot;General Product List&quot;,&quot;index&quot;:4,&quot;product_type&quot;:&quot;variable&quot;,&quot;item_brand&quot;:&quot;&quot;}\"><\/span>\r\n<\/li>\r\n<\/ul>\n<\/div>[\/vc_column][vc_column width=&#8221;1\/6&#8243;][\/vc_column][\/vc_row][vc_row][vc_column][vc_empty_space][\/vc_column][\/vc_row][vc_row type=&#8221;boxed&#8221;][vc_column width=&#8221;1\/6&#8243;][\/vc_column][vc_column width=&#8221;2\/3&#8243;][vc_column_text]<\/p>\n<h3 style=\"text-align: center\">BOTAS DE CONSTRUCCI\u00d3N EN\u00a0 M\u00c9XICO<\/h3>\n<p style=\"text-align: justify\"><span style=\"color: #000000\">Las <strong>Botas de construcci\u00f3n <\/strong>hechas en M\u00e9xico por OZAPATO, est\u00e1n fabricadas con el mejor cuero y con la tecnolog\u00eda mas innovadora del sector de la industria del calzado.Por esta raz\u00f3n,hemos creado y dise\u00f1ado calzado de seguridad espec\u00edfico para la <a href=\"https:\/\/ozapato.com\/mx\/calzado-de-seguridad-industrial\/\"><strong>industria<\/strong><\/a><\/span><span style=\"color: #000000\"> mex<\/span><span style=\"color: #000000\">icana que cumpla con las exigencias de cada sector.<\/span><\/p>\n<p style=\"text-align: justify\"><span style=\"color: #000000\">Cada modelo de nuestras <strong>botas de trabajo<\/strong> han sido pensados para ofrecer un alto nivel de seguridad, sin comprometer la comodidad o la resistencia. Todas los <strong><a href=\"https:\/\/ozapato.com\/mx\/\">zapatos<\/a> de construcci\u00f3n<\/strong> vienen con plantillas <a href=\"https:\/\/ozapato.com\/mx\/tecnologia\/\">antiperforaci\u00f3n<\/a>\u00a0textiles, estas plantillas son m\u00e1s resistentes que las plantillas met\u00e1licas adem\u00e1s de ser m\u00e1s flexibles. Las botas de construcci\u00f3n tienen un casco de poliamida que les protege de los peligros que pueden encontrar en su trabajo.<\/span><\/p>\n<p style=\"text-align: justify\"><span style=\"color: #000000\">Con los <strong>zapatos de construcci\u00f3n diel\u00e9ctricas, antideslizantes, hidrofugadas<\/strong> o reforzadas tenemos soluciones para todas sus necesidades. \u00a1Elija las botas de construcci\u00f3n que necesita para trabajar con seguridad!<\/span><\/p>\n<p>[\/vc_column_text][\/vc_column][vc_column width=&#8221;1\/6&#8243;][\/vc_column][\/vc_row][vc_row][vc_column][vc_empty_space][\/vc_column][\/vc_row][vc_row][vc_column][vc_media_grid element_width=&#8221;6&#8243; grid_id=&#8221;vc_gid:1588867218924-1bd79bca-3a1d-6&#8243; include=&#8221;11660,11775&#8243;][\/vc_column][\/vc_row][vc_row type=&#8221;boxed&#8221;][vc_column][vc_cta h2=&#8221;&#8221; css=&#8221;.vc_custom_1588677672384{background-color: #dd3333 !important;}&#8221;]<\/p>\n<h4 style=\"text-align: center\"><strong><span style=\"color: #ffffff\">\u00bfInteresado en Botas de construcci\u00f3n? Recibe cotizaci\u00f3n en 24 hs.<\/span><\/strong><\/h4>\n<p>[\/vc_cta][\/vc_column][\/vc_row][vc_row type=&#8221;boxed&#8221;][vc_column][vc_column_text]<iframe loading=\"lazy\" height=\"800px\" width=\"100%\" frameborder=\"0\" allow=\"geolocation;microphone;camera\" src=\"https:\/\/forms.zohopublic.com\/virtualoffice9264\/form\/MXWebForm\/formperma\/t2g4AJSxH5dX5eLImIHPs6T1GSbbcmWdJblk7_0ZVFw\"> <\/iframe>[\/vc_column_text][\/vc_column][\/vc_row][vc_row][vc_column][vc_empty_space][\/vc_column][\/vc_row][vc_row type=&#8221;boxed&#8221;][vc_column width=&#8221;1\/6&#8243;][\/vc_column][vc_column width=&#8221;2\/3&#8243;][vc_column_text]<\/p>\n<h4 style=\"text-align: center\"><span style=\"color: #000000\">TIPOS DE CONSTRUCCI\u00d3N<\/span><\/h4>\n<p><span style=\"font-weight: 400;color: #000000\">Hay distintos <strong>tipos de construcci\u00f3n<\/strong> cuando se trabaja en obras de construcci\u00f3n. Var\u00edan seg\u00fan las leyes y seg\u00fan las <a href=\"https:\/\/es.wikipedia.org\/wiki\/T%C3%A9cnica\" target=\"_blank\" rel=\"noopener\"><strong>t\u00e9cnicas<\/strong> <\/a>de construcci\u00f3n y su uso.<\/span><\/p>\n<h5 style=\"text-align: center\"><span style=\"color: #000000\"><strong>\u00a0T\u00c9CNICAS CONSTRUCTIVAS:<\/strong><\/span><\/h5>\n<ul>\n<li><span style=\"font-weight: 400;color: #000000\">Construcci\u00f3n <strong>Tradicional<\/strong> y Construcci\u00f3n <a style=\"color: #000000\" href=\"https:\/\/es.wikipedia.org\/wiki\/Vivienda_prefabricada\" target=\"_blank\" rel=\"noopener\"><strong>Prefabricada.<\/strong><\/a><\/span><\/li>\n<\/ul>\n<h5><span style=\"color: #000000\"><strong>Tipos de construcci\u00f3n seg\u00fan su uso:\u00a0<\/strong><\/span><\/h5>\n<ul>\n<li><span style=\"color: #000000\"><b>Construccion residencial:<\/b><span style=\"font-weight: 400\"> Construccion de viviendas,viviendas p\u00fablicas y privadas.<\/span><\/span><\/li>\n<li><span style=\"color: #000000\"><b>Construcci\u00f3n de urbanismo: <span style=\"font-weight: 400\">Construcci\u00f3n de obras en relaci\u00f3n con la<\/span> <span style=\"font-weight: 400\">planificaci\u00f3n urbana.<\/span><\/b><\/span><\/li>\n<li><span style=\"color: #000000\"><b>Construcci\u00f3n de Servicios<\/b><span style=\"font-weight: 400\">: Obras de construcci\u00f3n relacionadas con los servicios de p\u00fablicos de una localidad.<\/span><\/span><\/li>\n<li><span style=\"color: #000000\"><b>Construcci\u00f3n de \u00e1reas ecol\u00f3gicas: <\/b><span style=\"font-weight: 400\">Edificaciones con estructura urban\u00edstica \u201ceco-friendly\u201d, respetando el medio ambiente y los espacios verdes de la construcci\u00f3n.<\/span><\/span><\/li>\n<li><span style=\"color: #000000\"><b>Construcci\u00f3n Deportiva<\/b><span style=\"font-weight: 400\">: Construcci\u00f3n de edificio para la recreaci\u00f3n deportiva.<\/span><\/span><\/li>\n<li><span style=\"color: #000000\"><b>Construcciones Comerciales:<\/b><span style=\"font-weight: 400\"> Infraestructuras relacionadas con \u00e1reas comerciales o del sector servicio.<\/span><\/span><\/li>\n<li><span style=\"color: #000000\"><b>Construcci\u00f3n Cultural:<\/b><span style=\"font-weight: 400\"> Edificaciones de obras para espacios culturales.<\/span><\/span><\/li>\n<li><span style=\"color: #000000\"><b>Construcciones Industriales:<span style=\"font-weight: 400\"> Construcci\u00f3n de f\u00e1bricas, almacenes,talleres industriales.<\/span><\/b><\/span><\/li>\n<\/ul>\n<p>&nbsp;<\/p>\n<p>[\/vc_column_text][\/vc_column][vc_column width=&#8221;1\/6&#8243;][\/vc_column][\/vc_row][vc_row][vc_column][vc_empty_space][\/vc_column][\/vc_row][vc_row][vc_column][vc_column_text]\t\t<div id=\"sbi_mod_error\" >\n\t\t\t<span>This error message is only visible to WordPress admins<\/span><br\/>\n\t\t\t<p><strong>Error: No feed found.<\/strong>\n\t\t\t<p>Please go to the Instagram Feed settings page to create a feed.<\/p>\n\t\t<\/div>\n\t\t[\/vc_column_text][\/vc_column][\/vc_row]<\/p>\n","protected":false},"excerpt":{"rendered":"<p>[vc_row video_bg=&#8221;yes&#8221; video_bg_url=&#8221;https:\/\/www.youtube.com\/watch?v=__oq67bsM8A&#8221;][vc_column][vc_column_text css=&#8221;.vc_custom_1588867107874{padding-top: 32px !important;}&#8221;] BOTAS DE CONSTRUCCI\u00d3N [\/vc_column_text][\/vc_column][\/vc_row][vc_row][vc_column][vc_empty_space][\/vc_column][\/vc_row][vc_row][vc_column width=&#8221;1\/6&#8243;][\/vc_column][vc_column width=&#8221;2\/3&#8243;][\/vc_column][vc_column width=&#8221;1\/6&#8243;][\/vc_column][\/vc_row][vc_row][vc_column][vc_empty_space][\/vc_column][\/vc_row][vc_row type=&#8221;boxed&#8221;][vc_column width=&#8221;1\/6&#8243;][\/vc_column][vc_column width=&#8221;2\/3&#8243;][vc_column_text] BOTAS DE CONSTRUCCI\u00d3N EN\u00a0 M\u00c9XICO Las Botas de construcci\u00f3n hechas en M\u00e9xico por OZAPATO, est\u00e1n fabricadas con el mejor cuero y con la tecnolog\u00eda mas innovadora del sector de la industria del calzado.Por esta raz\u00f3n,hemos creado y dise\u00f1ado calzado [&hellip;]<\/p>\n","protected":false},"author":9,"featured_media":0,"parent":0,"menu_order":0,"comment_status":"closed","ping_status":"closed","template":"page-full-width.php","meta":{"footnotes":""},"class_list":["post-6336","page","type-page","status-publish","hentry"],"_links":{"self":[{"href":"https:\/\/ozapato.com\/mx\/wp-json\/wp\/v2\/pages\/6336","targetHints":{"allow":["GET"]}}],"collection":[{"href":"https:\/\/ozapato.com\/mx\/wp-json\/wp\/v2\/pages"}],"about":[{"href":"https:\/\/ozapato.com\/mx\/wp-json\/wp\/v2\/types\/page"}],"author":[{"embeddable":true,"href":"https:\/\/ozapato.com\/mx\/wp-json\/wp\/v2\/users\/9"}],"replies":[{"embeddable":true,"href":"https:\/\/ozapato.com\/mx\/wp-json\/wp\/v2\/comments?post=6336"}],"version-history":[{"count":37,"href":"https:\/\/ozapato.com\/mx\/wp-json\/wp\/v2\/pages\/6336\/revisions"}],"predecessor-version":[{"id":11164,"href":"https:\/\/ozapato.com\/mx\/wp-json\/wp\/v2\/pages\/6336\/revisions\/11164"}],"wp:attachment":[{"href":"https:\/\/ozapato.com\/mx\/wp-json\/wp\/v2\/media?parent=6336"}],"curies":[{"name":"wp","href":"https:\/\/api.w.org\/{rel}","templated":true}]}}