{"id":6338,"date":"2017-03-22T17:16:58","date_gmt":"2017-03-22T17:16:58","guid":{"rendered":"https:\/\/ozapato.com\/mx\/?page_id=6338"},"modified":"2020-05-08T04:16:20","modified_gmt":"2020-05-08T10:16:20","slug":"maritima","status":"publish","type":"page","link":"https:\/\/ozapato.com\/mx\/maritima\/","title":{"rendered":"Calzado de seguridad para la industria mar\u00edtima"},"content":{"rendered":"<p>[vc_row video_bg=&#8221;yes&#8221; video_bg_url=&#8221;https:\/\/www.youtube.com\/watch?v=__oq67bsM8A&#8221;][vc_column][vc_column_text css=&#8221;.vc_custom_1588765729346{padding-top: 32px !important;}&#8221;]<\/p>\n<h4><\/h4>\n<h4 style=\"text-align: center\"><span style=\"color: #ffffff\">PUERTOS<\/span><\/h4>\n<p>[\/vc_column_text][\/vc_column][\/vc_row][vc_row type=&#8221;boxed&#8221;][vc_column width=&#8221;1\/6&#8243;][\/vc_column][vc_column width=&#8221;2\/3&#8243;]<div class=\"woocommerce columns-4 \"><\/div>[\/vc_column][vc_column width=&#8221;1\/6&#8243;][\/vc_column][\/vc_row][vc_row][vc_column][vc_empty_space][\/vc_column][\/vc_row][vc_row type=&#8221;boxed&#8221;][vc_column width=&#8221;1\/6&#8243;][\/vc_column][vc_column width=&#8221;2\/3&#8243;][vc_column_text]<\/p>\n<h3 style=\"text-align: center\"><span style=\"color: #000000\"><b>CALZADO DE SEGURIDAD MARIT\u00cdMA\u00a0<\/b><\/span><\/h3>\n<p>&nbsp;<\/p>\n<p style=\"text-align: justify\"><span style=\"color: #000000\">Para el <strong>calzado de seguridad maritima y portuaria es impermeable<\/strong>,\u00a0utilizamos\u00a0un proceso &#8220;<a style=\"color: #000000\" href=\"http:\/\/goodyearwelt.es\/fr\/fabricacion-good-year-welt\" target=\"_blank\" rel=\"noopener noreferrer\">Goodyear Welt<\/a>&#8221; y un\u00a0cuero de calidad, lo cual permite que sus pies est\u00e9n completamente secos en todo momento. \u00a0Sabemos que en la <strong>industria mar\u00edtima<\/strong> y <strong>portuaria<\/strong> existen riesgos constantes, por\u00a0su <a style=\"color: #000000\" href=\"https:\/\/ozapato.com\/mx\/zapatos-de-seguridad-industrial\/\" target=\"_blank\" rel=\"noopener noreferrer\">seguridad<\/a>\u00a0hemos a\u00f1adido un casco y <a style=\"color: #000000\" href=\"https:\/\/ozapato.com\/mx\/tecnologia\/\" target=\"_blank\" rel=\"noopener noreferrer\">plantillas antiperforaci\u00f3n textiles<\/a>\u00a0que lo proteger\u00e1n de los peligros que puede encontrar en su trabajo diario. Nuestra <a href=\"https:\/\/es.wikipedia.org\/wiki\/Elast%C3%B3mero\" target=\"_blank\" rel=\"noopener\"><strong>suela de elast\u00f3mero<\/strong> <\/a>es ideal para caminar en superficies con una gran presencia de agua o de hidrocarburos. Su <strong>tecnolog\u00eda slip resistance y oil resistance<\/strong> est\u00e1 pensada para \u00e1reas muy resbaladizas, especialmente las\u00a0superficies met\u00e1licas y lisas.<\/span><\/p>\n<p>[\/vc_column_text][\/vc_column][vc_column width=&#8221;1\/6&#8243;][\/vc_column][\/vc_row][vc_row type=&#8221;boxed&#8221;][vc_column][vc_media_grid element_width=&#8221;6&#8243; grid_id=&#8221;vc_gid:1588932758337-8cddf2c1-28c6-8&#8243; include=&#8221;6213,6205&#8243;][\/vc_column][\/vc_row][vc_row][vc_column width=&#8221;1\/6&#8243;][\/vc_column][vc_column width=&#8221;2\/3&#8243;][vc_column_text]<\/p>\n<h4 style=\"text-align: center\"><span style=\"color: #000000\"><strong>\u00bfQU\u00c9 ES EL TRANSPORTE MAR\u00cdTIMO?<\/strong><\/span><\/h4>\n<p><span style=\"font-weight: 400;color: #000000\">El <strong>transporte mar\u00edtimo<\/strong> tiene como fin el objetivo de trasladar personas o cargas de productos\u00a0 por mar.<\/span><span style=\"font-weight: 400;color: #000000\"> El modo m\u00e1s utilizado para realizar transacciones entre pa\u00edses y el <a href=\"https:\/\/ozapato.com\/mx\/clientes-ozapato\/\"><strong>comercio internacional <\/strong><\/a><\/span><span style=\"font-weight: 400;color: #000000\">\u00a0 es mediante contenedores, graneles y l\u00edquidos distribuidos por los buques.<\/span><\/p>\n<p><span style=\"font-weight: 400;color: #000000\">Por otro lado, existe otro modelo de transporte mar\u00edtimo, que es el denominado <a href=\"https:\/\/es.wikipedia.org\/wiki\/Cabotaje\" target=\"_blank\" rel=\"noopener\">cabotaje<\/a>: Aquel transporte maritimo dentro de las fronteras del mismo territorio.<\/span>[\/vc_column_text][\/vc_column][vc_column width=&#8221;1\/6&#8243;][\/vc_column][\/vc_row][vc_row type=&#8221;boxed&#8221;][vc_column][vc_cta h2=&#8221;&#8221; css=&#8221;.vc_custom_1588762594016{background-color: #dd3333 !important;}&#8221;]<\/p>\n<h4 class=\"western\" style=\"text-align: center\"><span style=\"color: #ffffff\">\u00bfInteresado calzado maritimo? Recibe una cotizaci\u00f3n en 24 hs.<\/span><\/h4>\n<p>[\/vc_cta][\/vc_column][\/vc_row][vc_row type=&#8221;boxed&#8221;][vc_column][vc_column_text]<iframe loading=\"lazy\" height=\"800px\" width=\"100%\" frameborder=\"0\" allow=\"geolocation;microphone;camera\" src=\"https:\/\/forms.zohopublic.com\/virtualoffice9264\/form\/MXWebForm\/formperma\/t2g4AJSxH5dX5eLImIHPs6T1GSbbcmWdJblk7_0ZVFw\"> <\/iframe>[\/vc_column_text][\/vc_column][\/vc_row][vc_row][vc_column][vc_empty_space][\/vc_column][\/vc_row][vc_row type=&#8221;boxed&#8221;][vc_column width=&#8221;1\/6&#8243;][\/vc_column][vc_column width=&#8221;2\/3&#8243;][vc_column_text]<\/p>\n<h5 style=\"text-align: center\"><strong><span style=\"color: #000000\">VENTAJAS DEL TRANSPORTE MAR\u00cdTIMO<\/span><\/strong><\/h5>\n<p><span style=\"font-weight: 400;color: #000000\"><strong>\u00a0Capacidad<\/strong>: Los buques o barcos que transportan mercanc\u00edas tienen la gran ventaja de poder transportar gran cantidad de <strong>graneles o contenedores.<\/strong><\/span><\/p>\n<p><span style=\"font-weight: 400;color: #000000\"><strong>Flexibilidad<\/strong>: Porque las empresas de transporte mar\u00edtimo, disponen de diferentes tipos de barcos para realizar sus operaciones.<\/span><\/p>\n<p><span style=\"font-weight: 400;color: #000000\"><strong>Versatilidad:<\/strong> Seg\u00fan avanza los tiempos y las demandas de productos, las empresas tienen a disposiciones del cliente todo tipo de buques adaptados al producto que deben trasladar de un pa\u00eds a otro.<\/span>[\/vc_column_text][\/vc_column][vc_column width=&#8221;1\/6&#8243;][\/vc_column][\/vc_row][vc_row][vc_column][vc_empty_space][\/vc_column][\/vc_row][vc_row][vc_column width=&#8221;1\/6&#8243;][\/vc_column][vc_column width=&#8221;2\/3&#8243;][vc_column_text]<\/p>\n<h5 style=\"text-align: center\"><span style=\"color: #000000\"><strong>LOS 3 PUERTOS MAS IMPORTANTES DE M\u00c9XICO<\/strong><\/span><\/h5>\n<p><span style=\"font-weight: 400;color: #000000\">\u00a0A la hora de gestionar la log\u00edstica para hacer llegar un container o granel a\u00a0 Mexico.Es importante conocer las caracteristicas de los puertos y su localizaci\u00f3n geogr\u00e1fica para hacer llegar el producto al cliente final de manera mas rapida.<\/span><\/p>\n<p><span style=\"color: #000000\"><strong>1.Puerto de Manzanillo.<\/strong><\/span><\/p>\n<p><span style=\"color: #000000\"><span style=\"font-weight: 400\">El <strong>Puerto de Manzanillo<\/strong>, es el puerto m\u00e1s grande de M\u00e9xico.Est\u00e1 ubicado en la costa pac\u00edfica, y gestiona y administra\u00a0 la carga y descarga del <a style=\"color: #000000\" href=\"https:\/\/es.wikipedia.org\/wiki\/Oceano_pacifico\" target=\"_blank\" rel=\"noopener\">oc\u00e9ano <\/a><\/span><span style=\"font-weight: 400\">Pac\u00edfico del \u00e1rea de la ciudad de <strong>M\u00e9xico<\/strong>. Funciona como\u00a0 el principal puerto para las transacciones mar\u00edtimas con los <strong>exportadores e importadores de Asia.<\/strong><\/span><\/span><\/p>\n<p><span style=\"color: #000000\"><strong>2.Puerto L\u00e1zaro C\u00e1rdenas:<\/strong><\/span><\/p>\n<p><span style=\"font-weight: 400;color: #000000\">El puerto de L\u00e1zaro C\u00e1rdenas, es un puerto de aguas profundas, que est\u00e1 destinado para recibir barcos de <strong>post-panamax<\/strong>. Por sus instalaciones y ubicaci\u00f3n es primordial para abastecer el mercado\u00a0 procedente de los <strong>Estados Unidos<\/strong> y\u00a0 fundamental para el tr\u00e1fico de exportaci\u00f3n de contenedores mexicanos.<\/span><\/p>\n<p><span style=\"color: #000000\"><strong>3.Puerto de Veracruz:<\/strong><\/span><\/p>\n<p><span style=\"font-weight: 400;color: #000000\">El <a style=\"color: #000000\" href=\"https:\/\/es.wikipedia.org\/wiki\/Puerto_de_Veracruz\" target=\"_blank\" rel=\"noopener\">Puerto de Veracruz<\/a> es el <strong>puerto m\u00e1s antiguo e importante<\/strong> de M\u00e9xico. Fue el primer puerto equipado para el transporte de contenedores provenientes del sector\u00a0 automotriz.<\/span><\/p>\n<p><span style=\"font-weight: 400;color: #000000\">Por su estrat\u00e9gica localizaci\u00f3n, sus conexiones de transporte llegan hasta <strong>Europa, \u00c1frica y todo el continente Am\u00e9ricano.<\/strong><\/span><\/p>\n<p><span style=\"color: #000000\">Por est\u00e1 raz\u00f3n, OZAPATO, ofrece los mejores <strong>zapatos de seguridad<\/strong> para la industria <a style=\"color: #000000\" href=\"http:\/\/www.sct.gob.mx\/puertos-y-marina\/puertos-de-mexico\/\" target=\"_blank\" rel=\"noopener\">matirima y portuaria<\/a> del pa\u00eds.Disenados con el mejor cuero y tecnolog\u00eda del sector del <strong>calzado de seguridad.<\/strong><\/span>[\/vc_column_text][\/vc_column][vc_column width=&#8221;1\/6&#8243;][\/vc_column][\/vc_row][vc_row][vc_column][vc_column_text]\t\t<div id=\"sbi_mod_error\" >\n\t\t\t<span>This error message is only visible to WordPress admins<\/span><br\/>\n\t\t\t<p><strong>Error: No feed found.<\/strong>\n\t\t\t<p>Please go to the Instagram Feed settings page to create a feed.<\/p>\n\t\t<\/div>\n\t\t[\/vc_column_text][\/vc_column][\/vc_row]<\/p>\n","protected":false},"excerpt":{"rendered":"<p>[vc_row video_bg=&#8221;yes&#8221; video_bg_url=&#8221;https:\/\/www.youtube.com\/watch?v=__oq67bsM8A&#8221;][vc_column][vc_column_text css=&#8221;.vc_custom_1588765729346{padding-top: 32px !important;}&#8221;] PUERTOS [\/vc_column_text][\/vc_column][\/vc_row][vc_row type=&#8221;boxed&#8221;][vc_column width=&#8221;1\/6&#8243;][\/vc_column][vc_column width=&#8221;2\/3&#8243;][\/vc_column][vc_column width=&#8221;1\/6&#8243;][\/vc_column][\/vc_row][vc_row][vc_column][vc_empty_space][\/vc_column][\/vc_row][vc_row type=&#8221;boxed&#8221;][vc_column width=&#8221;1\/6&#8243;][\/vc_column][vc_column width=&#8221;2\/3&#8243;][vc_column_text] CALZADO DE SEGURIDAD MARIT\u00cdMA\u00a0 &nbsp; Para el calzado de seguridad maritima y portuaria es impermeable,\u00a0utilizamos\u00a0un proceso &#8220;Goodyear Welt&#8221; y un\u00a0cuero de calidad, lo cual permite que sus pies est\u00e9n completamente secos en todo momento. \u00a0Sabemos que en la industria mar\u00edtima [&hellip;]<\/p>\n","protected":false},"author":9,"featured_media":0,"parent":0,"menu_order":0,"comment_status":"closed","ping_status":"closed","template":"page-full-width.php","meta":{"footnotes":""},"class_list":["post-6338","page","type-page","status-publish","hentry"],"_links":{"self":[{"href":"https:\/\/ozapato.com\/mx\/wp-json\/wp\/v2\/pages\/6338","targetHints":{"allow":["GET"]}}],"collection":[{"href":"https:\/\/ozapato.com\/mx\/wp-json\/wp\/v2\/pages"}],"about":[{"href":"https:\/\/ozapato.com\/mx\/wp-json\/wp\/v2\/types\/page"}],"author":[{"embeddable":true,"href":"https:\/\/ozapato.com\/mx\/wp-json\/wp\/v2\/users\/9"}],"replies":[{"embeddable":true,"href":"https:\/\/ozapato.com\/mx\/wp-json\/wp\/v2\/comments?post=6338"}],"version-history":[{"count":33,"href":"https:\/\/ozapato.com\/mx\/wp-json\/wp\/v2\/pages\/6338\/revisions"}],"predecessor-version":[{"id":11846,"href":"https:\/\/ozapato.com\/mx\/wp-json\/wp\/v2\/pages\/6338\/revisions\/11846"}],"wp:attachment":[{"href":"https:\/\/ozapato.com\/mx\/wp-json\/wp\/v2\/media?parent=6338"}],"curies":[{"name":"wp","href":"https:\/\/api.w.org\/{rel}","templated":true}]}}