{"id":6342,"date":"2017-03-22T20:42:29","date_gmt":"2017-03-22T20:42:29","guid":{"rendered":"https:\/\/ozapato.com\/mx\/?page_id=6342"},"modified":"2021-06-23T09:03:28","modified_gmt":"2021-06-23T15:03:28","slug":"calzado-industrial-mujer","status":"publish","type":"page","link":"https:\/\/ozapato.com\/mx\/calzado-industrial-mujer\/","title":{"rendered":"Calzado industrial para mujeres"},"content":{"rendered":"<p>[vc_row full_width=&#8221;stretch_row&#8221; video_bg=&#8221;yes&#8221; video_bg_url=&#8221;https:\/\/www.youtube.com\/watch?v=__oq67bsM8A&#8221; css=&#8221;.vc_custom_1588699333904{padding-top: 50px !important;background: #ffffff url(https:\/\/ozapato.com\/pa\/wp-content\/uploads\/sites\/2\/2016\/02\/IMG_6105.jpg?id=1065) !important;background-position: center !important;background-repeat: no-repeat !important;background-size: cover !important;}&#8221;][vc_column][vc_raw_js]JTNDc2NyaXB0JTNFJTBBZnVuY3Rpb24lMjByZWRpcmVjY2lvbmFyJTI4JTI5JTdCJTBBJTIwJTIwd2luZG93LmxvY2F0aW9uZiUzRCUyMmh0dHBzJTNBJTJGJTJGb3phcGF0by5jb20lMkZteCUyRnphcGF0b3MtZGUtc2VndXJpZGFkLXBhcmEtbXVqZXIlMkYlMjIlM0IlMEElN0QlMjAlMEFzZXRUaW1lb3V0JTIwJTI4JTIycmVkaXJlY2Npb25hciUyOCUyOSUyMiUyQyUyMDElMjklM0IlMjAlMkYlMkZ0aWVtcG8lMjBleHByZXNhZG8lMjBlbiUyMG1pbGlzZWd1bmRvcyUwQSUzQyUyRnNjcmlwdCUzRQ==[\/vc_raw_js][\/vc_column][\/vc_row][vc_row][vc_column width=&#8221;1\/4&#8243;][\/vc_column][vc_column width=&#8221;1\/2&#8243;]<div class=\"woocommerce columns-4 \"><ul class=\"products columns-4\">\n<li class=\"product type-product post-122 status-publish first instock product_cat-botas-de-construccion product_cat-calzados-de-seguridad product_cat-para-mujeres has-post-thumbnail shipping-taxable purchasable product-type-variable\">\r\n\r\n\t\r\n    <div class=\"product_thumbnail_wrapper \">\r\n\r\n\t\t<a href=\"https:\/\/ozapato.com\/mx\/producto\/lady-01-bota-de-seguridad-mujer\/\" class=\"woocommerce-LoopProduct-link woocommerce-loop-product__link\">\r\n\r\n\t        <div class=\"product_thumbnail \">\r\n\t            <img loading=\"lazy\" decoding=\"async\" width=\"300\" height=\"300\" src=\"https:\/\/ozapato.com\/mx\/wp-content\/uploads\/sites\/4\/2017\/02\/thumbmail-Lady01-800x800-300x300.jpg\" class=\"attachment-woocommerce_thumbnail size-woocommerce_thumbnail\" alt=\"Lady 5 botas de seguridad para mujeres en M\u00e9xico\" srcset=\"https:\/\/ozapato.com\/mx\/wp-content\/uploads\/sites\/4\/2017\/02\/thumbmail-Lady01-800x800-300x300.jpg 300w, https:\/\/ozapato.com\/mx\/wp-content\/uploads\/sites\/4\/2017\/02\/thumbmail-Lady01-800x800-150x150.jpg 150w, https:\/\/ozapato.com\/mx\/wp-content\/uploads\/sites\/4\/2017\/02\/thumbmail-Lady01-800x800-768x768.jpg 768w, https:\/\/ozapato.com\/mx\/wp-content\/uploads\/sites\/4\/2017\/02\/thumbmail-Lady01-800x800-600x600.jpg 600w, https:\/\/ozapato.com\/mx\/wp-content\/uploads\/sites\/4\/2017\/02\/thumbmail-Lady01-800x800-100x100.jpg 100w, https:\/\/ozapato.com\/mx\/wp-content\/uploads\/sites\/4\/2017\/02\/thumbmail-Lady01-800x800.jpg 800w\" sizes=\"auto, (max-width: 300px) 100vw, 300px\" \/>\t            \t        <\/div><!--.product_thumbnail-->\r\n\t\t<\/a>\r\n\r\n\t\t\t\t\t\t\t\r\n\t\t\r\n\t\t\r\n\t\t\r\n    <\/div><!--.product_thumbnail_wrapper-->\r\n\r\n    \r\n\t<h2 class=\"woocommerce-loop-product__title\">\r\n\t\t<a href=\"https:\/\/ozapato.com\/mx\/producto\/lady-01-bota-de-seguridad-mujer\/\">Lady 01 &#8211; Botas de seguridad para mujer<\/a>\r\n\t<\/h2>\r\n\r\n\t\r\n        <div class=\"product_after_shop_loop\">\r\n        <div class=\"product_after_shop_loop_switcher\">\r\n    \r\n            \n\t<span class=\"price\"><span class=\"woocommerce-Price-amount amount\"><bdi><span class=\"woocommerce-Price-currencySymbol\">&#36;<\/span>899<\/bdi><\/span><\/span>\n\t<span id=\"woocommerce_loop_add_to_cart_link_describedby_122\" class=\"screen-reader-text\">\n\t\tThis product has multiple variants. The options may be chosen on the product page\t<\/span>\n\r\n            <\/div>\r\n    <\/div>\r\n    \r\n\t<span class=\"gtm4wp_productdata\" style=\"display:none; visibility:hidden;\" data-gtm4wp_product_data=\"{&quot;internal_id&quot;:122,&quot;item_id&quot;:122,&quot;item_name&quot;:&quot;Lady 01 - Botas de seguridad para mujer&quot;,&quot;sku&quot;:&quot;Lady01&quot;,&quot;price&quot;:899,&quot;stocklevel&quot;:null,&quot;stockstatus&quot;:&quot;instock&quot;,&quot;google_business_vertical&quot;:&quot;retail&quot;,&quot;item_category&quot;:&quot;Botas de construccion&quot;,&quot;id&quot;:122,&quot;productlink&quot;:&quot;https:\\\/\\\/ozapato.com\\\/mx\\\/producto\\\/lady-01-bota-de-seguridad-mujer\\\/&quot;,&quot;item_list_name&quot;:&quot;General Product List&quot;,&quot;index&quot;:1,&quot;product_type&quot;:&quot;variable&quot;,&quot;item_brand&quot;:&quot;&quot;}\"><\/span>\r\n<\/li>\r\n<li class=\"product type-product post-5144 status-publish instock product_cat-calzados-de-seguridad product_cat-para-mujeres product_cat-zapatos-para-hospitales product_cat-zapatos-para-restaurantes has-post-thumbnail shipping-taxable purchasable product-type-variable\">\r\n\r\n\t\r\n    <div class=\"product_thumbnail_wrapper \">\r\n\r\n\t\t<a href=\"https:\/\/ozapato.com\/mx\/producto\/lady-desierto-bota-de-cuero-mujer\/\" class=\"woocommerce-LoopProduct-link woocommerce-loop-product__link\">\r\n\r\n\t        <div class=\"product_thumbnail \">\r\n\t            <img loading=\"lazy\" decoding=\"async\" width=\"385\" height=\"385\" src=\"https:\/\/ozapato.com\/mx\/wp-content\/uploads\/sites\/4\/2017\/02\/thumbmail-lady-04-385x385.jpg\" class=\"attachment-woocommerce_thumbnail size-woocommerce_thumbnail\" alt=\"calzado de seguridad para mujeres con casquillo en Mexico OZAPATO\" srcset=\"https:\/\/ozapato.com\/mx\/wp-content\/uploads\/sites\/4\/2017\/02\/thumbmail-lady-04-385x385.jpg 385w, https:\/\/ozapato.com\/mx\/wp-content\/uploads\/sites\/4\/2017\/02\/thumbmail-lady-04-300x300.jpg 300w, https:\/\/ozapato.com\/mx\/wp-content\/uploads\/sites\/4\/2017\/02\/thumbmail-lady-04-150x150.jpg 150w, https:\/\/ozapato.com\/mx\/wp-content\/uploads\/sites\/4\/2017\/02\/thumbmail-lady-04-768x768.jpg 768w, https:\/\/ozapato.com\/mx\/wp-content\/uploads\/sites\/4\/2017\/02\/thumbmail-lady-04-570x570.jpg 570w, https:\/\/ozapato.com\/mx\/wp-content\/uploads\/sites\/4\/2017\/02\/thumbmail-lady-04-100x100.jpg 100w, https:\/\/ozapato.com\/mx\/wp-content\/uploads\/sites\/4\/2017\/02\/thumbmail-lady-04.jpg 800w\" sizes=\"auto, (max-width: 385px) 100vw, 385px\" \/>\t            \t        <\/div><!--.product_thumbnail-->\r\n\t\t<\/a>\r\n\r\n\t\t\t\t\t\t\t\r\n\t\t\r\n\t\t\r\n\t\t\r\n    <\/div><!--.product_thumbnail_wrapper-->\r\n\r\n    \r\n\t<h2 class=\"woocommerce-loop-product__title\">\r\n\t\t<a href=\"https:\/\/ozapato.com\/mx\/producto\/lady-desierto-bota-de-cuero-mujer\/\">Lady 04 Desierto &#8211; Botas de cuero para mujer<\/a>\r\n\t<\/h2>\r\n\r\n\t\r\n        <div class=\"product_after_shop_loop\">\r\n        <div class=\"product_after_shop_loop_switcher\">\r\n    \r\n            \n\t<span class=\"price\"><span class=\"woocommerce-Price-amount amount\"><bdi><span class=\"woocommerce-Price-currencySymbol\">&#36;<\/span>1,099<\/bdi><\/span><\/span>\n\t<span id=\"woocommerce_loop_add_to_cart_link_describedby_5144\" class=\"screen-reader-text\">\n\t\tThis product has multiple variants. The options may be chosen on the product page\t<\/span>\n\r\n            <\/div>\r\n    <\/div>\r\n    \r\n\t<span class=\"gtm4wp_productdata\" style=\"display:none; visibility:hidden;\" data-gtm4wp_product_data=\"{&quot;internal_id&quot;:5144,&quot;item_id&quot;:5144,&quot;item_name&quot;:&quot;Lady 04 Desierto - Botas de cuero para mujer&quot;,&quot;sku&quot;:&quot;LADY04&quot;,&quot;price&quot;:1099,&quot;stocklevel&quot;:null,&quot;stockstatus&quot;:&quot;instock&quot;,&quot;google_business_vertical&quot;:&quot;retail&quot;,&quot;item_category&quot;:&quot;Mujeres&quot;,&quot;id&quot;:5144,&quot;productlink&quot;:&quot;https:\\\/\\\/ozapato.com\\\/mx\\\/producto\\\/lady-desierto-bota-de-cuero-mujer\\\/&quot;,&quot;item_list_name&quot;:&quot;General Product List&quot;,&quot;index&quot;:2,&quot;product_type&quot;:&quot;variable&quot;,&quot;item_brand&quot;:&quot;&quot;}\"><\/span>\r\n<\/li>\r\n<\/ul>\n<\/div>[\/vc_column][vc_column width=&#8221;1\/4&#8243;][\/vc_column][\/vc_row][vc_row][vc_column][vc_empty_space][\/vc_column][\/vc_row][vc_row type=&#8221;boxed&#8221;][vc_column width=&#8221;1\/6&#8243;][\/vc_column][vc_column width=&#8221;2\/3&#8243;][vc_column_text]<\/p>\n<h3 style=\"text-align: center;\"><strong><span style=\"color: #000000;\">ZAPATOS DE SEGURIDAD PARA MUJER<\/span><\/strong><\/h3>\n<p style=\"text-align: justify;\"><span style=\"color: #000000;\">\u00a0\ud83d\udc69 Los<strong> zapatos de seguridad\u00a0 para mujeres<\/strong>\u00a0y <a style=\"color: #000000;\" href=\"https:\/\/es.wikipedia.org\/wiki\/Bota_industrial\" target=\"_blank\" rel=\"noopener noreferrer\">botas de seguridad<\/a> de OZAPATO, tienen un dise\u00f1o especialmente adaptado para las que trabajan en un terreno dif\u00edcil!<\/span><\/p>\n<p style=\"text-align: justify;\"><span style=\"color: #000000;\">Todas las botas de seguridad para mujer tienen un casco de poliamida m\u00e1s liviano que un casco de acero. Adem\u00e1s, tienen un corte m\u00e1s bajo que permite embonar mejor el tobillo. El resultado es una bota de seguridad para mujeres, m\u00e1s liviana pero que ofrece el mismo nivel de protecci\u00f3n que el calzado de seguridad para hombres.<\/span><\/p>\n<p style=\"text-align: justify;\"><span style=\"color: #000000;\">Todas nuestras<strong> botas de seguridad para mujer<\/strong>\u00a0est\u00e1n disponibles desde la talla 23 al 27. \u00a1Adem\u00e1s vienen con una <strong>garant\u00eda de 4 a 6 meses!<\/strong><\/span><\/p>\n<p style=\"text-align: justify;\"><span style=\"color: #000000;\">Nos puede llamar al <strong>55 8842 7878<\/strong> o simplemente enviar un correo a\u00a0<a style=\"color: #000000;\" href=\"mailto:mexico@ozapato.com\">mexico@ozapato.com<\/a>\u00a0para conocer nuestra oferta de calzado para M\u00e9xico y recibir una cotizaci\u00f3n gratuita. Tenemos soluciones para todas las industrias.<\/span><\/p>\n<p>[\/vc_column_text][\/vc_column][vc_column width=&#8221;1\/6&#8243;][\/vc_column][\/vc_row][vc_row type=&#8221;boxed&#8221;][vc_column][vc_cta h2=&#8221;&#8221; css=&#8221;.vc_custom_1588696160666{background-color: #dd3333 !important;}&#8221;]<\/p>\n<h5 class=\"western\" style=\"text-align: center;\"><span style=\"color: #ffffff;\">\u00bfInteresado en calzado de seguridad? Recibe una cotizaci\u00f3n en 24 horas hs.<\/span><\/h5>\n<p>[\/vc_cta][\/vc_column][\/vc_row][vc_row type=&#8221;boxed&#8221;][vc_column][vc_column_text]<\/p>\n<p style=\"text-align: center;\"><iframe loading=\"lazy\" height=\"800px\" width=\"100%\" frameborder=\"0\" allow=\"geolocation;microphone;camera\" src=\"https:\/\/forms.zohopublic.com\/virtualoffice9264\/form\/MXWebForm\/formperma\/t2g4AJSxH5dX5eLImIHPs6T1GSbbcmWdJblk7_0ZVFw\"> <\/iframe><\/p>\n<p>[\/vc_column_text][\/vc_column][\/vc_row][vc_row][vc_column][vc_empty_space][\/vc_column][\/vc_row][vc_row type=&#8221;boxed&#8221;][vc_column width=&#8221;1\/6&#8243;][\/vc_column][vc_column width=&#8221;2\/3&#8243;][vc_column_text]<\/p>\n<h4 style=\"text-align: center;\"><span style=\"color: #000000;\"><strong>\u00bfCU\u00c1LES SON LAS MEJORES\u00a0 BOTAS DE SEGURIDAD PARA LA MUJER EN M\u00c9XICO?<\/strong><\/span><\/h4>\n<p><span style=\"color: #000000;\">Conversar acerca del c\u00f3mo es trabajar en el sector <a style=\"color: #000000;\" href=\"https:\/\/ozapato.com\/mx\/industrial\/\">industrial<\/a>, tiene diferentes aspectos, por ejemplo, hoy 3 de cada 10 estudiantes de <strong><a style=\"color: #000000;\" href=\"http:\/\/oferta.unam.mx\/ingenieria-industrial.html\" target=\"_blank\" rel=\"noopener\">ingenier\u00eda en M\u00e9xico<\/a> <\/strong>son mujeres y la cifra va en aumento.<\/span><\/p>\n<p><span style=\"color: #000000;\">Conforme van avanzando al campo laboral, miles de<strong> mujeres<\/strong> se preparan cada d\u00eda para participar en la <strong>industria<\/strong> y se enfrentan desde muy temprana hora a su primer reto: el <a style=\"color: #000000;\" href=\"https:\/\/ozapato.com\/mx\/\"><strong>calzado de seguridad<\/strong><\/a>. \u00a1<em>Seguro que lo has notado<\/em>! cuando se trata de elegir el mejor par de <strong>botas<\/strong>, es complicado encontrar el modelo que brinde toda la protecci\u00f3n que requeren las mujeres, pero\u2026<span class=\"original-content\">sin <\/span>ser pesado, tosco e inc\u00f3modo, \u00a1<em>queremos lo mas confortable y\u00a0 seguro para ti<\/em>!.<\/span><\/p>\n<div id=\"53ff8edc641ed500d02be9c5662880be\" class=\"error-span misspelling tooltipstered\" data-errorword=\"OZAPATO\"><\/div>\n<p>[\/vc_column_text][\/vc_column][vc_column width=&#8221;1\/6&#8243;][\/vc_column][\/vc_row][vc_row][vc_column][vc_empty_space][\/vc_column][\/vc_row][vc_row type=&#8221;boxed&#8221;][vc_column width=&#8221;1\/6&#8243;][\/vc_column][vc_column width=&#8221;2\/3&#8243;][vc_column_text]<\/p>\n<h4 style=\"text-align: center;\">\u00a0\u00a1OTROS MODELOS DE CALZADO DE SEGURIDAD PARA MUJER!<\/h4>\n<p>[\/vc_column_text]<div class=\"woocommerce columns-4 \"><ul class=\"products columns-4\">\n<li class=\"product type-product post-12816 status-publish first instock product_cat-dielectrica product_cat-calzado-dielectrico product_cat-calzado-industria-automotriz product_cat-mercadolibre has-post-thumbnail shipping-taxable purchasable product-type-variable has-default-attributes\">\r\n\r\n\t\r\n    <div class=\"product_thumbnail_wrapper \">\r\n\r\n\t\t<a href=\"https:\/\/ozapato.com\/mx\/producto\/tokyo-01\/\" class=\"woocommerce-LoopProduct-link woocommerce-loop-product__link\">\r\n\r\n\t        <div class=\"product_thumbnail \">\r\n\t            <img loading=\"lazy\" decoding=\"async\" width=\"385\" height=\"385\" src=\"https:\/\/ozapato.com\/mx\/wp-content\/uploads\/sites\/4\/2020\/11\/tokyo0147-385x385.jpg\" class=\"attachment-woocommerce_thumbnail size-woocommerce_thumbnail\" alt=\"Tokyo 01\" srcset=\"https:\/\/ozapato.com\/mx\/wp-content\/uploads\/sites\/4\/2020\/11\/tokyo0147-385x385.jpg 385w, https:\/\/ozapato.com\/mx\/wp-content\/uploads\/sites\/4\/2020\/11\/tokyo0147-300x300.jpg 300w, https:\/\/ozapato.com\/mx\/wp-content\/uploads\/sites\/4\/2020\/11\/tokyo0147-150x150.jpg 150w, https:\/\/ozapato.com\/mx\/wp-content\/uploads\/sites\/4\/2020\/11\/tokyo0147-768x768.jpg 768w, https:\/\/ozapato.com\/mx\/wp-content\/uploads\/sites\/4\/2020\/11\/tokyo0147-570x570.jpg 570w, https:\/\/ozapato.com\/mx\/wp-content\/uploads\/sites\/4\/2020\/11\/tokyo0147-100x100.jpg 100w, https:\/\/ozapato.com\/mx\/wp-content\/uploads\/sites\/4\/2020\/11\/tokyo0147.jpg 800w\" sizes=\"auto, (max-width: 385px) 100vw, 385px\" \/>\t            \t        <\/div><!--.product_thumbnail-->\r\n\t\t<\/a>\r\n\r\n\t\t\t\t\t\t\t\r\n\t\t\r\n\t\t\r\n\t\t\r\n    <\/div><!--.product_thumbnail_wrapper-->\r\n\r\n    \r\n\t<h2 class=\"woocommerce-loop-product__title\">\r\n\t\t<a href=\"https:\/\/ozapato.com\/mx\/producto\/tokyo-01\/\">Tokyo 01<\/a>\r\n\t<\/h2>\r\n\r\n\t\r\n        <div class=\"product_after_shop_loop\">\r\n        <div class=\"product_after_shop_loop_switcher\">\r\n    \r\n            \n\t<span class=\"price\"><span class=\"woocommerce-Price-amount amount\"><bdi><span class=\"woocommerce-Price-currencySymbol\">&#36;<\/span>897<\/bdi><\/span><\/span>\n\t<span id=\"woocommerce_loop_add_to_cart_link_describedby_12816\" class=\"screen-reader-text\">\n\t\tThis product has multiple variants. The options may be chosen on the product page\t<\/span>\n\r\n            <\/div>\r\n    <\/div>\r\n    \r\n\t<span class=\"gtm4wp_productdata\" style=\"display:none; visibility:hidden;\" data-gtm4wp_product_data=\"{&quot;internal_id&quot;:12816,&quot;item_id&quot;:12816,&quot;item_name&quot;:&quot;Tokyo 01&quot;,&quot;sku&quot;:&quot;TOKYO01&quot;,&quot;price&quot;:897,&quot;stocklevel&quot;:null,&quot;stockstatus&quot;:&quot;instock&quot;,&quot;google_business_vertical&quot;:&quot;retail&quot;,&quot;item_category&quot;:&quot;Dielectrica&quot;,&quot;id&quot;:12816,&quot;productlink&quot;:&quot;https:\\\/\\\/ozapato.com\\\/mx\\\/producto\\\/tokyo-01\\\/&quot;,&quot;item_list_name&quot;:&quot;General Product List&quot;,&quot;index&quot;:1,&quot;product_type&quot;:&quot;variable&quot;,&quot;item_brand&quot;:&quot;&quot;}\"><\/span>\r\n<\/li>\r\n<li class=\"product type-product post-10217 status-publish onbackorder product_cat-botas-de-hule has-post-thumbnail shipping-taxable purchasable product-type-variable\">\r\n\r\n\t\r\n    <div class=\"product_thumbnail_wrapper \">\r\n\r\n\t\t<a href=\"https:\/\/ozapato.com\/mx\/producto\/hule-01\/\" class=\"woocommerce-LoopProduct-link woocommerce-loop-product__link\">\r\n\r\n\t        <div class=\"product_thumbnail \">\r\n\t            <img loading=\"lazy\" decoding=\"async\" width=\"385\" height=\"385\" src=\"https:\/\/ozapato.com\/mx\/wp-content\/uploads\/sites\/4\/2019\/09\/thumbmail-_03-800x800-385x385.jpg\" class=\"attachment-woocommerce_thumbnail size-woocommerce_thumbnail\" alt=\"Botas de hule resistentes a la lluvia\" srcset=\"https:\/\/ozapato.com\/mx\/wp-content\/uploads\/sites\/4\/2019\/09\/thumbmail-_03-800x800-385x385.jpg 385w, https:\/\/ozapato.com\/mx\/wp-content\/uploads\/sites\/4\/2019\/09\/thumbmail-_03-800x800-150x150.jpg 150w, https:\/\/ozapato.com\/mx\/wp-content\/uploads\/sites\/4\/2019\/09\/thumbmail-_03-800x800-300x300.jpg 300w, https:\/\/ozapato.com\/mx\/wp-content\/uploads\/sites\/4\/2019\/09\/thumbmail-_03-800x800-768x768.jpg 768w, https:\/\/ozapato.com\/mx\/wp-content\/uploads\/sites\/4\/2019\/09\/thumbmail-_03-800x800-570x570.jpg 570w, https:\/\/ozapato.com\/mx\/wp-content\/uploads\/sites\/4\/2019\/09\/thumbmail-_03-800x800-100x100.jpg 100w, https:\/\/ozapato.com\/mx\/wp-content\/uploads\/sites\/4\/2019\/09\/thumbmail-_03-800x800.jpg 800w\" sizes=\"auto, (max-width: 385px) 100vw, 385px\" \/>\t            \t        <\/div><!--.product_thumbnail-->\r\n\t\t<\/a>\r\n\r\n\t\t\t\t\t\t\t\r\n\t\t\r\n\t\t\r\n\t\t\r\n    <\/div><!--.product_thumbnail_wrapper-->\r\n\r\n    \r\n\t<h2 class=\"woocommerce-loop-product__title\">\r\n\t\t<a href=\"https:\/\/ozapato.com\/mx\/producto\/hule-01\/\">Hule 01<\/a>\r\n\t<\/h2>\r\n\r\n\t\r\n        <div class=\"product_after_shop_loop\">\r\n        <div class=\"product_after_shop_loop_switcher\">\r\n    \r\n            \n\t<span class=\"price\"><span class=\"woocommerce-Price-amount amount\"><bdi><span class=\"woocommerce-Price-currencySymbol\">&#36;<\/span>180<\/bdi><\/span><\/span>\n\t<span id=\"woocommerce_loop_add_to_cart_link_describedby_10217\" class=\"screen-reader-text\">\n\t\tThis product has multiple variants. The options may be chosen on the product page\t<\/span>\n\r\n            <\/div>\r\n    <\/div>\r\n    \r\n\t<span class=\"gtm4wp_productdata\" style=\"display:none; visibility:hidden;\" data-gtm4wp_product_data=\"{&quot;internal_id&quot;:10217,&quot;item_id&quot;:10217,&quot;item_name&quot;:&quot;Hule 01&quot;,&quot;sku&quot;:&quot;hule 01&quot;,&quot;price&quot;:180,&quot;stocklevel&quot;:0,&quot;stockstatus&quot;:&quot;onbackorder&quot;,&quot;google_business_vertical&quot;:&quot;retail&quot;,&quot;item_category&quot;:&quot;Botas de hule&quot;,&quot;id&quot;:10217,&quot;productlink&quot;:&quot;https:\\\/\\\/ozapato.com\\\/mx\\\/producto\\\/hule-01\\\/&quot;,&quot;item_list_name&quot;:&quot;General Product List&quot;,&quot;index&quot;:2,&quot;product_type&quot;:&quot;variable&quot;,&quot;item_brand&quot;:&quot;&quot;}\"><\/span>\r\n<\/li>\r\n<\/ul>\n<\/div>[\/vc_column][vc_column width=&#8221;1\/6&#8243;][\/vc_column][\/vc_row][vc_row][vc_column][vc_empty_space][\/vc_column][\/vc_row][vc_row][vc_column][vc_column_text]\t\t<div id=\"sbi_mod_error\" >\n\t\t\t<span>This error message is only visible to WordPress admins<\/span><br\/>\n\t\t\t<p><strong>Error: No feed found.<\/strong>\n\t\t\t<p>Please go to the Instagram Feed settings page to create a feed.<\/p>\n\t\t<\/div>\n\t\t[\/vc_column_text][\/vc_column][\/vc_row]<\/p>\n","protected":false},"excerpt":{"rendered":"<p>[vc_row full_width=&#8221;stretch_row&#8221; video_bg=&#8221;yes&#8221; video_bg_url=&#8221;https:\/\/www.youtube.com\/watch?v=__oq67bsM8A&#8221; css=&#8221;.vc_custom_1588699333904{padding-top: 50px !important;background: #ffffff url(https:\/\/ozapato.com\/pa\/wp-content\/uploads\/sites\/2\/2016\/02\/IMG_6105.jpg?id=1065) !important;background-position: center !important;background-repeat: no-repeat !important;background-size: cover !important;}&#8221;][vc_column][vc_raw_js]JTNDc2NyaXB0JTNFJTBBZnVuY3Rpb24lMjByZWRpcmVjY2lvbmFyJTI4JTI5JTdCJTBBJTIwJTIwd2luZG93LmxvY2F0aW9uZiUzRCUyMmh0dHBzJTNBJTJGJTJGb3phcGF0by5jb20lMkZteCUyRnphcGF0b3MtZGUtc2VndXJpZGFkLXBhcmEtbXVqZXIlMkYlMjIlM0IlMEElN0QlMjAlMEFzZXRUaW1lb3V0JTIwJTI4JTIycmVkaXJlY2Npb25hciUyOCUyOSUyMiUyQyUyMDElMjklM0IlMjAlMkYlMkZ0aWVtcG8lMjBleHByZXNhZG8lMjBlbiUyMG1pbGlzZWd1bmRvcyUwQSUzQyUyRnNjcmlwdCUzRQ==[\/vc_raw_js][\/vc_column][\/vc_row][vc_row][vc_column width=&#8221;1\/4&#8243;][\/vc_column][vc_column width=&#8221;1\/2&#8243;][\/vc_column][vc_column width=&#8221;1\/4&#8243;][\/vc_column][\/vc_row][vc_row][vc_column][vc_empty_space][\/vc_column][\/vc_row][vc_row type=&#8221;boxed&#8221;][vc_column width=&#8221;1\/6&#8243;][\/vc_column][vc_column width=&#8221;2\/3&#8243;][vc_column_text] ZAPATOS DE SEGURIDAD PARA MUJER \u00a0\ud83d\udc69 Los zapatos de seguridad\u00a0 para mujeres\u00a0y botas de seguridad de OZAPATO, tienen un dise\u00f1o especialmente adaptado para las que trabajan en un terreno dif\u00edcil! Todas las botas [&hellip;]<\/p>\n","protected":false},"author":9,"featured_media":0,"parent":0,"menu_order":0,"comment_status":"closed","ping_status":"closed","template":"page-full-width.php","meta":{"footnotes":""},"class_list":["post-6342","page","type-page","status-publish","hentry"],"_links":{"self":[{"href":"https:\/\/ozapato.com\/mx\/wp-json\/wp\/v2\/pages\/6342","targetHints":{"allow":["GET"]}}],"collection":[{"href":"https:\/\/ozapato.com\/mx\/wp-json\/wp\/v2\/pages"}],"about":[{"href":"https:\/\/ozapato.com\/mx\/wp-json\/wp\/v2\/types\/page"}],"author":[{"embeddable":true,"href":"https:\/\/ozapato.com\/mx\/wp-json\/wp\/v2\/users\/9"}],"replies":[{"embeddable":true,"href":"https:\/\/ozapato.com\/mx\/wp-json\/wp\/v2\/comments?post=6342"}],"version-history":[{"count":43,"href":"https:\/\/ozapato.com\/mx\/wp-json\/wp\/v2\/pages\/6342\/revisions"}],"predecessor-version":[{"id":13532,"href":"https:\/\/ozapato.com\/mx\/wp-json\/wp\/v2\/pages\/6342\/revisions\/13532"}],"wp:attachment":[{"href":"https:\/\/ozapato.com\/mx\/wp-json\/wp\/v2\/media?parent=6342"}],"curies":[{"name":"wp","href":"https:\/\/api.w.org\/{rel}","templated":true}]}}