{"id":6347,"date":"2017-03-22T21:04:44","date_gmt":"2017-03-22T21:04:44","guid":{"rendered":"https:\/\/ozapato.com\/mx\/?page_id=6347"},"modified":"2020-05-08T03:58:46","modified_gmt":"2020-05-08T09:58:46","slug":"botas-para-soldadores","status":"publish","type":"page","link":"https:\/\/ozapato.com\/mx\/botas-para-soldadores\/","title":{"rendered":"Calzado de seguridad para soldador"},"content":{"rendered":"<p>[vc_row video_bg=&#8221;yes&#8221; video_bg_url=&#8221;https:\/\/www.youtube.com\/watch?v=__oq67bsM8A&#8221;][vc_column][vc_column_text css=&#8221;.vc_custom_1588690710320{padding-top: 32px !important;}&#8221;]<\/p>\n<h4><\/h4>\n<h4 style=\"text-align: center\"><span style=\"color: #ffffff\">SOLDADORES<\/span><\/h4>\n<p>[\/vc_column_text][\/vc_column][\/vc_row][vc_row][vc_column width=&#8221;1\/6&#8243;][\/vc_column][vc_column width=&#8221;2\/3&#8243;]<div class=\"woocommerce columns-3 \"><ul class=\"products columns-3\">\n<li class=\"product type-product post-4921 status-publish first instock product_cat-dielectrica product_cat-goodyear-welt product_cat-calzados-de-seguridad product_cat-mercadolibre product_cat-soldador has-post-thumbnail shipping-taxable purchasable product-type-variable has-default-attributes\">\r\n\r\n\t\r\n    <div class=\"product_thumbnail_wrapper \">\r\n\r\n\t\t<a href=\"https:\/\/ozapato.com\/mx\/producto\/spark-01\/\" class=\"woocommerce-LoopProduct-link woocommerce-loop-product__link\">\r\n\r\n\t        <div class=\"product_thumbnail \">\r\n\t            <img loading=\"lazy\" decoding=\"async\" width=\"385\" height=\"385\" src=\"https:\/\/ozapato.com\/mx\/wp-content\/uploads\/sites\/4\/2017\/12\/thumbmail-Spark-800x800.jpg\" class=\"attachment-woocommerce_thumbnail size-woocommerce_thumbnail\" alt=\"Spark botas para soldador de M\u00e9xico\" srcset=\"https:\/\/ozapato.com\/mx\/wp-content\/uploads\/sites\/4\/2017\/12\/thumbmail-Spark-800x800.jpg 800w, https:\/\/ozapato.com\/mx\/wp-content\/uploads\/sites\/4\/2017\/12\/thumbmail-Spark-800x800-150x150.jpg 150w, https:\/\/ozapato.com\/mx\/wp-content\/uploads\/sites\/4\/2017\/12\/thumbmail-Spark-800x800-300x300.jpg 300w, https:\/\/ozapato.com\/mx\/wp-content\/uploads\/sites\/4\/2017\/12\/thumbmail-Spark-800x800-768x768.jpg 768w, https:\/\/ozapato.com\/mx\/wp-content\/uploads\/sites\/4\/2017\/12\/thumbmail-Spark-800x800-70x70.jpg 70w, https:\/\/ozapato.com\/mx\/wp-content\/uploads\/sites\/4\/2017\/12\/thumbmail-Spark-800x800-385x385.jpg 385w, https:\/\/ozapato.com\/mx\/wp-content\/uploads\/sites\/4\/2017\/12\/thumbmail-Spark-800x800-570x570.jpg 570w, https:\/\/ozapato.com\/mx\/wp-content\/uploads\/sites\/4\/2017\/12\/thumbmail-Spark-800x800-32x32.jpg 32w\" sizes=\"auto, (max-width: 385px) 100vw, 385px\" \/>\t            \t        <\/div><!--.product_thumbnail-->\r\n\t\t<\/a>\r\n\r\n\t\t\t\t\t\t\t\r\n\t\t\r\n\t\t\r\n\t\t\r\n    <\/div><!--.product_thumbnail_wrapper-->\r\n\r\n    \r\n\t<h2 class=\"woocommerce-loop-product__title\">\r\n\t\t<a href=\"https:\/\/ozapato.com\/mx\/producto\/spark-01\/\">Spark 01<\/a>\r\n\t<\/h2>\r\n\r\n\t\r\n        <div class=\"product_after_shop_loop\">\r\n        <div class=\"product_after_shop_loop_switcher\">\r\n    \r\n            \n\t<span class=\"price\"><span class=\"woocommerce-Price-amount amount\"><bdi><span class=\"woocommerce-Price-currencySymbol\">&#36;<\/span>1,799<\/bdi><\/span><\/span>\n\t<span id=\"woocommerce_loop_add_to_cart_link_describedby_4921\" class=\"screen-reader-text\">\n\t\tThis product has multiple variants. The options may be chosen on the product page\t<\/span>\n\r\n            <\/div>\r\n    <\/div>\r\n    \r\n\t<span class=\"gtm4wp_productdata\" style=\"display:none; visibility:hidden;\" data-gtm4wp_product_data=\"{&quot;internal_id&quot;:4921,&quot;item_id&quot;:4921,&quot;item_name&quot;:&quot;Spark 01&quot;,&quot;sku&quot;:&quot;SPARK01&quot;,&quot;price&quot;:1799,&quot;stocklevel&quot;:10,&quot;stockstatus&quot;:&quot;instock&quot;,&quot;google_business_vertical&quot;:&quot;retail&quot;,&quot;item_category&quot;:&quot;Soldador&quot;,&quot;id&quot;:4921,&quot;productlink&quot;:&quot;https:\\\/\\\/ozapato.com\\\/mx\\\/producto\\\/spark-01\\\/&quot;,&quot;item_list_name&quot;:&quot;General Product List&quot;,&quot;index&quot;:1,&quot;product_type&quot;:&quot;variable&quot;,&quot;item_brand&quot;:&quot;&quot;}\"><\/span>\r\n<\/li>\r\n<li class=\"product type-product post-9986 status-publish onbackorder product_cat-dielectrica product_cat-goodyear-welt product_cat-calzados-de-seguridad product_cat-mineria product_cat-soldador has-post-thumbnail shipping-taxable purchasable product-type-variable has-default-attributes\">\r\n\r\n\t\r\n    <div class=\"product_thumbnail_wrapper \">\r\n\r\n\t\t<a href=\"https:\/\/ozapato.com\/mx\/producto\/welt-07\/\" class=\"woocommerce-LoopProduct-link woocommerce-loop-product__link\">\r\n\r\n\t        <div class=\"product_thumbnail \">\r\n\t            <img loading=\"lazy\" decoding=\"async\" width=\"385\" height=\"385\" src=\"https:\/\/ozapato.com\/mx\/wp-content\/uploads\/sites\/4\/2019\/09\/Welt07-47-Thumbmail-385x385.jpg\" class=\"attachment-woocommerce_thumbnail size-woocommerce_thumbnail\" alt=\"Botas con proteccion Metatarsal\" srcset=\"https:\/\/ozapato.com\/mx\/wp-content\/uploads\/sites\/4\/2019\/09\/Welt07-47-Thumbmail-385x385.jpg 385w, https:\/\/ozapato.com\/mx\/wp-content\/uploads\/sites\/4\/2019\/09\/Welt07-47-Thumbmail-150x150.jpg 150w, https:\/\/ozapato.com\/mx\/wp-content\/uploads\/sites\/4\/2019\/09\/Welt07-47-Thumbmail-300x300.jpg 300w, https:\/\/ozapato.com\/mx\/wp-content\/uploads\/sites\/4\/2019\/09\/Welt07-47-Thumbmail-768x768.jpg 768w, https:\/\/ozapato.com\/mx\/wp-content\/uploads\/sites\/4\/2019\/09\/Welt07-47-Thumbmail-570x570.jpg 570w, https:\/\/ozapato.com\/mx\/wp-content\/uploads\/sites\/4\/2019\/09\/Welt07-47-Thumbmail-100x100.jpg 100w, https:\/\/ozapato.com\/mx\/wp-content\/uploads\/sites\/4\/2019\/09\/Welt07-47-Thumbmail.jpg 800w\" sizes=\"auto, (max-width: 385px) 100vw, 385px\" \/>\t            \t        <\/div><!--.product_thumbnail-->\r\n\t\t<\/a>\r\n\r\n\t\t\t\t\t\t\t\r\n\t\t\r\n\t\t\r\n\t\t\r\n    <\/div><!--.product_thumbnail_wrapper-->\r\n\r\n    \r\n\t<h2 class=\"woocommerce-loop-product__title\">\r\n\t\t<a href=\"https:\/\/ozapato.com\/mx\/producto\/welt-07\/\">Welt 07 Metatarsal<\/a>\r\n\t<\/h2>\r\n\r\n\t\r\n        <div class=\"product_after_shop_loop\">\r\n        <div class=\"product_after_shop_loop_switcher\">\r\n    \r\n            \n\t<span class=\"price\"><span class=\"woocommerce-Price-amount amount\"><bdi><span class=\"woocommerce-Price-currencySymbol\">&#36;<\/span>2,499<\/bdi><\/span><\/span>\n\t<span id=\"woocommerce_loop_add_to_cart_link_describedby_9986\" class=\"screen-reader-text\">\n\t\tThis product has multiple variants. The options may be chosen on the product page\t<\/span>\n\r\n            <\/div>\r\n    <\/div>\r\n    \r\n\t<span class=\"gtm4wp_productdata\" style=\"display:none; visibility:hidden;\" data-gtm4wp_product_data=\"{&quot;internal_id&quot;:9986,&quot;item_id&quot;:9986,&quot;item_name&quot;:&quot;Welt 07 Metatarsal&quot;,&quot;sku&quot;:&quot;WELT07&quot;,&quot;price&quot;:2499,&quot;stocklevel&quot;:0,&quot;stockstatus&quot;:&quot;onbackorder&quot;,&quot;google_business_vertical&quot;:&quot;retail&quot;,&quot;item_category&quot;:&quot;Miner\\u00eda&quot;,&quot;id&quot;:9986,&quot;productlink&quot;:&quot;https:\\\/\\\/ozapato.com\\\/mx\\\/producto\\\/welt-07\\\/&quot;,&quot;item_list_name&quot;:&quot;General Product List&quot;,&quot;index&quot;:2,&quot;product_type&quot;:&quot;variable&quot;,&quot;item_brand&quot;:&quot;&quot;}\"><\/span>\r\n<\/li>\r\n<\/ul>\n<\/div>[\/vc_column][vc_column width=&#8221;1\/6&#8243;][\/vc_column][\/vc_row][vc_row][vc_column][vc_empty_space][\/vc_column][\/vc_row][vc_row type=&#8221;boxed&#8221;][vc_column width=&#8221;1\/6&#8243;][\/vc_column][vc_column width=&#8221;2\/3&#8243;][vc_column_text]<\/p>\n<h3 style=\"text-align: center\"><span style=\"color: #000000\"><strong>BOTAS PARA SOLDADORES EN M\u00c9XICO\u00a0<\/strong><\/span><\/h3>\n<p><span style=\"color: #000000\"><a style=\"color: #000000\" href=\"https:\/\/emojipedia.org\/collision\/\" target=\"_blank\" rel=\"noopener\"><span class=\"emoji\">\ud83d\udca5<\/span><\/a> Las<strong><a style=\"color: #000000\" href=\"https:\/\/ozapato.com\/mx\/botas-tacticas\/\"> botas<\/a>\u00a0 para soldadores<\/strong> sirven para proteger los pies del soldador mientras trabaja de chispas, fuego y objetos pesados.<\/span><\/p>\n<p><span style=\"color: #000000\"><span style=\"font-weight: 400\">Los <\/span><b>soldadores <\/b><span style=\"font-weight: 400\">unen piezas de metal mediante la aplicaci\u00f3n de un calor intenso. Son responsables de preparar el<a style=\"color: #000000\" href=\"https:\/\/es.wikipedia.org\/wiki\/Metal\" target=\"_blank\" rel=\"noopener\"> metal<\/a> y del cuidado de las herramientas de soldar el metal.<\/span><\/span><\/p>\n<p><span style=\"font-weight: 400;color: #000000\">El soldador puede tener que ajustar las piezas que debe soldar en el banco de un taller, o directamente en una obra de construcci\u00f3n. Mantienen los metales unidos mediante plantillas y aplican las soldaduras.<\/span><\/p>\n<p><span style=\"color: #000000\"><span style=\"font-weight: 400\">Los soldadores pueden tener <\/span><b>t\u00e9cnicas manual y mec\u00e1nicas <\/b>para la <a style=\"color: #000000\" href=\"https:\/\/es.wikipedia.org\/wiki\/Soldadura\" target=\"_blank\" rel=\"noopener\">soldadura.<\/a><\/span>[\/vc_column_text][\/vc_column][vc_column width=&#8221;1\/6&#8243;][\/vc_column][\/vc_row][vc_row][vc_column][vc_empty_space][\/vc_column][\/vc_row][vc_row type=&#8221;boxed&#8221;][vc_column][vc_media_grid element_width=&#8221;6&#8243; grid_id=&#8221;vc_gid:1588931831170-69d96328-2cf0-9&#8243; include=&#8221;11538,11128&#8243;][\/vc_column][\/vc_row][vc_row][vc_column][vc_empty_space][\/vc_column][\/vc_row][vc_row type=&#8221;boxed&#8221;][vc_column width=&#8221;1\/6&#8243;][\/vc_column][vc_column width=&#8221;2\/3&#8243;][vc_column_text]<\/p>\n<h4 style=\"text-align: center\"><strong>DESCUBRE NUESTRAS BOTAS PARA SOLDADOR DISE\u00d1ANAS PARA LA INDUSTRIA MEXICANA<\/strong><\/h4>\n<p style=\"text-align: justify\"><span style=\"color: #000000\">Hemos dise\u00f1ado el modelo Spark para aquellos<a style=\"color: #000000\" href=\"https:\/\/ozapato.com\/mx\/producto\/spark-01\/\"> soldadores<\/a> que trabajan en las condiciones m\u00e1s extremas de M\u00e9xico.<\/span><\/p>\n<p style=\"text-align: justify\"><span style=\"color: #000000\">Nuestra bota de soldador \u201c <strong>Spark 9\u2019<\/strong> \u201d, est\u00e1 hecha para cuidar sus pie a lo largo del d\u00eda. Ocupamos un cuero de flor entera 100% mexicano que esta a prueba de las chispas generadas por la soldadura. Adem\u00e1s nuestras botas de soldador, vienen montadas en una suela especial anti-fatiga <a href=\"http:\/\/www.ozapato.com\">OZAPATO<\/a> que resiste a altas temperaturas. Para una mejor resistencia, el cuero esta cosido a la suela con un proceso &#8220;Lockstitch\u201d, muy resistente.<\/span><\/p>\n<p style=\"text-align: justify\"><span style=\"color: #000000\">Por su seguridad, hemos a\u00f1adido un <strong>casco de poliamida<\/strong> y una <strong>plantilla antiperforaci\u00f3n textil<\/strong> de kevlar que les protege de los peligros que pueden encontrar en su trabajo soldando. Esta bota es 100% libre de metal.<\/span><\/p>\n<p style=\"text-align: justify\"><span style=\"color: #000000\">Tenemos soluciones para todas las industrias mexicanas. \u00a1Elija ahora las botas que mejor se adapten a las necesidades de su empresa!<\/span><\/p>\n<p>[\/vc_column_text][\/vc_column][vc_column width=&#8221;1\/6&#8243;][\/vc_column][\/vc_row][vc_row][vc_column][vc_empty_space][\/vc_column][\/vc_row][vc_row type=&#8221;boxed&#8221;][vc_column][vc_cta h2=&#8221;&#8221; css=&#8221;.vc_custom_1588689734595{background-color: #dd3333 !important;}&#8221;]<\/p>\n<h4 style=\"text-align: center\"><span style=\"color: #ffffff\">\u00bfInteresado en Botas para soldador? Recibe cotizaci\u00f3n en 24 hs.<\/span><\/h4>\n<p>[\/vc_cta][\/vc_column][\/vc_row][vc_row][vc_column][vc_column_text]<iframe loading=\"lazy\" height=\"850px\" width=\"100%\" frameborder=\"0\" allow=\"geolocation;microphone;camera\" src=\"https:\/\/forms.zohopublic.com\/virtualoffice9264\/form\/MXWebForm\/formperma\/t2g4AJSxH5dX5eLImIHPs6T1GSbbcmWdJblk7_0ZVFw\"> <\/iframe>[\/vc_column_text][\/vc_column][\/vc_row][vc_row type=&#8221;boxed&#8221;][vc_column width=&#8221;1\/6&#8243;][\/vc_column][vc_column width=&#8221;2\/3&#8243;][vc_column_text]<\/p>\n<h4 style=\"text-align: center\"><span style=\"color: #000000\"><strong>\u00bfQU\u00c9 ES LA SOLDADURA?<\/strong><\/span><\/h4>\n<p><span style=\"font-weight: 400;color: #000000\">La <strong>soldadura<\/strong> es un proceso donde mediante la fijaci\u00f3n que se produce con la uni\u00f3n de dos o\u00a0 m\u00e1s piezas\u00a0 de un material, las piezas soldadas se unen a trav\u00e9s de la fundici\u00f3n de estos materiales. En la soldadura, se puede agregar un material de aporte, que puede ser de <a href=\"https:\/\/es.wikipedia.org\/wiki\/Pl%C3%A1stico\" target=\"_blank\" rel=\"noopener\"><strong>pl\u00e1stico o metal<\/strong><\/a>, que al fundirse se desparrama sobre el objeto a soldar produciendo el efecto denominado <strong>\u201cba\u00f1o de soldadura\u201d<\/strong>, y al enfriarse, se une de manera fija al otro material creando el efecto cord\u00f3n.<\/span>[\/vc_column_text][\/vc_column][vc_column width=&#8221;1\/6&#8243;][\/vc_column][\/vc_row][vc_row][vc_column][vc_empty_space][\/vc_column][\/vc_row][vc_row][vc_column][vc_column_text]\t\t<div id=\"sbi_mod_error\" >\n\t\t\t<span>This error message is only visible to WordPress admins<\/span><br\/>\n\t\t\t<p><strong>Error: No feed found.<\/strong>\n\t\t\t<p>Please go to the Instagram Feed settings page to create a feed.<\/p>\n\t\t<\/div>\n\t\t[\/vc_column_text][\/vc_column][\/vc_row]<\/p>\n","protected":false},"excerpt":{"rendered":"<p>[vc_row video_bg=&#8221;yes&#8221; video_bg_url=&#8221;https:\/\/www.youtube.com\/watch?v=__oq67bsM8A&#8221;][vc_column][vc_column_text css=&#8221;.vc_custom_1588690710320{padding-top: 32px !important;}&#8221;] SOLDADORES [\/vc_column_text][\/vc_column][\/vc_row][vc_row][vc_column width=&#8221;1\/6&#8243;][\/vc_column][vc_column width=&#8221;2\/3&#8243;][\/vc_column][vc_column width=&#8221;1\/6&#8243;][\/vc_column][\/vc_row][vc_row][vc_column][vc_empty_space][\/vc_column][\/vc_row][vc_row type=&#8221;boxed&#8221;][vc_column width=&#8221;1\/6&#8243;][\/vc_column][vc_column width=&#8221;2\/3&#8243;][vc_column_text] BOTAS PARA SOLDADORES EN M\u00c9XICO\u00a0 \ud83d\udca5 Las botas\u00a0 para soldadores sirven para proteger los pies del soldador mientras trabaja de chispas, fuego y objetos pesados. Los soldadores unen piezas de metal mediante la aplicaci\u00f3n de un calor intenso. Son responsables de [&hellip;]<\/p>\n","protected":false},"author":9,"featured_media":0,"parent":0,"menu_order":0,"comment_status":"closed","ping_status":"closed","template":"page-full-width.php","meta":{"footnotes":""},"class_list":["post-6347","page","type-page","status-publish","hentry"],"_links":{"self":[{"href":"https:\/\/ozapato.com\/mx\/wp-json\/wp\/v2\/pages\/6347","targetHints":{"allow":["GET"]}}],"collection":[{"href":"https:\/\/ozapato.com\/mx\/wp-json\/wp\/v2\/pages"}],"about":[{"href":"https:\/\/ozapato.com\/mx\/wp-json\/wp\/v2\/types\/page"}],"author":[{"embeddable":true,"href":"https:\/\/ozapato.com\/mx\/wp-json\/wp\/v2\/users\/9"}],"replies":[{"embeddable":true,"href":"https:\/\/ozapato.com\/mx\/wp-json\/wp\/v2\/comments?post=6347"}],"version-history":[{"count":42,"href":"https:\/\/ozapato.com\/mx\/wp-json\/wp\/v2\/pages\/6347\/revisions"}],"predecessor-version":[{"id":11842,"href":"https:\/\/ozapato.com\/mx\/wp-json\/wp\/v2\/pages\/6347\/revisions\/11842"}],"wp:attachment":[{"href":"https:\/\/ozapato.com\/mx\/wp-json\/wp\/v2\/media?parent=6347"}],"curies":[{"name":"wp","href":"https:\/\/api.w.org\/{rel}","templated":true}]}}