{"id":6361,"date":"2017-03-23T14:07:36","date_gmt":"2017-03-23T14:07:36","guid":{"rendered":"https:\/\/ozapato.com\/mx\/?page_id=6361"},"modified":"2020-05-08T01:41:12","modified_gmt":"2020-05-08T07:41:12","slug":"tecnologia","status":"publish","type":"page","link":"https:\/\/ozapato.com\/mx\/tecnologia\/","title":{"rendered":"TECNOLOG\u00cdA"},"content":{"rendered":"<p>[vc_row video_bg=&#8221;yes&#8221; video_bg_url=&#8221;https:\/\/www.youtube.com\/watch?v=__oq67bsM8A&#8221;][vc_column][vc_column_text css=&#8221;.vc_custom_1588877869944{padding-top: 32px !important;}&#8221;]<\/p>\n<h4 style=\"text-align: center\"><strong><span style=\"color: #ffffff\">TECNOLOG\u00cdA<\/span><\/strong><\/h4>\n<p>[\/vc_column_text][\/vc_column][\/vc_row][vc_row][vc_column][vc_empty_space][\/vc_column][\/vc_row][vc_row height=&#8221;150px&#8221; type=&#8221;boxed&#8221;][vc_column width=&#8221;1\/2&#8243;]\n\t\t<div class=\"shortcode_banner_simple_height banner_with_img\" onclick=\"window.open('https:\/\/ozapato.com\/mx\/', '_blank');\" style=\"height:275pxpx;\">\n\t\t\t<div class=\"shortcode_banner_simple_height_inner\">\n\t\t\t\t<div class=\"shortcode_banner_simple_height_bkg\" style=\"background-color:#464646; background-image:url(https:\/\/ozapato.com\/mx\/wp-content\/uploads\/sites\/4\/2016\/01\/DSC_7382.jpg)\"><\/div>\n\t\t\t\n\t\t\t\t<div class=\"shortcode_banner_simple_height_inside\" style=\"border: 0px solid #fff\">\n\t\t\t\t\t<div class=\"shortcode_banner_simple_height_content\">\n\t\t\t\t\t\t<div><h3 class=\"banner_title\" style=\"color:#fff\">Tecnolog\u00eda<\/h3><\/div>\n\t\t\t\t\t\t<div class=\"shortcode_banner_simple_height_sep\" style=\"margin:5px auto; background-color:#fff;\"><\/div>\n\t\t\t\t\t\t<div><h4 class=\"banner_subtitle\" style=\"color:#fff\">Tecnolog\u00eda OZAPATO<\/h4><\/div>\n\t\t\t\t\t<\/div>\n\t\t\t\t<\/div>\n\t\t\t<\/div><\/div>[\/vc_column][vc_column width=&#8221;1\/2&#8243;]\n\t\t<div class=\"shortcode_banner_simple_height banner_with_img\" onclick=\"window.open('https:\/\/ozapato.com\/mx\/contacto\/', '_blank');\" style=\"height:275pxpx;\">\n\t\t\t<div class=\"shortcode_banner_simple_height_inner\">\n\t\t\t\t<div class=\"shortcode_banner_simple_height_bkg\" style=\"background-color:#464646; background-image:url(https:\/\/ozapato.com\/mx\/wp-content\/uploads\/sites\/4\/2016\/05\/DSC_2241.jpg)\"><\/div>\n\t\t\t\n\t\t\t\t<div class=\"shortcode_banner_simple_height_inside\" style=\"border: 0px solid #fff\">\n\t\t\t\t\t<div class=\"shortcode_banner_simple_height_content\">\n\t\t\t\t\t\t<div><h3 class=\"banner_title\" style=\"color:#fff\">Cotiza <\/h3><\/div>\n\t\t\t\t\t\t<div class=\"shortcode_banner_simple_height_sep\" style=\"margin:5px auto; background-color:#fff;\"><\/div>\n\t\t\t\t\t\t<div><h4 class=\"banner_subtitle\" style=\"color:#fff\">Para tu empresa<\/h4><\/div>\n\t\t\t\t\t<\/div>\n\t\t\t\t<\/div>\n\t\t\t<\/div><\/div>[\/vc_column][\/vc_row][vc_row][vc_column][vc_empty_space][\/vc_column][\/vc_row][vc_row type=&#8221;boxed&#8221;][vc_column][vc_cta h2=&#8221;&#8221; css=&#8221;.vc_custom_1588923665989{background-color: #dd3333 !important;}&#8221;]<\/p>\n<h4 style=\"text-align: center\"><span style=\"color: #ffffff\">\u00bfInteresado en\u00a0 tecnolog\u00eda del calzado? Recibe una cotizaci\u00f3n en 24 horas.<\/span><\/h4>\n<p>[\/vc_cta][\/vc_column][\/vc_row][vc_row type=&#8221;boxed&#8221;][vc_column][vc_column_text]<iframe loading=\"lazy\" height=\"800px\" width=\"100%\" frameborder=\"0\" allow=\"geolocation;microphone;camera\" src=\"https:\/\/forms.zohopublic.com\/virtualoffice9264\/form\/MXWebForm\/formperma\/t2g4AJSxH5dX5eLImIHPs6T1GSbbcmWdJblk7_0ZVFw\"> <\/iframe>[\/vc_column_text][\/vc_column][\/vc_row][vc_row][vc_column][vc_empty_space][\/vc_column][\/vc_row][vc_row type=&#8221;boxed&#8221;][vc_column][vc_cta h2=&#8221;&#8221; css=&#8221;.vc_custom_1588876768733{background-color: #000000 !important;}&#8221;]<\/p>\n<h3 style=\"text-align: center\"><span style=\"color: #ffffff\">CASCOS<\/span><\/h3>\n<p>[\/vc_cta][\/vc_column][\/vc_row][vc_row][vc_column][vc_empty_space][\/vc_column][\/vc_row][vc_row type=&#8221;boxed&#8221;][vc_column width=&#8221;1\/4&#8243;][vc_single_image image=&#8221;6362&#8243;][\/vc_column][vc_column width=&#8221;3\/4&#8243;][vc_column_text]<strong>C\u00d3MPOSIT \/ POLIAMIDA<\/strong><\/p>\n<p>Casco de c\u00f3mposit, 100% libre de metal. Casco diel\u00e9ctrico, reduciendo la conducci\u00f3n de electricidad. Gran resistencia al impacto, no se astilla ni fractura en caso de que el casco fuera sometido a un impacto o compresi\u00f3n.<\/p>\n<p>Normas de cumplimiento<strong>: <\/strong>ASTM F 2413 \u2013 11, EN 12568, ISO 20344:2004, NOM\u2013113\u2013STPS\u20132009[\/vc_column_text][\/vc_column][\/vc_row][vc_row type=&#8221;boxed&#8221;][vc_column][vc_cta h2=&#8221;&#8221; css=&#8221;.vc_custom_1588876930945{background-color: #000000 !important;}&#8221;]<\/p>\n<h3 style=\"text-align: center\"><span style=\"color: #ffffff\">SUELAS<\/span><\/h3>\n<p>[\/vc_cta][\/vc_column][\/vc_row][vc_row][vc_column][vc_empty_space][\/vc_column][\/vc_row][vc_row type=&#8221;boxed&#8221;][vc_column width=&#8221;1\/4&#8243;][vc_single_image image=&#8221;6364&#8243;][\/vc_column][vc_column width=&#8221;3\/4&#8243;][vc_column_text]Suela 100% de hule especial para uso rudo, buena resistencia a la compresi\u00f3n y resistente a la absorci\u00f3n de agua. Estable en temperaturas de hasta 130\u00b0C. Excelente resistencia a la abrasi\u00f3n y al desgarre, es decir, no se rompe. Ideal para pisos de lodo, grava, arena, pavimentos, asfaltos, piedra monta\u00f1osa, \u00e1reas de mantenimiento, bodegas, etc.[\/vc_column_text][\/vc_column][\/vc_row][vc_row type=&#8221;boxed&#8221;][vc_column width=&#8221;1\/4&#8243;][vc_single_image image=&#8221;6365&#8243;][\/vc_column][vc_column width=&#8221;3\/4&#8243;][vc_column_text]Suela 100% de hule con formulaci\u00f3n de nitrilo y material elastom\u00e9rico. Formulada para resistir y no desintegrarse ante el contacto con aceites, hidrocarburos, gasolina y di\u00e9sel. Excelente resistencia al resbalamiento en condiciones de trabajo h\u00famedas. Alta resistencia al calor y corrosi\u00f3n. Estable en temperaturas de hasta 130\u00b0C. Ideal para trabajos con presencia de l\u00edquidos \u00e1cidos, carreteras de asfalto, talleres mec\u00e1nicos e industria mar\u00edtima.[\/vc_column_text][\/vc_column][\/vc_row][vc_row type=&#8221;boxed&#8221;][vc_column width=&#8221;1\/4&#8243;][vc_single_image image=&#8221;6366&#8243;][\/vc_column][vc_column width=&#8221;3\/4&#8243;][vc_column_text]Suela 100% de hule especial para uso rudo, buena resistencia a la compresi\u00f3n y resistente a la absorci\u00f3n de agua. Estable en temperaturas de hasta 130\u00b0C. Excelente resistencia a la abrasi\u00f3n y al desgarre, es decir, no se rompe. Ideal para pisos lisos, garitas de seguridad, \u00e1reas de mantenimiento, bodegas, lodo, piedra monta\u00f1osa, etc.[\/vc_column_text][\/vc_column][\/vc_row][vc_row type=&#8221;boxed&#8221;][vc_column width=&#8221;1\/4&#8243;][vc_single_image image=&#8221;6367&#8243;][\/vc_column][vc_column width=&#8221;3\/4&#8243;][vc_column_text]Suela 100% de hule natural color caf\u00e9, con formulaci\u00f3n especial para soportar descargas el\u00e9ctricas de alta tensi\u00f3n hasta 14,000 volteos. Aprobada bajo la norma ASTM-F-2413-05, con una fuga de corriente no mayor a 1 mili-ampere durante 60 segundos. Estable en temperaturas de hasta 130\u00b0C, excelente resistencia a la abrasi\u00f3n y al desgarre, no se rompe.[\/vc_column_text][\/vc_column][\/vc_row][vc_row type=&#8221;boxed&#8221;][vc_column width=&#8221;1\/4&#8243;][vc_single_image image=&#8221;6368&#8243;][\/vc_column][vc_column width=&#8221;3\/4&#8243;][vc_column_text]Suela 100% de hule natural con formulaci\u00f3n de nitrilo. Resistente al contacto con aceites, aditivos, lubricantes, hidrocarburos y gasolina. Alta resistencia al calor y corrosi\u00f3n. Excelente resistencia a la abrasi\u00f3n y al desgarre, la suela no se rompe. Estable en temperaturas de hasta 200\u00b0C. Ideal para trabajos en carreteras con asfalto, talleres mec\u00e1nicos, piedras, grava, industria mar\u00edtima, etc.[\/vc_column_text][\/vc_column][\/vc_row][vc_row type=&#8221;boxed&#8221;][vc_column width=&#8221;1\/4&#8243;][vc_single_image image=&#8221;6369&#8243;][\/vc_column][vc_column width=&#8221;3\/4&#8243;][vc_column_text]Suela 100% de <a href=\"https:\/\/ozapato.com\/mx\/?s=hule&amp;post_type=product\">hule<\/a> con formulaci\u00f3n de nitrilo y material elastom\u00e9rico. Formulada para resistir y no desintegrarse ante el contacto con aceites, hidrocarburos, gasolina, material corrosivo y diesel. Excelente resistencia al resbalamiento en condiciones de trabajo h\u00famedas, pisos contaminados con grasas, sustancias jabonosas o muy resbalosos. Alta resistencia al calor y corrosi\u00f3n. Estable en temperaturas de hasta 130\u00b0C. Ideal para trabajos en carreteras, asfalto, centros de maquinado, talleres mec\u00e1nicos e industria mar\u00edtima.[\/vc_column_text][\/vc_column][\/vc_row][vc_row][vc_column width=&#8221;1\/4&#8243;][vc_single_image image=&#8221;6370&#8243;][\/vc_column][vc_column width=&#8221;3\/4&#8243;][vc_column_text]Suela 100% de hule con formulaci\u00f3n de nitrilo y material elastom\u00e9rico. Formulada para resistir y no desintegrarse ante el contacto con aceites, hidrocarburos, gasolina, material corrosivo y diesel. Excelente resistencia al resbalamiento en condiciones de trabajo h\u00famedas, pisos contaminados con grasas, sustancias jabonosas o muy resbalosos. Alta resistencia al calor y corrosi\u00f3n. Estable en temperaturas de hasta 130\u00b0C. Ideal para trabajos en carreteras, asfalto, centros de maquinado, talleres mec\u00e1nicos e industria mar\u00edtima.[\/vc_column_text][\/vc_column][\/vc_row][vc_row type=&#8221;boxed&#8221;][vc_column width=&#8221;1\/4&#8243;][vc_single_image image=&#8221;6371&#8243;][\/vc_column][vc_column width=&#8221;3\/4&#8243;][vc_column_text]Suela 100% de hule, con muy buenas propiedades antiderrapantes. Ligera y confortable, reduce el peso del calzado hasta un 15%; Resistente a la absorci\u00f3n y buena resistencia a aceites e hidrocarburos. Ideal para garitas de seguridad, almacenes, supermercados, cementos pulidos, hospitales, estacionamientos, etc.[\/vc_column_text][\/vc_column][\/vc_row][vc_row type=&#8221;boxed&#8221;][vc_column width=&#8221;1\/4&#8243;][vc_single_image image=&#8221;6372&#8243;][\/vc_column][vc_column width=&#8221;3\/4&#8243;][vc_column_text]Suela exclusiva OZAPATO Slip and Oil Resistant, especialmente fabricadas para su confort y firmeza para convatir los posibles impactos que pueda sufrir. Posee propiedades antideslizantes, a la vez que flexibilidad. Ligera y confortable, reduce el peso del calzado hasta un 15%; Resistente a la absorci\u00f3n y buena resistencia a aceites e hidrocarburos. Ideal para garitas de seguridad, almacenes, supermercados, cementos pulidos, hospitales, estacionamientos, etc.[\/vc_column_text][\/vc_column][\/vc_row][vc_row][vc_column][vc_empty_space][\/vc_column][\/vc_row][vc_row][vc_column][vc_cta h2=&#8221;&#8221; css=&#8221;.vc_custom_1588877057306{background-color: #000000 !important;}&#8221;]<\/p>\n<h3 style=\"text-align: center\"><span style=\"color: #ffffff\">PLANTILLAS<\/span><\/h3>\n<p>[\/vc_cta][\/vc_column][\/vc_row][vc_row][vc_column][vc_empty_space][\/vc_column][\/vc_row][vc_row type=&#8221;boxed&#8221;][vc_column width=&#8221;1\/4&#8243;][vc_single_image image=&#8221;6373&#8243;][\/vc_column][vc_column width=&#8221;3\/4&#8243;][vc_column_text]Plantilla antiperforaci\u00f3n textil integrada en el calzado, 100% libre de metal y no removible. Protecci\u00f3n total al usuario contra objetos punzo-cortantes como clavos, varillas, alambres, pedazos met\u00e1licos, etc. Elaborado con los mismos materiales utilizados en la fabricaci\u00f3n de chalecos antibalas, permite que el calzado mantenga sus propiedades de transpiraci\u00f3n, es ligero, y adem\u00e1s diel\u00e9ctrico.[\/vc_column_text][\/vc_column][\/vc_row][vc_row type=&#8221;boxed&#8221;][vc_column width=&#8221;1\/4&#8243;][vc_single_image image=&#8221;6374&#8243;][\/vc_column][vc_column width=&#8221;3\/4&#8243;][vc_column_text]Plantilla de poliuretano dise\u00f1ada con tecnolog\u00eda antifatiga. Absorbe el impacto en puntos espec\u00edficos del pie, c\u00f3moda durante toda la jornada de trabajo. Su v\u00e1lvula en el tal\u00f3n, reenv\u00eda la energ\u00eda al impacto para evitar la fatiga. La plantilla de poliuretano es textil, antimicrobiana, y puede ser lavada. Ideal para mejorar la postura y soporte al pie.[\/vc_column_text][\/vc_column][\/vc_row][vc_row type=&#8221;boxed&#8221;][vc_column width=&#8221;1\/4&#8243;][vc_single_image image=&#8221;6375&#8243;][\/vc_column][vc_column width=&#8221;3\/4&#8243;][vc_column_text]Plantilla textil que inhibe la proliferaci\u00f3n de hongos y bacterias. Plantillas lavables. Plantillas con alta resistencia a la abrasi\u00f3n y desgarre, no se rompen ni deforman.[\/vc_column_text][\/vc_column][\/vc_row][vc_row type=&#8221;boxed&#8221;][vc_column width=&#8221;1\/4&#8243;][vc_single_image image=&#8221;6376&#8243;][\/vc_column][vc_column width=&#8221;3\/4&#8243;][vc_column_text]Plantilla t\u00e9rmica, su forro est\u00e1 elaborado a base de poli\u00e9ster y nylon tratado con sustancias que inhiben la proliferaci\u00f3n de hongos y bacterias. Brinda un ambiente fresco en el interior del calzado cuando las temperaturas son elevadas. Ideal para cuarto fr\u00edo en donde el trabajo requiere estar expuesto a bajas temperaturas.[\/vc_column_text][\/vc_column][\/vc_row][vc_row type=&#8221;boxed&#8221;][vc_column width=&#8221;1\/4&#8243;][vc_single_image image=&#8221;6377&#8243;][\/vc_column][vc_column width=&#8221;3\/4&#8243;][vc_column_text]<span lang=\"ES\">Plantilla de Celfil fabricada en material espumado de la m\u00e1s alta calidad. Impide la deformaci\u00f3n a pesar de la compresi\u00f3n que puedan sufrir por el peso del usuario. Ideal para calzados que no son fabricados con plantilla antiperforaci\u00f3n textil. Plantilla t<\/span><span lang=\"ES\"><span lang=\"ES\">ratada<\/span><\/span><span lang=\"ES\"><span lang=\"ES\"> con sustancias que inhiben la proliferaci\u00f3n de hongos y bacterias.<\/span><\/span><\/p>\n<p>[\/vc_column_text][\/vc_column][\/vc_row][vc_row][vc_column][vc_empty_space][\/vc_column][\/vc_row][vc_row type=&#8221;boxed&#8221;][vc_column][vc_cta h2=&#8221;&#8221; css=&#8221;.vc_custom_1588877138244{background-color: #000000 !important;}&#8221;]<\/p>\n<h3 style=\"text-align: center\"><strong><span style=\"color: #ffffff\">TIPOS DE PROTECCI\u00d3N<\/span><\/strong><\/h3>\n<p>[\/vc_cta][\/vc_column][\/vc_row][vc_row type=&#8221;boxed&#8221;][vc_column width=&#8221;1\/4&#8243;][vc_single_image image=&#8221;5959&#8243;][\/vc_column][vc_column width=&#8221;3\/4&#8243;][vc_column_text]Destinado a proteger los dedos de los pies, donde existen riesgos de impacto y compresi\u00f3n en la punta del pie. Horma EEE, casco ancho y alto para mejor movimiento de los dedos.<\/p>\n<p>Puntera de acero y c\u00f3mposit \/ poliamida<strong>: <\/strong>ASTM F 2413 \u2013 11, EN 12568, ISO 20344:2004, NOM\u2013113\u2013STPS\u20132009<\/p>\n<div class=\"row normal_height vc_row wpb_row vc_row-fluid\"><\/div>\n<p>[\/vc_column_text][\/vc_column][\/vc_row][vc_row type=&#8221;boxed&#8221;][vc_column width=&#8221;1\/4&#8243;][vc_single_image image=&#8221;5960&#8243;][\/vc_column][vc_column width=&#8221;3\/4&#8243;][vc_column_text]Plantilla antiperforaci\u00f3n textil integrada en el calzado, 100% libre de metal y no removible. Protecci\u00f3n total al usuario contra objetos punzo-cortantes, como clavos, varillas, alambres, pedazos met\u00e1licos, etc.[\/vc_column_text][\/vc_column][\/vc_row][vc_row type=&#8221;boxed&#8221;][vc_column width=&#8221;1\/4&#8243;][vc_single_image image=&#8221;5961&#8243;][\/vc_column][vc_column width=&#8221;3\/4&#8243;][vc_column_text]Suela 100 % de hule, estable en temperaturas de hasta 130\u00b0C. Ideal para trabajos en carreteras, asfalto, centros de maquinado o talleres mec\u00e1nicos.[\/vc_column_text][\/vc_column][\/vc_row][vc_row type=&#8221;boxed&#8221;][vc_column width=&#8221;1\/4&#8243;][vc_single_image image=&#8221;5962&#8243;][\/vc_column][vc_column width=&#8221;3\/4&#8243;][vc_column_text]Suela 100% de hule con formulaci\u00f3n de nitrilo y material elastom\u00e9rico. Formulada para resistir y no desintegrarse ante el contacto con aceites, hidrocarburos, gasolina, material corrosivo y di\u00e9sel.[\/vc_column_text][\/vc_column][\/vc_row][vc_row type=&#8221;boxed&#8221;][vc_column width=&#8221;1\/4&#8243;][vc_single_image image=&#8221;5963&#8243;][\/vc_column][vc_column width=&#8221;3\/4&#8243;][vc_column_text]Membrana de cuero superficial repelente a l\u00edquidos, cuero totalmente hidrofugado asegurando que el pie del usuario se mantendr\u00e1 en un ambiente seco por un tiempo prolongado.[\/vc_column_text][\/vc_column][\/vc_row][vc_row type=&#8221;boxed&#8221;][vc_column width=&#8221;1\/4&#8243;][vc_single_image image=&#8221;5964&#8243;][\/vc_column][vc_column width=&#8221;3\/4&#8243;][vc_column_text]Forro acolchado textil de algod\u00f3n y nylon, tratado con sustancias que inhiben la proliferaci\u00f3n de hongos y bacterias.[\/vc_column_text][\/vc_column][\/vc_row][vc_row type=&#8221;boxed&#8221;][vc_column width=&#8221;1\/4&#8243;][vc_single_image image=&#8221;5965&#8243;][\/vc_column][vc_column width=&#8221;3\/4&#8243;][vc_column_text]Bota cosida en 360\u00b0 en construcci\u00f3n Goodyear Welt, ofrece una impermeabilidad total hasta la leng\u00fceta.[\/vc_column_text][\/vc_column][\/vc_row][vc_row][vc_column width=&#8221;1\/4&#8243;][\/vc_column][vc_column width=&#8221;3\/4&#8243;][vc_column_text]Calzado aislante, protege al usuario de sufrir descargas el\u00e9ctricas por medio de los pies. Aprobados en laboratorio y por la norma ASTM F 2413 \u2013 11, soporta una descarga de hasta 18000 Volts.[\/vc_column_text][\/vc_column][\/vc_row][vc_row][vc_column][vc_empty_space][\/vc_column][\/vc_row][vc_row][vc_column][vc_column_text]\t\t<div id=\"sbi_mod_error\" >\n\t\t\t<span>This error message is only visible to WordPress admins<\/span><br\/>\n\t\t\t<p><strong>Error: No feed found.<\/strong>\n\t\t\t<p>Please go to the Instagram Feed settings page to create a feed.<\/p>\n\t\t<\/div>\n\t\t[\/vc_column_text][\/vc_column][\/vc_row]<\/p>\n","protected":false},"excerpt":{"rendered":"<p>[vc_row video_bg=&#8221;yes&#8221; video_bg_url=&#8221;https:\/\/www.youtube.com\/watch?v=__oq67bsM8A&#8221;][vc_column][vc_column_text css=&#8221;.vc_custom_1588877869944{padding-top: 32px !important;}&#8221;] TECNOLOG\u00cdA [\/vc_column_text][\/vc_column][\/vc_row][vc_row][vc_column][vc_empty_space][\/vc_column][\/vc_row][vc_row height=&#8221;150px&#8221; type=&#8221;boxed&#8221;][vc_column width=&#8221;1\/2&#8243;][\/vc_column][vc_column width=&#8221;1\/2&#8243;][\/vc_column][\/vc_row][vc_row][vc_column][vc_empty_space][\/vc_column][\/vc_row][vc_row type=&#8221;boxed&#8221;][vc_column][vc_cta h2=&#8221;&#8221; css=&#8221;.vc_custom_1588923665989{background-color: #dd3333 !important;}&#8221;] \u00bfInteresado en\u00a0 tecnolog\u00eda del calzado? Recibe una cotizaci\u00f3n en 24 horas. [\/vc_cta][\/vc_column][\/vc_row][vc_row type=&#8221;boxed&#8221;][vc_column][vc_column_text][\/vc_column_text][\/vc_column][\/vc_row][vc_row][vc_column][vc_empty_space][\/vc_column][\/vc_row][vc_row type=&#8221;boxed&#8221;][vc_column][vc_cta h2=&#8221;&#8221; css=&#8221;.vc_custom_1588876768733{background-color: #000000 !important;}&#8221;] CASCOS [\/vc_cta][\/vc_column][\/vc_row][vc_row][vc_column][vc_empty_space][\/vc_column][\/vc_row][vc_row type=&#8221;boxed&#8221;][vc_column width=&#8221;1\/4&#8243;][vc_single_image image=&#8221;6362&#8243;][\/vc_column][vc_column width=&#8221;3\/4&#8243;][vc_column_text]C\u00d3MPOSIT \/ POLIAMIDA Casco de c\u00f3mposit, 100% libre de metal. Casco diel\u00e9ctrico, reduciendo la conducci\u00f3n [&hellip;]<\/p>\n","protected":false},"author":9,"featured_media":0,"parent":0,"menu_order":0,"comment_status":"closed","ping_status":"closed","template":"","meta":{"footnotes":""},"class_list":["post-6361","page","type-page","status-publish","hentry"],"_links":{"self":[{"href":"https:\/\/ozapato.com\/mx\/wp-json\/wp\/v2\/pages\/6361","targetHints":{"allow":["GET"]}}],"collection":[{"href":"https:\/\/ozapato.com\/mx\/wp-json\/wp\/v2\/pages"}],"about":[{"href":"https:\/\/ozapato.com\/mx\/wp-json\/wp\/v2\/types\/page"}],"author":[{"embeddable":true,"href":"https:\/\/ozapato.com\/mx\/wp-json\/wp\/v2\/users\/9"}],"replies":[{"embeddable":true,"href":"https:\/\/ozapato.com\/mx\/wp-json\/wp\/v2\/comments?post=6361"}],"version-history":[{"count":17,"href":"https:\/\/ozapato.com\/mx\/wp-json\/wp\/v2\/pages\/6361\/revisions"}],"predecessor-version":[{"id":11810,"href":"https:\/\/ozapato.com\/mx\/wp-json\/wp\/v2\/pages\/6361\/revisions\/11810"}],"wp:attachment":[{"href":"https:\/\/ozapato.com\/mx\/wp-json\/wp\/v2\/media?parent=6361"}],"curies":[{"name":"wp","href":"https:\/\/api.w.org\/{rel}","templated":true}]}}