{"id":6385,"date":"2017-03-23T14:45:25","date_gmt":"2017-03-23T14:45:25","guid":{"rendered":"https:\/\/ozapato.com\/mx\/?page_id=6385"},"modified":"2020-05-13T00:25:25","modified_gmt":"2020-05-13T06:25:25","slug":"calzado-de-seguridad-industrial-con-puntera","status":"publish","type":"page","link":"https:\/\/ozapato.com\/mx\/calzado-de-seguridad-industrial-con-puntera\/","title":{"rendered":"Calzado de seguridad industrial con puntera"},"content":{"rendered":"<p>[vc_row video_bg=&#8221;yes&#8221; video_bg_url=&#8221; https:\/\/www.youtube.com\/watch?v=__oq67bsM8A&#8221;][vc_column][vc_column_text css=&#8221;.vc_custom_1588925577177{padding-top: 32px !important;}&#8221;]<\/p>\n<h4 style=\"text-align: center\"><span style=\"color: #ffffff\">BOTAS CON PUNTERAS<\/span><\/h4>\n<p>[\/vc_column_text][\/vc_column][\/vc_row][vc_row][vc_column][vc_empty_space][\/vc_column][\/vc_row][vc_row][vc_column width=&#8221;1\/6&#8243;][\/vc_column][vc_column width=&#8221;2\/3&#8243;]<div class=\"woocommerce columns-4 \"><\/div>[\/vc_column][vc_column width=&#8221;1\/6&#8243;][\/vc_column][\/vc_row][vc_row][vc_column][vc_empty_space][\/vc_column][\/vc_row][vc_row type=&#8221;boxed&#8221;][vc_column width=&#8221;1\/6&#8243;][\/vc_column][vc_column width=&#8221;2\/3&#8243;][vc_column_text]<\/p>\n<h3 style=\"text-align: center\">BOTAS DE SEGURIDAD<\/h3>\n<p>&nbsp;<\/p>\n<h4 style=\"text-align: center\">BOTAS CON PUNTERAS DE METAL<\/h4>\n<p style=\"text-align: justify\">Las <strong>botas con punteras, <\/strong>son\u00a0un <a href=\"https:\/\/ozapato.com\/mx\/\">calzado<\/a> que fue construido especialmente para un uso pesado. En este calzado, se integra una <strong>puntera met\u00e1lica<\/strong> o de <a href=\"https:\/\/es.wikipedia.org\/wiki\/Poliamida\" target=\"_blank\" rel=\"noopener\"><strong>poliamida<\/strong><\/a> que le permite tener su pie protegido durante su d\u00eda de trabajo. Adem\u00e1s previene lesiones por la ca\u00edda de objetos pesados.<\/p>\n<p>[\/vc_column_text][\/vc_column][vc_column width=&#8221;1\/6&#8243;][\/vc_column][\/vc_row][vc_row][vc_column][vc_empty_space][\/vc_column][\/vc_row][vc_row type=&#8221;boxed&#8221;][vc_column width=&#8221;1\/6&#8243;][\/vc_column][vc_column width=&#8221;2\/3&#8243;][vc_column_text]<\/p>\n<h4 style=\"text-align: center\">BOTAS CON PUNTERAS DE POLIAMIDA<\/h4>\n<p style=\"text-align: justify\">Todas nuestros <strong>calzados de seguridad<\/strong> son fabricadas con materiales de <strong>alta calidad<\/strong>. Tenga la confianza que sus pies estar\u00e1n protegidos en cada momento. Estamos tan seguros de la calidad de nuestros modelos de botas con <strong>punteras de poliamidad<\/strong>, que ofrecemos una <strong>garant\u00eda de 6 meses<\/strong> para las botas de seguridad m\u00e1s premium. Adem\u00e1s ofrecemos un servicio de <strong>entrega en 24 horas.<\/strong><\/p>\n<p>[\/vc_column_text][\/vc_column][vc_column width=&#8221;1\/6&#8243;][\/vc_column][\/vc_row][vc_row type=&#8221;boxed&#8221;][vc_column width=&#8221;1\/6&#8243;][\/vc_column][vc_column width=&#8221;2\/3&#8243;][vc_column_text]<span style=\"color: #000000\">Todas estas botas son dise\u00f1adas y fabricadas en <strong>M\u00e9xico<\/strong>. Si esta buscando unos <a style=\"color: #000000\" href=\"http:\/\/www.ozapato.com\">zapatos de seguridad<\/a> con puntera y un dise\u00f1o especifico, no dude en contactarnos directamente en<strong> mexico@ozapato.com<\/strong><\/span>[\/vc_column_text][\/vc_column][vc_column width=&#8221;1\/6&#8243;][\/vc_column][\/vc_row][vc_row type=&#8221;boxed&#8221;][vc_column][vc_media_grid element_width=&#8221;6&#8243; grid_id=&#8221;vc_gid:1589350856814-c3038dba-72b4-5&#8243; include=&#8221;11978,11660&#8243;][\/vc_column][\/vc_row][vc_row][vc_column][vc_empty_space][\/vc_column][\/vc_row][vc_row][vc_column][vc_empty_space][\/vc_column][\/vc_row][vc_row type=&#8221;boxed&#8221;][vc_column][vc_cta h2=&#8221;&#8221; css=&#8221;.vc_custom_1588925313800{background-color: #dd3333 !important;}&#8221;]<\/p>\n<h4 class=\"western\" style=\"text-align: center\"><span style=\"color: #ffffff\">\u00bfInteresado en botas con punteras? Recibe una cotizaci\u00f3n en 24 horas m\u00e1ximo.<\/span><\/h4>\n<p>[\/vc_cta][\/vc_column][\/vc_row][vc_row type=&#8221;boxed&#8221;][vc_column][vc_column_text]<span style=\"color: #000000\"><iframe loading=\"lazy\" height=\"850px\" width=\"100%\" frameborder=\"0\" allow=\"geolocation;microphone;camera\" src=\"https:\/\/forms.zohopublic.com\/virtualoffice9264\/form\/PAWebForm\/formperma\/wwIB1tqf92Cpoyszs5ObfP_teEnMSiT7XWku5Tz5DOg\"> <\/iframe><\/span>[\/vc_column_text][\/vc_column][\/vc_row][vc_row][vc_column][vc_empty_space][\/vc_column][\/vc_row][vc_row type=&#8221;boxed&#8221;][vc_column width=&#8221;1\/4&#8243;][\/vc_column][vc_column width=&#8221;1\/2&#8243;][vc_column_text]<\/p>\n<h4 style=\"text-align: center\"><span style=\"color: #000000\"><strong>\u00bfQU\u00c9 HACEMOS?<\/strong><\/span><\/h4>\n<p style=\"text-align: justify\"><span style=\"color: #000000\"><strong>OZAPATO<\/strong> es una marca de <strong>botas de seguridad<\/strong> industrial con puntera ubicada en Panam\u00e1. Hemos aprendido a lo largo de los a\u00f1os, c\u00f3mo fabricar productos de alta calidad de manera responsable. Producimos y distribuimos nuestros productos en Norteam\u00e9rica y Centroam\u00e9rica. En M\u00e9xico, contamos con una l\u00ednea de botas y zapatillas de cuero y una l\u00ednea de botas de seguridad industrial con puntera.<\/span><\/p>\n<h4 style=\"text-align: center\"><span style=\"color: #000000\"><strong>\u00bfPOR QU\u00c9 LO HACEMOS?<\/strong><\/span><\/h4>\n<p style=\"text-align: justify\"><span style=\"color: #000000\">OZAPATO naci\u00f3 con la idea de servir la comunidad local. La producci\u00f3n de nuestras botas de seguridad industrial es un proceso transparente que sustenta el balance socio econ\u00f3mico de la comunidad a la que pertenece.<\/span><\/p>\n<p style=\"text-align: justify\"><span style=\"color: #000000\">El valor m\u00e1s importante de OZAPATO es la entrega directa hasta el cliente. Cortamos todos los intermediarios que no a\u00f1aden valor a nuestros consumidores. Cada etapa de la fabricaci\u00f3n de botas de seguridad industrial debe beneficiar a la gente que fabrica el calzado.<\/span><\/p>\n<p style=\"text-align: justify\"><span style=\"color: #000000\">Nuestro equipo ama desarrollar botas de seguridad en un ambiente social y econ\u00f3mico justo. Queremos que nuestros clientes conf\u00eden en que no s\u00f3lo compran botas bien hechas y de buena calidad, sino que tambi\u00e9n cada persona incluida en la cadena de suministro reciba un trato justo al momento de realizar su trabajo.<\/span><\/p>\n<p>[\/vc_column_text][\/vc_column][vc_column width=&#8221;1\/4&#8243;][\/vc_column][\/vc_row][vc_row][vc_column][vc_empty_space][\/vc_column][\/vc_row][vc_row][vc_column][vc_column_text]\t\t<div id=\"sbi_mod_error\" >\n\t\t\t<span>This error message is only visible to WordPress admins<\/span><br\/>\n\t\t\t<p><strong>Error: No feed found.<\/strong>\n\t\t\t<p>Please go to the Instagram Feed settings page to create a feed.<\/p>\n\t\t<\/div>\n\t\t[\/vc_column_text][\/vc_column][\/vc_row]<\/p>\n","protected":false},"excerpt":{"rendered":"<p>[vc_row video_bg=&#8221;yes&#8221; video_bg_url=&#8221; https:\/\/www.youtube.com\/watch?v=__oq67bsM8A&#8221;][vc_column][vc_column_text css=&#8221;.vc_custom_1588925577177{padding-top: 32px !important;}&#8221;] BOTAS CON PUNTERAS [\/vc_column_text][\/vc_column][\/vc_row][vc_row][vc_column][vc_empty_space][\/vc_column][\/vc_row][vc_row][vc_column width=&#8221;1\/6&#8243;][\/vc_column][vc_column width=&#8221;2\/3&#8243;][\/vc_column][vc_column width=&#8221;1\/6&#8243;][\/vc_column][\/vc_row][vc_row][vc_column][vc_empty_space][\/vc_column][\/vc_row][vc_row type=&#8221;boxed&#8221;][vc_column width=&#8221;1\/6&#8243;][\/vc_column][vc_column width=&#8221;2\/3&#8243;][vc_column_text] BOTAS DE SEGURIDAD &nbsp; BOTAS CON PUNTERAS DE METAL Las botas con punteras, son\u00a0un calzado que fue construido especialmente para un uso pesado. En este calzado, se integra una puntera met\u00e1lica o de poliamida que le permite tener [&hellip;]<\/p>\n","protected":false},"author":9,"featured_media":0,"parent":0,"menu_order":0,"comment_status":"closed","ping_status":"closed","template":"","meta":{"footnotes":""},"class_list":["post-6385","page","type-page","status-publish","hentry"],"_links":{"self":[{"href":"https:\/\/ozapato.com\/mx\/wp-json\/wp\/v2\/pages\/6385","targetHints":{"allow":["GET"]}}],"collection":[{"href":"https:\/\/ozapato.com\/mx\/wp-json\/wp\/v2\/pages"}],"about":[{"href":"https:\/\/ozapato.com\/mx\/wp-json\/wp\/v2\/types\/page"}],"author":[{"embeddable":true,"href":"https:\/\/ozapato.com\/mx\/wp-json\/wp\/v2\/users\/9"}],"replies":[{"embeddable":true,"href":"https:\/\/ozapato.com\/mx\/wp-json\/wp\/v2\/comments?post=6385"}],"version-history":[{"count":18,"href":"https:\/\/ozapato.com\/mx\/wp-json\/wp\/v2\/pages\/6385\/revisions"}],"predecessor-version":[{"id":11988,"href":"https:\/\/ozapato.com\/mx\/wp-json\/wp\/v2\/pages\/6385\/revisions\/11988"}],"wp:attachment":[{"href":"https:\/\/ozapato.com\/mx\/wp-json\/wp\/v2\/media?parent=6385"}],"curies":[{"name":"wp","href":"https:\/\/api.w.org\/{rel}","templated":true}]}}