{"id":6387,"date":"2017-03-23T14:59:24","date_gmt":"2017-03-23T14:59:24","guid":{"rendered":"https:\/\/ozapato.com\/mx\/?page_id=6387"},"modified":"2020-05-13T01:31:15","modified_gmt":"2020-05-13T07:31:15","slug":"calzado-industrial-en-mexico","status":"publish","type":"page","link":"https:\/\/ozapato.com\/mx\/calzado-industrial-en-mexico\/","title":{"rendered":"Calzado Industrial en M\u00e9xico"},"content":{"rendered":"<p>[vc_row video_bg=&#8221;yes&#8221; video_bg_url=&#8221; https:\/\/www.youtube.com\/watch?v=__oq67bsM8A&#8221; css=&#8221;.vc_custom_1588927161720{padding-top: 32px !important;}&#8221;][vc_column][vc_column_text]<\/p>\n<h3 style=\"text-align: center\"><span style=\"color: #ffffff\"><strong>CALZADO INDUSTRIAL<\/strong><\/span><\/h3>\n<p>[\/vc_column_text][\/vc_column][\/vc_row][vc_row][vc_column][vc_empty_space][\/vc_column][\/vc_row][vc_row type=&#8221;boxed&#8221;][vc_column]<div class=\"woocommerce columns-3 \"><\/div>[\/vc_column][\/vc_row][vc_row type=&#8221;boxed&#8221;][vc_column width=&#8221;1\/4&#8243;][\/vc_column][vc_column width=&#8221;1\/2&#8243;][vc_column_text]<\/p>\n<h3><span style=\"color: #000000\">\u00bfC\u00f3mo identificar unas buen Calzado\u00a0 industrial en M\u00e9xico?<\/span><\/h3>\n<p><span style=\"color: #000000\">Por lo general lo primero que llega a despegarse son las suelas de elastomero. Hay <strong>3 puntos<\/strong> que se deben de verificar antes de realizar su compra:<\/span><\/p>\n<h4><span style=\"color: #000000\"><strong>1\/ Suela:<\/strong><\/span><\/h4>\n<p><span style=\"color: #000000\"><a style=\"color: #000000\" href=\"https:\/\/emojipedia.org\/hiking-boot\/\" target=\"_blank\" rel=\"noopener\"><span class=\"emoji\">\ud83e\udd7e <\/span><\/a>\u00a0La<a href=\"https:\/\/es.wikipedia.org\/wiki\/Suela\" target=\"_blank\" rel=\"noopener\"> <strong>suela<\/strong><\/a> es la parte que conecta con la tierra, por lo que es de suma importancia que est\u00e9 hecha de un <strong>material resistente<\/strong> pero a la vez, c\u00f3modo. Existen varios tipos de suela, las hay de poliuretano, hule, cuero, Eva, bamb\u00fa, nylon, madera.. Dependiendo del uso que se le vaya a dar al <strong>calzado<\/strong>, o del clima en el que \u00e9sta se vaya a utilizar, es aconsejable escoger un tipo de suela u otra. Por ejemplo en construcci\u00f3n y climas h\u00famedos el poliuretano no sirve, ya que la humedad hace que las filtraciones en el material no se sequen y las suelas acaben pudri\u00e9ndose.<\/span><\/p>\n<p><span style=\"color: #000000\">Recomendamos mucho el uso de las <a href=\"https:\/\/ozapato.com\/mx\/tecnologia\/\">suelas de hule<\/a>. Las mejores marcas de botas de seguridad como Timberland ocupan este material. Por eso creemos que es su mejor opci\u00f3n para poder proteger su pie del suelo.<\/span><\/p>\n<p><span style=\"color: #000000\"><img loading=\"lazy\" decoding=\"async\" class=\"aligncenter wp-image-698\" src=\"https:\/\/ozapato.com\/pa\/wp-content\/uploads\/sites\/2\/2015\/09\/DSC_4089-1024x683.jpg\" alt=\"suela de botas de seguridad\" width=\"600\" height=\"400\" \/><\/span><\/p>\n<h4><span style=\"color: #000000\"><strong>2\/ Piel:<\/strong><\/span><\/h4>\n<p><span style=\"color: #000000\">El material principal de la <a href=\"http:\/\/www.ozapato.com\">botas de seguridad<\/a> es la <strong>piel<\/strong>. Puede ser sint\u00e9tica (<strong>cuerina y derivados<\/strong>) o <a href=\"https:\/\/es.wikipedia.org\/wiki\/Cuero\" target=\"_blank\" rel=\"noopener\"><strong>cuero<\/strong><\/a>. Los factores importantes a tener en cuenta en este caso, son la <strong>impermeabilidad, la durabilidad y la transpirabilidad<\/strong>. Por ejemplo una bota de cuerina en un clima h\u00famedo no funcionar\u00e1 tan bien como una de cuero, puesto que la cuerina al ser gran parte pl\u00e1stica, no permite que la piel transpire.<\/span><\/p>\n<p><span style=\"color: #000000\">Recomendamos el uso de una <strong>piel natural de vacuno<\/strong>. A medio y largo plazo es su mejor inversi\u00f3n. Le dar\u00e1 m\u00e1s resistencia y m\u00e1s suavidad que cualquier otro tipo de sint\u00e9tico de \u201c<strong>action leather<\/strong>\u201d (no es leather \/ cuero). Adem\u00e1s, el cuero es un repelente natural al agua. Si est\u00e1 buscando un producto que le aguante cualquier tipo de clima, esta es su mejor opci\u00f3n.<\/span><\/p>\n<p><span style=\"color: #000000\"><img loading=\"lazy\" decoding=\"async\" class=\"aligncenter wp-image-896\" src=\"https:\/\/ozapato.com\/pa\/wp-content\/uploads\/sites\/2\/2015\/07\/DSC_4278-2-300x200.jpg\" alt=\"cuero para botas de seguridad\" width=\"600\" height=\"400\" \/><\/span><\/p>\n<h4><span style=\"color: #000000\"><strong>3\/ Construcci\u00f3n<\/strong><\/span><\/h4>\n<p><span style=\"color: #000000\">Existen distintos tipos de construcci\u00f3n a la hora de fabricar botas industriales para M\u00e9xico: Vulcanizado, <strong>GoodYear Welt<\/strong>, Supersole, <strong>lockstitch<\/strong>\u2026 Resumiendo, hay dos grandes grupos: <strong>Botas de seguridad pegadas y <a href=\"https:\/\/ozapato.com\/mx\/zapatos-para-chef\/\">botas de seguridad cosidas.<\/a><\/strong><\/span><\/p>\n<p><span style=\"color: #000000\">Cada construcci\u00f3n tiene sus ventajas y desventajas. Por ejemplo el vulcanizado (pegado) es muy ligero pero depende mucho de la marca y de la calidad del pegamento. Muchas botas de marcas chinas llegan a despegarse muy r\u00e1pidamente con el tiempo. En el caso del GoodYear Welt (cosido), es un poco m\u00e1s pesado pero mucho m\u00e1s duradero y da la opci\u00f3n de reemplazar la suela una vez que \u00e9sta se haya acabado.<\/span><\/p>\n<p><span style=\"color: #000000\">Para resumir, lo m\u00e1s importante es conseguir una <strong>bota con el mejor costo beneficio<\/strong> y tener mucho cuidado con algunas ofertas de botas muy econ\u00f3micas que al final deben remplazarse frecuentemente.<\/span>[\/vc_column_text][\/vc_column][vc_column width=&#8221;1\/4&#8243;][\/vc_column][\/vc_row][vc_row][vc_column][vc_empty_space][\/vc_column][\/vc_row][vc_row type=&#8221;boxed&#8221;][vc_column][vc_cta h2=&#8221;&#8221; css=&#8221;.vc_custom_1589355070708{background-color: #000000 !important;}&#8221;]<\/p>\n<p style=\"text-align: center\"><strong><span style=\"color: #ffffff\">\u00bfInteresado en Calzado de seguridad? Recibe cotizaci\u00f3n en 24 hs.<\/span><\/strong><\/p>\n<p>[\/vc_cta][\/vc_column][\/vc_row][vc_row type=&#8221;boxed&#8221;][vc_column][vc_column_text]<iframe loading=\"lazy\" height=\"800px\" width=\"100%\" frameborder=\"0\" allow=\"geolocation;microphone;camera\" src=\"https:\/\/forms.zohopublic.com\/virtualoffice9264\/form\/MXWebForm\/formperma\/t2g4AJSxH5dX5eLImIHPs6T1GSbbcmWdJblk7_0ZVFw\"> <\/iframe>[\/vc_column_text][\/vc_column][\/vc_row][vc_row][vc_column][vc_empty_space][\/vc_column][\/vc_row][vc_row][vc_column][vc_column_text]\t\t<div id=\"sbi_mod_error\" >\n\t\t\t<span>This error message is only visible to WordPress admins<\/span><br\/>\n\t\t\t<p><strong>Error: No feed found.<\/strong>\n\t\t\t<p>Please go to the Instagram Feed settings page to create a feed.<\/p>\n\t\t<\/div>\n\t\t[\/vc_column_text][\/vc_column][\/vc_row]<\/p>\n","protected":false},"excerpt":{"rendered":"<p>[vc_row video_bg=&#8221;yes&#8221; video_bg_url=&#8221; https:\/\/www.youtube.com\/watch?v=__oq67bsM8A&#8221; css=&#8221;.vc_custom_1588927161720{padding-top: 32px !important;}&#8221;][vc_column][vc_column_text] CALZADO INDUSTRIAL [\/vc_column_text][\/vc_column][\/vc_row][vc_row][vc_column][vc_empty_space][\/vc_column][\/vc_row][vc_row type=&#8221;boxed&#8221;][vc_column][\/vc_column][\/vc_row][vc_row type=&#8221;boxed&#8221;][vc_column width=&#8221;1\/4&#8243;][\/vc_column][vc_column width=&#8221;1\/2&#8243;][vc_column_text] \u00bfC\u00f3mo identificar unas buen Calzado\u00a0 industrial en M\u00e9xico? Por lo general lo primero que llega a despegarse son las suelas de elastomero. Hay 3 puntos que se deben de verificar antes de realizar su compra: 1\/ Suela: \ud83e\udd7e \u00a0La suela es [&hellip;]<\/p>\n","protected":false},"author":9,"featured_media":0,"parent":0,"menu_order":0,"comment_status":"closed","ping_status":"closed","template":"page-full-width.php","meta":{"footnotes":""},"class_list":["post-6387","page","type-page","status-publish","hentry"],"_links":{"self":[{"href":"https:\/\/ozapato.com\/mx\/wp-json\/wp\/v2\/pages\/6387","targetHints":{"allow":["GET"]}}],"collection":[{"href":"https:\/\/ozapato.com\/mx\/wp-json\/wp\/v2\/pages"}],"about":[{"href":"https:\/\/ozapato.com\/mx\/wp-json\/wp\/v2\/types\/page"}],"author":[{"embeddable":true,"href":"https:\/\/ozapato.com\/mx\/wp-json\/wp\/v2\/users\/9"}],"replies":[{"embeddable":true,"href":"https:\/\/ozapato.com\/mx\/wp-json\/wp\/v2\/comments?post=6387"}],"version-history":[{"count":11,"href":"https:\/\/ozapato.com\/mx\/wp-json\/wp\/v2\/pages\/6387\/revisions"}],"predecessor-version":[{"id":11991,"href":"https:\/\/ozapato.com\/mx\/wp-json\/wp\/v2\/pages\/6387\/revisions\/11991"}],"wp:attachment":[{"href":"https:\/\/ozapato.com\/mx\/wp-json\/wp\/v2\/media?parent=6387"}],"curies":[{"name":"wp","href":"https:\/\/api.w.org\/{rel}","templated":true}]}}