{"id":6389,"date":"2017-03-23T15:13:07","date_gmt":"2017-03-23T15:13:07","guid":{"rendered":"https:\/\/ozapato.com\/mx\/?page_id=6389"},"modified":"2020-05-08T05:24:34","modified_gmt":"2020-05-08T11:24:34","slug":"quienes-somos-ozapato","status":"publish","type":"page","link":"https:\/\/ozapato.com\/mx\/quienes-somos-ozapato\/","title":{"rendered":"\u00bfQui\u00e9nes somos?"},"content":{"rendered":"<p>[vc_row full_width=&#8221;stretch_row&#8221; full_height=&#8221;yes&#8221; columns_height=&#8221;adjust_cols_height&#8221; background_style=&#8221;normal&#8221; css=&#8221;.vc_custom_1457453730952{background-image: url(https:\/\/ozapato.com\/pa\/wp-content\/uploads\/sites\/2\/2015\/09\/OZAPATO-love.jpg?id=1518) !important;}&#8221;][vc_column width=&#8221;1\/6&#8243; css=&#8221;.vc_custom_1415621660959{padding-top: 12% !important;padding-right: 8% !important;padding-bottom: 8% !important;padding-left: 8% !important;}&#8221;][\/vc_column][vc_column width=&#8221;2\/3&#8243;][vc_column_text]<\/p>\n<h1 style=\"text-align: center\"><span style=\"color: #ffffff\"><strong><span style=\"font-size: 200%\">OZAPATO<\/span><\/strong><\/span><\/h1>\n<p>[\/vc_column_text][vc_column_text]<\/p>\n<h4 style=\"text-align: center\"><span style=\"color: #ffffff\">Nac\u00ed en 2003 de los dise\u00f1os de nuestra dise\u00f1adora mexicana Nancy Ramirez y de las ideas del empresario Franc\u00e9s Fabien Georjon<\/span><\/h4>\n<p>[\/vc_column_text][\/vc_column][vc_column width=&#8221;1\/6&#8243;][\/vc_column][\/vc_row][vc_row][vc_column width=&#8221;1\/6&#8243;][\/vc_column][vc_column width=&#8221;2\/3&#8243;][vc_column_text]<\/p>\n<p style=\"text-align: justify\"><span style=\"color: #000000\">OZAPATO es un marca de botas de seguridad y botas casuales ubicada en M\u00e9xico. Hemos aprendido a lo largo de los a\u00f1os, como fabricar un producto de alta calidad de manera responsable. Producimos y distribuimos nuestras l\u00edneas en Costa Rica, Rep\u00fablica Dominicana, M\u00e9xico, Panam\u00e1 y en los Estados Unidos. En M\u00e9xico contamos con una l\u00ednea de botas de seguridad para responder a todas sus necesidades.<\/span><\/p>\n<p style=\"text-align: justify\"><span style=\"color: #000000\">Siempre utilizamos <a style=\"color: #000000\" href=\"https:\/\/ozapato.com\/cuero-napa-que-es-y-que-tipos-existen\/\">materiales de alta calidad<\/a>, para que puedan vivir su vida llena de aventuras, con comodidad y con la confianza que est\u00e1n protegidos. \u00a1Estamos tan seguros de la calidad de nuestros modelos de botas que ofrecemos garant\u00edas desde 4 meses a 6 meses en nuestros modelos de seguridad. Adem\u00e1s ofrecemos un servicio de entrega en 24 horas.<\/span><\/p>\n<p style=\"text-align: justify\"><span style=\"color: #000000\">El valor m\u00e1s importante de Ozapato es la conexi\u00f3n de la f\u00e1brica con el cliente final, evitamos todos los intermediarios que no a\u00f1aden valor a nuestros consumidores; no trabajamos con distribuidores. Esto permite ofrecer un producto de alta calidad a un precio m\u00e1s accesible.<\/span><\/p>\n<p style=\"text-align: justify\"><span style=\"color: #000000\">OZAPATO naci\u00f3 con la idea de servir a una comunidad local, la gente es lo primero. La producci\u00f3n de nuestro calzado es un proceso transparente. Nuestros clientes no s\u00f3lo compran un producto bien hecho y de buena calidad, si no que tambi\u00e9n son parte de este trato honesto, donde cada persona incluida en la cadena de suministro recibe un trato justo.<\/span><\/p>\n<p>[\/vc_column_text][vc_column_text]<\/p>\n<p style=\"text-align: center\"><span style=\"color: #000000\">OZAPATO tiene presencia en M\u00e9xico, Panam\u00e1, Estados Unidos, Colombia, Costa Rica y Rep\u00fablica Dominicana.<\/span><\/p>\n<p>[\/vc_column_text][\/vc_column][vc_column width=&#8221;1\/6&#8243;][\/vc_column][\/vc_row][vc_row][vc_column width=&#8221;1\/6&#8243;][\/vc_column][vc_column width=&#8221;2\/3&#8243;][vc_column_text]<\/p>\n<p style=\"text-align: left\"><strong><span style=\"color: #000000\">CONT\u00c1CTANOS EN M\u00c9XICO:<\/span><\/strong><\/p>\n<p style=\"text-align: left\"><span style=\"color: #000000\">Tel\u00e9fono: 55 4170 8486<br \/>\nEmail: mexico@ozapato.com<br \/>\n<\/span><\/p>\n<p>[\/vc_column_text][\/vc_column][vc_column width=&#8221;1\/6&#8243;][\/vc_column][\/vc_row][vc_row][vc_column][vc_column_text]\t\t<div id=\"sbi_mod_error\" >\n\t\t\t<span>This error message is only visible to WordPress admins<\/span><br\/>\n\t\t\t<p><strong>Error: No feed found.<\/strong>\n\t\t\t<p>Please go to the Instagram Feed settings page to create a feed.<\/p>\n\t\t<\/div>\n\t\t[\/vc_column_text][\/vc_column][\/vc_row][vc_row][vc_column][vc_empty_space][\/vc_column][\/vc_row]<\/p>\n","protected":false},"excerpt":{"rendered":"<p>[vc_row full_width=&#8221;stretch_row&#8221; full_height=&#8221;yes&#8221; columns_height=&#8221;adjust_cols_height&#8221; background_style=&#8221;normal&#8221; css=&#8221;.vc_custom_1457453730952{background-image: url(https:\/\/ozapato.com\/pa\/wp-content\/uploads\/sites\/2\/2015\/09\/OZAPATO-love.jpg?id=1518) !important;}&#8221;][vc_column width=&#8221;1\/6&#8243; css=&#8221;.vc_custom_1415621660959{padding-top: 12% !important;padding-right: 8% !important;padding-bottom: 8% !important;padding-left: 8% !important;}&#8221;][\/vc_column][vc_column width=&#8221;2\/3&#8243;][vc_column_text] OZAPATO [\/vc_column_text][vc_column_text] Nac\u00ed en 2003 de los dise\u00f1os de nuestra dise\u00f1adora mexicana Nancy Ramirez y de las ideas del empresario Franc\u00e9s Fabien Georjon [\/vc_column_text][\/vc_column][vc_column width=&#8221;1\/6&#8243;][\/vc_column][\/vc_row][vc_row][vc_column width=&#8221;1\/6&#8243;][\/vc_column][vc_column width=&#8221;2\/3&#8243;][vc_column_text] OZAPATO es un marca de botas de seguridad y [&hellip;]<\/p>\n","protected":false},"author":9,"featured_media":0,"parent":0,"menu_order":0,"comment_status":"closed","ping_status":"closed","template":"page-full-width.php","meta":{"footnotes":""},"class_list":["post-6389","page","type-page","status-publish","hentry"],"_links":{"self":[{"href":"https:\/\/ozapato.com\/mx\/wp-json\/wp\/v2\/pages\/6389","targetHints":{"allow":["GET"]}}],"collection":[{"href":"https:\/\/ozapato.com\/mx\/wp-json\/wp\/v2\/pages"}],"about":[{"href":"https:\/\/ozapato.com\/mx\/wp-json\/wp\/v2\/types\/page"}],"author":[{"embeddable":true,"href":"https:\/\/ozapato.com\/mx\/wp-json\/wp\/v2\/users\/9"}],"replies":[{"embeddable":true,"href":"https:\/\/ozapato.com\/mx\/wp-json\/wp\/v2\/comments?post=6389"}],"version-history":[{"count":10,"href":"https:\/\/ozapato.com\/mx\/wp-json\/wp\/v2\/pages\/6389\/revisions"}],"predecessor-version":[{"id":11861,"href":"https:\/\/ozapato.com\/mx\/wp-json\/wp\/v2\/pages\/6389\/revisions\/11861"}],"wp:attachment":[{"href":"https:\/\/ozapato.com\/mx\/wp-json\/wp\/v2\/media?parent=6389"}],"curies":[{"name":"wp","href":"https:\/\/api.w.org\/{rel}","templated":true}]}}