{"id":7191,"date":"2017-09-29T03:25:40","date_gmt":"2017-09-29T03:25:40","guid":{"rendered":"https:\/\/ozapato.com\/mx\/?page_id=7191"},"modified":"2020-05-13T01:32:54","modified_gmt":"2020-05-13T07:32:54","slug":"clientes-ozapato","status":"publish","type":"page","link":"https:\/\/ozapato.com\/mx\/clientes-ozapato\/","title":{"rendered":"Clientes Internacionales OZAPATO"},"content":{"rendered":"<p>[vc_row video_bg=&#8221;yes&#8221; video_bg_url=&#8221; https:\/\/www.youtube.com\/watch?v=__oq67bsM8A&#8221;][vc_column][vc_column_text css=&#8221;.vc_custom_1588930104014{padding-top: 32px !important;}&#8221;]<\/p>\n<h3 style=\"text-align: center\"><span style=\"color: #ffffff\">CLIENTES\u00a0<\/span><\/h3>\n<p>[\/vc_column_text][\/vc_column][\/vc_row][vc_row][vc_column][vc_empty_space][\/vc_column][\/vc_row][vc_row type=&#8221;boxed&#8221;][vc_column width=&#8221;1\/4&#8243;][\/vc_column][vc_column width=&#8221;1\/2&#8243;][vc_column_text]<\/p>\n<header class=\"entry-header \">\n<div class=\"row\">\n<div class=\"large-12 columns\">\n<h1><\/h1>\n<\/div>\n<div class=\"large-12 columns\">\n<hr \/>\n<p><img loading=\"lazy\" decoding=\"async\" class=\"wp-image-7873 aligncenter\" src=\"https:\/\/ozapato.com\/mx\/wp-content\/uploads\/sites\/4\/2018\/01\/Ozapato-Logo-01-300x167.png\" alt=\"ozapato logo\" width=\"341\" height=\"190\" \/><\/p>\n<h1 class=\"page-title\" style=\"text-align: center\"><\/h1>\n<\/div>\n<\/div>\n<\/header>\n<div class=\"entry-content\">\n<h5 class=\"at-above-post-page addthis_tool\" style=\"text-align: center\" data-url=\"https:\/\/ozapato.com\/pa\/referencias-comerciales-ozapato-panama\/\">Desde que iniciamos operaciones en M\u00e9xico en 2013, hemos logrado la confianza de muchas compa\u00f1\u00edas punteras, tales como:<\/h5>\n<div class=\"at-above-post-page addthis_tool\" data-url=\"https:\/\/ozapato.com\/pa\/referencias-comerciales-ozapato-panama\/\">\n<div class=\"page\" title=\"Page 1\">\n<div class=\"section\">\n<div class=\"layoutArea\">\n<div class=\"column\">\n<table style=\"height: 631px\" width=\"913\">\n<tbody>\n<tr>\n<th><a href=\"http:\/\/www.grupocobra.com\/\" target=\"_blank\" rel=\"noopener noreferrer\"><img loading=\"lazy\" decoding=\"async\" class=\"aligncenter wp-image-7213 size-full\" src=\"https:\/\/ozapato.com\/mx\/wp-content\/uploads\/sites\/4\/2017\/09\/gru-cobra.png\" alt=\"\" width=\"230\" height=\"100\" srcset=\"https:\/\/ozapato.com\/mx\/wp-content\/uploads\/sites\/4\/2017\/09\/gru-cobra.png 230w, https:\/\/ozapato.com\/mx\/wp-content\/uploads\/sites\/4\/2017\/09\/gru-cobra-70x30.png 70w\" sizes=\"auto, (max-width: 230px) 100vw, 230px\" \/><\/a><\/th>\n<th><a href=\"www.minerapanama.com\" target=\"_blank\" rel=\"noopener noreferrer\"><img loading=\"lazy\" decoding=\"async\" class=\"aligncenter wp-image-7219 size-medium\" src=\"https:\/\/ozapato.com\/mx\/wp-content\/uploads\/sites\/4\/2017\/09\/min-panama-300x80.png\" alt=\"\" width=\"300\" height=\"80\" srcset=\"https:\/\/ozapato.com\/mx\/wp-content\/uploads\/sites\/4\/2017\/09\/min-panama-300x80.png 300w, https:\/\/ozapato.com\/mx\/wp-content\/uploads\/sites\/4\/2017\/09\/min-panama-70x19.png 70w, https:\/\/ozapato.com\/mx\/wp-content\/uploads\/sites\/4\/2017\/09\/min-panama.png 376w\" sizes=\"auto, (max-width: 300px) 100vw, 300px\" \/><\/a><\/th>\n<th><a href=\"www.hormigonexpress.com\" target=\"_blank\" rel=\"noopener noreferrer\"><img loading=\"lazy\" decoding=\"async\" class=\"alignright wp-image-7215 size-full\" src=\"https:\/\/ozapato.com\/mx\/wp-content\/uploads\/sites\/4\/2017\/09\/hormigon-exp.png\" alt=\"\" width=\"281\" height=\"100\" srcset=\"https:\/\/ozapato.com\/mx\/wp-content\/uploads\/sites\/4\/2017\/09\/hormigon-exp.png 281w, https:\/\/ozapato.com\/mx\/wp-content\/uploads\/sites\/4\/2017\/09\/hormigon-exp-70x25.png 70w\" sizes=\"auto, (max-width: 281px) 100vw, 281px\" \/><\/a><\/th>\n<\/tr>\n<tr>\n<td><a href=\"https:\/\/hutchisonports.com\" target=\"_blank\" rel=\"noopener noreferrer\"><img loading=\"lazy\" decoding=\"async\" class=\"aligncenter wp-image-7216 size-medium\" src=\"https:\/\/ozapato.com\/mx\/wp-content\/uploads\/sites\/4\/2017\/09\/hutchisnson-300x53.png\" alt=\"\" width=\"300\" height=\"53\" srcset=\"https:\/\/ozapato.com\/mx\/wp-content\/uploads\/sites\/4\/2017\/09\/hutchisnson-300x53.png 300w, https:\/\/ozapato.com\/mx\/wp-content\/uploads\/sites\/4\/2017\/09\/hutchisnson-70x12.png 70w, https:\/\/ozapato.com\/mx\/wp-content\/uploads\/sites\/4\/2017\/09\/hutchisnson-385x68.png 385w, https:\/\/ozapato.com\/mx\/wp-content\/uploads\/sites\/4\/2017\/09\/hutchisnson.png 569w\" sizes=\"auto, (max-width: 300px) 100vw, 300px\" \/><\/a><\/td>\n<td><a href=\"www.lsgskychefs.com\/\" target=\"_blank\" rel=\"noopener noreferrer\"><img loading=\"lazy\" decoding=\"async\" class=\"aligncenter wp-image-7220 size-full\" src=\"https:\/\/ozapato.com\/mx\/wp-content\/uploads\/sites\/4\/2017\/09\/sky-chefs.png\" alt=\"\" width=\"284\" height=\"100\" srcset=\"https:\/\/ozapato.com\/mx\/wp-content\/uploads\/sites\/4\/2017\/09\/sky-chefs.png 284w, https:\/\/ozapato.com\/mx\/wp-content\/uploads\/sites\/4\/2017\/09\/sky-chefs-70x25.png 70w\" sizes=\"auto, (max-width: 284px) 100vw, 284px\" \/><\/a><\/td>\n<td><a href=\"https:\/\/www.ica.com.mx\" target=\"_blank\" rel=\"noopener noreferrer\"><img loading=\"lazy\" decoding=\"async\" class=\"aligncenter wp-image-7217 size-full\" src=\"https:\/\/ozapato.com\/mx\/wp-content\/uploads\/sites\/4\/2017\/09\/ica.png\" alt=\"\" width=\"148\" height=\"100\" srcset=\"https:\/\/ozapato.com\/mx\/wp-content\/uploads\/sites\/4\/2017\/09\/ica.png 148w, https:\/\/ozapato.com\/mx\/wp-content\/uploads\/sites\/4\/2017\/09\/ica-70x47.png 70w\" sizes=\"auto, (max-width: 148px) 100vw, 148px\" \/><\/a><\/td>\n<\/tr>\n<tr>\n<td><a href=\"www.empresasbern.com\" target=\"_blank\" rel=\"noopener noreferrer\"><img loading=\"lazy\" decoding=\"async\" class=\"aligncenter wp-image-7221 size-full\" src=\"https:\/\/ozapato.com\/mx\/wp-content\/uploads\/sites\/4\/2017\/09\/empre-bern-e1506653212876.jpeg\" alt=\"\" width=\"125\" height=\"125\" \/><\/a><\/td>\n<td><a href=\"http:\/\/www.habitat-construccion.com\/\" target=\"_blank\" rel=\"noopener noreferrer\"><img loading=\"lazy\" decoding=\"async\" class=\"alignnone wp-image-7214 size-medium\" src=\"https:\/\/ozapato.com\/mx\/wp-content\/uploads\/sites\/4\/2017\/09\/habitat-300x93.png\" alt=\"\" width=\"300\" height=\"93\" srcset=\"https:\/\/ozapato.com\/mx\/wp-content\/uploads\/sites\/4\/2017\/09\/habitat-300x93.png 300w, https:\/\/ozapato.com\/mx\/wp-content\/uploads\/sites\/4\/2017\/09\/habitat-70x22.png 70w, https:\/\/ozapato.com\/mx\/wp-content\/uploads\/sites\/4\/2017\/09\/habitat.png 323w\" sizes=\"auto, (max-width: 300px) 100vw, 300px\" \/><\/a><\/td>\n<td><a href=\"http:\/\/colorland.mx\/\" target=\"_blank\" rel=\"noopener noreferrer\"><img loading=\"lazy\" decoding=\"async\" class=\"aligncenter wp-image-7210 size-full\" src=\"https:\/\/ozapato.com\/mx\/wp-content\/uploads\/sites\/4\/2017\/09\/colorland.jpeg\" alt=\"\" width=\"194\" height=\"100\" srcset=\"https:\/\/ozapato.com\/mx\/wp-content\/uploads\/sites\/4\/2017\/09\/colorland.jpeg 194w, https:\/\/ozapato.com\/mx\/wp-content\/uploads\/sites\/4\/2017\/09\/colorland-70x36.jpeg 70w\" sizes=\"auto, (max-width: 194px) 100vw, 194px\" \/><\/a><\/p>\n<p>&nbsp;<\/td>\n<\/tr>\n<tr>\n<td><a href=\"https:\/\/www.maersk.com\/\" target=\"_blank\" rel=\"noopener noreferrer\"><img loading=\"lazy\" decoding=\"async\" class=\"aligncenter wp-image-7218 size-full\" src=\"https:\/\/ozapato.com\/mx\/wp-content\/uploads\/sites\/4\/2017\/09\/maersk.jpeg\" alt=\"\" width=\"246\" height=\"100\" srcset=\"https:\/\/ozapato.com\/mx\/wp-content\/uploads\/sites\/4\/2017\/09\/maersk.jpeg 246w, https:\/\/ozapato.com\/mx\/wp-content\/uploads\/sites\/4\/2017\/09\/maersk-70x28.jpeg 70w\" sizes=\"auto, (max-width: 246px) 100vw, 246px\" \/><\/a><\/td>\n<td><a href=\"https:\/\/www.brinkspanama.net\/\" target=\"_blank\" rel=\"noopener noreferrer\"><img loading=\"lazy\" decoding=\"async\" class=\"aligncenter wp-image-7229 size-full\" src=\"https:\/\/ozapato.com\/mx\/wp-content\/uploads\/sites\/4\/2017\/09\/brinks.png\" alt=\"\" width=\"155\" height=\"26\" srcset=\"https:\/\/ozapato.com\/mx\/wp-content\/uploads\/sites\/4\/2017\/09\/brinks.png 155w, https:\/\/ozapato.com\/mx\/wp-content\/uploads\/sites\/4\/2017\/09\/brinks-150x26.png 150w, https:\/\/ozapato.com\/mx\/wp-content\/uploads\/sites\/4\/2017\/09\/brinks-70x12.png 70w\" sizes=\"auto, (max-width: 155px) 100vw, 155px\" \/><\/a><\/td>\n<td><a href=\"www.dhl.com\" target=\"_blank\" rel=\"noopener noreferrer\"><img loading=\"lazy\" decoding=\"async\" class=\"aligncenter wp-image-7211 size-medium\" src=\"https:\/\/ozapato.com\/mx\/wp-content\/uploads\/sites\/4\/2017\/09\/dhl-300x66.png\" alt=\"\" width=\"300\" height=\"66\" srcset=\"https:\/\/ozapato.com\/mx\/wp-content\/uploads\/sites\/4\/2017\/09\/dhl-300x66.png 300w, https:\/\/ozapato.com\/mx\/wp-content\/uploads\/sites\/4\/2017\/09\/dhl-70x15.png 70w, https:\/\/ozapato.com\/mx\/wp-content\/uploads\/sites\/4\/2017\/09\/dhl-385x85.png 385w, https:\/\/ozapato.com\/mx\/wp-content\/uploads\/sites\/4\/2017\/09\/dhl.png 454w\" sizes=\"auto, (max-width: 300px) 100vw, 300px\" \/><\/a><\/td>\n<\/tr>\n<tr>\n<td><\/td>\n<td><\/td>\n<td><\/td>\n<\/tr>\n<\/tbody>\n<\/table>\n<h1><\/h1>\n<p>&nbsp;<\/p>\n<\/div>\n<\/div>\n<\/div>\n<\/div>\n<\/div>\n<\/div>\n<p>[\/vc_column_text][\/vc_column][vc_column width=&#8221;1\/4&#8243;][\/vc_column][\/vc_row][vc_row type=&#8221;boxed&#8221;][vc_column][vc_cta h2=&#8221;&#8221; css=&#8221;.vc_custom_1589355167702{background-color: #dd3333 !important;}&#8221;]<\/p>\n<h5 style=\"text-align: center\"><span style=\"color: #ffffff\">\u00bfInteresado en ser nuestro nuevo cliente Zapatos? Recibe cotizaci\u00f3n en 24 hs?<\/span><\/h5>\n<p>[\/vc_cta][\/vc_column][\/vc_row][vc_row type=&#8221;boxed&#8221;][vc_column][vc_column_text]<iframe loading=\"lazy\" height=\"850px\" width=\"100%\" frameborder=\"0\" allow=\"geolocation;microphone;camera\" src=\"https:\/\/forms.zohopublic.com\/virtualoffice9264\/form\/MXWebForm\/formperma\/t2g4AJSxH5dX5eLImIHPs6T1GSbbcmWdJblk7_0ZVFw\"> <\/iframe>[\/vc_column_text][\/vc_column][\/vc_row][vc_row][vc_column][vc_empty_space][\/vc_column][\/vc_row][vc_row type=&#8221;boxed&#8221;][vc_column width=&#8221;1\/4&#8243;][\/vc_column][vc_column width=&#8221;1\/2&#8243;][vc_column_text]<\/p>\n<h3 style=\"text-align: center\"><span style=\"color: #000000\"><strong>\u00bfQU\u00c9 HACEMOS?<\/strong><\/span><\/h3>\n<p style=\"text-align: left\"><span style=\"color: #000000\"><strong>OZAPATO<\/strong> es una marca de <a href=\"https:\/\/ozapato.com\/mx\/zapatos-para-chef\/\">calzado<\/a> ubicada en Pachuca, <a href=\"http:\/\/www.ozapato.com\">M\u00e9xico<\/a>. Fabricamos botas de seguridad industrial y contamos con presencia en M\u00e9xico, Rep\u00fablica Dominicana, Costa Rica, Panam\u00e1 y Estados Unidos. Hemos aprendido a lo largo de los a\u00f1os como fabricar botas de seguridad con calidad y de manera responsable. En<strong> M\u00e9xico,<\/strong> nuestra l\u00ednea industrial cuenta con <strong>botas de seguridad<\/strong>, botas de seguridad diel\u00e9ctricas y <a href=\"https:\/\/ozapato.com\/mx\/botas-tacticas-militares\/\">botas t\u00e1cticas<\/a>. \u00a1Elija de nuestro cat\u00e1logo las botas que necesita para trabajar con seguridad!<\/span><\/p>\n<h3 style=\"text-align: center\"><span style=\"color: #000000\">\u00bfC\u00d3MO\u00a0LO HACEMOS?<\/span><\/h3>\n<p style=\"text-align: left\"><span style=\"color: #000000\">Todas nuestras <strong>botas de seguridad<\/strong> industrial son fabricadas con materiales de alta calidad. Tenga la confianza que sus pies estar\u00e1n protegidos en cada momento. Estamos tan seguros de la calidad de nuestros modelos de botas de seguridad industrial que ofrecemos una <strong>garant\u00eda de 4 meses y hasta 6<\/strong> meses para las botas de seguridad m\u00e1s premium. Adem\u00e1s ofrecemos un servicio de <strong>entrega en 24 horas.<\/strong><\/span><\/p>\n<h3 style=\"text-align: center\"><span style=\"color: #000000\"><strong>\u00bfPOR QU\u00c9 LO HACEMOS?<\/strong><\/span><\/h3>\n<p><span style=\"color: #000000\">OZAPATO naci\u00f3 con la idea de servir a la comunidad local. La producci\u00f3n de nuestras botas de seguridad industrial es un proceso transparente que sustenta el balance socio econ\u00f3mico de la comunidad a la que pertenece.<\/span><\/p>\n<p><span style=\"color: #000000\">El valor m\u00e1s importante de OZAPATO es la entrega directa hasta el cliente. Evitamos todos los intermediarios que no a\u00f1aden valor a nuestros consumidores. Cada etapa de la fabricaci\u00f3n de botas de seguridad industrial debe beneficiar a la gente que fabrica el <strong>calzado.<\/strong><\/span><\/p>\n<p><span style=\"color: #000000\">A nuestro equipo le apasiona desarrollar botas de seguridad en un ambiente social y econ\u00f3mico justo. Queremos que nuestros clientes conf\u00eden en que no s\u00f3lo compran botas bien hechas y de buena calidad, sino que tambi\u00e9n cada persona incluida en la cadena de suministro reciba un trato justo al momento de realizar su trabajo.<\/span><\/p>\n<p>[\/vc_column_text][\/vc_column][vc_column width=&#8221;1\/4&#8243;][\/vc_column][\/vc_row][vc_row][vc_column][vc_empty_space][\/vc_column][\/vc_row][vc_row][vc_column][vc_column_text]\t\t<div id=\"sbi_mod_error\" >\n\t\t\t<span>This error message is only visible to WordPress admins<\/span><br\/>\n\t\t\t<p><strong>Error: No feed found.<\/strong>\n\t\t\t<p>Please go to the Instagram Feed settings page to create a feed.<\/p>\n\t\t<\/div>\n\t\t[\/vc_column_text][\/vc_column][\/vc_row]<\/p>\n","protected":false},"excerpt":{"rendered":"<p>[vc_row video_bg=&#8221;yes&#8221; video_bg_url=&#8221; https:\/\/www.youtube.com\/watch?v=__oq67bsM8A&#8221;][vc_column][vc_column_text css=&#8221;.vc_custom_1588930104014{padding-top: 32px !important;}&#8221;] CLIENTES\u00a0 [\/vc_column_text][\/vc_column][\/vc_row][vc_row][vc_column][vc_empty_space][\/vc_column][\/vc_row][vc_row type=&#8221;boxed&#8221;][vc_column width=&#8221;1\/4&#8243;][\/vc_column][vc_column width=&#8221;1\/2&#8243;][vc_column_text] Desde que iniciamos operaciones en M\u00e9xico en 2013, hemos logrado la confianza de muchas compa\u00f1\u00edas punteras, tales como: &nbsp; &nbsp; [\/vc_column_text][\/vc_column][vc_column width=&#8221;1\/4&#8243;][\/vc_column][\/vc_row][vc_row type=&#8221;boxed&#8221;][vc_column][vc_cta h2=&#8221;&#8221; css=&#8221;.vc_custom_1589355167702{background-color: #dd3333 !important;}&#8221;] \u00bfInteresado en ser nuestro nuevo cliente Zapatos? Recibe cotizaci\u00f3n en 24 hs? [\/vc_cta][\/vc_column][\/vc_row][vc_row type=&#8221;boxed&#8221;][vc_column][vc_column_text][\/vc_column_text][\/vc_column][\/vc_row][vc_row][vc_column][vc_empty_space][\/vc_column][\/vc_row][vc_row type=&#8221;boxed&#8221;][vc_column width=&#8221;1\/4&#8243;][\/vc_column][vc_column [&hellip;]<\/p>\n","protected":false},"author":3,"featured_media":0,"parent":0,"menu_order":0,"comment_status":"closed","ping_status":"closed","template":"page-full-width.php","meta":{"footnotes":""},"class_list":["post-7191","page","type-page","status-publish","hentry"],"_links":{"self":[{"href":"https:\/\/ozapato.com\/mx\/wp-json\/wp\/v2\/pages\/7191","targetHints":{"allow":["GET"]}}],"collection":[{"href":"https:\/\/ozapato.com\/mx\/wp-json\/wp\/v2\/pages"}],"about":[{"href":"https:\/\/ozapato.com\/mx\/wp-json\/wp\/v2\/types\/page"}],"author":[{"embeddable":true,"href":"https:\/\/ozapato.com\/mx\/wp-json\/wp\/v2\/users\/3"}],"replies":[{"embeddable":true,"href":"https:\/\/ozapato.com\/mx\/wp-json\/wp\/v2\/comments?post=7191"}],"version-history":[{"count":25,"href":"https:\/\/ozapato.com\/mx\/wp-json\/wp\/v2\/pages\/7191\/revisions"}],"predecessor-version":[{"id":11992,"href":"https:\/\/ozapato.com\/mx\/wp-json\/wp\/v2\/pages\/7191\/revisions\/11992"}],"wp:attachment":[{"href":"https:\/\/ozapato.com\/mx\/wp-json\/wp\/v2\/media?parent=7191"}],"curies":[{"name":"wp","href":"https:\/\/api.w.org\/{rel}","templated":true}]}}