{"id":8048,"date":"2018-01-25T13:50:30","date_gmt":"2018-01-25T18:50:30","guid":{"rendered":"http:\/\/ozapato.com\/mx\/?page_id=8048"},"modified":"2018-01-25T13:58:10","modified_gmt":"2018-01-25T18:58:10","slug":"equipos-de-proteccion-personal","status":"publish","type":"page","link":"https:\/\/ozapato.com\/mx\/equipos-de-proteccion-personal\/","title":{"rendered":"Equipos de protecci\u00f3n personal en M\u00e9xico"},"content":{"rendered":"<p>[vc_row full_width=&#8221;stretch_row&#8221; full_height=&#8221;yes&#8221; video_bg=&#8221;yes&#8221; video_bg_url=&#8221;https:\/\/www.youtube.com\/watch?v=adiGMqGyAhs&amp;feature=youtu.be&#8221; css=&#8221;.vc_custom_1467495297324{background: #000000 url(https:\/\/ozapato.com\/pa\/wp-content\/uploads\/sites\/2\/2016\/02\/Botas-de-Trabajo.jpg?id=1345) !important;}&#8221;][vc_column width=&#8221;1\/6&#8243;][\/vc_column][vc_column width=&#8221;2\/3&#8243;][vc_column_text]<\/p>\n<h1 style=\"text-align: center;\"><span style=\"color: #ffffff;\">Equipos de protecci\u00f3n personal<\/span><\/h1>\n<p>[\/vc_column_text][vc_btn title=&#8221;Cotizaciones al 984 234 6445 \/ mexico@ozapato.com&#8221; style=&#8221;flat&#8221; shape=&#8221;square&#8221; color=&#8221;danger&#8221; align=&#8221;center&#8221; i_icon_fontawesome=&#8221;fa fa-hand-o-right&#8221; css_animation=&#8221;bottom-to-top&#8221; add_icon=&#8221;true&#8221; link=&#8221;url:https%3A%2F%2Fozapato.com%2Fmx%2Fcontacto%2F||target:%20_blank|&#8221;][\/vc_column][vc_column width=&#8221;1\/6&#8243;][\/vc_column][\/vc_row][vc_row][vc_column width=&#8221;1\/6&#8243;][\/vc_column][vc_column width=&#8221;2\/3&#8243;]<div class=\"woocommerce columns-4 \"><\/div>[\/vc_column][vc_column width=&#8221;1\/6&#8243;][\/vc_column][\/vc_row][vc_row][vc_column][vc_empty_space][\/vc_column][\/vc_row][vc_row][vc_column width=&#8221;1\/6&#8243;][\/vc_column][vc_column width=&#8221;2\/3&#8243;][vc_media_grid style=&#8221;load-more&#8221; items_per_page=&#8221;4&#8243; element_width=&#8221;3&#8243; grid_id=&#8221;vc_gid:1516906507230-346f6f18-c295-1&#8243; include=&#8221;7989,7758,7759,7763&#8243; btn_add_icon=&#8221;true&#8221; btn_custom_onclick=&#8221;true&#8221;][\/vc_column][vc_column width=&#8221;1\/6&#8243;][\/vc_column][\/vc_row][vc_row][vc_column width=&#8221;1\/6&#8243;][\/vc_column][vc_column width=&#8221;2\/3&#8243;][vc_column_text]<\/p>\n<h2 style=\"text-align: center;\">Conozca nuestros equipos de protecci\u00f3n y seguridad industrial.<\/h2>\n<p style=\"text-align: center;\">Todos nuestros equipos de protecci\u00f3n industrial son realizados con materiales 100% mexicanos bajo los est\u00e1ndares internacionales NOM y ASTM. Usamos las \u00faltimas t\u00e9cnicas y materiales disponibles para garantizar un producto de alta calidad y durabilidad. En M\u00e9xico todos nuestros equipos de protecci\u00f3n personal cuentan con una garant\u00eda de 6 meses contra cualquier defecto de fabrica.<\/p>\n<p style=\"text-align: center;\">Comprando con OZAPATO es la seguridad de tener el mejor producto para un uso extremo. Nuestro servicio incluye una asesor\u00eda pre y post venta y la garant\u00eda de tener acceso a precios de fabrica.<\/p>\n<p style=\"text-align: center;\">\u00a1Cotiza hoy su equipo de protecci\u00f3n personal!<\/p>\n<p>[\/vc_column_text][\/vc_column][vc_column width=&#8221;1\/6&#8243;][\/vc_column][\/vc_row][vc_row][vc_column][vc_empty_space][\/vc_column][\/vc_row][vc_row][vc_column width=&#8221;1\/6&#8243;][\/vc_column][vc_column width=&#8221;2\/3&#8243;][contact-form-7 id=&#8221;6330&#8243; title=&#8221;Cotiza nuestros equipos de protecci\u00f3n personal hoy&#8221;][\/vc_column][vc_column width=&#8221;1\/6&#8243;][\/vc_column][\/vc_row][vc_row][vc_column][vc_empty_space][\/vc_column][\/vc_row][vc_row][vc_column width=&#8221;1\/6&#8243;][\/vc_column][vc_column width=&#8221;2\/3&#8243; css=&#8221;.vc_custom_1489442173349{background-color: #706968 !important;}&#8221;][vc_column_text]<\/p>\n<div class=\"wpb_text_column wpb_content_element \">\n<h1 class=\"wpb_wrapper\" style=\"text-align: center;\"><span style=\"color: #ffffff;\"><strong>\u00bfQU\u00c9 HACEMOS?<\/strong> <\/span><\/h1>\n<\/div>\n<div class=\"wpb_text_column wpb_content_element \">\n<div class=\"wpb_wrapper\">\n<div class=\"wpb_text_column wpb_content_element \">\n<div class=\"wpb_wrapper\">\n<p style=\"text-align: justify;\"><span style=\"color: #ffffff;\">OZAPATO es una marca de calzado que comercializa y fabrica botas de seguridad industrial.<br \/>\nActualmente, ubicada en Norteam\u00e9rica y Centroam\u00e9rica. A lo largo de los a\u00f1os,hemos aprendido como fabricar calzado de seguridad, de calidad, de manera responsable. En M\u00e9xico, nuestra linea industrial cuenta con botas de seguridad, botas de seguridad diel\u00e9ctricas y botas t\u00e1cticas. Tenemos botas de seguridad industriales para todas sus necesidades.<\/span><\/p>\n<\/div>\n<\/div>\n<\/div>\n<\/div>\n<p>[\/vc_column_text][\/vc_column][vc_column width=&#8221;1\/6&#8243;][\/vc_column][\/vc_row][vc_row][vc_column width=&#8221;1\/6&#8243;][\/vc_column][vc_column width=&#8221;2\/3&#8243; css=&#8221;.vc_custom_1489442186055{background-color: #706968 !important;}&#8221;][vc_column_text]<\/p>\n<h1 style=\"text-align: center;\"><span style=\"color: #ffffff;\">\u00bfC\u00d3MO LO HACEMOS?<\/span><\/h1>\n<p><span style=\"color: #ffffff;\">\u00a1Siempre utilizamos materiales resistentes y confortables para que puedan trabajar con comodidad y con la confianza de que estar\u00e1n protegidos! Estamos tan seguros de la calidad de nuestros productos, que ofrecemos una garant\u00eda de 4 meses m\u00ednimo en todas las botas de seguridad y hasta 6 meses para nuestras botas de seguridad premium.<\/span>[\/vc_column_text][\/vc_column][vc_column width=&#8221;1\/6&#8243;][\/vc_column][\/vc_row][vc_row][vc_column width=&#8221;1\/6&#8243;][\/vc_column][vc_column width=&#8221;2\/3&#8243; css=&#8221;.vc_custom_1489442206074{background-color: #706968 !important;}&#8221;][vc_column_text]<\/p>\n<h1 style=\"text-align: center;\"><span style=\"color: #ffffff;\">\u00bfPOR QU\u00c9 LO HACEMOS?<\/span><\/h1>\n<p><span style=\"color: #ffffff;\">OZAPATO naci\u00f3 con la idea de servir a la comunidad local. La producci\u00f3n de nuestras botas de seguridad industrial es un proceso transparente que sustenta el balance socio econ\u00f3mico de la comunidad a la que pertenece.<\/span><\/p>\n<p><span style=\"color: #ffffff;\">El valor m\u00e1s importante de OZAPATO es la entrega directa hasta el cliente. Evitamos todos los intermediarios que no a\u00f1aden valor a nuestros consumidores. Cada etapa de la fabricaci\u00f3n de botas de seguridad debe de beneficiar a la gente incluida en este proceso.<\/span><\/p>\n<p><span style=\"color: #ffffff;\">Nuestro equipo est\u00e1 muy implicado en la producci\u00f3n y desarollo de las botas y zapatos de seguridad en un ambiente social y econ\u00f3mico justo. Queremos que nuestros clientes conf\u00eden en que no s\u00f3lo compran calzado de alta calidad, si no que tambi\u00e9n son parte de un proceso transparente, donde cada persona incluida en la cadena de suministro recibe un trato justo.<\/span>[\/vc_column_text][\/vc_column][vc_column width=&#8221;1\/6&#8243;][\/vc_column][\/vc_row][vc_row][vc_column][vc_empty_space][\/vc_column][\/vc_row][vc_row][vc_column width=&#8221;1\/6&#8243;][\/vc_column][vc_column width=&#8221;2\/3&#8243;][vc_cta h2=&#8221;&#8221; txt_align=&#8221;center&#8221; shape=&#8221;round&#8221; color=&#8221;juicy-pink&#8221; add_icon=&#8221;top&#8221; i_icon_fontawesome=&#8221;fa fa-reddit-alien&#8221; i_color=&#8221;juicy_pink&#8221; i_size=&#8221;lg&#8221; i_css_animation=&#8221;appear&#8221; i_link=&#8221;url:https%3A%2F%2Fwww.reddit.com%2Fdomain%2Fozapato.com%2F||target:%20_blank|&#8221; css=&#8221;.vc_custom_1489442345645{background-color: #ffffff !important;}&#8221;][\/vc_cta][\/vc_column][vc_column width=&#8221;1\/6&#8243;][\/vc_column][\/vc_row]<\/p>\n","protected":false},"excerpt":{"rendered":"<p>[vc_row full_width=&#8221;stretch_row&#8221; full_height=&#8221;yes&#8221; video_bg=&#8221;yes&#8221; video_bg_url=&#8221;https:\/\/www.youtube.com\/watch?v=adiGMqGyAhs&amp;feature=youtu.be&#8221; css=&#8221;.vc_custom_1467495297324{background: #000000 url(https:\/\/ozapato.com\/pa\/wp-content\/uploads\/sites\/2\/2016\/02\/Botas-de-Trabajo.jpg?id=1345) !important;}&#8221;][vc_column width=&#8221;1\/6&#8243;][\/vc_column][vc_column width=&#8221;2\/3&#8243;][vc_column_text] Equipos de protecci\u00f3n personal [\/vc_column_text][vc_btn title=&#8221;Cotizaciones al 984 234 6445 \/ mexico@ozapato.com&#8221; style=&#8221;flat&#8221; shape=&#8221;square&#8221; color=&#8221;danger&#8221; align=&#8221;center&#8221; i_icon_fontawesome=&#8221;fa fa-hand-o-right&#8221; css_animation=&#8221;bottom-to-top&#8221; add_icon=&#8221;true&#8221; link=&#8221;url:https%3A%2F%2Fozapato.com%2Fmx%2Fcontacto%2F||target:%20_blank|&#8221;][\/vc_column][vc_column width=&#8221;1\/6&#8243;][\/vc_column][\/vc_row][vc_row][vc_column width=&#8221;1\/6&#8243;][\/vc_column][vc_column width=&#8221;2\/3&#8243;][\/vc_column][vc_column width=&#8221;1\/6&#8243;][\/vc_column][\/vc_row][vc_row][vc_column][vc_empty_space][\/vc_column][\/vc_row][vc_row][vc_column width=&#8221;1\/6&#8243;][\/vc_column][vc_column width=&#8221;2\/3&#8243;][vc_media_grid style=&#8221;load-more&#8221; items_per_page=&#8221;4&#8243; element_width=&#8221;3&#8243; grid_id=&#8221;vc_gid:1516906507230-346f6f18-c295-1&#8243; include=&#8221;7989,7758,7759,7763&#8243; btn_add_icon=&#8221;true&#8221; btn_custom_onclick=&#8221;true&#8221;][\/vc_column][vc_column width=&#8221;1\/6&#8243;][\/vc_column][\/vc_row][vc_row][vc_column width=&#8221;1\/6&#8243;][\/vc_column][vc_column width=&#8221;2\/3&#8243;][vc_column_text] Conozca nuestros equipos de protecci\u00f3n y seguridad [&hellip;]<\/p>\n","protected":false},"author":1,"featured_media":0,"parent":0,"menu_order":0,"comment_status":"closed","ping_status":"closed","template":"page-full-width.php","meta":{"footnotes":""},"class_list":["post-8048","page","type-page","status-publish","hentry"],"_links":{"self":[{"href":"https:\/\/ozapato.com\/mx\/wp-json\/wp\/v2\/pages\/8048","targetHints":{"allow":["GET"]}}],"collection":[{"href":"https:\/\/ozapato.com\/mx\/wp-json\/wp\/v2\/pages"}],"about":[{"href":"https:\/\/ozapato.com\/mx\/wp-json\/wp\/v2\/types\/page"}],"author":[{"embeddable":true,"href":"https:\/\/ozapato.com\/mx\/wp-json\/wp\/v2\/users\/1"}],"replies":[{"embeddable":true,"href":"https:\/\/ozapato.com\/mx\/wp-json\/wp\/v2\/comments?post=8048"}],"version-history":[{"count":3,"href":"https:\/\/ozapato.com\/mx\/wp-json\/wp\/v2\/pages\/8048\/revisions"}],"predecessor-version":[{"id":8051,"href":"https:\/\/ozapato.com\/mx\/wp-json\/wp\/v2\/pages\/8048\/revisions\/8051"}],"wp:attachment":[{"href":"https:\/\/ozapato.com\/mx\/wp-json\/wp\/v2\/media?parent=8048"}],"curies":[{"name":"wp","href":"https:\/\/api.w.org\/{rel}","templated":true}]}}