{"id":8098,"date":"2018-02-05T16:45:16","date_gmt":"2018-02-05T23:45:16","guid":{"rendered":"http:\/\/ozapato.com\/mx\/?page_id=8098"},"modified":"2019-06-07T17:00:22","modified_gmt":"2019-06-07T23:00:22","slug":"botas-casco-proteccion","status":"publish","type":"page","link":"https:\/\/ozapato.com\/mx\/botas-casco-proteccion\/","title":{"rendered":"Botas Casco Protecci\u00f3n"},"content":{"rendered":"<p>[vc_row full_width=&#8221;stretch_row_content_no_spaces&#8221; full_height=&#8221;yes&#8221;][vc_column width=&#8221;1\/6&#8243;][\/vc_column][vc_column width=&#8221;2\/3&#8243;][vc_column_text]<\/p>\n<h2 style=\"text-align: center\">CALZADO CON CASCO PROTECTOR<\/h2>\n<p style=\"text-align: center\">Calzado garantizado hecho en M\u00e9xico. OZAPATO solement usa casco protector de policarbonato.<\/p>\n<p style=\"text-align: center\">Superior a cascos met\u00e1licos &#8211; Certificaci\u00f3n\u00a0 NOM-113-STPS-2009 &#8211; Envios a toda la rep\u00fablica &#8211; Precios de f\u00e1brica<\/p>\n<p>[\/vc_column_text][\/vc_column][vc_column width=&#8221;1\/6&#8243;][\/vc_column][\/vc_row][vc_row][vc_column width=&#8221;1\/6&#8243;][\/vc_column][vc_column width=&#8221;2\/3&#8243;]<div class=\"woocommerce columns-4 \"><ul class=\"products columns-4\">\n<li class=\"product type-product post-58 status-publish first onbackorder product_cat-botas-de-construccion product_cat-dielectrica product_cat-calzados-de-seguridad product_cat-mercadolibre has-post-thumbnail shipping-taxable purchasable product-type-variable\">\r\n\r\n\t\r\n    <div class=\"product_thumbnail_wrapper \">\r\n\r\n\t\t<a href=\"https:\/\/ozapato.com\/mx\/producto\/hybrid-01-desierto\/\" class=\"woocommerce-LoopProduct-link woocommerce-loop-product__link\">\r\n\r\n\t        <div class=\"product_thumbnail \">\r\n\t            <img loading=\"lazy\" decoding=\"async\" width=\"385\" height=\"385\" src=\"https:\/\/ozapato.com\/mx\/wp-content\/uploads\/sites\/4\/2017\/12\/thumbmail-Hybrid02-800x800.jpg\" class=\"attachment-woocommerce_thumbnail size-woocommerce_thumbnail\" alt=\"Hybrid 01 desierto botas antiperforaci\u00f3n.\" srcset=\"https:\/\/ozapato.com\/mx\/wp-content\/uploads\/sites\/4\/2017\/12\/thumbmail-Hybrid02-800x800.jpg 800w, https:\/\/ozapato.com\/mx\/wp-content\/uploads\/sites\/4\/2017\/12\/thumbmail-Hybrid02-800x800-150x150.jpg 150w, https:\/\/ozapato.com\/mx\/wp-content\/uploads\/sites\/4\/2017\/12\/thumbmail-Hybrid02-800x800-300x300.jpg 300w, https:\/\/ozapato.com\/mx\/wp-content\/uploads\/sites\/4\/2017\/12\/thumbmail-Hybrid02-800x800-768x768.jpg 768w, https:\/\/ozapato.com\/mx\/wp-content\/uploads\/sites\/4\/2017\/12\/thumbmail-Hybrid02-800x800-70x70.jpg 70w, https:\/\/ozapato.com\/mx\/wp-content\/uploads\/sites\/4\/2017\/12\/thumbmail-Hybrid02-800x800-385x385.jpg 385w, https:\/\/ozapato.com\/mx\/wp-content\/uploads\/sites\/4\/2017\/12\/thumbmail-Hybrid02-800x800-570x570.jpg 570w, https:\/\/ozapato.com\/mx\/wp-content\/uploads\/sites\/4\/2017\/12\/thumbmail-Hybrid02-800x800-32x32.jpg 32w\" sizes=\"auto, (max-width: 385px) 100vw, 385px\" \/>\t            \t        <\/div><!--.product_thumbnail-->\r\n\t\t<\/a>\r\n\r\n\t\t\t\t\t\t\t\r\n\t\t\r\n\t\t\r\n\t\t\r\n    <\/div><!--.product_thumbnail_wrapper-->\r\n\r\n    \r\n\t<h2 class=\"woocommerce-loop-product__title\">\r\n\t\t<a href=\"https:\/\/ozapato.com\/mx\/producto\/hybrid-01-desierto\/\">Hybrid  01 Desierto<\/a>\r\n\t<\/h2>\r\n\r\n\t<div class=\"star-rating\" role=\"img\" aria-label=\"Rated 5.00 out of 5\"><span style=\"width:100%\">Rated <strong class=\"rating\">5.00<\/strong> out of 5<\/span><\/div>\r\n        <div class=\"product_after_shop_loop\">\r\n        <div class=\"product_after_shop_loop_switcher\">\r\n    \r\n            \n\t<span class=\"price\"><span class=\"woocommerce-Price-amount amount\"><bdi><span class=\"woocommerce-Price-currencySymbol\">&#36;<\/span>1,499<\/bdi><\/span><\/span>\n\t<span id=\"woocommerce_loop_add_to_cart_link_describedby_58\" class=\"screen-reader-text\">\n\t\tThis product has multiple variants. The options may be chosen on the product page\t<\/span>\n\r\n            <\/div>\r\n    <\/div>\r\n    \r\n\t<span class=\"gtm4wp_productdata\" style=\"display:none; visibility:hidden;\" data-gtm4wp_product_data=\"{&quot;internal_id&quot;:58,&quot;item_id&quot;:58,&quot;item_name&quot;:&quot;Hybrid  01 Desierto&quot;,&quot;sku&quot;:&quot;HYBRID01DESIERTO&quot;,&quot;price&quot;:1499,&quot;stocklevel&quot;:0,&quot;stockstatus&quot;:&quot;onbackorder&quot;,&quot;google_business_vertical&quot;:&quot;retail&quot;,&quot;item_category&quot;:&quot;&quot;,&quot;id&quot;:58,&quot;productlink&quot;:&quot;https:\\\/\\\/ozapato.com\\\/mx\\\/producto\\\/hybrid-01-desierto\\\/&quot;,&quot;item_list_name&quot;:&quot;General Product List&quot;,&quot;index&quot;:1,&quot;product_type&quot;:&quot;variable&quot;,&quot;item_brand&quot;:&quot;&quot;}\"><\/span>\r\n<\/li>\r\n<li class=\"product type-product post-122 status-publish instock product_cat-botas-de-construccion product_cat-calzados-de-seguridad product_cat-para-mujeres has-post-thumbnail shipping-taxable purchasable product-type-variable\">\r\n\r\n\t\r\n    <div class=\"product_thumbnail_wrapper \">\r\n\r\n\t\t<a href=\"https:\/\/ozapato.com\/mx\/producto\/lady-01-bota-de-seguridad-mujer\/\" class=\"woocommerce-LoopProduct-link woocommerce-loop-product__link\">\r\n\r\n\t        <div class=\"product_thumbnail \">\r\n\t            <img loading=\"lazy\" decoding=\"async\" width=\"300\" height=\"300\" src=\"https:\/\/ozapato.com\/mx\/wp-content\/uploads\/sites\/4\/2017\/02\/thumbmail-Lady01-800x800-300x300.jpg\" class=\"attachment-woocommerce_thumbnail size-woocommerce_thumbnail\" alt=\"Lady 5 botas de seguridad para mujeres en M\u00e9xico\" srcset=\"https:\/\/ozapato.com\/mx\/wp-content\/uploads\/sites\/4\/2017\/02\/thumbmail-Lady01-800x800-300x300.jpg 300w, https:\/\/ozapato.com\/mx\/wp-content\/uploads\/sites\/4\/2017\/02\/thumbmail-Lady01-800x800-150x150.jpg 150w, https:\/\/ozapato.com\/mx\/wp-content\/uploads\/sites\/4\/2017\/02\/thumbmail-Lady01-800x800-768x768.jpg 768w, https:\/\/ozapato.com\/mx\/wp-content\/uploads\/sites\/4\/2017\/02\/thumbmail-Lady01-800x800-600x600.jpg 600w, https:\/\/ozapato.com\/mx\/wp-content\/uploads\/sites\/4\/2017\/02\/thumbmail-Lady01-800x800-100x100.jpg 100w, https:\/\/ozapato.com\/mx\/wp-content\/uploads\/sites\/4\/2017\/02\/thumbmail-Lady01-800x800.jpg 800w\" sizes=\"auto, (max-width: 300px) 100vw, 300px\" \/>\t            \t        <\/div><!--.product_thumbnail-->\r\n\t\t<\/a>\r\n\r\n\t\t\t\t\t\t\t\r\n\t\t\r\n\t\t\r\n\t\t\r\n    <\/div><!--.product_thumbnail_wrapper-->\r\n\r\n    \r\n\t<h2 class=\"woocommerce-loop-product__title\">\r\n\t\t<a href=\"https:\/\/ozapato.com\/mx\/producto\/lady-01-bota-de-seguridad-mujer\/\">Lady 01 &#8211; Botas de seguridad para mujer<\/a>\r\n\t<\/h2>\r\n\r\n\t\r\n        <div class=\"product_after_shop_loop\">\r\n        <div class=\"product_after_shop_loop_switcher\">\r\n    \r\n            \n\t<span class=\"price\"><span class=\"woocommerce-Price-amount amount\"><bdi><span class=\"woocommerce-Price-currencySymbol\">&#36;<\/span>899<\/bdi><\/span><\/span>\n\t<span id=\"woocommerce_loop_add_to_cart_link_describedby_122\" class=\"screen-reader-text\">\n\t\tThis product has multiple variants. The options may be chosen on the product page\t<\/span>\n\r\n            <\/div>\r\n    <\/div>\r\n    \r\n\t<span class=\"gtm4wp_productdata\" style=\"display:none; visibility:hidden;\" data-gtm4wp_product_data=\"{&quot;internal_id&quot;:122,&quot;item_id&quot;:122,&quot;item_name&quot;:&quot;Lady 01 - Botas de seguridad para mujer&quot;,&quot;sku&quot;:&quot;Lady01&quot;,&quot;price&quot;:899,&quot;stocklevel&quot;:null,&quot;stockstatus&quot;:&quot;instock&quot;,&quot;google_business_vertical&quot;:&quot;retail&quot;,&quot;item_category&quot;:&quot;Botas de construccion&quot;,&quot;id&quot;:122,&quot;productlink&quot;:&quot;https:\\\/\\\/ozapato.com\\\/mx\\\/producto\\\/lady-01-bota-de-seguridad-mujer\\\/&quot;,&quot;item_list_name&quot;:&quot;General Product List&quot;,&quot;index&quot;:2,&quot;product_type&quot;:&quot;variable&quot;,&quot;item_brand&quot;:&quot;&quot;}\"><\/span>\r\n<\/li>\r\n<li class=\"product type-product post-10591 status-publish instock product_cat-botas-de-construccion product_cat-calzado-industria-automotriz product_cat-calzados-de-seguridad has-post-thumbnail shipping-taxable purchasable product-type-variable has-default-attributes\">\r\n\r\n\t\r\n    <div class=\"product_thumbnail_wrapper \">\r\n\r\n\t\t<a href=\"https:\/\/ozapato.com\/mx\/producto\/rock-01\/\" class=\"woocommerce-LoopProduct-link woocommerce-loop-product__link\">\r\n\r\n\t        <div class=\"product_thumbnail with_second_image\">\r\n\t            <img loading=\"lazy\" decoding=\"async\" width=\"385\" height=\"385\" src=\"https:\/\/ozapato.com\/mx\/wp-content\/uploads\/sites\/4\/2019\/10\/thumbmail-Rock-01-385x385.png\" class=\"attachment-woocommerce_thumbnail size-woocommerce_thumbnail\" alt=\"Rock 01 bota de seguridad libre de metal en Mexico\" srcset=\"https:\/\/ozapato.com\/mx\/wp-content\/uploads\/sites\/4\/2019\/10\/thumbmail-Rock-01-385x385.png 385w, https:\/\/ozapato.com\/mx\/wp-content\/uploads\/sites\/4\/2019\/10\/thumbmail-Rock-01-300x300.png 300w, https:\/\/ozapato.com\/mx\/wp-content\/uploads\/sites\/4\/2019\/10\/thumbmail-Rock-01-150x150.png 150w, https:\/\/ozapato.com\/mx\/wp-content\/uploads\/sites\/4\/2019\/10\/thumbmail-Rock-01-768x768.png 768w, https:\/\/ozapato.com\/mx\/wp-content\/uploads\/sites\/4\/2019\/10\/thumbmail-Rock-01-570x570.png 570w, https:\/\/ozapato.com\/mx\/wp-content\/uploads\/sites\/4\/2019\/10\/thumbmail-Rock-01-100x100.png 100w, https:\/\/ozapato.com\/mx\/wp-content\/uploads\/sites\/4\/2019\/10\/thumbmail-Rock-01.png 1024w\" sizes=\"auto, (max-width: 385px) 100vw, 385px\" \/>\t            \t            \t<span class=\"product_thumbnail_background\" style=\"background-image:url(https:\/\/ozapato.com\/mx\/wp-content\/uploads\/sites\/4\/2019\/10\/generation-88afbe75-7b37-4dcf-b20b-9db96f6eea4c-385x450.png)\"><\/span>\r\n\t        \t\t        <\/div><!--.product_thumbnail-->\r\n\t\t<\/a>\r\n\r\n\t\t\t\t\t\t\t\r\n\t\t\r\n\t\t\r\n\t\t\r\n    <\/div><!--.product_thumbnail_wrapper-->\r\n\r\n    \r\n\t<h2 class=\"woocommerce-loop-product__title\">\r\n\t\t<a href=\"https:\/\/ozapato.com\/mx\/producto\/rock-01\/\">Rock 01<\/a>\r\n\t<\/h2>\r\n\r\n\t\r\n        <div class=\"product_after_shop_loop\">\r\n        <div class=\"product_after_shop_loop_switcher\">\r\n    \r\n            \n\t<span class=\"price\"><span class=\"woocommerce-Price-amount amount\"><bdi><span class=\"woocommerce-Price-currencySymbol\">&#36;<\/span>749<\/bdi><\/span><\/span>\n\t<span id=\"woocommerce_loop_add_to_cart_link_describedby_10591\" class=\"screen-reader-text\">\n\t\tThis product has multiple variants. The options may be chosen on the product page\t<\/span>\n\r\n            <\/div>\r\n    <\/div>\r\n    \r\n\t<span class=\"gtm4wp_productdata\" style=\"display:none; visibility:hidden;\" data-gtm4wp_product_data=\"{&quot;internal_id&quot;:10591,&quot;item_id&quot;:10591,&quot;item_name&quot;:&quot;Rock 01&quot;,&quot;sku&quot;:&quot;Rock01&quot;,&quot;price&quot;:749,&quot;stocklevel&quot;:1,&quot;stockstatus&quot;:&quot;instock&quot;,&quot;google_business_vertical&quot;:&quot;retail&quot;,&quot;item_category&quot;:&quot;Botas de construccion&quot;,&quot;id&quot;:10591,&quot;productlink&quot;:&quot;https:\\\/\\\/ozapato.com\\\/mx\\\/producto\\\/rock-01\\\/&quot;,&quot;item_list_name&quot;:&quot;General Product List&quot;,&quot;index&quot;:3,&quot;product_type&quot;:&quot;variable&quot;,&quot;item_brand&quot;:&quot;&quot;}\"><\/span>\r\n<\/li>\r\n<li class=\"product type-product post-9663 status-publish last instock product_cat-botas-de-construccion product_cat-dielectrica product_cat-goodyear-welt product_cat-calzados-de-seguridad product_cat-mercadolibre product_cat-mineria has-post-thumbnail shipping-taxable purchasable product-type-variable has-default-attributes\">\r\n\r\n\t\r\n    <div class=\"product_thumbnail_wrapper \">\r\n\r\n\t\t<a href=\"https:\/\/ozapato.com\/mx\/producto\/welt-santos-pro-6-eh\/\" class=\"woocommerce-LoopProduct-link woocommerce-loop-product__link\">\r\n\r\n\t        <div class=\"product_thumbnail with_second_image\">\r\n\t            <img loading=\"lazy\" decoding=\"async\" width=\"300\" height=\"300\" src=\"https:\/\/ozapato.com\/mx\/wp-content\/uploads\/sites\/4\/2017\/02\/Welt01_thumbmail-800x800-300x300.jpg\" class=\"attachment-woocommerce_thumbnail size-woocommerce_thumbnail\" alt=\"Welt Santos botas libres de metal\" srcset=\"https:\/\/ozapato.com\/mx\/wp-content\/uploads\/sites\/4\/2017\/02\/Welt01_thumbmail-800x800-300x300.jpg 300w, https:\/\/ozapato.com\/mx\/wp-content\/uploads\/sites\/4\/2017\/02\/Welt01_thumbmail-800x800-150x150.jpg 150w, https:\/\/ozapato.com\/mx\/wp-content\/uploads\/sites\/4\/2017\/02\/Welt01_thumbmail-800x800-768x768.jpg 768w, https:\/\/ozapato.com\/mx\/wp-content\/uploads\/sites\/4\/2017\/02\/Welt01_thumbmail-800x800-600x600.jpg 600w, https:\/\/ozapato.com\/mx\/wp-content\/uploads\/sites\/4\/2017\/02\/Welt01_thumbmail-800x800-100x100.jpg 100w, https:\/\/ozapato.com\/mx\/wp-content\/uploads\/sites\/4\/2017\/02\/Welt01_thumbmail-800x800.jpg 800w\" sizes=\"auto, (max-width: 300px) 100vw, 300px\" \/>\t            \t            \t<span class=\"product_thumbnail_background\" style=\"background-image:url(https:\/\/ozapato.com\/mx\/wp-content\/uploads\/sites\/4\/2018\/11\/Welt01_-Sept1_-385x255.jpg)\"><\/span>\r\n\t        \t\t        <\/div><!--.product_thumbnail-->\r\n\t\t<\/a>\r\n\r\n\t\t\t\t\t\t\t\r\n\t\t\r\n\t\t\r\n\t\t\r\n    <\/div><!--.product_thumbnail_wrapper-->\r\n\r\n    \r\n\t<h2 class=\"woocommerce-loop-product__title\">\r\n\t\t<a href=\"https:\/\/ozapato.com\/mx\/producto\/welt-santos-pro-6-eh\/\">Welt 01 Santos Pro 6\u2032<\/a>\r\n\t<\/h2>\r\n\r\n\t\r\n        <div class=\"product_after_shop_loop\">\r\n        <div class=\"product_after_shop_loop_switcher\">\r\n    \r\n            \n\t<span class=\"price\"><span class=\"woocommerce-Price-amount amount\"><bdi><span class=\"woocommerce-Price-currencySymbol\">&#36;<\/span>1,999<\/bdi><\/span><\/span>\n\t<span id=\"woocommerce_loop_add_to_cart_link_describedby_9663\" class=\"screen-reader-text\">\n\t\tThis product has multiple variants. The options may be chosen on the product page\t<\/span>\n\r\n            <\/div>\r\n    <\/div>\r\n    \r\n\t<span class=\"gtm4wp_productdata\" style=\"display:none; visibility:hidden;\" data-gtm4wp_product_data=\"{&quot;internal_id&quot;:9663,&quot;item_id&quot;:9663,&quot;item_name&quot;:&quot;Welt 01 Santos Pro 6\\u2032&quot;,&quot;sku&quot;:&quot;WELTSANTOS&quot;,&quot;price&quot;:1999,&quot;stocklevel&quot;:null,&quot;stockstatus&quot;:&quot;instock&quot;,&quot;google_business_vertical&quot;:&quot;retail&quot;,&quot;item_category&quot;:&quot;Miner\\u00eda&quot;,&quot;id&quot;:9663,&quot;productlink&quot;:&quot;https:\\\/\\\/ozapato.com\\\/mx\\\/producto\\\/welt-santos-pro-6-eh\\\/&quot;,&quot;item_list_name&quot;:&quot;General Product List&quot;,&quot;index&quot;:4,&quot;product_type&quot;:&quot;variable&quot;,&quot;item_brand&quot;:&quot;&quot;}\"><\/span>\r\n<\/li>\r\n<\/ul>\n<\/div>[\/vc_column][vc_column width=&#8221;1\/6&#8243;][\/vc_column][\/vc_row][vc_row][vc_column width=&#8221;1\/6&#8243;][\/vc_column][vc_column width=&#8221;2\/3&#8243;][vc_column_text]<\/p>\n<h4 style=\"text-align: center\">\u00a1Botas de construcci\u00f3n fabricadas en M\u00e9xico!<\/h4>\n<p style=\"text-align: justify\">Hemos creado y dise\u00f1ado calzado espec\u00edfico para la industria mexicana que cumpla con las exigencias de cada sector.<\/p>\n<p style=\"text-align: justify\">Cada modelo de nuestras botas de construcci\u00f3n ha sido pensado para ofrecer un alto nivel de seguridad, sin comprometer la comodidad o la resistencia. Todas las botas de construcci\u00f3n vienen con plantillas antiperforaci\u00f3n textiles, estas plantillas son m\u00e1s resistentes que las plantillas met\u00e1licas adem\u00e1s de ser m\u00e1s flexibles. Las botas de construcci\u00f3n tienen un casco de poliamida que les protege de los peligros que pueden encontrar en su trabajo.<\/p>\n<p style=\"text-align: justify\">Con botas de trabajo diel\u00e9ctricas, antideslizantes, hidrofugadas o reforzadas tenemos soluciones para todas sus necesidades. \u00a1Elija las botas de construcci\u00f3n que necesita para trabajar con seguridad!<\/p>\n<p>[\/vc_column_text][\/vc_column][vc_column width=&#8221;1\/6&#8243;][\/vc_column][\/vc_row][vc_row][vc_column width=&#8221;1\/6&#8243;][\/vc_column][vc_column width=&#8221;2\/3&#8243;][contact-form-7 id=&#8221;6330&#8243;][vc_column_text]<\/p>\n<p style=\"text-align: justify\">Nos puede llamar al\u00a0<a href=\"tel:9842346445\">984 234 6445<\/a>\u00a0o simplemente enviar un correo a\u00a0<a href=\"mailto:mexico@ozapato.com\">mexico@ozapato.com<\/a>\u00a0para conocer nuestra oferta de calzado para M\u00e9xico y recibir una cotizaci\u00f3n gratuita. Tenemos soluciones para todas las industrias.<\/p>\n<p>[\/vc_column_text][\/vc_column][vc_column width=&#8221;1\/6&#8243;][\/vc_column][\/vc_row]<\/p>\n","protected":false},"excerpt":{"rendered":"<p>[vc_row full_width=&#8221;stretch_row_content_no_spaces&#8221; full_height=&#8221;yes&#8221;][vc_column width=&#8221;1\/6&#8243;][\/vc_column][vc_column width=&#8221;2\/3&#8243;][vc_column_text] CALZADO CON CASCO PROTECTOR Calzado garantizado hecho en M\u00e9xico. OZAPATO solement usa casco protector de policarbonato. Superior a cascos met\u00e1licos &#8211; Certificaci\u00f3n\u00a0 NOM-113-STPS-2009 &#8211; Envios a toda la rep\u00fablica &#8211; Precios de f\u00e1brica [\/vc_column_text][\/vc_column][vc_column width=&#8221;1\/6&#8243;][\/vc_column][\/vc_row][vc_row][vc_column width=&#8221;1\/6&#8243;][\/vc_column][vc_column width=&#8221;2\/3&#8243;][\/vc_column][vc_column width=&#8221;1\/6&#8243;][\/vc_column][\/vc_row][vc_row][vc_column width=&#8221;1\/6&#8243;][\/vc_column][vc_column width=&#8221;2\/3&#8243;][vc_column_text] \u00a1Botas de construcci\u00f3n fabricadas en M\u00e9xico! Hemos creado y dise\u00f1ado [&hellip;]<\/p>\n","protected":false},"author":3,"featured_media":0,"parent":0,"menu_order":0,"comment_status":"closed","ping_status":"closed","template":"page-full-width.php","meta":{"footnotes":""},"class_list":["post-8098","page","type-page","status-publish","hentry"],"_links":{"self":[{"href":"https:\/\/ozapato.com\/mx\/wp-json\/wp\/v2\/pages\/8098","targetHints":{"allow":["GET"]}}],"collection":[{"href":"https:\/\/ozapato.com\/mx\/wp-json\/wp\/v2\/pages"}],"about":[{"href":"https:\/\/ozapato.com\/mx\/wp-json\/wp\/v2\/types\/page"}],"author":[{"embeddable":true,"href":"https:\/\/ozapato.com\/mx\/wp-json\/wp\/v2\/users\/3"}],"replies":[{"embeddable":true,"href":"https:\/\/ozapato.com\/mx\/wp-json\/wp\/v2\/comments?post=8098"}],"version-history":[{"count":6,"href":"https:\/\/ozapato.com\/mx\/wp-json\/wp\/v2\/pages\/8098\/revisions"}],"predecessor-version":[{"id":9462,"href":"https:\/\/ozapato.com\/mx\/wp-json\/wp\/v2\/pages\/8098\/revisions\/9462"}],"wp:attachment":[{"href":"https:\/\/ozapato.com\/mx\/wp-json\/wp\/v2\/media?parent=8098"}],"curies":[{"name":"wp","href":"https:\/\/api.w.org\/{rel}","templated":true}]}}