{"id":8110,"date":"2018-02-28T23:41:12","date_gmt":"2018-03-01T04:41:12","guid":{"rendered":"http:\/\/ozapato.com\/mx\/?page_id=8110"},"modified":"2018-03-01T01:17:20","modified_gmt":"2018-03-01T06:17:20","slug":"botas-de-seguridad","status":"publish","type":"page","link":"https:\/\/ozapato.com\/mx\/botas-de-seguridad\/","title":{"rendered":"Botas de Seguridad"},"content":{"rendered":"<p>[vc_row full_width=&#8221;stretch_row&#8221;][vc_column width=&#8221;1\/6&#8243;][\/vc_column][vc_column width=&#8221;2\/3&#8243;][vc_column_text]<\/p>\n<h2 style=\"text-align: center;\">BOTAS DE SEGURIDAD<\/h2>\n<h2 style=\"text-align: center;\"><span style=\"color: #000000;\">OZAPATO<\/span><\/h2>\n<p>[\/vc_column_text][\/vc_column][vc_column width=&#8221;1\/6&#8243;][\/vc_column][\/vc_row][vc_row][vc_column width=&#8221;1\/6&#8243;][\/vc_column][vc_column width=&#8221;2\/3&#8243;]<div class=\"woocommerce columns-4 \"><\/div>[\/vc_column][vc_column width=&#8221;1\/6&#8243;][\/vc_column][\/vc_row][vc_row][vc_column width=&#8221;1\/6&#8243;][\/vc_column][vc_column width=&#8221;2\/3&#8243;][vc_column_text]<\/p>\n<div style=\"text-align: center;\">\n<p>BOTAS DE SEGURIDAD OZAPATO<\/p>\n<p style=\"text-align: justify;\">Nuestras botas de seguridad usan 3 tipos distintas formas de unir la suela el\u00e1stomero antiderrapante al cuero: Cementado para modelos diel\u00e9ctricos certificados a 18.000 Voltios, <a href=\"https:\/\/en.wikipedia.org\/wiki\/Lockstitch\" target=\"_blank\" rel=\"noopener\">lockstitch<\/a> para modelos de uso rudo y costura Goodyear Welt. por su seguridad hemos a\u00f1adido un casco de poliamida y plantillas antiperforaci\u00f3n textiles que lo proteger\u00e1n de los peligros que puede encontrar en su trabajo diario. Nuestra suela de elast\u00f3mero es ideal para caminar en superficies con una gran presencia de agua o de hidrocarburos. Su tecnolog\u00eda anti derrapante mismo en aceites est\u00e1 pensada para \u00e1reas muy deslizantes, especialmente en superficies met\u00e1licas y lisas.<\/p>\n<p style=\"text-align: justify;\">Con los zapatos de seguridad diel\u00e9ctricos, antideslizantes, hidrofugados y reforzados tenemos soluciones para cualquier tipo de industria. \u00a1Elija los zapatos que necesite para trabajar con seguridad!<\/p>\n<\/div>\n<p>[\/vc_column_text][\/vc_column][vc_column width=&#8221;1\/6&#8243;][\/vc_column][\/vc_row][vc_row][vc_column width=&#8221;1\/6&#8243;][\/vc_column][vc_column width=&#8221;2\/3&#8243;][vc_column_text]<\/p>\n<h2>Necesita una cotizaci\u00f3n para botas de seguridad?<\/h2>\n<p>Nos puede llamar al 984 234 6445 o simplemente enviar un correo a <a href=\"mailto:mexico@ozapato.com\" target=\"_blank\" rel=\"noopener\">mexico@ozapato.com<\/a> para conocer nuestra oferta de calzado de seguridad en M\u00e9xico y recibir una cotizaci\u00f3n gratuita. Tenemos soluciones para todas las industrias.[\/vc_column_text][\/vc_column][vc_column width=&#8221;1\/6&#8243;][\/vc_column][\/vc_row][vc_row][vc_column width=&#8221;1\/6&#8243;][\/vc_column][vc_column width=&#8221;2\/3&#8243;][contact-form-7 id=&#8221;6330&#8243;][\/vc_column][vc_column width=&#8221;1\/6&#8243;][\/vc_column][\/vc_row][vc_row][vc_column][vc_column_text]<\/p>\n<p>[\/vc_column_text][\/vc_column][\/vc_row]<\/p>\n","protected":false},"excerpt":{"rendered":"<p>[vc_row full_width=&#8221;stretch_row&#8221;][vc_column width=&#8221;1\/6&#8243;][\/vc_column][vc_column width=&#8221;2\/3&#8243;][vc_column_text] BOTAS DE SEGURIDAD OZAPATO [\/vc_column_text][\/vc_column][vc_column width=&#8221;1\/6&#8243;][\/vc_column][\/vc_row][vc_row][vc_column width=&#8221;1\/6&#8243;][\/vc_column][vc_column width=&#8221;2\/3&#8243;][\/vc_column][vc_column width=&#8221;1\/6&#8243;][\/vc_column][\/vc_row][vc_row][vc_column width=&#8221;1\/6&#8243;][\/vc_column][vc_column width=&#8221;2\/3&#8243;][vc_column_text] BOTAS DE SEGURIDAD OZAPATO Nuestras botas de seguridad usan 3 tipos distintas formas de unir la suela el\u00e1stomero antiderrapante al cuero: Cementado para modelos diel\u00e9ctricos certificados a 18.000 Voltios, lockstitch para modelos de uso rudo y costura Goodyear Welt. por [&hellip;]<\/p>\n","protected":false},"author":3,"featured_media":0,"parent":0,"menu_order":0,"comment_status":"closed","ping_status":"closed","template":"","meta":{"footnotes":""},"class_list":["post-8110","page","type-page","status-publish","hentry"],"_links":{"self":[{"href":"https:\/\/ozapato.com\/mx\/wp-json\/wp\/v2\/pages\/8110","targetHints":{"allow":["GET"]}}],"collection":[{"href":"https:\/\/ozapato.com\/mx\/wp-json\/wp\/v2\/pages"}],"about":[{"href":"https:\/\/ozapato.com\/mx\/wp-json\/wp\/v2\/types\/page"}],"author":[{"embeddable":true,"href":"https:\/\/ozapato.com\/mx\/wp-json\/wp\/v2\/users\/3"}],"replies":[{"embeddable":true,"href":"https:\/\/ozapato.com\/mx\/wp-json\/wp\/v2\/comments?post=8110"}],"version-history":[{"count":7,"href":"https:\/\/ozapato.com\/mx\/wp-json\/wp\/v2\/pages\/8110\/revisions"}],"predecessor-version":[{"id":8117,"href":"https:\/\/ozapato.com\/mx\/wp-json\/wp\/v2\/pages\/8110\/revisions\/8117"}],"wp:attachment":[{"href":"https:\/\/ozapato.com\/mx\/wp-json\/wp\/v2\/media?parent=8110"}],"curies":[{"name":"wp","href":"https:\/\/api.w.org\/{rel}","templated":true}]}}