{"id":823,"date":"2016-03-03T18:07:01","date_gmt":"2016-03-03T18:07:01","guid":{"rendered":"https:\/\/ozapato.com\/mx\/?page_id=823"},"modified":"2016-09-27T16:16:28","modified_gmt":"2016-09-27T16:16:28","slug":"zapatos-casuales","status":"publish","type":"page","link":"https:\/\/ozapato.com\/mx\/zapatos-casuales\/","title":{"rendered":"Zapatos Casuales -100% Hechos en M\u00e9xico"},"content":{"rendered":"<p>[vc_row full_width=&#8221;stretch_row&#8221; full_height=&#8221;yes&#8221; video_bg=&#8221;yes&#8221; video_bg_url=&#8221;https:\/\/www.youtube.com\/watch?v=3Pr5fHa37aQ&#8221; css=&#8221;.vc_custom_1467475091664{background: #000000 url(https:\/\/ozapato.com\/pa\/wp-content\/uploads\/sites\/2\/2016\/02\/Botas-Casuales.jpg?id=1466) !important;}&#8221;][vc_column width=&#8221;1\/6&#8243;][\/vc_column][vc_column width=&#8221;2\/3&#8243;][vc_column_text]<\/p>\n<h1 style=\"text-align: center;\"><span style=\"color: #ffffff;\">ZAPATOS Y BOTAS CASUALES BORN IN MEXICO<\/span><\/h1>\n<p>[\/vc_column_text][\/vc_column][vc_column width=&#8221;1\/6&#8243;][\/vc_column][\/vc_row][vc_row][vc_column width=&#8221;1\/6&#8243;][\/vc_column][vc_column width=&#8221;2\/3&#8243;]<div class=\"woocommerce columns-3 \"><\/div>[\/vc_column][vc_column width=&#8221;1\/6&#8243;][\/vc_column][\/vc_row][vc_row][vc_column width=&#8221;1\/6&#8243;][\/vc_column][vc_column width=&#8221;2\/3&#8243;][vc_column_text]<\/p>\n<h2 style=\"text-align: center;\">\u00a1 Zapatos\u00a0casuales\u00a0100% hechos en M\u00e9xico\u00a0!<\/h2>\n<p style=\"text-align: justify;\">Aprovechando de nuestra experiencia en \u00a0nuestros calzados\u00a0de seguridad,\u00a0<a href=\"https:\/\/www.facebook.com\/ozapato\/\" target=\"_blank\" rel=\"noopener\">OZAPATO<\/a>\u00a0ha creado una \u00a0l\u00ednea de zapatos y sneakers casuales minimalistas con normas de calidad industrial.<\/p>\n<p style=\"text-align: justify;\">Todos nuestros modelos\u00a0zapatos casuales est\u00e1n 100% hechos de cuero de flor entera de alta calidad y cosidos con un proceso lockstitch o &#8220;<a href=\"https:\/\/ozapato.com\/pa\/construcciones-de-calzado-goodyear-welt-blake-stitch-y-pegado\/\" target=\"_blank\">Goodyear Welt<\/a>&#8220;. Eso nos permite\u00a0ofrecer zapatos casuales muy resistentes y botas cosidas impermeables.<\/p>\n<p style=\"text-align: justify;\">Son ideales para andar en la cuidad o para pasear en las monta\u00f1as.<\/p>\n<p>[\/vc_column_text][\/vc_column][vc_column width=&#8221;1\/6&#8243;][\/vc_column][\/vc_row][vc_row][vc_column width=&#8221;1\/6&#8243;][\/vc_column][vc_column width=&#8221;2\/3&#8243;]<div class=\"woocommerce columns-3 \"><ul class=\"products columns-3\">\n<li class=\"product type-product post-9663 status-publish first instock product_cat-botas-de-construccion product_cat-dielectrica product_cat-goodyear-welt product_cat-calzados-de-seguridad product_cat-mercadolibre product_cat-mineria has-post-thumbnail shipping-taxable purchasable product-type-variable has-default-attributes\">\r\n\r\n\t\r\n    <div class=\"product_thumbnail_wrapper \">\r\n\r\n\t\t<a href=\"https:\/\/ozapato.com\/mx\/producto\/welt-santos-pro-6-eh\/\" class=\"woocommerce-LoopProduct-link woocommerce-loop-product__link\">\r\n\r\n\t        <div class=\"product_thumbnail with_second_image\">\r\n\t            <img loading=\"lazy\" decoding=\"async\" width=\"300\" height=\"300\" src=\"https:\/\/ozapato.com\/mx\/wp-content\/uploads\/sites\/4\/2017\/02\/Welt01_thumbmail-800x800-300x300.jpg\" class=\"attachment-woocommerce_thumbnail size-woocommerce_thumbnail\" alt=\"Welt Santos botas libres de metal\" srcset=\"https:\/\/ozapato.com\/mx\/wp-content\/uploads\/sites\/4\/2017\/02\/Welt01_thumbmail-800x800-300x300.jpg 300w, https:\/\/ozapato.com\/mx\/wp-content\/uploads\/sites\/4\/2017\/02\/Welt01_thumbmail-800x800-150x150.jpg 150w, https:\/\/ozapato.com\/mx\/wp-content\/uploads\/sites\/4\/2017\/02\/Welt01_thumbmail-800x800-768x768.jpg 768w, https:\/\/ozapato.com\/mx\/wp-content\/uploads\/sites\/4\/2017\/02\/Welt01_thumbmail-800x800-600x600.jpg 600w, https:\/\/ozapato.com\/mx\/wp-content\/uploads\/sites\/4\/2017\/02\/Welt01_thumbmail-800x800-100x100.jpg 100w, https:\/\/ozapato.com\/mx\/wp-content\/uploads\/sites\/4\/2017\/02\/Welt01_thumbmail-800x800.jpg 800w\" sizes=\"auto, (max-width: 300px) 100vw, 300px\" \/>\t            \t            \t<span class=\"product_thumbnail_background\" style=\"background-image:url(https:\/\/ozapato.com\/mx\/wp-content\/uploads\/sites\/4\/2018\/11\/Welt01_-Sept1_-385x255.jpg)\"><\/span>\r\n\t        \t\t        <\/div><!--.product_thumbnail-->\r\n\t\t<\/a>\r\n\r\n\t\t\t\t\t\t\t\r\n\t\t\r\n\t\t\r\n\t\t\r\n    <\/div><!--.product_thumbnail_wrapper-->\r\n\r\n    \r\n\t<h2 class=\"woocommerce-loop-product__title\">\r\n\t\t<a href=\"https:\/\/ozapato.com\/mx\/producto\/welt-santos-pro-6-eh\/\">Welt 01 Santos Pro 6\u2032<\/a>\r\n\t<\/h2>\r\n\r\n\t\r\n        <div class=\"product_after_shop_loop\">\r\n        <div class=\"product_after_shop_loop_switcher\">\r\n    \r\n            \n\t<span class=\"price\"><span class=\"woocommerce-Price-amount amount\"><bdi><span class=\"woocommerce-Price-currencySymbol\">&#36;<\/span>1,999<\/bdi><\/span><\/span>\n\t<span id=\"woocommerce_loop_add_to_cart_link_describedby_9663\" class=\"screen-reader-text\">\n\t\tThis product has multiple variants. The options may be chosen on the product page\t<\/span>\n\r\n            <\/div>\r\n    <\/div>\r\n    \r\n\t<span class=\"gtm4wp_productdata\" style=\"display:none; visibility:hidden;\" data-gtm4wp_product_data=\"{&quot;internal_id&quot;:9663,&quot;item_id&quot;:9663,&quot;item_name&quot;:&quot;Welt 01 Santos Pro 6\\u2032&quot;,&quot;sku&quot;:&quot;WELTSANTOS&quot;,&quot;price&quot;:1999,&quot;stocklevel&quot;:null,&quot;stockstatus&quot;:&quot;instock&quot;,&quot;google_business_vertical&quot;:&quot;retail&quot;,&quot;item_category&quot;:&quot;Miner\\u00eda&quot;,&quot;id&quot;:9663,&quot;productlink&quot;:&quot;https:\\\/\\\/ozapato.com\\\/mx\\\/producto\\\/welt-santos-pro-6-eh\\\/&quot;,&quot;item_list_name&quot;:&quot;General Product List&quot;,&quot;index&quot;:1,&quot;product_type&quot;:&quot;variable&quot;,&quot;item_brand&quot;:&quot;&quot;}\"><\/span>\r\n<\/li>\r\n<li class=\"product type-product post-7988 status-publish instock product_cat-dielectrica product_cat-goodyear-welt product_cat-calzados-de-seguridad product_cat-mercadolibre product_cat-mineria has-post-thumbnail sold-individually shipping-taxable purchasable product-type-variable\">\r\n\r\n\t\r\n    <div class=\"product_thumbnail_wrapper \">\r\n\r\n\t\t<a href=\"https:\/\/ozapato.com\/mx\/producto\/welt-grip-fuerza\/\" class=\"woocommerce-LoopProduct-link woocommerce-loop-product__link\">\r\n\r\n\t        <div class=\"product_thumbnail \">\r\n\t            <img loading=\"lazy\" decoding=\"async\" width=\"385\" height=\"385\" src=\"https:\/\/ozapato.com\/mx\/wp-content\/uploads\/sites\/4\/2018\/01\/thumbmail-Welt02-800x800.jpg\" class=\"attachment-woocommerce_thumbnail size-woocommerce_thumbnail\" alt=\"Welt Santos botas con protecci\u00f3n frontal\" srcset=\"https:\/\/ozapato.com\/mx\/wp-content\/uploads\/sites\/4\/2018\/01\/thumbmail-Welt02-800x800.jpg 800w, https:\/\/ozapato.com\/mx\/wp-content\/uploads\/sites\/4\/2018\/01\/thumbmail-Welt02-800x800-150x150.jpg 150w, https:\/\/ozapato.com\/mx\/wp-content\/uploads\/sites\/4\/2018\/01\/thumbmail-Welt02-800x800-300x300.jpg 300w, https:\/\/ozapato.com\/mx\/wp-content\/uploads\/sites\/4\/2018\/01\/thumbmail-Welt02-800x800-768x768.jpg 768w, https:\/\/ozapato.com\/mx\/wp-content\/uploads\/sites\/4\/2018\/01\/thumbmail-Welt02-800x800-70x70.jpg 70w, https:\/\/ozapato.com\/mx\/wp-content\/uploads\/sites\/4\/2018\/01\/thumbmail-Welt02-800x800-385x385.jpg 385w, https:\/\/ozapato.com\/mx\/wp-content\/uploads\/sites\/4\/2018\/01\/thumbmail-Welt02-800x800-570x570.jpg 570w, https:\/\/ozapato.com\/mx\/wp-content\/uploads\/sites\/4\/2018\/01\/thumbmail-Welt02-800x800-600x600.jpg 600w\" sizes=\"auto, (max-width: 385px) 100vw, 385px\" \/>\t            \t        <\/div><!--.product_thumbnail-->\r\n\t\t<\/a>\r\n\r\n\t\t\t\t\t\t\t\r\n\t\t\r\n\t\t\r\n\t\t\r\n    <\/div><!--.product_thumbnail_wrapper-->\r\n\r\n    \r\n\t<h2 class=\"woocommerce-loop-product__title\">\r\n\t\t<a href=\"https:\/\/ozapato.com\/mx\/producto\/welt-grip-fuerza\/\">Welt 06 Fuerza<\/a>\r\n\t<\/h2>\r\n\r\n\t\r\n        <div class=\"product_after_shop_loop\">\r\n        <div class=\"product_after_shop_loop_switcher\">\r\n    \r\n            \n\t<span class=\"price\"><span class=\"woocommerce-Price-amount amount\"><bdi><span class=\"woocommerce-Price-currencySymbol\">&#36;<\/span>1,999<\/bdi><\/span><\/span>\n\t<span id=\"woocommerce_loop_add_to_cart_link_describedby_7988\" class=\"screen-reader-text\">\n\t\tThis product has multiple variants. The options may be chosen on the product page\t<\/span>\n\r\n            <\/div>\r\n    <\/div>\r\n    \r\n\t<span class=\"gtm4wp_productdata\" style=\"display:none; visibility:hidden;\" data-gtm4wp_product_data=\"{&quot;internal_id&quot;:7988,&quot;item_id&quot;:7988,&quot;item_name&quot;:&quot;Welt 06 Fuerza&quot;,&quot;sku&quot;:&quot;WELT06&quot;,&quot;price&quot;:1999,&quot;stocklevel&quot;:137,&quot;stockstatus&quot;:&quot;instock&quot;,&quot;google_business_vertical&quot;:&quot;retail&quot;,&quot;item_category&quot;:&quot;Miner\\u00eda&quot;,&quot;id&quot;:7988,&quot;productlink&quot;:&quot;https:\\\/\\\/ozapato.com\\\/mx\\\/producto\\\/welt-grip-fuerza\\\/&quot;,&quot;item_list_name&quot;:&quot;General Product List&quot;,&quot;index&quot;:2,&quot;product_type&quot;:&quot;variable&quot;,&quot;item_brand&quot;:&quot;&quot;}\"><\/span>\r\n<\/li>\r\n<li class=\"product type-product post-4921 status-publish last instock product_cat-dielectrica product_cat-goodyear-welt product_cat-calzados-de-seguridad product_cat-mercadolibre product_cat-soldador has-post-thumbnail shipping-taxable purchasable product-type-variable has-default-attributes\">\r\n\r\n\t\r\n    <div class=\"product_thumbnail_wrapper \">\r\n\r\n\t\t<a href=\"https:\/\/ozapato.com\/mx\/producto\/spark-01\/\" class=\"woocommerce-LoopProduct-link woocommerce-loop-product__link\">\r\n\r\n\t        <div class=\"product_thumbnail \">\r\n\t            <img loading=\"lazy\" decoding=\"async\" width=\"385\" height=\"385\" src=\"https:\/\/ozapato.com\/mx\/wp-content\/uploads\/sites\/4\/2017\/12\/thumbmail-Spark-800x800.jpg\" class=\"attachment-woocommerce_thumbnail size-woocommerce_thumbnail\" alt=\"Spark botas para soldador de M\u00e9xico\" srcset=\"https:\/\/ozapato.com\/mx\/wp-content\/uploads\/sites\/4\/2017\/12\/thumbmail-Spark-800x800.jpg 800w, https:\/\/ozapato.com\/mx\/wp-content\/uploads\/sites\/4\/2017\/12\/thumbmail-Spark-800x800-150x150.jpg 150w, https:\/\/ozapato.com\/mx\/wp-content\/uploads\/sites\/4\/2017\/12\/thumbmail-Spark-800x800-300x300.jpg 300w, https:\/\/ozapato.com\/mx\/wp-content\/uploads\/sites\/4\/2017\/12\/thumbmail-Spark-800x800-768x768.jpg 768w, https:\/\/ozapato.com\/mx\/wp-content\/uploads\/sites\/4\/2017\/12\/thumbmail-Spark-800x800-70x70.jpg 70w, https:\/\/ozapato.com\/mx\/wp-content\/uploads\/sites\/4\/2017\/12\/thumbmail-Spark-800x800-385x385.jpg 385w, https:\/\/ozapato.com\/mx\/wp-content\/uploads\/sites\/4\/2017\/12\/thumbmail-Spark-800x800-570x570.jpg 570w, https:\/\/ozapato.com\/mx\/wp-content\/uploads\/sites\/4\/2017\/12\/thumbmail-Spark-800x800-32x32.jpg 32w\" sizes=\"auto, (max-width: 385px) 100vw, 385px\" \/>\t            \t        <\/div><!--.product_thumbnail-->\r\n\t\t<\/a>\r\n\r\n\t\t\t\t\t\t\t\r\n\t\t\r\n\t\t\r\n\t\t\r\n    <\/div><!--.product_thumbnail_wrapper-->\r\n\r\n    \r\n\t<h2 class=\"woocommerce-loop-product__title\">\r\n\t\t<a href=\"https:\/\/ozapato.com\/mx\/producto\/spark-01\/\">Spark 01<\/a>\r\n\t<\/h2>\r\n\r\n\t\r\n        <div class=\"product_after_shop_loop\">\r\n        <div class=\"product_after_shop_loop_switcher\">\r\n    \r\n            \n\t<span class=\"price\"><span class=\"woocommerce-Price-amount amount\"><bdi><span class=\"woocommerce-Price-currencySymbol\">&#36;<\/span>1,799<\/bdi><\/span><\/span>\n\t<span id=\"woocommerce_loop_add_to_cart_link_describedby_4921\" class=\"screen-reader-text\">\n\t\tThis product has multiple variants. The options may be chosen on the product page\t<\/span>\n\r\n            <\/div>\r\n    <\/div>\r\n    \r\n\t<span class=\"gtm4wp_productdata\" style=\"display:none; visibility:hidden;\" data-gtm4wp_product_data=\"{&quot;internal_id&quot;:4921,&quot;item_id&quot;:4921,&quot;item_name&quot;:&quot;Spark 01&quot;,&quot;sku&quot;:&quot;SPARK01&quot;,&quot;price&quot;:1799,&quot;stocklevel&quot;:10,&quot;stockstatus&quot;:&quot;instock&quot;,&quot;google_business_vertical&quot;:&quot;retail&quot;,&quot;item_category&quot;:&quot;Soldador&quot;,&quot;id&quot;:4921,&quot;productlink&quot;:&quot;https:\\\/\\\/ozapato.com\\\/mx\\\/producto\\\/spark-01\\\/&quot;,&quot;item_list_name&quot;:&quot;General Product List&quot;,&quot;index&quot;:3,&quot;product_type&quot;:&quot;variable&quot;,&quot;item_brand&quot;:&quot;&quot;}\"><\/span>\r\n<\/li>\r\n<li class=\"product type-product post-9986 status-publish first onbackorder product_cat-dielectrica product_cat-goodyear-welt product_cat-calzados-de-seguridad product_cat-mineria product_cat-soldador has-post-thumbnail shipping-taxable purchasable product-type-variable has-default-attributes\">\r\n\r\n\t\r\n    <div class=\"product_thumbnail_wrapper \">\r\n\r\n\t\t<a href=\"https:\/\/ozapato.com\/mx\/producto\/welt-07\/\" class=\"woocommerce-LoopProduct-link woocommerce-loop-product__link\">\r\n\r\n\t        <div class=\"product_thumbnail \">\r\n\t            <img loading=\"lazy\" decoding=\"async\" width=\"385\" height=\"385\" src=\"https:\/\/ozapato.com\/mx\/wp-content\/uploads\/sites\/4\/2019\/09\/Welt07-47-Thumbmail-385x385.jpg\" class=\"attachment-woocommerce_thumbnail size-woocommerce_thumbnail\" alt=\"Botas con proteccion Metatarsal\" srcset=\"https:\/\/ozapato.com\/mx\/wp-content\/uploads\/sites\/4\/2019\/09\/Welt07-47-Thumbmail-385x385.jpg 385w, https:\/\/ozapato.com\/mx\/wp-content\/uploads\/sites\/4\/2019\/09\/Welt07-47-Thumbmail-150x150.jpg 150w, https:\/\/ozapato.com\/mx\/wp-content\/uploads\/sites\/4\/2019\/09\/Welt07-47-Thumbmail-300x300.jpg 300w, https:\/\/ozapato.com\/mx\/wp-content\/uploads\/sites\/4\/2019\/09\/Welt07-47-Thumbmail-768x768.jpg 768w, https:\/\/ozapato.com\/mx\/wp-content\/uploads\/sites\/4\/2019\/09\/Welt07-47-Thumbmail-570x570.jpg 570w, https:\/\/ozapato.com\/mx\/wp-content\/uploads\/sites\/4\/2019\/09\/Welt07-47-Thumbmail-100x100.jpg 100w, https:\/\/ozapato.com\/mx\/wp-content\/uploads\/sites\/4\/2019\/09\/Welt07-47-Thumbmail.jpg 800w\" sizes=\"auto, (max-width: 385px) 100vw, 385px\" \/>\t            \t        <\/div><!--.product_thumbnail-->\r\n\t\t<\/a>\r\n\r\n\t\t\t\t\t\t\t\r\n\t\t\r\n\t\t\r\n\t\t\r\n    <\/div><!--.product_thumbnail_wrapper-->\r\n\r\n    \r\n\t<h2 class=\"woocommerce-loop-product__title\">\r\n\t\t<a href=\"https:\/\/ozapato.com\/mx\/producto\/welt-07\/\">Welt 07 Metatarsal<\/a>\r\n\t<\/h2>\r\n\r\n\t\r\n        <div class=\"product_after_shop_loop\">\r\n        <div class=\"product_after_shop_loop_switcher\">\r\n    \r\n            \n\t<span class=\"price\"><span class=\"woocommerce-Price-amount amount\"><bdi><span class=\"woocommerce-Price-currencySymbol\">&#36;<\/span>2,499<\/bdi><\/span><\/span>\n\t<span id=\"woocommerce_loop_add_to_cart_link_describedby_9986\" class=\"screen-reader-text\">\n\t\tThis product has multiple variants. The options may be chosen on the product page\t<\/span>\n\r\n            <\/div>\r\n    <\/div>\r\n    \r\n\t<span class=\"gtm4wp_productdata\" style=\"display:none; visibility:hidden;\" data-gtm4wp_product_data=\"{&quot;internal_id&quot;:9986,&quot;item_id&quot;:9986,&quot;item_name&quot;:&quot;Welt 07 Metatarsal&quot;,&quot;sku&quot;:&quot;WELT07&quot;,&quot;price&quot;:2499,&quot;stocklevel&quot;:0,&quot;stockstatus&quot;:&quot;onbackorder&quot;,&quot;google_business_vertical&quot;:&quot;retail&quot;,&quot;item_category&quot;:&quot;Miner\\u00eda&quot;,&quot;id&quot;:9986,&quot;productlink&quot;:&quot;https:\\\/\\\/ozapato.com\\\/mx\\\/producto\\\/welt-07\\\/&quot;,&quot;item_list_name&quot;:&quot;General Product List&quot;,&quot;index&quot;:4,&quot;product_type&quot;:&quot;variable&quot;,&quot;item_brand&quot;:&quot;&quot;}\"><\/span>\r\n<\/li>\r\n<\/ul>\n<\/div>[\/vc_column][vc_column width=&#8221;1\/6&#8243;][\/vc_column][\/vc_row][vc_row][vc_column width=&#8221;1\/6&#8243;][\/vc_column][vc_column width=&#8221;2\/3&#8243;][vc_media_grid element_width=&#8221;3&#8243; grid_id=&#8221;vc_gid:1474992536198-5c4228a3-ef8d-6&#8243; include=&#8221;772,774,773,778,789,792,791,790,758,757,759,760,716,711,713,710,741,739,737,740&#8243;][\/vc_column][vc_column width=&#8221;1\/6&#8243;][\/vc_column][\/vc_row][vc_row][vc_column width=&#8221;1\/4&#8243;][\/vc_column][vc_column width=&#8221;1\/2&#8243; css=&#8221;.vc_custom_1456174598177{background-color: #dd3333 !important;}&#8221;][vc_column_text]<\/p>\n<div class=\"wpb_text_column wpb_content_element \">\n<h1 class=\"wpb_wrapper\" style=\"text-align: center;\"><span style=\"color: #ffffff;\"><strong>\u00bf QU\u00c9 HACEMOS\u00a0?<\/strong><\/span><\/h1>\n<\/div>\n<div class=\"wpb_text_column wpb_content_element \">\n<div class=\"wpb_wrapper\">\n<div class=\"wpb_text_column wpb_content_element \">\n<div class=\"wpb_wrapper\">\n<p style=\"text-align: justify;\"><span style=\"color: #ffffff;\">OZAPATO es una f\u00e1brica y marca de sneakers y botas de seguridad industriales ubicada en M\u00e9xico.\u00a0Hemos aprendido a lo largo de los a\u00f1os, como fabricar un producto de alta calidad 100% Mexicano que le dura a\u00f1os.<\/span><\/p>\n<\/div>\n<\/div>\n<\/div>\n<\/div>\n<p>[\/vc_column_text][\/vc_column][vc_column width=&#8221;1\/4&#8243;][\/vc_column][\/vc_row][vc_row][vc_column width=&#8221;1\/4&#8243;][\/vc_column][vc_column width=&#8221;1\/2&#8243; css=&#8221;.vc_custom_1456174610082{background-color: #dd3333 !important;}&#8221;][vc_column_text]<\/p>\n<h1 style=\"text-align: center;\"><span style=\"color: #ffffff;\">\u00bf COMO LO\u00a0HACEMOS\u00a0?<\/span><\/h1>\n<p><span style=\"color: #ffffff;\">Estamos aplicando a nuestra linea casual normas de calidad industriales. Por ejemplo ocupamos \u00fanicamente suelas de alta calidad que vienen montadas y cosidas.<\/span><\/p>\n<p><span style=\"color: #ffffff;\">Todos los productos de OZAPATO est\u00e1n hechos a por nosotros, en nuestra f\u00e1brica de Pachuca (Hidalgo, M\u00e9xico). Nuestro modelo de negocio, conecta directamente la f\u00e1brica con el cliente final, evitando intermediarios. Esto nos permite ofrecer botas casuales, de calidad\u00a0a un precio m\u00e1s accesible.<\/span>[\/vc_column_text][\/vc_column][vc_column width=&#8221;1\/4&#8243;][\/vc_column][\/vc_row][vc_row][vc_column width=&#8221;1\/4&#8243;][\/vc_column][vc_column width=&#8221;1\/2&#8243; css=&#8221;.vc_custom_1456174626082{background-color: #dd3333 !important;}&#8221;][vc_column_text]<\/p>\n<h1 style=\"text-align: center;\"><span style=\"color: #ffffff;\">\u00bfPOR QU\u00c9\u00a0LO\u00a0HACEMOS?<\/span><\/h1>\n<p><span style=\"color: #ffffff;\">OZAPATO\u00a0naci\u00f3 con la\u00a0idea de servir la comunidad local y de ofrecer un marca global de calzado de alta calidad 100% Mexicana basada en el orgullo y folklore Mexicano. Queremos que la producci\u00f3n de nuestras botas y sneakers sea\u00a0un\u00a0proceso muy transparente para el cliente. Sabe donde viene su producto y como ha sido fabricado.<\/span><\/p>\n<p style=\"text-align: justify;\"><span style=\"color: #ffffff;\">Unos de los valores m\u00e1s importante de OZAPATO es la entrega directa hasta el cliente. Cortamos todos los intermediarios que no agregan\u00a0valor a nuestros consumidores. Cada etapa de la fabricaci\u00f3n de botas casuales\u00a0debe de beneficiar a los Mexicanos incluidos en este proceso.<\/span><\/p>\n<p style=\"text-align: justify;\"><span style=\"color: #ffffff;\">Nuestro equipo ama desarrollar botas casuales\u00a0y zapatos en un ambiente social y econ\u00f3mico justo. Queremos que nuestros clientes conf\u00eden en que no s\u00f3lo compran botas casuales bien hechas y de buena calidad, si no que tambi\u00e9n son parte de un\u00a0trato honesto, donde cada persona incluida en la\u00a0cadena de suministro reciba un trato justo.<\/span><\/p>\n<p>[\/vc_column_text][\/vc_column][vc_column width=&#8221;1\/4&#8243;][\/vc_column][\/vc_row]<\/p>\n","protected":false},"excerpt":{"rendered":"<p>[vc_row full_width=&#8221;stretch_row&#8221; full_height=&#8221;yes&#8221; video_bg=&#8221;yes&#8221; video_bg_url=&#8221;https:\/\/www.youtube.com\/watch?v=3Pr5fHa37aQ&#8221; css=&#8221;.vc_custom_1467475091664{background: #000000 url(https:\/\/ozapato.com\/pa\/wp-content\/uploads\/sites\/2\/2016\/02\/Botas-Casuales.jpg?id=1466) !important;}&#8221;][vc_column width=&#8221;1\/6&#8243;][\/vc_column][vc_column width=&#8221;2\/3&#8243;][vc_column_text] ZAPATOS Y BOTAS CASUALES BORN IN MEXICO [\/vc_column_text][\/vc_column][vc_column width=&#8221;1\/6&#8243;][\/vc_column][\/vc_row][vc_row][vc_column width=&#8221;1\/6&#8243;][\/vc_column][vc_column width=&#8221;2\/3&#8243;][\/vc_column][vc_column width=&#8221;1\/6&#8243;][\/vc_column][\/vc_row][vc_row][vc_column width=&#8221;1\/6&#8243;][\/vc_column][vc_column width=&#8221;2\/3&#8243;][vc_column_text] \u00a1 Zapatos\u00a0casuales\u00a0100% hechos en M\u00e9xico\u00a0! Aprovechando de nuestra experiencia en \u00a0nuestros calzados\u00a0de seguridad,\u00a0OZAPATO\u00a0ha creado una \u00a0l\u00ednea de zapatos y sneakers casuales minimalistas con normas de calidad industrial. Todos nuestros modelos\u00a0zapatos [&hellip;]<\/p>\n","protected":false},"author":3,"featured_media":0,"parent":0,"menu_order":0,"comment_status":"closed","ping_status":"closed","template":"page-full-width.php","meta":{"footnotes":""},"class_list":["post-823","page","type-page","status-publish","hentry"],"_links":{"self":[{"href":"https:\/\/ozapato.com\/mx\/wp-json\/wp\/v2\/pages\/823","targetHints":{"allow":["GET"]}}],"collection":[{"href":"https:\/\/ozapato.com\/mx\/wp-json\/wp\/v2\/pages"}],"about":[{"href":"https:\/\/ozapato.com\/mx\/wp-json\/wp\/v2\/types\/page"}],"author":[{"embeddable":true,"href":"https:\/\/ozapato.com\/mx\/wp-json\/wp\/v2\/users\/3"}],"replies":[{"embeddable":true,"href":"https:\/\/ozapato.com\/mx\/wp-json\/wp\/v2\/comments?post=823"}],"version-history":[{"count":33,"href":"https:\/\/ozapato.com\/mx\/wp-json\/wp\/v2\/pages\/823\/revisions"}],"predecessor-version":[{"id":2183,"href":"https:\/\/ozapato.com\/mx\/wp-json\/wp\/v2\/pages\/823\/revisions\/2183"}],"wp:attachment":[{"href":"https:\/\/ozapato.com\/mx\/wp-json\/wp\/v2\/media?parent=823"}],"curies":[{"name":"wp","href":"https:\/\/api.w.org\/{rel}","templated":true}]}}