{"id":867,"date":"2016-03-04T16:52:19","date_gmt":"2016-03-04T16:52:19","guid":{"rendered":"https:\/\/ozapato.com\/mx\/?page_id=867"},"modified":"2016-03-04T21:32:29","modified_gmt":"2016-03-04T21:32:29","slug":"calzados-de-seguridad","status":"publish","type":"page","link":"https:\/\/ozapato.com\/mx\/calzados-de-seguridad\/","title":{"rendered":"Calzados de Seguridad &#8211; 100% hechos en M\u00e9xico"},"content":{"rendered":"<p>[vc_row full_width=&#8221;stretch_row&#8221; full_height=&#8221;yes&#8221; css=&#8221;.vc_custom_1457106289889{background: #000000 url(https:\/\/ozapato.com\/mx\/wp-content\/uploads\/sites\/4\/2016\/03\/Botas-de-Trabajo.jpg?id=869) !important;}&#8221;][vc_column width=&#8221;1\/6&#8243;][\/vc_column][vc_column width=&#8221;2\/3&#8243;][vc_column_text]<\/p>\n<h1 style=\"text-align: center\"><span style=\"color: #ffffff\">CALZADOS DE SEGURIDAD<\/span><\/h1>\n<p>[\/vc_column_text][\/vc_column][vc_column width=&#8221;1\/6&#8243;][\/vc_column][\/vc_row][vc_row][vc_column width=&#8221;1\/6&#8243;][\/vc_column][vc_column width=&#8221;2\/3&#8243;]<div class=\"woocommerce columns-3 \"><ul class=\"products columns-3\">\n<li class=\"product type-product post-7172 status-publish first onbackorder product_cat-calzados-de-seguridad product_cat-zapatos-para-hospitales product_cat-zapatos-para-restaurantes has-post-thumbnail shipping-taxable purchasable product-type-variable\">\r\n\r\n\t\r\n    <div class=\"product_thumbnail_wrapper \">\r\n\r\n\t\t<a href=\"https:\/\/ozapato.com\/mx\/producto\/comfort\/\" class=\"woocommerce-LoopProduct-link woocommerce-loop-product__link\">\r\n\r\n\t        <div class=\"product_thumbnail \">\r\n\t            <img loading=\"lazy\" decoding=\"async\" width=\"385\" height=\"385\" src=\"https:\/\/ozapato.com\/mx\/wp-content\/uploads\/sites\/4\/2017\/07\/thumbmail-Confort-800x800.jpg\" class=\"attachment-woocommerce_thumbnail size-woocommerce_thumbnail\" alt=\"Comfort 01 zapatos multiusos\" srcset=\"https:\/\/ozapato.com\/mx\/wp-content\/uploads\/sites\/4\/2017\/07\/thumbmail-Confort-800x800.jpg 800w, https:\/\/ozapato.com\/mx\/wp-content\/uploads\/sites\/4\/2017\/07\/thumbmail-Confort-800x800-150x150.jpg 150w, https:\/\/ozapato.com\/mx\/wp-content\/uploads\/sites\/4\/2017\/07\/thumbmail-Confort-800x800-300x300.jpg 300w, https:\/\/ozapato.com\/mx\/wp-content\/uploads\/sites\/4\/2017\/07\/thumbmail-Confort-800x800-768x768.jpg 768w, https:\/\/ozapato.com\/mx\/wp-content\/uploads\/sites\/4\/2017\/07\/thumbmail-Confort-800x800-70x70.jpg 70w, https:\/\/ozapato.com\/mx\/wp-content\/uploads\/sites\/4\/2017\/07\/thumbmail-Confort-800x800-385x385.jpg 385w, https:\/\/ozapato.com\/mx\/wp-content\/uploads\/sites\/4\/2017\/07\/thumbmail-Confort-800x800-570x570.jpg 570w, https:\/\/ozapato.com\/mx\/wp-content\/uploads\/sites\/4\/2017\/07\/thumbmail-Confort-800x800-32x32.jpg 32w\" sizes=\"auto, (max-width: 385px) 100vw, 385px\" \/>\t            \t        <\/div><!--.product_thumbnail-->\r\n\t\t<\/a>\r\n\r\n\t\t\t\t\t\t\t\r\n\t\t\r\n\t\t\r\n\t\t\r\n    <\/div><!--.product_thumbnail_wrapper-->\r\n\r\n    \r\n\t<h2 class=\"woocommerce-loop-product__title\">\r\n\t\t<a href=\"https:\/\/ozapato.com\/mx\/producto\/comfort\/\">Comfort 01<\/a>\r\n\t<\/h2>\r\n\r\n\t\r\n        <div class=\"product_after_shop_loop\">\r\n        <div class=\"product_after_shop_loop_switcher\">\r\n    \r\n            \n\t<span class=\"price\"><span class=\"woocommerce-Price-amount amount\"><bdi><span class=\"woocommerce-Price-currencySymbol\">&#36;<\/span>899<\/bdi><\/span><\/span>\n\t<span id=\"woocommerce_loop_add_to_cart_link_describedby_7172\" class=\"screen-reader-text\">\n\t\tThis product has multiple variants. The options may be chosen on the product page\t<\/span>\n\r\n            <\/div>\r\n    <\/div>\r\n    \r\n\t<span class=\"gtm4wp_productdata\" style=\"display:none; visibility:hidden;\" data-gtm4wp_product_data=\"{&quot;internal_id&quot;:7172,&quot;item_id&quot;:7172,&quot;item_name&quot;:&quot;Comfort 01&quot;,&quot;sku&quot;:&quot;COMFORT 01&quot;,&quot;price&quot;:899,&quot;stocklevel&quot;:null,&quot;stockstatus&quot;:&quot;onbackorder&quot;,&quot;google_business_vertical&quot;:&quot;retail&quot;,&quot;item_category&quot;:&quot;Zapatos para restaurantes&quot;,&quot;id&quot;:7172,&quot;productlink&quot;:&quot;https:\\\/\\\/ozapato.com\\\/mx\\\/producto\\\/comfort\\\/&quot;,&quot;item_list_name&quot;:&quot;General Product List&quot;,&quot;index&quot;:1,&quot;product_type&quot;:&quot;variable&quot;,&quot;item_brand&quot;:&quot;&quot;}\"><\/span>\r\n<\/li>\r\n<li class=\"product type-product post-9651 status-publish onbackorder product_cat-calzado-industria-automotriz product_cat-calzados-de-seguridad product_cat-zapatos-para-hospitales product_cat-zapatos-para-restaurantes has-post-thumbnail shipping-taxable purchasable product-type-variable has-default-attributes\">\r\n\r\n\t\r\n    <div class=\"product_thumbnail_wrapper \">\r\n\r\n\t\t<a href=\"https:\/\/ozapato.com\/mx\/producto\/grip-libre-de-metal\/\" class=\"woocommerce-LoopProduct-link woocommerce-loop-product__link\">\r\n\r\n\t        <div class=\"product_thumbnail with_second_image\">\r\n\t            <img loading=\"lazy\" decoding=\"async\" width=\"385\" height=\"385\" src=\"https:\/\/ozapato.com\/mx\/wp-content\/uploads\/sites\/4\/2019\/08\/thumbmail-385x385.png\" class=\"attachment-woocommerce_thumbnail size-woocommerce_thumbnail\" alt=\"Botas libre de metal cosida dielectrica Grip 01 OZAPATO Mexico\" srcset=\"https:\/\/ozapato.com\/mx\/wp-content\/uploads\/sites\/4\/2019\/08\/thumbmail-385x385.png 385w, https:\/\/ozapato.com\/mx\/wp-content\/uploads\/sites\/4\/2019\/08\/thumbmail-300x300.png 300w, https:\/\/ozapato.com\/mx\/wp-content\/uploads\/sites\/4\/2019\/08\/thumbmail-150x150.png 150w, https:\/\/ozapato.com\/mx\/wp-content\/uploads\/sites\/4\/2019\/08\/thumbmail-768x768.png 768w, https:\/\/ozapato.com\/mx\/wp-content\/uploads\/sites\/4\/2019\/08\/thumbmail-570x570.png 570w, https:\/\/ozapato.com\/mx\/wp-content\/uploads\/sites\/4\/2019\/08\/thumbmail-100x100.png 100w, https:\/\/ozapato.com\/mx\/wp-content\/uploads\/sites\/4\/2019\/08\/thumbmail.png 1024w\" sizes=\"auto, (max-width: 385px) 100vw, 385px\" \/>\t            \t            \t<span class=\"product_thumbnail_background\" style=\"background-image:url(https:\/\/ozapato.com\/mx\/wp-content\/uploads\/sites\/4\/2017\/12\/Grip01_Suela.jpg)\"><\/span>\r\n\t        \t\t        <\/div><!--.product_thumbnail-->\r\n\t\t<\/a>\r\n\r\n\t\t\t\t\t\t\t\r\n\t\t\r\n\t\t\r\n\t\t\r\n    <\/div><!--.product_thumbnail_wrapper-->\r\n\r\n    \r\n\t<h2 class=\"woocommerce-loop-product__title\">\r\n\t\t<a href=\"https:\/\/ozapato.com\/mx\/producto\/grip-libre-de-metal\/\">Grip 01<\/a>\r\n\t<\/h2>\r\n\r\n\t\r\n        <div class=\"product_after_shop_loop\">\r\n        <div class=\"product_after_shop_loop_switcher\">\r\n    \r\n            \n\t<span class=\"price\"><span class=\"woocommerce-Price-amount amount\"><bdi><span class=\"woocommerce-Price-currencySymbol\">&#36;<\/span>899<\/bdi><\/span><\/span>\n\t<span id=\"woocommerce_loop_add_to_cart_link_describedby_9651\" class=\"screen-reader-text\">\n\t\tThis product has multiple variants. The options may be chosen on the product page\t<\/span>\n\r\n            <\/div>\r\n    <\/div>\r\n    \r\n\t<span class=\"gtm4wp_productdata\" style=\"display:none; visibility:hidden;\" data-gtm4wp_product_data=\"{&quot;internal_id&quot;:9651,&quot;item_id&quot;:9651,&quot;item_name&quot;:&quot;Grip 01&quot;,&quot;sku&quot;:&quot;GRIP01&quot;,&quot;price&quot;:899,&quot;stocklevel&quot;:0,&quot;stockstatus&quot;:&quot;onbackorder&quot;,&quot;google_business_vertical&quot;:&quot;retail&quot;,&quot;item_category&quot;:&quot;&quot;,&quot;id&quot;:9651,&quot;productlink&quot;:&quot;https:\\\/\\\/ozapato.com\\\/mx\\\/producto\\\/grip-libre-de-metal\\\/&quot;,&quot;item_list_name&quot;:&quot;General Product List&quot;,&quot;index&quot;:2,&quot;product_type&quot;:&quot;variable&quot;,&quot;item_brand&quot;:&quot;&quot;}\"><\/span>\r\n<\/li>\r\n<\/ul>\n<\/div>[\/vc_column][vc_column width=&#8221;1\/6&#8243;][\/vc_column][\/vc_row][vc_row][vc_column width=&#8221;1\/6&#8243;][\/vc_column][vc_column width=&#8221;2\/3&#8243;][vc_column_text]<\/p>\n<h2 style=\"text-align: center\">\u00a1\u00a0Calzados de seguridad<\/h2>\n<h2 style=\"text-align: center\">100% hechos en M\u00e9xico\u00a0!<\/h2>\n<p>Cada\u00a0industria\u00a0tiene sus propios peligros, entonces\u00a0las necesidades de\u00a0seguridad\u00a0var\u00edan. Por eso, hemos dise\u00f1ado modelos de calzados\u00a0de seguridad, adaptadas a las necesidades de cada <a href=\"https:\/\/es.wikipedia.org\/wiki\/Bota_industrial\" target=\"_blank\" rel=\"noopener\">industria<\/a>.<\/p>\n<p>Cada modelo de nuestros calzados\u00a0de seguridad,\u00a0fueron pensadas para ofrecer un alto nivel de seguridad, sin comprometer la comodidad o la resistencia.<\/p>\n<p>Realizadas con 100% materiales mexicanos, contamos con\u00a0la mejor t\u00e9cnica para fabricar calzados\u00a0de seguridad, resistentes y de alta calidad. <a href=\"https:\/\/www.facebook.com\/ozapato\/\" target=\"_blank\" rel=\"noopener\">OZAPATO<\/a> utiliza un cuero curtido, plena flor entera, adem\u00e1s de suelas 100% de huele cosidas al calzado. Todos los calzados de seguridad\u00a0son responsablemente producidas en Hidalgo, M\u00e9xico y cumplen con las normas ASTM e ISO.<\/p>\n<p>Con calzados de\u00a0seguridad diel\u00e9ctricas,\u00a0antideslizantes, hidrofugadas y reforzadas tenemos soluciones para sus necesidades. \u00a1Elija\u00a0ahora los calzados que necesita para trabajar con seguridad![\/vc_column_text][\/vc_column][vc_column width=&#8221;1\/6&#8243;][\/vc_column][\/vc_row][vc_row][vc_column width=&#8221;1\/6&#8243;][\/vc_column][vc_column width=&#8221;2\/3&#8243;][vc_media_grid element_width=&#8221;3&#8243; grid_id=&#8221;vc_gid:1457126888749-58a69ece-cbb7-3&#8243; include=&#8221;871,872,870,873,855,854,857,858&#8243;][\/vc_column][vc_column width=&#8221;1\/6&#8243;][\/vc_column][\/vc_row][vc_row][vc_column width=&#8221;1\/6&#8243;][\/vc_column][vc_column width=&#8221;2\/3&#8243; css=&#8221;.vc_custom_1456174598177{background-color: #dd3333 !important;}&#8221;][vc_column_text]<\/p>\n<div class=\"wpb_text_column wpb_content_element \">\n<h1 class=\"wpb_wrapper\" style=\"text-align: center\"><span style=\"color: #ffffff\"><strong>\u00bf QU\u00c9 HACEMOS\u00a0?<\/strong>\u00a0<\/span><\/h1>\n<\/div>\n<div class=\"wpb_text_column wpb_content_element \">\n<div class=\"wpb_wrapper\">\n<div class=\"wpb_text_column wpb_content_element \">\n<div class=\"wpb_wrapper\">\n<p style=\"text-align: justify\"><span style=\"color: #ffffff\">OZAPATO es un marca de calzados\u00a0de seguridad y zapatos\u00a0casuales\u00a0ubicada en M\u00e9xico.\u00a0Hemos aprendido a lo largo de los a\u00f1os, como fabricar un producto de alta calidad de maneja responsable. Producimos y distribuimos nuestras l\u00edneas en M\u00e9xico, Panam\u00e1 y en los Estados Unidos.\u00a0En M\u00e9xico, contamos con una l\u00ednea de botas casuales y una l\u00ednea de calzados de seguridad, para responder a todas sus necesidades.<\/span><\/p>\n<\/div>\n<\/div>\n<\/div>\n<\/div>\n<p>[\/vc_column_text][\/vc_column][vc_column width=&#8221;1\/6&#8243;][\/vc_column][\/vc_row][vc_row][vc_column width=&#8221;1\/6&#8243;][\/vc_column][vc_column width=&#8221;2\/3&#8243; css=&#8221;.vc_custom_1456174610082{background-color: #dd3333 !important;}&#8221;][vc_column_text]<\/p>\n<h1 style=\"text-align: center\"><span style=\"color: #ffffff\">\u00bf COMO LO\u00a0HACEMOS\u00a0?<\/span><\/h1>\n<p style=\"text-align: justify\"><span style=\"color: #ffffff\">Siempre utilizamos materiales de alta calidad, para que puedan vivir su vida llena de aventuras cada los d\u00edas, con comodidad y con la confianza que est\u00e1n protegidos. \u00a1Estamos tan seguros de la calidad de nuestros modelos de zapatos\u00a0casuales, que ofrecemos una garant\u00eda de 1 a\u00f1o!<\/span><\/p>\n<p style=\"text-align: justify\"><span style=\"color: #ffffff\">Todos los productos de OZAPATO est\u00e1n hechos a mano, en nuestra f\u00e1brica de Pachuca (Hidalgo, M\u00e9xico). Nuestro modelo de negocio, conecta directamente a la f\u00e1brica con el cliente final, evitando intermediarios; no trabajamos con distribuidores. Esto permite ofrecer un producto de alta calidad a un precio m\u00e1s accesible.<\/span><\/p>\n<p>[\/vc_column_text][\/vc_column][vc_column width=&#8221;1\/6&#8243;][\/vc_column][\/vc_row][vc_row][vc_column width=&#8221;1\/6&#8243;][\/vc_column][vc_column width=&#8221;2\/3&#8243; css=&#8221;.vc_custom_1456174626082{background-color: #dd3333 !important;}&#8221;][vc_column_text]<\/p>\n<h1 style=\"text-align: center\"><span style=\"color: #ffffff\">\u00bf\u00a0POR QU\u00c9\u00a0LO\u00a0HACEMOS\u00a0?<\/span><\/h1>\n<p style=\"text-align: justify\"><span style=\"color: #ffffff\">OZAPATO\u00a0naci\u00f3 de las ideas de servir a una comunidad local y que la gente es lo primero. La producci\u00f3n de calzado deber\u00eda ser un proceso transparente que sustente el balance socio econ\u00f3mico de la comunidad a la que pertenece.<\/span><\/p>\n<p style=\"text-align: justify\"><span style=\"color: #ffffff\">El valor m\u00e1s importante de Ozapato de la desintermediaci\u00f3n (entrega directa de la producci\u00f3n hasta el cliente o las tiendas), cortamos todos los intermediarios que no a\u00f1aden valor a nuestros consumidores. Nos hace pensar que cada etapa de la fabricaci\u00f3n de zapatos deber\u00eda beneficiar a la gente inclu\u00edda en este proceso.<\/span><\/p>\n<p style=\"text-align: justify\"><span style=\"color: #ffffff\">Nuestro equipo ama desarrollar zapatos y calzados\u00a0producidos en un ambiente social y econ\u00f3mico justo.<\/span><\/p>\n<p style=\"text-align: justify\"><span style=\"color: #ffffff\">Tambi\u00e9n queremos que nuestros clientes conf\u00eden en que no s\u00f3lo compran un producto bien hecho y de buena calidad, si no que tambi\u00e9n son parte de este trato honesto, donde cada persona inclu\u00edda en la\u00a0cadena de suministro reciban un trato justo.<\/span><\/p>\n<p>[\/vc_column_text][\/vc_column][vc_column width=&#8221;1\/6&#8243;][\/vc_column][\/vc_row]<\/p>\n","protected":false},"excerpt":{"rendered":"<p>[vc_row full_width=&#8221;stretch_row&#8221; full_height=&#8221;yes&#8221; css=&#8221;.vc_custom_1457106289889{background: #000000 url(https:\/\/ozapato.com\/mx\/wp-content\/uploads\/sites\/4\/2016\/03\/Botas-de-Trabajo.jpg?id=869) !important;}&#8221;][vc_column width=&#8221;1\/6&#8243;][\/vc_column][vc_column width=&#8221;2\/3&#8243;][vc_column_text] CALZADOS DE SEGURIDAD [\/vc_column_text][\/vc_column][vc_column width=&#8221;1\/6&#8243;][\/vc_column][\/vc_row][vc_row][vc_column width=&#8221;1\/6&#8243;][\/vc_column][vc_column width=&#8221;2\/3&#8243;][\/vc_column][vc_column width=&#8221;1\/6&#8243;][\/vc_column][\/vc_row][vc_row][vc_column width=&#8221;1\/6&#8243;][\/vc_column][vc_column width=&#8221;2\/3&#8243;][vc_column_text] \u00a1\u00a0Calzados de seguridad 100% hechos en M\u00e9xico\u00a0! Cada\u00a0industria\u00a0tiene sus propios peligros, entonces\u00a0las necesidades de\u00a0seguridad\u00a0var\u00edan. Por eso, hemos dise\u00f1ado modelos de calzados\u00a0de seguridad, adaptadas a las necesidades de cada industria. Cada modelo de nuestros calzados\u00a0de seguridad,\u00a0fueron pensadas [&hellip;]<\/p>\n","protected":false},"author":3,"featured_media":0,"parent":0,"menu_order":0,"comment_status":"closed","ping_status":"closed","template":"page-full-width.php","meta":{"footnotes":""},"class_list":["post-867","page","type-page","status-publish","hentry"],"_links":{"self":[{"href":"https:\/\/ozapato.com\/mx\/wp-json\/wp\/v2\/pages\/867","targetHints":{"allow":["GET"]}}],"collection":[{"href":"https:\/\/ozapato.com\/mx\/wp-json\/wp\/v2\/pages"}],"about":[{"href":"https:\/\/ozapato.com\/mx\/wp-json\/wp\/v2\/types\/page"}],"author":[{"embeddable":true,"href":"https:\/\/ozapato.com\/mx\/wp-json\/wp\/v2\/users\/3"}],"replies":[{"embeddable":true,"href":"https:\/\/ozapato.com\/mx\/wp-json\/wp\/v2\/comments?post=867"}],"version-history":[{"count":8,"href":"https:\/\/ozapato.com\/mx\/wp-json\/wp\/v2\/pages\/867\/revisions"}],"predecessor-version":[{"id":878,"href":"https:\/\/ozapato.com\/mx\/wp-json\/wp\/v2\/pages\/867\/revisions\/878"}],"wp:attachment":[{"href":"https:\/\/ozapato.com\/mx\/wp-json\/wp\/v2\/media?parent=867"}],"curies":[{"name":"wp","href":"https:\/\/api.w.org\/{rel}","templated":true}]}}