{"id":8785,"date":"2018-11-15T12:39:08","date_gmt":"2018-11-15T19:39:08","guid":{"rendered":"https:\/\/ozapato.com\/mx\/?page_id=8785"},"modified":"2020-05-08T05:06:37","modified_gmt":"2020-05-08T11:06:37","slug":"donde-esta-mi-pedido","status":"publish","type":"page","link":"https:\/\/ozapato.com\/mx\/donde-esta-mi-pedido\/","title":{"rendered":"Su pedido"},"content":{"rendered":"<p>[vc_row video_bg=&#8221;yes&#8221; video_bg_url=&#8221; https:\/\/www.youtube.com\/watch?v=__oq67bsM8A&#8221;][vc_column][vc_column_text]<\/p>\n<h3 style=\"text-align: center\"><span style=\"color: #ffffff\">SU PEDIDO<\/span><\/h3>\n<p>[\/vc_column_text][\/vc_column][\/vc_row][vc_row][vc_column][vc_empty_space][\/vc_column][\/vc_row][vc_row][vc_column width=&#8221;1\/4&#8243;][\/vc_column][vc_column width=&#8221;1\/2&#8243;]<div class=\"woocommerce\"><\/div>[\/vc_column][vc_column width=&#8221;1\/4&#8243;][\/vc_column][\/vc_row][vc_row][vc_column][vc_empty_space][\/vc_column][\/vc_row][vc_row type=&#8221;boxed&#8221;][vc_column][vc_cta h2=&#8221;&#8221; css=&#8221;.vc_custom_1588935018403{background-color: #dd3333 !important;}&#8221;]<\/p>\n<h4 style=\"text-align: center\"><span style=\"color: #ffffff\"><strong>\u00bfInteresado en zapatos de seguridad? Recibe cotizaci\u00f3n en 24 hs.<\/strong><\/span><\/h4>\n<p>[\/vc_cta][\/vc_column][\/vc_row][vc_row type=&#8221;boxed&#8221;][vc_column][vc_column_text]<iframe loading=\"lazy\" height=\"850px\" width=\"100%\" frameborder=\"0\" allow=\"geolocation;microphone;camera\" src=\"https:\/\/forms.zohopublic.com\/virtualoffice9264\/form\/MXWebForm\/formperma\/t2g4AJSxH5dX5eLImIHPs6T1GSbbcmWdJblk7_0ZVFw\"> <\/iframe>[\/vc_column_text][\/vc_column][\/vc_row][vc_row][vc_column][vc_empty_space][\/vc_column][\/vc_row][vc_row type=&#8221;boxed&#8221;][vc_column width=&#8221;1\/4&#8243;][\/vc_column][vc_column width=&#8221;1\/2&#8243;][vc_column_text]<\/p>\n<div class=\"wpb_text_column wpb_content_element \">\n<h4 class=\"wpb_wrapper\" style=\"text-align: center\"><span style=\"color: #000000\"><strong>\u00bfPOR QU\u00c9 SOMOS SU MEJOR OPCI\u00d3N ?<\/strong><\/span><\/h4>\n<\/div>\n<div class=\"wpb_text_column wpb_content_element \">\n<div class=\"wpb_wrapper\">\n<div class=\"wpb_text_column wpb_content_element \">\n<div class=\"wpb_wrapper\">\n<p><span style=\"color: #000000\">Las <strong>botas y calzados de seguridad\u00a0<\/strong> de OZAPATO, surge de la promesa\u00a0 de ofrecer el mejor producto, al mejor precio y de la forma mas r\u00e1pida. Eso sin sacrificar ni el dise\u00f1o ni la comodidad de su bota. Contamos con un stock permanente de <a style=\"color: #000000\" href=\"https:\/\/ozapato.com\/mx\/calzado-de-construccion\/\">botas y calzado industriales<\/a> + <strong>env\u00edos en 24 horas<\/strong>. Ademas, siempre les estaremos cotizando en menos de 12 horas<\/span><\/p>\n<p><span style=\"color: #000000\">Usted podr\u00e1 comprobar, al momento de usar sus botas industriales OZAPATO, que prestamos mucha atenci\u00f3n a la calidad de nuestras <a href=\"https:\/\/ozapato.com\/mx\/tecnologia\/\">pieles y suelas<\/a>. Todas nuestras <a href=\"https:\/\/ozapato.com\/mx\/zapatos-para-chef\/\">botas y calzado industrial<\/a>, son creados para soportar condiciones extremas de humedad y temperatura<\/span><\/p>\n<p><span style=\"color: #000000\">Para poder ofrecerle el mejor precio con este nivel de <strong>calidad<\/strong>, nuestro modelo de negocio le conecta directamente a la fabrica, evitando cualquier intermediario que no le aporta valor. Puede contactar a un miembro de nuestro equipo, se dar\u00e1 cuenta que nuestro servicio es realmente de clase mundial.<\/span><\/p>\n<div class=\"wpb_text_column wpb_content_element \">\n<h4 class=\"wpb_wrapper\" style=\"text-align: center\"><span style=\"color: #000000\"><strong>\u00bfQU\u00c9 HACEMOS?<\/strong><\/span><\/h4>\n<\/div>\n<div class=\"wpb_text_column wpb_content_element \">\n<div class=\"wpb_wrapper\">\n<div class=\"wpb_text_column wpb_content_element \">\n<div class=\"wpb_wrapper\">\n<p style=\"text-align: justify\"><span style=\"color: #000000\">OZAPATO es una marca y fabrica Franco-<a style=\"color: #000000\" href=\"https:\/\/www.hidalgo.gob.mx\/\" target=\"_blank\" rel=\"noopener\">Mexicana<\/a> de calzado de seguridad y botas industriales que naci\u00f3 en 2013. Nuestra promesa para usted es de ofrecerle el mejor producto, al mejor precio y de la forma mas r\u00e1pida. Eso sin sacrificar ni el dise\u00f1o ni la comodidad de su bota.<\/span><\/p>\n<p><span style=\"color: #000000\">Actualmente, por la crisis del\u00a0<strong> Coronaviris COVID &#8211; 19<\/strong> ,\u00a0OZAPATO ha puesto a todo su equipo de producci\u00f3n para fabricar<strong><span style=\"color: #ff0000\"> <a style=\"color: #ff0000\" href=\"https:\/\/ozapato.com\/mx\/producto\/cubrebocas-mexico\/\">CUBREBOCAS<\/a><\/span><\/strong> para M\u00e9xico, y facilitar\u00a0 la accesibilidad de <strong>tapabocas<\/strong> a la sociedad mexicana en esta crisis humanitaria.<\/span><\/p>\n<\/div>\n<\/div>\n<\/div>\n<\/div>\n<\/div>\n<\/div>\n<\/div>\n<\/div>\n<h4 style=\"text-align: center\"><span style=\"color: #000000\">\u00bfC\u00d3MO\u00a0LO\u00a0HACEMOS?<\/span><\/h4>\n<p><span style=\"color: #000000\">Todas nuestras botas y nuestro calzados industriales son dise\u00f1ados para soportar condiciones extremas de humedad y de temperaturas. Gracias a nuestros origines internacionales, agarramos lo mejor de M\u00e9xico y lo mejor del mundo para poder ofrecerle la experiencia OZAPATO. <\/span><\/p>\n<p><span style=\"color: #000000\">Nos esforzamos para que sea la mejor en calzado industrial en todas las Am\u00e9ricas. Para eso, usamos <strong>materiales 100% mexicanos<\/strong> y <strong>suelas de alta calidad<\/strong>. Se dar\u00e1n cuenta que al momento de usar su par de zapatos industriales OZAPATO que prestamos mucha atenci\u00f3n a la calidad de nuestro cueros. Tambi\u00e9n nuestra suelas de botas industriales son de las mejores disponibles.<\/span><\/p>\n<h4 style=\"text-align: center\"><span style=\"color: #000000\"><strong>\u00bfPOR QU\u00c9\u00a0LO\u00a0HACEMOS?<\/strong><\/span><\/h4>\n<p><span style=\"color: #000000\">OZAPATO\u00a0naci\u00f3 con la\u00a0idea de servir la comunidad local y de ofrecer un marca global de calzado y botas industriales de alta calidad. OZAPATO es orgullosamente hecho en Mexico y por nuestro origen internacional, muy abierto al mundo. Queremos que la producci\u00f3n de nuestras <strong>botas<\/strong> y <a href=\"https:\/\/es.wikipedia.org\/wiki\/Sneaker\" target=\"_blank\" rel=\"noopener\"><strong>sneakers<\/strong><\/a> sea\u00a0un\u00a0proceso muy transparente para el cliente. Sabe donde viene su producto y como ha sido fabricado.<\/span><\/p>\n<p style=\"text-align: justify\"><span style=\"color: #000000\">Unos de los valores m\u00e1s importante de <a style=\"color: #000000\" href=\"http:\/\/www.ozapato.com\/\">OZAPATO<\/a> es la <strong>entrega directa hasta el cliente<\/strong>. Cortamos todos los intermediarios que no agregan valor a nuestros consumidores. Cada etapa de la fabricaci\u00f3n de <strong>zapatos casuales<\/strong> e industriales debe de beneficiar a los Mexicanos incluidos en este proceso.<\/span><\/p>\n<p style=\"text-align: justify\"><span style=\"color: #000000\">Nuestro equipo ama desarrollar <strong>botas \u00a0y zapatos de seguridad<\/strong> en un ambiente social y econ\u00f3mico justo. Queremos que nuestros clientes conf\u00eden en que no s\u00f3lo compran botas casuales bien hechas y de buena calidad, si no que tambi\u00e9n son parte de un\u00a0trato honesto, donde cada persona incluida en la\u00a0cadena de suministro reciba un <strong>trato justo.<\/strong><\/span><\/p>\n<p>[\/vc_column_text][\/vc_column][vc_column width=&#8221;1\/4&#8243;][\/vc_column][\/vc_row][vc_row][vc_column][vc_empty_space][\/vc_column][\/vc_row][vc_row][vc_column][vc_column_text]\t\t<div id=\"sbi_mod_error\" >\n\t\t\t<span>This error message is only visible to WordPress admins<\/span><br\/>\n\t\t\t<p><strong>Error: No feed found.<\/strong>\n\t\t\t<p>Please go to the Instagram Feed settings page to create a feed.<\/p>\n\t\t<\/div>\n\t\t[\/vc_column_text][\/vc_column][\/vc_row]<\/p>\n","protected":false},"excerpt":{"rendered":"<p>[vc_row video_bg=&#8221;yes&#8221; video_bg_url=&#8221; https:\/\/www.youtube.com\/watch?v=__oq67bsM8A&#8221;][vc_column][vc_column_text] SU PEDIDO [\/vc_column_text][\/vc_column][\/vc_row][vc_row][vc_column][vc_empty_space][\/vc_column][\/vc_row][vc_row][vc_column width=&#8221;1\/4&#8243;][\/vc_column][vc_column width=&#8221;1\/2&#8243;][\/vc_column][vc_column width=&#8221;1\/4&#8243;][\/vc_column][\/vc_row][vc_row][vc_column][vc_empty_space][\/vc_column][\/vc_row][vc_row type=&#8221;boxed&#8221;][vc_column][vc_cta h2=&#8221;&#8221; css=&#8221;.vc_custom_1588935018403{background-color: #dd3333 !important;}&#8221;] \u00bfInteresado en zapatos de seguridad? Recibe cotizaci\u00f3n en 24 hs. [\/vc_cta][\/vc_column][\/vc_row][vc_row type=&#8221;boxed&#8221;][vc_column][vc_column_text][\/vc_column_text][\/vc_column][\/vc_row][vc_row][vc_column][vc_empty_space][\/vc_column][\/vc_row][vc_row type=&#8221;boxed&#8221;][vc_column width=&#8221;1\/4&#8243;][\/vc_column][vc_column width=&#8221;1\/2&#8243;][vc_column_text] \u00bfPOR QU\u00c9 SOMOS SU MEJOR OPCI\u00d3N ? Las botas y calzados de seguridad\u00a0 de OZAPATO, surge de la promesa\u00a0 de ofrecer el mejor producto, al [&hellip;]<\/p>\n","protected":false},"author":1,"featured_media":0,"parent":0,"menu_order":0,"comment_status":"closed","ping_status":"closed","template":"page-full-width.php","meta":{"footnotes":""},"class_list":["post-8785","page","type-page","status-publish","hentry"],"_links":{"self":[{"href":"https:\/\/ozapato.com\/mx\/wp-json\/wp\/v2\/pages\/8785","targetHints":{"allow":["GET"]}}],"collection":[{"href":"https:\/\/ozapato.com\/mx\/wp-json\/wp\/v2\/pages"}],"about":[{"href":"https:\/\/ozapato.com\/mx\/wp-json\/wp\/v2\/types\/page"}],"author":[{"embeddable":true,"href":"https:\/\/ozapato.com\/mx\/wp-json\/wp\/v2\/users\/1"}],"replies":[{"embeddable":true,"href":"https:\/\/ozapato.com\/mx\/wp-json\/wp\/v2\/comments?post=8785"}],"version-history":[{"count":10,"href":"https:\/\/ozapato.com\/mx\/wp-json\/wp\/v2\/pages\/8785\/revisions"}],"predecessor-version":[{"id":11856,"href":"https:\/\/ozapato.com\/mx\/wp-json\/wp\/v2\/pages\/8785\/revisions\/11856"}],"wp:attachment":[{"href":"https:\/\/ozapato.com\/mx\/wp-json\/wp\/v2\/media?parent=8785"}],"curies":[{"name":"wp","href":"https:\/\/api.w.org\/{rel}","templated":true}]}}