{"id":8963,"date":"2018-11-29T18:27:30","date_gmt":"2018-11-30T01:27:30","guid":{"rendered":"https:\/\/ozapato.com\/mx\/?page_id=8963"},"modified":"2019-01-17T15:19:39","modified_gmt":"2019-01-17T22:19:39","slug":"botas-con-casquillo","status":"publish","type":"page","link":"https:\/\/ozapato.com\/mx\/botas-con-casquillo\/","title":{"rendered":"Botas con casquillo"},"content":{"rendered":"<p>[vc_row full_width=&#8221;stretch_row&#8221;][vc_column width=&#8221;1\/6&#8243;][\/vc_column][vc_column width=&#8221;2\/3&#8243;][vc_column_text]<\/p>\n<h2 style=\"text-align: center;\">BOTAS CON CASQUILLO<\/h2>\n<h2 style=\"text-align: center;\"><\/h2>\n<p>[\/vc_column_text][\/vc_column][vc_column width=&#8221;1\/6&#8243;][\/vc_column][\/vc_row][vc_row][vc_column width=&#8221;1\/6&#8243;][\/vc_column][vc_column width=&#8221;2\/3&#8243;]<div class=\"woocommerce columns-4 \"><\/div>[\/vc_column][vc_column width=&#8221;1\/6&#8243;][\/vc_column][\/vc_row][vc_row][vc_column width=&#8221;1\/6&#8243;][\/vc_column][vc_column width=&#8221;2\/3&#8243;][vc_column_text]<\/p>\n<div style=\"text-align: center;\">\n<h1>BOTAS CON CASQUILLO<\/h1>\n<p style=\"text-align: left;\">Nuestras botas con casquillo de poliamida usan 3 tipos distintas formas de unir la suela de el\u00e1stomero antiderrapante al cuero:<\/p>\n<ul style=\"text-align: left;\">\n<li style=\"text-align: justify;\">Cementado para modelos diel\u00e9ctricos certificados a 18.000 Voltios<\/li>\n<li style=\"text-align: justify;\">Cosido en <a href=\"https:\/\/en.wikipedia.org\/wiki\/Lockstitch\" target=\"_blank\" rel=\"noopener\">lockstitch<\/a> para modelos de uso rudo<\/li>\n<li style=\"text-align: justify;\">Goodyear Welt para los modelos mas premium.<\/li>\n<\/ul>\n<p style=\"text-align: left;\">Ademas y por su seguridad hemos a\u00f1adido un casquillo de poliamida extra grande XL que resiste hasta 2000 kg. Todos nuestros modelos de botas con casquillo son libres de metal y cuenta con plantillas antiperforaci\u00f3n textiles certificadas bajo las normas ASTM y NOM que lo proteger\u00e1n de los peligros que puede encontrar en su trabajo diario.<\/p>\n<p style=\"text-align: left;\">Nuestra suela de elast\u00f3mero es ideal para caminar en superficies con una gran presencia de agua o de hidrocarburos. Su tecnolog\u00eda anti derrapante mismo en aceites est\u00e1 pensada para \u00e1reas muy deslizantes, especialmente en superficies met\u00e1licas y lisas.<\/p>\n<p style=\"text-align: left;\">Con botas con casquillo\u00a0 diel\u00e9ctricos, antideslizantes, hidrofugados y reforzados tenemos soluciones para cualquier tipo de industria. \u00a1Elija los zapatos que necesite para trabajar con seguridad!<\/p>\n<\/div>\n<p>[\/vc_column_text][\/vc_column][vc_column width=&#8221;1\/6&#8243;][\/vc_column][\/vc_row][vc_row][vc_column width=&#8221;1\/6&#8243;][\/vc_column][vc_column width=&#8221;2\/3&#8243;][vc_column_text]<\/p>\n<h2>Necesita una cotizaci\u00f3n de botas con casquillo?<\/h2>\n<p>Nos puede llamar al 55 8842 7878 o simplemente enviar un correo a <a href=\"mailto:mexico@ozapato.com\" target=\"_blank\" rel=\"noopener\">mexico@ozapato.com<\/a> para conocer nuestra oferta de calzado de seguridad en M\u00e9xico y recibir una cotizaci\u00f3n gratuita. Tenemos soluciones para todas las industrias.[\/vc_column_text][\/vc_column][vc_column width=&#8221;1\/6&#8243;][\/vc_column][\/vc_row][vc_row][vc_column width=&#8221;1\/6&#8243;][\/vc_column][vc_column width=&#8221;2\/3&#8243;][contact-form-7 id=&#8221;6330&#8243;][\/vc_column][vc_column width=&#8221;1\/6&#8243;][\/vc_column][\/vc_row][vc_row][vc_column width=&#8221;1\/6&#8243;][\/vc_column][vc_column width=&#8221;2\/3&#8243;][vc_column_text]<\/p>\n<h2>\u00bfPorque es mejor usar una bota con casquillo de poliamida vs acero?<\/h2>\n<ul>\n<li>Una bota con casquillo de poliamida es mas liviano vs el acero. La diferencia de peso puede de ser hasta -50%. Un casco de acero pesa 100 gramos cuando un caso de poliamida pesa 50 gramos.<\/li>\n<li>Es mas seguro ya que los casquillos de poliamidas no se huden como los de acero.<\/li>\n<li>Por lo general las botas con casquillos tienen hormas mas anchas y mas c\u00f3modas.<\/li>\n<\/ul>\n<p>[\/vc_column_text][\/vc_column][vc_column width=&#8221;1\/6&#8243;][\/vc_column][\/vc_row][vc_row][vc_column][vc_column_text]<\/p>\n<p>[\/vc_column_text][\/vc_column][\/vc_row]<\/p>\n","protected":false},"excerpt":{"rendered":"<p>[vc_row full_width=&#8221;stretch_row&#8221;][vc_column width=&#8221;1\/6&#8243;][\/vc_column][vc_column width=&#8221;2\/3&#8243;][vc_column_text] BOTAS CON CASQUILLO [\/vc_column_text][\/vc_column][vc_column width=&#8221;1\/6&#8243;][\/vc_column][\/vc_row][vc_row][vc_column width=&#8221;1\/6&#8243;][\/vc_column][vc_column width=&#8221;2\/3&#8243;][\/vc_column][vc_column width=&#8221;1\/6&#8243;][\/vc_column][\/vc_row][vc_row][vc_column width=&#8221;1\/6&#8243;][\/vc_column][vc_column width=&#8221;2\/3&#8243;][vc_column_text] BOTAS CON CASQUILLO Nuestras botas con casquillo de poliamida usan 3 tipos distintas formas de unir la suela de el\u00e1stomero antiderrapante al cuero: Cementado para modelos diel\u00e9ctricos certificados a 18.000 Voltios Cosido en lockstitch para modelos de uso rudo Goodyear Welt [&hellip;]<\/p>\n","protected":false},"author":1,"featured_media":0,"parent":0,"menu_order":0,"comment_status":"closed","ping_status":"closed","template":"","meta":{"footnotes":""},"class_list":["post-8963","page","type-page","status-publish","hentry"],"_links":{"self":[{"href":"https:\/\/ozapato.com\/mx\/wp-json\/wp\/v2\/pages\/8963","targetHints":{"allow":["GET"]}}],"collection":[{"href":"https:\/\/ozapato.com\/mx\/wp-json\/wp\/v2\/pages"}],"about":[{"href":"https:\/\/ozapato.com\/mx\/wp-json\/wp\/v2\/types\/page"}],"author":[{"embeddable":true,"href":"https:\/\/ozapato.com\/mx\/wp-json\/wp\/v2\/users\/1"}],"replies":[{"embeddable":true,"href":"https:\/\/ozapato.com\/mx\/wp-json\/wp\/v2\/comments?post=8963"}],"version-history":[{"count":5,"href":"https:\/\/ozapato.com\/mx\/wp-json\/wp\/v2\/pages\/8963\/revisions"}],"predecessor-version":[{"id":9067,"href":"https:\/\/ozapato.com\/mx\/wp-json\/wp\/v2\/pages\/8963\/revisions\/9067"}],"wp:attachment":[{"href":"https:\/\/ozapato.com\/mx\/wp-json\/wp\/v2\/media?parent=8963"}],"curies":[{"name":"wp","href":"https:\/\/api.w.org\/{rel}","templated":true}]}}