{"id":8967,"date":"2018-11-29T18:36:44","date_gmt":"2018-11-30T01:36:44","guid":{"rendered":"https:\/\/ozapato.com\/mx\/?page_id=8967"},"modified":"2018-11-29T18:41:08","modified_gmt":"2018-11-30T01:41:08","slug":"botas-con-casquillo-para-mujer","status":"publish","type":"page","link":"https:\/\/ozapato.com\/mx\/botas-con-casquillo-para-mujer\/","title":{"rendered":"Botas con casquillo para mujer"},"content":{"rendered":"<p>[vc_row full_width=&#8221;stretch_row&#8221; css=&#8221;.vc_custom_1543541929068{background-color: #dd3333 !important;}&#8221;][vc_column width=&#8221;1\/6&#8243;][\/vc_column][vc_column width=&#8221;2\/3&#8243;][vc_column_text]<\/p>\n<h2 style=\"text-align: center;\"><span style=\"color: #ffffff;\">BOTAS CON CASQUILLO PARA MUJER ? OZAPATO: PENSADAS PARA TI<\/span><\/h2>\n<h2 style=\"text-align: center;\"><\/h2>\n<p>[\/vc_column_text][\/vc_column][vc_column width=&#8221;1\/6&#8243;][\/vc_column][\/vc_row][vc_row][vc_column width=&#8221;1\/6&#8243;][\/vc_column][vc_column width=&#8221;2\/3&#8243;]<div class=\"woocommerce columns-4 \"><ul class=\"products columns-4\">\n<li class=\"product type-product post-5144 status-publish first instock product_cat-calzados-de-seguridad product_cat-para-mujeres product_cat-zapatos-para-hospitales product_cat-zapatos-para-restaurantes has-post-thumbnail shipping-taxable purchasable product-type-variable\">\r\n\r\n\t\r\n    <div class=\"product_thumbnail_wrapper \">\r\n\r\n\t\t<a href=\"https:\/\/ozapato.com\/mx\/producto\/lady-desierto-bota-de-cuero-mujer\/\" class=\"woocommerce-LoopProduct-link woocommerce-loop-product__link\">\r\n\r\n\t        <div class=\"product_thumbnail \">\r\n\t            <img loading=\"lazy\" decoding=\"async\" width=\"385\" height=\"385\" src=\"https:\/\/ozapato.com\/mx\/wp-content\/uploads\/sites\/4\/2017\/02\/thumbmail-lady-04-385x385.jpg\" class=\"attachment-woocommerce_thumbnail size-woocommerce_thumbnail\" alt=\"calzado de seguridad para mujeres con casquillo en Mexico OZAPATO\" srcset=\"https:\/\/ozapato.com\/mx\/wp-content\/uploads\/sites\/4\/2017\/02\/thumbmail-lady-04-385x385.jpg 385w, https:\/\/ozapato.com\/mx\/wp-content\/uploads\/sites\/4\/2017\/02\/thumbmail-lady-04-300x300.jpg 300w, https:\/\/ozapato.com\/mx\/wp-content\/uploads\/sites\/4\/2017\/02\/thumbmail-lady-04-150x150.jpg 150w, https:\/\/ozapato.com\/mx\/wp-content\/uploads\/sites\/4\/2017\/02\/thumbmail-lady-04-768x768.jpg 768w, https:\/\/ozapato.com\/mx\/wp-content\/uploads\/sites\/4\/2017\/02\/thumbmail-lady-04-570x570.jpg 570w, https:\/\/ozapato.com\/mx\/wp-content\/uploads\/sites\/4\/2017\/02\/thumbmail-lady-04-100x100.jpg 100w, https:\/\/ozapato.com\/mx\/wp-content\/uploads\/sites\/4\/2017\/02\/thumbmail-lady-04.jpg 800w\" sizes=\"auto, (max-width: 385px) 100vw, 385px\" \/>\t            \t        <\/div><!--.product_thumbnail-->\r\n\t\t<\/a>\r\n\r\n\t\t\t\t\t\t\t\r\n\t\t\r\n\t\t\r\n\t\t\r\n    <\/div><!--.product_thumbnail_wrapper-->\r\n\r\n    \r\n\t<h2 class=\"woocommerce-loop-product__title\">\r\n\t\t<a href=\"https:\/\/ozapato.com\/mx\/producto\/lady-desierto-bota-de-cuero-mujer\/\">Lady 04 Desierto &#8211; Botas de cuero para mujer<\/a>\r\n\t<\/h2>\r\n\r\n\t\r\n        <div class=\"product_after_shop_loop\">\r\n        <div class=\"product_after_shop_loop_switcher\">\r\n    \r\n            \n\t<span class=\"price\"><span class=\"woocommerce-Price-amount amount\"><bdi><span class=\"woocommerce-Price-currencySymbol\">&#36;<\/span>1,099<\/bdi><\/span><\/span>\n\t<span id=\"woocommerce_loop_add_to_cart_link_describedby_5144\" class=\"screen-reader-text\">\n\t\tThis product has multiple variants. The options may be chosen on the product page\t<\/span>\n\r\n            <\/div>\r\n    <\/div>\r\n    \r\n\t<span class=\"gtm4wp_productdata\" style=\"display:none; visibility:hidden;\" data-gtm4wp_product_data=\"{&quot;internal_id&quot;:5144,&quot;item_id&quot;:5144,&quot;item_name&quot;:&quot;Lady 04 Desierto - Botas de cuero para mujer&quot;,&quot;sku&quot;:&quot;LADY04&quot;,&quot;price&quot;:1099,&quot;stocklevel&quot;:null,&quot;stockstatus&quot;:&quot;instock&quot;,&quot;google_business_vertical&quot;:&quot;retail&quot;,&quot;item_category&quot;:&quot;Mujeres&quot;,&quot;id&quot;:5144,&quot;productlink&quot;:&quot;https:\\\/\\\/ozapato.com\\\/mx\\\/producto\\\/lady-desierto-bota-de-cuero-mujer\\\/&quot;,&quot;item_list_name&quot;:&quot;General Product List&quot;,&quot;index&quot;:1,&quot;product_type&quot;:&quot;variable&quot;,&quot;item_brand&quot;:&quot;&quot;}\"><\/span>\r\n<\/li>\r\n<li class=\"product type-product post-122 status-publish instock product_cat-botas-de-construccion product_cat-calzados-de-seguridad product_cat-para-mujeres has-post-thumbnail shipping-taxable purchasable product-type-variable\">\r\n\r\n\t\r\n    <div class=\"product_thumbnail_wrapper \">\r\n\r\n\t\t<a href=\"https:\/\/ozapato.com\/mx\/producto\/lady-01-bota-de-seguridad-mujer\/\" class=\"woocommerce-LoopProduct-link woocommerce-loop-product__link\">\r\n\r\n\t        <div class=\"product_thumbnail \">\r\n\t            <img loading=\"lazy\" decoding=\"async\" width=\"300\" height=\"300\" src=\"https:\/\/ozapato.com\/mx\/wp-content\/uploads\/sites\/4\/2017\/02\/thumbmail-Lady01-800x800-300x300.jpg\" class=\"attachment-woocommerce_thumbnail size-woocommerce_thumbnail\" alt=\"Lady 5 botas de seguridad para mujeres en M\u00e9xico\" srcset=\"https:\/\/ozapato.com\/mx\/wp-content\/uploads\/sites\/4\/2017\/02\/thumbmail-Lady01-800x800-300x300.jpg 300w, https:\/\/ozapato.com\/mx\/wp-content\/uploads\/sites\/4\/2017\/02\/thumbmail-Lady01-800x800-150x150.jpg 150w, https:\/\/ozapato.com\/mx\/wp-content\/uploads\/sites\/4\/2017\/02\/thumbmail-Lady01-800x800-768x768.jpg 768w, https:\/\/ozapato.com\/mx\/wp-content\/uploads\/sites\/4\/2017\/02\/thumbmail-Lady01-800x800-600x600.jpg 600w, https:\/\/ozapato.com\/mx\/wp-content\/uploads\/sites\/4\/2017\/02\/thumbmail-Lady01-800x800-100x100.jpg 100w, https:\/\/ozapato.com\/mx\/wp-content\/uploads\/sites\/4\/2017\/02\/thumbmail-Lady01-800x800.jpg 800w\" sizes=\"auto, (max-width: 300px) 100vw, 300px\" \/>\t            \t        <\/div><!--.product_thumbnail-->\r\n\t\t<\/a>\r\n\r\n\t\t\t\t\t\t\t\r\n\t\t\r\n\t\t\r\n\t\t\r\n    <\/div><!--.product_thumbnail_wrapper-->\r\n\r\n    \r\n\t<h2 class=\"woocommerce-loop-product__title\">\r\n\t\t<a href=\"https:\/\/ozapato.com\/mx\/producto\/lady-01-bota-de-seguridad-mujer\/\">Lady 01 &#8211; Botas de seguridad para mujer<\/a>\r\n\t<\/h2>\r\n\r\n\t\r\n        <div class=\"product_after_shop_loop\">\r\n        <div class=\"product_after_shop_loop_switcher\">\r\n    \r\n            \n\t<span class=\"price\"><span class=\"woocommerce-Price-amount amount\"><bdi><span class=\"woocommerce-Price-currencySymbol\">&#36;<\/span>899<\/bdi><\/span><\/span>\n\t<span id=\"woocommerce_loop_add_to_cart_link_describedby_122\" class=\"screen-reader-text\">\n\t\tThis product has multiple variants. The options may be chosen on the product page\t<\/span>\n\r\n            <\/div>\r\n    <\/div>\r\n    \r\n\t<span class=\"gtm4wp_productdata\" style=\"display:none; visibility:hidden;\" data-gtm4wp_product_data=\"{&quot;internal_id&quot;:122,&quot;item_id&quot;:122,&quot;item_name&quot;:&quot;Lady 01 - Botas de seguridad para mujer&quot;,&quot;sku&quot;:&quot;Lady01&quot;,&quot;price&quot;:899,&quot;stocklevel&quot;:null,&quot;stockstatus&quot;:&quot;instock&quot;,&quot;google_business_vertical&quot;:&quot;retail&quot;,&quot;item_category&quot;:&quot;Botas de construccion&quot;,&quot;id&quot;:122,&quot;productlink&quot;:&quot;https:\\\/\\\/ozapato.com\\\/mx\\\/producto\\\/lady-01-bota-de-seguridad-mujer\\\/&quot;,&quot;item_list_name&quot;:&quot;General Product List&quot;,&quot;index&quot;:2,&quot;product_type&quot;:&quot;variable&quot;,&quot;item_brand&quot;:&quot;&quot;}\"><\/span>\r\n<\/li>\r\n<\/ul>\n<\/div>[\/vc_column][vc_column width=&#8221;1\/6&#8243;][\/vc_column][\/vc_row][vc_row][vc_column width=&#8221;1\/6&#8243;][\/vc_column][vc_column width=&#8221;2\/3&#8243;][vc_column_text]<\/p>\n<div style=\"text-align: center;\">\n<h1>BOTAS CON CASQUILLO PARA MUJER<\/h1>\n<p style=\"text-align: left;\">Nuestras botas con casquillo para mujer usan 3 tipos distintas formas de unir la suela de el\u00e1stomero antiderrapante al cuero:<\/p>\n<ul style=\"text-align: left;\">\n<li>Goodyear Welt para los modelos mas premium.<\/li>\n<li>Cementado para modelos diel\u00e9ctricos certificados a 18.000 Voltios<\/li>\n<li style=\"text-align: justify;\">Cosido en <a href=\"https:\/\/en.wikipedia.org\/wiki\/Lockstitch\" target=\"_blank\" rel=\"noopener\">lockstitch<\/a> para modelos de uso rudo<\/li>\n<\/ul>\n<p style=\"text-align: left;\">Ademas y por su seguridad hemos a\u00f1adido un casquillo para mujer extra grande XL que resiste hasta 2000 kg. Todos nuestros modelos de botas con casquillo son libres de metal y cuenta con plantillas antiperforaci\u00f3n textiles certificadas bajo las normas ASTM y NOM que lo proteger\u00e1n de los peligros que puede encontrar en su trabajo diario.<\/p>\n<p style=\"text-align: left;\">Nuestra suela de elast\u00f3mero es ideal para caminar en superficies con una gran presencia de agua o de hidrocarburos. Su tecnolog\u00eda anti derrapante mismo en aceites est\u00e1 pensada para \u00e1reas muy deslizantes, especialmente en superficies met\u00e1licas y lisas.<\/p>\n<p style=\"text-align: left;\">Con botas con casquillo\u00a0 diel\u00e9ctricos, antideslizantes, hidrofugados y reforzados tenemos soluciones para cualquier tipo de industria. \u00a1Elija los zapatos que necesite para trabajar con seguridad!<\/p>\n<\/div>\n<p>[\/vc_column_text][\/vc_column][vc_column width=&#8221;1\/6&#8243;][\/vc_column][\/vc_row][vc_row][vc_column width=&#8221;1\/6&#8243;][\/vc_column][vc_column width=&#8221;2\/3&#8243;][vc_column_text]<\/p>\n<h2>Necesita una cotizaci\u00f3n de botas con casquillo para mujer?<\/h2>\n<p>Nos puede llamar al 55 4170 8487 o simplemente enviar un correo a <a href=\"mailto:mexico@ozapato.com\" target=\"_blank\" rel=\"noopener\">mexico@ozapato.com<\/a> para conocer nuestra oferta de calzado de seguridad en M\u00e9xico y recibir una cotizaci\u00f3n gratuita. Tenemos soluciones para todas las industrias.[\/vc_column_text][\/vc_column][vc_column width=&#8221;1\/6&#8243;][\/vc_column][\/vc_row][vc_row][vc_column width=&#8221;1\/6&#8243;][\/vc_column][vc_column width=&#8221;2\/3&#8243;][contact-form-7 id=&#8221;6330&#8243;][\/vc_column][vc_column width=&#8221;1\/6&#8243;][\/vc_column][\/vc_row][vc_row][vc_column][vc_column_text]<\/p>\n<p>[\/vc_column_text][\/vc_column][\/vc_row]<\/p>\n","protected":false},"excerpt":{"rendered":"<p>[vc_row full_width=&#8221;stretch_row&#8221; css=&#8221;.vc_custom_1543541929068{background-color: #dd3333 !important;}&#8221;][vc_column width=&#8221;1\/6&#8243;][\/vc_column][vc_column width=&#8221;2\/3&#8243;][vc_column_text] BOTAS CON CASQUILLO PARA MUJER ? OZAPATO: PENSADAS PARA TI [\/vc_column_text][\/vc_column][vc_column width=&#8221;1\/6&#8243;][\/vc_column][\/vc_row][vc_row][vc_column width=&#8221;1\/6&#8243;][\/vc_column][vc_column width=&#8221;2\/3&#8243;][\/vc_column][vc_column width=&#8221;1\/6&#8243;][\/vc_column][\/vc_row][vc_row][vc_column width=&#8221;1\/6&#8243;][\/vc_column][vc_column width=&#8221;2\/3&#8243;][vc_column_text] BOTAS CON CASQUILLO PARA MUJER Nuestras botas con casquillo para mujer usan 3 tipos distintas formas de unir la suela de el\u00e1stomero antiderrapante al cuero: Goodyear Welt para los modelos mas [&hellip;]<\/p>\n","protected":false},"author":1,"featured_media":0,"parent":0,"menu_order":0,"comment_status":"closed","ping_status":"closed","template":"page-full-width.php","meta":{"footnotes":""},"class_list":["post-8967","page","type-page","status-publish","hentry"],"_links":{"self":[{"href":"https:\/\/ozapato.com\/mx\/wp-json\/wp\/v2\/pages\/8967","targetHints":{"allow":["GET"]}}],"collection":[{"href":"https:\/\/ozapato.com\/mx\/wp-json\/wp\/v2\/pages"}],"about":[{"href":"https:\/\/ozapato.com\/mx\/wp-json\/wp\/v2\/types\/page"}],"author":[{"embeddable":true,"href":"https:\/\/ozapato.com\/mx\/wp-json\/wp\/v2\/users\/1"}],"replies":[{"embeddable":true,"href":"https:\/\/ozapato.com\/mx\/wp-json\/wp\/v2\/comments?post=8967"}],"version-history":[{"count":3,"href":"https:\/\/ozapato.com\/mx\/wp-json\/wp\/v2\/pages\/8967\/revisions"}],"predecessor-version":[{"id":8971,"href":"https:\/\/ozapato.com\/mx\/wp-json\/wp\/v2\/pages\/8967\/revisions\/8971"}],"wp:attachment":[{"href":"https:\/\/ozapato.com\/mx\/wp-json\/wp\/v2\/media?parent=8967"}],"curies":[{"name":"wp","href":"https:\/\/api.w.org\/{rel}","templated":true}]}}