{"id":9071,"date":"2019-01-30T07:47:32","date_gmt":"2019-01-30T14:47:32","guid":{"rendered":"https:\/\/ozapato.com\/mx\/?page_id=9071"},"modified":"2019-02-04T14:34:08","modified_gmt":"2019-02-04T21:34:08","slug":"botas-y-calzado-de-seguridad-en-veracruz","status":"publish","type":"page","link":"https:\/\/ozapato.com\/mx\/botas-y-calzado-de-seguridad-en-veracruz\/","title":{"rendered":"Botas y calzado de seguridad en Veracruz"},"content":{"rendered":"<p>[vc_row full_width=&#8221;stretch_row&#8221;][vc_column width=&#8221;1\/6&#8243;][\/vc_column][vc_column width=&#8221;2\/3&#8243;][vc_column_text]<\/p>\n<h2 style=\"text-align: center;\">BOTAS\u00a0 DE SEGURIDAD Y CALZADO INDUSTRIAL EN VERACRUZ<\/h2>\n<h2 style=\"text-align: center;\"><\/h2>\n<p>[\/vc_column_text][\/vc_column][vc_column width=&#8221;1\/6&#8243;][\/vc_column][\/vc_row][vc_row][vc_column width=&#8221;1\/6&#8243;][\/vc_column][vc_column width=&#8221;2\/3&#8243;]<div class=\"woocommerce columns-4 \"><\/div>[\/vc_column][vc_column width=&#8221;1\/6&#8243;][\/vc_column][\/vc_row][vc_row][vc_column width=&#8221;1\/6&#8243;][\/vc_column][vc_column width=&#8221;2\/3&#8243;][vc_column_text]<\/p>\n<div style=\"text-align: center;\">\n<h1>CALZADO DE SEGURIDAD EN VERACRUZ<\/h1>\n<p style=\"text-align: left;\">Nuestras botas y calzados de seguridad en veracruz son montados con casquillo de poliamida y cuero de alta calidad.<\/p>\n<ul style=\"text-align: left;\">\n<li style=\"text-align: justify;\">Cementado para modelos diel\u00e9ctricos certificados a 18.000 Voltios<\/li>\n<li style=\"text-align: justify;\">Cosido en <a href=\"https:\/\/en.wikipedia.org\/wiki\/Lockstitch\" target=\"_blank\" rel=\"noopener\">lockstitch<\/a> para modelos de uso rudo<\/li>\n<li style=\"text-align: justify;\">Goodyear Welt para los modelos mas premium.<\/li>\n<\/ul>\n<p style=\"text-align: left;\">Ademas y por su seguridad hemos a\u00f1adido un casquillo de poliamida extra grande XL que resiste hasta 2000 kg. Todos nuestros modelos de botas de seguridad en Veracruz son libres de metal y cuenta con plantillas antiperforaci\u00f3n textiles certificadas bajo las normas ASTM y NOM. Es le ofrecer protecci\u00f3n contra los peligros que puede encontrar en su trabajo diario.<\/p>\n<p style=\"text-align: left;\">Nuestra suela exclusiva sono ideales para caminar en superficies con una gran presencia de agua o de hidrocarburos. Su tecnolog\u00eda anti derrapante mismo en aceites est\u00e1 pensada para \u00e1reas muy deslizantes, especialmente en superficies met\u00e1licas y lisas.<\/p>\n<p style=\"text-align: left;\">Con botas con casquillo\u00a0 diel\u00e9ctricos, antideslizantes, hidrofugados y reforzados tenemos soluciones para cualquier tipo de industria. \u00a1Elija los zapatos que necesite para trabajar con seguridad en Verarcuz!<\/p>\n<\/div>\n<p>[\/vc_column_text][\/vc_column][vc_column width=&#8221;1\/6&#8243;][\/vc_column][\/vc_row][vc_row][vc_column width=&#8221;1\/6&#8243;][\/vc_column][vc_column width=&#8221;2\/3&#8243;][vc_column_text]<\/p>\n<h2>\u00bfNecesita una cotizaci\u00f3n de botas o calzado de seguridad en Veracruz?<\/h2>\n<p>Nos puede llamar al 55 8842 7878 o simplemente enviar un correo a <a href=\"mailto:mexico@ozapato.com\" target=\"_blank\" rel=\"noopener\">mexico@ozapato.com<\/a> para conocer nuestra oferta de calzado de seguridad en Veracruz y recibir una cotizaci\u00f3n gratuita. Tenemos soluciones para todas las industrias.<\/p>\n<p>[\/vc_column_text][\/vc_column][vc_column width=&#8221;1\/6&#8243;][\/vc_column][\/vc_row][vc_row][vc_column width=&#8221;1\/6&#8243;][\/vc_column][vc_column width=&#8221;2\/3&#8243;][contact-form-7 id=&#8221;6330&#8243;][\/vc_column][vc_column width=&#8221;1\/6&#8243;][\/vc_column][\/vc_row][vc_row][vc_column width=&#8221;1\/6&#8243;][\/vc_column][vc_column width=&#8221;2\/3&#8243;][vc_column_text]<\/p>\n<p>[\/vc_column_text][\/vc_column][vc_column width=&#8221;1\/6&#8243;][\/vc_column][\/vc_row][vc_row][vc_column][vc_column_text]<\/p>\n<p>[\/vc_column_text][\/vc_column][\/vc_row][vc_row][vc_column][vc_column_text]<\/p>\n<p>&nbsp;<\/p>\n<h3>\u00bfVeracruz?<\/h3>\n<p>Veracruz de Ignacio de la Llave, tambi\u00e9n llamado simplemente Veracruz, es uno de los 31 estados que, junto con la CDMX, forman Mexico. Su capital es Xalapa-Enr\u00edquez y su ciudad m\u00e1s poblada, Veracruz con casi 500 000 personas. Es el tercer estado mas poblado de Mexico con mas de 8,112,505 hab. (2015) y ocupa un superficia de 6.8% del pa\u00eds.<br \/>\nTambien es el und\u00e9cimo m\u00e1s densamente poblado con 113 hab\/km\u00b2. Tiene un total de ocho zonas metropolitanas: Veracruz, Xalapa, Poza Rica, Orizaba, Minatitl\u00e1n, Coatzacoalcos, C\u00f3rdoba y Acayucan.<\/p>\n<p>Geogr\u00e1ficamente, Veracruz est\u00e1 ubicado en el oriente del pa\u00eds. Colinda al norte con Tamaulipas, al este con el golfo de M\u00e9xico , al sureste con Tabasco y Chiapas, al sur con Oaxaca, al oeste con Puebla e Hidalgo, y al noroeste con San Luis Potos\u00ed.9\u200b. Tiene un \u00e1rea de 71 820 km\u00b2. Es el und\u00e9cimo estado m\u00e1s extenso, con el 3.66% de la superficie de total del pa\u00eds 10\u200b. Veracruz comprende una larga franja de tierra de bordes irregulares delimitada por el mar y por monta\u00f1as. Se divide en 212 municipios.[\/vc_column_text][\/vc_column][\/vc_row]<\/p>\n","protected":false},"excerpt":{"rendered":"<p>[vc_row full_width=&#8221;stretch_row&#8221;][vc_column width=&#8221;1\/6&#8243;][\/vc_column][vc_column width=&#8221;2\/3&#8243;][vc_column_text] BOTAS\u00a0 DE SEGURIDAD Y CALZADO INDUSTRIAL EN VERACRUZ [\/vc_column_text][\/vc_column][vc_column width=&#8221;1\/6&#8243;][\/vc_column][\/vc_row][vc_row][vc_column width=&#8221;1\/6&#8243;][\/vc_column][vc_column width=&#8221;2\/3&#8243;][\/vc_column][vc_column width=&#8221;1\/6&#8243;][\/vc_column][\/vc_row][vc_row][vc_column width=&#8221;1\/6&#8243;][\/vc_column][vc_column width=&#8221;2\/3&#8243;][vc_column_text] CALZADO DE SEGURIDAD EN VERACRUZ Nuestras botas y calzados de seguridad en veracruz son montados con casquillo de poliamida y cuero de alta calidad. Cementado para modelos diel\u00e9ctricos certificados a 18.000 Voltios Cosido en lockstitch para [&hellip;]<\/p>\n","protected":false},"author":1,"featured_media":0,"parent":0,"menu_order":0,"comment_status":"closed","ping_status":"closed","template":"","meta":{"footnotes":""},"class_list":["post-9071","page","type-page","status-publish","hentry"],"_links":{"self":[{"href":"https:\/\/ozapato.com\/mx\/wp-json\/wp\/v2\/pages\/9071","targetHints":{"allow":["GET"]}}],"collection":[{"href":"https:\/\/ozapato.com\/mx\/wp-json\/wp\/v2\/pages"}],"about":[{"href":"https:\/\/ozapato.com\/mx\/wp-json\/wp\/v2\/types\/page"}],"author":[{"embeddable":true,"href":"https:\/\/ozapato.com\/mx\/wp-json\/wp\/v2\/users\/1"}],"replies":[{"embeddable":true,"href":"https:\/\/ozapato.com\/mx\/wp-json\/wp\/v2\/comments?post=9071"}],"version-history":[{"count":8,"href":"https:\/\/ozapato.com\/mx\/wp-json\/wp\/v2\/pages\/9071\/revisions"}],"predecessor-version":[{"id":9100,"href":"https:\/\/ozapato.com\/mx\/wp-json\/wp\/v2\/pages\/9071\/revisions\/9100"}],"wp:attachment":[{"href":"https:\/\/ozapato.com\/mx\/wp-json\/wp\/v2\/media?parent=9071"}],"curies":[{"name":"wp","href":"https:\/\/api.w.org\/{rel}","templated":true}]}}