{"id":9080,"date":"2019-01-30T08:05:29","date_gmt":"2019-01-30T15:05:29","guid":{"rendered":"https:\/\/ozapato.com\/mx\/?page_id=9080"},"modified":"2019-02-04T14:32:49","modified_gmt":"2019-02-04T21:32:49","slug":"calzado-de-seguridad-y-botas-industriales-en-queretaro","status":"publish","type":"page","link":"https:\/\/ozapato.com\/mx\/calzado-de-seguridad-y-botas-industriales-en-queretaro\/","title":{"rendered":"Calzado de seguridad y botas industriales en Quer\u00e9taro"},"content":{"rendered":"<p>[vc_row full_width=&#8221;stretch_row&#8221;][vc_column width=&#8221;1\/6&#8243;][\/vc_column][vc_column width=&#8221;2\/3&#8243;][vc_column_text]<\/p>\n<h2 style=\"text-align: center;\">BOTAS\u00a0 DE SEGURIDAD Y CALZADO INDUSTRIAL EN QUERETARO<\/h2>\n<h2 style=\"text-align: center;\"><\/h2>\n<p>[\/vc_column_text][\/vc_column][vc_column width=&#8221;1\/6&#8243;][\/vc_column][\/vc_row][vc_row][vc_column width=&#8221;1\/6&#8243;][\/vc_column][vc_column width=&#8221;2\/3&#8243;]<div class=\"woocommerce columns-4 \"><\/div>[\/vc_column][vc_column width=&#8221;1\/6&#8243;][\/vc_column][\/vc_row][vc_row][vc_column width=&#8221;1\/6&#8243;][\/vc_column][vc_column width=&#8221;2\/3&#8243;][vc_column_text]<\/p>\n<div style=\"text-align: center;\">\n<h1>Calzado industrial y botas de seguridad en Quer\u00e9taro<\/h1>\n<p style=\"text-align: left;\">Nuestras botas y calzados de seguridad en Quer\u00e9taro son montados con casquillo de poliamida y cuero de alta calidad.<\/p>\n<ul style=\"text-align: left;\">\n<li style=\"text-align: justify;\">Cementado para modelos diel\u00e9ctricos certificados a 18.000 Voltios<\/li>\n<li style=\"text-align: justify;\">Cosido en <a href=\"https:\/\/en.wikipedia.org\/wiki\/Lockstitch\" target=\"_blank\" rel=\"noopener\">lockstitch<\/a> para modelos de uso rudo<\/li>\n<li style=\"text-align: justify;\">Goodyear Welt para los modelos mas premium.<\/li>\n<\/ul>\n<p style=\"text-align: left;\">Todos nuestros modelos de botas de seguridad en <a href=\"https:\/\/en.wikipedia.org\/wiki\/Quer%C3%A9taro\" target=\"_blank\" rel=\"noopener\">Quer\u00e9taro<\/a> son libres de metal y cuenta con plantillas antiperforaci\u00f3n textiles certificadas bajo las normas ASTM y NOM. Ademas y por su seguridad hemos a\u00f1adido un casquillo de poliamida extra grande XL que resiste hasta 2000 kg.<\/p>\n<p style=\"text-align: left;\">Con botas con casquillo\u00a0 diel\u00e9ctricos, antideslizantes, hidrofugados y reforzados tenemos soluciones para cualquier tipo de industria. \u00a1Elija los zapatos que necesite para trabajar con seguridad en Queretaro!<\/p>\n<\/div>\n<p>[\/vc_column_text][\/vc_column][vc_column width=&#8221;1\/6&#8243;][\/vc_column][\/vc_row][vc_row][vc_column width=&#8221;1\/6&#8243;][\/vc_column][vc_column width=&#8221;2\/3&#8243;][vc_column_text]<\/p>\n<h2>\u00bfNecesita una cotizaci\u00f3n de botas o calzado de seguridad en Quer\u00e9taro?<\/h2>\n<p>Nos puede llamar al 55 8842 7878 o simplemente enviar un correo a <a href=\"mailto:mexico@ozapato.com\" target=\"_blank\" rel=\"noopener\">mexico@ozapato.com<\/a> para conocer nuestra oferta de calzado de seguridad en Queretaro y recibir una cotizaci\u00f3n gratuita. Tenemos soluciones para todas las industrias.<\/p>\n<p>[\/vc_column_text][\/vc_column][vc_column width=&#8221;1\/6&#8243;][\/vc_column][\/vc_row][vc_row][vc_column width=&#8221;1\/6&#8243;][\/vc_column][vc_column width=&#8221;2\/3&#8243;][contact-form-7 id=&#8221;6330&#8243;][\/vc_column][vc_column width=&#8221;1\/6&#8243;][\/vc_column][\/vc_row][vc_row][vc_column width=&#8221;1\/6&#8243;][\/vc_column][vc_column width=&#8221;2\/3&#8243;][vc_column_text]<\/p>\n<p>[\/vc_column_text][\/vc_column][vc_column width=&#8221;1\/6&#8243;][\/vc_column][\/vc_row][vc_row][vc_column][vc_column_text]<\/p>\n<p>[\/vc_column_text][\/vc_column][\/vc_row][vc_row][vc_column][vc_column_text]<\/p>\n<p>&nbsp;<\/p>\n<h3>\u00bfQuer\u00e9taro?<\/h3>\n<p>Quer\u00e9taro es uno de los 31 estados que, junto con la Ciudad de M\u00e9xico, forman los Estados Unidos Mexicanos. Su capital y ciudad m\u00e1s poblada es Santiago de Quer\u00e9taro. Est\u00e1 ubicado en la regi\u00f3n centronorte del pa\u00eds limitando al norte con Guanajuato y San Luis Potos\u00ed, al sur con Hidalgo y Estado de M\u00e9xico y al oeste con Michoac\u00e1n.<\/p>\n<p>Quer\u00e9taro se ha distinguido en los \u00faltimos a\u00f1os por ser uno de los dos estados del pa\u00eds con la mayor din\u00e1mica de crecimiento econ\u00f3mico\u200b, desde 1994 hasta la fecha ha mantenido un crecimiento mayor al nacional, esto debido a que empresas nacionales y trasnacionales de los sectores industrial, comercial y de servicios se han asentado en el estado. En el a\u00f1o 2000 se da el salto a la industria manufacturera y a partir de 2005 hace presencia la industria aeroespacial,9\u200b siendo esta \u00faltima una de las de mayor desarrollo en la entidad por lo que Quer\u00e9taro se ha convertido en el cuarto centro de actividades aeroespaciales m\u00e1s importantes del mundo solo detr\u00e1s de Singapur, Dub\u00e1i y Bangalore.10\u200b<\/p>\n<p>Con 11,684 km\u00b2, es el quinto estado menos extenso \u2014por delante de Colima, Aguascalientes, Morelos y Tlaxcala, el menos extenso\u2014 y con 156.45 hab \/ km\u00b2, el s\u00e9ptimo m\u00e1s densamente poblado, por detr\u00e1s del Estado de M\u00e9xico, Morelos, Tlaxcala, Aguascalientes, Guanajuato y Puebla. Fue fundado el 23 de diciembre de 1823.[\/vc_column_text][\/vc_column][\/vc_row]<\/p>\n","protected":false},"excerpt":{"rendered":"<p>[vc_row full_width=&#8221;stretch_row&#8221;][vc_column width=&#8221;1\/6&#8243;][\/vc_column][vc_column width=&#8221;2\/3&#8243;][vc_column_text] BOTAS\u00a0 DE SEGURIDAD Y CALZADO INDUSTRIAL EN QUERETARO [\/vc_column_text][\/vc_column][vc_column width=&#8221;1\/6&#8243;][\/vc_column][\/vc_row][vc_row][vc_column width=&#8221;1\/6&#8243;][\/vc_column][vc_column width=&#8221;2\/3&#8243;][\/vc_column][vc_column width=&#8221;1\/6&#8243;][\/vc_column][\/vc_row][vc_row][vc_column width=&#8221;1\/6&#8243;][\/vc_column][vc_column width=&#8221;2\/3&#8243;][vc_column_text] Calzado industrial y botas de seguridad en Quer\u00e9taro Nuestras botas y calzados de seguridad en Quer\u00e9taro son montados con casquillo de poliamida y cuero de alta calidad. Cementado para modelos diel\u00e9ctricos certificados a 18.000 Voltios Cosido [&hellip;]<\/p>\n","protected":false},"author":1,"featured_media":0,"parent":0,"menu_order":0,"comment_status":"closed","ping_status":"closed","template":"","meta":{"footnotes":""},"class_list":["post-9080","page","type-page","status-publish","hentry"],"_links":{"self":[{"href":"https:\/\/ozapato.com\/mx\/wp-json\/wp\/v2\/pages\/9080","targetHints":{"allow":["GET"]}}],"collection":[{"href":"https:\/\/ozapato.com\/mx\/wp-json\/wp\/v2\/pages"}],"about":[{"href":"https:\/\/ozapato.com\/mx\/wp-json\/wp\/v2\/types\/page"}],"author":[{"embeddable":true,"href":"https:\/\/ozapato.com\/mx\/wp-json\/wp\/v2\/users\/1"}],"replies":[{"embeddable":true,"href":"https:\/\/ozapato.com\/mx\/wp-json\/wp\/v2\/comments?post=9080"}],"version-history":[{"count":6,"href":"https:\/\/ozapato.com\/mx\/wp-json\/wp\/v2\/pages\/9080\/revisions"}],"predecessor-version":[{"id":9098,"href":"https:\/\/ozapato.com\/mx\/wp-json\/wp\/v2\/pages\/9080\/revisions\/9098"}],"wp:attachment":[{"href":"https:\/\/ozapato.com\/mx\/wp-json\/wp\/v2\/media?parent=9080"}],"curies":[{"name":"wp","href":"https:\/\/api.w.org\/{rel}","templated":true}]}}