{"id":9173,"date":"2019-02-20T07:23:36","date_gmt":"2019-02-20T14:23:36","guid":{"rendered":"https:\/\/ozapato.com\/mx\/?page_id=9173"},"modified":"2020-05-08T04:38:47","modified_gmt":"2020-05-08T10:38:47","slug":"ozapato-mexico","status":"publish","type":"page","link":"https:\/\/ozapato.com\/mx\/ozapato-mexico\/","title":{"rendered":"Tallas OZAPATO M\u00e9xico"},"content":{"rendered":"<p>[vc_row video_bg=&#8221;yes&#8221; video_bg_url=&#8221; https:\/\/www.youtube.com\/watch?v=__oq67bsM8A&#8221;][vc_column][vc_column_text css=&#8221;.vc_custom_1588933864796{padding-top: 32px !important;}&#8221;]<\/p>\n<h3 style=\"text-align: center\"><span style=\"color: #ffffff\">GU\u00cdA DE TALLAS<\/span><\/h3>\n<p>[\/vc_column_text][\/vc_column][\/vc_row][vc_row][vc_column][vc_empty_space][\/vc_column][\/vc_row][vc_row][vc_column width=&#8221;1\/4&#8243;][\/vc_column][vc_column width=&#8221;1\/2&#8243;][vc_column_text]<\/p>\n<h3 style=\"text-align: center\"><span style=\"color: #000000\"><b>GU\u00cdA DE TALLAS PARA CALZADO DE SEGURIDAD<\/b><\/span><\/h3>\n<p>&nbsp;<\/p>\n<p><span style=\"color: #000000\"><a style=\"color: #000000\" href=\"https:\/\/emojipedia.org\/mans-shoe\/\" target=\"_blank\" rel=\"noopener\"><span class=\"emoji\">\ud83d\udc5e <\/span><\/a>OZAPATO ha creado una <a style=\"color: #000000\" href=\"https:\/\/es.wikipedia.org\/wiki\/Talla_(medida)\" target=\"_blank\" rel=\"noopener\"><strong>Gu\u00eda de tallas<\/strong><\/a> para <a href=\"https:\/\/ozapato.com\/mx\/botas-y-zapatos-casuales\/\">calzado de seguridad<\/a>. As\u00ed ayudar a sus colaboradores en M\u00e9xico.<\/span><\/p>\n<p><span style=\"color: #000000\">Es muy sencillo, baje el archivo e <a style=\"color: #000000\" href=\"https:\/\/tdrive.li\/REfR8k\" target=\"_blank\" rel=\"noopener noreferrer\">imprima esta regla<\/a>. Si no cuenta con una impresora, puede hacer el mismo ejercicio con cualquier regla que tenga centimetros (cm) marcados.<\/span><\/p>\n<p><span style=\"color: #000000\">1.- Colocar su pie en el medidor y ponerse de pie.<\/span><br \/>\n<span style=\"color: #000000\">2.- Asegurarse que esta en posici\u00f3n recta<\/span><br \/>\n<span style=\"color: #000000\">3.- Leer su talla en centimetro<\/span><br \/>\n<span style=\"color: #000000\">4.- Convertir su talla en cent\u00edmetro en talla OZAPATO.<\/span><\/p>\n<p>&nbsp;<\/p>\n<p class=\"charttitle\"><span style=\"color: #000000\">Tallas para mujeres &amp; hombres<\/span><\/p>\n<table border=\"0\" cellspacing=\"0\">\n<colgroup span=\"2\" width=\"85\"><\/colgroup>\n<tbody>\n<tr>\n<td align=\"left\" height=\"32\"><span style=\"font-family: 'Liberation Serif';color: #000000\">Centimetros (CM)<\/span><\/td>\n<td align=\"left\" bgcolor=\"#F7F7F7\"><span style=\"color: #000000\"><b><span style=\"font-family: Liberation Serif\">OZAPATO<\/span><\/b><\/span><\/td>\n<\/tr>\n<tr>\n<td align=\"left\" height=\"17\"><span style=\"font-family: 'Liberation Serif';color: #000000\">\u00a0<\/span><\/td>\n<td align=\"left\" bgcolor=\"#F7F7F7\"><span style=\"color: #000000\"><b><span style=\"font-family: Liberation Serif\">\u00a0<\/span><\/b><\/span><\/td>\n<\/tr>\n<tr>\n<td align=\"left\" height=\"17\"><span style=\"font-family: 'Liberation Serif';color: #000000\">21 cm<\/span><\/td>\n<td align=\"right\" bgcolor=\"#F7F7F7\"><span style=\"color: #000000\"><b><span style=\"font-family: Liberation Serif\">3<\/span><\/b><\/span><\/td>\n<\/tr>\n<tr>\n<td align=\"left\" height=\"17\"><span style=\"font-family: 'Liberation Serif';color: #000000\">21.5 cm<\/span><\/td>\n<td align=\"right\" bgcolor=\"#F7F7F7\"><span style=\"color: #000000\"><b><span style=\"font-family: Liberation Serif\">3<\/span><\/b><\/span><\/td>\n<\/tr>\n<tr>\n<td align=\"left\" height=\"17\"><span style=\"font-family: 'Liberation Serif';color: #000000\">21.6 cm<\/span><\/td>\n<td align=\"right\" bgcolor=\"#F7F7F7\"><span style=\"color: #000000\"><b><span style=\"font-family: Liberation Serif\">4<\/span><\/b><\/span><\/td>\n<\/tr>\n<tr>\n<td align=\"left\" height=\"17\"><span style=\"font-family: 'Liberation Serif';color: #000000\">22 cm<\/span><\/td>\n<td align=\"right\" bgcolor=\"#F7F7F7\"><span style=\"font-family: 'Liberation Serif';color: #000000\">4<\/span><\/td>\n<\/tr>\n<tr>\n<td align=\"left\" height=\"18\"><span style=\"font-family: 'Liberation Serif';color: #000000\">22.5 cm<\/span><\/td>\n<td align=\"right\" bgcolor=\"#F7F7F7\"><span style=\"font-family: 'Liberation Serif';color: #000000\">4<\/span><\/td>\n<\/tr>\n<tr>\n<td align=\"left\" height=\"18\"><span style=\"font-family: 'Liberation Serif';color: #000000\">22.6 cm<\/span><\/td>\n<td align=\"right\" bgcolor=\"#F7F7F7\"><span style=\"font-family: 'Liberation Serif';color: #000000\">5<\/span><\/td>\n<\/tr>\n<tr>\n<td align=\"left\" height=\"18\"><span style=\"font-family: 'Liberation Serif';color: #000000\">23 cm<\/span><\/td>\n<td align=\"right\" bgcolor=\"#F7F7F7\"><span style=\"font-family: 'Liberation Serif';color: #000000\">5<\/span><\/td>\n<\/tr>\n<tr>\n<td align=\"left\" height=\"18\"><span style=\"font-family: 'Liberation Serif';color: #000000\">23.5 cm<\/span><\/td>\n<td align=\"right\" bgcolor=\"#F7F7F7\"><span style=\"font-family: 'Liberation Serif';color: #000000\">5<\/span><\/td>\n<\/tr>\n<tr>\n<td align=\"left\" height=\"18\"><span style=\"font-family: 'Liberation Serif';color: #000000\">23.6 cm<\/span><\/td>\n<td align=\"right\" bgcolor=\"#F7F7F7\"><span style=\"font-family: 'Liberation Serif';color: #000000\">6<\/span><\/td>\n<\/tr>\n<tr>\n<td align=\"left\" height=\"18\"><span style=\"font-family: 'Liberation Serif';color: #000000\">24 cm<\/span><\/td>\n<td align=\"right\" bgcolor=\"#F7F7F7\"><span style=\"font-family: 'Liberation Serif';color: #000000\">6<\/span><\/td>\n<\/tr>\n<tr>\n<td align=\"left\" height=\"18\"><span style=\"font-family: 'Liberation Serif';color: #000000\">24.5\u00a0cm<\/span><\/td>\n<td align=\"right\" bgcolor=\"#F7F7F7\"><span style=\"font-family: 'Liberation Serif';color: #000000\">6<\/span><\/td>\n<\/tr>\n<tr>\n<td align=\"left\" height=\"18\"><span style=\"font-family: 'Liberation Serif';color: #000000\">24.6 cm<\/span><\/td>\n<td align=\"right\" bgcolor=\"#F7F7F7\"><span style=\"font-family: 'Liberation Serif';color: #000000\">7<\/span><\/td>\n<\/tr>\n<tr>\n<td align=\"left\" height=\"18\"><span style=\"font-family: 'Liberation Serif';color: #000000\">25\u00a0cm<\/span><\/td>\n<td align=\"right\" bgcolor=\"#F7F7F7\"><span style=\"font-family: 'Liberation Serif';color: #000000\">7<\/span><\/td>\n<\/tr>\n<tr>\n<td align=\"left\" height=\"18\"><span style=\"font-family: 'Liberation Serif';color: #000000\">25.5\u00a0cm<\/span><\/td>\n<td align=\"right\" bgcolor=\"#F7F7F7\"><span style=\"font-family: 'Liberation Serif';color: #000000\">7<\/span><\/td>\n<\/tr>\n<tr>\n<td align=\"left\" height=\"18\"><span style=\"font-family: 'Liberation Serif';color: #000000\">25.6 cm<\/span><\/td>\n<td align=\"right\" bgcolor=\"#F7F7F7\"><span style=\"font-family: 'Liberation Serif';color: #000000\">8<\/span><\/td>\n<\/tr>\n<tr>\n<td align=\"left\" height=\"18\"><span style=\"font-family: 'Liberation Serif';color: #000000\">26\u00a0cm<\/span><\/td>\n<td align=\"right\" bgcolor=\"#F7F7F7\"><span style=\"font-family: 'Liberation Serif';color: #000000\">8<\/span><\/td>\n<\/tr>\n<tr>\n<td align=\"left\" height=\"18\"><span style=\"font-family: 'Liberation Serif';color: #000000\">26.5\u00a0cm<\/span><\/td>\n<td align=\"right\" bgcolor=\"#F7F7F7\"><span style=\"font-family: 'Liberation Serif';color: #000000\">8<\/span><\/td>\n<\/tr>\n<tr>\n<td align=\"left\" height=\"18\"><span style=\"font-family: 'Liberation Serif';color: #000000\">26.6 cm<\/span><\/td>\n<td align=\"right\" bgcolor=\"#F7F7F7\"><span style=\"font-family: 'Liberation Serif';color: #000000\">9<\/span><\/td>\n<\/tr>\n<tr>\n<td align=\"left\" height=\"18\"><span style=\"font-family: 'Liberation Serif';color: #000000\">27\u00a0cm<\/span><\/td>\n<td align=\"right\" bgcolor=\"#F7F7F7\"><span style=\"font-family: 'Liberation Serif';color: #000000\">9<\/span><\/td>\n<\/tr>\n<tr>\n<td align=\"left\" height=\"18\"><span style=\"font-family: 'Liberation Serif';color: #000000\">27.5\u00a0cm<\/span><\/td>\n<td align=\"right\" bgcolor=\"#F7F7F7\"><span style=\"font-family: 'Liberation Serif';color: #000000\">9<\/span><\/td>\n<\/tr>\n<tr>\n<td align=\"left\" height=\"18\"><span style=\"font-family: 'Liberation Serif';color: #000000\">27.6 cm<\/span><\/td>\n<td align=\"right\" bgcolor=\"#F7F7F7\"><span style=\"font-family: 'Liberation Serif';color: #000000\">10<\/span><\/td>\n<\/tr>\n<tr>\n<td align=\"left\" height=\"17\"><span style=\"font-family: 'Liberation Serif';color: #000000\">28\u00a0cm<\/span><\/td>\n<td align=\"right\" bgcolor=\"#F7F7F7\"><span style=\"font-family: 'Liberation Serif';color: #000000\">10<\/span><\/td>\n<\/tr>\n<tr>\n<td align=\"left\" height=\"18\"><span style=\"font-family: 'Liberation Serif';color: #000000\">28.5\u00a0cm<\/span><\/td>\n<td align=\"right\" bgcolor=\"#F7F7F7\"><span style=\"font-family: 'Liberation Serif';color: #000000\">10<\/span><\/td>\n<\/tr>\n<tr>\n<td align=\"left\" height=\"18\"><span style=\"font-family: 'Liberation Serif';color: #000000\">28.6 cm<\/span><\/td>\n<td align=\"right\" bgcolor=\"#F7F7F7\"><span style=\"font-family: 'Liberation Serif';color: #000000\">11<\/span><\/td>\n<\/tr>\n<tr>\n<td align=\"left\" height=\"18\"><span style=\"font-family: 'Liberation Serif';color: #000000\">29\u00a0cm<\/span><\/td>\n<td align=\"right\" bgcolor=\"#F7F7F7\"><span style=\"font-family: 'Liberation Serif';color: #000000\">11<\/span><\/td>\n<\/tr>\n<tr>\n<td align=\"left\" height=\"18\"><span style=\"font-family: 'Liberation Serif';color: #000000\">29.5\u00a0cm<\/span><\/td>\n<td align=\"right\" bgcolor=\"#F7F7F7\"><span style=\"font-family: 'Liberation Serif';color: #000000\">11<\/span><\/td>\n<\/tr>\n<tr>\n<td align=\"left\" height=\"18\"><span style=\"font-family: 'Liberation Serif';color: #000000\">29.6 cm<\/span><\/td>\n<td align=\"right\" bgcolor=\"#F7F7F7\"><span style=\"font-family: 'Liberation Serif';color: #000000\">12<\/span><\/td>\n<\/tr>\n<tr>\n<td align=\"left\" height=\"18\"><span style=\"font-family: 'Liberation Serif';color: #000000\">30\u00a0cm<\/span><\/td>\n<td align=\"right\" bgcolor=\"#F7F7F7\"><span style=\"font-family: 'Liberation Serif';color: #000000\">12<\/span><\/td>\n<\/tr>\n<tr>\n<td align=\"left\" height=\"18\"><span style=\"font-family: 'Liberation Serif';color: #000000\">30.5\u00a0cm<\/span><\/td>\n<td align=\"right\" bgcolor=\"#F7F7F7\"><span style=\"font-family: 'Liberation Serif';color: #000000\">12<\/span><\/td>\n<\/tr>\n<tr>\n<td align=\"left\" height=\"18\"><span style=\"font-family: 'Liberation Serif';color: #000000\">30.6 cm<\/span><\/td>\n<td align=\"right\" bgcolor=\"#F7F7F7\"><span style=\"font-family: 'Liberation Serif';color: #000000\">13<\/span><\/td>\n<\/tr>\n<tr>\n<td align=\"left\" height=\"18\"><span style=\"font-family: 'Liberation Serif';color: #000000\">31\u00a0cm<\/span><\/td>\n<td align=\"right\" bgcolor=\"#F7F7F7\"><span style=\"font-family: 'Liberation Serif';color: #000000\">13<\/span><\/td>\n<\/tr>\n<tr>\n<td align=\"left\" height=\"18\"><span style=\"font-family: 'Liberation Serif';color: #000000\">31.5\u00a0cm<\/span><\/td>\n<td align=\"right\" bgcolor=\"#F7F7F7\"><span style=\"font-family: 'Liberation Serif';color: #000000\">13<\/span><\/td>\n<\/tr>\n<tr>\n<td align=\"left\" height=\"18\"><span style=\"font-family: 'Liberation Serif';color: #000000\">32\u00a0cm<\/span><\/td>\n<td align=\"right\" bgcolor=\"#F7F7F7\"><span style=\"font-family: 'Liberation Serif';color: #000000\">14<\/span><\/td>\n<\/tr>\n<\/tbody>\n<\/table>\n<p>[\/vc_column_text][\/vc_column][vc_column width=&#8221;1\/4&#8243;][\/vc_column][\/vc_row][vc_row][vc_column][vc_empty_space][\/vc_column][\/vc_row][vc_row type=&#8221;boxed&#8221;][vc_column][vc_cta h2=&#8221;&#8221; css=&#8221;.vc_custom_1588934176695{background-color: #dd3333 !important;}&#8221;]<\/p>\n<h4 style=\"text-align: center\"><span style=\"color: #ffffff\"><strong>\u00bfInteresado? Recibe una cotizaci\u00f3n en 24 hs.<\/strong><\/span><\/h4>\n<p>[\/vc_cta][\/vc_column][\/vc_row][vc_row type=&#8221;boxed&#8221;][vc_column][vc_column_text]<iframe loading=\"lazy\" height=\"800px\" width=\"100%\" frameborder=\"0\" allow=\"geolocation;microphone;camera\" src=\"https:\/\/forms.zohopublic.com\/virtualoffice9264\/form\/MXWebForm\/formperma\/t2g4AJSxH5dX5eLImIHPs6T1GSbbcmWdJblk7_0ZVFw\"> <\/iframe>[\/vc_column_text][\/vc_column][\/vc_row][vc_row][vc_column][vc_empty_space][\/vc_column][\/vc_row][vc_row][vc_column][vc_column_text]\t\t<div id=\"sbi_mod_error\" >\n\t\t\t<span>This error message is only visible to WordPress admins<\/span><br\/>\n\t\t\t<p><strong>Error: No feed found.<\/strong>\n\t\t\t<p>Please go to the Instagram Feed settings page to create a feed.<\/p>\n\t\t<\/div>\n\t\t[\/vc_column_text][\/vc_column][\/vc_row]<\/p>\n","protected":false},"excerpt":{"rendered":"<p>[vc_row video_bg=&#8221;yes&#8221; video_bg_url=&#8221; https:\/\/www.youtube.com\/watch?v=__oq67bsM8A&#8221;][vc_column][vc_column_text css=&#8221;.vc_custom_1588933864796{padding-top: 32px !important;}&#8221;] GU\u00cdA DE TALLAS [\/vc_column_text][\/vc_column][\/vc_row][vc_row][vc_column][vc_empty_space][\/vc_column][\/vc_row][vc_row][vc_column width=&#8221;1\/4&#8243;][\/vc_column][vc_column width=&#8221;1\/2&#8243;][vc_column_text] GU\u00cdA DE TALLAS PARA CALZADO DE SEGURIDAD &nbsp; \ud83d\udc5e OZAPATO ha creado una Gu\u00eda de tallas para calzado de seguridad. As\u00ed ayudar a sus colaboradores en M\u00e9xico. Es muy sencillo, baje el archivo e imprima esta regla. Si no cuenta con una [&hellip;]<\/p>\n","protected":false},"author":1,"featured_media":0,"parent":0,"menu_order":0,"comment_status":"closed","ping_status":"closed","template":"page-full-width.php","meta":{"footnotes":""},"class_list":["post-9173","page","type-page","status-publish","hentry"],"_links":{"self":[{"href":"https:\/\/ozapato.com\/mx\/wp-json\/wp\/v2\/pages\/9173","targetHints":{"allow":["GET"]}}],"collection":[{"href":"https:\/\/ozapato.com\/mx\/wp-json\/wp\/v2\/pages"}],"about":[{"href":"https:\/\/ozapato.com\/mx\/wp-json\/wp\/v2\/types\/page"}],"author":[{"embeddable":true,"href":"https:\/\/ozapato.com\/mx\/wp-json\/wp\/v2\/users\/1"}],"replies":[{"embeddable":true,"href":"https:\/\/ozapato.com\/mx\/wp-json\/wp\/v2\/comments?post=9173"}],"version-history":[{"count":12,"href":"https:\/\/ozapato.com\/mx\/wp-json\/wp\/v2\/pages\/9173\/revisions"}],"predecessor-version":[{"id":11849,"href":"https:\/\/ozapato.com\/mx\/wp-json\/wp\/v2\/pages\/9173\/revisions\/11849"}],"wp:attachment":[{"href":"https:\/\/ozapato.com\/mx\/wp-json\/wp\/v2\/media?parent=9173"}],"curies":[{"name":"wp","href":"https:\/\/api.w.org\/{rel}","templated":true}]}}