{"id":9626,"date":"2019-08-07T14:17:19","date_gmt":"2019-08-07T20:17:19","guid":{"rendered":"https:\/\/ozapato.com\/mx\/?page_id=9626"},"modified":"2020-09-19T18:11:19","modified_gmt":"2020-09-20T00:11:19","slug":"terminos-y-condiciones-ozapato","status":"publish","type":"page","link":"https:\/\/ozapato.com\/mx\/terminos-y-condiciones-ozapato\/","title":{"rendered":"Terminos y condiciones OZAPATO Mexico SA de CV"},"content":{"rendered":"<p><strong>T\u00e9rminos y Condiciones<\/strong><br \/>\nPara hacer uso de nuestros servicios es indispensable que conozcas y aceptes estos T\u00e9rminos y Condiciones Generales de Uso para Pagadores (en adelante \u201cT&amp;Cs\u201d) pues rigen la relaci\u00f3n que tiene OZAPATO contigo. Te recomendamos que los leas detenidamente y que imprimas o guardes una copia electr\u00f3nica de los mismos para tu posterior consulta.<\/p>\n<p>Es indispensable que como Pagador te abstengas de aceptar estos T&amp;Cs si careces de capacidad legal para hacerlo o eres menor de edad. OZAPATO no tiene manera de verificar que tu aceptaci\u00f3n es vinculante, por lo cual presumir\u00e1 que as\u00ed es.<\/p>\n<p>Si al momento del pago aceptas estos T&amp;Cs haciendo click en la casilla del check-box que establece \u201cAcepto estos T&amp;Cs\u201d. asumiremos que aceptas y conoces el contenido de estos T&amp;C, publicados en el sitio web de OZAPATO, en la Secci\u00f3n Legal de la URL: www. OZAPATO.com, o en cualquier otra URL habilitada por OZAPATO para el efecto.<\/p>\n<p>1. <strong>GENERALIDADES<\/strong><\/p>\n<p>1.1. Estos T&amp; Cs rigen la relaci\u00f3n bajo la cual OZAPATO brinda este canal de pagos a sus pagadores.<br \/>\n1.2. Un Pagador es cualquier persona natural o jur\u00eddica, que, como t\u00fa, acepta estos T&amp;Cs con el prop\u00f3sito de hacer uso de este canal para pagar sus compromisos con OZAPATO.<br \/>\n1.3. Con la aceptaci\u00f3n de estos T&amp;Cs OZAPATO te habilita el uso de una plataforma tecnol\u00f3gica para que pagues, los bienes o servicios.<br \/>\n1.4. OZAPATO podr\u00e1 suspender o cancelar tu uso del canal de Pago, en cualquier momento, si incumples con lo dispuesto en estos T&amp;Cs o haces un uso ileg\u00edtimo o inadecuado de la Plataforma de Pago de OZAPATO.<br \/>\n1.5. El Pagador acepta que toda la informaci\u00f3n que ingres\u00f3 es veraz, completa y correcta. Lo cual lo responsabiliza ante OZAPATO y ante terceros por inexactitudes, errores o falsedad en el ejercicio de la informaci\u00f3n que aporte.<br \/>\n1.6. El Pagador es responsable de mantener la adecuada seguridad y control de cualquiera de las identificaciones, contrase\u00f1as, n\u00fameros de identificaci\u00f3n personal o de cualquier otro c\u00f3digo conferido por las entidades bancarias para transacciones en l\u00ednea que Usted utilice para realizar el pago.<br \/>\n1.7. En casos de reembolso o cancelaci\u00f3n, el cliente debe avisar por escrito\u00a0en un plazo no mayor a las 24 horas de haber realizado el pago.<br \/>\n1.8. Se aceptan las\u00a0condiciones\u00a0de pago impuestas por OZAPATO, as\u00ed como los l\u00edmites\u00a0y\u00a0coberturas del plan de servicio.<br \/>\n1.9. Los cargos de la transacci\u00f3n aparecer\u00e1n\u00a0en su estado de cuenta\u00a0c\u00f3mo DESCRIPTOR.<\/p>\n<p><strong>2. MODIFICACIONES REALIZADAS A LOS TCG<\/strong><\/p>\n<p>2.1. Ocasionalmente, OZAPATO podr\u00e1 modificar estos T&amp;Cs cuando lo considere necesario.<br \/>\n2.2. Las modificaciones no se aplicar\u00e1n con car\u00e1cter retroactivo y entrar\u00e1n en vigor a partir de su publicaci\u00f3n en los sitios web de OZAPATO, en la Secci\u00f3n Legal de la URL: www.OZAPATO.com.<br \/>\n2.3. Al aceptar los T&amp;Cs, aceptas sus modificaciones.<br \/>\n2.4. Si no est\u00e1s de acuerdo con las modificaciones hechas por OZAPATO a estos T&amp;Cs, deber\u00e1s abstenerte de utilizar el canal de Pago.<\/p>\n<p><strong>OZAPATO MEXICO SA de CV 55 8842 7878 mexico@ozapato.com<\/strong><\/p>\n","protected":false},"excerpt":{"rendered":"<p>T\u00e9rminos y Condiciones Para hacer uso de nuestros servicios es indispensable que conozcas y aceptes estos T\u00e9rminos y Condiciones Generales de Uso para Pagadores (en adelante \u201cT&amp;Cs\u201d) pues rigen la relaci\u00f3n que tiene OZAPATO contigo. Te recomendamos que los leas detenidamente y que imprimas o guardes una copia electr\u00f3nica de los mismos para tu posterior [&hellip;]<\/p>\n","protected":false},"author":1,"featured_media":0,"parent":0,"menu_order":0,"comment_status":"closed","ping_status":"closed","template":"","meta":{"footnotes":""},"class_list":["post-9626","page","type-page","status-publish","hentry"],"_links":{"self":[{"href":"https:\/\/ozapato.com\/mx\/wp-json\/wp\/v2\/pages\/9626","targetHints":{"allow":["GET"]}}],"collection":[{"href":"https:\/\/ozapato.com\/mx\/wp-json\/wp\/v2\/pages"}],"about":[{"href":"https:\/\/ozapato.com\/mx\/wp-json\/wp\/v2\/types\/page"}],"author":[{"embeddable":true,"href":"https:\/\/ozapato.com\/mx\/wp-json\/wp\/v2\/users\/1"}],"replies":[{"embeddable":true,"href":"https:\/\/ozapato.com\/mx\/wp-json\/wp\/v2\/comments?post=9626"}],"version-history":[{"count":9,"href":"https:\/\/ozapato.com\/mx\/wp-json\/wp\/v2\/pages\/9626\/revisions"}],"predecessor-version":[{"id":12589,"href":"https:\/\/ozapato.com\/mx\/wp-json\/wp\/v2\/pages\/9626\/revisions\/12589"}],"wp:attachment":[{"href":"https:\/\/ozapato.com\/mx\/wp-json\/wp\/v2\/media?parent=9626"}],"curies":[{"name":"wp","href":"https:\/\/api.w.org\/{rel}","templated":true}]}}