{"id":10591,"date":"2019-10-17T12:28:50","date_gmt":"2019-10-17T18:28:50","guid":{"rendered":"https:\/\/ozapato.com\/mx\/producto\/rock-03\/"},"modified":"2025-06-10T12:42:23","modified_gmt":"2025-06-10T19:42:23","slug":"rock-01","status":"publish","type":"product","link":"https:\/\/ozapato.com\/mx\/producto\/rock-01\/","title":{"rendered":"Rock 01"},"content":{"rendered":"<p>[vc_row type=&#8221;boxed&#8221;][vc_column][vc_column_text]<\/p>\n<div style=\"position: relative; width: 100%; height: 0; padding-top: 129.4118%; padding-bottom: 0; box-shadow: 0 2px 8px 0 rgba(63,69,81,0.16); margin-top: 1.6em; margin-bottom: 0.9em; overflow: hidden; border-radius: 8px; will-change: transform;\"><iframe style=\"position: absolute; width: 100%; height: 100%; top: 0; left: 0; border: none; padding: 0; margin: 0;\" src=\"https:\/\/www.canva.com\/design\/DAGDcprPYlA\/4Ks9ab0PvC6mwagerV4bVA\/view?embed\" allowfullscreen=\"allowfullscreen\"><br \/>\n<\/iframe><\/div>\n<p>[\/vc_column_text][vc_column_text]<\/p>\n<ul>\n<li>La Rock 01 botas para la construcci\u00f3n y taller mec\u00e1nico.<\/li>\n<li>Construcci\u00f3n: Lockstitch<\/li>\n<li>Suela: Negra antideslizante. Resistente a grava, barro, patios, suelos porosos, suelos de asfalto.<\/li>\n<li>Corte: Cuero negro napa y rondinelo en laterales sellado hasta la leng\u00fceta.<\/li>\n<li>Color: Negro.<\/li>\n<li>Forro: Forrado interior antimicrobiano acolchado color negro.<\/li>\n<li>Costuras: Doble y triple de nylon color negro.<\/li>\n<li>Contrafuerte: Orothermo Puntera: XL extra larga de composite..<\/li>\n<li>Plantilla interior: Tejida y suajada de 3mm anti microbiana.<\/li>\n<li>Plantilla anti-perforaci\u00f3n: Textil de kevlar.<\/li>\n<li>Ajuste: Horma EEE Altura: 16 cm Numeraci\u00f3n: 3-14 us Certificaci\u00f3n; certificada ASTM 2412-18 C-75 I-75 PR Resistencia electrica: Bota libre de metal, a\u00edsla hasta 6000 volts Bota libre de metal Garant\u00eda de 4 meses contra cualquier defecto de f\u00e1brica.<\/li>\n<li><a href=\"https:\/\/workdrive.zohopublic.com\/external\/6Ol2VXoNe81-JqO1d\/download\" target=\"_blank\" rel=\"noopener\">Ficha t\u00e9cnica\u00a0<\/a><\/li>\n<\/ul>\n<p>[\/vc_column_text][\/vc_column][\/vc_row][vc_row][vc_column][vc_separator][\/vc_column][\/vc_row][vc_row type=&#8221;boxed&#8221;][vc_column width=&#8221;1\/3&#8243;][vc_column_text]<\/p>\n<h4>Suela<\/h4>\n<p>Suela de alta calidad. Excelente para terrenos de construcci\u00f3n con mucha abrasi\u00f3n.[\/vc_column_text][\/vc_column][vc_column width=&#8221;1\/3&#8243;][vc_column_text]<\/p>\n<h4>Construcci\u00f3n lockstitch<\/h4>\n<p>Bota cosida en lockstitch, ofreciendo una mayor durabilidad en un clima h\u00famedo.[\/vc_column_text][\/vc_column][vc_column width=&#8221;1\/3&#8243;][vc_column_text]<\/p>\n<h4>Antiperforaci\u00f3n<\/h4>\n<p>Plantilla antiperforaci\u00f3n textil certificada ASTM e ISO. Ofrece una mayor flexibilidad, ergonom\u00eda y frescura.[\/vc_column_text][\/vc_column][\/vc_row][vc_row][vc_column][vc_separator][\/vc_column][\/vc_row][vc_row type=&#8221;boxed&#8221;][vc_column][vc_column_text]<\/p>\n<h4 class=\"western\" style=\"text-align: center;\"><span style=\"color: #ff0000;\">\u00bfInteresado? Recibe una cotizaci\u00f3n en 24 horas m\u00e1ximo.<\/span><\/h4>\n<p>[\/vc_column_text][vc_column_text]<iframe loading=\"lazy\" height=\"800px\" width=\"100%\" frameborder=\"0\" allow=\"geolocation;microphone;camera\" src=\"https:\/\/forms.zohopublic.com\/virtualoffice9264\/form\/MXWebForm\/formperma\/t2g4AJSxH5dX5eLImIHPs6T1GSbbcmWdJblk7_0ZVFw\"> <\/iframe>[\/vc_column_text][\/vc_column][\/vc_row][vc_row][vc_column][vc_separator][\/vc_column][\/vc_row][vc_row][vc_column width=&#8221;1\/4&#8243;][\/vc_column][vc_column width=&#8221;1\/2&#8243;][vc_column_text]<\/p>\n<h4 class=\"western\" align=\"center\"><span style=\"color: #000000;\"><strong>\u00bfQU\u00c9 HACEMOS?<\/strong><\/span><\/h4>\n<p><span style=\"color: #000000;\">OZAPATO es una marca de calzado ubicada en Pachuca, M\u00e9xico. Fabricamos botas de seguridad industrial y contamos con presencia en Costa Rica, Rep\u00fablica Dominicana, M\u00e9xico, Panam\u00e1 y Estados Unidos. Hemos aprendido a lo largo de los a\u00f1os como fabricar botas de seguridad con calidad y de manera responsable. En M\u00e9xico, nuestra l\u00ednea industrial cuenta con botas de seguridad, botas de seguridad diel\u00e9ctricas y botas t\u00e1cticas. Por esta raz\u00f3n, OZAPATO, presenta esta nueva <strong>botas para la construcci\u00f3n<\/strong> industrial <b>Rock 01<\/b>, pensado para los trabajadores de la construcci\u00f3n y en los mec\u00e1nicos.<\/span><\/p>\n<p><span style=\"color: #000000;\">\u00a1Elija de nuestro cat\u00e1logo las botas que necesita para trabajar con seguridad!<strong>\u00a0<\/strong><\/span><\/p>\n<h4 class=\"western\" align=\"center\"><span style=\"color: #000000;\">\u00bfC\u00d3MO LO HACEMOS?<\/span><\/h4>\n<p><span style=\"color: #000000;\">Todas nuestras botas de <strong>seguridad industrial<\/strong> son fabricadas con materiales de alta calidad. Tenga la confianza que sus pies estar\u00e1n protegidos en cada momento. Estamos tan seguros de la calidad de nuestros modelos de <a style=\"color: #000000;\" href=\"https:\/\/ozapato.com\/mx\/producto\/hybrid-01-desierto\/\">botas de seguridad<\/a> industrial que ofrecemos una <strong>garant\u00eda de 4 meses y hasta 6 meses<\/strong> para las botas de seguridad m\u00e1s premium. Adem\u00e1s ofrecemos un servicio de <strong>entrega en 24 horas.<\/strong><\/span><\/p>\n<h4 class=\"western\" align=\"center\"><span style=\"color: #000000;\"><strong>\u00bfPOR QU\u00c9 LO HACEMOS?<\/strong><\/span><\/h4>\n<p><span style=\"color: #000000;\">OZAPATO naci\u00f3 con la idea de servir a la comunidad local. La producci\u00f3n de nuestras botas de seguridad industrial es un proceso transparente que sustenta el balance socio econ\u00f3mico de la comunidad a la que pertenece.<\/span><\/p>\n<p><span style=\"color: #000000;\">El valor m\u00e1s importante de OZAPATO es la entrega directa hasta el cliente. Evitamos todos los intermediarios que no a\u00f1aden valor a nuestros consumidores. Cada etapa de la fabricaci\u00f3n de botas de seguridad industrial debe beneficiar a la gente que fabrica el calzado.<\/span><\/p>\n<h3 style=\"text-align: center;\"><span style=\"color: #000000;\"><strong>BOTAS PARA LA <\/strong>CONSTRUCCI\u00d3N<\/span><\/h3>\n<p><span style=\"color: #000000;\">Botas para la construcci\u00f3n\u00a0<a style=\"color: #000000;\" href=\"https:\/\/emojipedia.org\/sign-of-the-horns\/\" target=\"_blank\" rel=\"noopener\"><span class=\"emoji\">\ud83e\udd18<\/span><\/a>Rock 01 nace con la idea de cubrir las necesidades de aquellos usuarios que realizan trabajos en obras y en t<a style=\"color: #000000;\" href=\"https:\/\/ozapato.com\/mx\/categoria-producto\/botas-de-taller-mecanico\/\">alleres mec\u00e1nicos.<\/a> Este producto enfocado al <a style=\"color: #000000;\" href=\"https:\/\/ozapato.com\/mx\/categoria-producto\/botas-de-taller-mecanico\/\">sector industrial<\/a> esta fabricado con un casco XL de poliamida y plantilla anti perforaci\u00f3n para brindarle mas seguridad a los<\/span> trabajadores.[\/vc_column_text][\/vc_column][vc_column width=&#8221;1\/4&#8243;][\/vc_column][\/vc_row]<\/p>\n","protected":false},"excerpt":{"rendered":"<p>\ud83e\udd18\ud83c\udffd\u00a0Los Rock 01 son botas para la construcci\u00f3n que fueron dise\u00f1adas para terrenos dif\u00edciles.\u00a0Con su tecnolog\u00eda de cosido en lockstitch y su plantilla anti perforaci\u00f3n de kevlar.Pensado para trabajadores de la construcci\u00f3n y talleres mec\u00e1nicos.<\/p>\n","protected":false},"featured_media":14375,"comment_status":"open","ping_status":"closed","template":"","meta":[],"product_brand":[],"product_cat":[69,267,40],"product_tag":[],"class_list":{"0":"post-10591","1":"product","2":"type-product","3":"status-publish","4":"has-post-thumbnail","6":"product_cat-botas-de-construccion","7":"product_cat-calzado-industria-automotriz","8":"product_cat-calzados-de-seguridad","9":"pa_size-128","10":"pa_size-129","11":"pa_size-130","12":"pa_size-131","13":"pa_size-132","14":"pa_size-133","15":"pa_size-134","16":"pa_size-135","17":"pa_size-137","18":"pa_size-138","19":"pa_size-139","20":"pa_size-140","22":"first","23":"instock","24":"shipping-taxable","25":"purchasable","26":"product-type-variable","27":"has-default-attributes"},"_links":{"self":[{"href":"https:\/\/ozapato.com\/mx\/wp-json\/wp\/v2\/product\/10591","targetHints":{"allow":["GET"]}}],"collection":[{"href":"https:\/\/ozapato.com\/mx\/wp-json\/wp\/v2\/product"}],"about":[{"href":"https:\/\/ozapato.com\/mx\/wp-json\/wp\/v2\/types\/product"}],"replies":[{"embeddable":true,"href":"https:\/\/ozapato.com\/mx\/wp-json\/wp\/v2\/comments?post=10591"}],"wp:featuredmedia":[{"embeddable":true,"href":"https:\/\/ozapato.com\/mx\/wp-json\/wp\/v2\/media\/14375"}],"wp:attachment":[{"href":"https:\/\/ozapato.com\/mx\/wp-json\/wp\/v2\/media?parent=10591"}],"wp:term":[{"taxonomy":"product_brand","embeddable":true,"href":"https:\/\/ozapato.com\/mx\/wp-json\/wp\/v2\/product_brand?post=10591"},{"taxonomy":"product_cat","embeddable":true,"href":"https:\/\/ozapato.com\/mx\/wp-json\/wp\/v2\/product_cat?post=10591"},{"taxonomy":"product_tag","embeddable":true,"href":"https:\/\/ozapato.com\/mx\/wp-json\/wp\/v2\/product_tag?post=10591"}],"curies":[{"name":"wp","href":"https:\/\/api.w.org\/{rel}","templated":true}]}}