{"id":11904,"date":"2020-05-11T18:33:08","date_gmt":"2020-05-12T00:33:08","guid":{"rendered":"https:\/\/ozapato.com\/mx\/producto\/badger-01\/"},"modified":"2023-01-12T14:58:35","modified_gmt":"2023-01-12T21:58:35","slug":"badger-01","status":"publish","type":"product","link":"https:\/\/ozapato.com\/mx\/producto\/badger-01\/","title":{"rendered":"Badger 01"},"content":{"rendered":"<p>[vc_row][vc_column width=&#8221;1\/6&#8243;][\/vc_column][vc_column width=&#8221;2\/3&#8243;][vc_column_text]<\/p>\n<ul>\n<li><strong>Botas tipo Fundidor<\/strong><\/li>\n<li><span style=\"color: #000000\">Suela antideslizante certificada.<\/span><\/li>\n<li><span style=\"color: #000000\">Puntera de composit certificada ASTM y NOM a 200 joules<\/span><\/li>\n<li><span style=\"color: #000000\">Planta antiperforacion certificada ASTM y ISO<\/span><\/li>\n<li><span style=\"color: #000000\">Cuero napa certificada<\/span><\/li>\n<li><span style=\"color: #000000\">Calzado 100% libre de metal<\/span><\/li>\n<li><span style=\"color: #000000\">Bota \/ <strong>Bot\u00edn tipo fundidor cerrado<\/strong><\/span><\/li>\n<\/ul>\n<p>[\/vc_column_text][\/vc_column][vc_column width=&#8221;1\/6&#8243;][\/vc_column][\/vc_row][vc_row][vc_column][vc_empty_space][\/vc_column][\/vc_row][vc_row type=&#8221;boxed&#8221;][vc_column][vc_column_text]<\/p>\n<h3 style=\"text-align: center\"><span style=\"color: #000000\"><strong>BOTAS TIPO FUNDIDOR EN M\u00c9XICO<\/strong><\/span><\/h3>\n<p><span style=\"color: #000000\">Las <strong><a style=\"color: #000000\" href=\"http:\/\/www.ozapato.com\/mx\/\">Botas<\/a> tipo fundidor<\/strong> de OZAPATO,se caracterizan por ser <strong>antiderrapantes.<\/strong> Son botas de seguridad tipo fundidor <strong>libres de metales\u00a0<\/strong> al 100 % porque estan compuestas\u00a0 puntera de composit y resistentes hasta las <strong>200 jules y <\/strong><a style=\"color: #000000\" href=\"https:\/\/ozapato.com\/mx\/zapatos-para-chef\/\">andtideslizantes.\u00a0<\/a><\/span><\/p>\n<p><span style=\"color: #000000\">Desde el a\u00f1o 2012, en M\u00e9xico seg\u00fan la\u00a0<a style=\"color: #000000\" href=\"https:\/\/www.smfac.org.mx\/\" target=\"_blank\" rel=\"noopener\">Sociedad de Fundidores<\/a> han exportado mas del\u00a0 30% de lo que funden al exterior y son fundamentales para el sector industrial del pa\u00eds.Y posicionandose en el sexto pa\u00eds con mas empresas fundidoras del mundo.<\/span><\/p>\n<p><span style=\"color: #000000\">La <a href=\"https:\/\/ozapato.com\/mx\/zapatos-de-seguridad-industrial\/\">Industria Fundidora<\/a> del pa\u00eds produjo<\/span><span style=\"color: #000000\">\u00a0<\/span><span style=\"color: #000000\"><strong>1.500 millones<\/strong> de\u00a0 estos materiales:<\/span><\/p>\n<ul>\n<li><strong><span style=\"color: #000000\">80% Automotriz<\/span><\/strong><\/li>\n<li><strong><span style=\"color: #000000\">10% Industria mec\u00e1nica y no agr\u00edcolas.<\/span><\/strong><\/li>\n<li><strong><span style=\"color: #000000\">8% Maquinar\u00eda agr\u00edcola.<\/span><\/strong><\/li>\n<li><strong><span style=\"color: #000000\">4%\u00a0 Sector industrial en general.<\/span><\/strong><\/li>\n<\/ul>\n<p><span style=\"color: #000000\">Por est\u00e1 raz\u00f3n OZAPATO, fabrica los mejores <strong>bot\u00ednes de fundidor de M\u00e9xico.<\/strong> Con <strong>garant\u00eda de 6 meses<\/strong> y enviados a su empresa, directo de nuestra fabrica en Hidalgo. Si estas interesado en<strong> botas y botines tipo fundidor<\/strong> cont\u00e1ctenos al <\/span><b>55 8842 7878.<\/b>[\/vc_column_text][\/vc_column][\/vc_row][vc_row][vc_column][vc_empty_space][\/vc_column][\/vc_row][vc_row type=&#8221;boxed&#8221;][vc_column][vc_column_text]<\/p>\n<h4 style=\"text-align: center\"><span style=\"color: #000000\"><strong>\u00bfQUE ES UNA FUNDIDORA?<\/strong><\/span><\/h4>\n<p><span style=\"color: #000000\">Una <strong>Fundidora<\/strong>\u00a0es una fabrica que funde el <a href=\"https:\/\/es.wikipedia.org\/wiki\/Metal\" target=\"_blank\" rel=\"noopener\">metal<\/a> y vierten el <strong>metal l\u00edquido<\/strong> en un molde que despues se solidifica.<\/span><\/p>\n<p><span style=\"color: #000000\">Hay dos tipos de fundidoras:<\/span><\/p>\n<ol>\n<li><strong>F\u00e9rricas:<\/strong> Fundici\u00f3n de hierro o acero.<\/li>\n<li><strong>No F\u00e9rricas: <\/strong>Aluminio, lat\u00f3n,bronce.<\/li>\n<\/ol>\n<p>&nbsp;<\/p>\n<p>[\/vc_column_text][\/vc_column][\/vc_row][vc_row][vc_column][vc_empty_space][\/vc_column][\/vc_row][vc_row][vc_column][vc_column_text]\t\t<div id=\"sbi_mod_error\" >\n\t\t\t<span>This error message is only visible to WordPress admins<\/span><br\/>\n\t\t\t<p><strong>Error: No feed found.<\/strong>\n\t\t\t<p>Please go to the Instagram Feed settings page to create a feed.<\/p>\n\t\t<\/div>\n\t\t[\/vc_column_text][\/vc_column][\/vc_row]<\/p>\n","protected":false},"excerpt":{"rendered":"<p>Bota industrial tipo fundidor. Puntera de <strong>composit 200 joules<\/strong> + planta perforaci\u00f3n certificada <strong>ASTM y ISO<\/strong>.\u00a0 Piel <strong>napa<\/strong> + <strong>garantizadas 6 meses<\/strong>. Cotiza el mejor precio hoy a mexico@ozapato.com<\/p>\n","protected":false},"featured_media":0,"comment_status":"open","ping_status":"closed","template":"","meta":[],"product_brand":[],"product_cat":[267],"product_tag":[],"class_list":{"0":"post-11904","1":"product","2":"type-product","3":"status-publish","5":"product_cat-calzado-industria-automotriz","6":"pa_size-128","7":"pa_size-129","8":"pa_size-130","9":"pa_size-131","10":"pa_size-132","11":"pa_size-133","12":"pa_size-134","13":"pa_size-135","14":"pa_size-137","15":"pa_size-138","16":"pa_size-139","17":"pa_size-140","19":"first","20":"outofstock","21":"shipping-taxable","22":"purchasable","23":"product-type-variable","24":"has-default-attributes"},"_links":{"self":[{"href":"https:\/\/ozapato.com\/mx\/wp-json\/wp\/v2\/product\/11904","targetHints":{"allow":["GET"]}}],"collection":[{"href":"https:\/\/ozapato.com\/mx\/wp-json\/wp\/v2\/product"}],"about":[{"href":"https:\/\/ozapato.com\/mx\/wp-json\/wp\/v2\/types\/product"}],"replies":[{"embeddable":true,"href":"https:\/\/ozapato.com\/mx\/wp-json\/wp\/v2\/comments?post=11904"}],"wp:attachment":[{"href":"https:\/\/ozapato.com\/mx\/wp-json\/wp\/v2\/media?parent=11904"}],"wp:term":[{"taxonomy":"product_brand","embeddable":true,"href":"https:\/\/ozapato.com\/mx\/wp-json\/wp\/v2\/product_brand?post=11904"},{"taxonomy":"product_cat","embeddable":true,"href":"https:\/\/ozapato.com\/mx\/wp-json\/wp\/v2\/product_cat?post=11904"},{"taxonomy":"product_tag","embeddable":true,"href":"https:\/\/ozapato.com\/mx\/wp-json\/wp\/v2\/product_tag?post=11904"}],"curies":[{"name":"wp","href":"https:\/\/api.w.org\/{rel}","templated":true}]}}