{"id":4527,"date":"2017-01-27T15:03:01","date_gmt":"2017-01-27T15:03:01","guid":{"rendered":"https:\/\/ozapato.com\/pa\/?page_id=4527"},"modified":"2017-01-27T15:03:01","modified_gmt":"2017-01-27T15:03:01","slug":"zapatos-para-restaurantes","status":"publish","type":"page","link":"https:\/\/ozapato.com\/ni\/zapatos-para-restaurantes\/","title":{"rendered":"Zapatos de seguridad para restaurantes"},"content":{"rendered":"<p>[vc_row full_width=\u00bbstretch_row\u00bb height=\u00bbfull\u00bb css=\u00bb.vc_custom_1485549825266{margin-top: -78px !important;background: #000000 url(https:\/\/ozapato.com\/pa\/wp-content\/uploads\/sites\/2\/2017\/01\/black-and-white-1284072_1280.jpg?id=4533) !important;background-position: center !important;background-repeat: no-repeat !important;background-size: cover !important;}\u00bb][vc_column width=\u00bb1\/6&#8243;][\/vc_column][vc_column width=\u00bb2\/3&#8243;][vc_column_text]<\/p>\n<h2 style=\"text-align: center\"><span style=\"color: #ffffff\">ZAPATOS PARA RESTAURANTES CON SUELA ANTIDESLIZANTE<br \/>\n<\/span><\/h2>\n<p>[\/vc_column_text][\/vc_column][vc_column width=\u00bb1\/6&#8243;][\/vc_column][vc_column][\/vc_column][\/vc_row][vc_row type=\u00bbboxed\u00bb css=\u00bb.vc_custom_1485533715205{background-position: center !important;background-repeat: no-repeat !important;background-size: cover !important;}\u00bb][vc_column width=\u00bb1\/6&#8243;][\/vc_column][vc_column width=\u00bb2\/3&#8243;]<div class=\"woocommerce columns-4 \"><ul class=\"products columns-4\">\n<li class=\"product type-product post-130 status-publish first instock product_cat-botas-de-taller-mecanico product_cat-industrial product_cat-portuaria product_cat-todoterreno product_cat-zapatos-para-restaurantes product_tag-botas-de-seguridad product_tag-botas-de-taller-mecanico product_tag-botas-en-costa-rica product_tag-botas-industriales product_tag-maritima product_tag-portuaria product_tag-puertos has-post-thumbnail shipping-taxable product-type-simple\">\r\n\r\n\t\r\n    <div class=\"product_thumbnail_wrapper \">\r\n\r\n\t\t<a href=\"https:\/\/ozapato.com\/ni\/producto\/grip\/\" class=\"woocommerce-LoopProduct-link woocommerce-loop-product__link\">\r\n\r\n\t        <div class=\"product_thumbnail \">\r\n\t            <img loading=\"lazy\" decoding=\"async\" width=\"350\" height=\"350\" src=\"https:\/\/ozapato.com\/ni\/wp-content\/uploads\/sites\/11\/2017\/02\/thumbmail-Grip01-800x800.jpg\" class=\"attachment-woocommerce_thumbnail size-woocommerce_thumbnail\" alt=\"Bota de seguridad en nicargua\" srcset=\"https:\/\/ozapato.com\/ni\/wp-content\/uploads\/sites\/11\/2017\/02\/thumbmail-Grip01-800x800.jpg 800w, https:\/\/ozapato.com\/ni\/wp-content\/uploads\/sites\/11\/2017\/02\/thumbmail-Grip01-800x800-150x150.jpg 150w, https:\/\/ozapato.com\/ni\/wp-content\/uploads\/sites\/11\/2017\/02\/thumbmail-Grip01-800x800-300x300.jpg 300w, https:\/\/ozapato.com\/ni\/wp-content\/uploads\/sites\/11\/2017\/02\/thumbmail-Grip01-800x800-768x768.jpg 768w, https:\/\/ozapato.com\/ni\/wp-content\/uploads\/sites\/11\/2017\/02\/thumbmail-Grip01-800x800-70x70.jpg 70w, https:\/\/ozapato.com\/ni\/wp-content\/uploads\/sites\/11\/2017\/02\/thumbmail-Grip01-800x800-350x350.jpg 350w, https:\/\/ozapato.com\/ni\/wp-content\/uploads\/sites\/11\/2017\/02\/thumbmail-Grip01-800x800-570x570.jpg 570w, https:\/\/ozapato.com\/ni\/wp-content\/uploads\/sites\/11\/2017\/02\/thumbmail-Grip01-800x800-32x32.jpg 32w\" sizes=\"auto, (max-width: 350px) 100vw, 350px\" \/>\t            \t        <\/div><!--.product_thumbnail-->\r\n\t\t<\/a>\r\n\r\n\t\t\t\t\t\t\t\r\n\t\t\r\n\t\t\r\n\t\t\r\n    <\/div><!--.product_thumbnail_wrapper-->\r\n\r\n    \r\n\t<h2 class=\"woocommerce-loop-product__title\">\r\n\t\t<a href=\"https:\/\/ozapato.com\/ni\/producto\/grip\/\">Grip<\/a>\r\n\t<\/h2>\r\n\r\n\t\r\n        <div class=\"product_after_shop_loop\">\r\n        <div class=\"product_after_shop_loop_switcher\">\r\n    \r\n            \n<a href=\"https:\/\/ozapato.com\/ni\/producto\/grip\/\" aria-describedby=\"woocommerce_loop_add_to_cart_link_describedby_130\" data-quantity=\"1\" class=\"button product_type_simple\" data-product_id=\"130\" data-product_sku=\"\" aria-label=\"Lee m\u00e1s sobre &ldquo;Grip&rdquo;\" rel=\"nofollow\" data-success_message=\"\">Leer m\u00e1s<\/a>\t<span id=\"woocommerce_loop_add_to_cart_link_describedby_130\" class=\"screen-reader-text\">\n\t\t\t<\/span>\n\r\n            <\/div>\r\n    <\/div>\r\n    \r\n\t\r\n<\/li>\r\n<li class=\"product type-product post-115 status-publish instock product_cat-tactica product_cat-todoterreno product_cat-zapatos-para-hospitales product_cat-zapatos-para-restaurantes product_tag-boats product_tag-industrial product_tag-seguridad has-post-thumbnail shipping-taxable product-type-simple\">\r\n\r\n\t\r\n    <div class=\"product_thumbnail_wrapper \">\r\n\r\n\t\t<a href=\"https:\/\/ozapato.com\/ni\/producto\/oxford\/\" class=\"woocommerce-LoopProduct-link woocommerce-loop-product__link\">\r\n\r\n\t        <div class=\"product_thumbnail \">\r\n\t            <img loading=\"lazy\" decoding=\"async\" width=\"350\" height=\"350\" src=\"https:\/\/ozapato.com\/ni\/wp-content\/uploads\/sites\/11\/2017\/02\/Oxford_01-800x800.jpg\" class=\"attachment-woocommerce_thumbnail size-woocommerce_thumbnail\" alt=\"Oxford\" srcset=\"https:\/\/ozapato.com\/ni\/wp-content\/uploads\/sites\/11\/2017\/02\/Oxford_01-800x800.jpg 800w, https:\/\/ozapato.com\/ni\/wp-content\/uploads\/sites\/11\/2017\/02\/Oxford_01-800x800-150x150.jpg 150w, https:\/\/ozapato.com\/ni\/wp-content\/uploads\/sites\/11\/2017\/02\/Oxford_01-800x800-300x300.jpg 300w, https:\/\/ozapato.com\/ni\/wp-content\/uploads\/sites\/11\/2017\/02\/Oxford_01-800x800-768x768.jpg 768w, https:\/\/ozapato.com\/ni\/wp-content\/uploads\/sites\/11\/2017\/02\/Oxford_01-800x800-70x70.jpg 70w, https:\/\/ozapato.com\/ni\/wp-content\/uploads\/sites\/11\/2017\/02\/Oxford_01-800x800-350x350.jpg 350w, https:\/\/ozapato.com\/ni\/wp-content\/uploads\/sites\/11\/2017\/02\/Oxford_01-800x800-570x570.jpg 570w\" sizes=\"auto, (max-width: 350px) 100vw, 350px\" \/>\t            \t        <\/div><!--.product_thumbnail-->\r\n\t\t<\/a>\r\n\r\n\t\t\t\t\t\t\t\r\n\t\t\r\n\t\t\r\n\t\t\r\n    <\/div><!--.product_thumbnail_wrapper-->\r\n\r\n    \r\n\t<h2 class=\"woocommerce-loop-product__title\">\r\n\t\t<a href=\"https:\/\/ozapato.com\/ni\/producto\/oxford\/\">Oxford<\/a>\r\n\t<\/h2>\r\n\r\n\t\r\n        <div class=\"product_after_shop_loop\">\r\n        <div class=\"product_after_shop_loop_switcher\">\r\n    \r\n            \n<a href=\"https:\/\/ozapato.com\/ni\/producto\/oxford\/\" aria-describedby=\"woocommerce_loop_add_to_cart_link_describedby_115\" data-quantity=\"1\" class=\"button product_type_simple\" data-product_id=\"115\" data-product_sku=\"\" aria-label=\"Lee m\u00e1s sobre &ldquo;Oxford&rdquo;\" rel=\"nofollow\" data-success_message=\"\">Leer m\u00e1s<\/a>\t<span id=\"woocommerce_loop_add_to_cart_link_describedby_115\" class=\"screen-reader-text\">\n\t\t\t<\/span>\n\r\n            <\/div>\r\n    <\/div>\r\n    \r\n\t\r\n<\/li>\r\n<\/ul>\n<\/div>[\/vc_column][vc_column width=\u00bb1\/6&#8243;][\/vc_column][\/vc_row][vc_row][vc_column][vc_single_image image=\u00bb4517&#8243; img_size=\u00bblarge\u00bb alignment=\u00bbcenter\u00bb][\/vc_column][\/vc_row][vc_row][vc_column width=\u00bb1\/6&#8243;][\/vc_column][vc_column width=\u00bb2\/3&#8243;][vc_column_text]<\/p>\n<p style=\"text-align: center\"><strong>Descubra nuestros zapatos para restaurantes con suela antideslizante<\/strong><\/p>\n<p>Descubra nuestros zapatos para restaurantes dise\u00f1ados especialmente para la hosteler\u00eda dominicana. Todos nuestros modelos de zapatos para restaurantes estan dise\u00f1ados para soportar el clima de Rep\u00fablica Dominicana.<\/p>\n<p>Los criterios m\u00e1s importantes para realizar estos zapatos para restaurantes son tanto la resistencia de los materiales utilizados para su fabricaci\u00f3n como su comodidad y la ligereza del zapato.<\/p>\n<p>Otra caracter\u00edstica importante a destacar es su suela antideslizante que le aportar\u00e1 una mayor adherencia al pavimento, evitando as\u00ed posibles accidentes.<\/p>\n<p>Es por eso que nuestro zapato para restaurantes est\u00e1 realizado con cuero de calidad. El uso del cuero nos permite ofrecer un zapato para restaurantes resistente y liviano.<\/p>\n<p>Adem\u00e1s a nuestro calzado le hemos a\u00f1adido una plantilla transpirable que le permitir\u00e1 una mayor transpiraci\u00f3n y confort para que su jornada laboral sea m\u00e1s llevadera. !Adem\u00e1s, nuestros zapatos para restaurantes vienen con una garant\u00eda de 6 meses!<\/p>\n<p>Con los zapatos Grip y Comfort tenemos soluciones para todas sus necesidades. !Elija ahora los zapatos que necesita para trabajar con seguridad![\/vc_column_text][\/vc_column][vc_column width=\u00bb1\/6&#8243;][\/vc_column][\/vc_row][vc_row][vc_column width=\u00bb1\/6&#8243;][\/vc_column][vc_column width=\u00bb2\/3&#8243; css=\u00bb.vc_custom_1456174598177{background-color: #dd3333 !important;}\u00bb][vc_column_text]<\/p>\n<div class=\"wpb_text_column wpb_content_element \">\n<h1 class=\"wpb_wrapper\" style=\"text-align: center\"><span style=\"color: #ffffff\"><strong>\u00bfQU\u00c9 HACEMOS?<\/strong> <\/span><\/h1>\n<\/div>\n<div class=\"wpb_text_column wpb_content_element \">\n<div class=\"wpb_wrapper\">\n<div class=\"wpb_text_column wpb_content_element \">\n<div class=\"wpb_wrapper\">\n<p style=\"text-align: justify\"><span style=\"color: #ffffff\">OZAPATO es una marca de calzado ubicada en Pachuca, M\u00e9xico. Fabricamos zapatos de seguridad para restaurantes y contamos con presencia en Rep\u00fablica Dominicana, M\u00e9xico, Panam\u00e1 y Estados Unidos. Hemos aprendido a lo largo de los a\u00f1os como fabricar zapatos de seguridad para restaurantes con suela antideslizante de calidad y de manera responsable. En Rep\u00fablica Dominicana, nuestra l\u00ednea industrial cuenta con zapatos antideslizantes para hosteler\u00eda y restauraci\u00f3n.<br \/>\n\u00a1Elija de nuestro cat\u00e1logo las botas o zapatos que necesita para trabajar con seguridad!<\/span><\/p>\n<\/div>\n<\/div>\n<\/div>\n<\/div>\n<p>[\/vc_column_text][\/vc_column][vc_column width=\u00bb1\/6&#8243;][\/vc_column][\/vc_row][vc_row][vc_column width=\u00bb1\/6&#8243;][\/vc_column][vc_column width=\u00bb2\/3&#8243; css=\u00bb.vc_custom_1456174610082{background-color: #dd3333 !important;}\u00bb][vc_column_text]<\/p>\n<h1 style=\"text-align: center\"><span style=\"color: #ffffff\">\u00bfCOMO LO HACEMOS?<\/span><\/h1>\n<p><span style=\"color: #ffffff\">Todas nuestros zapatos de seguridad para restaurantes con suela antideslizante son fabricados con materiales de alta calidad. Tenga la confianza que sus pies estar\u00e1n protegidos en cada momento. Estamos tan seguros de la calidad de nuestros modelos de zapatos de seguridad para hosteler\u00eda que ofrecemos una garant\u00eda de 6 meses para los zapatos de seguridad. Adem\u00e1s ofrecemos un servicio de entrega en 24 horas.<\/span><\/p>\n<p><span style=\"color: #ffffff\">Todos los productos de OZAPATO est\u00e1n confeccionados en nuestra f\u00e1brica de Pachuca (Hidalgo, M\u00e9xico). Nuestro modelo de negocio, conecta directamente la f\u00e1brica con el cliente final, evitando intermediarios; no trabajamos con distribuidores o revendedores. Esto permite ofrecer zapatos de seguridad para restaurantes a un precio m\u00e1s accesible.<\/span>[\/vc_column_text][\/vc_column][vc_column width=\u00bb1\/6&#8243;][\/vc_column][\/vc_row][vc_row][vc_column width=\u00bb1\/6&#8243;][\/vc_column][vc_column width=\u00bb2\/3&#8243; css=\u00bb.vc_custom_1456174626082{background-color: #dd3333 !important;}\u00bb][vc_column_text]<\/p>\n<h1 style=\"text-align: center\"><span style=\"color: #ffffff\">\u00bfPOR QU\u00c9 LO HACEMOS?<\/span><\/h1>\n<p><span style=\"color: #ffffff\">OZAPATO naci\u00f3 con la idea de servir a la comunidad local. La producci\u00f3n de nuestros zapatos de seguridad para restaurantes y en general el sector hostelero es un proceso transparente que sustenta el balance socio econ\u00f3mico de la comunidad a la que pertenece.<\/span><\/p>\n<p><span style=\"color: #ffffff\">El valor m\u00e1s importante de OZAPATO es la entrega directa hasta el cliente. Evitamos todos los intermediarios que no a\u00f1aden valor a nuestros consumidores. Cada etapa de la fabricaci\u00f3n de zapatos de seguridad para restaurantes debe beneficiar a la gente que fabrica el calzado.<\/span><\/p>\n<p><span style=\"color: #ffffff\">A nuestro equipo le apasiona desarrollar zapatos de seguridad para el sector hostelero en un ambiente social y econ\u00f3mico justo. Queremos que nuestros clientes conf\u00eden en que no s\u00f3lo compran zapatos bien hechos y de buena calidad, sino que tambi\u00e9n cada persona incluida en la cadena de suministro reciba un trato justo en el momento de realizar su trabajo.<\/span>[\/vc_column_text][\/vc_column][vc_column width=\u00bb1\/6&#8243;][\/vc_column][\/vc_row][vc_row][vc_column width=\u00bb1\/6&#8243;][\/vc_column][vc_column width=\u00bb2\/3&#8243;][vc_column_text]<\/p>\n<h4 style=\"text-align: center\">Le podr\u00e1 interesar estos otros modelos de botas de seguridad<\/h4>\n<p>[\/vc_column_text][\/vc_column][vc_column width=\u00bb1\/6&#8243;][\/vc_column][\/vc_row][vc_row][vc_column width=\u00bb1\/6&#8243;][\/vc_column][vc_column width=\u00bb2\/3&#8243;]<div class=\"woocommerce columns-4 \"><\/div>[\/vc_column][vc_column width=\u00bb1\/6&#8243;][\/vc_column][\/vc_row][vc_row][vc_column width=\u00bb1\/6&#8243;][\/vc_column][vc_column width=\u00bb2\/3&#8243;][vc_column_text]Nos puede visitar, ll\u00e1mar al\u00a0809 540 8888, escribir un whatsapp al\u00a0+1 (849) 314 8888 o simplemente enviar un correo a\u00a0<a href=\"mailto:info@rfglobalsecurity.com\" target=\"_blank\">info@rfglobalsecurity.com<\/a> para conocer nuestra oferta de botas para soldador para Rep\u00fablica Dominicana y recibir una cotizaci\u00f3n gratuita. Tenemos soluciones para todas las industrias.[\/vc_column_text][\/vc_column][vc_column width=\u00bb1\/6&#8243;][\/vc_column][\/vc_row][vc_row][vc_column][vc_gmaps link=\u00bb#E-8_JTNDaWZyYW1lJTIwc3JjJTNEJTIyaHR0cHMlM0ElMkYlMkZ3d3cuZ29vZ2xlLmNvbSUyRm1hcHMlMkZlbWJlZCUzRnBiJTNEJTIxMW0xOCUyMTFtMTIlMjExbTMlMjExZDM3ODMuMDU1NjE4Njg1MDc5NSUyMTJkLTY5LjgxNzk4MjM4NTEwNzExJTIxM2QxOC41MjYzODg1ODc0MDU1OSUyMTJtMyUyMTFmMCUyMTJmMCUyMTNmMCUyMTNtMiUyMTFpMTAyNCUyMTJpNzY4JTIxNGYxMy4xJTIxM20zJTIxMW0yJTIxMXMweDhlYWY4NjY0NjQ2ZTgyNjMlMjUzQTB4NmZlNjkyMWNiZjY1MWY0MyUyMTJzQXYlMkJMYSUyQlBpc3RhJTI1MkMlMkJTYW50byUyQkRvbWluZ28lMkJFc3RlJTI1MkMlMkJEb21pbmljYW4lMkJSZXB1YmxpYyUyMTVlMCUyMTNtMiUyMTFzZW4lMjEyc3BhJTIxNHYxNDg2NDk1MTYyMzgwJTIyJTIwd2lkdGglM0QlMjI2MDAlMjIlMjBoZWlnaHQlM0QlMjI0NTAlMjIlMjBmcmFtZWJvcmRlciUzRCUyMjAlMjIlMjBzdHlsZSUzRCUyMmJvcmRlciUzQTAlMjIlMjBhbGxvd2Z1bGxzY3JlZW4lM0UlM0MlMkZpZnJhbWUlM0U=\u00bb][\/vc_column][\/vc_row]<\/p>\n","protected":false},"excerpt":{"rendered":"<p>[vc_row full_width=\u00bbstretch_row\u00bb height=\u00bbfull\u00bb css=\u00bb.vc_custom_1485549825266{margin-top: -78px !important;background: #000000 url(https:\/\/ozapato.com\/pa\/wp-content\/uploads\/sites\/2\/2017\/01\/black-and-white-1284072_1280.jpg?id=4533) !important;background-position: center !important;background-repeat: no-repeat !important;background-size: cover !important;}\u00bb][vc_column width=\u00bb1\/6&#8243;][\/vc_column][vc_column width=\u00bb2\/3&#8243;][vc_column_text] ZAPATOS PARA RESTAURANTES CON SUELA ANTIDESLIZANTE [\/vc_column_text][\/vc_column][vc_column width=\u00bb1\/6&#8243;][\/vc_column][vc_column][\/vc_column][\/vc_row][vc_row type=\u00bbboxed\u00bb css=\u00bb.vc_custom_1485533715205{background-position: center !important;background-repeat: no-repeat !important;background-size: cover !important;}\u00bb][vc_column width=\u00bb1\/6&#8243;][\/vc_column][vc_column width=\u00bb2\/3&#8243;][\/vc_column][vc_column width=\u00bb1\/6&#8243;][\/vc_column][\/vc_row][vc_row][vc_column][vc_single_image image=\u00bb4517&#8243; img_size=\u00bblarge\u00bb alignment=\u00bbcenter\u00bb][\/vc_column][\/vc_row][vc_row][vc_column width=\u00bb1\/6&#8243;][\/vc_column][vc_column width=\u00bb2\/3&#8243;][vc_column_text] Descubra nuestros zapatos para restaurantes con suela antideslizante Descubra nuestros zapatos para restaurantes dise\u00f1ados [&hellip;]<\/p>\n","protected":false},"author":1,"featured_media":0,"parent":0,"menu_order":0,"comment_status":"closed","ping_status":"closed","template":"","meta":{"footnotes":""},"class_list":["post-4527","page","type-page","status-publish","hentry"],"_links":{"self":[{"href":"https:\/\/ozapato.com\/ni\/wp-json\/wp\/v2\/pages\/4527","targetHints":{"allow":["GET"]}}],"collection":[{"href":"https:\/\/ozapato.com\/ni\/wp-json\/wp\/v2\/pages"}],"about":[{"href":"https:\/\/ozapato.com\/ni\/wp-json\/wp\/v2\/types\/page"}],"author":[{"embeddable":true,"href":"https:\/\/ozapato.com\/ni\/wp-json\/wp\/v2\/users\/1"}],"replies":[{"embeddable":true,"href":"https:\/\/ozapato.com\/ni\/wp-json\/wp\/v2\/comments?post=4527"}],"version-history":[{"count":0,"href":"https:\/\/ozapato.com\/ni\/wp-json\/wp\/v2\/pages\/4527\/revisions"}],"wp:attachment":[{"href":"https:\/\/ozapato.com\/ni\/wp-json\/wp\/v2\/media?parent=4527"}],"curies":[{"name":"wp","href":"https:\/\/api.w.org\/{rel}","templated":true}]}}