{"id":608,"date":"2015-05-28T22:20:03","date_gmt":"2015-05-28T22:20:03","guid":{"rendered":"http:\/\/www.ozapato.com\/blog\/?page_id=409"},"modified":"2018-02-07T04:49:08","modified_gmt":"2018-02-06T23:49:08","slug":"botas-industriales-en-nicaragua","status":"publish","type":"page","link":"https:\/\/ozapato.com\/ni\/botas-industriales-en-nicaragua\/","title":{"rendered":"Botas industriales en Nicaragua"},"content":{"rendered":"<p>[vc_row][vc_column][vc_column_text]<\/p>\n<h2>\u00bfComo identificar unas buenas botas industriales en Nicaragua?<\/h2>\n<p>Con su clima humedo y calido, Nicaragua pone a prueba los materiales de las botas.<\/p>\n<p>Por lo general lo primero que llega a despegarse son las suelas de elastomero.\u00a0Hay 3 puntos que se deben de verificar antes de realizar su compra:<\/p>\n<h3><strong>1\/ Suela:<\/strong><\/h3>\n<p><strong>\u00a0<\/strong>Es la parte que conecta con la tierra, por lo que es de suma importancia que est\u00e9 hecha de un material resistente pero a la vez, c\u00f3modo. Existen varios tipos de suela, las hay de poliuretano, hule, cuero, EVA, bamb\u00fa, nylon, madera.. Dependiendo del uso que se le vaya a dar a la bota, o del clima en el que \u00e9sta se vaya a utilizar, es aconsejable escoger un tipo de suela u otra. Por ejemplo en construcci\u00f3n y climas h\u00famedos el poliuretano no sirve, ya que la humedad hace que las filtraciones en el material no se sequen y las suelas acaben pudri\u00e9ndose.<\/p>\n<p>Recomendamos mucho el uso de las suelas de hule. Las mejores marcas de botas de seguridad como Timberland ocupan este material. Por eso creemos que es su mejor opci\u00f3n para poder proteger su pie del suelo.<\/p>\n<p><img loading=\"lazy\" decoding=\"async\" class=\"aligncenter wp-image-698\" src=\"https:\/\/ozapato.com\/pa\/wp-content\/uploads\/sites\/2\/2015\/09\/DSC_4089-1024x683.jpg\" alt=\"suela de botas de seguridad\" width=\"600\" height=\"400\" \/><\/p>\n<h3><strong>2\/ Piel:<\/strong><\/h3>\n<p>El material principal de la botas de seguridad. Puede ser sint\u00e9tica (cuerina y derivados) o cuero. Los factores importantes a tener en cuenta en este caso, son la impermeabilidad, la durabilidad y la transpirabilidad. Por ejemplo una bota de cuerina en un clima h\u00famedo no funcionar\u00e1 tan bien como una de cuero, puesto que la cuerina al ser gran parte pl\u00e1stica, no permite que la\u00a0piel transpire.<\/p>\n<p>Recomendamos el uso de una piel natural de vacuno. A medio y largo plazo es su mejor inversi\u00f3n. Le dar\u00e1 m\u00e1s resistencia y m\u00e1s suavidad que cualquier otro tipo de sint\u00e9tico de \u201caction leather\u201d (no es leather \/ cuero). Adem\u00e1s, el cuero es un repelente natural al agua. Si est\u00e1 buscando un producto que le aguante cualquier tipo de clima, esta es su mejor opci\u00f3n.<\/p>\n<p><img loading=\"lazy\" decoding=\"async\" class=\"aligncenter wp-image-896\" src=\"https:\/\/ozapato.com\/pa\/wp-content\/uploads\/sites\/2\/2015\/07\/DSC_4278-2-300x200.jpg\" alt=\"cuero para botas de seguridad\" width=\"600\" height=\"400\" \/><\/p>\n<h3><strong>3\/ Construcci\u00f3n<\/strong><\/h3>\n<p>Existen distintos tipos de construcci\u00f3n a la hora de fabricar botas industriales para Nicaragua: Vulcanizado, <a href=\"https:\/\/ozapato.com\/pa\/product-category\/botas-industriales-panama\/\" target=\"_blank\" rel=\"noopener\">GoodYear Welt,<\/a> Supersole, lockstitch\u2026 Resumiendo, hay dos grandes grupos: Botas de seguridad pegadas y botas de seguridad cosidas.<\/p>\n<p>Cada construcci\u00f3n tiene sus ventajas y desventajas. Por ejemplo el vulcanizado (pegado) es muy ligero pero depende mucho de la marca y de la calidad del pegamento. Muchas botas de marcas chinas llegan a despegarse muy r\u00e1pidamente con el tiempo. \u00a0En el caso del <a href=\"https:\/\/ozapato.com\/pa\/product-category\/botas-industriales-panama\/\" target=\"_blank\" rel=\"noopener\">GoodYear Welt<\/a> (cosido), es un poco m\u00e1s pesado pero mucho m\u00e1s duradero y da la opci\u00f3n de reemplazar la suela una vez que \u00e9sta se haya acabado.<\/p>\n<p>Para resumir, lo m\u00e1s importante es conseguir una bota con el mejor costo beneficio y tener mucho cuidado con algunas ofertas de botas muy econ\u00f3micas que al final deben remplazarse frecuentemente.[\/vc_column_text][\/vc_column][\/vc_row][vc_row][vc_column]<div class=\"woocommerce columns-3 \"><\/div>[\/vc_column][\/vc_row]<\/p>\n","protected":false},"excerpt":{"rendered":"<p>[vc_row][vc_column][vc_column_text] \u00bfComo identificar unas buenas botas industriales en Nicaragua? Con su clima humedo y calido, Nicaragua pone a prueba los materiales de las botas. Por lo general lo primero que llega a despegarse son las suelas de elastomero.\u00a0Hay 3 puntos que se deben de verificar antes de realizar su compra: 1\/ Suela: \u00a0Es la parte [&hellip;]<\/p>\n","protected":false},"author":1,"featured_media":410,"parent":0,"menu_order":0,"comment_status":"closed","ping_status":"open","template":"","meta":{"footnotes":""},"class_list":["post-608","page","type-page","status-publish","has-post-thumbnail","hentry"],"_links":{"self":[{"href":"https:\/\/ozapato.com\/ni\/wp-json\/wp\/v2\/pages\/608","targetHints":{"allow":["GET"]}}],"collection":[{"href":"https:\/\/ozapato.com\/ni\/wp-json\/wp\/v2\/pages"}],"about":[{"href":"https:\/\/ozapato.com\/ni\/wp-json\/wp\/v2\/types\/page"}],"author":[{"embeddable":true,"href":"https:\/\/ozapato.com\/ni\/wp-json\/wp\/v2\/users\/1"}],"replies":[{"embeddable":true,"href":"https:\/\/ozapato.com\/ni\/wp-json\/wp\/v2\/comments?post=608"}],"version-history":[{"count":3,"href":"https:\/\/ozapato.com\/ni\/wp-json\/wp\/v2\/pages\/608\/revisions"}],"predecessor-version":[{"id":7777,"href":"https:\/\/ozapato.com\/ni\/wp-json\/wp\/v2\/pages\/608\/revisions\/7777"}],"wp:featuredmedia":[{"embeddable":true,"href":"https:\/\/ozapato.com\/ni\/wp-json\/"}],"wp:attachment":[{"href":"https:\/\/ozapato.com\/ni\/wp-json\/wp\/v2\/media?parent=608"}],"curies":[{"name":"wp","href":"https:\/\/api.w.org\/{rel}","templated":true}]}}