{"id":7892,"date":"2019-12-18T18:42:32","date_gmt":"2019-12-18T13:42:32","guid":{"rendered":"https:\/\/ozapato.com\/ni\/?post_type=product&#038;p=7892"},"modified":"2025-04-24T21:28:47","modified_gmt":"2025-04-24T16:28:47","slug":"rock-01","status":"publish","type":"product","link":"https:\/\/ozapato.com\/ni\/producto\/rock-01\/","title":{"rendered":"Rock 01"},"content":{"rendered":"<p>[vc_row][vc_column][vc_column_text]<\/p>\n<ul>\n<li>Calzado 100% libre de metal<\/li>\n<li>Nuevas punteras XL libre de metal. 25% m\u00e1s anchas que las punteras de acero. Certificada y resistente a m\u00e1s de 2 toneladas (Norma ASTM 2412-2413)<\/li>\n<li>Suela muy resistente a la abrasion.<\/li>\n<li>Suela resistente a la humedad y a los aceites \u2013 Oil resistant<\/li>\n<li>Plantilla\u00a0anti-perforaci\u00f3n Multi-Protective certificada ISO y ASTM<\/li>\n<li>Ultra-flex technology. Calzado super-flexible<\/li>\n<li>Suela antifatiga con absorci\u00f3n de impactos<\/li>\n<li>100% Cuero con tecnolog\u00eda waterproof, 100% resistente al agua<\/li>\n<li>Construcci\u00f3n:\u00a0calzado cosido en lockstitch<\/li>\n<li>Altura de 5 pulgadas<\/li>\n<li>Garant\u00eda de 4 meses<\/li>\n<li><a href=\"https:\/\/workdrive.zohopublic.com\/external\/6Ol2VXoNe81-JqO1d\/download\" target=\"_blank\" rel=\"noopener\">Ficha t\u00e9cnica<\/a><\/li>\n<\/ul>\n<p>[\/vc_column_text][\/vc_column][\/vc_row][vc_row][vc_column][vc_media_grid element_width=\u00bb6&#8243; grid_id=\u00bbvc_gid:1578941544848-0102f5ee-0dcf-9&#8243; include=\u00bb7941,7942&#8243;][\/vc_column][\/vc_row]<\/p>\n","protected":false},"excerpt":{"rendered":"<p>El Rock 01 fue dise\u00f1ado para Nicaragua para enfrentar terrenos dif\u00edciles en proyectos de construcci\u00f3n, talleres mec\u00e1nicos, empresas de log\u00edstica o de mantenimiento.\u00a0Con su tecnolog\u00eda de cosido en lockstitch y su plantilla antiperforaci\u00f3n de kevlar, el Rock tiene un tiempo de vida \u00fatil de m\u00e1s de 3000 horas de uso.<\/p>\n<p>&nbsp;<\/p>\n","protected":false},"featured_media":7894,"comment_status":"open","ping_status":"closed","template":"","meta":[],"product_brand":[],"product_cat":[12],"product_tag":[],"class_list":{"0":"post-7892","1":"product","2":"type-product","3":"status-publish","4":"has-post-thumbnail","6":"product_cat-industrial","8":"first","9":"instock","10":"shipping-taxable","11":"product-type-simple"},"_links":{"self":[{"href":"https:\/\/ozapato.com\/ni\/wp-json\/wp\/v2\/product\/7892","targetHints":{"allow":["GET"]}}],"collection":[{"href":"https:\/\/ozapato.com\/ni\/wp-json\/wp\/v2\/product"}],"about":[{"href":"https:\/\/ozapato.com\/ni\/wp-json\/wp\/v2\/types\/product"}],"replies":[{"embeddable":true,"href":"https:\/\/ozapato.com\/ni\/wp-json\/wp\/v2\/comments?post=7892"}],"wp:featuredmedia":[{"embeddable":true,"href":"https:\/\/ozapato.com\/ni\/wp-json\/wp\/v2\/media\/7894"}],"wp:attachment":[{"href":"https:\/\/ozapato.com\/ni\/wp-json\/wp\/v2\/media?parent=7892"}],"wp:term":[{"taxonomy":"product_brand","embeddable":true,"href":"https:\/\/ozapato.com\/ni\/wp-json\/wp\/v2\/product_brand?post=7892"},{"taxonomy":"product_cat","embeddable":true,"href":"https:\/\/ozapato.com\/ni\/wp-json\/wp\/v2\/product_cat?post=7892"},{"taxonomy":"product_tag","embeddable":true,"href":"https:\/\/ozapato.com\/ni\/wp-json\/wp\/v2\/product_tag?post=7892"}],"curies":[{"name":"wp","href":"https:\/\/api.w.org\/{rel}","templated":true}]}}