{"id":10835,"date":"2021-03-10T21:43:11","date_gmt":"2021-03-10T21:43:11","guid":{"rendered":"https:\/\/ozapato.com\/pa\/?page_id=10835"},"modified":"2021-05-31T19:52:35","modified_gmt":"2021-05-31T19:52:35","slug":"como-funciona-el-programa-de-reciclaje-de-botas-industriales-en-ozapato-panama","status":"publish","type":"page","link":"https:\/\/ozapato.com\/pa\/como-funciona-el-programa-de-reciclaje-de-botas-industriales-en-ozapato-panama\/","title":{"rendered":"\u00bfC\u00f3mo funciona el programa de reciclaje de botas industriales en OZAPATO Panam\u00e1?"},"content":{"rendered":"<p>[vc_row css=&#8221;.vc_custom_1622220563426{margin-top: 32px !important;}&#8221;][vc_column width=&#8221;1\/6&#8243;][\/vc_column][vc_column width=&#8221;2\/3&#8243;][vc_column_text]<\/p>\n<h3>\u00bfPorque es importante reciclar sus botas industriales OZAPATO?<\/h3>\n<p>OZAPATO Panam\u00e1 comercializa de 75 000 a 100 000 pares de botas industriales por a\u00f1o. Tan solo en suela, eso representa mas de<strong> 50 000 kg de PVC<\/strong> que si no actuamos juntos se acumulan en el Cerro Patac\u00f3n. Creemos que es absurdo.<\/p>\n<h3>\u00bfQue reciclamos?<\/h3>\n<ul>\n<li><strong>PVC<\/strong><\/li>\n<\/ul>\n<p>El PVC que ocupamos como componente principal de nuestra suela genera 1.9kg de CO2 por cada kg producido. Es mucho y poco en comparaci\u00f3n de otros productos. \u00bfPor ejemplo sabia que 1 kg de carne genera 36.4 kg de Co2?<\/p>\n<p>La suelas despu\u00e9s de ser separada del corte son molidas. Cada par que reciclamos juntos es un par menos que no terminara su vida en Cerro Patac\u00f3n.<\/p>\n<ul>\n<li><strong>PIEL<\/strong><\/li>\n<\/ul>\n<p>De acuerdo a este <a href=\"https:\/\/www.sciencedirect.com\/science\/article\/pii\/S1876610214028537\/pdf?md5=7e4dd670e74ce4ecb8ec308b833e093d&amp;pid=1-s2.0-S1876610214028537-main.pdf\" target=\"_blank\" rel=\"noopener\">estudio<\/a> 100m2 de piel emite 15 190 kg de CO2. Por par eso representa 33kg de CO2 por par. Reciclando la piel para otro uso (no para uso industrial, pero para muebles por ejemplo) podemos juntos quitar mas de 3 000 000 de kg de Co2 del atmosfero.<\/p>\n<h3>Nuestro programa de reciclaje permite de:<\/h3>\n<ul>\n<li>Generar empleos en una cooperativa de reciclaje<\/li>\n<li>Revalorizar materiales que si no hacemos nada, terminan por ser acumulados y degrad\u00e1ndose poco a poco por decenas.<\/li>\n<li>Reducir las emisiones de carbono que participan al calentamiento global. Si junto logramos reciclar 50 000 kg de suela \/ ano, son 50 000 * 1.9kg =<strong> 95 000 kg de CO2 que no se ir\u00e1n calentando Panam\u00e1 y nuestro planeta.<\/strong><\/li>\n<\/ul>\n<p>[\/vc_column_text][vc_empty_space][\/vc_column][vc_column width=&#8221;1\/6&#8243;][\/vc_column][\/vc_row][vc_row][vc_column][vc_media_grid grid_id=&#8221;vc_gid:1622477324914-f5d72eae-8738-8&#8243; include=&#8221;11108,11114,11118&#8243;][\/vc_column][\/vc_row][vc_row][vc_column width=&#8221;1\/6&#8243;][\/vc_column][vc_column width=&#8221;2\/3&#8243;][vc_column_text]<\/p>\n<h3>\u00bfDonde dejar mis OZAPATO usadas?<\/h3>\n<p>Ay\u00fadanos en mejorar el medio ambiente de Panam\u00e1. Recicla con nosotros sus botas OZAPATO (no se acepta otras marcas). Se pueden dejar de Lunes a S\u00e1bado <a href=\"https:\/\/goo.gl\/maps\/heJeGLHVWCWW8Rk77\" target=\"_blank\" rel=\"noopener\">aqu\u00ed<\/a> . Tambi\u00e9n si tiene suficiente volumen, podemos coordinar una recolecta.\u00a0 Favor de coordinar a este <a href=\"https:\/\/wa.link\/q19y0j\" target=\"_blank\" rel=\"noopener\">Whatsapp<\/a> 6446 1818 antes de dejar sus OZAPATO usadas.[\/vc_column_text][vc_column_text]<\/p>\n<p style=\"text-align: center;\"><em>\u267b\ufe0f EcoPlasticos Panam\u00e1 Av Nacional, Sector Curundu, Bodega 43. Antes de Centro Marino, Frente a Talleres Shaddai. \ud83d\udcde 6446 1818<\/em><\/p>\n<p>[\/vc_column_text][vc_gmaps link=&#8221;#E-8_JTNDaWZyYW1lJTIwc3JjJTNEJTIyaHR0cHMlM0ElMkYlMkZ3d3cuZ29vZ2xlLmNvbSUyRm1hcHMlMkZlbWJlZCUzRnBiJTNEJTIxMW0xOCUyMTFtMTIlMjExbTMlMjExZDM5NDEuMDM0NDMwMDk1MjU3JTIxMmQtNzkuNTQzMDI5ODg1MjEzODElMjEzZDguOTY4OTc0NTkzNTYyNTU3JTIxMm0zJTIxMWYwJTIxMmYwJTIxM2YwJTIxM20yJTIxMWkxMDI0JTIxMmk3NjglMjE0ZjEzLjElMjEzbTMlMjExbTIlMjExczB4MCUyNTNBMHgwJTIxMnpPTUt3TlRnbk1EZ3VNeUpPSURjNXdyQXpNaWN5Tnk0d0lsYyUyMTVlMCUyMTNtMiUyMTFzZW4lMjEyc214JTIxNHYxNjIyMjIxNTU0ODY4JTIxNW0yJTIxMXNlbiUyMTJzbXglMjIlMjB3aWR0aCUzRCUyMjYwMCUyMiUyMGhlaWdodCUzRCUyMjQ1MCUyMiUyMHN0eWxlJTNEJTIyYm9yZGVyJTNBMCUzQiUyMiUyMGFsbG93ZnVsbHNjcmVlbiUzRCUyMiUyMiUyMGxvYWRpbmclM0QlMjJsYXp5JTIyJTNFJTNDJTJGaWZyYW1lJTNF&#8221;][\/vc_column][vc_column width=&#8221;1\/6&#8243;][\/vc_column][\/vc_row][vc_row css=&#8221;.vc_custom_1622477342610{margin-top: 32px !important;}&#8221;][vc_column width=&#8221;1\/6&#8243;][\/vc_column][vc_column width=&#8221;2\/3&#8243;][vc_column_text]<\/p>\n<h3>\u00bfQue gana OZAPATO?<\/h3>\n<p>Nada, 0. El programa de reciclaje de OZAPATO Panam\u00e1 no tiene un fin lucrativo. Simplemente lo hacemos para cuidar a nuestro pa\u00eds y a nuestra planeta. Solos no vamos a poder mejorar el medio ambiente en Panam\u00e1, pero con su participaci\u00f3n podemos hacer mucho.[\/vc_column_text][\/vc_column][vc_column width=&#8221;1\/6&#8243;][\/vc_column][\/vc_row][vc_row css=&#8221;.vc_custom_1622235682084{margin-top: 64px !important;}&#8221;][vc_column][vc_media_grid grid_id=&#8221;vc_gid:1622477324920-731a8780-ba04-1&#8243; include=&#8221;11094,11099,11100,11102,11107,11109,11112,11114,11118&#8243;][\/vc_column][\/vc_row]<\/p>\n","protected":false},"excerpt":{"rendered":"<p>[vc_row css=&#8221;.vc_custom_1622220563426{margin-top: 32px !important;}&#8221;][vc_column width=&#8221;1\/6&#8243;][\/vc_column][vc_column width=&#8221;2\/3&#8243;][vc_column_text] \u00bfPorque es importante reciclar sus botas industriales OZAPATO? OZAPATO Panam\u00e1 comercializa de 75 000 a 100 000 pares de botas industriales por a\u00f1o. Tan solo en suela, eso representa mas de 50 000 kg de PVC que si no actuamos juntos se acumulan en el Cerro Patac\u00f3n. Creemos que [&hellip;]<\/p>\n","protected":false},"author":1,"featured_media":11051,"parent":0,"menu_order":0,"comment_status":"closed","ping_status":"closed","template":"","meta":{"jetpack_post_was_ever_published":false,"footnotes":""},"class_list":["post-10835","page","type-page","status-publish","has-post-thumbnail","hentry"],"jetpack_sharing_enabled":true,"jetpack_shortlink":"https:\/\/wp.me\/PbrPTF-2OL","_links":{"self":[{"href":"https:\/\/ozapato.com\/pa\/wp-json\/wp\/v2\/pages\/10835","targetHints":{"allow":["GET"]}}],"collection":[{"href":"https:\/\/ozapato.com\/pa\/wp-json\/wp\/v2\/pages"}],"about":[{"href":"https:\/\/ozapato.com\/pa\/wp-json\/wp\/v2\/types\/page"}],"author":[{"embeddable":true,"href":"https:\/\/ozapato.com\/pa\/wp-json\/wp\/v2\/users\/1"}],"replies":[{"embeddable":true,"href":"https:\/\/ozapato.com\/pa\/wp-json\/wp\/v2\/comments?post=10835"}],"version-history":[{"count":18,"href":"https:\/\/ozapato.com\/pa\/wp-json\/wp\/v2\/pages\/10835\/revisions"}],"predecessor-version":[{"id":11137,"href":"https:\/\/ozapato.com\/pa\/wp-json\/wp\/v2\/pages\/10835\/revisions\/11137"}],"wp:featuredmedia":[{"embeddable":true,"href":"https:\/\/ozapato.com\/pa\/wp-json\/wp\/v2\/media\/11051"}],"wp:attachment":[{"href":"https:\/\/ozapato.com\/pa\/wp-json\/wp\/v2\/media?parent=10835"}],"curies":[{"name":"wp","href":"https:\/\/api.w.org\/{rel}","templated":true}]}}